{"id":294505,"date":"2024-07-24T19:13:47","date_gmt":"2024-07-24T17:13:47","guid":{"rendered":"https:\/\/miomiorun.com\/prodotto\/ora-athletic-slide\/"},"modified":"2026-03-04T16:25:53","modified_gmt":"2026-03-04T15:25:53","slug":"ora-athletic-slide","status":"publish","type":"product","link":"https:\/\/www.miomiorun.com\/es\/producto\/ora-athletic-slide\/","title":{"rendered":"Ora Athletic Slide"},"content":{"rendered":"<div class=\"vc-row container\"><div class=\"vc-column\"><div class=\"vc-column-text\"><\/p>\n<p><strong>Especificaciones t\u00e9cnicas<\/strong><\/p>\n<p>Categor\u00eda: Amortiguaci\u00f3n reactiva.<br \/>\nOffset: 6 mm.<br \/>\nPeso: 195 g.<br \/>\nIdeal para: corredores que buscan un modelo para la recuperaci\u00f3n despu\u00e9s de la carrera, esta zapatilla amortiguada est\u00e1 dise\u00f1ada para el descanso y la comodidad del pie despu\u00e9s de una carrera o una actividad intensa.<\/p>\n<p><a href=\"https:\/\/miomiorun.com\/es\/guia-especifica\/\">Gu\u00eda de especificaciones t\u00e9cnicas<\/a><\/p>\n<p> <\/div><\/div><div class=\"vc-column\"><div class=\"vc-column-text\"><\/p>\n<h2 style=\"text-align: center\"><strong>El \u00e9xtasis despu\u00e9s de correr.<\/strong><\/h2>\n<p class=\"product-name\" data-qa=\"productName\"><strong>Ora Athletic Slide<\/strong> unisex de Hoka es la nueva sandalia relajante para despu\u00e9s de la carrera.<\/p>\n<p data-qa=\"productName\">Centrado en la comodidad y dise\u00f1ado para el descanso, este modelo derivado cuenta con una suela interior de ca\u00f1a de az\u00facar. Ora Athletic Slide, que se apoya en la misma suela moldeada por inyecci\u00f3n con forma de doble densidad que el ic\u00f3nico modelo original, ofrece una comodidad que envuelve el pie en una silueta orientada al futuro.<\/p>\n<h3 data-qa=\"productName\">ADECUADO PARA:<\/h3>\n<ul>\n<li>Recuperaci\u00f3n tras la carrera.<\/li>\n<\/ul>\n<h3>Caracter\u00edsticas:<\/h3>\n<ul>\n<li>Banda lisa con gr\u00e1fico HOKA<\/li>\n<li>Forma de doble densidad<\/li>\n<li>Entresuela de EVA de ca\u00f1a de az\u00facar (35 %) moldeada por inyecci\u00f3n<\/li>\n<li>MetaRocker\u2122 fluido<\/li>\n<li>Suela de EVA moldeada por inyecci\u00f3n<\/li>\n<\/ul>\n<p>&nbsp;<\/p>\n<h2 class=\"card-title mb-3\"><span title=\"\" data-toggle=\"tooltip\" data-placement=\"bottom\" data-title=\"Alcune scarpe hanno un supporto integrato superiore, pensato per gli iperpronatori; altre sono in minima parte ortopediche, progettate per garantire ammortizzazione senza ostacolarti.\" data-original-title=\"\"><span class=\"techspec-bar-title\">Estabilidad<\/span><\/span><\/h2>\n<p class=\"tech-spec-product-msg active\">Ora Athletic Slide presenta caracter\u00edsticas que hacen que el calzado sea intr\u00ednsecamente estable, como la base ancha y Active Foot Frame, para una estabilidad moderada que, sin embargo, funciona para los pasos neutros.<\/p>\n<p>&nbsp;<\/p>\n<h2 class=\"card-title mb-3\"><span title=\"\" data-toggle=\"tooltip\" data-placement=\"bottom\" data-title=\"Tutte le nostre calzature presentano un\u2019intersuola ammortizzata, progettata per ridurre l\u2019impatto e garantire supporto. La quantit\u00e0 di ammortizzazione e quanto sia compatta o morbida varia da modello a modello.\" data-original-title=\"\"><span class=\"techspec-bar-title\">Amortiguaci\u00f3n<\/span><\/span><\/h2>\n<p class=\"tech-spec-product-msg active\">Ahora, Athletic Slide presenta una capa superior m\u00e1s alta de amortiguaci\u00f3n suave, dise\u00f1ada para un impacto y una experiencia de uso m\u00e1s delicados.<\/p>\n<p><\/div><\/div><\/div>\n","protected":false},"excerpt":{"rendered":"<ul>\n<li>Zapatillas ideales para usar despu\u00e9s de correr<\/li>\n<li>Regeneradoras y relajantes, ideales para descansar los pies despu\u00e9s de una actividad f\u00edsica intensa<\/li>\n<\/ul>\n","protected":false},"featured_media":248001,"template":"","meta":{"_acf_changed":false,"inline_featured_image":false},"product_brand":[],"product_cat":[24227,24454,24228,24453,24402],"product_tag":[23479,23605,23645],"class_list":{"0":"post-294505","1":"product","2":"type-product","3":"status-publish","4":"has-post-thumbnail","6":"product_cat-calzado-femenino","7":"product_cat-calzado-para-hombre","8":"product_cat-neutre-es","9":"product_cat-neutre-es-3","10":"product_cat-mujer","11":"product_tag-hoka-one-one-es","12":"product_tag-hoka-hombre","13":"product_tag-hoka-mujer","14":"pa_attivita-lifestyle-es","15":"pa_colore-ora-athletic-slide-black-white-es","16":"pa_marca-hoka-es","17":"pa_sesso-hombre","18":"pa_sesso-mujer","19":"pa_size-38-es","20":"pa_size-40-es","22":"first","23":"instock","24":"sale","25":"taxable","26":"shipping-taxable","27":"purchasable","28":"product-type-variable","29":"wvs-archive-product-wrapper"},"acf":[],"yoast_head":"<!-- This site is optimized with the Yoast SEO plugin v26.8 - https:\/\/yoast.com\/product\/yoast-seo-wordpress\/ -->\n<title>HokaOra Athletic Slide - correr con zapatillas ciabatta - MioMioRun .com<\/title>\n<meta name=\"description\" content=\"\u00a1Las zapatillas unisex Athletic Slide de Hoka son las nuevas zapatillas para relajarse despu\u00e9s de la carrera! Centradas en la comodidad y dise\u00f1adas para el descanso.\" \/>\n<meta name=\"robots\" content=\"index, follow, max-snippet:-1, max-image-preview:large, max-video-preview:-1\" \/>\n<link rel=\"canonical\" href=\"https:\/\/www.miomiorun.com\/es\/producto\/ora-athletic-slide\/\" \/>\n<meta property=\"og:locale\" content=\"es_ES\" \/>\n<meta property=\"og:type\" content=\"article\" \/>\n<meta property=\"og:title\" content=\"HokaOra Athletic Slide - correr con zapatillas ciabatta - MioMioRun .com\" \/>\n<meta property=\"og:description\" content=\"\u00a1Las zapatillas unisex Athletic Slide de Hoka son las nuevas zapatillas para relajarse despu\u00e9s de la carrera! Centradas en la comodidad y dise\u00f1adas para el descanso.\" \/>\n<meta property=\"og:url\" content=\"https:\/\/www.miomiorun.com\/es\/producto\/ora-athletic-slide\/\" \/>\n<meta property=\"og:site_name\" content=\"MioMioRun\" \/>\n<meta property=\"article:publisher\" content=\"https:\/\/www.facebook.com\/miomiorun\/\" \/>\n<meta property=\"article:modified_time\" content=\"2026-03-04T15:25:53+00:00\" \/>\n<meta property=\"og:image\" content=\"https:\/\/www.miomiorun.com\/app\/uploads\/2024\/08\/Hoka-Ora-Athletic-Slide-black-white-1155154-BWHT.webp\" \/>\n\t<meta property=\"og:image:width\" content=\"600\" \/>\n\t<meta property=\"og:image:height\" content=\"600\" \/>\n\t<meta property=\"og:image:type\" content=\"image\/webp\" \/>\n<meta name=\"twitter:card\" content=\"summary_large_image\" \/>\n<meta name=\"twitter:label1\" content=\"Est. reading time\" \/>\n\t<meta name=\"twitter:data1\" content=\"1 minute\" \/>\n<script type=\"application\/ld+json\" class=\"yoast-schema-graph\">{\"@context\":\"https:\/\/schema.org\",\"@graph\":[{\"@type\":\"WebPage\",\"@id\":\"https:\/\/www.miomiorun.com\/es\/producto\/ora-athletic-slide\/\",\"url\":\"https:\/\/www.miomiorun.com\/es\/producto\/ora-athletic-slide\/\",\"name\":\"HokaOra Athletic Slide - correr con zapatillas ciabatta - MioMioRun .com\",\"isPartOf\":{\"@id\":\"https:\/\/www.miomiorun.com\/es\/#website\"},\"primaryImageOfPage\":{\"@id\":\"https:\/\/www.miomiorun.com\/es\/producto\/ora-athletic-slide\/#primaryimage\"},\"image\":{\"@id\":\"https:\/\/www.miomiorun.com\/es\/producto\/ora-athletic-slide\/#primaryimage\"},\"thumbnailUrl\":\"https:\/\/www.miomiorun.com\/app\/uploads\/2024\/08\/Hoka-Ora-Athletic-Slide-black-white-1155154-BWHT.webp\",\"datePublished\":\"2024-07-24T17:13:47+00:00\",\"dateModified\":\"2026-03-04T15:25:53+00:00\",\"description\":\"\u00a1Las zapatillas unisex Athletic Slide de Hoka son las nuevas zapatillas para relajarse despu\u00e9s de la carrera! Centradas en la comodidad y dise\u00f1adas para el descanso.\",\"breadcrumb\":{\"@id\":\"https:\/\/www.miomiorun.com\/es\/producto\/ora-athletic-slide\/#breadcrumb\"},\"inLanguage\":\"es-ES\",\"potentialAction\":[{\"@type\":\"ReadAction\",\"target\":[\"https:\/\/www.miomiorun.com\/es\/producto\/ora-athletic-slide\/\"]}]},{\"@type\":\"ImageObject\",\"inLanguage\":\"es-ES\",\"@id\":\"https:\/\/www.miomiorun.com\/es\/producto\/ora-athletic-slide\/#primaryimage\",\"url\":\"https:\/\/www.miomiorun.com\/app\/uploads\/2024\/08\/Hoka-Ora-Athletic-Slide-black-white-1155154-BWHT.webp\",\"contentUrl\":\"https:\/\/www.miomiorun.com\/app\/uploads\/2024\/08\/Hoka-Ora-Athletic-Slide-black-white-1155154-BWHT.webp\",\"width\":600,\"height\":600,\"caption\":\"Hoka Ora Athletic Slide black white 1155154 BWHT\"},{\"@type\":\"BreadcrumbList\",\"@id\":\"https:\/\/www.miomiorun.com\/es\/producto\/ora-athletic-slide\/#breadcrumb\",\"itemListElement\":[{\"@type\":\"ListItem\",\"position\":1,\"name\":\"Home\",\"item\":\"https:\/\/www.miomiorun.com\/es\/\"},{\"@type\":\"ListItem\",\"position\":2,\"name\":\"Shop\",\"item\":\"https:\/\/www.miomiorun.com\/shop\/\"},{\"@type\":\"ListItem\",\"position\":3,\"name\":\"Ora Athletic Slide\"}]},{\"@type\":\"WebSite\",\"@id\":\"https:\/\/www.miomiorun.com\/es\/#website\",\"url\":\"https:\/\/www.miomiorun.com\/es\/\",\"name\":\"MioMioRun\",\"description\":\"Tienda 100% running y trail\",\"publisher\":{\"@id\":\"https:\/\/www.miomiorun.com\/es\/#organization\"},\"potentialAction\":[{\"@type\":\"SearchAction\",\"target\":{\"@type\":\"EntryPoint\",\"urlTemplate\":\"https:\/\/www.miomiorun.com\/es\/?s={search_term_string}\"},\"query-input\":{\"@type\":\"PropertyValueSpecification\",\"valueRequired\":true,\"valueName\":\"search_term_string\"}}],\"inLanguage\":\"es-ES\"},{\"@type\":\"Organization\",\"@id\":\"https:\/\/www.miomiorun.com\/es\/#organization\",\"name\":\"MioMio Run\",\"url\":\"https:\/\/www.miomiorun.com\/es\/\",\"logo\":{\"@type\":\"ImageObject\",\"inLanguage\":\"es-ES\",\"@id\":\"https:\/\/www.miomiorun.com\/es\/#\/schema\/logo\/image\/\",\"url\":\"https:\/\/www.miomiorun.com\/app\/uploads\/2019\/12\/logomio.png\",\"contentUrl\":\"https:\/\/www.miomiorun.com\/app\/uploads\/2019\/12\/logomio.png\",\"width\":115,\"height\":82,\"caption\":\"MioMio Run\"},\"image\":{\"@id\":\"https:\/\/www.miomiorun.com\/es\/#\/schema\/logo\/image\/\"},\"sameAs\":[\"https:\/\/www.facebook.com\/miomiorun\/\",\"https:\/\/www.instagram.com\/miomiorun\/\"]}]}<\/script>\n<!-- \/ Yoast SEO plugin. -->","yoast_head_json":{"title":"HokaOra Athletic Slide - correr con zapatillas ciabatta - MioMioRun .com","description":"\u00a1Las zapatillas unisex Athletic Slide de Hoka son las nuevas zapatillas para relajarse despu\u00e9s de la carrera! Centradas en la comodidad y dise\u00f1adas para el descanso.","robots":{"index":"index","follow":"follow","max-snippet":"max-snippet:-1","max-image-preview":"max-image-preview:large","max-video-preview":"max-video-preview:-1"},"canonical":"https:\/\/www.miomiorun.com\/es\/producto\/ora-athletic-slide\/","og_locale":"es_ES","og_type":"article","og_title":"HokaOra Athletic Slide - correr con zapatillas ciabatta - MioMioRun .com","og_description":"\u00a1Las zapatillas unisex Athletic Slide de Hoka son las nuevas zapatillas para relajarse despu\u00e9s de la carrera! Centradas en la comodidad y dise\u00f1adas para el descanso.","og_url":"https:\/\/www.miomiorun.com\/es\/producto\/ora-athletic-slide\/","og_site_name":"MioMioRun","article_publisher":"https:\/\/www.facebook.com\/miomiorun\/","article_modified_time":"2026-03-04T15:25:53+00:00","og_image":[{"width":600,"height":600,"url":"https:\/\/www.miomiorun.com\/app\/uploads\/2024\/08\/Hoka-Ora-Athletic-Slide-black-white-1155154-BWHT.webp","type":"image\/webp"}],"twitter_card":"summary_large_image","twitter_misc":{"Est. reading time":"1 minute"},"schema":{"@context":"https:\/\/schema.org","@graph":[{"@type":"WebPage","@id":"https:\/\/www.miomiorun.com\/es\/producto\/ora-athletic-slide\/","url":"https:\/\/www.miomiorun.com\/es\/producto\/ora-athletic-slide\/","name":"HokaOra Athletic Slide - correr con zapatillas ciabatta - MioMioRun .com","isPartOf":{"@id":"https:\/\/www.miomiorun.com\/es\/#website"},"primaryImageOfPage":{"@id":"https:\/\/www.miomiorun.com\/es\/producto\/ora-athletic-slide\/#primaryimage"},"image":{"@id":"https:\/\/www.miomiorun.com\/es\/producto\/ora-athletic-slide\/#primaryimage"},"thumbnailUrl":"https:\/\/www.miomiorun.com\/app\/uploads\/2024\/08\/Hoka-Ora-Athletic-Slide-black-white-1155154-BWHT.webp","datePublished":"2024-07-24T17:13:47+00:00","dateModified":"2026-03-04T15:25:53+00:00","description":"\u00a1Las zapatillas unisex Athletic Slide de Hoka son las nuevas zapatillas para relajarse despu\u00e9s de la carrera! Centradas en la comodidad y dise\u00f1adas para el descanso.","breadcrumb":{"@id":"https:\/\/www.miomiorun.com\/es\/producto\/ora-athletic-slide\/#breadcrumb"},"inLanguage":"es-ES","potentialAction":[{"@type":"ReadAction","target":["https:\/\/www.miomiorun.com\/es\/producto\/ora-athletic-slide\/"]}]},{"@type":"ImageObject","inLanguage":"es-ES","@id":"https:\/\/www.miomiorun.com\/es\/producto\/ora-athletic-slide\/#primaryimage","url":"https:\/\/www.miomiorun.com\/app\/uploads\/2024\/08\/Hoka-Ora-Athletic-Slide-black-white-1155154-BWHT.webp","contentUrl":"https:\/\/www.miomiorun.com\/app\/uploads\/2024\/08\/Hoka-Ora-Athletic-Slide-black-white-1155154-BWHT.webp","width":600,"height":600,"caption":"Hoka Ora Athletic Slide black white 1155154 BWHT"},{"@type":"BreadcrumbList","@id":"https:\/\/www.miomiorun.com\/es\/producto\/ora-athletic-slide\/#breadcrumb","itemListElement":[{"@type":"ListItem","position":1,"name":"Home","item":"https:\/\/www.miomiorun.com\/es\/"},{"@type":"ListItem","position":2,"name":"Shop","item":"https:\/\/www.miomiorun.com\/shop\/"},{"@type":"ListItem","position":3,"name":"Ora Athletic Slide"}]},{"@type":"WebSite","@id":"https:\/\/www.miomiorun.com\/es\/#website","url":"https:\/\/www.miomiorun.com\/es\/","name":"MioMioRun","description":"Tienda 100% running y trail","publisher":{"@id":"https:\/\/www.miomiorun.com\/es\/#organization"},"potentialAction":[{"@type":"SearchAction","target":{"@type":"EntryPoint","urlTemplate":"https:\/\/www.miomiorun.com\/es\/?s={search_term_string}"},"query-input":{"@type":"PropertyValueSpecification","valueRequired":true,"valueName":"search_term_string"}}],"inLanguage":"es-ES"},{"@type":"Organization","@id":"https:\/\/www.miomiorun.com\/es\/#organization","name":"MioMio Run","url":"https:\/\/www.miomiorun.com\/es\/","logo":{"@type":"ImageObject","inLanguage":"es-ES","@id":"https:\/\/www.miomiorun.com\/es\/#\/schema\/logo\/image\/","url":"https:\/\/www.miomiorun.com\/app\/uploads\/2019\/12\/logomio.png","contentUrl":"https:\/\/www.miomiorun.com\/app\/uploads\/2019\/12\/logomio.png","width":115,"height":82,"caption":"MioMio Run"},"image":{"@id":"https:\/\/www.miomiorun.com\/es\/#\/schema\/logo\/image\/"},"sameAs":["https:\/\/www.facebook.com\/miomiorun\/","https:\/\/www.instagram.com\/miomiorun\/"]}]}},"_links":{"self":[{"href":"https:\/\/www.miomiorun.com\/es\/wp-json\/wp\/v2\/product\/294505","targetHints":{"allow":["GET"]}}],"collection":[{"href":"https:\/\/www.miomiorun.com\/es\/wp-json\/wp\/v2\/product"}],"about":[{"href":"https:\/\/www.miomiorun.com\/es\/wp-json\/wp\/v2\/types\/product"}],"wp:featuredmedia":[{"embeddable":true,"href":"https:\/\/www.miomiorun.com\/es\/wp-json\/wp\/v2\/media\/248001"}],"wp:attachment":[{"href":"https:\/\/www.miomiorun.com\/es\/wp-json\/wp\/v2\/media?parent=294505"}],"wp:term":[{"taxonomy":"product_brand","embeddable":true,"href":"https:\/\/www.miomiorun.com\/es\/wp-json\/wp\/v2\/product_brand?post=294505"},{"taxonomy":"product_cat","embeddable":true,"href":"https:\/\/www.miomiorun.com\/es\/wp-json\/wp\/v2\/product_cat?post=294505"},{"taxonomy":"product_tag","embeddable":true,"href":"https:\/\/www.miomiorun.com\/es\/wp-json\/wp\/v2\/product_tag?post=294505"}],"curies":[{"name":"wp","href":"https:\/\/api.w.org\/{rel}","templated":true}]}}