{"id":294383,"date":"2024-07-26T16:08:17","date_gmt":"2024-07-26T14:08:17","guid":{"rendered":"https:\/\/miomiorun.com\/prodotto\/infinite-pro-uomo\/"},"modified":"2026-02-27T12:24:10","modified_gmt":"2026-02-27T11:24:10","slug":"infinite-pro-hombre","status":"publish","type":"product","link":"https:\/\/www.miomiorun.com\/es\/producto\/infinite-pro-hombre\/","title":{"rendered":"Infinite Pro hombre"},"content":{"rendered":"<div class=\"vc-row container\"><div class=\"vc-column\"><div class=\"vc-column-text\"><\/p>\n<h4>Especificaciones t\u00e9cnicas<\/h4>\n<p>Categor\u00eda: Amortiguaci\u00f3n estructurada.<br \/>\nOffset: 8 mm.<br \/>\nPeso: 326 g.<br \/>\nIdeal para: corredores con pisada neutra que buscan un modelo capaz de proporcionar una buena amortiguaci\u00f3n y una excelente versatilidad para correr y caminar en distancias largas o medias.<br \/>\nPeso del atleta: 70 kg.<br \/>\nRitmo de carrera: medio (5 min\/km).<br \/>\n<a href=\"https:\/\/miomiorun.com\/es\/guia-especifica\/\">Gu\u00eda de especificaciones t\u00e9cnicas<\/a><\/p>\n<p><\/div><\/div><div class=\"vc-column\"><div class=\"vc-column-text\"><\/p>\n<h2 style=\"text-align: center\"><strong>\u00bfEst\u00e1s entrenando para mejorar tu resistencia?<\/strong><\/h2>\n<p>Las zapatillas <strong>UA Infinite Pro<\/strong> para hombre ofrecen el apoyo adecuado y la nueva amortiguaci\u00f3n reactiva <strong>UA HOVR+<\/strong> para reducir la fatiga de las piernas. As\u00ed, cuando el entrenador diga \u00abSeguid corriendo\u00bb, ser\u00e1s t\u00fa quien marque el ritmo.<\/p>\n<h3>Caracter\u00edsticas:<\/h3>\n<div id=\"acc-1\" class=\"g-accordion-content collapse show\">\n<ul class=\"t-tabs_data\">\n<li class=\"t-tabs_list\">Parte superior de tejido t\u00e9cnico Warp transpirable y estructura por zonas para una sujeci\u00f3n \u00f3ptima con detalles estampados en 3D<\/li>\n<li class=\"t-tabs_list\">Forro del cuello y leng\u00fceta suaves para un mejor ajuste y comodidad<\/li>\n<li class=\"t-tabs_list\">El dise\u00f1o del tal\u00f3n permite aterrizajes suaves, reduce el impacto con el suelo y aumenta la estabilidad general<\/li>\n<li class=\"t-tabs_list\">Plantilla moldeada en 3D que envuelve el pie para un ajuste m\u00e1s c\u00f3modo<\/li>\n<li class=\"t-tabs_list\">La amortiguaci\u00f3n ultrarreactiva UA HOVR\u2122+ reduce el impacto y devuelve la energ\u00eda en cada paso para impulsarte a\u00fan m\u00e1s lejos<\/li>\n<li class=\"t-tabs_list\">Suela de goma dise\u00f1ada para ofrecer resistencia, ligereza y retorno de energ\u00eda donde m\u00e1s se necesita<\/li>\n<\/ul>\n<h2 style=\"text-align: center\">CARRERAS SIN FIN .<\/h2>\n<h2 style=\"text-align: center\">RESISTENCIA INMEJORABLE.<\/h2>\n<p style=\"text-align: center\">Entrena al m\u00e1ximo con el equilibrio perfecto entre la sujeci\u00f3n y la amortiguaci\u00f3n suave y el\u00e1stica de UA HOVR+.<\/p>\n<p>&nbsp;<\/p>\n<div class=\"module__list-item-text cm-richtext\">\n<div>\n<h3 style=\"text-align: center\">IMPULSO SIN FIN<\/h3>\n<\/div>\n<\/div>\n<div class=\"module__list-item-subtitle cm-richtext\">\n<div>\n<p style=\"text-align: center\">La amortiguaci\u00f3n ultrael\u00e1stica y suave de UA HOVR+ te proporciona un impulso propulsor de principio a fin. Uno de nuestros dise\u00f1adores ha declarado que es \u00abcomo correr sobre trampolines\u00bb.<\/p>\n<div class=\"module__list-item-text cm-richtext\">\n<div>\n<h3 style=\"text-align: center\">M\u00c1XIMA ESTABILIDAD<\/h3>\n<\/div>\n<\/div>\n<div class=\"module__list-item-subtitle cm-richtext\">\n<div>\n<p style=\"text-align: center\">La parte superior Adaptive UA IntelliKnit se adapta a tu pisada, sujetando perfectamente el pie independientemente de la distancia que quieras recorrer.<\/p>\n<div class=\"module__list-item-text cm-richtext\">\n<div>\n<h3 style=\"text-align: center\">ATERRIZAJES SUAVES<\/h3>\n<\/div>\n<\/div>\n<div class=\"module__list-item-subtitle cm-richtext\">\n<div>\n<p style=\"text-align: center\">El dise\u00f1o inclinado del tal\u00f3n y la suela de goma ligera y resistente absorben los impactos para ofrecerte una sensaci\u00f3n de fluidez y estabilidad.<\/p>\n<\/div>\n<\/div>\n<\/div>\n<\/div>\n<\/div>\n<\/div>\n<\/div>\n<p>&nbsp;<\/p>\n<p>&nbsp;<\/p>\n<div class=\"module__primary-text module__text-headline3 cm-richtext\">\n<div>\n<h2>\u00bfQU\u00c9 ES UA HOVR+?<\/h2>\n<\/div>\n<\/div>\n<div class=\"module__columns\">\n<div class=\"module__secondary-text cm-richtext\">\n<div>\n<p>La esencia de la amortiguaci\u00f3n UA HOVR\u2122 es su retorno de energ\u00eda, la sensaci\u00f3n el\u00e1stica que te impulsa incluso en las carreras m\u00e1s largas. Con peque\u00f1as esferas de espuma fusionadas entre s\u00ed, hemos aumentado la elasticidad y dado origen a UA HOVR\u2122+.<\/p>\n<p>\u00bfLa mejor manera de describir la experiencia? Es como correr sobre minitrampolines.<\/p>\n<\/div>\n<\/div>\n<\/div>\n<p><\/div><\/div><\/div>\n","protected":false},"excerpt":{"rendered":"<ul>\n<li>Amortiguaci\u00f3n UA HOVR+, suave y el\u00e1stica<\/li>\n<li>Ideal para mejorar la resistencia<\/li>\n<li>Parte superior mejorada<\/li>\n<\/ul>\n","protected":false},"featured_media":248219,"template":"","meta":{"_acf_changed":false,"inline_featured_image":false},"product_brand":[],"product_cat":[24454,24453],"product_tag":[23529,23573],"class_list":{"0":"post-294383","1":"product","2":"type-product","3":"status-publish","4":"has-post-thumbnail","6":"product_cat-calzado-para-hombre","7":"product_cat-neutre-es-3","8":"product_tag-under-armour-es","9":"product_tag-under-armour-hombre","10":"pa_attivita-caminar","11":"pa_attivita-fitness-es","12":"pa_attivita-running-es","13":"pa_colore-infinite-pro-black-es","14":"pa_marca-under-armour-es","15":"pa_sesso-hombre","16":"pa_size-41-es","17":"pa_size-46-es","19":"first","20":"instock","21":"sale","22":"taxable","23":"shipping-taxable","24":"purchasable","25":"product-type-variable","26":"wvs-archive-product-wrapper"},"acf":[],"yoast_head":"<!-- This site is optimized with the Yoast SEO plugin v26.8 - https:\/\/yoast.com\/product\/yoast-seo-wordpress\/ -->\n<title>Under ArmourInfinite Pro hombre - zapatillas de correr - MioMioRun.com<\/title>\n<meta name=\"description\" content=\"Las UA Infinite Pro para hombre ofrecen el soporte adecuado y la nueva amortiguaci\u00f3n reactiva UA HOVR+ para reducir la fatiga de las piernas.\" \/>\n<meta name=\"robots\" content=\"index, follow, max-snippet:-1, max-image-preview:large, max-video-preview:-1\" \/>\n<link rel=\"canonical\" href=\"https:\/\/www.miomiorun.com\/es\/producto\/infinite-pro-hombre\/\" \/>\n<meta property=\"og:locale\" content=\"es_ES\" \/>\n<meta property=\"og:type\" content=\"article\" \/>\n<meta property=\"og:title\" content=\"Under ArmourInfinite Pro hombre - zapatillas de correr - MioMioRun.com\" \/>\n<meta property=\"og:description\" content=\"Las UA Infinite Pro para hombre ofrecen el soporte adecuado y la nueva amortiguaci\u00f3n reactiva UA HOVR+ para reducir la fatiga de las piernas.\" \/>\n<meta property=\"og:url\" content=\"https:\/\/www.miomiorun.com\/es\/producto\/infinite-pro-hombre\/\" \/>\n<meta property=\"og:site_name\" content=\"MioMioRun\" \/>\n<meta property=\"article:publisher\" content=\"https:\/\/www.facebook.com\/miomiorun\/\" \/>\n<meta property=\"article:modified_time\" content=\"2026-02-27T11:24:10+00:00\" \/>\n<meta property=\"og:image\" content=\"https:\/\/www.miomiorun.com\/app\/uploads\/2024\/08\/Under-Armour-Infinite-Pro-black-3027190-0001.webp\" \/>\n\t<meta property=\"og:image:width\" content=\"600\" \/>\n\t<meta property=\"og:image:height\" content=\"600\" \/>\n\t<meta property=\"og:image:type\" content=\"image\/webp\" \/>\n<meta name=\"twitter:card\" content=\"summary_large_image\" \/>\n<meta name=\"twitter:label1\" content=\"Est. reading time\" \/>\n\t<meta name=\"twitter:data1\" content=\"2 minutes\" \/>\n<script type=\"application\/ld+json\" class=\"yoast-schema-graph\">{\"@context\":\"https:\/\/schema.org\",\"@graph\":[{\"@type\":\"WebPage\",\"@id\":\"https:\/\/www.miomiorun.com\/es\/producto\/infinite-pro-hombre\/\",\"url\":\"https:\/\/www.miomiorun.com\/es\/producto\/infinite-pro-hombre\/\",\"name\":\"Under ArmourInfinite Pro hombre - zapatillas de correr - MioMioRun.com\",\"isPartOf\":{\"@id\":\"https:\/\/www.miomiorun.com\/es\/#website\"},\"primaryImageOfPage\":{\"@id\":\"https:\/\/www.miomiorun.com\/es\/producto\/infinite-pro-hombre\/#primaryimage\"},\"image\":{\"@id\":\"https:\/\/www.miomiorun.com\/es\/producto\/infinite-pro-hombre\/#primaryimage\"},\"thumbnailUrl\":\"https:\/\/www.miomiorun.com\/app\/uploads\/2024\/08\/Under-Armour-Infinite-Pro-black-3027190-0001.webp\",\"datePublished\":\"2024-07-26T14:08:17+00:00\",\"dateModified\":\"2026-02-27T11:24:10+00:00\",\"description\":\"Las UA Infinite Pro para hombre ofrecen el soporte adecuado y la nueva amortiguaci\u00f3n reactiva UA HOVR+ para reducir la fatiga de las piernas.\",\"breadcrumb\":{\"@id\":\"https:\/\/www.miomiorun.com\/es\/producto\/infinite-pro-hombre\/#breadcrumb\"},\"inLanguage\":\"es-ES\",\"potentialAction\":[{\"@type\":\"ReadAction\",\"target\":[\"https:\/\/www.miomiorun.com\/es\/producto\/infinite-pro-hombre\/\"]}]},{\"@type\":\"ImageObject\",\"inLanguage\":\"es-ES\",\"@id\":\"https:\/\/www.miomiorun.com\/es\/producto\/infinite-pro-hombre\/#primaryimage\",\"url\":\"https:\/\/www.miomiorun.com\/app\/uploads\/2024\/08\/Under-Armour-Infinite-Pro-black-3027190-0001.webp\",\"contentUrl\":\"https:\/\/www.miomiorun.com\/app\/uploads\/2024\/08\/Under-Armour-Infinite-Pro-black-3027190-0001.webp\",\"width\":600,\"height\":600,\"caption\":\"Under Armour Infinite Pro black 3027190 0001\"},{\"@type\":\"BreadcrumbList\",\"@id\":\"https:\/\/www.miomiorun.com\/es\/producto\/infinite-pro-hombre\/#breadcrumb\",\"itemListElement\":[{\"@type\":\"ListItem\",\"position\":1,\"name\":\"Home\",\"item\":\"https:\/\/www.miomiorun.com\/es\/\"},{\"@type\":\"ListItem\",\"position\":2,\"name\":\"Shop\",\"item\":\"https:\/\/www.miomiorun.com\/shop\/\"},{\"@type\":\"ListItem\",\"position\":3,\"name\":\"Infinite Pro hombre\"}]},{\"@type\":\"WebSite\",\"@id\":\"https:\/\/www.miomiorun.com\/es\/#website\",\"url\":\"https:\/\/www.miomiorun.com\/es\/\",\"name\":\"MioMioRun\",\"description\":\"Tienda 100% running y trail\",\"publisher\":{\"@id\":\"https:\/\/www.miomiorun.com\/es\/#organization\"},\"potentialAction\":[{\"@type\":\"SearchAction\",\"target\":{\"@type\":\"EntryPoint\",\"urlTemplate\":\"https:\/\/www.miomiorun.com\/es\/?s={search_term_string}\"},\"query-input\":{\"@type\":\"PropertyValueSpecification\",\"valueRequired\":true,\"valueName\":\"search_term_string\"}}],\"inLanguage\":\"es-ES\"},{\"@type\":\"Organization\",\"@id\":\"https:\/\/www.miomiorun.com\/es\/#organization\",\"name\":\"MioMio Run\",\"url\":\"https:\/\/www.miomiorun.com\/es\/\",\"logo\":{\"@type\":\"ImageObject\",\"inLanguage\":\"es-ES\",\"@id\":\"https:\/\/www.miomiorun.com\/es\/#\/schema\/logo\/image\/\",\"url\":\"https:\/\/www.miomiorun.com\/app\/uploads\/2019\/12\/logomio.png\",\"contentUrl\":\"https:\/\/www.miomiorun.com\/app\/uploads\/2019\/12\/logomio.png\",\"width\":115,\"height\":82,\"caption\":\"MioMio Run\"},\"image\":{\"@id\":\"https:\/\/www.miomiorun.com\/es\/#\/schema\/logo\/image\/\"},\"sameAs\":[\"https:\/\/www.facebook.com\/miomiorun\/\",\"https:\/\/www.instagram.com\/miomiorun\/\"]}]}<\/script>\n<!-- \/ Yoast SEO plugin. -->","yoast_head_json":{"title":"Under ArmourInfinite Pro hombre - zapatillas de correr - MioMioRun.com","description":"Las UA Infinite Pro para hombre ofrecen el soporte adecuado y la nueva amortiguaci\u00f3n reactiva UA HOVR+ para reducir la fatiga de las piernas.","robots":{"index":"index","follow":"follow","max-snippet":"max-snippet:-1","max-image-preview":"max-image-preview:large","max-video-preview":"max-video-preview:-1"},"canonical":"https:\/\/www.miomiorun.com\/es\/producto\/infinite-pro-hombre\/","og_locale":"es_ES","og_type":"article","og_title":"Under ArmourInfinite Pro hombre - zapatillas de correr - MioMioRun.com","og_description":"Las UA Infinite Pro para hombre ofrecen el soporte adecuado y la nueva amortiguaci\u00f3n reactiva UA HOVR+ para reducir la fatiga de las piernas.","og_url":"https:\/\/www.miomiorun.com\/es\/producto\/infinite-pro-hombre\/","og_site_name":"MioMioRun","article_publisher":"https:\/\/www.facebook.com\/miomiorun\/","article_modified_time":"2026-02-27T11:24:10+00:00","og_image":[{"width":600,"height":600,"url":"https:\/\/www.miomiorun.com\/app\/uploads\/2024\/08\/Under-Armour-Infinite-Pro-black-3027190-0001.webp","type":"image\/webp"}],"twitter_card":"summary_large_image","twitter_misc":{"Est. reading time":"2 minutes"},"schema":{"@context":"https:\/\/schema.org","@graph":[{"@type":"WebPage","@id":"https:\/\/www.miomiorun.com\/es\/producto\/infinite-pro-hombre\/","url":"https:\/\/www.miomiorun.com\/es\/producto\/infinite-pro-hombre\/","name":"Under ArmourInfinite Pro hombre - zapatillas de correr - MioMioRun.com","isPartOf":{"@id":"https:\/\/www.miomiorun.com\/es\/#website"},"primaryImageOfPage":{"@id":"https:\/\/www.miomiorun.com\/es\/producto\/infinite-pro-hombre\/#primaryimage"},"image":{"@id":"https:\/\/www.miomiorun.com\/es\/producto\/infinite-pro-hombre\/#primaryimage"},"thumbnailUrl":"https:\/\/www.miomiorun.com\/app\/uploads\/2024\/08\/Under-Armour-Infinite-Pro-black-3027190-0001.webp","datePublished":"2024-07-26T14:08:17+00:00","dateModified":"2026-02-27T11:24:10+00:00","description":"Las UA Infinite Pro para hombre ofrecen el soporte adecuado y la nueva amortiguaci\u00f3n reactiva UA HOVR+ para reducir la fatiga de las piernas.","breadcrumb":{"@id":"https:\/\/www.miomiorun.com\/es\/producto\/infinite-pro-hombre\/#breadcrumb"},"inLanguage":"es-ES","potentialAction":[{"@type":"ReadAction","target":["https:\/\/www.miomiorun.com\/es\/producto\/infinite-pro-hombre\/"]}]},{"@type":"ImageObject","inLanguage":"es-ES","@id":"https:\/\/www.miomiorun.com\/es\/producto\/infinite-pro-hombre\/#primaryimage","url":"https:\/\/www.miomiorun.com\/app\/uploads\/2024\/08\/Under-Armour-Infinite-Pro-black-3027190-0001.webp","contentUrl":"https:\/\/www.miomiorun.com\/app\/uploads\/2024\/08\/Under-Armour-Infinite-Pro-black-3027190-0001.webp","width":600,"height":600,"caption":"Under Armour Infinite Pro black 3027190 0001"},{"@type":"BreadcrumbList","@id":"https:\/\/www.miomiorun.com\/es\/producto\/infinite-pro-hombre\/#breadcrumb","itemListElement":[{"@type":"ListItem","position":1,"name":"Home","item":"https:\/\/www.miomiorun.com\/es\/"},{"@type":"ListItem","position":2,"name":"Shop","item":"https:\/\/www.miomiorun.com\/shop\/"},{"@type":"ListItem","position":3,"name":"Infinite Pro hombre"}]},{"@type":"WebSite","@id":"https:\/\/www.miomiorun.com\/es\/#website","url":"https:\/\/www.miomiorun.com\/es\/","name":"MioMioRun","description":"Tienda 100% running y trail","publisher":{"@id":"https:\/\/www.miomiorun.com\/es\/#organization"},"potentialAction":[{"@type":"SearchAction","target":{"@type":"EntryPoint","urlTemplate":"https:\/\/www.miomiorun.com\/es\/?s={search_term_string}"},"query-input":{"@type":"PropertyValueSpecification","valueRequired":true,"valueName":"search_term_string"}}],"inLanguage":"es-ES"},{"@type":"Organization","@id":"https:\/\/www.miomiorun.com\/es\/#organization","name":"MioMio Run","url":"https:\/\/www.miomiorun.com\/es\/","logo":{"@type":"ImageObject","inLanguage":"es-ES","@id":"https:\/\/www.miomiorun.com\/es\/#\/schema\/logo\/image\/","url":"https:\/\/www.miomiorun.com\/app\/uploads\/2019\/12\/logomio.png","contentUrl":"https:\/\/www.miomiorun.com\/app\/uploads\/2019\/12\/logomio.png","width":115,"height":82,"caption":"MioMio Run"},"image":{"@id":"https:\/\/www.miomiorun.com\/es\/#\/schema\/logo\/image\/"},"sameAs":["https:\/\/www.facebook.com\/miomiorun\/","https:\/\/www.instagram.com\/miomiorun\/"]}]}},"_links":{"self":[{"href":"https:\/\/www.miomiorun.com\/es\/wp-json\/wp\/v2\/product\/294383","targetHints":{"allow":["GET"]}}],"collection":[{"href":"https:\/\/www.miomiorun.com\/es\/wp-json\/wp\/v2\/product"}],"about":[{"href":"https:\/\/www.miomiorun.com\/es\/wp-json\/wp\/v2\/types\/product"}],"wp:featuredmedia":[{"embeddable":true,"href":"https:\/\/www.miomiorun.com\/es\/wp-json\/wp\/v2\/media\/248219"}],"wp:attachment":[{"href":"https:\/\/www.miomiorun.com\/es\/wp-json\/wp\/v2\/media?parent=294383"}],"wp:term":[{"taxonomy":"product_brand","embeddable":true,"href":"https:\/\/www.miomiorun.com\/es\/wp-json\/wp\/v2\/product_brand?post=294383"},{"taxonomy":"product_cat","embeddable":true,"href":"https:\/\/www.miomiorun.com\/es\/wp-json\/wp\/v2\/product_cat?post=294383"},{"taxonomy":"product_tag","embeddable":true,"href":"https:\/\/www.miomiorun.com\/es\/wp-json\/wp\/v2\/product_tag?post=294383"}],"curies":[{"name":"wp","href":"https:\/\/api.w.org\/{rel}","templated":true}]}}