{"id":294382,"date":"2024-07-30T15:02:30","date_gmt":"2024-07-30T13:02:30","guid":{"rendered":"https:\/\/miomiorun.com\/prodotto\/infinite-elite-donna\/"},"modified":"2026-05-07T18:03:38","modified_gmt":"2026-05-07T16:03:38","slug":"infinite-elite-mujer","status":"publish","type":"product","link":"https:\/\/www.miomiorun.com\/es\/producto\/infinite-elite-mujer\/","title":{"rendered":"Infinite Elite mujer"},"content":{"rendered":"<div class=\"vc-row container\"><div class=\"vc-column\"><div class=\"vc-column-text\"><\/p>\n<h4>Especificaciones t\u00e9cnicas<\/h4>\n<p>Categor\u00eda: amortiguaci\u00f3n superior<br \/>\nDesnivel: 8 mm<br \/>\nPeso: 264 g<br \/>\nIdeal para: la zapatilla superamortiguada de Under Armour es siempre la opci\u00f3n ideal para quienes buscan una zapatilla protectora y suave. Quienes tienen un peso m\u00e1s elevado, un ritmo un poco m\u00e1s lento o buscan una comodidad \u00f3ptima para distancias medias\/largas conf\u00edan en las Infinite Elite; por \u00faltimo, son perfectas para quienes buscan una zapatilla para mejorar su resistencia.<br \/>\nPeso del atleta: &gt; 70 kg<br \/>\nRitmo de carrera: &gt; 5,30 min\/km<br \/>\n<a href=\"https:\/\/miomiorun.com\/guida-alle-specifiche-tecniche\/\">Gu\u00eda de especificaciones t\u00e9cnicas<\/a><\/p>\n<p><\/div><\/div><div class=\"vc-column\"><div class=\"vc-column-text\"><\/p>\n<h2>\u00bfEst\u00e1s entrenando para mejorar tu resistencia?<\/h2>\n<p>Las <strong>Under Armour Infinite Elite<\/strong> para mujer representan la \u00faltima frontera para los apasionados del running que buscan lo m\u00e1ximo de sus zapatillas. Gracias a la amortiguaci\u00f3n reactiva <strong>UA HOVR+<\/strong>, estas zapatillas ofrecen una sujeci\u00f3n sin igual, reduciendo la fatiga y permiti\u00e9ndote mantener un ritmo elevado durante m\u00e1s tiempo.<\/p>\n<p>Estas zapatillas de running te permiten mantener las piernas frescas para una potencia de entrenamiento infinita. As\u00ed, cuando llegue el momento de darlo todo, superar\u00e1s a todos.<\/p>\n<h3>Caracter\u00edsticas:<\/h3>\n<ul>\n<li>Ideales para corredores que buscan la m\u00e1xima versatilidad tanto para entrenamientos r\u00e1pidos como para carreras largas m\u00e1s lentas.<\/li>\n<li>Empeine de malla UA Intelliknit, resistente y transpirable, confeccionado con una textura que se adapta a la forma del pie durante la carrera.<\/li>\n<li>Entresuela fabricada con la mezcla HOVR+, un 20 % m\u00e1s ligera, suave y reactiva que la mezcla HOVR tradicional, que amortigua cada impacto, ahorr\u00e1ndote una energ\u00eda muy valiosa<\/li>\n<li>Suela de goma resistente Thinweb que proporciona el m\u00e1ximo agarre y adherencia. La forma biselada bajo el tal\u00f3n permite aterrizajes suaves y una mayor fluidez en la transici\u00f3n tal\u00f3n-punta.<\/li>\n<li>Cordones planos con ojales integrados directamente en la parte superior que permiten que la estructura envuelva el pie sin generar presi\u00f3n en el dorso.<\/li>\n<li>Leng\u00fceta ligeramente acolchada y parcialmente integrada en la estructura.<\/li>\n<li>Cuello acolchado y alargado en la parte trasera que proporciona mayor comodidad al tend\u00f3n de Aquiles.<\/li>\n<li>Clip en la base de la concha, fabricado en un material m\u00e1s resistente, que sujeta el tal\u00f3n durante la zancada.<\/li>\n<li>Detalle en la parte trasera que facilita el calzado.<\/li>\n<li>Detalles reflectantes.<\/li>\n<li>Plantilla interior moldeada y extra\u00edble<\/li>\n<\/ul>\n<div class=\"module__primary-text module__text-headline2 cm-richtext\">\n<div>\n<h2><\/h2>\n<h2>CARRERAS SIN FIN. RESISTENCIA INIGUALABLE.<\/h2>\n<\/div>\n<\/div>\n<div class=\"module__columns\">\n<div class=\"module__secondary-text cm-richtext\">\n<div>\n<p>No te detengas nunca gracias a unas zapatillas explosivas desde la primera zancada: la amortiguaci\u00f3n suave y el\u00e1stica UA HOVR+ te ayuda a mantener las piernas ligeras y a recorrer cualquier distancia.<\/p>\n<div class=\"module__list-item-text cm-richtext\">\n<div>\n<h3>IMPULSO SIN FIN<\/h3>\n<\/div>\n<\/div>\n<div class=\"module__list-item-subtitle cm-richtext\">\n<div>\n<p>La amortiguaci\u00f3n ultrael\u00e1stica y suave UA HOVR+ te ofrece un impulso propulsor de principio a fin.<\/p>\n<div class=\"module__list-item-text cm-richtext\">\n<div>\n<h3>M\u00c1XIMA ESTABILIDAD<\/h3>\n<\/div>\n<\/div>\n<div class=\"module__list-item-subtitle cm-richtext\">\n<div>\n<p>La parte superior Adaptive UA IntelliKnit se adapta a tu zancada, sujetando perfectamente el pie independientemente de la distancia que vayas a recorrer.<\/p>\n<div class=\"module__list-item-text cm-richtext\">\n<div>\n<h3>ATERRIZAJES SUAVES<\/h3>\n<\/div>\n<\/div>\n<div class=\"module__list-item-subtitle cm-richtext\">\n<div>\n<p>El dise\u00f1o inclinado del tal\u00f3n y la suela de goma ligera y resistente absorben los impactos para ofrecerte una sensaci\u00f3n de fluidez y estabilidad.<\/p>\n<div class=\"module__primary-text module__text-headline2 cm-richtext\">\n<div>\n<h2>\u00bfQU\u00c9 ES UA HOVR+?<\/h2>\n<\/div>\n<\/div>\n<div class=\"module__columns\">\n<div class=\"module__secondary-text cm-richtext\">\n<div>\n<p>La amortiguaci\u00f3n UA HOVR\u2122+ devuelve la energ\u00eda utilizada en un impulso el\u00e1stico que te acompa\u00f1a incluso en carreras de larga distancia, fusionando peque\u00f1as esferas de espuma para amortiguar cada impacto, lo que te permite ahorrar energ\u00eda valiosa.<\/p>\n<\/div>\n<\/div>\n<\/div>\n<\/div>\n<\/div>\n<\/div>\n<\/div>\n<\/div>\n<\/div>\n<\/div>\n<\/div>\n<\/div>\n<p><\/div><\/div><\/div>\n","protected":false},"excerpt":{"rendered":"<ul>\n<li>Ideales para corredores que buscan unas zapatillas para entrenamientos r\u00e1pidos y para carreras largas a ritmo m\u00e1s lento.<\/li>\n<li>Cuentan con una excelente amortiguaci\u00f3n.<\/li>\n<li>Ideales para mejorar la resistencia.<\/li>\n<\/ul>\n","protected":false},"featured_media":248213,"template":"","meta":{"_acf_changed":false,"inline_featured_image":false},"product_brand":[],"product_cat":[24415,24414],"product_tag":[23529,23623],"class_list":{"0":"post-294382","1":"product","2":"type-product","3":"status-publish","4":"has-post-thumbnail","6":"product_cat-calzado-de-mujer","7":"product_cat-neutre-es-2","8":"product_tag-under-armour-es","9":"product_tag-under-armour-mujer","10":"pa_attivita-caminar","11":"pa_attivita-lifestyle-es","12":"pa_attivita-running-es","13":"pa_colore-infinite-elite-w-white-es","14":"pa_marca-under-armour-es","15":"pa_sesso-mujer","16":"pa_size-38-5-es","17":"pa_size-40-es","19":"first","20":"instock","21":"sale","22":"taxable","23":"shipping-taxable","24":"purchasable","25":"product-type-variable","26":"wvs-archive-product-wrapper"},"acf":[],"yoast_head":"<!-- This site is optimized with the Yoast SEO plugin v26.8 - https:\/\/yoast.com\/product\/yoast-seo-wordpress\/ -->\n<title>Under ArmourInfinite Elite mujer - zapatillas de running - MioMioRun .com<\/title>\n<meta name=\"description\" content=\"Las Under Armour Infinite Elite para mujer representan lo \u00faltimo en tecnolog\u00eda para las aficionadas al running que buscan lo mejor de sus zapatillas.\" \/>\n<meta name=\"robots\" content=\"index, follow, max-snippet:-1, max-image-preview:large, max-video-preview:-1\" \/>\n<link rel=\"canonical\" href=\"https:\/\/www.miomiorun.com\/es\/producto\/infinite-elite-mujer\/\" \/>\n<meta property=\"og:locale\" content=\"es_ES\" \/>\n<meta property=\"og:type\" content=\"article\" \/>\n<meta property=\"og:title\" content=\"Under ArmourInfinite Elite mujer - zapatillas de running - MioMioRun .com\" \/>\n<meta property=\"og:description\" content=\"Las Under Armour Infinite Elite para mujer representan lo \u00faltimo en tecnolog\u00eda para las aficionadas al running que buscan lo mejor de sus zapatillas.\" \/>\n<meta property=\"og:url\" content=\"https:\/\/www.miomiorun.com\/es\/producto\/infinite-elite-mujer\/\" \/>\n<meta property=\"og:site_name\" content=\"MioMioRun\" \/>\n<meta property=\"article:publisher\" content=\"https:\/\/www.facebook.com\/miomiorun\/\" \/>\n<meta property=\"article:modified_time\" content=\"2026-05-07T16:03:38+00:00\" \/>\n<meta property=\"og:image\" content=\"https:\/\/www.miomiorun.com\/app\/uploads\/2024\/08\/Under-Armour-Infinite-Elite-W-white-3027199-0102.webp\" \/>\n\t<meta property=\"og:image:width\" content=\"600\" \/>\n\t<meta property=\"og:image:height\" content=\"600\" \/>\n\t<meta property=\"og:image:type\" content=\"image\/webp\" \/>\n<meta name=\"twitter:card\" content=\"summary_large_image\" \/>\n<meta name=\"twitter:label1\" content=\"Est. reading time\" \/>\n\t<meta name=\"twitter:data1\" content=\"3 minutes\" \/>\n<script type=\"application\/ld+json\" class=\"yoast-schema-graph\">{\"@context\":\"https:\/\/schema.org\",\"@graph\":[{\"@type\":\"WebPage\",\"@id\":\"https:\/\/www.miomiorun.com\/es\/producto\/infinite-elite-mujer\/\",\"url\":\"https:\/\/www.miomiorun.com\/es\/producto\/infinite-elite-mujer\/\",\"name\":\"Under ArmourInfinite Elite mujer - zapatillas de running - MioMioRun .com\",\"isPartOf\":{\"@id\":\"https:\/\/www.miomiorun.com\/es\/#website\"},\"primaryImageOfPage\":{\"@id\":\"https:\/\/www.miomiorun.com\/es\/producto\/infinite-elite-mujer\/#primaryimage\"},\"image\":{\"@id\":\"https:\/\/www.miomiorun.com\/es\/producto\/infinite-elite-mujer\/#primaryimage\"},\"thumbnailUrl\":\"https:\/\/www.miomiorun.com\/app\/uploads\/2024\/08\/Under-Armour-Infinite-Elite-W-white-3027199-0102.webp\",\"datePublished\":\"2024-07-30T13:02:30+00:00\",\"dateModified\":\"2026-05-07T16:03:38+00:00\",\"description\":\"Las Under Armour Infinite Elite para mujer representan lo \u00faltimo en tecnolog\u00eda para las aficionadas al running que buscan lo mejor de sus zapatillas.\",\"breadcrumb\":{\"@id\":\"https:\/\/www.miomiorun.com\/es\/producto\/infinite-elite-mujer\/#breadcrumb\"},\"inLanguage\":\"es-ES\",\"potentialAction\":[{\"@type\":\"ReadAction\",\"target\":[\"https:\/\/www.miomiorun.com\/es\/producto\/infinite-elite-mujer\/\"]}]},{\"@type\":\"ImageObject\",\"inLanguage\":\"es-ES\",\"@id\":\"https:\/\/www.miomiorun.com\/es\/producto\/infinite-elite-mujer\/#primaryimage\",\"url\":\"https:\/\/www.miomiorun.com\/app\/uploads\/2024\/08\/Under-Armour-Infinite-Elite-W-white-3027199-0102.webp\",\"contentUrl\":\"https:\/\/www.miomiorun.com\/app\/uploads\/2024\/08\/Under-Armour-Infinite-Elite-W-white-3027199-0102.webp\",\"width\":600,\"height\":600,\"caption\":\"Under Armour Infinite Elite W white 3027199 0102\"},{\"@type\":\"BreadcrumbList\",\"@id\":\"https:\/\/www.miomiorun.com\/es\/producto\/infinite-elite-mujer\/#breadcrumb\",\"itemListElement\":[{\"@type\":\"ListItem\",\"position\":1,\"name\":\"Home\",\"item\":\"https:\/\/www.miomiorun.com\/es\/\"},{\"@type\":\"ListItem\",\"position\":2,\"name\":\"Shop\",\"item\":\"https:\/\/www.miomiorun.com\/shop\/\"},{\"@type\":\"ListItem\",\"position\":3,\"name\":\"Infinite Elite mujer\"}]},{\"@type\":\"WebSite\",\"@id\":\"https:\/\/www.miomiorun.com\/es\/#website\",\"url\":\"https:\/\/www.miomiorun.com\/es\/\",\"name\":\"MioMioRun\",\"description\":\"Tienda 100% running y trail\",\"publisher\":{\"@id\":\"https:\/\/www.miomiorun.com\/es\/#organization\"},\"potentialAction\":[{\"@type\":\"SearchAction\",\"target\":{\"@type\":\"EntryPoint\",\"urlTemplate\":\"https:\/\/www.miomiorun.com\/es\/?s={search_term_string}\"},\"query-input\":{\"@type\":\"PropertyValueSpecification\",\"valueRequired\":true,\"valueName\":\"search_term_string\"}}],\"inLanguage\":\"es-ES\"},{\"@type\":\"Organization\",\"@id\":\"https:\/\/www.miomiorun.com\/es\/#organization\",\"name\":\"MioMio Run\",\"url\":\"https:\/\/www.miomiorun.com\/es\/\",\"logo\":{\"@type\":\"ImageObject\",\"inLanguage\":\"es-ES\",\"@id\":\"https:\/\/www.miomiorun.com\/es\/#\/schema\/logo\/image\/\",\"url\":\"https:\/\/www.miomiorun.com\/app\/uploads\/2019\/12\/logomio.png\",\"contentUrl\":\"https:\/\/www.miomiorun.com\/app\/uploads\/2019\/12\/logomio.png\",\"width\":115,\"height\":82,\"caption\":\"MioMio Run\"},\"image\":{\"@id\":\"https:\/\/www.miomiorun.com\/es\/#\/schema\/logo\/image\/\"},\"sameAs\":[\"https:\/\/www.facebook.com\/miomiorun\/\",\"https:\/\/www.instagram.com\/miomiorun\/\"]}]}<\/script>\n<!-- \/ Yoast SEO plugin. -->","yoast_head_json":{"title":"Under ArmourInfinite Elite mujer - zapatillas de running - MioMioRun .com","description":"Las Under Armour Infinite Elite para mujer representan lo \u00faltimo en tecnolog\u00eda para las aficionadas al running que buscan lo mejor de sus zapatillas.","robots":{"index":"index","follow":"follow","max-snippet":"max-snippet:-1","max-image-preview":"max-image-preview:large","max-video-preview":"max-video-preview:-1"},"canonical":"https:\/\/www.miomiorun.com\/es\/producto\/infinite-elite-mujer\/","og_locale":"es_ES","og_type":"article","og_title":"Under ArmourInfinite Elite mujer - zapatillas de running - MioMioRun .com","og_description":"Las Under Armour Infinite Elite para mujer representan lo \u00faltimo en tecnolog\u00eda para las aficionadas al running que buscan lo mejor de sus zapatillas.","og_url":"https:\/\/www.miomiorun.com\/es\/producto\/infinite-elite-mujer\/","og_site_name":"MioMioRun","article_publisher":"https:\/\/www.facebook.com\/miomiorun\/","article_modified_time":"2026-05-07T16:03:38+00:00","og_image":[{"width":600,"height":600,"url":"https:\/\/www.miomiorun.com\/app\/uploads\/2024\/08\/Under-Armour-Infinite-Elite-W-white-3027199-0102.webp","type":"image\/webp"}],"twitter_card":"summary_large_image","twitter_misc":{"Est. reading time":"3 minutes"},"schema":{"@context":"https:\/\/schema.org","@graph":[{"@type":"WebPage","@id":"https:\/\/www.miomiorun.com\/es\/producto\/infinite-elite-mujer\/","url":"https:\/\/www.miomiorun.com\/es\/producto\/infinite-elite-mujer\/","name":"Under ArmourInfinite Elite mujer - zapatillas de running - MioMioRun .com","isPartOf":{"@id":"https:\/\/www.miomiorun.com\/es\/#website"},"primaryImageOfPage":{"@id":"https:\/\/www.miomiorun.com\/es\/producto\/infinite-elite-mujer\/#primaryimage"},"image":{"@id":"https:\/\/www.miomiorun.com\/es\/producto\/infinite-elite-mujer\/#primaryimage"},"thumbnailUrl":"https:\/\/www.miomiorun.com\/app\/uploads\/2024\/08\/Under-Armour-Infinite-Elite-W-white-3027199-0102.webp","datePublished":"2024-07-30T13:02:30+00:00","dateModified":"2026-05-07T16:03:38+00:00","description":"Las Under Armour Infinite Elite para mujer representan lo \u00faltimo en tecnolog\u00eda para las aficionadas al running que buscan lo mejor de sus zapatillas.","breadcrumb":{"@id":"https:\/\/www.miomiorun.com\/es\/producto\/infinite-elite-mujer\/#breadcrumb"},"inLanguage":"es-ES","potentialAction":[{"@type":"ReadAction","target":["https:\/\/www.miomiorun.com\/es\/producto\/infinite-elite-mujer\/"]}]},{"@type":"ImageObject","inLanguage":"es-ES","@id":"https:\/\/www.miomiorun.com\/es\/producto\/infinite-elite-mujer\/#primaryimage","url":"https:\/\/www.miomiorun.com\/app\/uploads\/2024\/08\/Under-Armour-Infinite-Elite-W-white-3027199-0102.webp","contentUrl":"https:\/\/www.miomiorun.com\/app\/uploads\/2024\/08\/Under-Armour-Infinite-Elite-W-white-3027199-0102.webp","width":600,"height":600,"caption":"Under Armour Infinite Elite W white 3027199 0102"},{"@type":"BreadcrumbList","@id":"https:\/\/www.miomiorun.com\/es\/producto\/infinite-elite-mujer\/#breadcrumb","itemListElement":[{"@type":"ListItem","position":1,"name":"Home","item":"https:\/\/www.miomiorun.com\/es\/"},{"@type":"ListItem","position":2,"name":"Shop","item":"https:\/\/www.miomiorun.com\/shop\/"},{"@type":"ListItem","position":3,"name":"Infinite Elite mujer"}]},{"@type":"WebSite","@id":"https:\/\/www.miomiorun.com\/es\/#website","url":"https:\/\/www.miomiorun.com\/es\/","name":"MioMioRun","description":"Tienda 100% running y trail","publisher":{"@id":"https:\/\/www.miomiorun.com\/es\/#organization"},"potentialAction":[{"@type":"SearchAction","target":{"@type":"EntryPoint","urlTemplate":"https:\/\/www.miomiorun.com\/es\/?s={search_term_string}"},"query-input":{"@type":"PropertyValueSpecification","valueRequired":true,"valueName":"search_term_string"}}],"inLanguage":"es-ES"},{"@type":"Organization","@id":"https:\/\/www.miomiorun.com\/es\/#organization","name":"MioMio Run","url":"https:\/\/www.miomiorun.com\/es\/","logo":{"@type":"ImageObject","inLanguage":"es-ES","@id":"https:\/\/www.miomiorun.com\/es\/#\/schema\/logo\/image\/","url":"https:\/\/www.miomiorun.com\/app\/uploads\/2019\/12\/logomio.png","contentUrl":"https:\/\/www.miomiorun.com\/app\/uploads\/2019\/12\/logomio.png","width":115,"height":82,"caption":"MioMio Run"},"image":{"@id":"https:\/\/www.miomiorun.com\/es\/#\/schema\/logo\/image\/"},"sameAs":["https:\/\/www.facebook.com\/miomiorun\/","https:\/\/www.instagram.com\/miomiorun\/"]}]}},"_links":{"self":[{"href":"https:\/\/www.miomiorun.com\/es\/wp-json\/wp\/v2\/product\/294382","targetHints":{"allow":["GET"]}}],"collection":[{"href":"https:\/\/www.miomiorun.com\/es\/wp-json\/wp\/v2\/product"}],"about":[{"href":"https:\/\/www.miomiorun.com\/es\/wp-json\/wp\/v2\/types\/product"}],"wp:featuredmedia":[{"embeddable":true,"href":"https:\/\/www.miomiorun.com\/es\/wp-json\/wp\/v2\/media\/248213"}],"wp:attachment":[{"href":"https:\/\/www.miomiorun.com\/es\/wp-json\/wp\/v2\/media?parent=294382"}],"wp:term":[{"taxonomy":"product_brand","embeddable":true,"href":"https:\/\/www.miomiorun.com\/es\/wp-json\/wp\/v2\/product_brand?post=294382"},{"taxonomy":"product_cat","embeddable":true,"href":"https:\/\/www.miomiorun.com\/es\/wp-json\/wp\/v2\/product_cat?post=294382"},{"taxonomy":"product_tag","embeddable":true,"href":"https:\/\/www.miomiorun.com\/es\/wp-json\/wp\/v2\/product_tag?post=294382"}],"curies":[{"name":"wp","href":"https:\/\/api.w.org\/{rel}","templated":true}]}}