{"id":294376,"date":"2024-07-30T13:33:41","date_gmt":"2024-07-30T11:33:41","guid":{"rendered":"https:\/\/miomiorun.com\/prodotto\/bgs-charged-rogue-4-kids\/"},"modified":"2026-04-23T11:43:59","modified_gmt":"2026-04-23T09:43:59","slug":"bgs-charged-rogue-4-kids","status":"publish","type":"product","link":"https:\/\/www.miomiorun.com\/es\/producto\/bgs-charged-rogue-4-kids\/","title":{"rendered":"BGS Charged Rogue 4 kids"},"content":{"rendered":"<div class=\"vc-row container\"><div class=\"vc-column\"><div class=\"vc-column-text\"><\/p>\n<h4>Especificaciones t\u00e9cnicas<\/h4>\n<p>Categor\u00eda: Amortiguaci\u00f3n estructurada<br \/>\nDesnivel: 8 mm<br \/>\nIdeal para: j\u00f3venes que necesitan una zapatilla con buena amortiguaci\u00f3n y una buena estructura. Ideal para los primeros pasos en la pr\u00e1ctica deportiva o para j\u00f3venes que ya se inclinan por recorrer distancias medias-largas.<br \/>\n<a href=\"https:\/\/miomiorun.com\/guida-alle-specifiche-tecniche\/\">Gu\u00eda de especificaciones t\u00e9cnicas<\/a><\/p>\n<p><\/div><\/div><div class=\"vc-column\"><div class=\"vc-column-text\"><strong>BGS Charged Rogue 4<\/strong> es la nueva zapatilla de Under Armour en su versi\u00f3n infantil.<\/p>\n<p>Una zapatilla de running que combina una malla ligera y transpirable con la entresuela Charged Cushioning\u00ae para ofrecer una reactividad extraordinaria, la m\u00e1xima absorci\u00f3n de impactos y una sensaci\u00f3n de agilidad que te har\u00e1 correr a\u00fan m\u00e1s tiempo.<\/p>\n<h3>Caracter\u00edsticas:<\/h3>\n<div id=\"acc-1\" class=\"g-accordion-content collapse show\">\n<ul class=\"t-tabs_data\">\n<li class=\"t-tabs_list\">Empeine de malla t\u00e9cnica ligera y transpirable. <\/li>\n<li class=\"t-tabs_list\">Refuerzo externo para una mayor estabilidad.<\/li>\n<li class=\"t-tabs_list\">La plantilla suave mantiene su forma para ofrecer una comodidad prolongada.<\/li>\n<li class=\"t-tabs_list\">Entresuela Charged Cushioning\u00ae de doble densidad para una combinaci\u00f3n perfecta de comodidad y retorno de energ\u00eda explosivo.<\/li>\n<li class=\"t-tabs_list\">Suela de goma resistente con almohadillas situadas en puntos estrat\u00e9gicos para una mayor resistencia en las zonas de alta abrasi\u00f3n.<\/li>\n<\/ul>\n<p>&nbsp;<\/p>\n<\/div>\n<p><\/div><\/div><\/div>\n","protected":false},"excerpt":{"rendered":"<ul>\n<li>Zapatillas infantiles para los primeros pasos en la pr\u00e1ctica deportiva.<\/li>\n<li>Ideales para llevarlas en cualquier momento, sobre todo en el colegio.<\/li>\n<\/ul>\n","protected":false},"featured_media":248201,"template":"","meta":{"_acf_changed":false,"inline_featured_image":false},"product_brand":[],"product_cat":[24405,24406,24407],"product_tag":[23529,24192,24195],"class_list":{"0":"post-294376","1":"product","2":"type-product","3":"status-publish","4":"has-post-thumbnail","6":"product_cat-zapatos-chica","7":"product_cat-zapatos-chico","8":"product_cat-chico","9":"product_tag-under-armour-es","10":"product_tag-under-armour-chica","11":"product_tag-under-armour-chico","12":"pa_attivita-caminar","13":"pa_attivita-lifestyle-es","14":"pa_attivita-running-es","15":"pa_colore-bgs-charged-rogue-4-es","16":"pa_colore-charged-rogue-4-stellar-pink-w-es","17":"pa_marca-under-armour-es","18":"pa_sesso-hombre","19":"pa_sesso-mujer","20":"pa_size-35-5-es","21":"pa_size-36-5-es","22":"pa_size-37-5-es","23":"pa_size-38-es","24":"pa_size-38-5-es","25":"pa_size-39-es","26":"pa_size-40-es","28":"first","29":"instock","30":"sale","31":"taxable","32":"shipping-taxable","33":"purchasable","34":"product-type-variable","35":"wvs-archive-product-wrapper"},"acf":[],"yoast_head":"<!-- This site is optimized with the Yoast SEO plugin v26.8 - https:\/\/yoast.com\/product\/yoast-seo-wordpress\/ -->\n<title>Under Armour BGS Charged Rogue 4 kids -carrera infantil - MioMioRun<\/title>\n<meta name=\"description\" content=\"Una zapatilla de running que combina una malla ligera y transpirable con la entresuela Charged Cushioning\u00ae para ofrecer una reactividad extraordinaria\" \/>\n<meta name=\"robots\" content=\"index, follow, max-snippet:-1, max-image-preview:large, max-video-preview:-1\" \/>\n<link rel=\"canonical\" href=\"https:\/\/www.miomiorun.com\/es\/producto\/bgs-charged-rogue-4-kids\/\" \/>\n<meta property=\"og:locale\" content=\"es_ES\" \/>\n<meta property=\"og:type\" content=\"article\" \/>\n<meta property=\"og:title\" content=\"Under Armour BGS Charged Rogue 4 kids -carrera infantil - MioMioRun\" \/>\n<meta property=\"og:description\" content=\"Una zapatilla de running que combina una malla ligera y transpirable con la entresuela Charged Cushioning\u00ae para ofrecer una reactividad extraordinaria\" \/>\n<meta property=\"og:url\" content=\"https:\/\/www.miomiorun.com\/es\/producto\/bgs-charged-rogue-4-kids\/\" \/>\n<meta property=\"og:site_name\" content=\"MioMioRun\" \/>\n<meta property=\"article:publisher\" content=\"https:\/\/www.facebook.com\/miomiorun\/\" \/>\n<meta property=\"article:modified_time\" content=\"2026-04-23T09:43:59+00:00\" \/>\n<meta property=\"og:image\" content=\"https:\/\/www.miomiorun.com\/app\/uploads\/2024\/08\/Under-Armour-BGS-Charged-Rogue-4-3027106-0001.webp\" \/>\n\t<meta property=\"og:image:width\" content=\"600\" \/>\n\t<meta property=\"og:image:height\" content=\"600\" \/>\n\t<meta property=\"og:image:type\" content=\"image\/webp\" \/>\n<meta name=\"twitter:card\" content=\"summary_large_image\" \/>\n<meta name=\"twitter:label1\" content=\"Est. reading time\" \/>\n\t<meta name=\"twitter:data1\" content=\"1 minute\" \/>\n<script type=\"application\/ld+json\" class=\"yoast-schema-graph\">{\"@context\":\"https:\/\/schema.org\",\"@graph\":[{\"@type\":\"WebPage\",\"@id\":\"https:\/\/www.miomiorun.com\/es\/producto\/bgs-charged-rogue-4-kids\/\",\"url\":\"https:\/\/www.miomiorun.com\/es\/producto\/bgs-charged-rogue-4-kids\/\",\"name\":\"Under Armour BGS Charged Rogue 4 kids -carrera infantil - MioMioRun\",\"isPartOf\":{\"@id\":\"https:\/\/www.miomiorun.com\/es\/#website\"},\"primaryImageOfPage\":{\"@id\":\"https:\/\/www.miomiorun.com\/es\/producto\/bgs-charged-rogue-4-kids\/#primaryimage\"},\"image\":{\"@id\":\"https:\/\/www.miomiorun.com\/es\/producto\/bgs-charged-rogue-4-kids\/#primaryimage\"},\"thumbnailUrl\":\"https:\/\/www.miomiorun.com\/app\/uploads\/2024\/08\/Under-Armour-BGS-Charged-Rogue-4-3027106-0001.webp\",\"datePublished\":\"2024-07-30T11:33:41+00:00\",\"dateModified\":\"2026-04-23T09:43:59+00:00\",\"description\":\"Una zapatilla de running que combina una malla ligera y transpirable con la entresuela Charged Cushioning\u00ae para ofrecer una reactividad extraordinaria\",\"breadcrumb\":{\"@id\":\"https:\/\/www.miomiorun.com\/es\/producto\/bgs-charged-rogue-4-kids\/#breadcrumb\"},\"inLanguage\":\"es-ES\",\"potentialAction\":[{\"@type\":\"ReadAction\",\"target\":[\"https:\/\/www.miomiorun.com\/es\/producto\/bgs-charged-rogue-4-kids\/\"]}]},{\"@type\":\"ImageObject\",\"inLanguage\":\"es-ES\",\"@id\":\"https:\/\/www.miomiorun.com\/es\/producto\/bgs-charged-rogue-4-kids\/#primaryimage\",\"url\":\"https:\/\/www.miomiorun.com\/app\/uploads\/2024\/08\/Under-Armour-BGS-Charged-Rogue-4-3027106-0001.webp\",\"contentUrl\":\"https:\/\/www.miomiorun.com\/app\/uploads\/2024\/08\/Under-Armour-BGS-Charged-Rogue-4-3027106-0001.webp\",\"width\":600,\"height\":600,\"caption\":\"Under Armour BGS Charged Rogue 4 3027106 0001\"},{\"@type\":\"BreadcrumbList\",\"@id\":\"https:\/\/www.miomiorun.com\/es\/producto\/bgs-charged-rogue-4-kids\/#breadcrumb\",\"itemListElement\":[{\"@type\":\"ListItem\",\"position\":1,\"name\":\"Home\",\"item\":\"https:\/\/www.miomiorun.com\/es\/\"},{\"@type\":\"ListItem\",\"position\":2,\"name\":\"Shop\",\"item\":\"https:\/\/www.miomiorun.com\/shop\/\"},{\"@type\":\"ListItem\",\"position\":3,\"name\":\"BGS Charged Rogue 4 kids\"}]},{\"@type\":\"WebSite\",\"@id\":\"https:\/\/www.miomiorun.com\/es\/#website\",\"url\":\"https:\/\/www.miomiorun.com\/es\/\",\"name\":\"MioMioRun\",\"description\":\"Tienda 100% running y trail\",\"publisher\":{\"@id\":\"https:\/\/www.miomiorun.com\/es\/#organization\"},\"potentialAction\":[{\"@type\":\"SearchAction\",\"target\":{\"@type\":\"EntryPoint\",\"urlTemplate\":\"https:\/\/www.miomiorun.com\/es\/?s={search_term_string}\"},\"query-input\":{\"@type\":\"PropertyValueSpecification\",\"valueRequired\":true,\"valueName\":\"search_term_string\"}}],\"inLanguage\":\"es-ES\"},{\"@type\":\"Organization\",\"@id\":\"https:\/\/www.miomiorun.com\/es\/#organization\",\"name\":\"MioMio Run\",\"url\":\"https:\/\/www.miomiorun.com\/es\/\",\"logo\":{\"@type\":\"ImageObject\",\"inLanguage\":\"es-ES\",\"@id\":\"https:\/\/www.miomiorun.com\/es\/#\/schema\/logo\/image\/\",\"url\":\"https:\/\/www.miomiorun.com\/app\/uploads\/2019\/12\/logomio.png\",\"contentUrl\":\"https:\/\/www.miomiorun.com\/app\/uploads\/2019\/12\/logomio.png\",\"width\":115,\"height\":82,\"caption\":\"MioMio Run\"},\"image\":{\"@id\":\"https:\/\/www.miomiorun.com\/es\/#\/schema\/logo\/image\/\"},\"sameAs\":[\"https:\/\/www.facebook.com\/miomiorun\/\",\"https:\/\/www.instagram.com\/miomiorun\/\"]}]}<\/script>\n<!-- \/ Yoast SEO plugin. -->","yoast_head_json":{"title":"Under Armour BGS Charged Rogue 4 kids -carrera infantil - MioMioRun","description":"Una zapatilla de running que combina una malla ligera y transpirable con la entresuela Charged Cushioning\u00ae para ofrecer una reactividad extraordinaria","robots":{"index":"index","follow":"follow","max-snippet":"max-snippet:-1","max-image-preview":"max-image-preview:large","max-video-preview":"max-video-preview:-1"},"canonical":"https:\/\/www.miomiorun.com\/es\/producto\/bgs-charged-rogue-4-kids\/","og_locale":"es_ES","og_type":"article","og_title":"Under Armour BGS Charged Rogue 4 kids -carrera infantil - MioMioRun","og_description":"Una zapatilla de running que combina una malla ligera y transpirable con la entresuela Charged Cushioning\u00ae para ofrecer una reactividad extraordinaria","og_url":"https:\/\/www.miomiorun.com\/es\/producto\/bgs-charged-rogue-4-kids\/","og_site_name":"MioMioRun","article_publisher":"https:\/\/www.facebook.com\/miomiorun\/","article_modified_time":"2026-04-23T09:43:59+00:00","og_image":[{"width":600,"height":600,"url":"https:\/\/www.miomiorun.com\/app\/uploads\/2024\/08\/Under-Armour-BGS-Charged-Rogue-4-3027106-0001.webp","type":"image\/webp"}],"twitter_card":"summary_large_image","twitter_misc":{"Est. reading time":"1 minute"},"schema":{"@context":"https:\/\/schema.org","@graph":[{"@type":"WebPage","@id":"https:\/\/www.miomiorun.com\/es\/producto\/bgs-charged-rogue-4-kids\/","url":"https:\/\/www.miomiorun.com\/es\/producto\/bgs-charged-rogue-4-kids\/","name":"Under Armour BGS Charged Rogue 4 kids -carrera infantil - MioMioRun","isPartOf":{"@id":"https:\/\/www.miomiorun.com\/es\/#website"},"primaryImageOfPage":{"@id":"https:\/\/www.miomiorun.com\/es\/producto\/bgs-charged-rogue-4-kids\/#primaryimage"},"image":{"@id":"https:\/\/www.miomiorun.com\/es\/producto\/bgs-charged-rogue-4-kids\/#primaryimage"},"thumbnailUrl":"https:\/\/www.miomiorun.com\/app\/uploads\/2024\/08\/Under-Armour-BGS-Charged-Rogue-4-3027106-0001.webp","datePublished":"2024-07-30T11:33:41+00:00","dateModified":"2026-04-23T09:43:59+00:00","description":"Una zapatilla de running que combina una malla ligera y transpirable con la entresuela Charged Cushioning\u00ae para ofrecer una reactividad extraordinaria","breadcrumb":{"@id":"https:\/\/www.miomiorun.com\/es\/producto\/bgs-charged-rogue-4-kids\/#breadcrumb"},"inLanguage":"es-ES","potentialAction":[{"@type":"ReadAction","target":["https:\/\/www.miomiorun.com\/es\/producto\/bgs-charged-rogue-4-kids\/"]}]},{"@type":"ImageObject","inLanguage":"es-ES","@id":"https:\/\/www.miomiorun.com\/es\/producto\/bgs-charged-rogue-4-kids\/#primaryimage","url":"https:\/\/www.miomiorun.com\/app\/uploads\/2024\/08\/Under-Armour-BGS-Charged-Rogue-4-3027106-0001.webp","contentUrl":"https:\/\/www.miomiorun.com\/app\/uploads\/2024\/08\/Under-Armour-BGS-Charged-Rogue-4-3027106-0001.webp","width":600,"height":600,"caption":"Under Armour BGS Charged Rogue 4 3027106 0001"},{"@type":"BreadcrumbList","@id":"https:\/\/www.miomiorun.com\/es\/producto\/bgs-charged-rogue-4-kids\/#breadcrumb","itemListElement":[{"@type":"ListItem","position":1,"name":"Home","item":"https:\/\/www.miomiorun.com\/es\/"},{"@type":"ListItem","position":2,"name":"Shop","item":"https:\/\/www.miomiorun.com\/shop\/"},{"@type":"ListItem","position":3,"name":"BGS Charged Rogue 4 kids"}]},{"@type":"WebSite","@id":"https:\/\/www.miomiorun.com\/es\/#website","url":"https:\/\/www.miomiorun.com\/es\/","name":"MioMioRun","description":"Tienda 100% running y trail","publisher":{"@id":"https:\/\/www.miomiorun.com\/es\/#organization"},"potentialAction":[{"@type":"SearchAction","target":{"@type":"EntryPoint","urlTemplate":"https:\/\/www.miomiorun.com\/es\/?s={search_term_string}"},"query-input":{"@type":"PropertyValueSpecification","valueRequired":true,"valueName":"search_term_string"}}],"inLanguage":"es-ES"},{"@type":"Organization","@id":"https:\/\/www.miomiorun.com\/es\/#organization","name":"MioMio Run","url":"https:\/\/www.miomiorun.com\/es\/","logo":{"@type":"ImageObject","inLanguage":"es-ES","@id":"https:\/\/www.miomiorun.com\/es\/#\/schema\/logo\/image\/","url":"https:\/\/www.miomiorun.com\/app\/uploads\/2019\/12\/logomio.png","contentUrl":"https:\/\/www.miomiorun.com\/app\/uploads\/2019\/12\/logomio.png","width":115,"height":82,"caption":"MioMio Run"},"image":{"@id":"https:\/\/www.miomiorun.com\/es\/#\/schema\/logo\/image\/"},"sameAs":["https:\/\/www.facebook.com\/miomiorun\/","https:\/\/www.instagram.com\/miomiorun\/"]}]}},"_links":{"self":[{"href":"https:\/\/www.miomiorun.com\/es\/wp-json\/wp\/v2\/product\/294376","targetHints":{"allow":["GET"]}}],"collection":[{"href":"https:\/\/www.miomiorun.com\/es\/wp-json\/wp\/v2\/product"}],"about":[{"href":"https:\/\/www.miomiorun.com\/es\/wp-json\/wp\/v2\/types\/product"}],"wp:featuredmedia":[{"embeddable":true,"href":"https:\/\/www.miomiorun.com\/es\/wp-json\/wp\/v2\/media\/248201"}],"wp:attachment":[{"href":"https:\/\/www.miomiorun.com\/es\/wp-json\/wp\/v2\/media?parent=294376"}],"wp:term":[{"taxonomy":"product_brand","embeddable":true,"href":"https:\/\/www.miomiorun.com\/es\/wp-json\/wp\/v2\/product_brand?post=294376"},{"taxonomy":"product_cat","embeddable":true,"href":"https:\/\/www.miomiorun.com\/es\/wp-json\/wp\/v2\/product_cat?post=294376"},{"taxonomy":"product_tag","embeddable":true,"href":"https:\/\/www.miomiorun.com\/es\/wp-json\/wp\/v2\/product_tag?post=294376"}],"curies":[{"name":"wp","href":"https:\/\/api.w.org\/{rel}","templated":true}]}}