{"id":294283,"date":"2024-08-22T14:55:50","date_gmt":"2024-08-22T12:55:50","guid":{"rendered":"https:\/\/miomiorun.com\/prodotto\/torrent-4-donna\/"},"modified":"2026-02-27T12:30:35","modified_gmt":"2026-02-27T11:30:35","slug":"torrent-4-mujer","status":"publish","type":"product","link":"https:\/\/www.miomiorun.com\/es\/producto\/torrent-4-mujer\/","title":{"rendered":"Torrent 4 mujer"},"content":{"rendered":"<div class=\"vc-row container\"><div class=\"vc-column\"><div class=\"vc-column-text\"><\/p>\n<p><strong>Especificaciones t\u00e9cnicas<\/strong><\/p>\n<p>Categor\u00eda: amortiguaci\u00f3n superior.<br \/>\nDesviaci\u00f3n: 5 mm.<br \/>\nPeso: 236 g<br \/>\nIdeal para: atletas con peso medio\/bajo que desean mantener un ritmo de carrera sostenido en recorridos de media distancia. Como todas las zapatillas de trail de Hoka, se puede utilizar para caminar por la monta\u00f1a en cualquier terreno y distancia.<br \/>\nPeso del atleta: 50-70 kg<br \/>\nRitmo de carrera: 4,00-5,00 min\/km<br \/>\n<a href=\"https:\/\/miomiorun.com\/es\/guia-especifica\/\">Gu\u00eda de especificaciones t\u00e9cnicas<\/a><\/p>\n<p><\/div><\/div><div class=\"vc-column\"><div class=\"vc-column-text\"><strong>Tracci\u00f3n ligera y suave en los senderos.<\/strong><\/p>\n<p>M\u00e1s suave, reactiva, estable y resistente: la nueva versi\u00f3n de la <strong>Torrent 4<\/strong> para mujer se centra en la amortiguaci\u00f3n y se ha perfeccionado para los senderos. Se ha mejorado el compuesto de la entresuela para ofrecer una experiencia de uso m\u00e1s ligera y c\u00f3moda, aumentando la altura de la suela pero asegurando que Active Foot Frame\u2122 envuelva firmemente el pie. Adem\u00e1s, se ha redise\u00f1ado la suela de 5 mm para conseguir un agarre a\u00fan m\u00e1s agresivo, colocando el revestimiento de goma antiabrasi\u00f3n en un punto estrat\u00e9gico de la suela e insertando una plantilla muy suave para garantizar la comodidad a largo plazo.<\/p>\n<p><strong>Caracter\u00edsticas:<\/strong><\/p>\n<ul class=\"features-container\">\n<li><\/li>\n<\/ul>\n<ul class=\"features-container\">\n<li class=\"feature-item\">Cuello acolchado y moldeado.<\/li>\n<li class=\"feature-item\">Parte superior transpirable de malla monocapa de poli\u00e9ster reciclado (35 %).<\/li>\n<li class=\"feature-item\">Jaula de soporte termofundida.<\/li>\n<li class=\"feature-item\">Leng\u00fceta plana con fuelle.<\/li>\n<li class=\"feature-item\">Borde estampado en 3D.<\/li>\n<li class=\"feature-item\">Compuesto de entresuela ligero y reactivo.<\/li>\n<li class=\"feature-item\">MetaRocker\u2122 cerca del empeine.<\/li>\n<li class=\"feature-item\">Active Foot Frame\u2122 concentrado en el tal\u00f3n.<\/li>\n<li class=\"feature-item\">Revestimiento de goma estrat\u00e9gicamente colocado para garantizar resistencia y estabilidad.<\/li>\n<li class=\"feature-item\">Suela agresiva de 5 mm de goma resistente a la abrasi\u00f3n.<\/li>\n<\/ul>\n<div class=\"description-whatsnew\">\n<p><strong>NOVEDAD<\/strong><\/p>\n<p>Modelo renovado de arriba abajo gracias a la nueva espuma de la entresuela, la mayor altura de la suela, la cubierta de goma ampliada, con la forma y la orientaci\u00f3n de los elementos de la suela modificadas, y el tirante de tela en el tal\u00f3n.<\/p>\n<h2 class=\"card-title mb-3\"><span title=\"\" data-toggle=\"tooltip\" data-placement=\"bottom\" data-title=\"Alcune scarpe hanno un supporto integrato superiore, pensato per gli iperpronatori; altre sono in minima parte ortopediche, progettate per garantire ammortizzazione senza ostacolarti.\" data-original-title=\"\"> <span class=\"techspec-bar-title\">Estabilidad<\/span><\/span><\/h2>\n<p class=\"tech-spec-product-msg active\">Torrent 4 cuenta con una cama amortiguada sim\u00e9trica, sin tecnolog\u00edas ortop\u00e9dicas adicionales. Dise\u00f1ada para ofrecerte el apoyo que necesitas, sin caracter\u00edsticas superfluas.<\/p>\n<h2 class=\"card-title mb-3\"><span title=\"\" data-toggle=\"tooltip\" data-placement=\"bottom\" data-title=\"Tutte le nostre calzature presentano un\u2019intersuola ammortizzata, progettata per ridurre l\u2019impatto e garantire supporto. La quantit\u00e0 di ammortizzazione e quanto sia compatta o morbida varia da modello a modello.\" data-original-title=\"\"> <span class=\"techspec-bar-title\">Amortiguaci\u00f3n<\/span><\/span><\/h2>\n<p class=\"tech-spec-product-msg active\">Torrent 4 est\u00e1 dise\u00f1ado para ofrecer una amortiguaci\u00f3n protectora, al tiempo que mantiene un impulso reactivo cuando deseas aumentar la velocidad.<\/p>\n<\/div>\n<p><\/div><\/div><\/div>\n","protected":false},"excerpt":{"rendered":"<ul>\n<li class=\"feature-item\">Ideal para quienes practican trail a un ritmo sostenido.<\/li>\n<li>Excelente en todo tipo de terrenos y distancias.<\/li>\n<\/ul>\n","protected":false},"featured_media":323327,"template":"","meta":{"_acf_changed":false,"inline_featured_image":false},"product_brand":[],"product_cat":[24227,24230],"product_tag":[23479,23645],"class_list":{"0":"post-294283","1":"product","2":"type-product","3":"status-publish","4":"has-post-thumbnail","6":"product_cat-calzado-femenino","7":"product_cat-trail-es","8":"product_tag-hoka-one-one-es","9":"product_tag-hoka-mujer","10":"pa_attivita-outdoor-es","11":"pa_attivita-trail-es","12":"pa_colore-torrent-4-w-cielo-blue-skyward-blue-es","13":"pa_colore-torrent-4-w-stormy-skies-cerise-es","14":"pa_marca-hoka-es","15":"pa_sesso-mujer","16":"pa_size-38-es","18":"pa_size-40-es","20":"first","21":"instock","22":"sale","23":"taxable","24":"shipping-taxable","25":"purchasable","26":"product-type-variable","27":"wvs-archive-product-wrapper"},"acf":[],"yoast_head":"<!-- This site is optimized with the Yoast SEO plugin v26.8 - https:\/\/yoast.com\/product\/yoast-seo-wordpress\/ -->\n<title>HokaTorrent 4 mujer - zapatillas de trail - MioMioRun.com<\/title>\n<meta name=\"description\" content=\"M\u00e1s suave, reactiva, estable y resistente: la nueva versi\u00f3n de Torrent 4 para mujer se centra en la amortiguaci\u00f3n y se ha perfeccionado para los senderos.\" \/>\n<meta name=\"robots\" content=\"index, follow, max-snippet:-1, max-image-preview:large, max-video-preview:-1\" \/>\n<link rel=\"canonical\" href=\"https:\/\/www.miomiorun.com\/es\/producto\/torrent-4-mujer\/\" \/>\n<meta property=\"og:locale\" content=\"es_ES\" \/>\n<meta property=\"og:type\" content=\"article\" \/>\n<meta property=\"og:title\" content=\"HokaTorrent 4 mujer - zapatillas de trail - MioMioRun.com\" \/>\n<meta property=\"og:description\" content=\"M\u00e1s suave, reactiva, estable y resistente: la nueva versi\u00f3n de Torrent 4 para mujer se centra en la amortiguaci\u00f3n y se ha perfeccionado para los senderos.\" \/>\n<meta property=\"og:url\" content=\"https:\/\/www.miomiorun.com\/es\/producto\/torrent-4-mujer\/\" \/>\n<meta property=\"og:site_name\" content=\"MioMioRun\" \/>\n<meta property=\"article:publisher\" content=\"https:\/\/www.facebook.com\/miomiorun\/\" \/>\n<meta property=\"article:modified_time\" content=\"2026-02-27T11:30:35+00:00\" \/>\n<meta property=\"og:image\" content=\"https:\/\/www.miomiorun.com\/app\/uploads\/2025\/07\/hoka-Torrent-4-W-cielo-blue-skyward-blue-1155074-CKY.webp\" \/>\n\t<meta property=\"og:image:width\" content=\"600\" \/>\n\t<meta property=\"og:image:height\" content=\"600\" \/>\n\t<meta property=\"og:image:type\" content=\"image\/webp\" \/>\n<meta name=\"twitter:card\" content=\"summary_large_image\" \/>\n<meta name=\"twitter:label1\" content=\"Est. reading time\" \/>\n\t<meta name=\"twitter:data1\" content=\"2 minutes\" \/>\n<script type=\"application\/ld+json\" class=\"yoast-schema-graph\">{\"@context\":\"https:\/\/schema.org\",\"@graph\":[{\"@type\":\"WebPage\",\"@id\":\"https:\/\/www.miomiorun.com\/es\/producto\/torrent-4-mujer\/\",\"url\":\"https:\/\/www.miomiorun.com\/es\/producto\/torrent-4-mujer\/\",\"name\":\"HokaTorrent 4 mujer - zapatillas de trail - MioMioRun.com\",\"isPartOf\":{\"@id\":\"https:\/\/www.miomiorun.com\/es\/#website\"},\"primaryImageOfPage\":{\"@id\":\"https:\/\/www.miomiorun.com\/es\/producto\/torrent-4-mujer\/#primaryimage\"},\"image\":{\"@id\":\"https:\/\/www.miomiorun.com\/es\/producto\/torrent-4-mujer\/#primaryimage\"},\"thumbnailUrl\":\"https:\/\/www.miomiorun.com\/app\/uploads\/2025\/07\/hoka-Torrent-4-W-cielo-blue-skyward-blue-1155074-CKY.webp\",\"datePublished\":\"2024-08-22T12:55:50+00:00\",\"dateModified\":\"2026-02-27T11:30:35+00:00\",\"description\":\"M\u00e1s suave, reactiva, estable y resistente: la nueva versi\u00f3n de Torrent 4 para mujer se centra en la amortiguaci\u00f3n y se ha perfeccionado para los senderos.\",\"breadcrumb\":{\"@id\":\"https:\/\/www.miomiorun.com\/es\/producto\/torrent-4-mujer\/#breadcrumb\"},\"inLanguage\":\"es-ES\",\"potentialAction\":[{\"@type\":\"ReadAction\",\"target\":[\"https:\/\/www.miomiorun.com\/es\/producto\/torrent-4-mujer\/\"]}]},{\"@type\":\"ImageObject\",\"inLanguage\":\"es-ES\",\"@id\":\"https:\/\/www.miomiorun.com\/es\/producto\/torrent-4-mujer\/#primaryimage\",\"url\":\"https:\/\/www.miomiorun.com\/app\/uploads\/2025\/07\/hoka-Torrent-4-W-cielo-blue-skyward-blue-1155074-CKY.webp\",\"contentUrl\":\"https:\/\/www.miomiorun.com\/app\/uploads\/2025\/07\/hoka-Torrent-4-W-cielo-blue-skyward-blue-1155074-CKY.webp\",\"width\":600,\"height\":600,\"caption\":\"hoka Torrent 4 W cielo blue skyward blue 1155074 CKY\"},{\"@type\":\"BreadcrumbList\",\"@id\":\"https:\/\/www.miomiorun.com\/es\/producto\/torrent-4-mujer\/#breadcrumb\",\"itemListElement\":[{\"@type\":\"ListItem\",\"position\":1,\"name\":\"Home\",\"item\":\"https:\/\/www.miomiorun.com\/es\/\"},{\"@type\":\"ListItem\",\"position\":2,\"name\":\"Shop\",\"item\":\"https:\/\/www.miomiorun.com\/shop\/\"},{\"@type\":\"ListItem\",\"position\":3,\"name\":\"Torrent 4 mujer\"}]},{\"@type\":\"WebSite\",\"@id\":\"https:\/\/www.miomiorun.com\/es\/#website\",\"url\":\"https:\/\/www.miomiorun.com\/es\/\",\"name\":\"MioMioRun\",\"description\":\"Tienda 100% running y trail\",\"publisher\":{\"@id\":\"https:\/\/www.miomiorun.com\/es\/#organization\"},\"potentialAction\":[{\"@type\":\"SearchAction\",\"target\":{\"@type\":\"EntryPoint\",\"urlTemplate\":\"https:\/\/www.miomiorun.com\/es\/?s={search_term_string}\"},\"query-input\":{\"@type\":\"PropertyValueSpecification\",\"valueRequired\":true,\"valueName\":\"search_term_string\"}}],\"inLanguage\":\"es-ES\"},{\"@type\":\"Organization\",\"@id\":\"https:\/\/www.miomiorun.com\/es\/#organization\",\"name\":\"MioMio Run\",\"url\":\"https:\/\/www.miomiorun.com\/es\/\",\"logo\":{\"@type\":\"ImageObject\",\"inLanguage\":\"es-ES\",\"@id\":\"https:\/\/www.miomiorun.com\/es\/#\/schema\/logo\/image\/\",\"url\":\"https:\/\/www.miomiorun.com\/app\/uploads\/2019\/12\/logomio.png\",\"contentUrl\":\"https:\/\/www.miomiorun.com\/app\/uploads\/2019\/12\/logomio.png\",\"width\":115,\"height\":82,\"caption\":\"MioMio Run\"},\"image\":{\"@id\":\"https:\/\/www.miomiorun.com\/es\/#\/schema\/logo\/image\/\"},\"sameAs\":[\"https:\/\/www.facebook.com\/miomiorun\/\",\"https:\/\/www.instagram.com\/miomiorun\/\"]}]}<\/script>\n<!-- \/ Yoast SEO plugin. -->","yoast_head_json":{"title":"HokaTorrent 4 mujer - zapatillas de trail - MioMioRun.com","description":"M\u00e1s suave, reactiva, estable y resistente: la nueva versi\u00f3n de Torrent 4 para mujer se centra en la amortiguaci\u00f3n y se ha perfeccionado para los senderos.","robots":{"index":"index","follow":"follow","max-snippet":"max-snippet:-1","max-image-preview":"max-image-preview:large","max-video-preview":"max-video-preview:-1"},"canonical":"https:\/\/www.miomiorun.com\/es\/producto\/torrent-4-mujer\/","og_locale":"es_ES","og_type":"article","og_title":"HokaTorrent 4 mujer - zapatillas de trail - MioMioRun.com","og_description":"M\u00e1s suave, reactiva, estable y resistente: la nueva versi\u00f3n de Torrent 4 para mujer se centra en la amortiguaci\u00f3n y se ha perfeccionado para los senderos.","og_url":"https:\/\/www.miomiorun.com\/es\/producto\/torrent-4-mujer\/","og_site_name":"MioMioRun","article_publisher":"https:\/\/www.facebook.com\/miomiorun\/","article_modified_time":"2026-02-27T11:30:35+00:00","og_image":[{"width":600,"height":600,"url":"https:\/\/www.miomiorun.com\/app\/uploads\/2025\/07\/hoka-Torrent-4-W-cielo-blue-skyward-blue-1155074-CKY.webp","type":"image\/webp"}],"twitter_card":"summary_large_image","twitter_misc":{"Est. reading time":"2 minutes"},"schema":{"@context":"https:\/\/schema.org","@graph":[{"@type":"WebPage","@id":"https:\/\/www.miomiorun.com\/es\/producto\/torrent-4-mujer\/","url":"https:\/\/www.miomiorun.com\/es\/producto\/torrent-4-mujer\/","name":"HokaTorrent 4 mujer - zapatillas de trail - MioMioRun.com","isPartOf":{"@id":"https:\/\/www.miomiorun.com\/es\/#website"},"primaryImageOfPage":{"@id":"https:\/\/www.miomiorun.com\/es\/producto\/torrent-4-mujer\/#primaryimage"},"image":{"@id":"https:\/\/www.miomiorun.com\/es\/producto\/torrent-4-mujer\/#primaryimage"},"thumbnailUrl":"https:\/\/www.miomiorun.com\/app\/uploads\/2025\/07\/hoka-Torrent-4-W-cielo-blue-skyward-blue-1155074-CKY.webp","datePublished":"2024-08-22T12:55:50+00:00","dateModified":"2026-02-27T11:30:35+00:00","description":"M\u00e1s suave, reactiva, estable y resistente: la nueva versi\u00f3n de Torrent 4 para mujer se centra en la amortiguaci\u00f3n y se ha perfeccionado para los senderos.","breadcrumb":{"@id":"https:\/\/www.miomiorun.com\/es\/producto\/torrent-4-mujer\/#breadcrumb"},"inLanguage":"es-ES","potentialAction":[{"@type":"ReadAction","target":["https:\/\/www.miomiorun.com\/es\/producto\/torrent-4-mujer\/"]}]},{"@type":"ImageObject","inLanguage":"es-ES","@id":"https:\/\/www.miomiorun.com\/es\/producto\/torrent-4-mujer\/#primaryimage","url":"https:\/\/www.miomiorun.com\/app\/uploads\/2025\/07\/hoka-Torrent-4-W-cielo-blue-skyward-blue-1155074-CKY.webp","contentUrl":"https:\/\/www.miomiorun.com\/app\/uploads\/2025\/07\/hoka-Torrent-4-W-cielo-blue-skyward-blue-1155074-CKY.webp","width":600,"height":600,"caption":"hoka Torrent 4 W cielo blue skyward blue 1155074 CKY"},{"@type":"BreadcrumbList","@id":"https:\/\/www.miomiorun.com\/es\/producto\/torrent-4-mujer\/#breadcrumb","itemListElement":[{"@type":"ListItem","position":1,"name":"Home","item":"https:\/\/www.miomiorun.com\/es\/"},{"@type":"ListItem","position":2,"name":"Shop","item":"https:\/\/www.miomiorun.com\/shop\/"},{"@type":"ListItem","position":3,"name":"Torrent 4 mujer"}]},{"@type":"WebSite","@id":"https:\/\/www.miomiorun.com\/es\/#website","url":"https:\/\/www.miomiorun.com\/es\/","name":"MioMioRun","description":"Tienda 100% running y trail","publisher":{"@id":"https:\/\/www.miomiorun.com\/es\/#organization"},"potentialAction":[{"@type":"SearchAction","target":{"@type":"EntryPoint","urlTemplate":"https:\/\/www.miomiorun.com\/es\/?s={search_term_string}"},"query-input":{"@type":"PropertyValueSpecification","valueRequired":true,"valueName":"search_term_string"}}],"inLanguage":"es-ES"},{"@type":"Organization","@id":"https:\/\/www.miomiorun.com\/es\/#organization","name":"MioMio Run","url":"https:\/\/www.miomiorun.com\/es\/","logo":{"@type":"ImageObject","inLanguage":"es-ES","@id":"https:\/\/www.miomiorun.com\/es\/#\/schema\/logo\/image\/","url":"https:\/\/www.miomiorun.com\/app\/uploads\/2019\/12\/logomio.png","contentUrl":"https:\/\/www.miomiorun.com\/app\/uploads\/2019\/12\/logomio.png","width":115,"height":82,"caption":"MioMio Run"},"image":{"@id":"https:\/\/www.miomiorun.com\/es\/#\/schema\/logo\/image\/"},"sameAs":["https:\/\/www.facebook.com\/miomiorun\/","https:\/\/www.instagram.com\/miomiorun\/"]}]}},"_links":{"self":[{"href":"https:\/\/www.miomiorun.com\/es\/wp-json\/wp\/v2\/product\/294283","targetHints":{"allow":["GET"]}}],"collection":[{"href":"https:\/\/www.miomiorun.com\/es\/wp-json\/wp\/v2\/product"}],"about":[{"href":"https:\/\/www.miomiorun.com\/es\/wp-json\/wp\/v2\/types\/product"}],"wp:featuredmedia":[{"embeddable":true,"href":"https:\/\/www.miomiorun.com\/es\/wp-json\/wp\/v2\/media\/323327"}],"wp:attachment":[{"href":"https:\/\/www.miomiorun.com\/es\/wp-json\/wp\/v2\/media?parent=294283"}],"wp:term":[{"taxonomy":"product_brand","embeddable":true,"href":"https:\/\/www.miomiorun.com\/es\/wp-json\/wp\/v2\/product_brand?post=294283"},{"taxonomy":"product_cat","embeddable":true,"href":"https:\/\/www.miomiorun.com\/es\/wp-json\/wp\/v2\/product_cat?post=294283"},{"taxonomy":"product_tag","embeddable":true,"href":"https:\/\/www.miomiorun.com\/es\/wp-json\/wp\/v2\/product_tag?post=294283"}],"curies":[{"name":"wp","href":"https:\/\/api.w.org\/{rel}","templated":true}]}}