{"id":294244,"date":"2024-08-06T14:45:05","date_gmt":"2024-08-06T12:45:05","guid":{"rendered":"https:\/\/miomiorun.com\/prodotto\/velociti-elite-2-uomo\/"},"modified":"2026-02-25T18:00:47","modified_gmt":"2026-02-25T17:00:47","slug":"velociti-elite-2-hombre","status":"publish","type":"product","link":"https:\/\/www.miomiorun.com\/es\/producto\/velociti-elite-2-hombre\/","title":{"rendered":"Velociti Elite 2 hombre"},"content":{"rendered":"<div class=\"vc-row container\"><div class=\"vc-column\"><div class=\"vc-column-text\"><\/p>\n<h4>Especificaciones t\u00e9cnicas<\/h4>\n<p>Categor\u00eda: Amortiguaci\u00f3n reactiva.<br \/>\nOffset: 8 mm.<br \/>\nPeso: 232 g.<br \/>\nIdeal para: corredores avanzados que buscan un alto rendimiento y comodidad al correr al mismo tiempo, para obtener excelentes resultados en carreras largas como una marat\u00f3n y que buscan una zapatilla con placa de fibra de carbono.<br \/>\nPeso del atleta: 50-65 kg.<br \/>\nRitmo de carrera: r\u00e1pido (&gt;4,00 min\/km).<br \/>\n<a href=\"https:\/\/miomiorun.com\/es\/guia-especifica\/\">Gu\u00eda de especificaciones t\u00e9cnicas<\/a><\/p>\n<p><\/div><\/div><div class=\"vc-column\"><div class=\"vc-column-text\"><\/p>\n<h2>Probadas por algunos de los corredores m\u00e1s r\u00e1pidos del mundo, estas zapatillas de marat\u00f3n han sido dise\u00f1adas para alcanzar velocidades de campeones.<\/h2>\n<p>La suela plana de fibra de carbono en toda su longitud a\u00f1ade propulsi\u00f3n, mientras que la amortiguaci\u00f3n UA Flow sin goma hace que esta zapatilla sea ligera y se adhiera al suelo.<\/p>\n<div class=\"module__primary-text module__text-headline2 cm-richtext\">\n<div>\n<h2 style=\"text-align: center\">CREADAS PARA GANAR MARATONES<\/h2>\n<\/div>\n<\/div>\n<div class=\"module__columns\">\n<div class=\"module__secondary-text cm-richtext\">\n<div>\n<p><strong>Velociti Elite 2<\/strong> para hombre es una zapatilla ligera y r\u00e1pida que ayudar\u00e1 a los profesionales a dar lo mejor de s\u00ed mismos y les llevar\u00e1 a ganar maratones. Como la corredora profesional Sharon Lokedi, que tras meses de pruebas y entrenamientos con las UA Velociti Elite 2, se calz\u00f3 estas zapatillas sin goma y con placa de fibra de carbono para ganar su primer marat\u00f3n en 2022.<\/p>\n<p><strong>Caracter\u00edsticas:<\/strong><\/p>\n<div id=\"acc-1\" class=\"g-accordion-content collapse show\">\n<ul class=\"t-tabs_data\">\n<li class=\"t-tabs_list\">Ventajas: ligereza, velocidad y explosividad para carreras de larga y media distancia, como maratones<\/li>\n<li class=\"t-tabs_list\">La parte superior Warp 2.0 optimiza la sujeci\u00f3n con una estabilidad ligera y permite la m\u00e1xima transpirabilidad<\/li>\n<li class=\"t-tabs_list\">Plantilla de TPE para mayor resistencia y elasticidad en cada pisada<\/li>\n<li class=\"t-tabs_list\">La suela plana de fibra de carbono en toda su longitud a\u00f1ade explosividad a cada zancada<\/li>\n<li class=\"t-tabs_list\">La tecnolog\u00eda Flow elimina la suela de goma, lo que favorece una carrera m\u00e1s ligera y fluida en cualquier superficie<\/li>\n<li class=\"t-tabs_list\">El material de la suela es muy resistente y mejora la tracci\u00f3n<\/li>\n<li class=\"t-tabs_list\">Detalles reflectantes en 360\u00b0 para una mayor visibilidad durante las carreras en condiciones de poca luz<\/li>\n<\/ul>\n<div class=\"module__list-item-text cm-richtext\">\n<div>\n<p><strong>ULTRA LIGERA Y R\u00c1PIDA<\/strong><\/p>\n<\/div>\n<\/div>\n<div class=\"module__list-item-subtitle cm-richtext\">\n<div>\n<p>La suela UA Flow todo en uno sin goma y el sistema de amortiguaci\u00f3n te proporcionan una sensaci\u00f3n de ligereza que te conecta con el suelo.<\/p>\n<div class=\"module__list-item-text cm-richtext\">\n<div>\n<p><strong>OFRECE UN IMPULSO ADICIONAL<\/strong><\/p>\n<\/div>\n<\/div>\n<div class=\"module__list-item-subtitle cm-richtext\">\n<div>\n<p>Corre r\u00e1pido como un cohete con la ligereza de las UA Flow, el impulso propulsor de la espuma Pebax bio y la placa de fibra de carbono.<\/p>\n<div class=\"module__list-item-text cm-richtext\">\n<div>\n<p><strong>AJUSTE ESTABLE<\/strong><\/p>\n<\/div>\n<\/div>\n<div class=\"module__list-item-subtitle cm-richtext\">\n<div>\n<p>Dise\u00f1adas para ser minimalistas, transpirables y flexibles, adem\u00e1s de envolver el pie en los puntos adecuados.<\/p>\n<\/div>\n<\/div>\n<\/div>\n<\/div>\n<\/div>\n<\/div>\n<\/div>\n<\/div>\n<\/div>\n<\/div>\n<p><\/div><\/div><\/div>\n","protected":false},"excerpt":{"rendered":"<ul>\n<li>Zapatilla de marat\u00f3n r\u00e1pida y ligera<\/li>\n<li>Con placa de fibra de carbono<\/li>\n<\/ul>\n","protected":false},"featured_media":248231,"template":"","meta":{"_acf_changed":false,"inline_featured_image":false},"product_brand":[],"product_cat":[24454,24453,24464],"product_tag":[23529,23573],"class_list":{"0":"post-294244","1":"product","2":"type-product","3":"status-publish","4":"has-post-thumbnail","6":"product_cat-calzado-para-hombre","7":"product_cat-neutre-es-3","8":"product_cat-hombre","9":"product_tag-under-armour-es","10":"product_tag-under-armour-hombre","11":"pa_attivita-running-es","12":"pa_colore-velociti-elite-2-black-hyper-green-es","13":"pa_colore-velociti-elite-2-morph-green-es","14":"pa_colore-velociti-elite-2-white-ares-red-es","15":"pa_marca-under-armour-es","16":"pa_sesso-hombre","17":"pa_sesso-mujer","18":"pa_size-41-es","19":"pa_size-42-5-es","20":"pa_size-43-es","21":"pa_size-44-es","22":"pa_size-44-5-es","23":"pa_size-45-es","25":"first","26":"instock","27":"sale","28":"taxable","29":"shipping-taxable","30":"purchasable","31":"product-type-variable","32":"wvs-archive-product-wrapper"},"acf":[],"yoast_head":"<!-- This site is optimized with the Yoast SEO plugin v26.8 - https:\/\/yoast.com\/product\/yoast-seo-wordpress\/ -->\n<title>Under Armour Velociti Elite 2 hombre -zapatillas de running - MioMioRun<\/title>\n<meta name=\"description\" content=\"Las Velociti Elite 2 para hombre son unas zapatillas ligeras y r\u00e1pidas que ayudar\u00e1n a los profesionales a dar lo mejor de s\u00ed mismos y les llevar\u00e1n a ganar maratones.\" \/>\n<meta name=\"robots\" content=\"index, follow, max-snippet:-1, max-image-preview:large, max-video-preview:-1\" \/>\n<link rel=\"canonical\" href=\"https:\/\/www.miomiorun.com\/es\/producto\/velociti-elite-2-hombre\/\" \/>\n<meta property=\"og:locale\" content=\"es_ES\" \/>\n<meta property=\"og:type\" content=\"article\" \/>\n<meta property=\"og:title\" content=\"Under Armour Velociti Elite 2 hombre -zapatillas de running - MioMioRun\" \/>\n<meta property=\"og:description\" content=\"Las Velociti Elite 2 para hombre son unas zapatillas ligeras y r\u00e1pidas que ayudar\u00e1n a los profesionales a dar lo mejor de s\u00ed mismos y les llevar\u00e1n a ganar maratones.\" \/>\n<meta property=\"og:url\" content=\"https:\/\/www.miomiorun.com\/es\/producto\/velociti-elite-2-hombre\/\" \/>\n<meta property=\"og:site_name\" content=\"MioMioRun\" \/>\n<meta property=\"article:publisher\" content=\"https:\/\/www.facebook.com\/miomiorun\/\" \/>\n<meta property=\"article:modified_time\" content=\"2026-02-25T17:00:47+00:00\" \/>\n<meta property=\"og:image\" content=\"https:\/\/www.miomiorun.com\/app\/uploads\/2024\/08\/Under-Armour-Velociti-Elite-2-morph-green-3027205-0300.webp\" \/>\n\t<meta property=\"og:image:width\" content=\"600\" \/>\n\t<meta property=\"og:image:height\" content=\"600\" \/>\n\t<meta property=\"og:image:type\" content=\"image\/webp\" \/>\n<meta name=\"twitter:card\" content=\"summary_large_image\" \/>\n<meta name=\"twitter:label1\" content=\"Est. reading time\" \/>\n\t<meta name=\"twitter:data1\" content=\"2 minutes\" \/>\n<script type=\"application\/ld+json\" class=\"yoast-schema-graph\">{\"@context\":\"https:\/\/schema.org\",\"@graph\":[{\"@type\":\"WebPage\",\"@id\":\"https:\/\/www.miomiorun.com\/es\/producto\/velociti-elite-2-hombre\/\",\"url\":\"https:\/\/www.miomiorun.com\/es\/producto\/velociti-elite-2-hombre\/\",\"name\":\"Under Armour Velociti Elite 2 hombre -zapatillas de running - MioMioRun\",\"isPartOf\":{\"@id\":\"https:\/\/www.miomiorun.com\/es\/#website\"},\"primaryImageOfPage\":{\"@id\":\"https:\/\/www.miomiorun.com\/es\/producto\/velociti-elite-2-hombre\/#primaryimage\"},\"image\":{\"@id\":\"https:\/\/www.miomiorun.com\/es\/producto\/velociti-elite-2-hombre\/#primaryimage\"},\"thumbnailUrl\":\"https:\/\/www.miomiorun.com\/app\/uploads\/2024\/08\/Under-Armour-Velociti-Elite-2-morph-green-3027205-0300.webp\",\"datePublished\":\"2024-08-06T12:45:05+00:00\",\"dateModified\":\"2026-02-25T17:00:47+00:00\",\"description\":\"Las Velociti Elite 2 para hombre son unas zapatillas ligeras y r\u00e1pidas que ayudar\u00e1n a los profesionales a dar lo mejor de s\u00ed mismos y les llevar\u00e1n a ganar maratones.\",\"breadcrumb\":{\"@id\":\"https:\/\/www.miomiorun.com\/es\/producto\/velociti-elite-2-hombre\/#breadcrumb\"},\"inLanguage\":\"es-ES\",\"potentialAction\":[{\"@type\":\"ReadAction\",\"target\":[\"https:\/\/www.miomiorun.com\/es\/producto\/velociti-elite-2-hombre\/\"]}]},{\"@type\":\"ImageObject\",\"inLanguage\":\"es-ES\",\"@id\":\"https:\/\/www.miomiorun.com\/es\/producto\/velociti-elite-2-hombre\/#primaryimage\",\"url\":\"https:\/\/www.miomiorun.com\/app\/uploads\/2024\/08\/Under-Armour-Velociti-Elite-2-morph-green-3027205-0300.webp\",\"contentUrl\":\"https:\/\/www.miomiorun.com\/app\/uploads\/2024\/08\/Under-Armour-Velociti-Elite-2-morph-green-3027205-0300.webp\",\"width\":600,\"height\":600,\"caption\":\"Under Armour Velociti Elite 2 morph green 3027205 0300\"},{\"@type\":\"BreadcrumbList\",\"@id\":\"https:\/\/www.miomiorun.com\/es\/producto\/velociti-elite-2-hombre\/#breadcrumb\",\"itemListElement\":[{\"@type\":\"ListItem\",\"position\":1,\"name\":\"Home\",\"item\":\"https:\/\/www.miomiorun.com\/es\/\"},{\"@type\":\"ListItem\",\"position\":2,\"name\":\"Shop\",\"item\":\"https:\/\/www.miomiorun.com\/shop\/\"},{\"@type\":\"ListItem\",\"position\":3,\"name\":\"Velociti Elite 2 hombre\"}]},{\"@type\":\"WebSite\",\"@id\":\"https:\/\/www.miomiorun.com\/es\/#website\",\"url\":\"https:\/\/www.miomiorun.com\/es\/\",\"name\":\"MioMioRun\",\"description\":\"Tienda 100% running y trail\",\"publisher\":{\"@id\":\"https:\/\/www.miomiorun.com\/es\/#organization\"},\"potentialAction\":[{\"@type\":\"SearchAction\",\"target\":{\"@type\":\"EntryPoint\",\"urlTemplate\":\"https:\/\/www.miomiorun.com\/es\/?s={search_term_string}\"},\"query-input\":{\"@type\":\"PropertyValueSpecification\",\"valueRequired\":true,\"valueName\":\"search_term_string\"}}],\"inLanguage\":\"es-ES\"},{\"@type\":\"Organization\",\"@id\":\"https:\/\/www.miomiorun.com\/es\/#organization\",\"name\":\"MioMio Run\",\"url\":\"https:\/\/www.miomiorun.com\/es\/\",\"logo\":{\"@type\":\"ImageObject\",\"inLanguage\":\"es-ES\",\"@id\":\"https:\/\/www.miomiorun.com\/es\/#\/schema\/logo\/image\/\",\"url\":\"https:\/\/www.miomiorun.com\/app\/uploads\/2019\/12\/logomio.png\",\"contentUrl\":\"https:\/\/www.miomiorun.com\/app\/uploads\/2019\/12\/logomio.png\",\"width\":115,\"height\":82,\"caption\":\"MioMio Run\"},\"image\":{\"@id\":\"https:\/\/www.miomiorun.com\/es\/#\/schema\/logo\/image\/\"},\"sameAs\":[\"https:\/\/www.facebook.com\/miomiorun\/\",\"https:\/\/www.instagram.com\/miomiorun\/\"]}]}<\/script>\n<!-- \/ Yoast SEO plugin. -->","yoast_head_json":{"title":"Under Armour Velociti Elite 2 hombre -zapatillas de running - MioMioRun","description":"Las Velociti Elite 2 para hombre son unas zapatillas ligeras y r\u00e1pidas que ayudar\u00e1n a los profesionales a dar lo mejor de s\u00ed mismos y les llevar\u00e1n a ganar maratones.","robots":{"index":"index","follow":"follow","max-snippet":"max-snippet:-1","max-image-preview":"max-image-preview:large","max-video-preview":"max-video-preview:-1"},"canonical":"https:\/\/www.miomiorun.com\/es\/producto\/velociti-elite-2-hombre\/","og_locale":"es_ES","og_type":"article","og_title":"Under Armour Velociti Elite 2 hombre -zapatillas de running - MioMioRun","og_description":"Las Velociti Elite 2 para hombre son unas zapatillas ligeras y r\u00e1pidas que ayudar\u00e1n a los profesionales a dar lo mejor de s\u00ed mismos y les llevar\u00e1n a ganar maratones.","og_url":"https:\/\/www.miomiorun.com\/es\/producto\/velociti-elite-2-hombre\/","og_site_name":"MioMioRun","article_publisher":"https:\/\/www.facebook.com\/miomiorun\/","article_modified_time":"2026-02-25T17:00:47+00:00","og_image":[{"width":600,"height":600,"url":"https:\/\/www.miomiorun.com\/app\/uploads\/2024\/08\/Under-Armour-Velociti-Elite-2-morph-green-3027205-0300.webp","type":"image\/webp"}],"twitter_card":"summary_large_image","twitter_misc":{"Est. reading time":"2 minutes"},"schema":{"@context":"https:\/\/schema.org","@graph":[{"@type":"WebPage","@id":"https:\/\/www.miomiorun.com\/es\/producto\/velociti-elite-2-hombre\/","url":"https:\/\/www.miomiorun.com\/es\/producto\/velociti-elite-2-hombre\/","name":"Under Armour Velociti Elite 2 hombre -zapatillas de running - MioMioRun","isPartOf":{"@id":"https:\/\/www.miomiorun.com\/es\/#website"},"primaryImageOfPage":{"@id":"https:\/\/www.miomiorun.com\/es\/producto\/velociti-elite-2-hombre\/#primaryimage"},"image":{"@id":"https:\/\/www.miomiorun.com\/es\/producto\/velociti-elite-2-hombre\/#primaryimage"},"thumbnailUrl":"https:\/\/www.miomiorun.com\/app\/uploads\/2024\/08\/Under-Armour-Velociti-Elite-2-morph-green-3027205-0300.webp","datePublished":"2024-08-06T12:45:05+00:00","dateModified":"2026-02-25T17:00:47+00:00","description":"Las Velociti Elite 2 para hombre son unas zapatillas ligeras y r\u00e1pidas que ayudar\u00e1n a los profesionales a dar lo mejor de s\u00ed mismos y les llevar\u00e1n a ganar maratones.","breadcrumb":{"@id":"https:\/\/www.miomiorun.com\/es\/producto\/velociti-elite-2-hombre\/#breadcrumb"},"inLanguage":"es-ES","potentialAction":[{"@type":"ReadAction","target":["https:\/\/www.miomiorun.com\/es\/producto\/velociti-elite-2-hombre\/"]}]},{"@type":"ImageObject","inLanguage":"es-ES","@id":"https:\/\/www.miomiorun.com\/es\/producto\/velociti-elite-2-hombre\/#primaryimage","url":"https:\/\/www.miomiorun.com\/app\/uploads\/2024\/08\/Under-Armour-Velociti-Elite-2-morph-green-3027205-0300.webp","contentUrl":"https:\/\/www.miomiorun.com\/app\/uploads\/2024\/08\/Under-Armour-Velociti-Elite-2-morph-green-3027205-0300.webp","width":600,"height":600,"caption":"Under Armour Velociti Elite 2 morph green 3027205 0300"},{"@type":"BreadcrumbList","@id":"https:\/\/www.miomiorun.com\/es\/producto\/velociti-elite-2-hombre\/#breadcrumb","itemListElement":[{"@type":"ListItem","position":1,"name":"Home","item":"https:\/\/www.miomiorun.com\/es\/"},{"@type":"ListItem","position":2,"name":"Shop","item":"https:\/\/www.miomiorun.com\/shop\/"},{"@type":"ListItem","position":3,"name":"Velociti Elite 2 hombre"}]},{"@type":"WebSite","@id":"https:\/\/www.miomiorun.com\/es\/#website","url":"https:\/\/www.miomiorun.com\/es\/","name":"MioMioRun","description":"Tienda 100% running y trail","publisher":{"@id":"https:\/\/www.miomiorun.com\/es\/#organization"},"potentialAction":[{"@type":"SearchAction","target":{"@type":"EntryPoint","urlTemplate":"https:\/\/www.miomiorun.com\/es\/?s={search_term_string}"},"query-input":{"@type":"PropertyValueSpecification","valueRequired":true,"valueName":"search_term_string"}}],"inLanguage":"es-ES"},{"@type":"Organization","@id":"https:\/\/www.miomiorun.com\/es\/#organization","name":"MioMio Run","url":"https:\/\/www.miomiorun.com\/es\/","logo":{"@type":"ImageObject","inLanguage":"es-ES","@id":"https:\/\/www.miomiorun.com\/es\/#\/schema\/logo\/image\/","url":"https:\/\/www.miomiorun.com\/app\/uploads\/2019\/12\/logomio.png","contentUrl":"https:\/\/www.miomiorun.com\/app\/uploads\/2019\/12\/logomio.png","width":115,"height":82,"caption":"MioMio Run"},"image":{"@id":"https:\/\/www.miomiorun.com\/es\/#\/schema\/logo\/image\/"},"sameAs":["https:\/\/www.facebook.com\/miomiorun\/","https:\/\/www.instagram.com\/miomiorun\/"]}]}},"_links":{"self":[{"href":"https:\/\/www.miomiorun.com\/es\/wp-json\/wp\/v2\/product\/294244","targetHints":{"allow":["GET"]}}],"collection":[{"href":"https:\/\/www.miomiorun.com\/es\/wp-json\/wp\/v2\/product"}],"about":[{"href":"https:\/\/www.miomiorun.com\/es\/wp-json\/wp\/v2\/types\/product"}],"wp:featuredmedia":[{"embeddable":true,"href":"https:\/\/www.miomiorun.com\/es\/wp-json\/wp\/v2\/media\/248231"}],"wp:attachment":[{"href":"https:\/\/www.miomiorun.com\/es\/wp-json\/wp\/v2\/media?parent=294244"}],"wp:term":[{"taxonomy":"product_brand","embeddable":true,"href":"https:\/\/www.miomiorun.com\/es\/wp-json\/wp\/v2\/product_brand?post=294244"},{"taxonomy":"product_cat","embeddable":true,"href":"https:\/\/www.miomiorun.com\/es\/wp-json\/wp\/v2\/product_cat?post=294244"},{"taxonomy":"product_tag","embeddable":true,"href":"https:\/\/www.miomiorun.com\/es\/wp-json\/wp\/v2\/product_tag?post=294244"}],"curies":[{"name":"wp","href":"https:\/\/api.w.org\/{rel}","templated":true}]}}