{"id":294101,"date":"2024-08-23T18:19:12","date_gmt":"2024-08-23T16:19:12","guid":{"rendered":"https:\/\/miomiorun.com\/prodotto\/adistar-3-donna\/"},"modified":"2026-02-25T11:50:24","modified_gmt":"2026-02-25T10:50:24","slug":"adistar-3-mujer","status":"publish","type":"product","link":"https:\/\/www.miomiorun.com\/es\/producto\/adistar-3-mujer\/","title":{"rendered":"Adistar 3 mujer"},"content":{"rendered":"<div class=\"vc-row container\"><div class=\"vc-column\"><div class=\"vc-column-text\"><\/p>\n<h4>Especificaciones t\u00e9cnicas<\/h4>\n<p>Categor\u00eda: Superamortiguaci\u00f3n<br \/>\nOffset: 5 mm<br \/>\nPeso: 255 g<br \/>\nIdeal para: corredores que buscan un modelo ligero, vers\u00e1til y r\u00e1pido, capaz de combinar reactividad con facilidad de carrera y suavidad en el apoyo, para actividades de media y larga distancia e incluso paseos.<br \/>\nPeso del atleta: &gt;50 kg<br \/>\nPaso de carrera: &gt; 4,30 min\/km<br \/>\n<a href=\"https:\/\/miomiorun.com\/es\/guia-especifica\/\">Gu\u00eda de especificaciones t\u00e9cnicas<\/a><\/p>\n<p><\/div><\/div><div class=\"vc-column\"><div class=\"vc-column-text\"><\/p>\n<div class=\"accordion__content___29x9h\">\n<div class=\"content-padding___2kVWQ\">\n<div class=\"description___29WFI\">\n<div class=\"text-content___13aRm\">\n<h3 class=\"subtitle___9ljbp\" style=\"text-align: center\">Zapatillas de running con soporte adicional fabricadas en parte con materiales reciclados. <\/h3>\n<h2 class=\"gl-vspace\" style=\"text-align: center\">Mant\u00e9n un ritmo constante y alcanza tus objetivos con estas zapatillas de running de adidas.<\/h2>\n<p class=\"gl-vspace\">Las <strong>Adistar 3<\/strong> para mujer est\u00e1n dise\u00f1adas para carreras de larga distancia y cuentan con la entresuela REPETITOR integral, que garantiza una gran amortiguaci\u00f3n hasta la meta. La parte superior de malla transpirable favorece la circulaci\u00f3n del aire para una frescura \u00f3ptima, mientras que el sistema de ajuste interno estabiliza el pie para ofrecer un apoyo adicional desde el primer hasta el \u00faltimo kil\u00f3metro. <\/p>\n<p class=\"gl-vspace\">La suela adiwear ofrece un agarre fiable y una resistencia superior. Este producto contiene al menos un 20 % de materiales reciclados. <\/p>\n<p><strong>Caracter\u00edsticas:<\/strong><\/p>\n<ul class=\"gl-list\">\n<li class=\"gl-vspace-bpall-small\">Ajuste regular<\/li>\n<li class=\"gl-vspace-bpall-small\">Cierre con cordones<\/li>\n<li class=\"gl-vspace-bpall-small\">Parte superior de malla mono<\/li>\n<li class=\"gl-vspace-bpall-small\">Forro de tejido<\/li>\n<li class=\"gl-vspace-bpall-small\">Entresuela REPETITOR<\/li>\n<li class=\"gl-vspace-bpall-small\">Suela adiwear<\/li>\n<li class=\"gl-vspace-bpall-small\">Contiene al menos un 20 % de material reciclado; producto sujeto a la medici\u00f3n de la huella de carbono<\/li>\n<\/ul>\n<\/div>\n<\/div>\n<\/div>\n<\/div>\n<p><\/div><\/div><\/div>\n","protected":false},"excerpt":{"rendered":"<ul class=\"m-long-description__features\">\n<li>Dise\u00f1ada para correr m\u00e1s r\u00e1pido.<\/li>\n<li>Ideal para quienes corren largas distancias, pero tambi\u00e9n para quienes caminan.<\/li>\n<\/ul>\n","protected":false},"featured_media":255257,"template":"","meta":{"_acf_changed":false,"inline_featured_image":false},"product_brand":[],"product_cat":[24415,24414],"product_tag":[23558,23620],"class_list":{"0":"post-294101","1":"product","2":"type-product","3":"status-publish","4":"has-post-thumbnail","6":"product_cat-calzado-de-mujer","7":"product_cat-neutre-es-2","8":"product_tag-adidas-es","9":"product_tag-adidas-mujer","10":"pa_attivita-caminar","11":"pa_attivita-running-es","12":"pa_colore-adistar-3-w-cblack-cblack-lucpnk-es","13":"pa_marca-adidas-es","14":"pa_sesso-mujer","15":"pa_size-40-es","16":"pa_size-42-es","17":"pa_size-43-es","19":"first","20":"instock","21":"sale","22":"taxable","23":"shipping-taxable","24":"purchasable","25":"product-type-variable","26":"wvs-archive-product-wrapper"},"acf":[],"yoast_head":"<!-- This site is optimized with the Yoast SEO plugin v26.8 - https:\/\/yoast.com\/product\/yoast-seo-wordpress\/ -->\n<title>Adidas Adistar 3 mujer - zapatillas de correr - MioMioRun.com<\/title>\n<meta name=\"description\" content=\"Las Adistar 3 para mujer est\u00e1n dise\u00f1adas para carreras de larga distancia y cuentan con la entresuela REPETITOR integral que garantiza la amortiguaci\u00f3n.\" \/>\n<meta name=\"robots\" content=\"index, follow, max-snippet:-1, max-image-preview:large, max-video-preview:-1\" \/>\n<link rel=\"canonical\" href=\"https:\/\/www.miomiorun.com\/es\/producto\/adistar-3-mujer\/\" \/>\n<meta property=\"og:locale\" content=\"es_ES\" \/>\n<meta property=\"og:type\" content=\"article\" \/>\n<meta property=\"og:title\" content=\"Adidas Adistar 3 mujer - zapatillas de correr - MioMioRun.com\" \/>\n<meta property=\"og:description\" content=\"Las Adistar 3 para mujer est\u00e1n dise\u00f1adas para carreras de larga distancia y cuentan con la entresuela REPETITOR integral que garantiza la amortiguaci\u00f3n.\" \/>\n<meta property=\"og:url\" content=\"https:\/\/www.miomiorun.com\/es\/producto\/adistar-3-mujer\/\" \/>\n<meta property=\"og:site_name\" content=\"MioMioRun\" \/>\n<meta property=\"article:publisher\" content=\"https:\/\/www.facebook.com\/miomiorun\/\" \/>\n<meta property=\"article:modified_time\" content=\"2026-02-25T10:50:24+00:00\" \/>\n<meta property=\"og:image\" content=\"https:\/\/www.miomiorun.com\/app\/uploads\/2025\/02\/adidas-Adistar-3-W-cblack-cblack-lucpnk-JI1230.webp\" \/>\n\t<meta property=\"og:image:width\" content=\"600\" \/>\n\t<meta property=\"og:image:height\" content=\"600\" \/>\n\t<meta property=\"og:image:type\" content=\"image\/webp\" \/>\n<meta name=\"twitter:card\" content=\"summary_large_image\" \/>\n<meta name=\"twitter:label1\" content=\"Est. reading time\" \/>\n\t<meta name=\"twitter:data1\" content=\"1 minute\" \/>\n<script type=\"application\/ld+json\" class=\"yoast-schema-graph\">{\"@context\":\"https:\/\/schema.org\",\"@graph\":[{\"@type\":\"WebPage\",\"@id\":\"https:\/\/www.miomiorun.com\/es\/producto\/adistar-3-mujer\/\",\"url\":\"https:\/\/www.miomiorun.com\/es\/producto\/adistar-3-mujer\/\",\"name\":\"Adidas Adistar 3 mujer - zapatillas de correr - MioMioRun.com\",\"isPartOf\":{\"@id\":\"https:\/\/www.miomiorun.com\/es\/#website\"},\"primaryImageOfPage\":{\"@id\":\"https:\/\/www.miomiorun.com\/es\/producto\/adistar-3-mujer\/#primaryimage\"},\"image\":{\"@id\":\"https:\/\/www.miomiorun.com\/es\/producto\/adistar-3-mujer\/#primaryimage\"},\"thumbnailUrl\":\"https:\/\/www.miomiorun.com\/app\/uploads\/2025\/02\/adidas-Adistar-3-W-cblack-cblack-lucpnk-JI1230.webp\",\"datePublished\":\"2024-08-23T16:19:12+00:00\",\"dateModified\":\"2026-02-25T10:50:24+00:00\",\"description\":\"Las Adistar 3 para mujer est\u00e1n dise\u00f1adas para carreras de larga distancia y cuentan con la entresuela REPETITOR integral que garantiza la amortiguaci\u00f3n.\",\"breadcrumb\":{\"@id\":\"https:\/\/www.miomiorun.com\/es\/producto\/adistar-3-mujer\/#breadcrumb\"},\"inLanguage\":\"es-ES\",\"potentialAction\":[{\"@type\":\"ReadAction\",\"target\":[\"https:\/\/www.miomiorun.com\/es\/producto\/adistar-3-mujer\/\"]}]},{\"@type\":\"ImageObject\",\"inLanguage\":\"es-ES\",\"@id\":\"https:\/\/www.miomiorun.com\/es\/producto\/adistar-3-mujer\/#primaryimage\",\"url\":\"https:\/\/www.miomiorun.com\/app\/uploads\/2025\/02\/adidas-Adistar-3-W-cblack-cblack-lucpnk-JI1230.webp\",\"contentUrl\":\"https:\/\/www.miomiorun.com\/app\/uploads\/2025\/02\/adidas-Adistar-3-W-cblack-cblack-lucpnk-JI1230.webp\",\"width\":600,\"height\":600,\"caption\":\"adidas Adistar 3 W cblack cblack lucpnk JI1230\"},{\"@type\":\"BreadcrumbList\",\"@id\":\"https:\/\/www.miomiorun.com\/es\/producto\/adistar-3-mujer\/#breadcrumb\",\"itemListElement\":[{\"@type\":\"ListItem\",\"position\":1,\"name\":\"Home\",\"item\":\"https:\/\/www.miomiorun.com\/es\/\"},{\"@type\":\"ListItem\",\"position\":2,\"name\":\"Shop\",\"item\":\"https:\/\/www.miomiorun.com\/shop\/\"},{\"@type\":\"ListItem\",\"position\":3,\"name\":\"Adistar 3 mujer\"}]},{\"@type\":\"WebSite\",\"@id\":\"https:\/\/www.miomiorun.com\/es\/#website\",\"url\":\"https:\/\/www.miomiorun.com\/es\/\",\"name\":\"MioMioRun\",\"description\":\"Tienda 100% running y trail\",\"publisher\":{\"@id\":\"https:\/\/www.miomiorun.com\/es\/#organization\"},\"potentialAction\":[{\"@type\":\"SearchAction\",\"target\":{\"@type\":\"EntryPoint\",\"urlTemplate\":\"https:\/\/www.miomiorun.com\/es\/?s={search_term_string}\"},\"query-input\":{\"@type\":\"PropertyValueSpecification\",\"valueRequired\":true,\"valueName\":\"search_term_string\"}}],\"inLanguage\":\"es-ES\"},{\"@type\":\"Organization\",\"@id\":\"https:\/\/www.miomiorun.com\/es\/#organization\",\"name\":\"MioMio Run\",\"url\":\"https:\/\/www.miomiorun.com\/es\/\",\"logo\":{\"@type\":\"ImageObject\",\"inLanguage\":\"es-ES\",\"@id\":\"https:\/\/www.miomiorun.com\/es\/#\/schema\/logo\/image\/\",\"url\":\"https:\/\/www.miomiorun.com\/app\/uploads\/2019\/12\/logomio.png\",\"contentUrl\":\"https:\/\/www.miomiorun.com\/app\/uploads\/2019\/12\/logomio.png\",\"width\":115,\"height\":82,\"caption\":\"MioMio Run\"},\"image\":{\"@id\":\"https:\/\/www.miomiorun.com\/es\/#\/schema\/logo\/image\/\"},\"sameAs\":[\"https:\/\/www.facebook.com\/miomiorun\/\",\"https:\/\/www.instagram.com\/miomiorun\/\"]}]}<\/script>\n<!-- \/ Yoast SEO plugin. -->","yoast_head_json":{"title":"Adidas Adistar 3 mujer - zapatillas de correr - MioMioRun.com","description":"Las Adistar 3 para mujer est\u00e1n dise\u00f1adas para carreras de larga distancia y cuentan con la entresuela REPETITOR integral que garantiza la amortiguaci\u00f3n.","robots":{"index":"index","follow":"follow","max-snippet":"max-snippet:-1","max-image-preview":"max-image-preview:large","max-video-preview":"max-video-preview:-1"},"canonical":"https:\/\/www.miomiorun.com\/es\/producto\/adistar-3-mujer\/","og_locale":"es_ES","og_type":"article","og_title":"Adidas Adistar 3 mujer - zapatillas de correr - MioMioRun.com","og_description":"Las Adistar 3 para mujer est\u00e1n dise\u00f1adas para carreras de larga distancia y cuentan con la entresuela REPETITOR integral que garantiza la amortiguaci\u00f3n.","og_url":"https:\/\/www.miomiorun.com\/es\/producto\/adistar-3-mujer\/","og_site_name":"MioMioRun","article_publisher":"https:\/\/www.facebook.com\/miomiorun\/","article_modified_time":"2026-02-25T10:50:24+00:00","og_image":[{"width":600,"height":600,"url":"https:\/\/www.miomiorun.com\/app\/uploads\/2025\/02\/adidas-Adistar-3-W-cblack-cblack-lucpnk-JI1230.webp","type":"image\/webp"}],"twitter_card":"summary_large_image","twitter_misc":{"Est. reading time":"1 minute"},"schema":{"@context":"https:\/\/schema.org","@graph":[{"@type":"WebPage","@id":"https:\/\/www.miomiorun.com\/es\/producto\/adistar-3-mujer\/","url":"https:\/\/www.miomiorun.com\/es\/producto\/adistar-3-mujer\/","name":"Adidas Adistar 3 mujer - zapatillas de correr - MioMioRun.com","isPartOf":{"@id":"https:\/\/www.miomiorun.com\/es\/#website"},"primaryImageOfPage":{"@id":"https:\/\/www.miomiorun.com\/es\/producto\/adistar-3-mujer\/#primaryimage"},"image":{"@id":"https:\/\/www.miomiorun.com\/es\/producto\/adistar-3-mujer\/#primaryimage"},"thumbnailUrl":"https:\/\/www.miomiorun.com\/app\/uploads\/2025\/02\/adidas-Adistar-3-W-cblack-cblack-lucpnk-JI1230.webp","datePublished":"2024-08-23T16:19:12+00:00","dateModified":"2026-02-25T10:50:24+00:00","description":"Las Adistar 3 para mujer est\u00e1n dise\u00f1adas para carreras de larga distancia y cuentan con la entresuela REPETITOR integral que garantiza la amortiguaci\u00f3n.","breadcrumb":{"@id":"https:\/\/www.miomiorun.com\/es\/producto\/adistar-3-mujer\/#breadcrumb"},"inLanguage":"es-ES","potentialAction":[{"@type":"ReadAction","target":["https:\/\/www.miomiorun.com\/es\/producto\/adistar-3-mujer\/"]}]},{"@type":"ImageObject","inLanguage":"es-ES","@id":"https:\/\/www.miomiorun.com\/es\/producto\/adistar-3-mujer\/#primaryimage","url":"https:\/\/www.miomiorun.com\/app\/uploads\/2025\/02\/adidas-Adistar-3-W-cblack-cblack-lucpnk-JI1230.webp","contentUrl":"https:\/\/www.miomiorun.com\/app\/uploads\/2025\/02\/adidas-Adistar-3-W-cblack-cblack-lucpnk-JI1230.webp","width":600,"height":600,"caption":"adidas Adistar 3 W cblack cblack lucpnk JI1230"},{"@type":"BreadcrumbList","@id":"https:\/\/www.miomiorun.com\/es\/producto\/adistar-3-mujer\/#breadcrumb","itemListElement":[{"@type":"ListItem","position":1,"name":"Home","item":"https:\/\/www.miomiorun.com\/es\/"},{"@type":"ListItem","position":2,"name":"Shop","item":"https:\/\/www.miomiorun.com\/shop\/"},{"@type":"ListItem","position":3,"name":"Adistar 3 mujer"}]},{"@type":"WebSite","@id":"https:\/\/www.miomiorun.com\/es\/#website","url":"https:\/\/www.miomiorun.com\/es\/","name":"MioMioRun","description":"Tienda 100% running y trail","publisher":{"@id":"https:\/\/www.miomiorun.com\/es\/#organization"},"potentialAction":[{"@type":"SearchAction","target":{"@type":"EntryPoint","urlTemplate":"https:\/\/www.miomiorun.com\/es\/?s={search_term_string}"},"query-input":{"@type":"PropertyValueSpecification","valueRequired":true,"valueName":"search_term_string"}}],"inLanguage":"es-ES"},{"@type":"Organization","@id":"https:\/\/www.miomiorun.com\/es\/#organization","name":"MioMio Run","url":"https:\/\/www.miomiorun.com\/es\/","logo":{"@type":"ImageObject","inLanguage":"es-ES","@id":"https:\/\/www.miomiorun.com\/es\/#\/schema\/logo\/image\/","url":"https:\/\/www.miomiorun.com\/app\/uploads\/2019\/12\/logomio.png","contentUrl":"https:\/\/www.miomiorun.com\/app\/uploads\/2019\/12\/logomio.png","width":115,"height":82,"caption":"MioMio Run"},"image":{"@id":"https:\/\/www.miomiorun.com\/es\/#\/schema\/logo\/image\/"},"sameAs":["https:\/\/www.facebook.com\/miomiorun\/","https:\/\/www.instagram.com\/miomiorun\/"]}]}},"_links":{"self":[{"href":"https:\/\/www.miomiorun.com\/es\/wp-json\/wp\/v2\/product\/294101","targetHints":{"allow":["GET"]}}],"collection":[{"href":"https:\/\/www.miomiorun.com\/es\/wp-json\/wp\/v2\/product"}],"about":[{"href":"https:\/\/www.miomiorun.com\/es\/wp-json\/wp\/v2\/types\/product"}],"wp:featuredmedia":[{"embeddable":true,"href":"https:\/\/www.miomiorun.com\/es\/wp-json\/wp\/v2\/media\/255257"}],"wp:attachment":[{"href":"https:\/\/www.miomiorun.com\/es\/wp-json\/wp\/v2\/media?parent=294101"}],"wp:term":[{"taxonomy":"product_brand","embeddable":true,"href":"https:\/\/www.miomiorun.com\/es\/wp-json\/wp\/v2\/product_brand?post=294101"},{"taxonomy":"product_cat","embeddable":true,"href":"https:\/\/www.miomiorun.com\/es\/wp-json\/wp\/v2\/product_cat?post=294101"},{"taxonomy":"product_tag","embeddable":true,"href":"https:\/\/www.miomiorun.com\/es\/wp-json\/wp\/v2\/product_tag?post=294101"}],"curies":[{"name":"wp","href":"https:\/\/api.w.org\/{rel}","templated":true}]}}