{"id":294034,"date":"2024-08-27T13:23:41","date_gmt":"2024-08-27T11:23:41","guid":{"rendered":"https:\/\/miomiorun.com\/prodotto\/adistar-3-uomo\/"},"modified":"2026-02-25T11:53:30","modified_gmt":"2026-02-25T10:53:30","slug":"adistar-3-hombre","status":"publish","type":"product","link":"https:\/\/www.miomiorun.com\/es\/producto\/adistar-3-hombre\/","title":{"rendered":"Adistar 3 hombre"},"content":{"rendered":"<div class=\"vc-row container\"><div class=\"vc-column\"><div class=\"vc-column-text\"><\/p>\n<h4>Especificaciones t\u00e9cnicas<\/h4>\n<p>Categor\u00eda: Amortiguaci\u00f3n reactiva.<br \/>\nOffset: 5 mm.<br \/>\nPeso: 270 g<br \/>\nIdeal para: corredores que buscan un modelo ligero, vers\u00e1til y r\u00e1pido, capaz de combinar reactividad con facilidad de carrera y suavidad en el apoyo, para actividades de media y larga distancia, pero tambi\u00e9n para caminar.<br \/>\nPeso del atleta: &lt; 70 kg<br \/>\nPaso de carrera: &lt; 4,30 min\/km<br \/>\n<a href=\"https:\/\/miomiorun.com\/es\/guia-especifica\/\">Gu\u00eda de especificaciones t\u00e9cnicas<\/a><\/p>\n<p><\/div><\/div><div class=\"vc-column\"><div class=\"vc-column-text\"><\/p>\n<h3 class=\"subtitle___9ljbp\">Zapatillas de running con soporte adicional fabricadas en parte con materiales reciclados.<\/h3>\n<h2 class=\"gl-vspace\">Mant\u00e9n un ritmo constante y alcanza tus objetivos con estas zapatillas de running de adidas.<\/h2>\n<p class=\"gl-vspace\">Las <strong>Adistar 3<\/strong> para hombre est\u00e1n dise\u00f1adas para carreras de larga distancia y cuentan con la entresuela REPETITOR integral, que garantiza una gran amortiguaci\u00f3n hasta la meta. La parte superior de malla transpirable favorece la circulaci\u00f3n del aire para una frescura \u00f3ptima, mientras que el sistema de ajuste interno estabiliza el pie para ofrecer una sujeci\u00f3n adicional desde el primer hasta el \u00faltimo kil\u00f3metro.<br \/>\nLa suela adiwear ofrece un agarre fiable y una resistencia superior. Este producto contiene al menos un 20 % de materiales reciclados.<br \/>\n<strong>Caracter\u00edsticas:<\/strong><\/p>\n<ul class=\"gl-list\">\n<li class=\"gl-vspace-bpall-small\">Ajuste regular<\/li>\n<li class=\"gl-vspace-bpall-small\">Cierre con cordones<\/li>\n<li class=\"gl-vspace-bpall-small\">Parte superior de malla mono<\/li>\n<li class=\"gl-vspace-bpall-small\">Forro de tejido<\/li>\n<li class=\"gl-vspace-bpall-small\">Entresuela REPETITOR<\/li>\n<li class=\"gl-vspace-bpall-small\">Suela adiwear<\/li>\n<li class=\"gl-vspace-bpall-small\">Contiene al menos un 20 % de material reciclado; producto sujeto a la medici\u00f3n de la huella de carbono<\/li>\n<\/ul>\n<p><\/div><\/div><\/div>\n","protected":false},"excerpt":{"rendered":"<ul>\n<li>Dise\u00f1ada para correr m\u00e1s r\u00e1pido.<\/li>\n<li>Ideal para quienes corren largas distancias, pero tambi\u00e9n para quienes caminan.<\/li>\n<\/ul>\n","protected":false},"featured_media":264636,"template":"","meta":{"_acf_changed":false,"inline_featured_image":false},"product_brand":[],"product_cat":[24468,24467],"product_tag":[23558,23570],"class_list":{"0":"post-294034","1":"product","2":"type-product","3":"status-publish","4":"has-post-thumbnail","6":"product_cat-calzado-para-hombre-es","7":"product_cat-neutre-es-4","8":"product_tag-adidas-es","9":"product_tag-adidas-hombre","10":"pa_attivita-caminar","11":"pa_attivita-running-es","12":"pa_colore-adistar-3-m-halsil-zeromt-pullim-es","13":"pa_marca-adidas-es","14":"pa_sesso-hombre","15":"pa_size-45-es","17":"first","18":"instock","19":"taxable","20":"shipping-taxable","21":"purchasable","22":"product-type-variable","23":"wvs-archive-product-wrapper"},"acf":[],"yoast_head":"<!-- This site is optimized with the Yoast SEO plugin v26.8 - https:\/\/yoast.com\/product\/yoast-seo-wordpress\/ -->\n<title>AdidasAdistar 3 hombre - zapatillas de correr- MioMioRun.com<\/title>\n<meta name=\"description\" content=\"Las zapatillas de running Adistar 3 para hombre son una excelente opci\u00f3n para quienes buscan un calzado m\u00e1s reactivo. Dise\u00f1adas para correr m\u00e1s r\u00e1pido, son m\u00e1s ligeras.\" \/>\n<meta name=\"robots\" content=\"index, follow, max-snippet:-1, max-image-preview:large, max-video-preview:-1\" \/>\n<link rel=\"canonical\" href=\"https:\/\/www.miomiorun.com\/es\/producto\/adistar-3-hombre\/\" \/>\n<meta property=\"og:locale\" content=\"es_ES\" \/>\n<meta property=\"og:type\" content=\"article\" \/>\n<meta property=\"og:title\" content=\"AdidasAdistar 3 hombre - zapatillas de correr- MioMioRun.com\" \/>\n<meta property=\"og:description\" content=\"Las zapatillas de running Adistar 3 para hombre son una excelente opci\u00f3n para quienes buscan un calzado m\u00e1s reactivo. Dise\u00f1adas para correr m\u00e1s r\u00e1pido, son m\u00e1s ligeras.\" \/>\n<meta property=\"og:url\" content=\"https:\/\/www.miomiorun.com\/es\/producto\/adistar-3-hombre\/\" \/>\n<meta property=\"og:site_name\" content=\"MioMioRun\" \/>\n<meta property=\"article:publisher\" content=\"https:\/\/www.facebook.com\/miomiorun\/\" \/>\n<meta property=\"article:modified_time\" content=\"2026-02-25T10:53:30+00:00\" \/>\n<meta property=\"og:image\" content=\"https:\/\/www.miomiorun.com\/app\/uploads\/2025\/03\/adidas-Adistar-3-M-hireye-halsil-dshgry-JI1241.webp\" \/>\n\t<meta property=\"og:image:width\" content=\"600\" \/>\n\t<meta property=\"og:image:height\" content=\"600\" \/>\n\t<meta property=\"og:image:type\" content=\"image\/webp\" \/>\n<meta name=\"twitter:card\" content=\"summary_large_image\" \/>\n<meta name=\"twitter:label1\" content=\"Est. reading time\" \/>\n\t<meta name=\"twitter:data1\" content=\"1 minute\" \/>\n<script type=\"application\/ld+json\" class=\"yoast-schema-graph\">{\"@context\":\"https:\/\/schema.org\",\"@graph\":[{\"@type\":\"WebPage\",\"@id\":\"https:\/\/www.miomiorun.com\/es\/producto\/adistar-3-hombre\/\",\"url\":\"https:\/\/www.miomiorun.com\/es\/producto\/adistar-3-hombre\/\",\"name\":\"AdidasAdistar 3 hombre - zapatillas de correr- MioMioRun.com\",\"isPartOf\":{\"@id\":\"https:\/\/www.miomiorun.com\/es\/#website\"},\"primaryImageOfPage\":{\"@id\":\"https:\/\/www.miomiorun.com\/es\/producto\/adistar-3-hombre\/#primaryimage\"},\"image\":{\"@id\":\"https:\/\/www.miomiorun.com\/es\/producto\/adistar-3-hombre\/#primaryimage\"},\"thumbnailUrl\":\"https:\/\/www.miomiorun.com\/app\/uploads\/2025\/03\/adidas-Adistar-3-M-hireye-halsil-dshgry-JI1241.webp\",\"datePublished\":\"2024-08-27T11:23:41+00:00\",\"dateModified\":\"2026-02-25T10:53:30+00:00\",\"description\":\"Las zapatillas de running Adistar 3 para hombre son una excelente opci\u00f3n para quienes buscan un calzado m\u00e1s reactivo. Dise\u00f1adas para correr m\u00e1s r\u00e1pido, son m\u00e1s ligeras.\",\"breadcrumb\":{\"@id\":\"https:\/\/www.miomiorun.com\/es\/producto\/adistar-3-hombre\/#breadcrumb\"},\"inLanguage\":\"es-ES\",\"potentialAction\":[{\"@type\":\"ReadAction\",\"target\":[\"https:\/\/www.miomiorun.com\/es\/producto\/adistar-3-hombre\/\"]}]},{\"@type\":\"ImageObject\",\"inLanguage\":\"es-ES\",\"@id\":\"https:\/\/www.miomiorun.com\/es\/producto\/adistar-3-hombre\/#primaryimage\",\"url\":\"https:\/\/www.miomiorun.com\/app\/uploads\/2025\/03\/adidas-Adistar-3-M-hireye-halsil-dshgry-JI1241.webp\",\"contentUrl\":\"https:\/\/www.miomiorun.com\/app\/uploads\/2025\/03\/adidas-Adistar-3-M-hireye-halsil-dshgry-JI1241.webp\",\"width\":600,\"height\":600,\"caption\":\"adidas Adistar 3 M hireye halsil dshgry JI1241\"},{\"@type\":\"BreadcrumbList\",\"@id\":\"https:\/\/www.miomiorun.com\/es\/producto\/adistar-3-hombre\/#breadcrumb\",\"itemListElement\":[{\"@type\":\"ListItem\",\"position\":1,\"name\":\"Home\",\"item\":\"https:\/\/www.miomiorun.com\/es\/\"},{\"@type\":\"ListItem\",\"position\":2,\"name\":\"Shop\",\"item\":\"https:\/\/www.miomiorun.com\/shop\/\"},{\"@type\":\"ListItem\",\"position\":3,\"name\":\"Adistar 3 hombre\"}]},{\"@type\":\"WebSite\",\"@id\":\"https:\/\/www.miomiorun.com\/es\/#website\",\"url\":\"https:\/\/www.miomiorun.com\/es\/\",\"name\":\"MioMioRun\",\"description\":\"Tienda 100% running y trail\",\"publisher\":{\"@id\":\"https:\/\/www.miomiorun.com\/es\/#organization\"},\"potentialAction\":[{\"@type\":\"SearchAction\",\"target\":{\"@type\":\"EntryPoint\",\"urlTemplate\":\"https:\/\/www.miomiorun.com\/es\/?s={search_term_string}\"},\"query-input\":{\"@type\":\"PropertyValueSpecification\",\"valueRequired\":true,\"valueName\":\"search_term_string\"}}],\"inLanguage\":\"es-ES\"},{\"@type\":\"Organization\",\"@id\":\"https:\/\/www.miomiorun.com\/es\/#organization\",\"name\":\"MioMio Run\",\"url\":\"https:\/\/www.miomiorun.com\/es\/\",\"logo\":{\"@type\":\"ImageObject\",\"inLanguage\":\"es-ES\",\"@id\":\"https:\/\/www.miomiorun.com\/es\/#\/schema\/logo\/image\/\",\"url\":\"https:\/\/www.miomiorun.com\/app\/uploads\/2019\/12\/logomio.png\",\"contentUrl\":\"https:\/\/www.miomiorun.com\/app\/uploads\/2019\/12\/logomio.png\",\"width\":115,\"height\":82,\"caption\":\"MioMio Run\"},\"image\":{\"@id\":\"https:\/\/www.miomiorun.com\/es\/#\/schema\/logo\/image\/\"},\"sameAs\":[\"https:\/\/www.facebook.com\/miomiorun\/\",\"https:\/\/www.instagram.com\/miomiorun\/\"]}]}<\/script>\n<!-- \/ Yoast SEO plugin. -->","yoast_head_json":{"title":"AdidasAdistar 3 hombre - zapatillas de correr- MioMioRun.com","description":"Las zapatillas de running Adistar 3 para hombre son una excelente opci\u00f3n para quienes buscan un calzado m\u00e1s reactivo. Dise\u00f1adas para correr m\u00e1s r\u00e1pido, son m\u00e1s ligeras.","robots":{"index":"index","follow":"follow","max-snippet":"max-snippet:-1","max-image-preview":"max-image-preview:large","max-video-preview":"max-video-preview:-1"},"canonical":"https:\/\/www.miomiorun.com\/es\/producto\/adistar-3-hombre\/","og_locale":"es_ES","og_type":"article","og_title":"AdidasAdistar 3 hombre - zapatillas de correr- MioMioRun.com","og_description":"Las zapatillas de running Adistar 3 para hombre son una excelente opci\u00f3n para quienes buscan un calzado m\u00e1s reactivo. Dise\u00f1adas para correr m\u00e1s r\u00e1pido, son m\u00e1s ligeras.","og_url":"https:\/\/www.miomiorun.com\/es\/producto\/adistar-3-hombre\/","og_site_name":"MioMioRun","article_publisher":"https:\/\/www.facebook.com\/miomiorun\/","article_modified_time":"2026-02-25T10:53:30+00:00","og_image":[{"width":600,"height":600,"url":"https:\/\/www.miomiorun.com\/app\/uploads\/2025\/03\/adidas-Adistar-3-M-hireye-halsil-dshgry-JI1241.webp","type":"image\/webp"}],"twitter_card":"summary_large_image","twitter_misc":{"Est. reading time":"1 minute"},"schema":{"@context":"https:\/\/schema.org","@graph":[{"@type":"WebPage","@id":"https:\/\/www.miomiorun.com\/es\/producto\/adistar-3-hombre\/","url":"https:\/\/www.miomiorun.com\/es\/producto\/adistar-3-hombre\/","name":"AdidasAdistar 3 hombre - zapatillas de correr- MioMioRun.com","isPartOf":{"@id":"https:\/\/www.miomiorun.com\/es\/#website"},"primaryImageOfPage":{"@id":"https:\/\/www.miomiorun.com\/es\/producto\/adistar-3-hombre\/#primaryimage"},"image":{"@id":"https:\/\/www.miomiorun.com\/es\/producto\/adistar-3-hombre\/#primaryimage"},"thumbnailUrl":"https:\/\/www.miomiorun.com\/app\/uploads\/2025\/03\/adidas-Adistar-3-M-hireye-halsil-dshgry-JI1241.webp","datePublished":"2024-08-27T11:23:41+00:00","dateModified":"2026-02-25T10:53:30+00:00","description":"Las zapatillas de running Adistar 3 para hombre son una excelente opci\u00f3n para quienes buscan un calzado m\u00e1s reactivo. Dise\u00f1adas para correr m\u00e1s r\u00e1pido, son m\u00e1s ligeras.","breadcrumb":{"@id":"https:\/\/www.miomiorun.com\/es\/producto\/adistar-3-hombre\/#breadcrumb"},"inLanguage":"es-ES","potentialAction":[{"@type":"ReadAction","target":["https:\/\/www.miomiorun.com\/es\/producto\/adistar-3-hombre\/"]}]},{"@type":"ImageObject","inLanguage":"es-ES","@id":"https:\/\/www.miomiorun.com\/es\/producto\/adistar-3-hombre\/#primaryimage","url":"https:\/\/www.miomiorun.com\/app\/uploads\/2025\/03\/adidas-Adistar-3-M-hireye-halsil-dshgry-JI1241.webp","contentUrl":"https:\/\/www.miomiorun.com\/app\/uploads\/2025\/03\/adidas-Adistar-3-M-hireye-halsil-dshgry-JI1241.webp","width":600,"height":600,"caption":"adidas Adistar 3 M hireye halsil dshgry JI1241"},{"@type":"BreadcrumbList","@id":"https:\/\/www.miomiorun.com\/es\/producto\/adistar-3-hombre\/#breadcrumb","itemListElement":[{"@type":"ListItem","position":1,"name":"Home","item":"https:\/\/www.miomiorun.com\/es\/"},{"@type":"ListItem","position":2,"name":"Shop","item":"https:\/\/www.miomiorun.com\/shop\/"},{"@type":"ListItem","position":3,"name":"Adistar 3 hombre"}]},{"@type":"WebSite","@id":"https:\/\/www.miomiorun.com\/es\/#website","url":"https:\/\/www.miomiorun.com\/es\/","name":"MioMioRun","description":"Tienda 100% running y trail","publisher":{"@id":"https:\/\/www.miomiorun.com\/es\/#organization"},"potentialAction":[{"@type":"SearchAction","target":{"@type":"EntryPoint","urlTemplate":"https:\/\/www.miomiorun.com\/es\/?s={search_term_string}"},"query-input":{"@type":"PropertyValueSpecification","valueRequired":true,"valueName":"search_term_string"}}],"inLanguage":"es-ES"},{"@type":"Organization","@id":"https:\/\/www.miomiorun.com\/es\/#organization","name":"MioMio Run","url":"https:\/\/www.miomiorun.com\/es\/","logo":{"@type":"ImageObject","inLanguage":"es-ES","@id":"https:\/\/www.miomiorun.com\/es\/#\/schema\/logo\/image\/","url":"https:\/\/www.miomiorun.com\/app\/uploads\/2019\/12\/logomio.png","contentUrl":"https:\/\/www.miomiorun.com\/app\/uploads\/2019\/12\/logomio.png","width":115,"height":82,"caption":"MioMio Run"},"image":{"@id":"https:\/\/www.miomiorun.com\/es\/#\/schema\/logo\/image\/"},"sameAs":["https:\/\/www.facebook.com\/miomiorun\/","https:\/\/www.instagram.com\/miomiorun\/"]}]}},"_links":{"self":[{"href":"https:\/\/www.miomiorun.com\/es\/wp-json\/wp\/v2\/product\/294034","targetHints":{"allow":["GET"]}}],"collection":[{"href":"https:\/\/www.miomiorun.com\/es\/wp-json\/wp\/v2\/product"}],"about":[{"href":"https:\/\/www.miomiorun.com\/es\/wp-json\/wp\/v2\/types\/product"}],"wp:featuredmedia":[{"embeddable":true,"href":"https:\/\/www.miomiorun.com\/es\/wp-json\/wp\/v2\/media\/264636"}],"wp:attachment":[{"href":"https:\/\/www.miomiorun.com\/es\/wp-json\/wp\/v2\/media?parent=294034"}],"wp:term":[{"taxonomy":"product_brand","embeddable":true,"href":"https:\/\/www.miomiorun.com\/es\/wp-json\/wp\/v2\/product_brand?post=294034"},{"taxonomy":"product_cat","embeddable":true,"href":"https:\/\/www.miomiorun.com\/es\/wp-json\/wp\/v2\/product_cat?post=294034"},{"taxonomy":"product_tag","embeddable":true,"href":"https:\/\/www.miomiorun.com\/es\/wp-json\/wp\/v2\/product_tag?post=294034"}],"curies":[{"name":"wp","href":"https:\/\/api.w.org\/{rel}","templated":true}]}}