{"id":294010,"date":"2024-08-27T14:05:30","date_gmt":"2024-08-27T12:05:30","guid":{"rendered":"https:\/\/miomiorun.com\/prodotto\/supernova-prima-donna\/"},"modified":"2026-03-03T10:03:40","modified_gmt":"2026-03-03T09:03:40","slug":"supernova-prima-mujer","status":"publish","type":"product","link":"https:\/\/www.miomiorun.com\/es\/producto\/supernova-prima-mujer\/","title":{"rendered":"Supernova Prima mujer"},"content":{"rendered":"<div class=\"vc-row container\"><div class=\"vc-column\"><div class=\"vc-column-text\"><\/p>\n<p><strong>Especificaciones t\u00e9cnicas<\/strong><\/p>\n<p>Categor\u00eda: amortiguaci\u00f3n media<br \/>\nOffset: 8 mm<br \/>\nPeso: 290 g<br \/>\nIdeal para: corredores con tendencia a la pronaci\u00f3n que buscan un modelo capaz de garantizar estabilidad y protecci\u00f3n, y proporcionar una amortiguaci\u00f3n y sujeci\u00f3n adecuadas a lo largo del tiempo.<br \/>\nPeso del atleta: 50-70 kg<br \/>\nPaso de carrera: medio (&gt;5,00 min\/km)<br \/>\n<a href=\"https:\/\/miomiorun.com\/es\/guia-especifica\/\">Gu\u00eda de especificaciones t\u00e9cnicas<\/a><\/p>\n<p><\/div><\/div><div class=\"vc-column\"><div class=\"vc-column-text\"><\/p>\n<div class=\"text-content___13aRm\">\n<h3 class=\"subtitle___9ljbp\">Zapatillas de running fabricadas en parte con una mezcla de materiales reciclados y renovables.<\/h3>\n<p class=\"gl-vspace\">Las zapatillas adidas <strong>Supernova Prima Running<\/strong> para mujer est\u00e1n dise\u00f1adas espec\u00edficamente para ayudarte a alcanzar tus objetivos.<\/p>\n<p class=\"gl-vspace\">Cada detalle est\u00e1 dise\u00f1ado para ofrecer comodidad y sujeci\u00f3n, desde la parte superior de malla transpirable hasta la entresuela Dreamstrike+ que absorbe los impactos con una amortiguaci\u00f3n mejorada en la parte delantera del pie. El sistema de barras de soporte garantiza una transici\u00f3n fluida, mientras que la innovadora suela Lighttraxion garantiza un agarre \u00f3ptimo sin aumentar el peso. La elecci\u00f3n de materiales reciclados nos permite reutilizar lo que ya se ha creado, lo que contribuye a reducir los residuos y el desperdicio.<\/p>\n<p><strong>Caracter\u00edsticas:<\/strong><\/p>\n<ul class=\"gl-list\">\n<li class=\"gl-vspace-bpall-small\">Ajuste regular<\/li>\n<li class=\"gl-vspace-bpall-small\">Cierre con cordones<\/li>\n<li class=\"gl-vspace-bpall-small\">Parte superior de malla<\/li>\n<li class=\"gl-vspace-bpall-small\">Forro de tela<\/li>\n<li class=\"gl-vspace-bpall-small\">Sistema con barras de soporte<\/li>\n<li class=\"gl-vspace-bpall-small\">Entresuela Dreamstrike<\/li>\n<\/ul>\n<\/div>\n<p><\/div><\/div><\/div>\n","protected":false},"excerpt":{"rendered":"<ul>\n<li>Zapatilla superamortiguada pero ligera.<\/li>\n<li>Te ayudar\u00e1 a correr con fluidez.<\/li>\n<li>Ideal para pisadas con tendencia a la pronaci\u00f3n.<\/li>\n<\/ul>\n","protected":false},"featured_media":248553,"template":"","meta":{"_acf_changed":false,"inline_featured_image":false},"product_brand":[],"product_cat":[24415,24414],"product_tag":[23558,23620],"class_list":{"0":"post-294010","1":"product","2":"type-product","3":"status-publish","4":"has-post-thumbnail","6":"product_cat-calzado-de-mujer","7":"product_cat-neutre-es-2","8":"product_tag-adidas-es","9":"product_tag-adidas-mujer","10":"pa_attivita-caminar","11":"pa_attivita-running-es","12":"pa_colore-supernova-prima-w-cobblu-prptn-es","13":"pa_colore-supernova-prima-w-powyel-pursul-hireye-es","14":"pa_marca-adidas-es","15":"pa_sesso-mujer","16":"pa_size-38-es","18":"pa_size-40-es","19":"pa_size-41-es","21":"first","22":"instock","23":"sale","24":"taxable","25":"shipping-taxable","26":"purchasable","27":"product-type-variable","28":"wvs-archive-product-wrapper"},"acf":[],"yoast_head":"<!-- This site is optimized with the Yoast SEO plugin v26.8 - https:\/\/yoast.com\/product\/yoast-seo-wordpress\/ -->\n<title>Adidas Supernova Prima mujer - zapatillas de correr - MioMioRun<\/title>\n<meta name=\"description\" content=\"Las zapatillas adidas Supernova Prima Running para mujer est\u00e1n dise\u00f1adas espec\u00edficamente para ayudarte a alcanzar tus objetivos, proporcionando soporte a tus pies.\" \/>\n<meta name=\"robots\" content=\"index, follow, max-snippet:-1, max-image-preview:large, max-video-preview:-1\" \/>\n<link rel=\"canonical\" href=\"https:\/\/www.miomiorun.com\/es\/producto\/supernova-prima-mujer\/\" \/>\n<meta property=\"og:locale\" content=\"es_ES\" \/>\n<meta property=\"og:type\" content=\"article\" \/>\n<meta property=\"og:title\" content=\"Adidas Supernova Prima mujer - zapatillas de correr - MioMioRun\" \/>\n<meta property=\"og:description\" content=\"Las zapatillas adidas Supernova Prima Running para mujer est\u00e1n dise\u00f1adas espec\u00edficamente para ayudarte a alcanzar tus objetivos, proporcionando soporte a tus pies.\" \/>\n<meta property=\"og:url\" content=\"https:\/\/www.miomiorun.com\/es\/producto\/supernova-prima-mujer\/\" \/>\n<meta property=\"og:site_name\" content=\"MioMioRun\" \/>\n<meta property=\"article:publisher\" content=\"https:\/\/www.facebook.com\/miomiorun\/\" \/>\n<meta property=\"article:modified_time\" content=\"2026-03-03T09:03:40+00:00\" \/>\n<meta property=\"og:image\" content=\"https:\/\/www.miomiorun.com\/app\/uploads\/2024\/09\/Adidas-Supernova-Prima-W-cobblu-prptn-ID3689.webp\" \/>\n\t<meta property=\"og:image:width\" content=\"600\" \/>\n\t<meta property=\"og:image:height\" content=\"600\" \/>\n\t<meta property=\"og:image:type\" content=\"image\/webp\" \/>\n<meta name=\"twitter:card\" content=\"summary_large_image\" \/>\n<meta name=\"twitter:label1\" content=\"Est. reading time\" \/>\n\t<meta name=\"twitter:data1\" content=\"1 minute\" \/>\n<script type=\"application\/ld+json\" class=\"yoast-schema-graph\">{\"@context\":\"https:\/\/schema.org\",\"@graph\":[{\"@type\":\"WebPage\",\"@id\":\"https:\/\/www.miomiorun.com\/es\/producto\/supernova-prima-mujer\/\",\"url\":\"https:\/\/www.miomiorun.com\/es\/producto\/supernova-prima-mujer\/\",\"name\":\"Adidas Supernova Prima mujer - zapatillas de correr - MioMioRun\",\"isPartOf\":{\"@id\":\"https:\/\/www.miomiorun.com\/es\/#website\"},\"primaryImageOfPage\":{\"@id\":\"https:\/\/www.miomiorun.com\/es\/producto\/supernova-prima-mujer\/#primaryimage\"},\"image\":{\"@id\":\"https:\/\/www.miomiorun.com\/es\/producto\/supernova-prima-mujer\/#primaryimage\"},\"thumbnailUrl\":\"https:\/\/www.miomiorun.com\/app\/uploads\/2024\/09\/Adidas-Supernova-Prima-W-cobblu-prptn-ID3689.webp\",\"datePublished\":\"2024-08-27T12:05:30+00:00\",\"dateModified\":\"2026-03-03T09:03:40+00:00\",\"description\":\"Las zapatillas adidas Supernova Prima Running para mujer est\u00e1n dise\u00f1adas espec\u00edficamente para ayudarte a alcanzar tus objetivos, proporcionando soporte a tus pies.\",\"breadcrumb\":{\"@id\":\"https:\/\/www.miomiorun.com\/es\/producto\/supernova-prima-mujer\/#breadcrumb\"},\"inLanguage\":\"es-ES\",\"potentialAction\":[{\"@type\":\"ReadAction\",\"target\":[\"https:\/\/www.miomiorun.com\/es\/producto\/supernova-prima-mujer\/\"]}]},{\"@type\":\"ImageObject\",\"inLanguage\":\"es-ES\",\"@id\":\"https:\/\/www.miomiorun.com\/es\/producto\/supernova-prima-mujer\/#primaryimage\",\"url\":\"https:\/\/www.miomiorun.com\/app\/uploads\/2024\/09\/Adidas-Supernova-Prima-W-cobblu-prptn-ID3689.webp\",\"contentUrl\":\"https:\/\/www.miomiorun.com\/app\/uploads\/2024\/09\/Adidas-Supernova-Prima-W-cobblu-prptn-ID3689.webp\",\"width\":600,\"height\":600,\"caption\":\"Adidas Supernova Prima W cobblu prptn ID3689\"},{\"@type\":\"BreadcrumbList\",\"@id\":\"https:\/\/www.miomiorun.com\/es\/producto\/supernova-prima-mujer\/#breadcrumb\",\"itemListElement\":[{\"@type\":\"ListItem\",\"position\":1,\"name\":\"Home\",\"item\":\"https:\/\/www.miomiorun.com\/es\/\"},{\"@type\":\"ListItem\",\"position\":2,\"name\":\"Shop\",\"item\":\"https:\/\/www.miomiorun.com\/shop\/\"},{\"@type\":\"ListItem\",\"position\":3,\"name\":\"Supernova Prima mujer\"}]},{\"@type\":\"WebSite\",\"@id\":\"https:\/\/www.miomiorun.com\/es\/#website\",\"url\":\"https:\/\/www.miomiorun.com\/es\/\",\"name\":\"MioMioRun\",\"description\":\"Tienda 100% running y trail\",\"publisher\":{\"@id\":\"https:\/\/www.miomiorun.com\/es\/#organization\"},\"potentialAction\":[{\"@type\":\"SearchAction\",\"target\":{\"@type\":\"EntryPoint\",\"urlTemplate\":\"https:\/\/www.miomiorun.com\/es\/?s={search_term_string}\"},\"query-input\":{\"@type\":\"PropertyValueSpecification\",\"valueRequired\":true,\"valueName\":\"search_term_string\"}}],\"inLanguage\":\"es-ES\"},{\"@type\":\"Organization\",\"@id\":\"https:\/\/www.miomiorun.com\/es\/#organization\",\"name\":\"MioMio Run\",\"url\":\"https:\/\/www.miomiorun.com\/es\/\",\"logo\":{\"@type\":\"ImageObject\",\"inLanguage\":\"es-ES\",\"@id\":\"https:\/\/www.miomiorun.com\/es\/#\/schema\/logo\/image\/\",\"url\":\"https:\/\/www.miomiorun.com\/app\/uploads\/2019\/12\/logomio.png\",\"contentUrl\":\"https:\/\/www.miomiorun.com\/app\/uploads\/2019\/12\/logomio.png\",\"width\":115,\"height\":82,\"caption\":\"MioMio Run\"},\"image\":{\"@id\":\"https:\/\/www.miomiorun.com\/es\/#\/schema\/logo\/image\/\"},\"sameAs\":[\"https:\/\/www.facebook.com\/miomiorun\/\",\"https:\/\/www.instagram.com\/miomiorun\/\"]}]}<\/script>\n<!-- \/ Yoast SEO plugin. -->","yoast_head_json":{"title":"Adidas Supernova Prima mujer - zapatillas de correr - MioMioRun","description":"Las zapatillas adidas Supernova Prima Running para mujer est\u00e1n dise\u00f1adas espec\u00edficamente para ayudarte a alcanzar tus objetivos, proporcionando soporte a tus pies.","robots":{"index":"index","follow":"follow","max-snippet":"max-snippet:-1","max-image-preview":"max-image-preview:large","max-video-preview":"max-video-preview:-1"},"canonical":"https:\/\/www.miomiorun.com\/es\/producto\/supernova-prima-mujer\/","og_locale":"es_ES","og_type":"article","og_title":"Adidas Supernova Prima mujer - zapatillas de correr - MioMioRun","og_description":"Las zapatillas adidas Supernova Prima Running para mujer est\u00e1n dise\u00f1adas espec\u00edficamente para ayudarte a alcanzar tus objetivos, proporcionando soporte a tus pies.","og_url":"https:\/\/www.miomiorun.com\/es\/producto\/supernova-prima-mujer\/","og_site_name":"MioMioRun","article_publisher":"https:\/\/www.facebook.com\/miomiorun\/","article_modified_time":"2026-03-03T09:03:40+00:00","og_image":[{"width":600,"height":600,"url":"https:\/\/www.miomiorun.com\/app\/uploads\/2024\/09\/Adidas-Supernova-Prima-W-cobblu-prptn-ID3689.webp","type":"image\/webp"}],"twitter_card":"summary_large_image","twitter_misc":{"Est. reading time":"1 minute"},"schema":{"@context":"https:\/\/schema.org","@graph":[{"@type":"WebPage","@id":"https:\/\/www.miomiorun.com\/es\/producto\/supernova-prima-mujer\/","url":"https:\/\/www.miomiorun.com\/es\/producto\/supernova-prima-mujer\/","name":"Adidas Supernova Prima mujer - zapatillas de correr - MioMioRun","isPartOf":{"@id":"https:\/\/www.miomiorun.com\/es\/#website"},"primaryImageOfPage":{"@id":"https:\/\/www.miomiorun.com\/es\/producto\/supernova-prima-mujer\/#primaryimage"},"image":{"@id":"https:\/\/www.miomiorun.com\/es\/producto\/supernova-prima-mujer\/#primaryimage"},"thumbnailUrl":"https:\/\/www.miomiorun.com\/app\/uploads\/2024\/09\/Adidas-Supernova-Prima-W-cobblu-prptn-ID3689.webp","datePublished":"2024-08-27T12:05:30+00:00","dateModified":"2026-03-03T09:03:40+00:00","description":"Las zapatillas adidas Supernova Prima Running para mujer est\u00e1n dise\u00f1adas espec\u00edficamente para ayudarte a alcanzar tus objetivos, proporcionando soporte a tus pies.","breadcrumb":{"@id":"https:\/\/www.miomiorun.com\/es\/producto\/supernova-prima-mujer\/#breadcrumb"},"inLanguage":"es-ES","potentialAction":[{"@type":"ReadAction","target":["https:\/\/www.miomiorun.com\/es\/producto\/supernova-prima-mujer\/"]}]},{"@type":"ImageObject","inLanguage":"es-ES","@id":"https:\/\/www.miomiorun.com\/es\/producto\/supernova-prima-mujer\/#primaryimage","url":"https:\/\/www.miomiorun.com\/app\/uploads\/2024\/09\/Adidas-Supernova-Prima-W-cobblu-prptn-ID3689.webp","contentUrl":"https:\/\/www.miomiorun.com\/app\/uploads\/2024\/09\/Adidas-Supernova-Prima-W-cobblu-prptn-ID3689.webp","width":600,"height":600,"caption":"Adidas Supernova Prima W cobblu prptn ID3689"},{"@type":"BreadcrumbList","@id":"https:\/\/www.miomiorun.com\/es\/producto\/supernova-prima-mujer\/#breadcrumb","itemListElement":[{"@type":"ListItem","position":1,"name":"Home","item":"https:\/\/www.miomiorun.com\/es\/"},{"@type":"ListItem","position":2,"name":"Shop","item":"https:\/\/www.miomiorun.com\/shop\/"},{"@type":"ListItem","position":3,"name":"Supernova Prima mujer"}]},{"@type":"WebSite","@id":"https:\/\/www.miomiorun.com\/es\/#website","url":"https:\/\/www.miomiorun.com\/es\/","name":"MioMioRun","description":"Tienda 100% running y trail","publisher":{"@id":"https:\/\/www.miomiorun.com\/es\/#organization"},"potentialAction":[{"@type":"SearchAction","target":{"@type":"EntryPoint","urlTemplate":"https:\/\/www.miomiorun.com\/es\/?s={search_term_string}"},"query-input":{"@type":"PropertyValueSpecification","valueRequired":true,"valueName":"search_term_string"}}],"inLanguage":"es-ES"},{"@type":"Organization","@id":"https:\/\/www.miomiorun.com\/es\/#organization","name":"MioMio Run","url":"https:\/\/www.miomiorun.com\/es\/","logo":{"@type":"ImageObject","inLanguage":"es-ES","@id":"https:\/\/www.miomiorun.com\/es\/#\/schema\/logo\/image\/","url":"https:\/\/www.miomiorun.com\/app\/uploads\/2019\/12\/logomio.png","contentUrl":"https:\/\/www.miomiorun.com\/app\/uploads\/2019\/12\/logomio.png","width":115,"height":82,"caption":"MioMio Run"},"image":{"@id":"https:\/\/www.miomiorun.com\/es\/#\/schema\/logo\/image\/"},"sameAs":["https:\/\/www.facebook.com\/miomiorun\/","https:\/\/www.instagram.com\/miomiorun\/"]}]}},"_links":{"self":[{"href":"https:\/\/www.miomiorun.com\/es\/wp-json\/wp\/v2\/product\/294010","targetHints":{"allow":["GET"]}}],"collection":[{"href":"https:\/\/www.miomiorun.com\/es\/wp-json\/wp\/v2\/product"}],"about":[{"href":"https:\/\/www.miomiorun.com\/es\/wp-json\/wp\/v2\/types\/product"}],"wp:featuredmedia":[{"embeddable":true,"href":"https:\/\/www.miomiorun.com\/es\/wp-json\/wp\/v2\/media\/248553"}],"wp:attachment":[{"href":"https:\/\/www.miomiorun.com\/es\/wp-json\/wp\/v2\/media?parent=294010"}],"wp:term":[{"taxonomy":"product_brand","embeddable":true,"href":"https:\/\/www.miomiorun.com\/es\/wp-json\/wp\/v2\/product_brand?post=294010"},{"taxonomy":"product_cat","embeddable":true,"href":"https:\/\/www.miomiorun.com\/es\/wp-json\/wp\/v2\/product_cat?post=294010"},{"taxonomy":"product_tag","embeddable":true,"href":"https:\/\/www.miomiorun.com\/es\/wp-json\/wp\/v2\/product_tag?post=294010"}],"curies":[{"name":"wp","href":"https:\/\/api.w.org\/{rel}","templated":true}]}}