{"id":293994,"date":"2024-08-27T13:51:44","date_gmt":"2024-08-27T11:51:44","guid":{"rendered":"https:\/\/miomiorun.com\/prodotto\/adistar-byd-donna\/"},"modified":"2025-08-19T16:11:20","modified_gmt":"2025-08-19T14:11:20","slug":"adistar-byd-mujer-2","status":"publish","type":"product","link":"https:\/\/www.miomiorun.com\/es\/producto\/adistar-byd-mujer-2\/","title":{"rendered":"Adistar Byd mujer"},"content":{"rendered":"<div class=\"vc-row container\"><div class=\"vc-column\"><div class=\"vc-column-text\"><\/p>\n<h4>Especificaciones t\u00e9cnicas<\/h4>\n<p>Categor\u00eda: Amortiguaci\u00f3n estructurada<br \/>\nOffset: 6 mm<br \/>\nPeso: 250 g<br \/>\nIdeal para : corredores y caminantes de peso medio a alto con pisada neutra, que buscan un modelo con la m\u00e1xima amortiguaci\u00f3n y estructura, para largas distancias a recorrer corriendo o incluso caminando .<br \/>\nPeso del atleta : &gt;65 kg<br \/>\nRitmo de carrera : lento (&gt;5 min\/km)<br \/>\n<a href=\"https:\/\/miomiorun.com\/es\/guia-especifica\/\">Gu\u00eda de especificaciones<\/a><\/p>\n<p><\/div><\/div><div class=\"vc-column\"><div class=\"vc-column-text\"><\/p>\n<h3 class=\"subtitle___9ljbp\">Zapatillas de running para una mayor sujeci\u00f3n fabricadas en parte con materiales reciclados.<\/h3>\n<p class=\"gl-vspace\">Cuando tu programa de entrenamiento incluye carreras de larga distancia, estas zapatillas de running <strong>Adistar Byd<\/strong> para mujer son la elecci\u00f3n ideal. La entresuela REPETITOR 2.0 garantiza un \u00f3ptimo retorno de la energ\u00eda y envuelve el tal\u00f3n para proporcionar una sujeci\u00f3n extra, kil\u00f3metro tras kil\u00f3metro. La amortiguaci\u00f3n Lightstrike Pro y la placa de carbono Distance Drive te ayudan a rendir al m\u00e1ximo incluso en largas distancias. La suela de goma Continental\u2122 ofrece un agarre impecable incluso en condiciones h\u00famedas, para que puedas concentrarte en correr sin distracciones. Este producto contiene al menos un 20% de materiales reciclados.<\/p>\n<p><strong>Caracter\u00edsticas:<\/strong><\/p>\n<ul class=\"gl-list\">\n<li class=\"gl-vspace-bpall-small\">Corte regular<\/li>\n<li class=\"gl-vspace-bpall-small\">Cierre con cordones<\/li>\n<li class=\"gl-vspace-bpall-small\">Parte superior de tela<\/li>\n<li class=\"gl-vspace-bpall-small\">Forro de tela<\/li>\n<li class=\"gl-vspace-bpall-small\">Amortiguaci\u00f3n Lightstrike Pro<\/li>\n<li class=\"gl-vspace-bpall-small\">Mediasuela REPETITOR 2.0<\/li>\n<li class=\"gl-vspace-bpall-small\">Suela de caucho Continental<\/li>\n<li class=\"gl-vspace-bpall-small\">Este producto contiene al menos un 20% de materiales reciclados<\/li>\n<\/ul>\n<h2>Tecnolog\u00edas<\/h2>\n<div class=\"accordion__content___29x9h\">\n<div class=\"content-padding___2kVWQ\">\n<div class=\"technologies-section___3gZqW technologies-section--no-img___B_YZF\">\n<div class=\"technologies-content-container--no-img___wNKqW\">\n<h3 class=\"technologies-content-name___kkx_0\">LIGHTSTRIKE PRO<\/h3>\n<div class=\"technologies-content-title___moWj6\"><strong>Ligereza que bate r\u00e9cords<\/strong><\/div>\n<p class=\"technologies-content-subtitle___2bGCf\">La amortiguaci\u00f3n adidas Lightstrike Pro est\u00e1 dise\u00f1ada para ofrecerte una velocidad y un retorno de energ\u00eda superiores.<\/p>\n<\/div>\n<\/div>\n<div class=\"technologies-section___3gZqW technologies-section--no-img___B_YZF\">\n<div class=\"technologies-content-container--no-img___wNKqW\">\n<h3 class=\"technologies-content-name___kkx_0\">REPETITOR<\/h3>\n<div class=\"technologies-content-title___moWj6\"><strong>Retorno de energ\u00eda incluso en carreras largas<\/strong><\/div>\n<p class=\"technologies-content-subtitle___2bGCf\">Repetitor ofrece un nivel constante de estabilidad y retorno de energ\u00eda para mantener un rendimiento \u00f3ptimo durante m\u00e1s tiempo.<\/p>\n<\/div>\n<\/div>\n<\/div>\n<\/div>\n<p><\/div><\/div><\/div>\n","protected":false},"excerpt":{"rendered":"<ul>\n<li>Zapatilla vers\u00e1til para afrontar largas distancias.<\/li>\n<\/ul>\n<ul>\n<li style=\"list-style-type: none;\">\n<ul>\n<li>Equipada con una placa de carbono para ayudarte a rendir al m\u00e1ximo<\/li>\n<\/ul>\n<\/li>\n<\/ul>\n<p>.<\/p>\n","protected":false},"featured_media":326813,"template":"","meta":{"_acf_changed":false,"inline_featured_image":false},"product_brand":[],"product_cat":[24227,24228],"product_tag":[23558,23620],"class_list":{"0":"post-293994","1":"product","2":"type-product","3":"status-publish","4":"has-post-thumbnail","6":"product_cat-calzado-femenino","7":"product_cat-neutre-es","8":"product_tag-adidas-es","9":"product_tag-adidas-mujer","10":"pa_attivita-caminar","11":"pa_attivita-running-es","12":"pa_colore-adistar-byd-w-blufus-lucpnk-lu-es","13":"pa_colore-adistar-byd-w-grestr-tauoxi-carbon-es","14":"pa_marca-adidas-es","15":"pa_sesso-mujer","16":"pa_size-38-es","17":"pa_size-39-es","18":"pa_size-40-es","19":"pa_size-41-es","21":"first","22":"instock","23":"sale","24":"taxable","25":"shipping-taxable","26":"purchasable","27":"product-type-variable","28":"wvs-archive-product-wrapper"},"acf":[],"yoast_head":"<!-- This site is optimized with the Yoast SEO plugin v26.8 - https:\/\/yoast.com\/product\/yoast-seo-wordpress\/ -->\n<title>Adidas Adistar Byd mujer - zapatillas para correr - MioMioRun.com<\/title>\n<meta name=\"description\" content=\"Cuando tu programa de entrenamiento incluye carreras de larga distancia, estas zapatillas de running Adistar Byd para mujer son la elecci\u00f3n ideal.\" \/>\n<meta name=\"robots\" content=\"index, follow, max-snippet:-1, max-image-preview:large, max-video-preview:-1\" \/>\n<link rel=\"canonical\" href=\"https:\/\/www.miomiorun.com\/es\/producto\/adistar-byd-mujer-2\/\" \/>\n<meta property=\"og:locale\" content=\"es_ES\" \/>\n<meta property=\"og:type\" content=\"article\" \/>\n<meta property=\"og:title\" content=\"Adidas Adistar Byd mujer - zapatillas para correr - MioMioRun.com\" \/>\n<meta property=\"og:description\" content=\"Cuando tu programa de entrenamiento incluye carreras de larga distancia, estas zapatillas de running Adistar Byd para mujer son la elecci\u00f3n ideal.\" \/>\n<meta property=\"og:url\" content=\"https:\/\/www.miomiorun.com\/es\/producto\/adistar-byd-mujer-2\/\" \/>\n<meta property=\"og:site_name\" content=\"MioMioRun\" \/>\n<meta property=\"article:publisher\" content=\"https:\/\/www.facebook.com\/miomiorun\/\" \/>\n<meta property=\"article:modified_time\" content=\"2025-08-19T14:11:20+00:00\" \/>\n<meta property=\"og:image\" content=\"https:\/\/www.miomiorun.com\/app\/uploads\/2024\/09\/Adidas-Adistar-BYD-W-prptnt-bluspa-ID6179.webp\" \/>\n\t<meta property=\"og:image:width\" content=\"600\" \/>\n\t<meta property=\"og:image:height\" content=\"600\" \/>\n\t<meta property=\"og:image:type\" content=\"image\/webp\" \/>\n<meta name=\"twitter:card\" content=\"summary_large_image\" \/>\n<meta name=\"twitter:label1\" content=\"Est. reading time\" \/>\n\t<meta name=\"twitter:data1\" content=\"2 minutes\" \/>\n<script type=\"application\/ld+json\" class=\"yoast-schema-graph\">{\"@context\":\"https:\/\/schema.org\",\"@graph\":[{\"@type\":\"WebPage\",\"@id\":\"https:\/\/www.miomiorun.com\/es\/producto\/adistar-byd-mujer-2\/\",\"url\":\"https:\/\/www.miomiorun.com\/es\/producto\/adistar-byd-mujer-2\/\",\"name\":\"Adidas Adistar Byd mujer - zapatillas para correr - MioMioRun.com\",\"isPartOf\":{\"@id\":\"https:\/\/www.miomiorun.com\/es\/#website\"},\"primaryImageOfPage\":{\"@id\":\"https:\/\/www.miomiorun.com\/es\/producto\/adistar-byd-mujer-2\/#primaryimage\"},\"image\":{\"@id\":\"https:\/\/www.miomiorun.com\/es\/producto\/adistar-byd-mujer-2\/#primaryimage\"},\"thumbnailUrl\":\"https:\/\/www.miomiorun.com\/app\/uploads\/2025\/07\/adidas-Adistar-BYD-W-blufus-lucpnk-lu-JR0277.webp\",\"datePublished\":\"2024-08-27T11:51:44+00:00\",\"dateModified\":\"2025-08-19T14:11:20+00:00\",\"description\":\"Cuando tu programa de entrenamiento incluye carreras de larga distancia, estas zapatillas de running Adistar Byd para mujer son la elecci\u00f3n ideal.\",\"breadcrumb\":{\"@id\":\"https:\/\/www.miomiorun.com\/es\/producto\/adistar-byd-mujer-2\/#breadcrumb\"},\"inLanguage\":\"es-ES\",\"potentialAction\":[{\"@type\":\"ReadAction\",\"target\":[\"https:\/\/www.miomiorun.com\/es\/producto\/adistar-byd-mujer-2\/\"]}]},{\"@type\":\"ImageObject\",\"inLanguage\":\"es-ES\",\"@id\":\"https:\/\/www.miomiorun.com\/es\/producto\/adistar-byd-mujer-2\/#primaryimage\",\"url\":\"https:\/\/www.miomiorun.com\/app\/uploads\/2025\/07\/adidas-Adistar-BYD-W-blufus-lucpnk-lu-JR0277.webp\",\"contentUrl\":\"https:\/\/www.miomiorun.com\/app\/uploads\/2025\/07\/adidas-Adistar-BYD-W-blufus-lucpnk-lu-JR0277.webp\",\"width\":600,\"height\":600,\"caption\":\"adidas Adistar BYD W blufus lucpnk lu JR0277\"},{\"@type\":\"BreadcrumbList\",\"@id\":\"https:\/\/www.miomiorun.com\/es\/producto\/adistar-byd-mujer-2\/#breadcrumb\",\"itemListElement\":[{\"@type\":\"ListItem\",\"position\":1,\"name\":\"Home\",\"item\":\"https:\/\/www.miomiorun.com\/es\/\"},{\"@type\":\"ListItem\",\"position\":2,\"name\":\"Shop\",\"item\":\"https:\/\/www.miomiorun.com\/shop\/\"},{\"@type\":\"ListItem\",\"position\":3,\"name\":\"Adistar Byd mujer\"}]},{\"@type\":\"WebSite\",\"@id\":\"https:\/\/www.miomiorun.com\/es\/#website\",\"url\":\"https:\/\/www.miomiorun.com\/es\/\",\"name\":\"MioMioRun\",\"description\":\"Tienda 100% running y trail\",\"publisher\":{\"@id\":\"https:\/\/www.miomiorun.com\/es\/#organization\"},\"potentialAction\":[{\"@type\":\"SearchAction\",\"target\":{\"@type\":\"EntryPoint\",\"urlTemplate\":\"https:\/\/www.miomiorun.com\/es\/?s={search_term_string}\"},\"query-input\":{\"@type\":\"PropertyValueSpecification\",\"valueRequired\":true,\"valueName\":\"search_term_string\"}}],\"inLanguage\":\"es-ES\"},{\"@type\":\"Organization\",\"@id\":\"https:\/\/www.miomiorun.com\/es\/#organization\",\"name\":\"MioMio Run\",\"url\":\"https:\/\/www.miomiorun.com\/es\/\",\"logo\":{\"@type\":\"ImageObject\",\"inLanguage\":\"es-ES\",\"@id\":\"https:\/\/www.miomiorun.com\/es\/#\/schema\/logo\/image\/\",\"url\":\"https:\/\/www.miomiorun.com\/app\/uploads\/2019\/12\/logomio.png\",\"contentUrl\":\"https:\/\/www.miomiorun.com\/app\/uploads\/2019\/12\/logomio.png\",\"width\":115,\"height\":82,\"caption\":\"MioMio Run\"},\"image\":{\"@id\":\"https:\/\/www.miomiorun.com\/es\/#\/schema\/logo\/image\/\"},\"sameAs\":[\"https:\/\/www.facebook.com\/miomiorun\/\",\"https:\/\/www.instagram.com\/miomiorun\/\"]}]}<\/script>\n<!-- \/ Yoast SEO plugin. -->","yoast_head_json":{"title":"Adidas Adistar Byd mujer - zapatillas para correr - MioMioRun.com","description":"Cuando tu programa de entrenamiento incluye carreras de larga distancia, estas zapatillas de running Adistar Byd para mujer son la elecci\u00f3n ideal.","robots":{"index":"index","follow":"follow","max-snippet":"max-snippet:-1","max-image-preview":"max-image-preview:large","max-video-preview":"max-video-preview:-1"},"canonical":"https:\/\/www.miomiorun.com\/es\/producto\/adistar-byd-mujer-2\/","og_locale":"es_ES","og_type":"article","og_title":"Adidas Adistar Byd mujer - zapatillas para correr - MioMioRun.com","og_description":"Cuando tu programa de entrenamiento incluye carreras de larga distancia, estas zapatillas de running Adistar Byd para mujer son la elecci\u00f3n ideal.","og_url":"https:\/\/www.miomiorun.com\/es\/producto\/adistar-byd-mujer-2\/","og_site_name":"MioMioRun","article_publisher":"https:\/\/www.facebook.com\/miomiorun\/","article_modified_time":"2025-08-19T14:11:20+00:00","og_image":[{"width":600,"height":600,"url":"https:\/\/www.miomiorun.com\/app\/uploads\/2024\/09\/Adidas-Adistar-BYD-W-prptnt-bluspa-ID6179.webp","type":"image\/webp"}],"twitter_card":"summary_large_image","twitter_misc":{"Est. reading time":"2 minutes"},"schema":{"@context":"https:\/\/schema.org","@graph":[{"@type":"WebPage","@id":"https:\/\/www.miomiorun.com\/es\/producto\/adistar-byd-mujer-2\/","url":"https:\/\/www.miomiorun.com\/es\/producto\/adistar-byd-mujer-2\/","name":"Adidas Adistar Byd mujer - zapatillas para correr - MioMioRun.com","isPartOf":{"@id":"https:\/\/www.miomiorun.com\/es\/#website"},"primaryImageOfPage":{"@id":"https:\/\/www.miomiorun.com\/es\/producto\/adistar-byd-mujer-2\/#primaryimage"},"image":{"@id":"https:\/\/www.miomiorun.com\/es\/producto\/adistar-byd-mujer-2\/#primaryimage"},"thumbnailUrl":"https:\/\/www.miomiorun.com\/app\/uploads\/2025\/07\/adidas-Adistar-BYD-W-blufus-lucpnk-lu-JR0277.webp","datePublished":"2024-08-27T11:51:44+00:00","dateModified":"2025-08-19T14:11:20+00:00","description":"Cuando tu programa de entrenamiento incluye carreras de larga distancia, estas zapatillas de running Adistar Byd para mujer son la elecci\u00f3n ideal.","breadcrumb":{"@id":"https:\/\/www.miomiorun.com\/es\/producto\/adistar-byd-mujer-2\/#breadcrumb"},"inLanguage":"es-ES","potentialAction":[{"@type":"ReadAction","target":["https:\/\/www.miomiorun.com\/es\/producto\/adistar-byd-mujer-2\/"]}]},{"@type":"ImageObject","inLanguage":"es-ES","@id":"https:\/\/www.miomiorun.com\/es\/producto\/adistar-byd-mujer-2\/#primaryimage","url":"https:\/\/www.miomiorun.com\/app\/uploads\/2025\/07\/adidas-Adistar-BYD-W-blufus-lucpnk-lu-JR0277.webp","contentUrl":"https:\/\/www.miomiorun.com\/app\/uploads\/2025\/07\/adidas-Adistar-BYD-W-blufus-lucpnk-lu-JR0277.webp","width":600,"height":600,"caption":"adidas Adistar BYD W blufus lucpnk lu JR0277"},{"@type":"BreadcrumbList","@id":"https:\/\/www.miomiorun.com\/es\/producto\/adistar-byd-mujer-2\/#breadcrumb","itemListElement":[{"@type":"ListItem","position":1,"name":"Home","item":"https:\/\/www.miomiorun.com\/es\/"},{"@type":"ListItem","position":2,"name":"Shop","item":"https:\/\/www.miomiorun.com\/shop\/"},{"@type":"ListItem","position":3,"name":"Adistar Byd mujer"}]},{"@type":"WebSite","@id":"https:\/\/www.miomiorun.com\/es\/#website","url":"https:\/\/www.miomiorun.com\/es\/","name":"MioMioRun","description":"Tienda 100% running y trail","publisher":{"@id":"https:\/\/www.miomiorun.com\/es\/#organization"},"potentialAction":[{"@type":"SearchAction","target":{"@type":"EntryPoint","urlTemplate":"https:\/\/www.miomiorun.com\/es\/?s={search_term_string}"},"query-input":{"@type":"PropertyValueSpecification","valueRequired":true,"valueName":"search_term_string"}}],"inLanguage":"es-ES"},{"@type":"Organization","@id":"https:\/\/www.miomiorun.com\/es\/#organization","name":"MioMio Run","url":"https:\/\/www.miomiorun.com\/es\/","logo":{"@type":"ImageObject","inLanguage":"es-ES","@id":"https:\/\/www.miomiorun.com\/es\/#\/schema\/logo\/image\/","url":"https:\/\/www.miomiorun.com\/app\/uploads\/2019\/12\/logomio.png","contentUrl":"https:\/\/www.miomiorun.com\/app\/uploads\/2019\/12\/logomio.png","width":115,"height":82,"caption":"MioMio Run"},"image":{"@id":"https:\/\/www.miomiorun.com\/es\/#\/schema\/logo\/image\/"},"sameAs":["https:\/\/www.facebook.com\/miomiorun\/","https:\/\/www.instagram.com\/miomiorun\/"]}]}},"_links":{"self":[{"href":"https:\/\/www.miomiorun.com\/es\/wp-json\/wp\/v2\/product\/293994","targetHints":{"allow":["GET"]}}],"collection":[{"href":"https:\/\/www.miomiorun.com\/es\/wp-json\/wp\/v2\/product"}],"about":[{"href":"https:\/\/www.miomiorun.com\/es\/wp-json\/wp\/v2\/types\/product"}],"wp:featuredmedia":[{"embeddable":true,"href":"https:\/\/www.miomiorun.com\/es\/wp-json\/wp\/v2\/media\/326813"}],"wp:attachment":[{"href":"https:\/\/www.miomiorun.com\/es\/wp-json\/wp\/v2\/media?parent=293994"}],"wp:term":[{"taxonomy":"product_brand","embeddable":true,"href":"https:\/\/www.miomiorun.com\/es\/wp-json\/wp\/v2\/product_brand?post=293994"},{"taxonomy":"product_cat","embeddable":true,"href":"https:\/\/www.miomiorun.com\/es\/wp-json\/wp\/v2\/product_cat?post=293994"},{"taxonomy":"product_tag","embeddable":true,"href":"https:\/\/www.miomiorun.com\/es\/wp-json\/wp\/v2\/product_tag?post=293994"}],"curies":[{"name":"wp","href":"https:\/\/api.w.org\/{rel}","templated":true}]}}