{"id":293980,"date":"2024-08-27T14:36:14","date_gmt":"2024-08-27T12:36:14","guid":{"rendered":"https:\/\/miomiorun.com\/prodotto\/adizero-sl2-donna\/"},"modified":"2026-04-05T11:35:11","modified_gmt":"2026-04-05T09:35:11","slug":"adizero-sl2-mujer","status":"publish","type":"product","link":"https:\/\/www.miomiorun.com\/es\/producto\/adizero-sl2-mujer\/","title":{"rendered":"Adizero SL2 mujer"},"content":{"rendered":"<div class=\"vc-row container\"><div class=\"vc-column\"><div class=\"vc-column-text\"><\/p>\n<p><strong>Especificaciones t\u00e9cnicas<\/strong><\/p>\n<p>Categor\u00eda: amortiguaci\u00f3n reactiva.<br \/>\nOffset: 9 mm.<br \/>\nPeso: 206 g<br \/>\nIdeal para: corredores que buscan un modelo intermedio, caracterizado por su ligereza y elasticidad, para carreras de cualquier distancia, capaces de apreciar la reactividad y una amortiguaci\u00f3n discreta.<br \/>\nPeso del atleta: 50-70 kg<br \/>\nRitmo de carrera: medio-r\u00e1pido (3,30-5,00 min\/km)<br \/>\n<a href=\"https:\/\/miomiorun.com\/es\/guia-especifica\/\">Gu\u00eda de especificaciones t\u00e9cnicas<\/a><\/p>\n<p><\/div><\/div><div class=\"vc-column\"><div class=\"vc-column-text\"><\/p>\n<div class=\"text-content___13aRm\">\n<h3 class=\"subtitle___9ljbp\" style=\"text-align: center\">Zapatillas de running ligeras fabricadas en parte con materiales reciclados.<\/h3>\n<h2 class=\"gl-vspace\" style=\"text-align: center\">Descubre la emoci\u00f3n de batir tus r\u00e9cords personales con unas zapatillas tan r\u00e1pidas como t\u00fa.<\/h2>\n<p class=\"gl-vspace\">Estas zapatillas de running adidas <strong>adizero SL2<\/strong> para mujer cuentan con la amortiguaci\u00f3n Lightstrike Pro, reactiva y ultraligera, para un retorno de energ\u00eda inigualable y una velocidad superior. La parte superior de malla t\u00e9cnica garantiza transpirabilidad y sujeci\u00f3n donde m\u00e1s se necesita para ayudarte a alcanzar la meta en un santiam\u00e9n. Este producto contiene al menos un 20 % de materiales reciclados.<\/p>\n<p><strong>Caracter\u00edsticas:<\/strong><\/p>\n<ul class=\"gl-list\">\n<li class=\"gl-vspace-bpall-small\">Ajuste normal<\/li>\n<li class=\"gl-vspace-bpall-small\">Cierre con cordones<\/li>\n<li class=\"gl-vspace-bpall-small\">Parte superior de malla<\/li>\n<li class=\"gl-vspace-bpall-small\">Forro de tejido<\/li>\n<li class=\"gl-vspace-bpall-small\">Amortiguaci\u00f3n Lightstrike Pro<\/li>\n<li class=\"gl-vspace-bpall-small\">Suela de goma<\/li>\n<\/ul>\n<h3>Tecnolog\u00eda<\/h3>\n<div class=\"accordion__content___29x9h\">\n<div class=\"content-padding___2kVWQ\">\n<div class=\"technologies-section___3gZqW technologies-section--no-img___B_YZF\">\n<div class=\"technologies-content-container--no-img___wNKqW\">\n<h2 class=\"technologies-content-name___kkx_0\">LIGHTSTRIKE<\/h2>\n<div class=\"technologies-content-title___moWj6\"><strong>Ligereza y rapidez<\/strong><\/div>\n<p class=\"technologies-content-subtitle___2bGCf\">Amortiguaci\u00f3n ultraligera Lightstrike para un nivel superior de velocidad.<\/p>\n<p>&nbsp;<\/p>\n<\/div>\n<\/div>\n<\/div>\n<\/div>\n<\/div>\n<p><\/div><\/div><\/div>\n","protected":false},"excerpt":{"rendered":"<ul>\n<li>Zapatilla de running ligera, r\u00e1pida y reactiva.<\/li>\n<li>Ideal para corredores que quieren correr r\u00e1pido y superarse a s\u00ed mismos.<\/li>\n<\/ul>\n","protected":false},"featured_media":351885,"template":"","meta":{"_acf_changed":false,"inline_featured_image":false},"product_brand":[],"product_cat":[24227,24228],"product_tag":[23558,23620],"class_list":{"0":"post-293980","1":"product","2":"type-product","3":"status-publish","4":"has-post-thumbnail","6":"product_cat-calzado-femenino","7":"product_cat-neutre-es","8":"product_tag-adidas-es","9":"product_tag-adidas-mujer","10":"pa_attivita-fitness-es","11":"pa_attivita-running-es","12":"pa_colore-adizero-sl2-w-carbon-cryjad-fl-es","13":"pa_colore-adizero-sl2-w-ftwwht-cblack-es","14":"pa_colore-adizero-sl2-w-owhite-lucred-aciora","15":"pa_colore-adizero-sl2-w-powplu-silvmt","16":"pa_colore-adizero-sl2-w-shopnk-zeromt-po-es","17":"pa_marca-adidas-es","18":"pa_sesso-mujer","19":"pa_size-38-es","21":"pa_size-39-es","22":"pa_size-40-es","24":"pa_size-41-es","25":"pa_size-42-es","27":"first","28":"instock","29":"sale","30":"taxable","31":"shipping-taxable","32":"purchasable","33":"product-type-variable","34":"wvs-archive-product-wrapper"},"acf":[],"yoast_head":"<!-- This site is optimized with the Yoast SEO plugin v26.8 - https:\/\/yoast.com\/product\/yoast-seo-wordpress\/ -->\n<title>Adidas Adizero SL2 mujer - zapatillas de running para mujer - MioMioRun<\/title>\n<meta name=\"description\" content=\"Estas zapatillas de running adidas adizero SL2 para mujer cuentan con la amortiguaci\u00f3n Lightstrike Pro, reactiva y ultraligera, para un retorno de energ\u00eda.\" \/>\n<meta name=\"robots\" content=\"index, follow, max-snippet:-1, max-image-preview:large, max-video-preview:-1\" \/>\n<link rel=\"canonical\" href=\"https:\/\/www.miomiorun.com\/es\/producto\/adizero-sl2-mujer\/\" \/>\n<meta property=\"og:locale\" content=\"es_ES\" \/>\n<meta property=\"og:type\" content=\"article\" \/>\n<meta property=\"og:title\" content=\"Adidas Adizero SL2 mujer - zapatillas de running para mujer - MioMioRun\" \/>\n<meta property=\"og:description\" content=\"Estas zapatillas de running adidas adizero SL2 para mujer cuentan con la amortiguaci\u00f3n Lightstrike Pro, reactiva y ultraligera, para un retorno de energ\u00eda.\" \/>\n<meta property=\"og:url\" content=\"https:\/\/www.miomiorun.com\/es\/producto\/adizero-sl2-mujer\/\" \/>\n<meta property=\"og:site_name\" content=\"MioMioRun\" \/>\n<meta property=\"article:publisher\" content=\"https:\/\/www.facebook.com\/miomiorun\/\" \/>\n<meta property=\"article:modified_time\" content=\"2026-04-05T09:35:11+00:00\" \/>\n<meta property=\"og:image\" content=\"https:\/\/www.miomiorun.com\/app\/uploads\/2025\/09\/adidas-Adizero-SL2-W-shopnk-zeromt-po-JQ0367.webp\" \/>\n\t<meta property=\"og:image:width\" content=\"720\" \/>\n\t<meta property=\"og:image:height\" content=\"720\" \/>\n\t<meta property=\"og:image:type\" content=\"image\/webp\" \/>\n<meta name=\"twitter:card\" content=\"summary_large_image\" \/>\n<meta name=\"twitter:label1\" content=\"Est. reading time\" \/>\n\t<meta name=\"twitter:data1\" content=\"1 minute\" \/>\n<script type=\"application\/ld+json\" class=\"yoast-schema-graph\">{\"@context\":\"https:\/\/schema.org\",\"@graph\":[{\"@type\":\"WebPage\",\"@id\":\"https:\/\/www.miomiorun.com\/es\/producto\/adizero-sl2-mujer\/\",\"url\":\"https:\/\/www.miomiorun.com\/es\/producto\/adizero-sl2-mujer\/\",\"name\":\"Adidas Adizero SL2 mujer - zapatillas de running para mujer - MioMioRun\",\"isPartOf\":{\"@id\":\"https:\/\/www.miomiorun.com\/es\/#website\"},\"primaryImageOfPage\":{\"@id\":\"https:\/\/www.miomiorun.com\/es\/producto\/adizero-sl2-mujer\/#primaryimage\"},\"image\":{\"@id\":\"https:\/\/www.miomiorun.com\/es\/producto\/adizero-sl2-mujer\/#primaryimage\"},\"thumbnailUrl\":\"https:\/\/www.miomiorun.com\/app\/uploads\/2025\/09\/adidas-Adizero-SL2-W-shopnk-zeromt-po-JQ0367.webp\",\"datePublished\":\"2024-08-27T12:36:14+00:00\",\"dateModified\":\"2026-04-05T09:35:11+00:00\",\"description\":\"Estas zapatillas de running adidas adizero SL2 para mujer cuentan con la amortiguaci\u00f3n Lightstrike Pro, reactiva y ultraligera, para un retorno de energ\u00eda.\",\"breadcrumb\":{\"@id\":\"https:\/\/www.miomiorun.com\/es\/producto\/adizero-sl2-mujer\/#breadcrumb\"},\"inLanguage\":\"es-ES\",\"potentialAction\":[{\"@type\":\"ReadAction\",\"target\":[\"https:\/\/www.miomiorun.com\/es\/producto\/adizero-sl2-mujer\/\"]}]},{\"@type\":\"ImageObject\",\"inLanguage\":\"es-ES\",\"@id\":\"https:\/\/www.miomiorun.com\/es\/producto\/adizero-sl2-mujer\/#primaryimage\",\"url\":\"https:\/\/www.miomiorun.com\/app\/uploads\/2025\/09\/adidas-Adizero-SL2-W-shopnk-zeromt-po-JQ0367.webp\",\"contentUrl\":\"https:\/\/www.miomiorun.com\/app\/uploads\/2025\/09\/adidas-Adizero-SL2-W-shopnk-zeromt-po-JQ0367.webp\",\"width\":720,\"height\":720,\"caption\":\"adidas Adizero SL2 W shopnk zeromt po JQ0367\"},{\"@type\":\"BreadcrumbList\",\"@id\":\"https:\/\/www.miomiorun.com\/es\/producto\/adizero-sl2-mujer\/#breadcrumb\",\"itemListElement\":[{\"@type\":\"ListItem\",\"position\":1,\"name\":\"Home\",\"item\":\"https:\/\/www.miomiorun.com\/es\/\"},{\"@type\":\"ListItem\",\"position\":2,\"name\":\"Shop\",\"item\":\"https:\/\/www.miomiorun.com\/shop\/\"},{\"@type\":\"ListItem\",\"position\":3,\"name\":\"Adizero SL2 mujer\"}]},{\"@type\":\"WebSite\",\"@id\":\"https:\/\/www.miomiorun.com\/es\/#website\",\"url\":\"https:\/\/www.miomiorun.com\/es\/\",\"name\":\"MioMioRun\",\"description\":\"Tienda 100% running y trail\",\"publisher\":{\"@id\":\"https:\/\/www.miomiorun.com\/es\/#organization\"},\"potentialAction\":[{\"@type\":\"SearchAction\",\"target\":{\"@type\":\"EntryPoint\",\"urlTemplate\":\"https:\/\/www.miomiorun.com\/es\/?s={search_term_string}\"},\"query-input\":{\"@type\":\"PropertyValueSpecification\",\"valueRequired\":true,\"valueName\":\"search_term_string\"}}],\"inLanguage\":\"es-ES\"},{\"@type\":\"Organization\",\"@id\":\"https:\/\/www.miomiorun.com\/es\/#organization\",\"name\":\"MioMio Run\",\"url\":\"https:\/\/www.miomiorun.com\/es\/\",\"logo\":{\"@type\":\"ImageObject\",\"inLanguage\":\"es-ES\",\"@id\":\"https:\/\/www.miomiorun.com\/es\/#\/schema\/logo\/image\/\",\"url\":\"https:\/\/www.miomiorun.com\/app\/uploads\/2019\/12\/logomio.png\",\"contentUrl\":\"https:\/\/www.miomiorun.com\/app\/uploads\/2019\/12\/logomio.png\",\"width\":115,\"height\":82,\"caption\":\"MioMio Run\"},\"image\":{\"@id\":\"https:\/\/www.miomiorun.com\/es\/#\/schema\/logo\/image\/\"},\"sameAs\":[\"https:\/\/www.facebook.com\/miomiorun\/\",\"https:\/\/www.instagram.com\/miomiorun\/\"]}]}<\/script>\n<!-- \/ Yoast SEO plugin. -->","yoast_head_json":{"title":"Adidas Adizero SL2 mujer - zapatillas de running para mujer - MioMioRun","description":"Estas zapatillas de running adidas adizero SL2 para mujer cuentan con la amortiguaci\u00f3n Lightstrike Pro, reactiva y ultraligera, para un retorno de energ\u00eda.","robots":{"index":"index","follow":"follow","max-snippet":"max-snippet:-1","max-image-preview":"max-image-preview:large","max-video-preview":"max-video-preview:-1"},"canonical":"https:\/\/www.miomiorun.com\/es\/producto\/adizero-sl2-mujer\/","og_locale":"es_ES","og_type":"article","og_title":"Adidas Adizero SL2 mujer - zapatillas de running para mujer - MioMioRun","og_description":"Estas zapatillas de running adidas adizero SL2 para mujer cuentan con la amortiguaci\u00f3n Lightstrike Pro, reactiva y ultraligera, para un retorno de energ\u00eda.","og_url":"https:\/\/www.miomiorun.com\/es\/producto\/adizero-sl2-mujer\/","og_site_name":"MioMioRun","article_publisher":"https:\/\/www.facebook.com\/miomiorun\/","article_modified_time":"2026-04-05T09:35:11+00:00","og_image":[{"width":720,"height":720,"url":"https:\/\/www.miomiorun.com\/app\/uploads\/2025\/09\/adidas-Adizero-SL2-W-shopnk-zeromt-po-JQ0367.webp","type":"image\/webp"}],"twitter_card":"summary_large_image","twitter_misc":{"Est. reading time":"1 minute"},"schema":{"@context":"https:\/\/schema.org","@graph":[{"@type":"WebPage","@id":"https:\/\/www.miomiorun.com\/es\/producto\/adizero-sl2-mujer\/","url":"https:\/\/www.miomiorun.com\/es\/producto\/adizero-sl2-mujer\/","name":"Adidas Adizero SL2 mujer - zapatillas de running para mujer - MioMioRun","isPartOf":{"@id":"https:\/\/www.miomiorun.com\/es\/#website"},"primaryImageOfPage":{"@id":"https:\/\/www.miomiorun.com\/es\/producto\/adizero-sl2-mujer\/#primaryimage"},"image":{"@id":"https:\/\/www.miomiorun.com\/es\/producto\/adizero-sl2-mujer\/#primaryimage"},"thumbnailUrl":"https:\/\/www.miomiorun.com\/app\/uploads\/2025\/09\/adidas-Adizero-SL2-W-shopnk-zeromt-po-JQ0367.webp","datePublished":"2024-08-27T12:36:14+00:00","dateModified":"2026-04-05T09:35:11+00:00","description":"Estas zapatillas de running adidas adizero SL2 para mujer cuentan con la amortiguaci\u00f3n Lightstrike Pro, reactiva y ultraligera, para un retorno de energ\u00eda.","breadcrumb":{"@id":"https:\/\/www.miomiorun.com\/es\/producto\/adizero-sl2-mujer\/#breadcrumb"},"inLanguage":"es-ES","potentialAction":[{"@type":"ReadAction","target":["https:\/\/www.miomiorun.com\/es\/producto\/adizero-sl2-mujer\/"]}]},{"@type":"ImageObject","inLanguage":"es-ES","@id":"https:\/\/www.miomiorun.com\/es\/producto\/adizero-sl2-mujer\/#primaryimage","url":"https:\/\/www.miomiorun.com\/app\/uploads\/2025\/09\/adidas-Adizero-SL2-W-shopnk-zeromt-po-JQ0367.webp","contentUrl":"https:\/\/www.miomiorun.com\/app\/uploads\/2025\/09\/adidas-Adizero-SL2-W-shopnk-zeromt-po-JQ0367.webp","width":720,"height":720,"caption":"adidas Adizero SL2 W shopnk zeromt po JQ0367"},{"@type":"BreadcrumbList","@id":"https:\/\/www.miomiorun.com\/es\/producto\/adizero-sl2-mujer\/#breadcrumb","itemListElement":[{"@type":"ListItem","position":1,"name":"Home","item":"https:\/\/www.miomiorun.com\/es\/"},{"@type":"ListItem","position":2,"name":"Shop","item":"https:\/\/www.miomiorun.com\/shop\/"},{"@type":"ListItem","position":3,"name":"Adizero SL2 mujer"}]},{"@type":"WebSite","@id":"https:\/\/www.miomiorun.com\/es\/#website","url":"https:\/\/www.miomiorun.com\/es\/","name":"MioMioRun","description":"Tienda 100% running y trail","publisher":{"@id":"https:\/\/www.miomiorun.com\/es\/#organization"},"potentialAction":[{"@type":"SearchAction","target":{"@type":"EntryPoint","urlTemplate":"https:\/\/www.miomiorun.com\/es\/?s={search_term_string}"},"query-input":{"@type":"PropertyValueSpecification","valueRequired":true,"valueName":"search_term_string"}}],"inLanguage":"es-ES"},{"@type":"Organization","@id":"https:\/\/www.miomiorun.com\/es\/#organization","name":"MioMio Run","url":"https:\/\/www.miomiorun.com\/es\/","logo":{"@type":"ImageObject","inLanguage":"es-ES","@id":"https:\/\/www.miomiorun.com\/es\/#\/schema\/logo\/image\/","url":"https:\/\/www.miomiorun.com\/app\/uploads\/2019\/12\/logomio.png","contentUrl":"https:\/\/www.miomiorun.com\/app\/uploads\/2019\/12\/logomio.png","width":115,"height":82,"caption":"MioMio Run"},"image":{"@id":"https:\/\/www.miomiorun.com\/es\/#\/schema\/logo\/image\/"},"sameAs":["https:\/\/www.facebook.com\/miomiorun\/","https:\/\/www.instagram.com\/miomiorun\/"]}]}},"_links":{"self":[{"href":"https:\/\/www.miomiorun.com\/es\/wp-json\/wp\/v2\/product\/293980","targetHints":{"allow":["GET"]}}],"collection":[{"href":"https:\/\/www.miomiorun.com\/es\/wp-json\/wp\/v2\/product"}],"about":[{"href":"https:\/\/www.miomiorun.com\/es\/wp-json\/wp\/v2\/types\/product"}],"wp:featuredmedia":[{"embeddable":true,"href":"https:\/\/www.miomiorun.com\/es\/wp-json\/wp\/v2\/media\/351885"}],"wp:attachment":[{"href":"https:\/\/www.miomiorun.com\/es\/wp-json\/wp\/v2\/media?parent=293980"}],"wp:term":[{"taxonomy":"product_brand","embeddable":true,"href":"https:\/\/www.miomiorun.com\/es\/wp-json\/wp\/v2\/product_brand?post=293980"},{"taxonomy":"product_cat","embeddable":true,"href":"https:\/\/www.miomiorun.com\/es\/wp-json\/wp\/v2\/product_cat?post=293980"},{"taxonomy":"product_tag","embeddable":true,"href":"https:\/\/www.miomiorun.com\/es\/wp-json\/wp\/v2\/product_tag?post=293980"}],"curies":[{"name":"wp","href":"https:\/\/api.w.org\/{rel}","templated":true}]}}