{"id":293830,"date":"2024-08-29T14:23:33","date_gmt":"2024-08-29T12:23:33","guid":{"rendered":"https:\/\/miomiorun.com\/prodotto\/giacca-own-the-run-donna\/"},"modified":"2026-05-08T19:47:06","modified_gmt":"2026-05-08T17:47:06","slug":"giacca-own-the-run-mujer","status":"publish","type":"product","link":"https:\/\/www.miomiorun.com\/es\/producto\/giacca-own-the-run-mujer\/","title":{"rendered":"Giacca Own The Run mujer"},"content":{"rendered":"<div class=\"text-content___13aRm\">\n<h3 class=\"subtitle___9ljbp\" style=\"text-align: center\">Pr\u00e1ctica chaqueta cortavientos para mujer fabricada en parte con materiales reciclados.<\/h3>\n<h2 class=\"gl-vspace\" style=\"text-align: center\">Enfr\u00e9ntate a las inclemencias del tiempo con esta ligera chaqueta para correr.<\/h2>\n<p class=\"gl-vspace\" style=\"text-align: left\">La tecnolog\u00eda adidas WIND.RDY te protege del viento y de los elementos para que puedas concentrarte solo en tu carrera. El cord\u00f3n el\u00e1stico ajustable en el bajo garantiza un ajuste siempre perfecto. Este producto contiene al menos un 70 % de materiales reciclados.<\/p>\n<p><strong>Caracter\u00edsticas:<\/strong><\/p>\n<ul class=\"gl-list\">\n<li class=\"gl-vspace-bpall-small\">Ajuste regular<\/li>\n<li class=\"gl-vspace-bpall-small\">Cremallera completa y capucha<\/li>\n<li class=\"gl-vspace-bpall-small\">Ripstop, 100 % poli\u00e9ster reciclado<\/li>\n<li class=\"gl-vspace-bpall-small\">WIND.RDY<\/li>\n<li class=\"gl-vspace-bpall-small\">Bolsillo con cremallera en el pecho<\/li>\n<li class=\"gl-vspace-bpall-small\">Bordes el\u00e1sticos<\/li>\n<li class=\"gl-vspace-bpall-small\">Borde con cord\u00f3n el\u00e1stico y cierre<\/li>\n<li class=\"gl-vspace-bpall-small\">Detalles reflectantes<\/li>\n<\/ul>\n<div class=\"care-instructions___3scEd\">\n<div class=\"care-instructions___3scEd\">\n<h4 class=\"care-title___2YJe1 gl-no-margin-bottom\">Instrucciones de lavado<\/h4>\n<ul class=\"\">\n<li class=\"gl-vspace-bpall-small\"><img loading=\"lazy\" decoding=\"async\" src=\"https:\/\/www.adidas.it\/glass\/react\/050cc48\/assets\/img\/washing-instructions\/B1.svg\" alt=\"\" width=\"24\" height=\"24\"> No usar lej\u00eda<\/li>\n<li class=\"gl-vspace-bpall-small\"><img loading=\"lazy\" decoding=\"async\" src=\"https:\/\/www.adidas.it\/glass\/react\/050cc48\/assets\/img\/washing-instructions\/C1.svg\" alt=\"\" width=\"24\" height=\"24\"> No usar secadora<\/li>\n<li class=\"gl-vspace-bpall-small\"><img loading=\"lazy\" decoding=\"async\" src=\"https:\/\/www.adidas.it\/glass\/react\/050cc48\/assets\/img\/washing-instructions\/E1.svg\" alt=\"\" width=\"24\" height=\"24\"> No limpiar en seco<\/li>\n<li class=\"gl-vspace-bpall-small\"><img loading=\"lazy\" decoding=\"async\" src=\"https:\/\/www.adidas.it\/glass\/react\/050cc48\/assets\/img\/washing-instructions\/D1.svg\" alt=\"\" width=\"24\" height=\"24\"> No planchar<\/li>\n<li class=\"gl-vspace-bpall-small\"><img loading=\"lazy\" decoding=\"async\" src=\"https:\/\/www.adidas.it\/glass\/react\/050cc48\/assets\/img\/washing-instructions\/A3.svg\" alt=\"\" width=\"24\" height=\"24\"> Lavar a m\u00e1quina con agua fr\u00eda<\/li>\n<\/ul>\n<\/div>\n<\/div>\n<p>&nbsp;<\/p>\n<\/div>\n","protected":false},"excerpt":{"rendered":"<ul>\n<li>Una chaqueta ideal para tus actividades deportivas.<\/li>\n<li>Ofrece una excelente protecci\u00f3n contra el viento.<\/li>\n<\/ul>\n","protected":false},"featured_media":248779,"template":"","meta":{"_acf_changed":false,"inline_featured_image":false},"product_brand":[],"product_cat":[24398,24401,24402],"product_tag":[23558,23620],"class_list":{"0":"post-293830","1":"product","2":"type-product","3":"status-publish","4":"has-post-thumbnail","6":"product_cat-chaquetas","7":"product_cat-ropa-de-mujer","8":"product_cat-mujer","9":"product_tag-adidas-es","10":"product_tag-adidas-mujer","11":"pa_attivita-caminar","12":"pa_attivita-running-es","13":"pa_colore-otr-b-jkt-white-w-es","14":"pa_marca-adidas-es","15":"pa_sesso-mujer","16":"pa_size-small-es","17":"pa_size-large-es","19":"first","20":"instock","21":"sale","22":"taxable","23":"shipping-taxable","24":"purchasable","25":"product-type-variable","26":"wvs-archive-product-wrapper"},"acf":[],"yoast_head":"<!-- This site is optimized with the Yoast SEO plugin v26.8 - https:\/\/yoast.com\/product\/yoast-seo-wordpress\/ -->\n<title>Adidas Giacca Own The Run mujer - Chaqueta de verano - MioMioRun<\/title>\n<meta name=\"description\" content=\"chaqueta cortavientos para mujer fabricada en parte con materiales reciclados. Enfr\u00e9ntate a las inclemencias del tiempo con esta ligera chaqueta para correr\" \/>\n<meta name=\"robots\" content=\"index, follow, max-snippet:-1, max-image-preview:large, max-video-preview:-1\" \/>\n<link rel=\"canonical\" href=\"https:\/\/www.miomiorun.com\/es\/producto\/giacca-own-the-run-mujer\/\" \/>\n<meta property=\"og:locale\" content=\"es_ES\" \/>\n<meta property=\"og:type\" content=\"article\" \/>\n<meta property=\"og:title\" content=\"Adidas Giacca Own The Run mujer - Chaqueta de verano - MioMioRun\" \/>\n<meta property=\"og:description\" content=\"chaqueta cortavientos para mujer fabricada en parte con materiales reciclados. Enfr\u00e9ntate a las inclemencias del tiempo con esta ligera chaqueta para correr\" \/>\n<meta property=\"og:url\" content=\"https:\/\/www.miomiorun.com\/es\/producto\/giacca-own-the-run-mujer\/\" \/>\n<meta property=\"og:site_name\" content=\"MioMioRun\" \/>\n<meta property=\"article:publisher\" content=\"https:\/\/www.facebook.com\/miomiorun\/\" \/>\n<meta property=\"article:modified_time\" content=\"2026-05-08T17:47:06+00:00\" \/>\n<meta property=\"og:image\" content=\"https:\/\/www.miomiorun.com\/app\/uploads\/2024\/09\/Adidas-OTR-B-JKT-white-W-IK7445.webp\" \/>\n\t<meta property=\"og:image:width\" content=\"600\" \/>\n\t<meta property=\"og:image:height\" content=\"600\" \/>\n\t<meta property=\"og:image:type\" content=\"image\/webp\" \/>\n<meta name=\"twitter:card\" content=\"summary_large_image\" \/>\n<meta name=\"twitter:label1\" content=\"Est. reading time\" \/>\n\t<meta name=\"twitter:data1\" content=\"1 minute\" \/>\n<script type=\"application\/ld+json\" class=\"yoast-schema-graph\">{\"@context\":\"https:\/\/schema.org\",\"@graph\":[{\"@type\":\"WebPage\",\"@id\":\"https:\/\/www.miomiorun.com\/es\/producto\/giacca-own-the-run-mujer\/\",\"url\":\"https:\/\/www.miomiorun.com\/es\/producto\/giacca-own-the-run-mujer\/\",\"name\":\"Adidas Giacca Own The Run mujer - Chaqueta de verano - MioMioRun\",\"isPartOf\":{\"@id\":\"https:\/\/www.miomiorun.com\/es\/#website\"},\"primaryImageOfPage\":{\"@id\":\"https:\/\/www.miomiorun.com\/es\/producto\/giacca-own-the-run-mujer\/#primaryimage\"},\"image\":{\"@id\":\"https:\/\/www.miomiorun.com\/es\/producto\/giacca-own-the-run-mujer\/#primaryimage\"},\"thumbnailUrl\":\"https:\/\/www.miomiorun.com\/app\/uploads\/2024\/09\/Adidas-OTR-B-JKT-white-W-IK7445.webp\",\"datePublished\":\"2024-08-29T12:23:33+00:00\",\"dateModified\":\"2026-05-08T17:47:06+00:00\",\"description\":\"chaqueta cortavientos para mujer fabricada en parte con materiales reciclados. Enfr\u00e9ntate a las inclemencias del tiempo con esta ligera chaqueta para correr\",\"breadcrumb\":{\"@id\":\"https:\/\/www.miomiorun.com\/es\/producto\/giacca-own-the-run-mujer\/#breadcrumb\"},\"inLanguage\":\"es-ES\",\"potentialAction\":[{\"@type\":\"ReadAction\",\"target\":[\"https:\/\/www.miomiorun.com\/es\/producto\/giacca-own-the-run-mujer\/\"]}]},{\"@type\":\"ImageObject\",\"inLanguage\":\"es-ES\",\"@id\":\"https:\/\/www.miomiorun.com\/es\/producto\/giacca-own-the-run-mujer\/#primaryimage\",\"url\":\"https:\/\/www.miomiorun.com\/app\/uploads\/2024\/09\/Adidas-OTR-B-JKT-white-W-IK7445.webp\",\"contentUrl\":\"https:\/\/www.miomiorun.com\/app\/uploads\/2024\/09\/Adidas-OTR-B-JKT-white-W-IK7445.webp\",\"width\":600,\"height\":600,\"caption\":\"Adidas OTR B JKT white W IK7445\"},{\"@type\":\"BreadcrumbList\",\"@id\":\"https:\/\/www.miomiorun.com\/es\/producto\/giacca-own-the-run-mujer\/#breadcrumb\",\"itemListElement\":[{\"@type\":\"ListItem\",\"position\":1,\"name\":\"Home\",\"item\":\"https:\/\/www.miomiorun.com\/es\/\"},{\"@type\":\"ListItem\",\"position\":2,\"name\":\"Shop\",\"item\":\"https:\/\/www.miomiorun.com\/shop\/\"},{\"@type\":\"ListItem\",\"position\":3,\"name\":\"Giacca Own The Run mujer\"}]},{\"@type\":\"WebSite\",\"@id\":\"https:\/\/www.miomiorun.com\/es\/#website\",\"url\":\"https:\/\/www.miomiorun.com\/es\/\",\"name\":\"MioMioRun\",\"description\":\"Tienda 100% running y trail\",\"publisher\":{\"@id\":\"https:\/\/www.miomiorun.com\/es\/#organization\"},\"potentialAction\":[{\"@type\":\"SearchAction\",\"target\":{\"@type\":\"EntryPoint\",\"urlTemplate\":\"https:\/\/www.miomiorun.com\/es\/?s={search_term_string}\"},\"query-input\":{\"@type\":\"PropertyValueSpecification\",\"valueRequired\":true,\"valueName\":\"search_term_string\"}}],\"inLanguage\":\"es-ES\"},{\"@type\":\"Organization\",\"@id\":\"https:\/\/www.miomiorun.com\/es\/#organization\",\"name\":\"MioMio Run\",\"url\":\"https:\/\/www.miomiorun.com\/es\/\",\"logo\":{\"@type\":\"ImageObject\",\"inLanguage\":\"es-ES\",\"@id\":\"https:\/\/www.miomiorun.com\/es\/#\/schema\/logo\/image\/\",\"url\":\"https:\/\/www.miomiorun.com\/app\/uploads\/2019\/12\/logomio.png\",\"contentUrl\":\"https:\/\/www.miomiorun.com\/app\/uploads\/2019\/12\/logomio.png\",\"width\":115,\"height\":82,\"caption\":\"MioMio Run\"},\"image\":{\"@id\":\"https:\/\/www.miomiorun.com\/es\/#\/schema\/logo\/image\/\"},\"sameAs\":[\"https:\/\/www.facebook.com\/miomiorun\/\",\"https:\/\/www.instagram.com\/miomiorun\/\"]}]}<\/script>\n<!-- \/ Yoast SEO plugin. -->","yoast_head_json":{"title":"Adidas Giacca Own The Run mujer - Chaqueta de verano - MioMioRun","description":"chaqueta cortavientos para mujer fabricada en parte con materiales reciclados. Enfr\u00e9ntate a las inclemencias del tiempo con esta ligera chaqueta para correr","robots":{"index":"index","follow":"follow","max-snippet":"max-snippet:-1","max-image-preview":"max-image-preview:large","max-video-preview":"max-video-preview:-1"},"canonical":"https:\/\/www.miomiorun.com\/es\/producto\/giacca-own-the-run-mujer\/","og_locale":"es_ES","og_type":"article","og_title":"Adidas Giacca Own The Run mujer - Chaqueta de verano - MioMioRun","og_description":"chaqueta cortavientos para mujer fabricada en parte con materiales reciclados. Enfr\u00e9ntate a las inclemencias del tiempo con esta ligera chaqueta para correr","og_url":"https:\/\/www.miomiorun.com\/es\/producto\/giacca-own-the-run-mujer\/","og_site_name":"MioMioRun","article_publisher":"https:\/\/www.facebook.com\/miomiorun\/","article_modified_time":"2026-05-08T17:47:06+00:00","og_image":[{"width":600,"height":600,"url":"https:\/\/www.miomiorun.com\/app\/uploads\/2024\/09\/Adidas-OTR-B-JKT-white-W-IK7445.webp","type":"image\/webp"}],"twitter_card":"summary_large_image","twitter_misc":{"Est. reading time":"1 minute"},"schema":{"@context":"https:\/\/schema.org","@graph":[{"@type":"WebPage","@id":"https:\/\/www.miomiorun.com\/es\/producto\/giacca-own-the-run-mujer\/","url":"https:\/\/www.miomiorun.com\/es\/producto\/giacca-own-the-run-mujer\/","name":"Adidas Giacca Own The Run mujer - Chaqueta de verano - MioMioRun","isPartOf":{"@id":"https:\/\/www.miomiorun.com\/es\/#website"},"primaryImageOfPage":{"@id":"https:\/\/www.miomiorun.com\/es\/producto\/giacca-own-the-run-mujer\/#primaryimage"},"image":{"@id":"https:\/\/www.miomiorun.com\/es\/producto\/giacca-own-the-run-mujer\/#primaryimage"},"thumbnailUrl":"https:\/\/www.miomiorun.com\/app\/uploads\/2024\/09\/Adidas-OTR-B-JKT-white-W-IK7445.webp","datePublished":"2024-08-29T12:23:33+00:00","dateModified":"2026-05-08T17:47:06+00:00","description":"chaqueta cortavientos para mujer fabricada en parte con materiales reciclados. Enfr\u00e9ntate a las inclemencias del tiempo con esta ligera chaqueta para correr","breadcrumb":{"@id":"https:\/\/www.miomiorun.com\/es\/producto\/giacca-own-the-run-mujer\/#breadcrumb"},"inLanguage":"es-ES","potentialAction":[{"@type":"ReadAction","target":["https:\/\/www.miomiorun.com\/es\/producto\/giacca-own-the-run-mujer\/"]}]},{"@type":"ImageObject","inLanguage":"es-ES","@id":"https:\/\/www.miomiorun.com\/es\/producto\/giacca-own-the-run-mujer\/#primaryimage","url":"https:\/\/www.miomiorun.com\/app\/uploads\/2024\/09\/Adidas-OTR-B-JKT-white-W-IK7445.webp","contentUrl":"https:\/\/www.miomiorun.com\/app\/uploads\/2024\/09\/Adidas-OTR-B-JKT-white-W-IK7445.webp","width":600,"height":600,"caption":"Adidas OTR B JKT white W IK7445"},{"@type":"BreadcrumbList","@id":"https:\/\/www.miomiorun.com\/es\/producto\/giacca-own-the-run-mujer\/#breadcrumb","itemListElement":[{"@type":"ListItem","position":1,"name":"Home","item":"https:\/\/www.miomiorun.com\/es\/"},{"@type":"ListItem","position":2,"name":"Shop","item":"https:\/\/www.miomiorun.com\/shop\/"},{"@type":"ListItem","position":3,"name":"Giacca Own The Run mujer"}]},{"@type":"WebSite","@id":"https:\/\/www.miomiorun.com\/es\/#website","url":"https:\/\/www.miomiorun.com\/es\/","name":"MioMioRun","description":"Tienda 100% running y trail","publisher":{"@id":"https:\/\/www.miomiorun.com\/es\/#organization"},"potentialAction":[{"@type":"SearchAction","target":{"@type":"EntryPoint","urlTemplate":"https:\/\/www.miomiorun.com\/es\/?s={search_term_string}"},"query-input":{"@type":"PropertyValueSpecification","valueRequired":true,"valueName":"search_term_string"}}],"inLanguage":"es-ES"},{"@type":"Organization","@id":"https:\/\/www.miomiorun.com\/es\/#organization","name":"MioMio Run","url":"https:\/\/www.miomiorun.com\/es\/","logo":{"@type":"ImageObject","inLanguage":"es-ES","@id":"https:\/\/www.miomiorun.com\/es\/#\/schema\/logo\/image\/","url":"https:\/\/www.miomiorun.com\/app\/uploads\/2019\/12\/logomio.png","contentUrl":"https:\/\/www.miomiorun.com\/app\/uploads\/2019\/12\/logomio.png","width":115,"height":82,"caption":"MioMio Run"},"image":{"@id":"https:\/\/www.miomiorun.com\/es\/#\/schema\/logo\/image\/"},"sameAs":["https:\/\/www.facebook.com\/miomiorun\/","https:\/\/www.instagram.com\/miomiorun\/"]}]}},"_links":{"self":[{"href":"https:\/\/www.miomiorun.com\/es\/wp-json\/wp\/v2\/product\/293830","targetHints":{"allow":["GET"]}}],"collection":[{"href":"https:\/\/www.miomiorun.com\/es\/wp-json\/wp\/v2\/product"}],"about":[{"href":"https:\/\/www.miomiorun.com\/es\/wp-json\/wp\/v2\/types\/product"}],"wp:featuredmedia":[{"embeddable":true,"href":"https:\/\/www.miomiorun.com\/es\/wp-json\/wp\/v2\/media\/248779"}],"wp:attachment":[{"href":"https:\/\/www.miomiorun.com\/es\/wp-json\/wp\/v2\/media?parent=293830"}],"wp:term":[{"taxonomy":"product_brand","embeddable":true,"href":"https:\/\/www.miomiorun.com\/es\/wp-json\/wp\/v2\/product_brand?post=293830"},{"taxonomy":"product_cat","embeddable":true,"href":"https:\/\/www.miomiorun.com\/es\/wp-json\/wp\/v2\/product_cat?post=293830"},{"taxonomy":"product_tag","embeddable":true,"href":"https:\/\/www.miomiorun.com\/es\/wp-json\/wp\/v2\/product_tag?post=293830"}],"curies":[{"name":"wp","href":"https:\/\/api.w.org\/{rel}","templated":true}]}}