{"id":293796,"date":"2024-09-11T15:59:23","date_gmt":"2024-09-11T13:59:23","guid":{"rendered":"https:\/\/miomiorun.com\/prodotto\/speedcross-6-uomo\/"},"modified":"2026-03-04T12:33:29","modified_gmt":"2026-03-04T11:33:29","slug":"speedcross-6-hombre","status":"publish","type":"product","link":"https:\/\/www.miomiorun.com\/es\/producto\/speedcross-6-hombre\/","title":{"rendered":"Speedcross 6 hombre"},"content":{"rendered":"<div class=\"vc-row container\"><div class=\"vc-column\"><div class=\"vc-column-text\"><\/p>\n<p><strong>Especificaciones t\u00e9cnicas<\/strong><\/p>\n<p>Categor\u00eda: amortiguaci\u00f3n moderada.<br \/>\nDesviaci\u00f3n: 10 mm.<br \/>\nPeso: 298 g<br \/>\nIdeal para: corredores de trail y amantes de las caminatas y carreras por monta\u00f1a que buscan un modelo ligero, bien amortiguado y protector, capaz de transmitir el m\u00e1ximo confort incluso en distancias largas.<br \/>\nPeso del atleta: 60-70 kg<br \/>\nRitmo de carrera: medio-r\u00e1pido (4,30-6,00 min\/km)<br \/>\n<a href=\"https:\/\/miomiorun.com\/es\/guia-especifica\/\">Gu\u00eda de especificaciones t\u00e9cnicas<\/a><\/p>\n<p><\/div><\/div><div class=\"vc-column\"><div class=\"vc-column-text\">La versi\u00f3n para hombre de la <strong>SPEEDCROSS 6<\/strong> no necesita presentaci\u00f3n.<\/p>\n<p>Fiel a sus or\u00edgenes legendarios y a su condici\u00f3n de zapatilla de trail, esta versi\u00f3n es m\u00e1s ligera, con un contacto con el terreno a\u00fan m\u00e1s potente y eficaz, y m\u00e1s r\u00e1pida a la hora de expulsar el barro. Adem\u00e1s, cuenta con una parte superior redise\u00f1ada, funcional y elegante a la vez, y con la comodidad cl\u00e1sica de SPEEDCROSS.<\/p>\n<h3><strong>PERFECTA PARA:<\/strong><\/h3>\n<ul>\n<li>Terrenos mixtos, barro.<\/li>\n<li>Tracci\u00f3n.<\/li>\n<li>2-3 carreras a la semana.<\/li>\n<\/ul>\n<h3><strong>Caracter\u00edsticas:<\/strong><\/h3>\n<ul>\n<li>Amortiguaci\u00f3n suave y protectora que no sacrifica la reactividad y el impulso.<\/li>\n<li>Sistema de cordones Quicklace.<\/li>\n<li>Forro de tejido.<\/li>\n<li>Ideal para terrenos mixtos y fangosos.<\/li>\n<\/ul>\n<h2 style=\"text-align: center\">Agarre<\/h2>\n<p>Gracias a su banda de rodadura redise\u00f1ada, esta Speedcross controla el barro m\u00e1s r\u00e1pidamente y ofrece un agarre a\u00fan m\u00e1s eficaz en superficies mojadas.<\/p>\n<h2 style=\"text-align: center\">Ajuste<\/h2>\n<p>Construcci\u00f3n SensiFit para un ajuste preciso y \u00f3ptimo del pie, con toda la comodidad cl\u00e1sica de la Speedcross.<\/p>\n<h2 style=\"text-align: center\">Comodidad<\/h2>\n<p>Cuando algo funciona, \u00bfpor qu\u00e9 cambiarlo? La comodidad que infunde seguridad es la cl\u00e1sica del Speedcross, con el a\u00f1adido de la mezcla EnergyCell+ en la entresuela y una parte superior envolvente soldada.<\/p>\n<p><\/div><\/div><\/div>\n","protected":false},"excerpt":{"rendered":"<ul>\n<li>Zapatilla de trail ideal para terrenos mixtos y fangosos.<\/li>\n<li>Perfecta para largas caminatas y carreras.<\/li>\n<\/ul>\n","protected":false},"featured_media":248819,"template":"","meta":{"_acf_changed":false,"inline_featured_image":false},"product_brand":[],"product_cat":[24454,24451],"product_tag":[23582,23615],"class_list":{"0":"post-293796","1":"product","2":"type-product","3":"status-publish","4":"has-post-thumbnail","6":"product_cat-calzado-para-hombre","7":"product_cat-trail-es-3","8":"product_tag-salomon-es","9":"product_tag-salomon-hombre","10":"pa_attivita-outdoor-es","11":"pa_attivita-trail-es","12":"pa_colore-speedcross-6-carbon-tahitian-tide-white-es","13":"pa_colore-speedcross-6-castlerock-lime-c-poseid-es","14":"pa_colore-speedcross-6-rum-ra-chert-cognac-es","15":"pa_marca-salomon-es","16":"pa_sesso-hombre","17":"pa_size-45-es","18":"pa_size-46-es","20":"pa_size-47-es","22":"first","23":"instock","24":"sale","25":"taxable","26":"shipping-taxable","27":"purchasable","28":"product-type-variable","29":"wvs-archive-product-wrapper"},"acf":[],"yoast_head":"<!-- This site is optimized with the Yoast SEO plugin v26.8 - https:\/\/yoast.com\/product\/yoast-seo-wordpress\/ -->\n<title>SalomonSpeedcross 6 hombre -zapatillas de trail - MioMioRun.com<\/title>\n<meta name=\"description\" content=\"La SPEEDCROSS 6 en su versi\u00f3n para hombre no necesita presentaci\u00f3n. Fiel a sus or\u00edgenes legendarios y a su estatus de zapatilla de trail.\" \/>\n<meta name=\"robots\" content=\"index, follow, max-snippet:-1, max-image-preview:large, max-video-preview:-1\" \/>\n<link rel=\"canonical\" href=\"https:\/\/www.miomiorun.com\/es\/producto\/speedcross-6-hombre\/\" \/>\n<meta property=\"og:locale\" content=\"es_ES\" \/>\n<meta property=\"og:type\" content=\"article\" \/>\n<meta property=\"og:title\" content=\"SalomonSpeedcross 6 hombre -zapatillas de trail - MioMioRun.com\" \/>\n<meta property=\"og:description\" content=\"La SPEEDCROSS 6 en su versi\u00f3n para hombre no necesita presentaci\u00f3n. Fiel a sus or\u00edgenes legendarios y a su estatus de zapatilla de trail.\" \/>\n<meta property=\"og:url\" content=\"https:\/\/www.miomiorun.com\/es\/producto\/speedcross-6-hombre\/\" \/>\n<meta property=\"og:site_name\" content=\"MioMioRun\" \/>\n<meta property=\"article:publisher\" content=\"https:\/\/www.facebook.com\/miomiorun\/\" \/>\n<meta property=\"article:modified_time\" content=\"2026-03-04T11:33:29+00:00\" \/>\n<meta property=\"og:image\" content=\"https:\/\/www.miomiorun.com\/app\/uploads\/2024\/09\/Salomon-Speedcross-6-carbon-tahitian-tide-white-L47465300.webp\" \/>\n\t<meta property=\"og:image:width\" content=\"600\" \/>\n\t<meta property=\"og:image:height\" content=\"600\" \/>\n\t<meta property=\"og:image:type\" content=\"image\/webp\" \/>\n<meta name=\"twitter:card\" content=\"summary_large_image\" \/>\n<meta name=\"twitter:label1\" content=\"Est. reading time\" \/>\n\t<meta name=\"twitter:data1\" content=\"2 minutes\" \/>\n<script type=\"application\/ld+json\" class=\"yoast-schema-graph\">{\"@context\":\"https:\/\/schema.org\",\"@graph\":[{\"@type\":\"WebPage\",\"@id\":\"https:\/\/www.miomiorun.com\/es\/producto\/speedcross-6-hombre\/\",\"url\":\"https:\/\/www.miomiorun.com\/es\/producto\/speedcross-6-hombre\/\",\"name\":\"SalomonSpeedcross 6 hombre -zapatillas de trail - MioMioRun.com\",\"isPartOf\":{\"@id\":\"https:\/\/www.miomiorun.com\/es\/#website\"},\"primaryImageOfPage\":{\"@id\":\"https:\/\/www.miomiorun.com\/es\/producto\/speedcross-6-hombre\/#primaryimage\"},\"image\":{\"@id\":\"https:\/\/www.miomiorun.com\/es\/producto\/speedcross-6-hombre\/#primaryimage\"},\"thumbnailUrl\":\"https:\/\/www.miomiorun.com\/app\/uploads\/2024\/09\/Salomon-Speedcross-6-carbon-tahitian-tide-white-L47465300.webp\",\"datePublished\":\"2024-09-11T13:59:23+00:00\",\"dateModified\":\"2026-03-04T11:33:29+00:00\",\"description\":\"La SPEEDCROSS 6 en su versi\u00f3n para hombre no necesita presentaci\u00f3n. Fiel a sus or\u00edgenes legendarios y a su estatus de zapatilla de trail.\",\"breadcrumb\":{\"@id\":\"https:\/\/www.miomiorun.com\/es\/producto\/speedcross-6-hombre\/#breadcrumb\"},\"inLanguage\":\"es-ES\",\"potentialAction\":[{\"@type\":\"ReadAction\",\"target\":[\"https:\/\/www.miomiorun.com\/es\/producto\/speedcross-6-hombre\/\"]}]},{\"@type\":\"ImageObject\",\"inLanguage\":\"es-ES\",\"@id\":\"https:\/\/www.miomiorun.com\/es\/producto\/speedcross-6-hombre\/#primaryimage\",\"url\":\"https:\/\/www.miomiorun.com\/app\/uploads\/2024\/09\/Salomon-Speedcross-6-carbon-tahitian-tide-white-L47465300.webp\",\"contentUrl\":\"https:\/\/www.miomiorun.com\/app\/uploads\/2024\/09\/Salomon-Speedcross-6-carbon-tahitian-tide-white-L47465300.webp\",\"width\":600,\"height\":600,\"caption\":\"Salomon Speedcross 6 carbon tahitian tide white L47465300\"},{\"@type\":\"BreadcrumbList\",\"@id\":\"https:\/\/www.miomiorun.com\/es\/producto\/speedcross-6-hombre\/#breadcrumb\",\"itemListElement\":[{\"@type\":\"ListItem\",\"position\":1,\"name\":\"Home\",\"item\":\"https:\/\/www.miomiorun.com\/es\/\"},{\"@type\":\"ListItem\",\"position\":2,\"name\":\"Shop\",\"item\":\"https:\/\/www.miomiorun.com\/shop\/\"},{\"@type\":\"ListItem\",\"position\":3,\"name\":\"Speedcross 6 hombre\"}]},{\"@type\":\"WebSite\",\"@id\":\"https:\/\/www.miomiorun.com\/es\/#website\",\"url\":\"https:\/\/www.miomiorun.com\/es\/\",\"name\":\"MioMioRun\",\"description\":\"Tienda 100% running y trail\",\"publisher\":{\"@id\":\"https:\/\/www.miomiorun.com\/es\/#organization\"},\"potentialAction\":[{\"@type\":\"SearchAction\",\"target\":{\"@type\":\"EntryPoint\",\"urlTemplate\":\"https:\/\/www.miomiorun.com\/es\/?s={search_term_string}\"},\"query-input\":{\"@type\":\"PropertyValueSpecification\",\"valueRequired\":true,\"valueName\":\"search_term_string\"}}],\"inLanguage\":\"es-ES\"},{\"@type\":\"Organization\",\"@id\":\"https:\/\/www.miomiorun.com\/es\/#organization\",\"name\":\"MioMio Run\",\"url\":\"https:\/\/www.miomiorun.com\/es\/\",\"logo\":{\"@type\":\"ImageObject\",\"inLanguage\":\"es-ES\",\"@id\":\"https:\/\/www.miomiorun.com\/es\/#\/schema\/logo\/image\/\",\"url\":\"https:\/\/www.miomiorun.com\/app\/uploads\/2019\/12\/logomio.png\",\"contentUrl\":\"https:\/\/www.miomiorun.com\/app\/uploads\/2019\/12\/logomio.png\",\"width\":115,\"height\":82,\"caption\":\"MioMio Run\"},\"image\":{\"@id\":\"https:\/\/www.miomiorun.com\/es\/#\/schema\/logo\/image\/\"},\"sameAs\":[\"https:\/\/www.facebook.com\/miomiorun\/\",\"https:\/\/www.instagram.com\/miomiorun\/\"]}]}<\/script>\n<!-- \/ Yoast SEO plugin. -->","yoast_head_json":{"title":"SalomonSpeedcross 6 hombre -zapatillas de trail - MioMioRun.com","description":"La SPEEDCROSS 6 en su versi\u00f3n para hombre no necesita presentaci\u00f3n. Fiel a sus or\u00edgenes legendarios y a su estatus de zapatilla de trail.","robots":{"index":"index","follow":"follow","max-snippet":"max-snippet:-1","max-image-preview":"max-image-preview:large","max-video-preview":"max-video-preview:-1"},"canonical":"https:\/\/www.miomiorun.com\/es\/producto\/speedcross-6-hombre\/","og_locale":"es_ES","og_type":"article","og_title":"SalomonSpeedcross 6 hombre -zapatillas de trail - MioMioRun.com","og_description":"La SPEEDCROSS 6 en su versi\u00f3n para hombre no necesita presentaci\u00f3n. Fiel a sus or\u00edgenes legendarios y a su estatus de zapatilla de trail.","og_url":"https:\/\/www.miomiorun.com\/es\/producto\/speedcross-6-hombre\/","og_site_name":"MioMioRun","article_publisher":"https:\/\/www.facebook.com\/miomiorun\/","article_modified_time":"2026-03-04T11:33:29+00:00","og_image":[{"width":600,"height":600,"url":"https:\/\/www.miomiorun.com\/app\/uploads\/2024\/09\/Salomon-Speedcross-6-carbon-tahitian-tide-white-L47465300.webp","type":"image\/webp"}],"twitter_card":"summary_large_image","twitter_misc":{"Est. reading time":"2 minutes"},"schema":{"@context":"https:\/\/schema.org","@graph":[{"@type":"WebPage","@id":"https:\/\/www.miomiorun.com\/es\/producto\/speedcross-6-hombre\/","url":"https:\/\/www.miomiorun.com\/es\/producto\/speedcross-6-hombre\/","name":"SalomonSpeedcross 6 hombre -zapatillas de trail - MioMioRun.com","isPartOf":{"@id":"https:\/\/www.miomiorun.com\/es\/#website"},"primaryImageOfPage":{"@id":"https:\/\/www.miomiorun.com\/es\/producto\/speedcross-6-hombre\/#primaryimage"},"image":{"@id":"https:\/\/www.miomiorun.com\/es\/producto\/speedcross-6-hombre\/#primaryimage"},"thumbnailUrl":"https:\/\/www.miomiorun.com\/app\/uploads\/2024\/09\/Salomon-Speedcross-6-carbon-tahitian-tide-white-L47465300.webp","datePublished":"2024-09-11T13:59:23+00:00","dateModified":"2026-03-04T11:33:29+00:00","description":"La SPEEDCROSS 6 en su versi\u00f3n para hombre no necesita presentaci\u00f3n. Fiel a sus or\u00edgenes legendarios y a su estatus de zapatilla de trail.","breadcrumb":{"@id":"https:\/\/www.miomiorun.com\/es\/producto\/speedcross-6-hombre\/#breadcrumb"},"inLanguage":"es-ES","potentialAction":[{"@type":"ReadAction","target":["https:\/\/www.miomiorun.com\/es\/producto\/speedcross-6-hombre\/"]}]},{"@type":"ImageObject","inLanguage":"es-ES","@id":"https:\/\/www.miomiorun.com\/es\/producto\/speedcross-6-hombre\/#primaryimage","url":"https:\/\/www.miomiorun.com\/app\/uploads\/2024\/09\/Salomon-Speedcross-6-carbon-tahitian-tide-white-L47465300.webp","contentUrl":"https:\/\/www.miomiorun.com\/app\/uploads\/2024\/09\/Salomon-Speedcross-6-carbon-tahitian-tide-white-L47465300.webp","width":600,"height":600,"caption":"Salomon Speedcross 6 carbon tahitian tide white L47465300"},{"@type":"BreadcrumbList","@id":"https:\/\/www.miomiorun.com\/es\/producto\/speedcross-6-hombre\/#breadcrumb","itemListElement":[{"@type":"ListItem","position":1,"name":"Home","item":"https:\/\/www.miomiorun.com\/es\/"},{"@type":"ListItem","position":2,"name":"Shop","item":"https:\/\/www.miomiorun.com\/shop\/"},{"@type":"ListItem","position":3,"name":"Speedcross 6 hombre"}]},{"@type":"WebSite","@id":"https:\/\/www.miomiorun.com\/es\/#website","url":"https:\/\/www.miomiorun.com\/es\/","name":"MioMioRun","description":"Tienda 100% running y trail","publisher":{"@id":"https:\/\/www.miomiorun.com\/es\/#organization"},"potentialAction":[{"@type":"SearchAction","target":{"@type":"EntryPoint","urlTemplate":"https:\/\/www.miomiorun.com\/es\/?s={search_term_string}"},"query-input":{"@type":"PropertyValueSpecification","valueRequired":true,"valueName":"search_term_string"}}],"inLanguage":"es-ES"},{"@type":"Organization","@id":"https:\/\/www.miomiorun.com\/es\/#organization","name":"MioMio Run","url":"https:\/\/www.miomiorun.com\/es\/","logo":{"@type":"ImageObject","inLanguage":"es-ES","@id":"https:\/\/www.miomiorun.com\/es\/#\/schema\/logo\/image\/","url":"https:\/\/www.miomiorun.com\/app\/uploads\/2019\/12\/logomio.png","contentUrl":"https:\/\/www.miomiorun.com\/app\/uploads\/2019\/12\/logomio.png","width":115,"height":82,"caption":"MioMio Run"},"image":{"@id":"https:\/\/www.miomiorun.com\/es\/#\/schema\/logo\/image\/"},"sameAs":["https:\/\/www.facebook.com\/miomiorun\/","https:\/\/www.instagram.com\/miomiorun\/"]}]}},"_links":{"self":[{"href":"https:\/\/www.miomiorun.com\/es\/wp-json\/wp\/v2\/product\/293796","targetHints":{"allow":["GET"]}}],"collection":[{"href":"https:\/\/www.miomiorun.com\/es\/wp-json\/wp\/v2\/product"}],"about":[{"href":"https:\/\/www.miomiorun.com\/es\/wp-json\/wp\/v2\/types\/product"}],"wp:featuredmedia":[{"embeddable":true,"href":"https:\/\/www.miomiorun.com\/es\/wp-json\/wp\/v2\/media\/248819"}],"wp:attachment":[{"href":"https:\/\/www.miomiorun.com\/es\/wp-json\/wp\/v2\/media?parent=293796"}],"wp:term":[{"taxonomy":"product_brand","embeddable":true,"href":"https:\/\/www.miomiorun.com\/es\/wp-json\/wp\/v2\/product_brand?post=293796"},{"taxonomy":"product_cat","embeddable":true,"href":"https:\/\/www.miomiorun.com\/es\/wp-json\/wp\/v2\/product_cat?post=293796"},{"taxonomy":"product_tag","embeddable":true,"href":"https:\/\/www.miomiorun.com\/es\/wp-json\/wp\/v2\/product_tag?post=293796"}],"curies":[{"name":"wp","href":"https:\/\/api.w.org\/{rel}","templated":true}]}}