{"id":293600,"date":"2024-09-12T13:06:25","date_gmt":"2024-09-12T11:06:25","guid":{"rendered":"https:\/\/miomiorun.com\/prodotto\/speedcross-6-gtx-donna\/"},"modified":"2026-03-04T12:29:13","modified_gmt":"2026-03-04T11:29:13","slug":"speedcross-6-gtx-mujer","status":"publish","type":"product","link":"https:\/\/www.miomiorun.com\/es\/producto\/speedcross-6-gtx-mujer\/","title":{"rendered":"Speedcross 6 GTX mujer"},"content":{"rendered":"<div class=\"vc-row container\"><div class=\"vc-column\"><div class=\"vc-column-text\"><\/p>\n<p><strong>Especificaciones t\u00e9cnicas<\/strong><\/p>\n<p>Categor\u00eda: amortiguaci\u00f3n superior.<br \/>\nOffset: 10 mm.<br \/>\nPeso: 279 g.<br \/>\nIdeal para: corredores de trail y amantes de las caminatas y carreras por monta\u00f1a que buscan un modelo ligero, bien amortiguado y protector, con membrana Gore-Tex capaz de transmitir el m\u00e1ximo confort incluso en distancias prolongadas.<br \/>\nPeso del atleta: 50-70 kg<br \/>\nRitmo de carrera: medio-r\u00e1pido (4,30-6,00 min\/km)<br \/>\n<a href=\"https:\/\/miomiorun.com\/es\/guia-especifica\/\">Gu\u00eda de especificaciones t\u00e9cnicas<\/a><\/p>\n<p><\/div><\/div><div class=\"vc-column\"><div class=\"vc-column-text\">La versi\u00f3n femenina de la <strong>SPEEDCROSS 6 GORE-TEX<\/strong> no necesita presentaci\u00f3n.<\/p>\n<p>Fiel a sus or\u00edgenes legendarios y a su estatus de icono del trail running, esta versi\u00f3n es m\u00e1s ligera, con un contacto con el terreno a\u00fan m\u00e1s potente y eficaz, y m\u00e1s r\u00e1pida a la hora de deslizar el barro. Cuenta con una membrana GORE-TEX impermeable y transpirable, ideal para terrenos h\u00famedos y embarrados, una parte superior renovada y toda la comodidad cl\u00e1sica de la SPEEDCROSS.<\/p>\n<h3><strong>PERFECTO PARA:<\/strong><\/h3>\n<ul>\n<li>Terrenos mixtos, barro.<\/li>\n<li>Tracci\u00f3n.<\/li>\n<li>2-3 carreras a la semana.<\/li>\n<\/ul>\n<h3><strong>Caracter\u00edsticas:<\/strong><\/h3>\n<ul>\n<li>Amortiguaci\u00f3n suave y protectora que no sacrifica la reactividad y el impulso.<\/li>\n<li>Sistema de cordones Quicklace.<\/li>\n<li>Forro de tejido. <\/li>\n<li>Ideal para terrenos mixtos y fangosos.<\/li>\n<\/ul>\n<h2>Agarre<\/h2>\n<p>Gracias a su banda de rodadura redise\u00f1ada, esta Speedcross controla el barro m\u00e1s r\u00e1pidamente y ofrece un agarre a\u00fan m\u00e1s eficaz en superficies mojadas.<\/p>\n<h2>Ajuste<\/h2>\n<p>Construcci\u00f3n SensiFit para un ajuste preciso y \u00f3ptimo del pie, con toda la comodidad cl\u00e1sica de las Speedcross.<\/p>\n<h2>Impermeabilidad<\/h2>\n<p>Membrana GORE-TEX impermeable y transpirable para mantener los pies secos y c\u00f3modos incluso en condiciones dif\u00edciles y terrenos fangosos.<\/p>\n<p><\/div><\/div><\/div>\n","protected":false},"excerpt":{"rendered":"<ul>\n<li>Zapatilla de trail ideal para terrenos mixtos y fangosos.<\/li>\n<li>Perfecta para largas caminatas y carreras.<\/li>\n<li>Zapatillas de Gore-Tex.<\/li>\n<\/ul>\n","protected":false},"featured_media":248825,"template":"","meta":{"_acf_changed":false,"inline_featured_image":false},"product_brand":[],"product_cat":[24227,24230],"product_tag":[23582,23618],"class_list":{"0":"post-293600","1":"product","2":"type-product","3":"status-publish","4":"has-post-thumbnail","6":"product_cat-calzado-femenino","7":"product_cat-trail-es","8":"product_tag-salomon-es","9":"product_tag-salomon-mujer","10":"pa_attivita-outdoor-es","11":"pa_attivita-trail-es","12":"pa_colore-speedcross-6-gtx-w-blue-curacao-black-ic-es","13":"pa_colore-speedcross-6-gtx-w-bog-dawn-pink-acid-li","14":"pa_colore-speedcross-6-gtx-w-carbon-provence-white-es","15":"pa_colore-speedcross-6-gtx-w-tyello-black-watf","16":"pa_marca-salomon-es","17":"pa_sesso-mujer","18":"pa_size-38-es","20":"pa_size-39-es","21":"pa_size-40-es","23":"pa_size-41-es","25":"first","26":"instock","27":"sale","28":"taxable","29":"shipping-taxable","30":"purchasable","31":"product-type-variable","32":"wvs-archive-product-wrapper"},"acf":[],"yoast_head":"<!-- This site is optimized with the Yoast SEO plugin v26.8 - https:\/\/yoast.com\/product\/yoast-seo-wordpress\/ -->\n<title>Salomon Speedcross 6 GTX mujer - zapatillas de trail - MioMioRun.com<\/title>\n<meta name=\"description\" content=\"La SPEEDCROSS 6 en su versi\u00f3n para mujer no necesita presentaci\u00f3n. Fiel a sus or\u00edgenes legendarios y a su estatus de zapatilla de trail\" \/>\n<meta name=\"robots\" content=\"index, follow, max-snippet:-1, max-image-preview:large, max-video-preview:-1\" \/>\n<link rel=\"canonical\" href=\"https:\/\/www.miomiorun.com\/es\/producto\/speedcross-6-gtx-mujer\/\" \/>\n<meta property=\"og:locale\" content=\"es_ES\" \/>\n<meta property=\"og:type\" content=\"article\" \/>\n<meta property=\"og:title\" content=\"Salomon Speedcross 6 GTX mujer - zapatillas de trail - MioMioRun.com\" \/>\n<meta property=\"og:description\" content=\"La SPEEDCROSS 6 en su versi\u00f3n para mujer no necesita presentaci\u00f3n. Fiel a sus or\u00edgenes legendarios y a su estatus de zapatilla de trail\" \/>\n<meta property=\"og:url\" content=\"https:\/\/www.miomiorun.com\/es\/producto\/speedcross-6-gtx-mujer\/\" \/>\n<meta property=\"og:site_name\" content=\"MioMioRun\" \/>\n<meta property=\"article:publisher\" content=\"https:\/\/www.facebook.com\/miomiorun\/\" \/>\n<meta property=\"article:modified_time\" content=\"2026-03-04T11:29:13+00:00\" \/>\n<meta property=\"og:image\" content=\"https:\/\/www.miomiorun.com\/app\/uploads\/2024\/09\/salomon-Speedcross-6-GTX-W-carbon-provence-white-L47465900.webp\" \/>\n\t<meta property=\"og:image:width\" content=\"600\" \/>\n\t<meta property=\"og:image:height\" content=\"600\" \/>\n\t<meta property=\"og:image:type\" content=\"image\/webp\" \/>\n<meta name=\"twitter:card\" content=\"summary_large_image\" \/>\n<meta name=\"twitter:label1\" content=\"Est. reading time\" \/>\n\t<meta name=\"twitter:data1\" content=\"2 minutes\" \/>\n<script type=\"application\/ld+json\" class=\"yoast-schema-graph\">{\"@context\":\"https:\/\/schema.org\",\"@graph\":[{\"@type\":\"WebPage\",\"@id\":\"https:\/\/www.miomiorun.com\/es\/producto\/speedcross-6-gtx-mujer\/\",\"url\":\"https:\/\/www.miomiorun.com\/es\/producto\/speedcross-6-gtx-mujer\/\",\"name\":\"Salomon Speedcross 6 GTX mujer - zapatillas de trail - MioMioRun.com\",\"isPartOf\":{\"@id\":\"https:\/\/www.miomiorun.com\/es\/#website\"},\"primaryImageOfPage\":{\"@id\":\"https:\/\/www.miomiorun.com\/es\/producto\/speedcross-6-gtx-mujer\/#primaryimage\"},\"image\":{\"@id\":\"https:\/\/www.miomiorun.com\/es\/producto\/speedcross-6-gtx-mujer\/#primaryimage\"},\"thumbnailUrl\":\"https:\/\/www.miomiorun.com\/app\/uploads\/2024\/09\/salomon-Speedcross-6-GTX-W-carbon-provence-white-L47465900.webp\",\"datePublished\":\"2024-09-12T11:06:25+00:00\",\"dateModified\":\"2026-03-04T11:29:13+00:00\",\"description\":\"La SPEEDCROSS 6 en su versi\u00f3n para mujer no necesita presentaci\u00f3n. Fiel a sus or\u00edgenes legendarios y a su estatus de zapatilla de trail\",\"breadcrumb\":{\"@id\":\"https:\/\/www.miomiorun.com\/es\/producto\/speedcross-6-gtx-mujer\/#breadcrumb\"},\"inLanguage\":\"es-ES\",\"potentialAction\":[{\"@type\":\"ReadAction\",\"target\":[\"https:\/\/www.miomiorun.com\/es\/producto\/speedcross-6-gtx-mujer\/\"]}]},{\"@type\":\"ImageObject\",\"inLanguage\":\"es-ES\",\"@id\":\"https:\/\/www.miomiorun.com\/es\/producto\/speedcross-6-gtx-mujer\/#primaryimage\",\"url\":\"https:\/\/www.miomiorun.com\/app\/uploads\/2024\/09\/salomon-Speedcross-6-GTX-W-carbon-provence-white-L47465900.webp\",\"contentUrl\":\"https:\/\/www.miomiorun.com\/app\/uploads\/2024\/09\/salomon-Speedcross-6-GTX-W-carbon-provence-white-L47465900.webp\",\"width\":600,\"height\":600,\"caption\":\"salomon Speedcross 6 GTX W carbon provence white L47465900\"},{\"@type\":\"BreadcrumbList\",\"@id\":\"https:\/\/www.miomiorun.com\/es\/producto\/speedcross-6-gtx-mujer\/#breadcrumb\",\"itemListElement\":[{\"@type\":\"ListItem\",\"position\":1,\"name\":\"Home\",\"item\":\"https:\/\/www.miomiorun.com\/es\/\"},{\"@type\":\"ListItem\",\"position\":2,\"name\":\"Shop\",\"item\":\"https:\/\/www.miomiorun.com\/shop\/\"},{\"@type\":\"ListItem\",\"position\":3,\"name\":\"Speedcross 6 GTX mujer\"}]},{\"@type\":\"WebSite\",\"@id\":\"https:\/\/www.miomiorun.com\/es\/#website\",\"url\":\"https:\/\/www.miomiorun.com\/es\/\",\"name\":\"MioMioRun\",\"description\":\"Tienda 100% running y trail\",\"publisher\":{\"@id\":\"https:\/\/www.miomiorun.com\/es\/#organization\"},\"potentialAction\":[{\"@type\":\"SearchAction\",\"target\":{\"@type\":\"EntryPoint\",\"urlTemplate\":\"https:\/\/www.miomiorun.com\/es\/?s={search_term_string}\"},\"query-input\":{\"@type\":\"PropertyValueSpecification\",\"valueRequired\":true,\"valueName\":\"search_term_string\"}}],\"inLanguage\":\"es-ES\"},{\"@type\":\"Organization\",\"@id\":\"https:\/\/www.miomiorun.com\/es\/#organization\",\"name\":\"MioMio Run\",\"url\":\"https:\/\/www.miomiorun.com\/es\/\",\"logo\":{\"@type\":\"ImageObject\",\"inLanguage\":\"es-ES\",\"@id\":\"https:\/\/www.miomiorun.com\/es\/#\/schema\/logo\/image\/\",\"url\":\"https:\/\/www.miomiorun.com\/app\/uploads\/2019\/12\/logomio.png\",\"contentUrl\":\"https:\/\/www.miomiorun.com\/app\/uploads\/2019\/12\/logomio.png\",\"width\":115,\"height\":82,\"caption\":\"MioMio Run\"},\"image\":{\"@id\":\"https:\/\/www.miomiorun.com\/es\/#\/schema\/logo\/image\/\"},\"sameAs\":[\"https:\/\/www.facebook.com\/miomiorun\/\",\"https:\/\/www.instagram.com\/miomiorun\/\"]}]}<\/script>\n<!-- \/ Yoast SEO plugin. -->","yoast_head_json":{"title":"Salomon Speedcross 6 GTX mujer - zapatillas de trail - MioMioRun.com","description":"La SPEEDCROSS 6 en su versi\u00f3n para mujer no necesita presentaci\u00f3n. Fiel a sus or\u00edgenes legendarios y a su estatus de zapatilla de trail","robots":{"index":"index","follow":"follow","max-snippet":"max-snippet:-1","max-image-preview":"max-image-preview:large","max-video-preview":"max-video-preview:-1"},"canonical":"https:\/\/www.miomiorun.com\/es\/producto\/speedcross-6-gtx-mujer\/","og_locale":"es_ES","og_type":"article","og_title":"Salomon Speedcross 6 GTX mujer - zapatillas de trail - MioMioRun.com","og_description":"La SPEEDCROSS 6 en su versi\u00f3n para mujer no necesita presentaci\u00f3n. Fiel a sus or\u00edgenes legendarios y a su estatus de zapatilla de trail","og_url":"https:\/\/www.miomiorun.com\/es\/producto\/speedcross-6-gtx-mujer\/","og_site_name":"MioMioRun","article_publisher":"https:\/\/www.facebook.com\/miomiorun\/","article_modified_time":"2026-03-04T11:29:13+00:00","og_image":[{"width":600,"height":600,"url":"https:\/\/www.miomiorun.com\/app\/uploads\/2024\/09\/salomon-Speedcross-6-GTX-W-carbon-provence-white-L47465900.webp","type":"image\/webp"}],"twitter_card":"summary_large_image","twitter_misc":{"Est. reading time":"2 minutes"},"schema":{"@context":"https:\/\/schema.org","@graph":[{"@type":"WebPage","@id":"https:\/\/www.miomiorun.com\/es\/producto\/speedcross-6-gtx-mujer\/","url":"https:\/\/www.miomiorun.com\/es\/producto\/speedcross-6-gtx-mujer\/","name":"Salomon Speedcross 6 GTX mujer - zapatillas de trail - MioMioRun.com","isPartOf":{"@id":"https:\/\/www.miomiorun.com\/es\/#website"},"primaryImageOfPage":{"@id":"https:\/\/www.miomiorun.com\/es\/producto\/speedcross-6-gtx-mujer\/#primaryimage"},"image":{"@id":"https:\/\/www.miomiorun.com\/es\/producto\/speedcross-6-gtx-mujer\/#primaryimage"},"thumbnailUrl":"https:\/\/www.miomiorun.com\/app\/uploads\/2024\/09\/salomon-Speedcross-6-GTX-W-carbon-provence-white-L47465900.webp","datePublished":"2024-09-12T11:06:25+00:00","dateModified":"2026-03-04T11:29:13+00:00","description":"La SPEEDCROSS 6 en su versi\u00f3n para mujer no necesita presentaci\u00f3n. Fiel a sus or\u00edgenes legendarios y a su estatus de zapatilla de trail","breadcrumb":{"@id":"https:\/\/www.miomiorun.com\/es\/producto\/speedcross-6-gtx-mujer\/#breadcrumb"},"inLanguage":"es-ES","potentialAction":[{"@type":"ReadAction","target":["https:\/\/www.miomiorun.com\/es\/producto\/speedcross-6-gtx-mujer\/"]}]},{"@type":"ImageObject","inLanguage":"es-ES","@id":"https:\/\/www.miomiorun.com\/es\/producto\/speedcross-6-gtx-mujer\/#primaryimage","url":"https:\/\/www.miomiorun.com\/app\/uploads\/2024\/09\/salomon-Speedcross-6-GTX-W-carbon-provence-white-L47465900.webp","contentUrl":"https:\/\/www.miomiorun.com\/app\/uploads\/2024\/09\/salomon-Speedcross-6-GTX-W-carbon-provence-white-L47465900.webp","width":600,"height":600,"caption":"salomon Speedcross 6 GTX W carbon provence white L47465900"},{"@type":"BreadcrumbList","@id":"https:\/\/www.miomiorun.com\/es\/producto\/speedcross-6-gtx-mujer\/#breadcrumb","itemListElement":[{"@type":"ListItem","position":1,"name":"Home","item":"https:\/\/www.miomiorun.com\/es\/"},{"@type":"ListItem","position":2,"name":"Shop","item":"https:\/\/www.miomiorun.com\/shop\/"},{"@type":"ListItem","position":3,"name":"Speedcross 6 GTX mujer"}]},{"@type":"WebSite","@id":"https:\/\/www.miomiorun.com\/es\/#website","url":"https:\/\/www.miomiorun.com\/es\/","name":"MioMioRun","description":"Tienda 100% running y trail","publisher":{"@id":"https:\/\/www.miomiorun.com\/es\/#organization"},"potentialAction":[{"@type":"SearchAction","target":{"@type":"EntryPoint","urlTemplate":"https:\/\/www.miomiorun.com\/es\/?s={search_term_string}"},"query-input":{"@type":"PropertyValueSpecification","valueRequired":true,"valueName":"search_term_string"}}],"inLanguage":"es-ES"},{"@type":"Organization","@id":"https:\/\/www.miomiorun.com\/es\/#organization","name":"MioMio Run","url":"https:\/\/www.miomiorun.com\/es\/","logo":{"@type":"ImageObject","inLanguage":"es-ES","@id":"https:\/\/www.miomiorun.com\/es\/#\/schema\/logo\/image\/","url":"https:\/\/www.miomiorun.com\/app\/uploads\/2019\/12\/logomio.png","contentUrl":"https:\/\/www.miomiorun.com\/app\/uploads\/2019\/12\/logomio.png","width":115,"height":82,"caption":"MioMio Run"},"image":{"@id":"https:\/\/www.miomiorun.com\/es\/#\/schema\/logo\/image\/"},"sameAs":["https:\/\/www.facebook.com\/miomiorun\/","https:\/\/www.instagram.com\/miomiorun\/"]}]}},"_links":{"self":[{"href":"https:\/\/www.miomiorun.com\/es\/wp-json\/wp\/v2\/product\/293600","targetHints":{"allow":["GET"]}}],"collection":[{"href":"https:\/\/www.miomiorun.com\/es\/wp-json\/wp\/v2\/product"}],"about":[{"href":"https:\/\/www.miomiorun.com\/es\/wp-json\/wp\/v2\/types\/product"}],"wp:featuredmedia":[{"embeddable":true,"href":"https:\/\/www.miomiorun.com\/es\/wp-json\/wp\/v2\/media\/248825"}],"wp:attachment":[{"href":"https:\/\/www.miomiorun.com\/es\/wp-json\/wp\/v2\/media?parent=293600"}],"wp:term":[{"taxonomy":"product_brand","embeddable":true,"href":"https:\/\/www.miomiorun.com\/es\/wp-json\/wp\/v2\/product_brand?post=293600"},{"taxonomy":"product_cat","embeddable":true,"href":"https:\/\/www.miomiorun.com\/es\/wp-json\/wp\/v2\/product_cat?post=293600"},{"taxonomy":"product_tag","embeddable":true,"href":"https:\/\/www.miomiorun.com\/es\/wp-json\/wp\/v2\/product_tag?post=293600"}],"curies":[{"name":"wp","href":"https:\/\/api.w.org\/{rel}","templated":true}]}}