{"id":293528,"date":"2024-09-12T13:18:41","date_gmt":"2024-09-12T11:18:41","guid":{"rendered":"https:\/\/miomiorun.com\/prodotto\/speedcross-waterproof-jr\/"},"modified":"2026-04-27T18:22:18","modified_gmt":"2026-04-27T16:22:18","slug":"speedcross-waterproof-jr","status":"publish","type":"product","link":"https:\/\/www.miomiorun.com\/es\/producto\/speedcross-waterproof-jr\/","title":{"rendered":"Speedcross Waterproof JR"},"content":{"rendered":"<table style=\"border-collapse: collapse;width: 100%\">\n<tbody>\n<tr>\n<td style=\"width: 33.3333%;vertical-align: top;text-align: center\">\n<h4>Especificaciones t\u00e9cnicas<\/h4>\n<p>Categor\u00eda: Amortiguaci\u00f3n estructurada<br \/>\nPeso: 208 g<br \/>\nIdeal para: j\u00f3venes que necesitan una zapatilla con buena amortiguaci\u00f3n y una estructura s\u00f3lida para recorrer senderos de monta\u00f1a. Ideal para los primeros pasos en el trail o para ni\u00f1os que ya se inclinan por recorrer distancias medias y largas.<br \/>\n<a href=\"https:\/\/miomiorun.com\/guida-alle-specifiche-tecniche\/\">Gu\u00eda de especificaciones t\u00e9cnicas<\/a><\/td>\n<td style=\"width: 66.6666%;vertical-align: top;text-align: center\">La zapatilla <strong>SPEEDCROSS CLIMASALOMON\u2122 WATERPROOF<\/strong> para ni\u00f1o est\u00e1 fabricada con un agarre extra y est\u00e1 pensada para j\u00f3venes atletas listos para correr r\u00e1pido y seguirte por cualquier terreno. \u00a1Es hora de renovar el reto!<\/p>\n<h2>Caracter\u00edsticas:<\/h2>\n<ul>\n<li>Zapatilla perfecta para empezar el colegio.<\/li>\n<li>Impermeable.<\/li>\n<li>Excelente agarre para correr en todo tipo de terrenos.<\/li>\n<\/ul>\n<h2>Ajuste preciso<\/h2>\n<p>El sistema SensiFit garantiza un ajuste preciso, c\u00f3modo y una gran sensibilidad sobre el terreno. \u00a1Los pies de los m\u00e1s j\u00f3venes se merecen un abrazo!<\/p>\n<h2>Aderencia<\/h2>\n<p>Con tecnolog\u00eda Contagrip para una tracci\u00f3n m\u00e1xima y para afrontar mejor los terrenos m\u00e1s exigentes. M\u00e1xima diversi\u00f3n sin resbalones.<\/p>\n<h2>Comodidad pr\u00e1ctica<\/h2>\n<p>F\u00e1ciles de poner y quitar: el sistema Quicklace es un juego de ni\u00f1os. La entresuela de EVA inyectada y moldeada garantiza la m\u00e1xima comodidad y amortiguaci\u00f3n.<\/td>\n<\/tr>\n<\/tbody>\n<\/table>\n<p>&nbsp;<\/p>\n","protected":false},"excerpt":{"rendered":"<ul>\n<li>Zapatillas para ni\u00f1os a los que les encanta correr por cualquier terreno y no quieren resbalarse.<\/li>\n<li>Con una amortiguaci\u00f3n excelente y un agarre \u00f3ptimo.<\/li>\n<\/ul>\n","protected":false},"featured_media":248841,"template":"","meta":{"_acf_changed":false,"inline_featured_image":false},"product_brand":[],"product_cat":[24405,24406,24407],"product_tag":[23582,24196],"class_list":{"0":"post-293528","1":"product","2":"type-product","3":"status-publish","4":"has-post-thumbnail","6":"product_cat-zapatos-chica","7":"product_cat-zapatos-chico","8":"product_cat-chico","9":"product_tag-salomon-es","10":"product_tag-salomon-chico","11":"pa_attivita-caminar","12":"pa_attivita-lifestyle-es","13":"pa_attivita-outdoor-es","14":"pa_attivita-trail-es","15":"pa_colore-speedcross-cswp-j-dlicgr-black-yellow-es","16":"pa_colore-speedcross-cswp-j-plumc-orchib-bla-es","17":"pa_marca-salomon-es","18":"pa_sesso-hombre","19":"pa_sesso-mujer","20":"pa_size-31-es","21":"pa_size-32-es","22":"pa_size-33-es","23":"pa_size-34-es","24":"pa_size-35-es","25":"pa_size-36-es","26":"pa_size-37-es","27":"pa_size-38-es","28":"pa_size-39-es","30":"first","31":"instock","32":"sale","33":"taxable","34":"shipping-taxable","35":"purchasable","36":"product-type-variable","37":"wvs-archive-product-wrapper"},"acf":[],"yoast_head":"<!-- This site is optimized with the Yoast SEO plugin v26.8 - https:\/\/yoast.com\/product\/yoast-seo-wordpress\/ -->\n<title>SalomonSpeedcross Waterproof JR - zapatillas de running para ni\u00f1os MioMioRun<\/title>\n<meta name=\"description\" content=\"Las zapatillas SPEEDCROSS CLIMASALOMON\u2122 WATERPROOF para ni\u00f1o cuentan con un agarre extra y est\u00e1n pensadas para los j\u00f3venes atletas que quieren correr r\u00e1pido\" \/>\n<meta name=\"robots\" content=\"index, follow, max-snippet:-1, max-image-preview:large, max-video-preview:-1\" \/>\n<link rel=\"canonical\" href=\"https:\/\/www.miomiorun.com\/es\/producto\/speedcross-waterproof-jr\/\" \/>\n<meta property=\"og:locale\" content=\"es_ES\" \/>\n<meta property=\"og:type\" content=\"article\" \/>\n<meta property=\"og:title\" content=\"SalomonSpeedcross Waterproof JR - zapatillas de running para ni\u00f1os MioMioRun\" \/>\n<meta property=\"og:description\" content=\"Las zapatillas SPEEDCROSS CLIMASALOMON\u2122 WATERPROOF para ni\u00f1o cuentan con un agarre extra y est\u00e1n pensadas para los j\u00f3venes atletas que quieren correr r\u00e1pido\" \/>\n<meta property=\"og:url\" content=\"https:\/\/www.miomiorun.com\/es\/producto\/speedcross-waterproof-jr\/\" \/>\n<meta property=\"og:site_name\" content=\"MioMioRun\" \/>\n<meta property=\"article:publisher\" content=\"https:\/\/www.facebook.com\/miomiorun\/\" \/>\n<meta property=\"article:modified_time\" content=\"2026-04-27T16:22:18+00:00\" \/>\n<meta property=\"og:image\" content=\"https:\/\/www.miomiorun.com\/app\/uploads\/2024\/09\/Salomon-Speedcross-CSWP-J-dlicgr-black-yellow-L47278900.webp\" \/>\n\t<meta property=\"og:image:width\" content=\"600\" \/>\n\t<meta property=\"og:image:height\" content=\"600\" \/>\n\t<meta property=\"og:image:type\" content=\"image\/webp\" \/>\n<meta name=\"twitter:card\" content=\"summary_large_image\" \/>\n<meta name=\"twitter:label1\" content=\"Est. reading time\" \/>\n\t<meta name=\"twitter:data1\" content=\"1 minute\" \/>\n<script type=\"application\/ld+json\" class=\"yoast-schema-graph\">{\"@context\":\"https:\/\/schema.org\",\"@graph\":[{\"@type\":\"WebPage\",\"@id\":\"https:\/\/www.miomiorun.com\/es\/producto\/speedcross-waterproof-jr\/\",\"url\":\"https:\/\/www.miomiorun.com\/es\/producto\/speedcross-waterproof-jr\/\",\"name\":\"SalomonSpeedcross Waterproof JR - zapatillas de running para ni\u00f1os MioMioRun\",\"isPartOf\":{\"@id\":\"https:\/\/www.miomiorun.com\/es\/#website\"},\"primaryImageOfPage\":{\"@id\":\"https:\/\/www.miomiorun.com\/es\/producto\/speedcross-waterproof-jr\/#primaryimage\"},\"image\":{\"@id\":\"https:\/\/www.miomiorun.com\/es\/producto\/speedcross-waterproof-jr\/#primaryimage\"},\"thumbnailUrl\":\"https:\/\/www.miomiorun.com\/app\/uploads\/2024\/09\/Salomon-Speedcross-CSWP-J-dlicgr-black-yellow-L47278900.webp\",\"datePublished\":\"2024-09-12T11:18:41+00:00\",\"dateModified\":\"2026-04-27T16:22:18+00:00\",\"description\":\"Las zapatillas SPEEDCROSS CLIMASALOMON\u2122 WATERPROOF para ni\u00f1o cuentan con un agarre extra y est\u00e1n pensadas para los j\u00f3venes atletas que quieren correr r\u00e1pido\",\"breadcrumb\":{\"@id\":\"https:\/\/www.miomiorun.com\/es\/producto\/speedcross-waterproof-jr\/#breadcrumb\"},\"inLanguage\":\"es-ES\",\"potentialAction\":[{\"@type\":\"ReadAction\",\"target\":[\"https:\/\/www.miomiorun.com\/es\/producto\/speedcross-waterproof-jr\/\"]}]},{\"@type\":\"ImageObject\",\"inLanguage\":\"es-ES\",\"@id\":\"https:\/\/www.miomiorun.com\/es\/producto\/speedcross-waterproof-jr\/#primaryimage\",\"url\":\"https:\/\/www.miomiorun.com\/app\/uploads\/2024\/09\/Salomon-Speedcross-CSWP-J-dlicgr-black-yellow-L47278900.webp\",\"contentUrl\":\"https:\/\/www.miomiorun.com\/app\/uploads\/2024\/09\/Salomon-Speedcross-CSWP-J-dlicgr-black-yellow-L47278900.webp\",\"width\":600,\"height\":600,\"caption\":\"Salomon Speedcross CSWP J dlicgr black yellow L47278900\"},{\"@type\":\"BreadcrumbList\",\"@id\":\"https:\/\/www.miomiorun.com\/es\/producto\/speedcross-waterproof-jr\/#breadcrumb\",\"itemListElement\":[{\"@type\":\"ListItem\",\"position\":1,\"name\":\"Home\",\"item\":\"https:\/\/www.miomiorun.com\/es\/\"},{\"@type\":\"ListItem\",\"position\":2,\"name\":\"Shop\",\"item\":\"https:\/\/www.miomiorun.com\/shop\/\"},{\"@type\":\"ListItem\",\"position\":3,\"name\":\"Speedcross Waterproof JR\"}]},{\"@type\":\"WebSite\",\"@id\":\"https:\/\/www.miomiorun.com\/es\/#website\",\"url\":\"https:\/\/www.miomiorun.com\/es\/\",\"name\":\"MioMioRun\",\"description\":\"Tienda 100% running y trail\",\"publisher\":{\"@id\":\"https:\/\/www.miomiorun.com\/es\/#organization\"},\"potentialAction\":[{\"@type\":\"SearchAction\",\"target\":{\"@type\":\"EntryPoint\",\"urlTemplate\":\"https:\/\/www.miomiorun.com\/es\/?s={search_term_string}\"},\"query-input\":{\"@type\":\"PropertyValueSpecification\",\"valueRequired\":true,\"valueName\":\"search_term_string\"}}],\"inLanguage\":\"es-ES\"},{\"@type\":\"Organization\",\"@id\":\"https:\/\/www.miomiorun.com\/es\/#organization\",\"name\":\"MioMio Run\",\"url\":\"https:\/\/www.miomiorun.com\/es\/\",\"logo\":{\"@type\":\"ImageObject\",\"inLanguage\":\"es-ES\",\"@id\":\"https:\/\/www.miomiorun.com\/es\/#\/schema\/logo\/image\/\",\"url\":\"https:\/\/www.miomiorun.com\/app\/uploads\/2019\/12\/logomio.png\",\"contentUrl\":\"https:\/\/www.miomiorun.com\/app\/uploads\/2019\/12\/logomio.png\",\"width\":115,\"height\":82,\"caption\":\"MioMio Run\"},\"image\":{\"@id\":\"https:\/\/www.miomiorun.com\/es\/#\/schema\/logo\/image\/\"},\"sameAs\":[\"https:\/\/www.facebook.com\/miomiorun\/\",\"https:\/\/www.instagram.com\/miomiorun\/\"]}]}<\/script>\n<!-- \/ Yoast SEO plugin. -->","yoast_head_json":{"title":"SalomonSpeedcross Waterproof JR - zapatillas de running para ni\u00f1os MioMioRun","description":"Las zapatillas SPEEDCROSS CLIMASALOMON\u2122 WATERPROOF para ni\u00f1o cuentan con un agarre extra y est\u00e1n pensadas para los j\u00f3venes atletas que quieren correr r\u00e1pido","robots":{"index":"index","follow":"follow","max-snippet":"max-snippet:-1","max-image-preview":"max-image-preview:large","max-video-preview":"max-video-preview:-1"},"canonical":"https:\/\/www.miomiorun.com\/es\/producto\/speedcross-waterproof-jr\/","og_locale":"es_ES","og_type":"article","og_title":"SalomonSpeedcross Waterproof JR - zapatillas de running para ni\u00f1os MioMioRun","og_description":"Las zapatillas SPEEDCROSS CLIMASALOMON\u2122 WATERPROOF para ni\u00f1o cuentan con un agarre extra y est\u00e1n pensadas para los j\u00f3venes atletas que quieren correr r\u00e1pido","og_url":"https:\/\/www.miomiorun.com\/es\/producto\/speedcross-waterproof-jr\/","og_site_name":"MioMioRun","article_publisher":"https:\/\/www.facebook.com\/miomiorun\/","article_modified_time":"2026-04-27T16:22:18+00:00","og_image":[{"width":600,"height":600,"url":"https:\/\/www.miomiorun.com\/app\/uploads\/2024\/09\/Salomon-Speedcross-CSWP-J-dlicgr-black-yellow-L47278900.webp","type":"image\/webp"}],"twitter_card":"summary_large_image","twitter_misc":{"Est. reading time":"1 minute"},"schema":{"@context":"https:\/\/schema.org","@graph":[{"@type":"WebPage","@id":"https:\/\/www.miomiorun.com\/es\/producto\/speedcross-waterproof-jr\/","url":"https:\/\/www.miomiorun.com\/es\/producto\/speedcross-waterproof-jr\/","name":"SalomonSpeedcross Waterproof JR - zapatillas de running para ni\u00f1os MioMioRun","isPartOf":{"@id":"https:\/\/www.miomiorun.com\/es\/#website"},"primaryImageOfPage":{"@id":"https:\/\/www.miomiorun.com\/es\/producto\/speedcross-waterproof-jr\/#primaryimage"},"image":{"@id":"https:\/\/www.miomiorun.com\/es\/producto\/speedcross-waterproof-jr\/#primaryimage"},"thumbnailUrl":"https:\/\/www.miomiorun.com\/app\/uploads\/2024\/09\/Salomon-Speedcross-CSWP-J-dlicgr-black-yellow-L47278900.webp","datePublished":"2024-09-12T11:18:41+00:00","dateModified":"2026-04-27T16:22:18+00:00","description":"Las zapatillas SPEEDCROSS CLIMASALOMON\u2122 WATERPROOF para ni\u00f1o cuentan con un agarre extra y est\u00e1n pensadas para los j\u00f3venes atletas que quieren correr r\u00e1pido","breadcrumb":{"@id":"https:\/\/www.miomiorun.com\/es\/producto\/speedcross-waterproof-jr\/#breadcrumb"},"inLanguage":"es-ES","potentialAction":[{"@type":"ReadAction","target":["https:\/\/www.miomiorun.com\/es\/producto\/speedcross-waterproof-jr\/"]}]},{"@type":"ImageObject","inLanguage":"es-ES","@id":"https:\/\/www.miomiorun.com\/es\/producto\/speedcross-waterproof-jr\/#primaryimage","url":"https:\/\/www.miomiorun.com\/app\/uploads\/2024\/09\/Salomon-Speedcross-CSWP-J-dlicgr-black-yellow-L47278900.webp","contentUrl":"https:\/\/www.miomiorun.com\/app\/uploads\/2024\/09\/Salomon-Speedcross-CSWP-J-dlicgr-black-yellow-L47278900.webp","width":600,"height":600,"caption":"Salomon Speedcross CSWP J dlicgr black yellow L47278900"},{"@type":"BreadcrumbList","@id":"https:\/\/www.miomiorun.com\/es\/producto\/speedcross-waterproof-jr\/#breadcrumb","itemListElement":[{"@type":"ListItem","position":1,"name":"Home","item":"https:\/\/www.miomiorun.com\/es\/"},{"@type":"ListItem","position":2,"name":"Shop","item":"https:\/\/www.miomiorun.com\/shop\/"},{"@type":"ListItem","position":3,"name":"Speedcross Waterproof JR"}]},{"@type":"WebSite","@id":"https:\/\/www.miomiorun.com\/es\/#website","url":"https:\/\/www.miomiorun.com\/es\/","name":"MioMioRun","description":"Tienda 100% running y trail","publisher":{"@id":"https:\/\/www.miomiorun.com\/es\/#organization"},"potentialAction":[{"@type":"SearchAction","target":{"@type":"EntryPoint","urlTemplate":"https:\/\/www.miomiorun.com\/es\/?s={search_term_string}"},"query-input":{"@type":"PropertyValueSpecification","valueRequired":true,"valueName":"search_term_string"}}],"inLanguage":"es-ES"},{"@type":"Organization","@id":"https:\/\/www.miomiorun.com\/es\/#organization","name":"MioMio Run","url":"https:\/\/www.miomiorun.com\/es\/","logo":{"@type":"ImageObject","inLanguage":"es-ES","@id":"https:\/\/www.miomiorun.com\/es\/#\/schema\/logo\/image\/","url":"https:\/\/www.miomiorun.com\/app\/uploads\/2019\/12\/logomio.png","contentUrl":"https:\/\/www.miomiorun.com\/app\/uploads\/2019\/12\/logomio.png","width":115,"height":82,"caption":"MioMio Run"},"image":{"@id":"https:\/\/www.miomiorun.com\/es\/#\/schema\/logo\/image\/"},"sameAs":["https:\/\/www.facebook.com\/miomiorun\/","https:\/\/www.instagram.com\/miomiorun\/"]}]}},"_links":{"self":[{"href":"https:\/\/www.miomiorun.com\/es\/wp-json\/wp\/v2\/product\/293528","targetHints":{"allow":["GET"]}}],"collection":[{"href":"https:\/\/www.miomiorun.com\/es\/wp-json\/wp\/v2\/product"}],"about":[{"href":"https:\/\/www.miomiorun.com\/es\/wp-json\/wp\/v2\/types\/product"}],"wp:featuredmedia":[{"embeddable":true,"href":"https:\/\/www.miomiorun.com\/es\/wp-json\/wp\/v2\/media\/248841"}],"wp:attachment":[{"href":"https:\/\/www.miomiorun.com\/es\/wp-json\/wp\/v2\/media?parent=293528"}],"wp:term":[{"taxonomy":"product_brand","embeddable":true,"href":"https:\/\/www.miomiorun.com\/es\/wp-json\/wp\/v2\/product_brand?post=293528"},{"taxonomy":"product_cat","embeddable":true,"href":"https:\/\/www.miomiorun.com\/es\/wp-json\/wp\/v2\/product_cat?post=293528"},{"taxonomy":"product_tag","embeddable":true,"href":"https:\/\/www.miomiorun.com\/es\/wp-json\/wp\/v2\/product_tag?post=293528"}],"curies":[{"name":"wp","href":"https:\/\/api.w.org\/{rel}","templated":true}]}}