{"id":293412,"date":"2024-09-12T15:02:13","date_gmt":"2024-09-12T13:02:13","guid":{"rendered":"https:\/\/miomiorun.com\/prodotto\/adv-skin-12l\/"},"modified":"2026-05-08T22:08:45","modified_gmt":"2026-05-08T20:08:45","slug":"adv-skin-12l","status":"publish","type":"product","link":"https:\/\/www.miomiorun.com\/es\/producto\/adv-skin-12l\/","title":{"rendered":"Adv Skin 12L"},"content":{"rendered":"<p>La ri\u00f1onera m\u00e1s vendida es una vers\u00e1til campeona en hidrataci\u00f3n. Dise\u00f1ada y optimizada para carreras de resistencia y corredores exigentes, la ADV Skin <strong>12L<\/strong> proporciona acceso a la hidrataci\u00f3n sin necesidad de detenerse, comodidad en largas distancias y libertad de movimientos. Con un espacio ultra vers\u00e1til y una capacidad de hasta 12 litros, es ideal para carreras o aventuras de larga distancia.<\/p>\n<h2>Perfecta para:<\/h2>\n<ul>\n<li>Trail running<\/li>\n<li>Versatilidad<\/li>\n<\/ul>\n<p><strong>Altura:<\/strong> 400 mm<\/p>\n<p><strong>Anchura:<\/strong> 190 mm<\/p>\n<p><strong>Volumen:<\/strong> 12 L<\/p>\n<p><strong>Peso: <\/strong>293 g<\/p>\n<p>&nbsp;<\/p>\n<h2>Caracter\u00edsticas:<\/h2>\n<ul class=\"product-page-fabrics_features\">\n<li><span class=\"title\">CONCEPTO Y TECNOLOG\u00cdA &#8211; SensiFit\u2122:<\/span> Estabilidad\/libertad de movimiento La estructura est\u00e1 confeccionada con tejidos el\u00e1sticos transpirables que siguen la forma del cuerpo, con sistemas de ajuste ligeros para proporcionar ajuste y estabilidad. Esto evita que la mochila se sacuda, al tiempo que garantiza la transpirabilidad y el confort.<\/li>\n<li><span class=\"title\">GESTI\u00d3N DE LA CARGA &#8211; Enlace r\u00e1pido:<\/span> Gracias a esta innovadora estructura de correas en el estern\u00f3n, puedes ajustar y enganchar f\u00e1cilmente la mochila, incluso en movimiento. Adem\u00e1s, la correa el\u00e1stica te permite respirar f\u00e1cilmente durante las actividades intensas.<\/li>\n<li><span class=\"title\">GESTI\u00d3N DE LA CARGA:<\/span> Ajustable mediante correas de compresi\u00f3n laterales.<\/li>\n<li><span class=\"title\">HIDRATACI\u00d3N &#8211; Compartimento<\/span> para el dep\u00f3sito: Dispone de un compartimento interno para el dep\u00f3sito con una correa para sujetarlo.<\/li>\n<li><span class=\"title\">HIDRATACI\u00d3N:<\/span> Compatible con dep\u00f3sitos de 1,5 l<\/li>\n<li><span class=\"title\">HIDRATACI\u00d3N:<\/span> Compatible con frascos blandos de 500 ml<\/li>\n<li>HIDRATACI\u00d3N<span class=\"title\">:<\/span> Estuche isot\u00e9rmico<\/li>\n<li><span class=\"title\">HIDRATACI\u00d3N:<\/span> 2 frascos blandos de 500 ml con abertura de 42 mm incluidos<\/li>\n<li>BOLSILLOS <span class=\"title\">Y<\/span> RANURAS<span class=\"title\">:<\/span> 1 bolsillo para residuos<\/li>\n<li><span class=\"title\">BOLSILLOS Y RANURAS: 2 bolsillos el\u00e1sticos delanteros:<\/span> Expansibles para guardar lo esencial y acceder sin parar.<\/li>\n<li>BOLSILLOS <span class=\"title\">Y<\/span> RANURAS <span class=\"title\">&#8211;<\/span> 1 compartimento interno para dep\u00f3sito<\/li>\n<li><span class=\"title\">BOLSILLOS Y RANURAS &#8211; 2 bolsillos delanteros para cantimploras:<\/span> Adecuados para cantimploras blandas Salomon, para mantenerlas firmemente en su sitio. Las trabillas el\u00e1sticas de la parte superior del bolsillo sujetan la cantimplora, que de este modo est\u00e1 siempre lista para beber.<\/li>\n<li><span class=\"title\">BOLSILLOS Y RANURAS &#8211; 1 compartimento principal extensible:<\/span> Espacio ampliable para guardar todo lo que necesites durante tu actividad. Volumen de 3 a 5 litros seg\u00fan la capacidad de la mochila.<\/li>\n<li>BOLSILLOS Y RANURAS<span class=\"title\">: 1 bolsillo trasero con 2 accesos por ambos lados:<\/span> Gran bolsillo en la parte trasera accesible por ambos lados.<\/li>\n<li>BOLSILLOS <span class=\"title\">Y<\/span> BANDOLAS<span class=\"title\">:<\/span> 2 bolsillos delanteros el\u00e1sticos con cremallera<\/li>\n<li>BOLSILLOS Y BANDOLAS<span class=\"title\">:<\/span> 2 bolsillos el\u00e1sticos en los tirantes<\/li>\n<li>BOLSILLOS <span class=\"title\">Y<\/span> BANDOLAS<span class=\"title\">:<\/span> 1 bolsillo el\u00e1stico superior<\/li>\n<li><span class=\"title\">APERTURA Y CIERRE &#8211; CREMALLERAS YKK:<\/span> Cremalleras de alta calidad, duraderas y fiables.<\/li>\n<li>SISTEMA DE <span class=\"title\">TRANSPORTE<\/span> &#8211; Custom Quiver System: optimiza la mochila con el Custom Quiver System para un acceso r\u00e1pido y un transporte estable del bast\u00f3n. Listo para acoplar a la mochila.<\/li>\n<li><span class=\"title\">SISTEMA<\/span> DE TRANSPORTE <span class=\"title\">&#8211; Soluciones vers\u00e1tiles para el transporte de p\u00e9rtigas:<\/span> Mueva los cordones el\u00e1sticos y los bucles a diferentes lugares de la mochila para crear la soluci\u00f3n de transporte de p\u00e9rtigas que mejor se adapte a sus necesidades.<\/li>\n<li><span class=\"title\">SISTEMA<\/span> DE TRANSPORTE<span class=\"title\">:<\/span> Lazo para linterna frontal ultrarreflectante<\/li>\n<li><span class=\"title\">VARIOS:<\/span> Silbato<\/li>\n<li><span class=\"title\">SOSTENIBILIDAD<\/span>: Sin PFC<\/li>\n<\/ul>\n<h2>Composici\u00f3n:<\/h2>\n<p>Cuerpo: 84% Poliamida, 16% ElastanoForro: 100% Poliamida<\/p>\n<p>Inserci\u00f3n trasera: 89% Poliamida, 11% Elastano<\/p>\n<p>Forro de las mangas: 100% poli\u00e9ster<\/p>\n<p>Forro: 2100% Poli\u00e9sterInserto<\/p>\n<p>En el cuerpo: 88% Poliamida, 12% Elastano<\/p>\n<p>&nbsp;<\/p>\n","protected":false},"excerpt":{"rendered":"<ul>\n<li>Chaleco de trail running dise\u00f1ado para carreras de resistencia.<\/li>\n<li>Capacidad 12L<\/li>\n<li>Ideal para carreras largas<\/li>\n<\/ul>\n","protected":false},"featured_media":265966,"template":"","meta":{"_acf_changed":false,"inline_featured_image":false},"product_brand":[],"product_cat":[24205,24408,24426],"product_tag":[23582,23615,23618],"class_list":{"0":"post-293412","1":"product","2":"type-product","3":"status-publish","4":"has-post-thumbnail","6":"product_cat-accesorios","7":"product_cat-mochilas-es","8":"product_cat-mochilas-y-cinturones-es","9":"product_tag-salomon-es","10":"product_tag-salomon-hombre","11":"product_tag-salomon-mujer","12":"pa_attivita-outdoor-es","13":"pa_attivita-trail-es","14":"pa_colore-adv-skin-12-set-black-es-2","15":"pa_colore-adv-skin-12-set-flame-scarlet-haute-red-2-es","16":"pa_colore-adv-skin-12-set-white-electric-green-es","17":"pa_marca-salomon-es","18":"pa_sesso-hombre","19":"pa_sesso-mujer","20":"pa_size-small-es","21":"pa_size-medium-es","22":"pa_size-large-es","23":"pa_size-extra-large-es","25":"first","26":"instock","27":"sale","28":"taxable","29":"shipping-taxable","30":"purchasable","31":"product-type-variable","32":"wvs-archive-product-wrapper"},"acf":[],"yoast_head":"<!-- This site is optimized with the Yoast SEO plugin v26.8 - https:\/\/yoast.com\/product\/yoast-seo-wordpress\/ -->\n<title>Salomon Adv Skin 12L - mochila para correr - MioMioRun<\/title>\n<meta name=\"description\" content=\"La ri\u00f1onera m\u00e1s vendida es una vers\u00e1til campeona en hidrataci\u00f3n. Adv Skin 12L est\u00e1 dise\u00f1ada y optimizada para las carreras de resistencia m\u00e1s exigentes.\" \/>\n<meta name=\"robots\" content=\"index, follow, max-snippet:-1, max-image-preview:large, max-video-preview:-1\" \/>\n<link rel=\"canonical\" href=\"https:\/\/www.miomiorun.com\/es\/producto\/adv-skin-12l\/\" \/>\n<meta property=\"og:locale\" content=\"es_ES\" \/>\n<meta property=\"og:type\" content=\"article\" \/>\n<meta property=\"og:title\" content=\"Salomon Adv Skin 12L - mochila para correr - MioMioRun\" \/>\n<meta property=\"og:description\" content=\"La ri\u00f1onera m\u00e1s vendida es una vers\u00e1til campeona en hidrataci\u00f3n. Adv Skin 12L est\u00e1 dise\u00f1ada y optimizada para las carreras de resistencia m\u00e1s exigentes.\" \/>\n<meta property=\"og:url\" content=\"https:\/\/www.miomiorun.com\/es\/producto\/adv-skin-12l\/\" \/>\n<meta property=\"og:site_name\" content=\"MioMioRun\" \/>\n<meta property=\"article:publisher\" content=\"https:\/\/www.facebook.com\/miomiorun\/\" \/>\n<meta property=\"article:modified_time\" content=\"2026-05-08T20:08:45+00:00\" \/>\n<meta property=\"og:image\" content=\"https:\/\/www.miomiorun.com\/app\/uploads\/2025\/03\/salomon-ADV-Skin-12-set-flame-scarlet-haute-red-LC2464500.webp\" \/>\n\t<meta property=\"og:image:width\" content=\"600\" \/>\n\t<meta property=\"og:image:height\" content=\"600\" \/>\n\t<meta property=\"og:image:type\" content=\"image\/webp\" \/>\n<meta name=\"twitter:card\" content=\"summary_large_image\" \/>\n<meta name=\"twitter:label1\" content=\"Est. reading time\" \/>\n\t<meta name=\"twitter:data1\" content=\"3 minutes\" \/>\n<script type=\"application\/ld+json\" class=\"yoast-schema-graph\">{\"@context\":\"https:\/\/schema.org\",\"@graph\":[{\"@type\":\"WebPage\",\"@id\":\"https:\/\/www.miomiorun.com\/es\/producto\/adv-skin-12l\/\",\"url\":\"https:\/\/www.miomiorun.com\/es\/producto\/adv-skin-12l\/\",\"name\":\"Salomon Adv Skin 12L - mochila para correr - MioMioRun\",\"isPartOf\":{\"@id\":\"https:\/\/www.miomiorun.com\/es\/#website\"},\"primaryImageOfPage\":{\"@id\":\"https:\/\/www.miomiorun.com\/es\/producto\/adv-skin-12l\/#primaryimage\"},\"image\":{\"@id\":\"https:\/\/www.miomiorun.com\/es\/producto\/adv-skin-12l\/#primaryimage\"},\"thumbnailUrl\":\"https:\/\/www.miomiorun.com\/app\/uploads\/2025\/03\/salomon-ADV-Skin-12-set-flame-scarlet-haute-red-LC2464500.webp\",\"datePublished\":\"2024-09-12T13:02:13+00:00\",\"dateModified\":\"2026-05-08T20:08:45+00:00\",\"description\":\"La ri\u00f1onera m\u00e1s vendida es una vers\u00e1til campeona en hidrataci\u00f3n. Adv Skin 12L est\u00e1 dise\u00f1ada y optimizada para las carreras de resistencia m\u00e1s exigentes.\",\"breadcrumb\":{\"@id\":\"https:\/\/www.miomiorun.com\/es\/producto\/adv-skin-12l\/#breadcrumb\"},\"inLanguage\":\"es-ES\",\"potentialAction\":[{\"@type\":\"ReadAction\",\"target\":[\"https:\/\/www.miomiorun.com\/es\/producto\/adv-skin-12l\/\"]}]},{\"@type\":\"ImageObject\",\"inLanguage\":\"es-ES\",\"@id\":\"https:\/\/www.miomiorun.com\/es\/producto\/adv-skin-12l\/#primaryimage\",\"url\":\"https:\/\/www.miomiorun.com\/app\/uploads\/2025\/03\/salomon-ADV-Skin-12-set-flame-scarlet-haute-red-LC2464500.webp\",\"contentUrl\":\"https:\/\/www.miomiorun.com\/app\/uploads\/2025\/03\/salomon-ADV-Skin-12-set-flame-scarlet-haute-red-LC2464500.webp\",\"width\":600,\"height\":600,\"caption\":\"salomon ADV Skin 12 set flame scarlet haute red LC2464500\"},{\"@type\":\"BreadcrumbList\",\"@id\":\"https:\/\/www.miomiorun.com\/es\/producto\/adv-skin-12l\/#breadcrumb\",\"itemListElement\":[{\"@type\":\"ListItem\",\"position\":1,\"name\":\"Home\",\"item\":\"https:\/\/www.miomiorun.com\/es\/\"},{\"@type\":\"ListItem\",\"position\":2,\"name\":\"Shop\",\"item\":\"https:\/\/www.miomiorun.com\/shop\/\"},{\"@type\":\"ListItem\",\"position\":3,\"name\":\"Adv Skin 12L\"}]},{\"@type\":\"WebSite\",\"@id\":\"https:\/\/www.miomiorun.com\/es\/#website\",\"url\":\"https:\/\/www.miomiorun.com\/es\/\",\"name\":\"MioMioRun\",\"description\":\"Tienda 100% running y trail\",\"publisher\":{\"@id\":\"https:\/\/www.miomiorun.com\/es\/#organization\"},\"potentialAction\":[{\"@type\":\"SearchAction\",\"target\":{\"@type\":\"EntryPoint\",\"urlTemplate\":\"https:\/\/www.miomiorun.com\/es\/?s={search_term_string}\"},\"query-input\":{\"@type\":\"PropertyValueSpecification\",\"valueRequired\":true,\"valueName\":\"search_term_string\"}}],\"inLanguage\":\"es-ES\"},{\"@type\":\"Organization\",\"@id\":\"https:\/\/www.miomiorun.com\/es\/#organization\",\"name\":\"MioMio Run\",\"url\":\"https:\/\/www.miomiorun.com\/es\/\",\"logo\":{\"@type\":\"ImageObject\",\"inLanguage\":\"es-ES\",\"@id\":\"https:\/\/www.miomiorun.com\/es\/#\/schema\/logo\/image\/\",\"url\":\"https:\/\/www.miomiorun.com\/app\/uploads\/2019\/12\/logomio.png\",\"contentUrl\":\"https:\/\/www.miomiorun.com\/app\/uploads\/2019\/12\/logomio.png\",\"width\":115,\"height\":82,\"caption\":\"MioMio Run\"},\"image\":{\"@id\":\"https:\/\/www.miomiorun.com\/es\/#\/schema\/logo\/image\/\"},\"sameAs\":[\"https:\/\/www.facebook.com\/miomiorun\/\",\"https:\/\/www.instagram.com\/miomiorun\/\"]}]}<\/script>\n<!-- \/ Yoast SEO plugin. -->","yoast_head_json":{"title":"Salomon Adv Skin 12L - mochila para correr - MioMioRun","description":"La ri\u00f1onera m\u00e1s vendida es una vers\u00e1til campeona en hidrataci\u00f3n. Adv Skin 12L est\u00e1 dise\u00f1ada y optimizada para las carreras de resistencia m\u00e1s exigentes.","robots":{"index":"index","follow":"follow","max-snippet":"max-snippet:-1","max-image-preview":"max-image-preview:large","max-video-preview":"max-video-preview:-1"},"canonical":"https:\/\/www.miomiorun.com\/es\/producto\/adv-skin-12l\/","og_locale":"es_ES","og_type":"article","og_title":"Salomon Adv Skin 12L - mochila para correr - MioMioRun","og_description":"La ri\u00f1onera m\u00e1s vendida es una vers\u00e1til campeona en hidrataci\u00f3n. Adv Skin 12L est\u00e1 dise\u00f1ada y optimizada para las carreras de resistencia m\u00e1s exigentes.","og_url":"https:\/\/www.miomiorun.com\/es\/producto\/adv-skin-12l\/","og_site_name":"MioMioRun","article_publisher":"https:\/\/www.facebook.com\/miomiorun\/","article_modified_time":"2026-05-08T20:08:45+00:00","og_image":[{"width":600,"height":600,"url":"https:\/\/www.miomiorun.com\/app\/uploads\/2025\/03\/salomon-ADV-Skin-12-set-flame-scarlet-haute-red-LC2464500.webp","type":"image\/webp"}],"twitter_card":"summary_large_image","twitter_misc":{"Est. reading time":"3 minutes"},"schema":{"@context":"https:\/\/schema.org","@graph":[{"@type":"WebPage","@id":"https:\/\/www.miomiorun.com\/es\/producto\/adv-skin-12l\/","url":"https:\/\/www.miomiorun.com\/es\/producto\/adv-skin-12l\/","name":"Salomon Adv Skin 12L - mochila para correr - MioMioRun","isPartOf":{"@id":"https:\/\/www.miomiorun.com\/es\/#website"},"primaryImageOfPage":{"@id":"https:\/\/www.miomiorun.com\/es\/producto\/adv-skin-12l\/#primaryimage"},"image":{"@id":"https:\/\/www.miomiorun.com\/es\/producto\/adv-skin-12l\/#primaryimage"},"thumbnailUrl":"https:\/\/www.miomiorun.com\/app\/uploads\/2025\/03\/salomon-ADV-Skin-12-set-flame-scarlet-haute-red-LC2464500.webp","datePublished":"2024-09-12T13:02:13+00:00","dateModified":"2026-05-08T20:08:45+00:00","description":"La ri\u00f1onera m\u00e1s vendida es una vers\u00e1til campeona en hidrataci\u00f3n. Adv Skin 12L est\u00e1 dise\u00f1ada y optimizada para las carreras de resistencia m\u00e1s exigentes.","breadcrumb":{"@id":"https:\/\/www.miomiorun.com\/es\/producto\/adv-skin-12l\/#breadcrumb"},"inLanguage":"es-ES","potentialAction":[{"@type":"ReadAction","target":["https:\/\/www.miomiorun.com\/es\/producto\/adv-skin-12l\/"]}]},{"@type":"ImageObject","inLanguage":"es-ES","@id":"https:\/\/www.miomiorun.com\/es\/producto\/adv-skin-12l\/#primaryimage","url":"https:\/\/www.miomiorun.com\/app\/uploads\/2025\/03\/salomon-ADV-Skin-12-set-flame-scarlet-haute-red-LC2464500.webp","contentUrl":"https:\/\/www.miomiorun.com\/app\/uploads\/2025\/03\/salomon-ADV-Skin-12-set-flame-scarlet-haute-red-LC2464500.webp","width":600,"height":600,"caption":"salomon ADV Skin 12 set flame scarlet haute red LC2464500"},{"@type":"BreadcrumbList","@id":"https:\/\/www.miomiorun.com\/es\/producto\/adv-skin-12l\/#breadcrumb","itemListElement":[{"@type":"ListItem","position":1,"name":"Home","item":"https:\/\/www.miomiorun.com\/es\/"},{"@type":"ListItem","position":2,"name":"Shop","item":"https:\/\/www.miomiorun.com\/shop\/"},{"@type":"ListItem","position":3,"name":"Adv Skin 12L"}]},{"@type":"WebSite","@id":"https:\/\/www.miomiorun.com\/es\/#website","url":"https:\/\/www.miomiorun.com\/es\/","name":"MioMioRun","description":"Tienda 100% running y trail","publisher":{"@id":"https:\/\/www.miomiorun.com\/es\/#organization"},"potentialAction":[{"@type":"SearchAction","target":{"@type":"EntryPoint","urlTemplate":"https:\/\/www.miomiorun.com\/es\/?s={search_term_string}"},"query-input":{"@type":"PropertyValueSpecification","valueRequired":true,"valueName":"search_term_string"}}],"inLanguage":"es-ES"},{"@type":"Organization","@id":"https:\/\/www.miomiorun.com\/es\/#organization","name":"MioMio Run","url":"https:\/\/www.miomiorun.com\/es\/","logo":{"@type":"ImageObject","inLanguage":"es-ES","@id":"https:\/\/www.miomiorun.com\/es\/#\/schema\/logo\/image\/","url":"https:\/\/www.miomiorun.com\/app\/uploads\/2019\/12\/logomio.png","contentUrl":"https:\/\/www.miomiorun.com\/app\/uploads\/2019\/12\/logomio.png","width":115,"height":82,"caption":"MioMio Run"},"image":{"@id":"https:\/\/www.miomiorun.com\/es\/#\/schema\/logo\/image\/"},"sameAs":["https:\/\/www.facebook.com\/miomiorun\/","https:\/\/www.instagram.com\/miomiorun\/"]}]}},"_links":{"self":[{"href":"https:\/\/www.miomiorun.com\/es\/wp-json\/wp\/v2\/product\/293412","targetHints":{"allow":["GET"]}}],"collection":[{"href":"https:\/\/www.miomiorun.com\/es\/wp-json\/wp\/v2\/product"}],"about":[{"href":"https:\/\/www.miomiorun.com\/es\/wp-json\/wp\/v2\/types\/product"}],"wp:featuredmedia":[{"embeddable":true,"href":"https:\/\/www.miomiorun.com\/es\/wp-json\/wp\/v2\/media\/265966"}],"wp:attachment":[{"href":"https:\/\/www.miomiorun.com\/es\/wp-json\/wp\/v2\/media?parent=293412"}],"wp:term":[{"taxonomy":"product_brand","embeddable":true,"href":"https:\/\/www.miomiorun.com\/es\/wp-json\/wp\/v2\/product_brand?post=293412"},{"taxonomy":"product_cat","embeddable":true,"href":"https:\/\/www.miomiorun.com\/es\/wp-json\/wp\/v2\/product_cat?post=293412"},{"taxonomy":"product_tag","embeddable":true,"href":"https:\/\/www.miomiorun.com\/es\/wp-json\/wp\/v2\/product_tag?post=293412"}],"curies":[{"name":"wp","href":"https:\/\/api.w.org\/{rel}","templated":true}]}}