{"id":293346,"date":"2024-09-14T11:26:00","date_gmt":"2024-09-14T09:26:00","guid":{"rendered":"https:\/\/miomiorun.com\/prodotto\/adizero-essentials-running-long-tight-uomo\/"},"modified":"2026-05-07T18:22:13","modified_gmt":"2026-05-07T16:22:13","slug":"adizero-essentials-running-long-tight-hombre","status":"publish","type":"product","link":"https:\/\/www.miomiorun.com\/es\/producto\/adizero-essentials-running-long-tight-hombre\/","title":{"rendered":"Adizero Essentials Running Long Tight hombre"},"content":{"rendered":"<p>Concentraci\u00f3n. Velocidad. Ritmo. Si eres corredor, sabes bien que cada detalle cuenta a la hora de darlo todo. La colecci\u00f3n adizero Essentials est\u00e1 dedicada a ti y a todos los corredores activos y apasionados que se esfuerzan por mejorar en cada carrera. Las mallas largas de running adizero Essentials cuentan con paneles de malla que favorecen la circulaci\u00f3n del aire. Las cremalleras en los tobillos te permiten cambiarte sin necesidad de quitarte las zapatillas. La tecnolog\u00eda adidas AEROREADY te ayuda a mantener la piel seca incluso cuando tienes que acelerar para alcanzar tus objetivos. Una prenda adizero Essentials para dar lo mejor de ti. Este producto contiene al menos un 70 % de materiales reciclados. Incorporar materiales reciclados a nuestra producci\u00f3n nos permite reducir los residuos, el uso de fuentes no renovables y el impacto medioambiental de los productos que fabricamos.<\/p>\n<h4>Materiales:<\/h4>\n<p>85 % poli\u00e9ster reciclado \/ 15 % elastano<\/p>\n<p>&nbsp;<\/p>\n<div class=\"care-instructions___3scEd\">\n<h4 class=\"care-title___2YJe1 gl-no-margin-bottom\">Instrucciones de lavado<\/h4>\n<ul class=\"\">\n<li class=\"gl-vspace-bpall-small\"><img loading=\"lazy\" decoding=\"async\" src=\"https:\/\/www.adidas.it\/glass\/react\/050cc48\/assets\/img\/washing-instructions\/B1.svg\" alt=\"\" width=\"24\" height=\"24\" \/> No usar lej\u00eda<\/li>\n<li class=\"gl-vspace-bpall-small\"><img loading=\"lazy\" decoding=\"async\" src=\"https:\/\/www.adidas.it\/glass\/react\/050cc48\/assets\/img\/washing-instructions\/C2.svg\" alt=\"\" width=\"24\" height=\"24\" \/> Utiliza la secadora a baja temperatura<\/li>\n<li class=\"gl-vspace-bpall-small\"><img loading=\"lazy\" decoding=\"async\" src=\"https:\/\/www.adidas.it\/glass\/react\/050cc48\/assets\/img\/washing-instructions\/E1.svg\" alt=\"\" width=\"24\" height=\"24\" \/> No limpiar en seco<\/li>\n<li class=\"gl-vspace-bpall-small\"><img loading=\"lazy\" decoding=\"async\" src=\"https:\/\/www.adidas.it\/glass\/react\/050cc48\/assets\/img\/washing-instructions\/D2.svg\" alt=\"\" width=\"24\" height=\"24\" \/> Planchado suave en fr\u00edo<\/li>\n<li class=\"gl-vspace-bpall-small\"><img loading=\"lazy\" decoding=\"async\" src=\"https:\/\/www.adidas.it\/glass\/react\/050cc48\/assets\/img\/washing-instructions\/A5.svg\" alt=\"\" width=\"24\" height=\"24\" \/> Lavar a m\u00e1quina con agua tibia<\/li>\n<\/ul>\n<div class=\"extra-instructions___2TR8b\">\n<h4 class=\"care-title___2YJe1 gl-no-margin-bottom\">Instrucciones para el cuidado del producto<\/h4>\n<ul class=\"gl-list gl-vspace-bpall-small\">\n<li class=\"gl-vspace-bpall-small\">No utilices suavizante<\/li>\n<li class=\"gl-vspace-bpall-small\">Lavar con las cremalleras cerradas<\/li>\n<li class=\"gl-vspace-bpall-small\">Lavar y planchar del rev\u00e9s<\/li>\n<li class=\"gl-vspace-bpall-small\">Lavar con prendas de colores similares<\/li>\n<\/ul>\n<\/div>\n<\/div>\n","protected":false},"excerpt":{"rendered":"<ul>\n<li>paneles de malla que favorecen la circulaci\u00f3n del aire y tecnolog\u00eda AEROREADY para mantener la piel seca<\/li>\n<li>Una prenda de la colecci\u00f3n adizero Essentials para dar lo mejor de ti<\/li>\n<\/ul>\n","protected":false},"featured_media":248795,"template":"","meta":{"_acf_changed":false,"inline_featured_image":false},"product_brand":[],"product_cat":[24456,24463],"product_tag":[23558,23570],"class_list":{"0":"post-293346","1":"product","2":"type-product","3":"status-publish","4":"has-post-thumbnail","6":"product_cat-pantalones-largos-es-2","7":"product_cat-ropa-de-hombre-es","8":"product_tag-adidas-es","9":"product_tag-adidas-hombre","10":"pa_attivita-caminar","11":"pa_attivita-fitness-es","12":"pa_attivita-running-es","13":"pa_colore-adizero-e-l-tgt-black-m-es","14":"pa_marca-adidas-es","15":"pa_sesso-hombre","16":"pa_size-large-es","18":"first","19":"instock","20":"sale","21":"taxable","22":"shipping-taxable","23":"purchasable","24":"product-type-variable","25":"wvs-archive-product-wrapper"},"acf":[],"yoast_head":"<!-- This site is optimized with the Yoast SEO plugin v26.8 - https:\/\/yoast.com\/product\/yoast-seo-wordpress\/ -->\n<title>Adidas Adizero Essentials Running Long Tight hombre - Pantalones - MioMioRun<\/title>\n<meta name=\"description\" content=\"Los leggings largos de running adizero Essentials favorecen la circulaci\u00f3n del aire, y la tecnolog\u00eda AEROREADY te ayuda a mantener la piel seca.\" \/>\n<meta name=\"robots\" content=\"index, follow, max-snippet:-1, max-image-preview:large, max-video-preview:-1\" \/>\n<link rel=\"canonical\" href=\"https:\/\/www.miomiorun.com\/es\/producto\/adizero-essentials-running-long-tight-hombre\/\" \/>\n<meta property=\"og:locale\" content=\"es_ES\" \/>\n<meta property=\"og:type\" content=\"article\" \/>\n<meta property=\"og:title\" content=\"Adidas Adizero Essentials Running Long Tight hombre - Pantalones - MioMioRun\" \/>\n<meta property=\"og:description\" content=\"Los leggings largos de running adizero Essentials favorecen la circulaci\u00f3n del aire, y la tecnolog\u00eda AEROREADY te ayuda a mantener la piel seca.\" \/>\n<meta property=\"og:url\" content=\"https:\/\/www.miomiorun.com\/es\/producto\/adizero-essentials-running-long-tight-hombre\/\" \/>\n<meta property=\"og:site_name\" content=\"MioMioRun\" \/>\n<meta property=\"article:publisher\" content=\"https:\/\/www.facebook.com\/miomiorun\/\" \/>\n<meta property=\"article:modified_time\" content=\"2026-05-07T16:22:13+00:00\" \/>\n<meta property=\"og:image\" content=\"https:\/\/www.miomiorun.com\/app\/uploads\/2024\/09\/Adidas-Adizero-E-L-TGT-black-M-IN1164.webp\" \/>\n\t<meta property=\"og:image:width\" content=\"600\" \/>\n\t<meta property=\"og:image:height\" content=\"600\" \/>\n\t<meta property=\"og:image:type\" content=\"image\/webp\" \/>\n<meta name=\"twitter:card\" content=\"summary_large_image\" \/>\n<meta name=\"twitter:label1\" content=\"Est. reading time\" \/>\n\t<meta name=\"twitter:data1\" content=\"1 minute\" \/>\n<script type=\"application\/ld+json\" class=\"yoast-schema-graph\">{\"@context\":\"https:\/\/schema.org\",\"@graph\":[{\"@type\":\"WebPage\",\"@id\":\"https:\/\/www.miomiorun.com\/es\/producto\/adizero-essentials-running-long-tight-hombre\/\",\"url\":\"https:\/\/www.miomiorun.com\/es\/producto\/adizero-essentials-running-long-tight-hombre\/\",\"name\":\"Adidas Adizero Essentials Running Long Tight hombre - Pantalones - MioMioRun\",\"isPartOf\":{\"@id\":\"https:\/\/www.miomiorun.com\/es\/#website\"},\"primaryImageOfPage\":{\"@id\":\"https:\/\/www.miomiorun.com\/es\/producto\/adizero-essentials-running-long-tight-hombre\/#primaryimage\"},\"image\":{\"@id\":\"https:\/\/www.miomiorun.com\/es\/producto\/adizero-essentials-running-long-tight-hombre\/#primaryimage\"},\"thumbnailUrl\":\"https:\/\/www.miomiorun.com\/app\/uploads\/2024\/09\/Adidas-Adizero-E-L-TGT-black-M-IN1164.webp\",\"datePublished\":\"2024-09-14T09:26:00+00:00\",\"dateModified\":\"2026-05-07T16:22:13+00:00\",\"description\":\"Los leggings largos de running adizero Essentials favorecen la circulaci\u00f3n del aire, y la tecnolog\u00eda AEROREADY te ayuda a mantener la piel seca.\",\"breadcrumb\":{\"@id\":\"https:\/\/www.miomiorun.com\/es\/producto\/adizero-essentials-running-long-tight-hombre\/#breadcrumb\"},\"inLanguage\":\"es-ES\",\"potentialAction\":[{\"@type\":\"ReadAction\",\"target\":[\"https:\/\/www.miomiorun.com\/es\/producto\/adizero-essentials-running-long-tight-hombre\/\"]}]},{\"@type\":\"ImageObject\",\"inLanguage\":\"es-ES\",\"@id\":\"https:\/\/www.miomiorun.com\/es\/producto\/adizero-essentials-running-long-tight-hombre\/#primaryimage\",\"url\":\"https:\/\/www.miomiorun.com\/app\/uploads\/2024\/09\/Adidas-Adizero-E-L-TGT-black-M-IN1164.webp\",\"contentUrl\":\"https:\/\/www.miomiorun.com\/app\/uploads\/2024\/09\/Adidas-Adizero-E-L-TGT-black-M-IN1164.webp\",\"width\":600,\"height\":600,\"caption\":\"Adidas Adizero E L TGT black M IN1164\"},{\"@type\":\"BreadcrumbList\",\"@id\":\"https:\/\/www.miomiorun.com\/es\/producto\/adizero-essentials-running-long-tight-hombre\/#breadcrumb\",\"itemListElement\":[{\"@type\":\"ListItem\",\"position\":1,\"name\":\"Home\",\"item\":\"https:\/\/www.miomiorun.com\/es\/\"},{\"@type\":\"ListItem\",\"position\":2,\"name\":\"Shop\",\"item\":\"https:\/\/www.miomiorun.com\/shop\/\"},{\"@type\":\"ListItem\",\"position\":3,\"name\":\"Adizero Essentials Running Long Tight hombre\"}]},{\"@type\":\"WebSite\",\"@id\":\"https:\/\/www.miomiorun.com\/es\/#website\",\"url\":\"https:\/\/www.miomiorun.com\/es\/\",\"name\":\"MioMioRun\",\"description\":\"Tienda 100% running y trail\",\"publisher\":{\"@id\":\"https:\/\/www.miomiorun.com\/es\/#organization\"},\"potentialAction\":[{\"@type\":\"SearchAction\",\"target\":{\"@type\":\"EntryPoint\",\"urlTemplate\":\"https:\/\/www.miomiorun.com\/es\/?s={search_term_string}\"},\"query-input\":{\"@type\":\"PropertyValueSpecification\",\"valueRequired\":true,\"valueName\":\"search_term_string\"}}],\"inLanguage\":\"es-ES\"},{\"@type\":\"Organization\",\"@id\":\"https:\/\/www.miomiorun.com\/es\/#organization\",\"name\":\"MioMio Run\",\"url\":\"https:\/\/www.miomiorun.com\/es\/\",\"logo\":{\"@type\":\"ImageObject\",\"inLanguage\":\"es-ES\",\"@id\":\"https:\/\/www.miomiorun.com\/es\/#\/schema\/logo\/image\/\",\"url\":\"https:\/\/www.miomiorun.com\/app\/uploads\/2019\/12\/logomio.png\",\"contentUrl\":\"https:\/\/www.miomiorun.com\/app\/uploads\/2019\/12\/logomio.png\",\"width\":115,\"height\":82,\"caption\":\"MioMio Run\"},\"image\":{\"@id\":\"https:\/\/www.miomiorun.com\/es\/#\/schema\/logo\/image\/\"},\"sameAs\":[\"https:\/\/www.facebook.com\/miomiorun\/\",\"https:\/\/www.instagram.com\/miomiorun\/\"]}]}<\/script>\n<!-- \/ Yoast SEO plugin. -->","yoast_head_json":{"title":"Adidas Adizero Essentials Running Long Tight hombre - Pantalones - MioMioRun","description":"Los leggings largos de running adizero Essentials favorecen la circulaci\u00f3n del aire, y la tecnolog\u00eda AEROREADY te ayuda a mantener la piel seca.","robots":{"index":"index","follow":"follow","max-snippet":"max-snippet:-1","max-image-preview":"max-image-preview:large","max-video-preview":"max-video-preview:-1"},"canonical":"https:\/\/www.miomiorun.com\/es\/producto\/adizero-essentials-running-long-tight-hombre\/","og_locale":"es_ES","og_type":"article","og_title":"Adidas Adizero Essentials Running Long Tight hombre - Pantalones - MioMioRun","og_description":"Los leggings largos de running adizero Essentials favorecen la circulaci\u00f3n del aire, y la tecnolog\u00eda AEROREADY te ayuda a mantener la piel seca.","og_url":"https:\/\/www.miomiorun.com\/es\/producto\/adizero-essentials-running-long-tight-hombre\/","og_site_name":"MioMioRun","article_publisher":"https:\/\/www.facebook.com\/miomiorun\/","article_modified_time":"2026-05-07T16:22:13+00:00","og_image":[{"width":600,"height":600,"url":"https:\/\/www.miomiorun.com\/app\/uploads\/2024\/09\/Adidas-Adizero-E-L-TGT-black-M-IN1164.webp","type":"image\/webp"}],"twitter_card":"summary_large_image","twitter_misc":{"Est. reading time":"1 minute"},"schema":{"@context":"https:\/\/schema.org","@graph":[{"@type":"WebPage","@id":"https:\/\/www.miomiorun.com\/es\/producto\/adizero-essentials-running-long-tight-hombre\/","url":"https:\/\/www.miomiorun.com\/es\/producto\/adizero-essentials-running-long-tight-hombre\/","name":"Adidas Adizero Essentials Running Long Tight hombre - Pantalones - MioMioRun","isPartOf":{"@id":"https:\/\/www.miomiorun.com\/es\/#website"},"primaryImageOfPage":{"@id":"https:\/\/www.miomiorun.com\/es\/producto\/adizero-essentials-running-long-tight-hombre\/#primaryimage"},"image":{"@id":"https:\/\/www.miomiorun.com\/es\/producto\/adizero-essentials-running-long-tight-hombre\/#primaryimage"},"thumbnailUrl":"https:\/\/www.miomiorun.com\/app\/uploads\/2024\/09\/Adidas-Adizero-E-L-TGT-black-M-IN1164.webp","datePublished":"2024-09-14T09:26:00+00:00","dateModified":"2026-05-07T16:22:13+00:00","description":"Los leggings largos de running adizero Essentials favorecen la circulaci\u00f3n del aire, y la tecnolog\u00eda AEROREADY te ayuda a mantener la piel seca.","breadcrumb":{"@id":"https:\/\/www.miomiorun.com\/es\/producto\/adizero-essentials-running-long-tight-hombre\/#breadcrumb"},"inLanguage":"es-ES","potentialAction":[{"@type":"ReadAction","target":["https:\/\/www.miomiorun.com\/es\/producto\/adizero-essentials-running-long-tight-hombre\/"]}]},{"@type":"ImageObject","inLanguage":"es-ES","@id":"https:\/\/www.miomiorun.com\/es\/producto\/adizero-essentials-running-long-tight-hombre\/#primaryimage","url":"https:\/\/www.miomiorun.com\/app\/uploads\/2024\/09\/Adidas-Adizero-E-L-TGT-black-M-IN1164.webp","contentUrl":"https:\/\/www.miomiorun.com\/app\/uploads\/2024\/09\/Adidas-Adizero-E-L-TGT-black-M-IN1164.webp","width":600,"height":600,"caption":"Adidas Adizero E L TGT black M IN1164"},{"@type":"BreadcrumbList","@id":"https:\/\/www.miomiorun.com\/es\/producto\/adizero-essentials-running-long-tight-hombre\/#breadcrumb","itemListElement":[{"@type":"ListItem","position":1,"name":"Home","item":"https:\/\/www.miomiorun.com\/es\/"},{"@type":"ListItem","position":2,"name":"Shop","item":"https:\/\/www.miomiorun.com\/shop\/"},{"@type":"ListItem","position":3,"name":"Adizero Essentials Running Long Tight hombre"}]},{"@type":"WebSite","@id":"https:\/\/www.miomiorun.com\/es\/#website","url":"https:\/\/www.miomiorun.com\/es\/","name":"MioMioRun","description":"Tienda 100% running y trail","publisher":{"@id":"https:\/\/www.miomiorun.com\/es\/#organization"},"potentialAction":[{"@type":"SearchAction","target":{"@type":"EntryPoint","urlTemplate":"https:\/\/www.miomiorun.com\/es\/?s={search_term_string}"},"query-input":{"@type":"PropertyValueSpecification","valueRequired":true,"valueName":"search_term_string"}}],"inLanguage":"es-ES"},{"@type":"Organization","@id":"https:\/\/www.miomiorun.com\/es\/#organization","name":"MioMio Run","url":"https:\/\/www.miomiorun.com\/es\/","logo":{"@type":"ImageObject","inLanguage":"es-ES","@id":"https:\/\/www.miomiorun.com\/es\/#\/schema\/logo\/image\/","url":"https:\/\/www.miomiorun.com\/app\/uploads\/2019\/12\/logomio.png","contentUrl":"https:\/\/www.miomiorun.com\/app\/uploads\/2019\/12\/logomio.png","width":115,"height":82,"caption":"MioMio Run"},"image":{"@id":"https:\/\/www.miomiorun.com\/es\/#\/schema\/logo\/image\/"},"sameAs":["https:\/\/www.facebook.com\/miomiorun\/","https:\/\/www.instagram.com\/miomiorun\/"]}]}},"_links":{"self":[{"href":"https:\/\/www.miomiorun.com\/es\/wp-json\/wp\/v2\/product\/293346","targetHints":{"allow":["GET"]}}],"collection":[{"href":"https:\/\/www.miomiorun.com\/es\/wp-json\/wp\/v2\/product"}],"about":[{"href":"https:\/\/www.miomiorun.com\/es\/wp-json\/wp\/v2\/types\/product"}],"wp:featuredmedia":[{"embeddable":true,"href":"https:\/\/www.miomiorun.com\/es\/wp-json\/wp\/v2\/media\/248795"}],"wp:attachment":[{"href":"https:\/\/www.miomiorun.com\/es\/wp-json\/wp\/v2\/media?parent=293346"}],"wp:term":[{"taxonomy":"product_brand","embeddable":true,"href":"https:\/\/www.miomiorun.com\/es\/wp-json\/wp\/v2\/product_brand?post=293346"},{"taxonomy":"product_cat","embeddable":true,"href":"https:\/\/www.miomiorun.com\/es\/wp-json\/wp\/v2\/product_cat?post=293346"},{"taxonomy":"product_tag","embeddable":true,"href":"https:\/\/www.miomiorun.com\/es\/wp-json\/wp\/v2\/product_tag?post=293346"}],"curies":[{"name":"wp","href":"https:\/\/api.w.org\/{rel}","templated":true}]}}