{"id":293337,"date":"2024-09-18T19:14:32","date_gmt":"2024-09-18T17:14:32","guid":{"rendered":"https:\/\/miomiorun.com\/prodotto\/gt-1000-13-gs-kids\/"},"modified":"2026-03-02T18:59:58","modified_gmt":"2026-03-02T17:59:58","slug":"gt-1000-13-gs-kids","status":"publish","type":"product","link":"https:\/\/www.miomiorun.com\/es\/producto\/gt-1000-13-gs-kids\/","title":{"rendered":"GT-1000 13 GS kids"},"content":{"rendered":"<div class=\"vc-row container\"><div class=\"vc-column\"><div class=\"vc-column-text\"><\/p>\n<h4>Especificaciones t\u00e9cnicas<\/h4>\n<p>Categor\u00eda: Amortiguaci\u00f3n estructurada.<br \/>\nOffset: 8,5 mm.<br \/>\nPeso: 210 g<br \/>\nIdeal para: ni\u00f1os que necesitan unas zapatillas con buena amortiguaci\u00f3n y estructura. Ideales para iniciarse en la actividad deportiva o para ni\u00f1os que ya se inclinan por recorrer distancias medias-largas.<br \/>\n<a href=\"https:\/\/miomiorun.com\/es\/guia-especifica\/\">Gu\u00eda de especificaciones t\u00e9cnicas<\/a><\/p>\n<p> <\/div><\/div><div class=\"vc-column\"><div class=\"vc-column-text\">Las GT-1000 13 GS (Grade School) para ni\u00f1os son unas zapatillas estables y vers\u00e1tiles, ideales para recorrer diferentes distancias. La amortiguaci\u00f3n bajo el pie se ha mejorado para que sean m\u00e1s c\u00f3modas y din\u00e1micas.<\/p>\n<p>El medidor de tallas y la plantilla, dise\u00f1ados espec\u00edficamente para los m\u00e1s j\u00f3venes, se adaptan a los pies en crecimiento. Adem\u00e1s, la suela exterior envolvente en la zona media del antepi\u00e9 y la costura de goma en la puntera se han dise\u00f1ado para mejorar la resistencia de la zapatilla.<\/p>\n<p>Por \u00faltimo, la tecnolog\u00eda GEL ofrece una amortiguaci\u00f3n c\u00f3moda durante todo el d\u00eda.<\/p>\n<h3>Tecnolog\u00eda y caracter\u00edsticas<\/h3>\n<div class=\"product-features-section\">\n<ul>\n<li class=\"small-reg\">\n<div class=\"small-bold\"><strong>Parte superior de malla transpirable<\/strong><\/div>\n<p>Garantiza un apoyo eficaz y c\u00f3modo<\/li>\n<li class=\"small-reg\">\n<div class=\"small-bold\"><strong>Al menos el 20 % del material principal de la parte superior est\u00e1 fabricado con materias primas recicladas para reducir los residuos y las emisiones de carbono<\/strong><\/div>\n<p>La plantilla se fabrica mediante un proceso de te\u00f1ido en pasta que reduce el consumo de agua en aproximadamente un 33 % y las emisiones de carbono en aproximadamente un 45 % en comparaci\u00f3n con la tecnolog\u00eda de te\u00f1ido tradicional<\/li>\n<li class=\"small-reg\">\n<div class=\"small-bold\"><strong>Tecnolog\u00eda GEL en el tal\u00f3n<\/strong><\/div>\n<p>Mejora la absorci\u00f3n de los impactos<\/li>\n<\/ul>\n<\/div>\n<p><\/div><\/div><\/div>\n","protected":false},"excerpt":{"rendered":"<ul>\n<li>Zapatilla de running para j\u00f3venes atletas.<\/li>\n<li>Amortiguada y c\u00f3moda para descubrir diferentes distancias.<\/li>\n<\/ul>\n","protected":false},"featured_media":248967,"template":"","meta":{"_acf_changed":false,"inline_featured_image":false},"product_brand":[],"product_cat":[24406,24407],"product_tag":[23559,24202,24201],"class_list":{"0":"post-293337","1":"product","2":"type-product","3":"status-publish","4":"has-post-thumbnail","6":"product_cat-zapatos-chico","7":"product_cat-chico","8":"product_tag-asics-es","9":"product_tag-asics-chica","10":"product_tag-asics-chico","11":"pa_attivita-caminar","12":"pa_attivita-fitness-es","13":"pa_attivita-lifestyle-es","14":"pa_attivita-running-es","15":"pa_colore-gt-1000-13-gs-dusty-mauve-white-es","16":"pa_marca-asics-es","17":"pa_sesso-hombre","18":"pa_size-32-5-es","19":"pa_size-33-es","20":"pa_size-33-5-es","21":"pa_size-35-5-es","22":"pa_size-37-es","24":"first","25":"instock","26":"sale","27":"taxable","28":"shipping-taxable","29":"purchasable","30":"product-type-variable","31":"wvs-archive-product-wrapper"},"acf":[],"yoast_head":"<!-- This site is optimized with the Yoast SEO plugin v26.8 - https:\/\/yoast.com\/product\/yoast-seo-wordpress\/ -->\n<title>AsicsGT-1000 13 GS kids - running ni\u00f1o - MioMioRun<\/title>\n<meta name=\"description\" content=\"Las GT-1000 13 GS (Grade School) para ni\u00f1o son unas zapatillas estables y vers\u00e1tiles, ideales para recorrer diferentes distancias.\u00a0 Se ha mejorado la amortiguaci\u00f3n .\" \/>\n<meta name=\"robots\" content=\"index, follow, max-snippet:-1, max-image-preview:large, max-video-preview:-1\" \/>\n<link rel=\"canonical\" href=\"https:\/\/www.miomiorun.com\/es\/producto\/gt-1000-13-gs-kids\/\" \/>\n<meta property=\"og:locale\" content=\"es_ES\" \/>\n<meta property=\"og:type\" content=\"article\" \/>\n<meta property=\"og:title\" content=\"AsicsGT-1000 13 GS kids - running ni\u00f1o - MioMioRun\" \/>\n<meta property=\"og:description\" content=\"Las GT-1000 13 GS (Grade School) para ni\u00f1o son unas zapatillas estables y vers\u00e1tiles, ideales para recorrer diferentes distancias.\u00a0 Se ha mejorado la amortiguaci\u00f3n .\" \/>\n<meta property=\"og:url\" content=\"https:\/\/www.miomiorun.com\/es\/producto\/gt-1000-13-gs-kids\/\" \/>\n<meta property=\"og:site_name\" content=\"MioMioRun\" \/>\n<meta property=\"article:publisher\" content=\"https:\/\/www.facebook.com\/miomiorun\/\" \/>\n<meta property=\"article:modified_time\" content=\"2026-03-02T17:59:58+00:00\" \/>\n<meta property=\"og:image\" content=\"https:\/\/www.miomiorun.com\/app\/uploads\/2024\/09\/asics-GT-1000-13-GS-Black-Digital-Aqua-1014A343-001.webp\" \/>\n\t<meta property=\"og:image:width\" content=\"600\" \/>\n\t<meta property=\"og:image:height\" content=\"600\" \/>\n\t<meta property=\"og:image:type\" content=\"image\/webp\" \/>\n<meta name=\"twitter:card\" content=\"summary_large_image\" \/>\n<meta name=\"twitter:label1\" content=\"Est. reading time\" \/>\n\t<meta name=\"twitter:data1\" content=\"2 minutes\" \/>\n<script type=\"application\/ld+json\" class=\"yoast-schema-graph\">{\"@context\":\"https:\/\/schema.org\",\"@graph\":[{\"@type\":\"WebPage\",\"@id\":\"https:\/\/www.miomiorun.com\/es\/producto\/gt-1000-13-gs-kids\/\",\"url\":\"https:\/\/www.miomiorun.com\/es\/producto\/gt-1000-13-gs-kids\/\",\"name\":\"AsicsGT-1000 13 GS kids - running ni\u00f1o - MioMioRun\",\"isPartOf\":{\"@id\":\"https:\/\/www.miomiorun.com\/es\/#website\"},\"primaryImageOfPage\":{\"@id\":\"https:\/\/www.miomiorun.com\/es\/producto\/gt-1000-13-gs-kids\/#primaryimage\"},\"image\":{\"@id\":\"https:\/\/www.miomiorun.com\/es\/producto\/gt-1000-13-gs-kids\/#primaryimage\"},\"thumbnailUrl\":\"https:\/\/www.miomiorun.com\/app\/uploads\/2024\/09\/asics-GT-1000-13-GS-Black-Digital-Aqua-1014A343-001.webp\",\"datePublished\":\"2024-09-18T17:14:32+00:00\",\"dateModified\":\"2026-03-02T17:59:58+00:00\",\"description\":\"Las GT-1000 13 GS (Grade School) para ni\u00f1o son unas zapatillas estables y vers\u00e1tiles, ideales para recorrer diferentes distancias.\u00a0 Se ha mejorado la amortiguaci\u00f3n .\",\"breadcrumb\":{\"@id\":\"https:\/\/www.miomiorun.com\/es\/producto\/gt-1000-13-gs-kids\/#breadcrumb\"},\"inLanguage\":\"es-ES\",\"potentialAction\":[{\"@type\":\"ReadAction\",\"target\":[\"https:\/\/www.miomiorun.com\/es\/producto\/gt-1000-13-gs-kids\/\"]}]},{\"@type\":\"ImageObject\",\"inLanguage\":\"es-ES\",\"@id\":\"https:\/\/www.miomiorun.com\/es\/producto\/gt-1000-13-gs-kids\/#primaryimage\",\"url\":\"https:\/\/www.miomiorun.com\/app\/uploads\/2024\/09\/asics-GT-1000-13-GS-Black-Digital-Aqua-1014A343-001.webp\",\"contentUrl\":\"https:\/\/www.miomiorun.com\/app\/uploads\/2024\/09\/asics-GT-1000-13-GS-Black-Digital-Aqua-1014A343-001.webp\",\"width\":600,\"height\":600,\"caption\":\"asics GT-1000 13 GS Black Digital Aqua 1014A343 001\"},{\"@type\":\"BreadcrumbList\",\"@id\":\"https:\/\/www.miomiorun.com\/es\/producto\/gt-1000-13-gs-kids\/#breadcrumb\",\"itemListElement\":[{\"@type\":\"ListItem\",\"position\":1,\"name\":\"Home\",\"item\":\"https:\/\/www.miomiorun.com\/es\/\"},{\"@type\":\"ListItem\",\"position\":2,\"name\":\"Shop\",\"item\":\"https:\/\/www.miomiorun.com\/shop\/\"},{\"@type\":\"ListItem\",\"position\":3,\"name\":\"GT-1000 13 GS kids\"}]},{\"@type\":\"WebSite\",\"@id\":\"https:\/\/www.miomiorun.com\/es\/#website\",\"url\":\"https:\/\/www.miomiorun.com\/es\/\",\"name\":\"MioMioRun\",\"description\":\"Tienda 100% running y trail\",\"publisher\":{\"@id\":\"https:\/\/www.miomiorun.com\/es\/#organization\"},\"potentialAction\":[{\"@type\":\"SearchAction\",\"target\":{\"@type\":\"EntryPoint\",\"urlTemplate\":\"https:\/\/www.miomiorun.com\/es\/?s={search_term_string}\"},\"query-input\":{\"@type\":\"PropertyValueSpecification\",\"valueRequired\":true,\"valueName\":\"search_term_string\"}}],\"inLanguage\":\"es-ES\"},{\"@type\":\"Organization\",\"@id\":\"https:\/\/www.miomiorun.com\/es\/#organization\",\"name\":\"MioMio Run\",\"url\":\"https:\/\/www.miomiorun.com\/es\/\",\"logo\":{\"@type\":\"ImageObject\",\"inLanguage\":\"es-ES\",\"@id\":\"https:\/\/www.miomiorun.com\/es\/#\/schema\/logo\/image\/\",\"url\":\"https:\/\/www.miomiorun.com\/app\/uploads\/2019\/12\/logomio.png\",\"contentUrl\":\"https:\/\/www.miomiorun.com\/app\/uploads\/2019\/12\/logomio.png\",\"width\":115,\"height\":82,\"caption\":\"MioMio Run\"},\"image\":{\"@id\":\"https:\/\/www.miomiorun.com\/es\/#\/schema\/logo\/image\/\"},\"sameAs\":[\"https:\/\/www.facebook.com\/miomiorun\/\",\"https:\/\/www.instagram.com\/miomiorun\/\"]}]}<\/script>\n<!-- \/ Yoast SEO plugin. -->","yoast_head_json":{"title":"AsicsGT-1000 13 GS kids - running ni\u00f1o - MioMioRun","description":"Las GT-1000 13 GS (Grade School) para ni\u00f1o son unas zapatillas estables y vers\u00e1tiles, ideales para recorrer diferentes distancias.\u00a0 Se ha mejorado la amortiguaci\u00f3n .","robots":{"index":"index","follow":"follow","max-snippet":"max-snippet:-1","max-image-preview":"max-image-preview:large","max-video-preview":"max-video-preview:-1"},"canonical":"https:\/\/www.miomiorun.com\/es\/producto\/gt-1000-13-gs-kids\/","og_locale":"es_ES","og_type":"article","og_title":"AsicsGT-1000 13 GS kids - running ni\u00f1o - MioMioRun","og_description":"Las GT-1000 13 GS (Grade School) para ni\u00f1o son unas zapatillas estables y vers\u00e1tiles, ideales para recorrer diferentes distancias.\u00a0 Se ha mejorado la amortiguaci\u00f3n .","og_url":"https:\/\/www.miomiorun.com\/es\/producto\/gt-1000-13-gs-kids\/","og_site_name":"MioMioRun","article_publisher":"https:\/\/www.facebook.com\/miomiorun\/","article_modified_time":"2026-03-02T17:59:58+00:00","og_image":[{"width":600,"height":600,"url":"https:\/\/www.miomiorun.com\/app\/uploads\/2024\/09\/asics-GT-1000-13-GS-Black-Digital-Aqua-1014A343-001.webp","type":"image\/webp"}],"twitter_card":"summary_large_image","twitter_misc":{"Est. reading time":"2 minutes"},"schema":{"@context":"https:\/\/schema.org","@graph":[{"@type":"WebPage","@id":"https:\/\/www.miomiorun.com\/es\/producto\/gt-1000-13-gs-kids\/","url":"https:\/\/www.miomiorun.com\/es\/producto\/gt-1000-13-gs-kids\/","name":"AsicsGT-1000 13 GS kids - running ni\u00f1o - MioMioRun","isPartOf":{"@id":"https:\/\/www.miomiorun.com\/es\/#website"},"primaryImageOfPage":{"@id":"https:\/\/www.miomiorun.com\/es\/producto\/gt-1000-13-gs-kids\/#primaryimage"},"image":{"@id":"https:\/\/www.miomiorun.com\/es\/producto\/gt-1000-13-gs-kids\/#primaryimage"},"thumbnailUrl":"https:\/\/www.miomiorun.com\/app\/uploads\/2024\/09\/asics-GT-1000-13-GS-Black-Digital-Aqua-1014A343-001.webp","datePublished":"2024-09-18T17:14:32+00:00","dateModified":"2026-03-02T17:59:58+00:00","description":"Las GT-1000 13 GS (Grade School) para ni\u00f1o son unas zapatillas estables y vers\u00e1tiles, ideales para recorrer diferentes distancias.\u00a0 Se ha mejorado la amortiguaci\u00f3n .","breadcrumb":{"@id":"https:\/\/www.miomiorun.com\/es\/producto\/gt-1000-13-gs-kids\/#breadcrumb"},"inLanguage":"es-ES","potentialAction":[{"@type":"ReadAction","target":["https:\/\/www.miomiorun.com\/es\/producto\/gt-1000-13-gs-kids\/"]}]},{"@type":"ImageObject","inLanguage":"es-ES","@id":"https:\/\/www.miomiorun.com\/es\/producto\/gt-1000-13-gs-kids\/#primaryimage","url":"https:\/\/www.miomiorun.com\/app\/uploads\/2024\/09\/asics-GT-1000-13-GS-Black-Digital-Aqua-1014A343-001.webp","contentUrl":"https:\/\/www.miomiorun.com\/app\/uploads\/2024\/09\/asics-GT-1000-13-GS-Black-Digital-Aqua-1014A343-001.webp","width":600,"height":600,"caption":"asics GT-1000 13 GS Black Digital Aqua 1014A343 001"},{"@type":"BreadcrumbList","@id":"https:\/\/www.miomiorun.com\/es\/producto\/gt-1000-13-gs-kids\/#breadcrumb","itemListElement":[{"@type":"ListItem","position":1,"name":"Home","item":"https:\/\/www.miomiorun.com\/es\/"},{"@type":"ListItem","position":2,"name":"Shop","item":"https:\/\/www.miomiorun.com\/shop\/"},{"@type":"ListItem","position":3,"name":"GT-1000 13 GS kids"}]},{"@type":"WebSite","@id":"https:\/\/www.miomiorun.com\/es\/#website","url":"https:\/\/www.miomiorun.com\/es\/","name":"MioMioRun","description":"Tienda 100% running y trail","publisher":{"@id":"https:\/\/www.miomiorun.com\/es\/#organization"},"potentialAction":[{"@type":"SearchAction","target":{"@type":"EntryPoint","urlTemplate":"https:\/\/www.miomiorun.com\/es\/?s={search_term_string}"},"query-input":{"@type":"PropertyValueSpecification","valueRequired":true,"valueName":"search_term_string"}}],"inLanguage":"es-ES"},{"@type":"Organization","@id":"https:\/\/www.miomiorun.com\/es\/#organization","name":"MioMio Run","url":"https:\/\/www.miomiorun.com\/es\/","logo":{"@type":"ImageObject","inLanguage":"es-ES","@id":"https:\/\/www.miomiorun.com\/es\/#\/schema\/logo\/image\/","url":"https:\/\/www.miomiorun.com\/app\/uploads\/2019\/12\/logomio.png","contentUrl":"https:\/\/www.miomiorun.com\/app\/uploads\/2019\/12\/logomio.png","width":115,"height":82,"caption":"MioMio Run"},"image":{"@id":"https:\/\/www.miomiorun.com\/es\/#\/schema\/logo\/image\/"},"sameAs":["https:\/\/www.facebook.com\/miomiorun\/","https:\/\/www.instagram.com\/miomiorun\/"]}]}},"_links":{"self":[{"href":"https:\/\/www.miomiorun.com\/es\/wp-json\/wp\/v2\/product\/293337","targetHints":{"allow":["GET"]}}],"collection":[{"href":"https:\/\/www.miomiorun.com\/es\/wp-json\/wp\/v2\/product"}],"about":[{"href":"https:\/\/www.miomiorun.com\/es\/wp-json\/wp\/v2\/types\/product"}],"wp:featuredmedia":[{"embeddable":true,"href":"https:\/\/www.miomiorun.com\/es\/wp-json\/wp\/v2\/media\/248967"}],"wp:attachment":[{"href":"https:\/\/www.miomiorun.com\/es\/wp-json\/wp\/v2\/media?parent=293337"}],"wp:term":[{"taxonomy":"product_brand","embeddable":true,"href":"https:\/\/www.miomiorun.com\/es\/wp-json\/wp\/v2\/product_brand?post=293337"},{"taxonomy":"product_cat","embeddable":true,"href":"https:\/\/www.miomiorun.com\/es\/wp-json\/wp\/v2\/product_cat?post=293337"},{"taxonomy":"product_tag","embeddable":true,"href":"https:\/\/www.miomiorun.com\/es\/wp-json\/wp\/v2\/product_tag?post=293337"}],"curies":[{"name":"wp","href":"https:\/\/api.w.org\/{rel}","templated":true}]}}