{"id":293269,"date":"2024-06-01T10:27:17","date_gmt":"2024-06-01T08:27:17","guid":{"rendered":"https:\/\/miomiorun.com\/prodotto\/speedgoat-6-uomo\/"},"modified":"2026-03-03T10:05:51","modified_gmt":"2026-03-03T09:05:51","slug":"speedgoat-6-hombre","status":"publish","type":"product","link":"https:\/\/www.miomiorun.com\/es\/producto\/speedgoat-6-hombre\/","title":{"rendered":"Speedgoat 6 hombre"},"content":{"rendered":"<div class=\"vc-row container\"><div class=\"vc-column\"><div class=\"vc-column-text\"><\/p>\n<p><strong>Especificaciones t\u00e9cnicas<\/strong><\/p>\n<p>Categor\u00eda: amortiguaci\u00f3n superior<br \/>\nOffset: 5 mm<br \/>\nPeso: 278 g<br \/>\nIdeal para: corredores de trail y amantes del senderismo de monta\u00f1a que buscan un modelo ligero, bien amortiguado y protector, capaz de transmitir el m\u00e1ximo confort incluso en distancias largas.<br \/>\nPeso del atleta: 60-70 kg<br \/>\nRitmo de carrera: medio-r\u00e1pido (4,30-6,00 min\/km)<br \/>\n<a href=\"https:\/\/miomiorun.com\/es\/guia-especifica\/\">Gu\u00eda de especificaciones t\u00e9cnicas<\/a><\/p>\n<p><\/div><\/div><div class=\"vc-column\"><div class=\"vc-column-text\"><\/p>\n<h3>Experiencia de uso con gran adherencia y reactividad para terrenos t\u00e9cnicos.<\/h3>\n<h3>Lo mejor de lo mejor en trail.<\/h3>\n<p>Aqu\u00ed est\u00e1. Las <strong>Speedgoat 6 <\/strong>para hombre han sido dise\u00f1adas para dominar los senderos, gracias a la combinaci\u00f3n de la amortiguaci\u00f3n probada de HOKA, una tracci\u00f3n agresiva y materiales ultraligeros. Dise\u00f1ada para terrenos t\u00e9cnicos, esta reciente reedici\u00f3n presenta una parte superior de tejido transpirable, un armaz\u00f3n interno que envuelve el pie, una leng\u00fceta con doble fuelle m\u00e1s suave y una orientaci\u00f3n de la suela redise\u00f1ada inspir\u00e1ndose en la pezu\u00f1a de una cabra (\u00abgoat\u00bb en ingl\u00e9s, que da nombre a la zapatilla).<\/p>\n<p><strong>ADECUADO PARA<\/strong><\/p>\n<ul>\n<li>Sendero.<\/li>\n<li>Senderismo.<\/li>\n<\/ul>\n<p><strong>CARACTER\u00cdSTICAS:<\/strong><\/p>\n<ul class=\"features-container\">\n<li class=\"feature-item\">Parte superior de tejido ligero<\/li>\n<li class=\"feature-item\">Estructura interna que ofrece soporte<\/li>\n<li class=\"feature-item\">Leng\u00fceta con fuelle en ambos lados<\/li>\n<li class=\"feature-item\">M\u00e1scara din\u00e1mica<\/li>\n<li class=\"feature-item\">Elemento protector en la punta<\/li>\n<li class=\"feature-item\">Vibram\u00ae Megagrip con tacos de tracci\u00f3n<\/li>\n<li class=\"feature-item\">Orientaci\u00f3n del tanque redise\u00f1ada<\/li>\n<li class=\"feature-item\">Entresuela de compuesto ligero y reactivo.<\/li>\n<li class=\"feature-item\">Espuma m\u00e1s ligera y reactiva<\/li>\n<li class=\"feature-item\">Tanque de 5 mm<\/li>\n<li class=\"feature-item\">Modelo vegano<\/li>\n<\/ul>\n<div class=\"description-whatsnew\">\n<p><strong>\u00bfQu\u00e9 hay de nuevo?<\/strong><\/p>\n<p>Sin duda, una experiencia mejorada para la planta del pie, con menos peso y mayor capacidad de respuesta. Encontrar\u00e1s novedades en la estructura general, entre las que se incluyen la parte superior de tejido transpirable, el compuesto de la entresuela m\u00e1s ligero y reactivo, el armaz\u00f3n interno, la m\u00e1scara din\u00e1mica y la leng\u00fceta con doble fuelle m\u00e1s suave.<\/p>\n<h2>Estabilidad<\/h2>\n<p>Speedgoat 6 equipada con una cama amortiguada sim\u00e9trica, sin tecnolog\u00edas ortop\u00e9dicas adicionales. Dise\u00f1ada para ofrecerte el apoyo que necesitas, sin caracter\u00edsticas superfluas.<\/p>\n<h2>Amortizaci\u00f3n<\/h2>\n<p>Speedgoat 6, dise\u00f1ada para ofrecer una amortiguaci\u00f3n protectora, al tiempo que mantiene un impulso reactivo cuando deseas aumentar la velocidad.<\/p>\n<p>&nbsp;<\/p>\n<\/div>\n<p><\/div><\/div><\/div>\n","protected":false},"excerpt":{"rendered":"<ul>\n<li>Calzado ideal para trail y senderismo.<\/li>\n<li>Suela Vibram\u00ae Megagrip con Traction Lug.<\/li>\n<li>Ideal para recorridos t\u00e9cnicos.<\/li>\n<\/ul>\n","protected":false},"featured_media":310477,"template":"","meta":{"_acf_changed":false,"inline_featured_image":false},"product_brand":[],"product_cat":[24468,24465],"product_tag":[23479,23605],"class_list":{"0":"post-293269","1":"product","2":"type-product","3":"status-publish","4":"has-post-thumbnail","6":"product_cat-calzado-para-hombre-es","7":"product_cat-trail-es-4","8":"product_tag-hoka-one-one-es","9":"product_tag-hoka-hombre","10":"pa_attivita-outdoor-es","11":"pa_attivita-trail-es","12":"pa_colore-speedgoat-6-terra-cotta-mountain-fog","13":"pa_marca-hoka-es","14":"pa_sesso-hombre","15":"pa_size-42-es","17":"first","18":"outofstock","19":"sale","20":"taxable","21":"shipping-taxable","22":"purchasable","23":"product-type-variable","24":"wvs-archive-product-wrapper"},"acf":[],"yoast_head":"<!-- This site is optimized with the Yoast SEO plugin v26.8 - https:\/\/yoast.com\/product\/yoast-seo-wordpress\/ -->\n<title>Hoka Speedgoat 6 hombre -zapatillas de trail - MioMioRun.com<\/title>\n<meta name=\"description\" content=\"Las Speedgoat 6 para hombre est\u00e1n dise\u00f1adas para dominar los senderos, gracias a la combinaci\u00f3n de la amortiguaci\u00f3n probada de HOKA, una tracci\u00f3n agresiva y materiales ultraligeros.\" \/>\n<meta name=\"robots\" content=\"index, follow, max-snippet:-1, max-image-preview:large, max-video-preview:-1\" \/>\n<link rel=\"canonical\" href=\"https:\/\/www.miomiorun.com\/es\/producto\/speedgoat-6-hombre\/\" \/>\n<meta property=\"og:locale\" content=\"es_ES\" \/>\n<meta property=\"og:type\" content=\"article\" \/>\n<meta property=\"og:title\" content=\"Hoka Speedgoat 6 hombre -zapatillas de trail - MioMioRun.com\" \/>\n<meta property=\"og:description\" content=\"Las Speedgoat 6 para hombre est\u00e1n dise\u00f1adas para dominar los senderos, gracias a la combinaci\u00f3n de la amortiguaci\u00f3n probada de HOKA, una tracci\u00f3n agresiva y materiales ultraligeros.\" \/>\n<meta property=\"og:url\" content=\"https:\/\/www.miomiorun.com\/es\/producto\/speedgoat-6-hombre\/\" \/>\n<meta property=\"og:site_name\" content=\"MioMioRun\" \/>\n<meta property=\"article:publisher\" content=\"https:\/\/www.facebook.com\/miomiorun\/\" \/>\n<meta property=\"article:modified_time\" content=\"2026-03-03T09:05:51+00:00\" \/>\n<meta property=\"og:image\" content=\"https:\/\/www.miomiorun.com\/app\/uploads\/2025\/05\/hoka-Speedgoat-6-terra-cotta-mountain-fog-1147791-TTT.webp\" \/>\n\t<meta property=\"og:image:width\" content=\"600\" \/>\n\t<meta property=\"og:image:height\" content=\"600\" \/>\n\t<meta property=\"og:image:type\" content=\"image\/webp\" \/>\n<meta name=\"twitter:card\" content=\"summary_large_image\" \/>\n<meta name=\"twitter:label1\" content=\"Est. reading time\" \/>\n\t<meta name=\"twitter:data1\" content=\"2 minutes\" \/>\n<script type=\"application\/ld+json\" class=\"yoast-schema-graph\">{\"@context\":\"https:\/\/schema.org\",\"@graph\":[{\"@type\":\"WebPage\",\"@id\":\"https:\/\/www.miomiorun.com\/es\/producto\/speedgoat-6-hombre\/\",\"url\":\"https:\/\/www.miomiorun.com\/es\/producto\/speedgoat-6-hombre\/\",\"name\":\"Hoka Speedgoat 6 hombre -zapatillas de trail - MioMioRun.com\",\"isPartOf\":{\"@id\":\"https:\/\/www.miomiorun.com\/es\/#website\"},\"primaryImageOfPage\":{\"@id\":\"https:\/\/www.miomiorun.com\/es\/producto\/speedgoat-6-hombre\/#primaryimage\"},\"image\":{\"@id\":\"https:\/\/www.miomiorun.com\/es\/producto\/speedgoat-6-hombre\/#primaryimage\"},\"thumbnailUrl\":\"https:\/\/www.miomiorun.com\/app\/uploads\/2025\/05\/hoka-Speedgoat-6-terra-cotta-mountain-fog-1147791-TTT.webp\",\"datePublished\":\"2024-06-01T08:27:17+00:00\",\"dateModified\":\"2026-03-03T09:05:51+00:00\",\"description\":\"Las Speedgoat 6 para hombre est\u00e1n dise\u00f1adas para dominar los senderos, gracias a la combinaci\u00f3n de la amortiguaci\u00f3n probada de HOKA, una tracci\u00f3n agresiva y materiales ultraligeros.\",\"breadcrumb\":{\"@id\":\"https:\/\/www.miomiorun.com\/es\/producto\/speedgoat-6-hombre\/#breadcrumb\"},\"inLanguage\":\"es-ES\",\"potentialAction\":[{\"@type\":\"ReadAction\",\"target\":[\"https:\/\/www.miomiorun.com\/es\/producto\/speedgoat-6-hombre\/\"]}]},{\"@type\":\"ImageObject\",\"inLanguage\":\"es-ES\",\"@id\":\"https:\/\/www.miomiorun.com\/es\/producto\/speedgoat-6-hombre\/#primaryimage\",\"url\":\"https:\/\/www.miomiorun.com\/app\/uploads\/2025\/05\/hoka-Speedgoat-6-terra-cotta-mountain-fog-1147791-TTT.webp\",\"contentUrl\":\"https:\/\/www.miomiorun.com\/app\/uploads\/2025\/05\/hoka-Speedgoat-6-terra-cotta-mountain-fog-1147791-TTT.webp\",\"width\":600,\"height\":600,\"caption\":\"hoka Speedgoat 6 terra cotta mountain fog 1147791 TTT\"},{\"@type\":\"BreadcrumbList\",\"@id\":\"https:\/\/www.miomiorun.com\/es\/producto\/speedgoat-6-hombre\/#breadcrumb\",\"itemListElement\":[{\"@type\":\"ListItem\",\"position\":1,\"name\":\"Home\",\"item\":\"https:\/\/www.miomiorun.com\/es\/\"},{\"@type\":\"ListItem\",\"position\":2,\"name\":\"Shop\",\"item\":\"https:\/\/www.miomiorun.com\/shop\/\"},{\"@type\":\"ListItem\",\"position\":3,\"name\":\"Speedgoat 6 hombre\"}]},{\"@type\":\"WebSite\",\"@id\":\"https:\/\/www.miomiorun.com\/es\/#website\",\"url\":\"https:\/\/www.miomiorun.com\/es\/\",\"name\":\"MioMioRun\",\"description\":\"Tienda 100% running y trail\",\"publisher\":{\"@id\":\"https:\/\/www.miomiorun.com\/es\/#organization\"},\"potentialAction\":[{\"@type\":\"SearchAction\",\"target\":{\"@type\":\"EntryPoint\",\"urlTemplate\":\"https:\/\/www.miomiorun.com\/es\/?s={search_term_string}\"},\"query-input\":{\"@type\":\"PropertyValueSpecification\",\"valueRequired\":true,\"valueName\":\"search_term_string\"}}],\"inLanguage\":\"es-ES\"},{\"@type\":\"Organization\",\"@id\":\"https:\/\/www.miomiorun.com\/es\/#organization\",\"name\":\"MioMio Run\",\"url\":\"https:\/\/www.miomiorun.com\/es\/\",\"logo\":{\"@type\":\"ImageObject\",\"inLanguage\":\"es-ES\",\"@id\":\"https:\/\/www.miomiorun.com\/es\/#\/schema\/logo\/image\/\",\"url\":\"https:\/\/www.miomiorun.com\/app\/uploads\/2019\/12\/logomio.png\",\"contentUrl\":\"https:\/\/www.miomiorun.com\/app\/uploads\/2019\/12\/logomio.png\",\"width\":115,\"height\":82,\"caption\":\"MioMio Run\"},\"image\":{\"@id\":\"https:\/\/www.miomiorun.com\/es\/#\/schema\/logo\/image\/\"},\"sameAs\":[\"https:\/\/www.facebook.com\/miomiorun\/\",\"https:\/\/www.instagram.com\/miomiorun\/\"]}]}<\/script>\n<!-- \/ Yoast SEO plugin. -->","yoast_head_json":{"title":"Hoka Speedgoat 6 hombre -zapatillas de trail - MioMioRun.com","description":"Las Speedgoat 6 para hombre est\u00e1n dise\u00f1adas para dominar los senderos, gracias a la combinaci\u00f3n de la amortiguaci\u00f3n probada de HOKA, una tracci\u00f3n agresiva y materiales ultraligeros.","robots":{"index":"index","follow":"follow","max-snippet":"max-snippet:-1","max-image-preview":"max-image-preview:large","max-video-preview":"max-video-preview:-1"},"canonical":"https:\/\/www.miomiorun.com\/es\/producto\/speedgoat-6-hombre\/","og_locale":"es_ES","og_type":"article","og_title":"Hoka Speedgoat 6 hombre -zapatillas de trail - MioMioRun.com","og_description":"Las Speedgoat 6 para hombre est\u00e1n dise\u00f1adas para dominar los senderos, gracias a la combinaci\u00f3n de la amortiguaci\u00f3n probada de HOKA, una tracci\u00f3n agresiva y materiales ultraligeros.","og_url":"https:\/\/www.miomiorun.com\/es\/producto\/speedgoat-6-hombre\/","og_site_name":"MioMioRun","article_publisher":"https:\/\/www.facebook.com\/miomiorun\/","article_modified_time":"2026-03-03T09:05:51+00:00","og_image":[{"width":600,"height":600,"url":"https:\/\/www.miomiorun.com\/app\/uploads\/2025\/05\/hoka-Speedgoat-6-terra-cotta-mountain-fog-1147791-TTT.webp","type":"image\/webp"}],"twitter_card":"summary_large_image","twitter_misc":{"Est. reading time":"2 minutes"},"schema":{"@context":"https:\/\/schema.org","@graph":[{"@type":"WebPage","@id":"https:\/\/www.miomiorun.com\/es\/producto\/speedgoat-6-hombre\/","url":"https:\/\/www.miomiorun.com\/es\/producto\/speedgoat-6-hombre\/","name":"Hoka Speedgoat 6 hombre -zapatillas de trail - MioMioRun.com","isPartOf":{"@id":"https:\/\/www.miomiorun.com\/es\/#website"},"primaryImageOfPage":{"@id":"https:\/\/www.miomiorun.com\/es\/producto\/speedgoat-6-hombre\/#primaryimage"},"image":{"@id":"https:\/\/www.miomiorun.com\/es\/producto\/speedgoat-6-hombre\/#primaryimage"},"thumbnailUrl":"https:\/\/www.miomiorun.com\/app\/uploads\/2025\/05\/hoka-Speedgoat-6-terra-cotta-mountain-fog-1147791-TTT.webp","datePublished":"2024-06-01T08:27:17+00:00","dateModified":"2026-03-03T09:05:51+00:00","description":"Las Speedgoat 6 para hombre est\u00e1n dise\u00f1adas para dominar los senderos, gracias a la combinaci\u00f3n de la amortiguaci\u00f3n probada de HOKA, una tracci\u00f3n agresiva y materiales ultraligeros.","breadcrumb":{"@id":"https:\/\/www.miomiorun.com\/es\/producto\/speedgoat-6-hombre\/#breadcrumb"},"inLanguage":"es-ES","potentialAction":[{"@type":"ReadAction","target":["https:\/\/www.miomiorun.com\/es\/producto\/speedgoat-6-hombre\/"]}]},{"@type":"ImageObject","inLanguage":"es-ES","@id":"https:\/\/www.miomiorun.com\/es\/producto\/speedgoat-6-hombre\/#primaryimage","url":"https:\/\/www.miomiorun.com\/app\/uploads\/2025\/05\/hoka-Speedgoat-6-terra-cotta-mountain-fog-1147791-TTT.webp","contentUrl":"https:\/\/www.miomiorun.com\/app\/uploads\/2025\/05\/hoka-Speedgoat-6-terra-cotta-mountain-fog-1147791-TTT.webp","width":600,"height":600,"caption":"hoka Speedgoat 6 terra cotta mountain fog 1147791 TTT"},{"@type":"BreadcrumbList","@id":"https:\/\/www.miomiorun.com\/es\/producto\/speedgoat-6-hombre\/#breadcrumb","itemListElement":[{"@type":"ListItem","position":1,"name":"Home","item":"https:\/\/www.miomiorun.com\/es\/"},{"@type":"ListItem","position":2,"name":"Shop","item":"https:\/\/www.miomiorun.com\/shop\/"},{"@type":"ListItem","position":3,"name":"Speedgoat 6 hombre"}]},{"@type":"WebSite","@id":"https:\/\/www.miomiorun.com\/es\/#website","url":"https:\/\/www.miomiorun.com\/es\/","name":"MioMioRun","description":"Tienda 100% running y trail","publisher":{"@id":"https:\/\/www.miomiorun.com\/es\/#organization"},"potentialAction":[{"@type":"SearchAction","target":{"@type":"EntryPoint","urlTemplate":"https:\/\/www.miomiorun.com\/es\/?s={search_term_string}"},"query-input":{"@type":"PropertyValueSpecification","valueRequired":true,"valueName":"search_term_string"}}],"inLanguage":"es-ES"},{"@type":"Organization","@id":"https:\/\/www.miomiorun.com\/es\/#organization","name":"MioMio Run","url":"https:\/\/www.miomiorun.com\/es\/","logo":{"@type":"ImageObject","inLanguage":"es-ES","@id":"https:\/\/www.miomiorun.com\/es\/#\/schema\/logo\/image\/","url":"https:\/\/www.miomiorun.com\/app\/uploads\/2019\/12\/logomio.png","contentUrl":"https:\/\/www.miomiorun.com\/app\/uploads\/2019\/12\/logomio.png","width":115,"height":82,"caption":"MioMio Run"},"image":{"@id":"https:\/\/www.miomiorun.com\/es\/#\/schema\/logo\/image\/"},"sameAs":["https:\/\/www.facebook.com\/miomiorun\/","https:\/\/www.instagram.com\/miomiorun\/"]}]}},"_links":{"self":[{"href":"https:\/\/www.miomiorun.com\/es\/wp-json\/wp\/v2\/product\/293269","targetHints":{"allow":["GET"]}}],"collection":[{"href":"https:\/\/www.miomiorun.com\/es\/wp-json\/wp\/v2\/product"}],"about":[{"href":"https:\/\/www.miomiorun.com\/es\/wp-json\/wp\/v2\/types\/product"}],"wp:featuredmedia":[{"embeddable":true,"href":"https:\/\/www.miomiorun.com\/es\/wp-json\/wp\/v2\/media\/310477"}],"wp:attachment":[{"href":"https:\/\/www.miomiorun.com\/es\/wp-json\/wp\/v2\/media?parent=293269"}],"wp:term":[{"taxonomy":"product_brand","embeddable":true,"href":"https:\/\/www.miomiorun.com\/es\/wp-json\/wp\/v2\/product_brand?post=293269"},{"taxonomy":"product_cat","embeddable":true,"href":"https:\/\/www.miomiorun.com\/es\/wp-json\/wp\/v2\/product_cat?post=293269"},{"taxonomy":"product_tag","embeddable":true,"href":"https:\/\/www.miomiorun.com\/es\/wp-json\/wp\/v2\/product_tag?post=293269"}],"curies":[{"name":"wp","href":"https:\/\/api.w.org\/{rel}","templated":true}]}}