{"id":293157,"date":"2024-05-17T12:10:54","date_gmt":"2024-05-17T10:10:54","guid":{"rendered":"https:\/\/miomiorun.com\/prodotto\/vaporkrar-2-0-4l\/"},"modified":"2026-05-07T17:55:41","modified_gmt":"2026-05-07T15:55:41","slug":"vaporkrar-2-0-4l","status":"publish","type":"product","link":"https:\/\/www.miomiorun.com\/es\/producto\/vaporkrar-2-0-4l\/","title":{"rendered":"VaporKrar 2.0 4L"},"content":{"rendered":"<p>Sal a tu pr\u00f3xima carrera por monta\u00f1a con el c\u00f3modo e incre\u00edblemente funcional chaleco de hidrataci\u00f3n Nathan VaporKrar de 4 litros. Este chaleco se ha dise\u00f1ado con la colaboraci\u00f3n del campe\u00f3n de ultramarat\u00f3n y reconocido minimalista Rob Krar, lo que garantiza que satisfaga las necesidades de los corredores de monta\u00f1a m\u00e1s exigentes.<\/p>\n<h4>Caracter\u00edsticas principales<\/h4>\n<ul>\n<li><strong>Ajuste similar al de la ropa<\/strong>: Fabricado con materiales ligeros y transpirables, con perforaciones l\u00e1ser para ofrecer la m\u00e1xima comodidad. Proporciona un ajuste sin rebotes ni rozaduras.<\/li>\n<li><strong>Hidrataci\u00f3n<\/strong>: Incluye 2 botellas blandas ExoShot con una capacidad de 350 ml cada una, equipadas con pajitas largas para beber f\u00e1cilmente sin sacar las botellas de los bolsillos delanteros. El chaleco tambi\u00e9n es compatible con una bolsa de hidrataci\u00f3n de 1,5 l (se vende por separado).<\/li>\n<li><strong>Espacio de almacenamiento<\/strong>: M\u00faltiples bolsillos para acceder f\u00e1cilmente al equipo. Los bolsillos delanteros pueden contener botellas blandas de hasta 22 ml, comida, smartphones de hasta el tama\u00f1o de un iPhone\u00ae 6 y otros art\u00edculos esenciales. Tambi\u00e9n hay un bolsillo principal trasero con un bolsillo interior para el dep\u00f3sito.<\/li>\n<li><strong>Visibilidad<\/strong>: Los detalles reflectantes garantizan que se te vea en condiciones de poca luz.<\/li>\n<li><strong>Caracter\u00edsticas adicionales<\/strong>: Bolsillo impermeable en el pecho con cremallera para el smartphone, bolsillo trasero impermeable con cremallera para guardar objetos esenciales, bolsillo para pastillas en el hombro y silbato de seguridad.<\/li>\n<\/ul>\n<h4>Especificaciones t\u00e9cnicas<\/h4>\n<ul>\n<li><strong>Capacidad de carga<\/strong>: 4 litros (244 pulgadas c\u00fabicas)<\/li>\n<li><strong>Peso<\/strong>:\n<ul>\n<li>Sin botellas blandas: 6,4 oz (181 g)<\/li>\n<li>Con botellas blandas: 11 oz (306 g)<\/li>\n<\/ul>\n<\/li>\n<li><strong>Material<\/strong>: Nailon\/poli\u00e9ster<\/li>\n<li><strong>Sin BPA<\/strong>: S\u00ed<\/li>\n<li><strong>G\u00e9nero<\/strong>: Unisex<\/li>\n<li><strong>Tipo de estructura<\/strong>: Sin armaz\u00f3n<\/li>\n<li><strong>N\u00famero de bolsillos externos<\/strong>: Varios bolsillos + compartimento principal para la cantimplora<\/li>\n<\/ul>\n","protected":false},"excerpt":{"rendered":"<p>Sal a tu pr\u00f3xima carrera por monta\u00f1a con el c\u00f3modo e incre\u00edblemente funcional chaleco de hidrataci\u00f3n Nathan VaporKrar de 4 litros. Este chaleco se ha dise\u00f1ado con la colaboraci\u00f3n del campe\u00f3n de ultramarat\u00f3n y reconocido minimalista Rob Krar, lo que garantiza que satisfaga las necesidades de los corredores de monta\u00f1a m\u00e1s exigentes. Caracter\u00edsticas principales Ajuste &hellip; <a href=\"https:\/\/www.miomiorun.com\/es\/producto\/vaporkrar-2-0-4l\/\">Continued<\/a><\/p>\n","protected":false},"featured_media":247181,"template":"","meta":{"_acf_changed":false,"inline_featured_image":false},"product_brand":[],"product_cat":[24205,24408,24426],"product_tag":[23510,23635],"class_list":{"0":"post-293157","1":"product","2":"type-product","3":"status-publish","4":"has-post-thumbnail","6":"product_cat-accesorios","7":"product_cat-mochilas-es","8":"product_cat-mochilas-y-cinturones-es","9":"product_tag-nathan-es","10":"product_tag-nathan-mujer","11":"pa_attivita-outdoor-es","12":"pa_attivita-trail-es","13":"pa_marca-nathan-es","14":"pa_sesso-hombre","15":"pa_sesso-mujer","16":"pa_size-medium-es","17":"pa_size-large-es","18":"pa_size-extra-large-es","20":"first","21":"instock","22":"sale","23":"taxable","24":"shipping-taxable","25":"purchasable","26":"product-type-variable","27":"wvs-archive-product-wrapper"},"acf":[],"yoast_head":"<!-- This site is optimized with the Yoast SEO plugin v26.8 - https:\/\/yoast.com\/product\/yoast-seo-wordpress\/ -->\n<title>Nathan VaporKrar 2.0 4L - mochila para correr - MioMioRun<\/title>\n<meta name=\"description\" content=\"Chaleco de hidrataci\u00f3n Nathan VaporKrar 4L: ligero, c\u00f3modo, con botella de 350 ml y numerosos bolsillos. Perfecto para correr por monta\u00f1a.\" \/>\n<meta name=\"robots\" content=\"index, follow, max-snippet:-1, max-image-preview:large, max-video-preview:-1\" \/>\n<link rel=\"canonical\" href=\"https:\/\/www.miomiorun.com\/es\/producto\/vaporkrar-2-0-4l\/\" \/>\n<meta property=\"og:locale\" content=\"es_ES\" \/>\n<meta property=\"og:type\" content=\"article\" \/>\n<meta property=\"og:title\" content=\"Nathan VaporKrar 2.0 4L - mochila para correr - MioMioRun\" \/>\n<meta property=\"og:description\" content=\"Chaleco de hidrataci\u00f3n Nathan VaporKrar 4L: ligero, c\u00f3modo, con botella de 350 ml y numerosos bolsillos. Perfecto para correr por monta\u00f1a.\" \/>\n<meta property=\"og:url\" content=\"https:\/\/www.miomiorun.com\/es\/producto\/vaporkrar-2-0-4l\/\" \/>\n<meta property=\"og:site_name\" content=\"MioMioRun\" \/>\n<meta property=\"article:publisher\" content=\"https:\/\/www.facebook.com\/miomiorun\/\" \/>\n<meta property=\"article:modified_time\" content=\"2026-05-07T15:55:41+00:00\" \/>\n<meta property=\"og:image\" content=\"https:\/\/www.miomiorun.com\/app\/uploads\/2024\/05\/nathan-Vapor-Krak-2-4L-dark-slate-firecracker-4735-retro.webp\" \/>\n\t<meta property=\"og:image:width\" content=\"600\" \/>\n\t<meta property=\"og:image:height\" content=\"600\" \/>\n\t<meta property=\"og:image:type\" content=\"image\/webp\" \/>\n<meta name=\"twitter:card\" content=\"summary_large_image\" \/>\n<meta name=\"twitter:label1\" content=\"Est. reading time\" \/>\n\t<meta name=\"twitter:data1\" content=\"1 minute\" \/>\n<script type=\"application\/ld+json\" class=\"yoast-schema-graph\">{\"@context\":\"https:\/\/schema.org\",\"@graph\":[{\"@type\":\"WebPage\",\"@id\":\"https:\/\/www.miomiorun.com\/es\/producto\/vaporkrar-2-0-4l\/\",\"url\":\"https:\/\/www.miomiorun.com\/es\/producto\/vaporkrar-2-0-4l\/\",\"name\":\"Nathan VaporKrar 2.0 4L - mochila para correr - MioMioRun\",\"isPartOf\":{\"@id\":\"https:\/\/www.miomiorun.com\/es\/#website\"},\"primaryImageOfPage\":{\"@id\":\"https:\/\/www.miomiorun.com\/es\/producto\/vaporkrar-2-0-4l\/#primaryimage\"},\"image\":{\"@id\":\"https:\/\/www.miomiorun.com\/es\/producto\/vaporkrar-2-0-4l\/#primaryimage\"},\"thumbnailUrl\":\"https:\/\/www.miomiorun.com\/app\/uploads\/2024\/05\/nathan-Vapor-Krak-2-4L-dark-slate-firecracker-4735-retro.webp\",\"datePublished\":\"2024-05-17T10:10:54+00:00\",\"dateModified\":\"2026-05-07T15:55:41+00:00\",\"description\":\"Chaleco de hidrataci\u00f3n Nathan VaporKrar 4L: ligero, c\u00f3modo, con botella de 350 ml y numerosos bolsillos. Perfecto para correr por monta\u00f1a.\",\"breadcrumb\":{\"@id\":\"https:\/\/www.miomiorun.com\/es\/producto\/vaporkrar-2-0-4l\/#breadcrumb\"},\"inLanguage\":\"es-ES\",\"potentialAction\":[{\"@type\":\"ReadAction\",\"target\":[\"https:\/\/www.miomiorun.com\/es\/producto\/vaporkrar-2-0-4l\/\"]}]},{\"@type\":\"ImageObject\",\"inLanguage\":\"es-ES\",\"@id\":\"https:\/\/www.miomiorun.com\/es\/producto\/vaporkrar-2-0-4l\/#primaryimage\",\"url\":\"https:\/\/www.miomiorun.com\/app\/uploads\/2024\/05\/nathan-Vapor-Krak-2-4L-dark-slate-firecracker-4735-retro.webp\",\"contentUrl\":\"https:\/\/www.miomiorun.com\/app\/uploads\/2024\/05\/nathan-Vapor-Krak-2-4L-dark-slate-firecracker-4735-retro.webp\",\"width\":600,\"height\":600,\"caption\":\"nathan Vapor Krak 2 4L dark slate firecracker 4735 retro\"},{\"@type\":\"BreadcrumbList\",\"@id\":\"https:\/\/www.miomiorun.com\/es\/producto\/vaporkrar-2-0-4l\/#breadcrumb\",\"itemListElement\":[{\"@type\":\"ListItem\",\"position\":1,\"name\":\"Home\",\"item\":\"https:\/\/www.miomiorun.com\/es\/\"},{\"@type\":\"ListItem\",\"position\":2,\"name\":\"Shop\",\"item\":\"https:\/\/www.miomiorun.com\/shop\/\"},{\"@type\":\"ListItem\",\"position\":3,\"name\":\"VaporKrar 2.0 4L\"}]},{\"@type\":\"WebSite\",\"@id\":\"https:\/\/www.miomiorun.com\/es\/#website\",\"url\":\"https:\/\/www.miomiorun.com\/es\/\",\"name\":\"MioMioRun\",\"description\":\"Tienda 100% running y trail\",\"publisher\":{\"@id\":\"https:\/\/www.miomiorun.com\/es\/#organization\"},\"potentialAction\":[{\"@type\":\"SearchAction\",\"target\":{\"@type\":\"EntryPoint\",\"urlTemplate\":\"https:\/\/www.miomiorun.com\/es\/?s={search_term_string}\"},\"query-input\":{\"@type\":\"PropertyValueSpecification\",\"valueRequired\":true,\"valueName\":\"search_term_string\"}}],\"inLanguage\":\"es-ES\"},{\"@type\":\"Organization\",\"@id\":\"https:\/\/www.miomiorun.com\/es\/#organization\",\"name\":\"MioMio Run\",\"url\":\"https:\/\/www.miomiorun.com\/es\/\",\"logo\":{\"@type\":\"ImageObject\",\"inLanguage\":\"es-ES\",\"@id\":\"https:\/\/www.miomiorun.com\/es\/#\/schema\/logo\/image\/\",\"url\":\"https:\/\/www.miomiorun.com\/app\/uploads\/2019\/12\/logomio.png\",\"contentUrl\":\"https:\/\/www.miomiorun.com\/app\/uploads\/2019\/12\/logomio.png\",\"width\":115,\"height\":82,\"caption\":\"MioMio Run\"},\"image\":{\"@id\":\"https:\/\/www.miomiorun.com\/es\/#\/schema\/logo\/image\/\"},\"sameAs\":[\"https:\/\/www.facebook.com\/miomiorun\/\",\"https:\/\/www.instagram.com\/miomiorun\/\"]}]}<\/script>\n<!-- \/ Yoast SEO plugin. -->","yoast_head_json":{"title":"Nathan VaporKrar 2.0 4L - mochila para correr - MioMioRun","description":"Chaleco de hidrataci\u00f3n Nathan VaporKrar 4L: ligero, c\u00f3modo, con botella de 350 ml y numerosos bolsillos. Perfecto para correr por monta\u00f1a.","robots":{"index":"index","follow":"follow","max-snippet":"max-snippet:-1","max-image-preview":"max-image-preview:large","max-video-preview":"max-video-preview:-1"},"canonical":"https:\/\/www.miomiorun.com\/es\/producto\/vaporkrar-2-0-4l\/","og_locale":"es_ES","og_type":"article","og_title":"Nathan VaporKrar 2.0 4L - mochila para correr - MioMioRun","og_description":"Chaleco de hidrataci\u00f3n Nathan VaporKrar 4L: ligero, c\u00f3modo, con botella de 350 ml y numerosos bolsillos. Perfecto para correr por monta\u00f1a.","og_url":"https:\/\/www.miomiorun.com\/es\/producto\/vaporkrar-2-0-4l\/","og_site_name":"MioMioRun","article_publisher":"https:\/\/www.facebook.com\/miomiorun\/","article_modified_time":"2026-05-07T15:55:41+00:00","og_image":[{"width":600,"height":600,"url":"https:\/\/www.miomiorun.com\/app\/uploads\/2024\/05\/nathan-Vapor-Krak-2-4L-dark-slate-firecracker-4735-retro.webp","type":"image\/webp"}],"twitter_card":"summary_large_image","twitter_misc":{"Est. reading time":"1 minute"},"schema":{"@context":"https:\/\/schema.org","@graph":[{"@type":"WebPage","@id":"https:\/\/www.miomiorun.com\/es\/producto\/vaporkrar-2-0-4l\/","url":"https:\/\/www.miomiorun.com\/es\/producto\/vaporkrar-2-0-4l\/","name":"Nathan VaporKrar 2.0 4L - mochila para correr - MioMioRun","isPartOf":{"@id":"https:\/\/www.miomiorun.com\/es\/#website"},"primaryImageOfPage":{"@id":"https:\/\/www.miomiorun.com\/es\/producto\/vaporkrar-2-0-4l\/#primaryimage"},"image":{"@id":"https:\/\/www.miomiorun.com\/es\/producto\/vaporkrar-2-0-4l\/#primaryimage"},"thumbnailUrl":"https:\/\/www.miomiorun.com\/app\/uploads\/2024\/05\/nathan-Vapor-Krak-2-4L-dark-slate-firecracker-4735-retro.webp","datePublished":"2024-05-17T10:10:54+00:00","dateModified":"2026-05-07T15:55:41+00:00","description":"Chaleco de hidrataci\u00f3n Nathan VaporKrar 4L: ligero, c\u00f3modo, con botella de 350 ml y numerosos bolsillos. Perfecto para correr por monta\u00f1a.","breadcrumb":{"@id":"https:\/\/www.miomiorun.com\/es\/producto\/vaporkrar-2-0-4l\/#breadcrumb"},"inLanguage":"es-ES","potentialAction":[{"@type":"ReadAction","target":["https:\/\/www.miomiorun.com\/es\/producto\/vaporkrar-2-0-4l\/"]}]},{"@type":"ImageObject","inLanguage":"es-ES","@id":"https:\/\/www.miomiorun.com\/es\/producto\/vaporkrar-2-0-4l\/#primaryimage","url":"https:\/\/www.miomiorun.com\/app\/uploads\/2024\/05\/nathan-Vapor-Krak-2-4L-dark-slate-firecracker-4735-retro.webp","contentUrl":"https:\/\/www.miomiorun.com\/app\/uploads\/2024\/05\/nathan-Vapor-Krak-2-4L-dark-slate-firecracker-4735-retro.webp","width":600,"height":600,"caption":"nathan Vapor Krak 2 4L dark slate firecracker 4735 retro"},{"@type":"BreadcrumbList","@id":"https:\/\/www.miomiorun.com\/es\/producto\/vaporkrar-2-0-4l\/#breadcrumb","itemListElement":[{"@type":"ListItem","position":1,"name":"Home","item":"https:\/\/www.miomiorun.com\/es\/"},{"@type":"ListItem","position":2,"name":"Shop","item":"https:\/\/www.miomiorun.com\/shop\/"},{"@type":"ListItem","position":3,"name":"VaporKrar 2.0 4L"}]},{"@type":"WebSite","@id":"https:\/\/www.miomiorun.com\/es\/#website","url":"https:\/\/www.miomiorun.com\/es\/","name":"MioMioRun","description":"Tienda 100% running y trail","publisher":{"@id":"https:\/\/www.miomiorun.com\/es\/#organization"},"potentialAction":[{"@type":"SearchAction","target":{"@type":"EntryPoint","urlTemplate":"https:\/\/www.miomiorun.com\/es\/?s={search_term_string}"},"query-input":{"@type":"PropertyValueSpecification","valueRequired":true,"valueName":"search_term_string"}}],"inLanguage":"es-ES"},{"@type":"Organization","@id":"https:\/\/www.miomiorun.com\/es\/#organization","name":"MioMio Run","url":"https:\/\/www.miomiorun.com\/es\/","logo":{"@type":"ImageObject","inLanguage":"es-ES","@id":"https:\/\/www.miomiorun.com\/es\/#\/schema\/logo\/image\/","url":"https:\/\/www.miomiorun.com\/app\/uploads\/2019\/12\/logomio.png","contentUrl":"https:\/\/www.miomiorun.com\/app\/uploads\/2019\/12\/logomio.png","width":115,"height":82,"caption":"MioMio Run"},"image":{"@id":"https:\/\/www.miomiorun.com\/es\/#\/schema\/logo\/image\/"},"sameAs":["https:\/\/www.facebook.com\/miomiorun\/","https:\/\/www.instagram.com\/miomiorun\/"]}]}},"_links":{"self":[{"href":"https:\/\/www.miomiorun.com\/es\/wp-json\/wp\/v2\/product\/293157","targetHints":{"allow":["GET"]}}],"collection":[{"href":"https:\/\/www.miomiorun.com\/es\/wp-json\/wp\/v2\/product"}],"about":[{"href":"https:\/\/www.miomiorun.com\/es\/wp-json\/wp\/v2\/types\/product"}],"wp:featuredmedia":[{"embeddable":true,"href":"https:\/\/www.miomiorun.com\/es\/wp-json\/wp\/v2\/media\/247181"}],"wp:attachment":[{"href":"https:\/\/www.miomiorun.com\/es\/wp-json\/wp\/v2\/media?parent=293157"}],"wp:term":[{"taxonomy":"product_brand","embeddable":true,"href":"https:\/\/www.miomiorun.com\/es\/wp-json\/wp\/v2\/product_brand?post=293157"},{"taxonomy":"product_cat","embeddable":true,"href":"https:\/\/www.miomiorun.com\/es\/wp-json\/wp\/v2\/product_cat?post=293157"},{"taxonomy":"product_tag","embeddable":true,"href":"https:\/\/www.miomiorun.com\/es\/wp-json\/wp\/v2\/product_tag?post=293157"}],"curies":[{"name":"wp","href":"https:\/\/api.w.org\/{rel}","templated":true}]}}