{"id":293143,"date":"2024-05-18T10:34:55","date_gmt":"2024-05-18T08:34:55","guid":{"rendered":"https:\/\/miomiorun.com\/prodotto\/faretra-2-1-6l-trailquiver\/"},"modified":"2026-05-07T17:56:27","modified_gmt":"2026-05-07T15:56:27","slug":"faretra-2-1-6l-trailquiver","status":"publish","type":"product","link":"https:\/\/www.miomiorun.com\/es\/producto\/faretra-2-1-6l-trailquiver\/","title":{"rendered":"Faretra 2-1 6L Trailquiver"},"content":{"rendered":"<p><div class=\"vc-row container\"><div class=\"vc-column\"><div class=\"vc-column-text\"><\/p>\n<h2><strong> \u00a1Un estuche, pero no solo eso!<\/strong><\/h2>\n<p>\u00a1La \u00faltima innovaci\u00f3n de Raidlight, el estuche 2 en 1, que permite acceder f\u00e1cilmente a los bastones gracias a su sistema de inclinaci\u00f3n hacia delante!<\/p>\n<p>Este accesorio para bastones es compatible con todas las mochilas de trail.<\/p>\n<h3>Caracter\u00edsticas:<\/h3>\n<ul>\n<li>Ligero<\/li>\n<li>2 en 1: portabastones + bolsillo lateral con cremallera del mismo volumen<\/li>\n<li>F\u00e1cil instalaci\u00f3n<\/li>\n<li>Volumen: 6 litros<\/li>\n<li>Peso: 45 g<\/li>\n<li>Sistema de inclinaci\u00f3n hacia delante para un f\u00e1cil acceso a los bastones y al bolsillo<\/li>\n<li>Fijaci\u00f3n magn\u00e9tica intuitiva<\/li>\n<li>Tratamiento repelente al agua<\/li>\n<li>Dimensiones del bolsillo central: 42 cm de alto, 15 cm de ancho<\/li>\n<li>Universal, ya que se suministra con sistemas de fijaci\u00f3n<\/li>\n<\/ul>\n<div class=\"summary__title\">\n<h2 class=\"h4 accordion__title inline-richtext\">Composici\u00f3n<\/h2>\n<\/div>\n<div id=\"ProductAccordion-ae11ca8b-2e3a-49c5-8757-a336307a5c09-template--22673040998741__main\" class=\"accordion__content\">3 % poliamida, 95 % poli\u00e9ster reciclado, 2 % elastano<\/div>\n<div>\n<div class=\"summary__title\">\n<h2 class=\"h4 accordion__title inline-richtext\">Consejos de cuidado<\/h2>\n<\/div>\n<div id=\"ProductAccordion-96706265-290f-435e-86ce-1cdfbb377013-template--22673040998741__main\" class=\"accordion__content\">&#8211; Lavar a una temperatura inferior a 30 \u00b0C<br \/>\n&#8211; No usar lavadoras<br \/>\n&#8211; No usar suavizantes<br \/>\n&#8211; No planchar<br \/>\n&#8211; No ejercer presi\u00f3n<\/div>\n<div class=\"accordion__content\"><img decoding=\"async\" src=\"https:\/\/raidlight.com\/cdn\/shop\/t\/152\/assets\/picto-polyvalent.jpg?v=60683156963737081911715692883\" alt=\"picto-polyvalent\" width=\"auto\" height=\"auto\" data-ly-processed=\"1716021196206\"> <span class=\"h4 inline-richtext\" data-ly-mutation-count=\"1\"> POLIVALENTE <\/span><\/div>\n<\/div>\n<div>\n<p><img decoding=\"async\" src=\"https:\/\/raidlight.com\/cdn\/shop\/t\/152\/assets\/picto-recycled.jpg?v=4806887928430362921715692890\" alt=\"picto-recycled\" width=\"auto\" height=\"auto\" data-ly-processed=\"1716021196206\"> <span class=\"h4 inline-richtext\" data-ly-mutation-count=\"1\"> RECICLADO <\/span><\/p>\n<p><img decoding=\"async\" src=\"https:\/\/raidlight.com\/cdn\/shop\/t\/152\/assets\/picto-ultralight.jpg?v=89295023062804408961715692903\" alt=\"picto-ultralight\" width=\"auto\" height=\"auto\" data-ly-processed=\"1716021196206\"> <span class=\"h4 inline-richtext\"> Ultraligero <\/span><\/p>\n<\/div>\n<p>&nbsp;<\/p>\n<div class=\"details-top\">\n<h2>INNOVADOR<\/h2>\n<div class=\"inline-richtext\">Mucho m\u00e1s que un simple carcaj. Apto para todo tipo de bastones (de 3 segmentos o telesc\u00f3picos), su ingenioso sistema basculante simplificar\u00e1 las transiciones. Otra ventaja es el bolsillo lateral con cremallera (del mismo tama\u00f1o que la funda), que supone un aut\u00e9ntico aumento de capacidad y en el que cabr\u00e1n sin esfuerzo una chaqueta, comida o una botella de agua.<\/div>\n<\/div>\n<div>\n<div class=\"details-bottom\">\n<h2>INTUITIVO Y UNIVERSAL<\/h2>\n<div class=\"inline-richtext\">\n<p>Sus correas el\u00e1sticas ajustables y su sistema de fijaci\u00f3n trasero magn\u00e9tico lo hacen extremadamente f\u00e1cil de usar. Te resultar\u00e1 f\u00e1cil volver a colocarlo con una sola mano mientras corres, as\u00ed como inclinarlo hacia delante desenganchando las correas a la altura de los hombros.<\/p>\n<p>La funda Raidlight 2 en 1 ha sido dise\u00f1ada para adaptarse a todas las mochilas del mercado. Por lo tanto, viene con un kit de adaptaci\u00f3n muy sencillo (ver v\u00eddeo de adaptaci\u00f3n en el enlace de arriba) y te permitir\u00e1 utilizarla en cualquiera de tus mochilas de trail.<\/p>\n<\/div>\n<\/div>\n<\/div>\n<p><\/div><\/div><\/div><div class=\"vc-row container\"><div class=\"vc-column\"><\/div><\/div><\/p>\n","protected":false},"excerpt":{"rendered":"","protected":false},"featured_media":247211,"template":"","meta":{"_acf_changed":false,"inline_featured_image":false},"product_brand":[],"product_cat":[24205,24408,24426],"product_tag":[23502,23633],"class_list":{"0":"post-293143","1":"product","2":"type-product","3":"status-publish","4":"has-post-thumbnail","6":"product_cat-accesorios","7":"product_cat-mochilas-es","8":"product_cat-mochilas-y-cinturones-es","9":"product_tag-raidlight-es","10":"product_tag-raidlight-mujer","11":"pa_attivita-outdoor-es","12":"pa_attivita-trail-es","13":"pa_marca-raidlight-es","14":"pa_sesso-hombre","15":"pa_sesso-mujer","17":"first","18":"instock","19":"sale","20":"taxable","21":"shipping-taxable","22":"purchasable","23":"product-type-simple"},"acf":[],"yoast_head":"<!-- This site is optimized with the Yoast SEO plugin v26.8 - https:\/\/yoast.com\/product\/yoast-seo-wordpress\/ -->\n<title>Raidlight Faretra 2-1 6L Trailquiver - Mochila de trail MioMioRun<\/title>\n<meta name=\"description\" content=\"Cartera Raidlight 2 en 1: ligero portabastones con bolsillo lateral y sistema de inclinaci\u00f3n hacia delante para facilitar el acceso.\" \/>\n<meta name=\"robots\" content=\"index, follow, max-snippet:-1, max-image-preview:large, max-video-preview:-1\" \/>\n<link rel=\"canonical\" href=\"https:\/\/www.miomiorun.com\/es\/producto\/faretra-2-1-6l-trailquiver\/\" \/>\n<meta property=\"og:locale\" content=\"es_ES\" \/>\n<meta property=\"og:type\" content=\"article\" \/>\n<meta property=\"og:title\" content=\"Raidlight Faretra 2-1 6L Trailquiver - Mochila de trail MioMioRun\" \/>\n<meta property=\"og:description\" content=\"Cartera Raidlight 2 en 1: ligero portabastones con bolsillo lateral y sistema de inclinaci\u00f3n hacia delante para facilitar el acceso.\" \/>\n<meta property=\"og:url\" content=\"https:\/\/www.miomiorun.com\/es\/producto\/faretra-2-1-6l-trailquiver\/\" \/>\n<meta property=\"og:site_name\" content=\"MioMioRun\" \/>\n<meta property=\"article:publisher\" content=\"https:\/\/www.facebook.com\/miomiorun\/\" \/>\n<meta property=\"article:modified_time\" content=\"2026-05-07T15:56:27+00:00\" \/>\n<meta property=\"og:image\" content=\"https:\/\/www.miomiorun.com\/app\/uploads\/2024\/05\/raidlight-POD-2-1-4L-TRAILQUIVER-GRKMB69.webp\" \/>\n\t<meta property=\"og:image:width\" content=\"600\" \/>\n\t<meta property=\"og:image:height\" content=\"600\" \/>\n\t<meta property=\"og:image:type\" content=\"image\/webp\" \/>\n<meta name=\"twitter:card\" content=\"summary_large_image\" \/>\n<meta name=\"twitter:label1\" content=\"Est. reading time\" \/>\n\t<meta name=\"twitter:data1\" content=\"2 minutes\" \/>\n<script type=\"application\/ld+json\" class=\"yoast-schema-graph\">{\"@context\":\"https:\/\/schema.org\",\"@graph\":[{\"@type\":\"WebPage\",\"@id\":\"https:\/\/www.miomiorun.com\/es\/producto\/faretra-2-1-6l-trailquiver\/\",\"url\":\"https:\/\/www.miomiorun.com\/es\/producto\/faretra-2-1-6l-trailquiver\/\",\"name\":\"Raidlight Faretra 2-1 6L Trailquiver - Mochila de trail MioMioRun\",\"isPartOf\":{\"@id\":\"https:\/\/www.miomiorun.com\/es\/#website\"},\"primaryImageOfPage\":{\"@id\":\"https:\/\/www.miomiorun.com\/es\/producto\/faretra-2-1-6l-trailquiver\/#primaryimage\"},\"image\":{\"@id\":\"https:\/\/www.miomiorun.com\/es\/producto\/faretra-2-1-6l-trailquiver\/#primaryimage\"},\"thumbnailUrl\":\"https:\/\/www.miomiorun.com\/app\/uploads\/2024\/05\/raidlight-POD-2-1-4L-TRAILQUIVER-GRKMB69.webp\",\"datePublished\":\"2024-05-18T08:34:55+00:00\",\"dateModified\":\"2026-05-07T15:56:27+00:00\",\"description\":\"Cartera Raidlight 2 en 1: ligero portabastones con bolsillo lateral y sistema de inclinaci\u00f3n hacia delante para facilitar el acceso.\",\"breadcrumb\":{\"@id\":\"https:\/\/www.miomiorun.com\/es\/producto\/faretra-2-1-6l-trailquiver\/#breadcrumb\"},\"inLanguage\":\"es-ES\",\"potentialAction\":[{\"@type\":\"ReadAction\",\"target\":[\"https:\/\/www.miomiorun.com\/es\/producto\/faretra-2-1-6l-trailquiver\/\"]}]},{\"@type\":\"ImageObject\",\"inLanguage\":\"es-ES\",\"@id\":\"https:\/\/www.miomiorun.com\/es\/producto\/faretra-2-1-6l-trailquiver\/#primaryimage\",\"url\":\"https:\/\/www.miomiorun.com\/app\/uploads\/2024\/05\/raidlight-POD-2-1-4L-TRAILQUIVER-GRKMB69.webp\",\"contentUrl\":\"https:\/\/www.miomiorun.com\/app\/uploads\/2024\/05\/raidlight-POD-2-1-4L-TRAILQUIVER-GRKMB69.webp\",\"width\":600,\"height\":600,\"caption\":\"raidlight POD 2-1 4L TRAILQUIVER GRKMB69\"},{\"@type\":\"BreadcrumbList\",\"@id\":\"https:\/\/www.miomiorun.com\/es\/producto\/faretra-2-1-6l-trailquiver\/#breadcrumb\",\"itemListElement\":[{\"@type\":\"ListItem\",\"position\":1,\"name\":\"Home\",\"item\":\"https:\/\/www.miomiorun.com\/es\/\"},{\"@type\":\"ListItem\",\"position\":2,\"name\":\"Shop\",\"item\":\"https:\/\/www.miomiorun.com\/shop\/\"},{\"@type\":\"ListItem\",\"position\":3,\"name\":\"Faretra 2-1 6L Trailquiver\"}]},{\"@type\":\"WebSite\",\"@id\":\"https:\/\/www.miomiorun.com\/es\/#website\",\"url\":\"https:\/\/www.miomiorun.com\/es\/\",\"name\":\"MioMioRun\",\"description\":\"Tienda 100% running y trail\",\"publisher\":{\"@id\":\"https:\/\/www.miomiorun.com\/es\/#organization\"},\"potentialAction\":[{\"@type\":\"SearchAction\",\"target\":{\"@type\":\"EntryPoint\",\"urlTemplate\":\"https:\/\/www.miomiorun.com\/es\/?s={search_term_string}\"},\"query-input\":{\"@type\":\"PropertyValueSpecification\",\"valueRequired\":true,\"valueName\":\"search_term_string\"}}],\"inLanguage\":\"es-ES\"},{\"@type\":\"Organization\",\"@id\":\"https:\/\/www.miomiorun.com\/es\/#organization\",\"name\":\"MioMio Run\",\"url\":\"https:\/\/www.miomiorun.com\/es\/\",\"logo\":{\"@type\":\"ImageObject\",\"inLanguage\":\"es-ES\",\"@id\":\"https:\/\/www.miomiorun.com\/es\/#\/schema\/logo\/image\/\",\"url\":\"https:\/\/www.miomiorun.com\/app\/uploads\/2019\/12\/logomio.png\",\"contentUrl\":\"https:\/\/www.miomiorun.com\/app\/uploads\/2019\/12\/logomio.png\",\"width\":115,\"height\":82,\"caption\":\"MioMio Run\"},\"image\":{\"@id\":\"https:\/\/www.miomiorun.com\/es\/#\/schema\/logo\/image\/\"},\"sameAs\":[\"https:\/\/www.facebook.com\/miomiorun\/\",\"https:\/\/www.instagram.com\/miomiorun\/\"]}]}<\/script>\n<!-- \/ Yoast SEO plugin. -->","yoast_head_json":{"title":"Raidlight Faretra 2-1 6L Trailquiver - Mochila de trail MioMioRun","description":"Cartera Raidlight 2 en 1: ligero portabastones con bolsillo lateral y sistema de inclinaci\u00f3n hacia delante para facilitar el acceso.","robots":{"index":"index","follow":"follow","max-snippet":"max-snippet:-1","max-image-preview":"max-image-preview:large","max-video-preview":"max-video-preview:-1"},"canonical":"https:\/\/www.miomiorun.com\/es\/producto\/faretra-2-1-6l-trailquiver\/","og_locale":"es_ES","og_type":"article","og_title":"Raidlight Faretra 2-1 6L Trailquiver - Mochila de trail MioMioRun","og_description":"Cartera Raidlight 2 en 1: ligero portabastones con bolsillo lateral y sistema de inclinaci\u00f3n hacia delante para facilitar el acceso.","og_url":"https:\/\/www.miomiorun.com\/es\/producto\/faretra-2-1-6l-trailquiver\/","og_site_name":"MioMioRun","article_publisher":"https:\/\/www.facebook.com\/miomiorun\/","article_modified_time":"2026-05-07T15:56:27+00:00","og_image":[{"width":600,"height":600,"url":"https:\/\/www.miomiorun.com\/app\/uploads\/2024\/05\/raidlight-POD-2-1-4L-TRAILQUIVER-GRKMB69.webp","type":"image\/webp"}],"twitter_card":"summary_large_image","twitter_misc":{"Est. reading time":"2 minutes"},"schema":{"@context":"https:\/\/schema.org","@graph":[{"@type":"WebPage","@id":"https:\/\/www.miomiorun.com\/es\/producto\/faretra-2-1-6l-trailquiver\/","url":"https:\/\/www.miomiorun.com\/es\/producto\/faretra-2-1-6l-trailquiver\/","name":"Raidlight Faretra 2-1 6L Trailquiver - Mochila de trail MioMioRun","isPartOf":{"@id":"https:\/\/www.miomiorun.com\/es\/#website"},"primaryImageOfPage":{"@id":"https:\/\/www.miomiorun.com\/es\/producto\/faretra-2-1-6l-trailquiver\/#primaryimage"},"image":{"@id":"https:\/\/www.miomiorun.com\/es\/producto\/faretra-2-1-6l-trailquiver\/#primaryimage"},"thumbnailUrl":"https:\/\/www.miomiorun.com\/app\/uploads\/2024\/05\/raidlight-POD-2-1-4L-TRAILQUIVER-GRKMB69.webp","datePublished":"2024-05-18T08:34:55+00:00","dateModified":"2026-05-07T15:56:27+00:00","description":"Cartera Raidlight 2 en 1: ligero portabastones con bolsillo lateral y sistema de inclinaci\u00f3n hacia delante para facilitar el acceso.","breadcrumb":{"@id":"https:\/\/www.miomiorun.com\/es\/producto\/faretra-2-1-6l-trailquiver\/#breadcrumb"},"inLanguage":"es-ES","potentialAction":[{"@type":"ReadAction","target":["https:\/\/www.miomiorun.com\/es\/producto\/faretra-2-1-6l-trailquiver\/"]}]},{"@type":"ImageObject","inLanguage":"es-ES","@id":"https:\/\/www.miomiorun.com\/es\/producto\/faretra-2-1-6l-trailquiver\/#primaryimage","url":"https:\/\/www.miomiorun.com\/app\/uploads\/2024\/05\/raidlight-POD-2-1-4L-TRAILQUIVER-GRKMB69.webp","contentUrl":"https:\/\/www.miomiorun.com\/app\/uploads\/2024\/05\/raidlight-POD-2-1-4L-TRAILQUIVER-GRKMB69.webp","width":600,"height":600,"caption":"raidlight POD 2-1 4L TRAILQUIVER GRKMB69"},{"@type":"BreadcrumbList","@id":"https:\/\/www.miomiorun.com\/es\/producto\/faretra-2-1-6l-trailquiver\/#breadcrumb","itemListElement":[{"@type":"ListItem","position":1,"name":"Home","item":"https:\/\/www.miomiorun.com\/es\/"},{"@type":"ListItem","position":2,"name":"Shop","item":"https:\/\/www.miomiorun.com\/shop\/"},{"@type":"ListItem","position":3,"name":"Faretra 2-1 6L Trailquiver"}]},{"@type":"WebSite","@id":"https:\/\/www.miomiorun.com\/es\/#website","url":"https:\/\/www.miomiorun.com\/es\/","name":"MioMioRun","description":"Tienda 100% running y trail","publisher":{"@id":"https:\/\/www.miomiorun.com\/es\/#organization"},"potentialAction":[{"@type":"SearchAction","target":{"@type":"EntryPoint","urlTemplate":"https:\/\/www.miomiorun.com\/es\/?s={search_term_string}"},"query-input":{"@type":"PropertyValueSpecification","valueRequired":true,"valueName":"search_term_string"}}],"inLanguage":"es-ES"},{"@type":"Organization","@id":"https:\/\/www.miomiorun.com\/es\/#organization","name":"MioMio Run","url":"https:\/\/www.miomiorun.com\/es\/","logo":{"@type":"ImageObject","inLanguage":"es-ES","@id":"https:\/\/www.miomiorun.com\/es\/#\/schema\/logo\/image\/","url":"https:\/\/www.miomiorun.com\/app\/uploads\/2019\/12\/logomio.png","contentUrl":"https:\/\/www.miomiorun.com\/app\/uploads\/2019\/12\/logomio.png","width":115,"height":82,"caption":"MioMio Run"},"image":{"@id":"https:\/\/www.miomiorun.com\/es\/#\/schema\/logo\/image\/"},"sameAs":["https:\/\/www.facebook.com\/miomiorun\/","https:\/\/www.instagram.com\/miomiorun\/"]}]}},"_links":{"self":[{"href":"https:\/\/www.miomiorun.com\/es\/wp-json\/wp\/v2\/product\/293143","targetHints":{"allow":["GET"]}}],"collection":[{"href":"https:\/\/www.miomiorun.com\/es\/wp-json\/wp\/v2\/product"}],"about":[{"href":"https:\/\/www.miomiorun.com\/es\/wp-json\/wp\/v2\/types\/product"}],"wp:featuredmedia":[{"embeddable":true,"href":"https:\/\/www.miomiorun.com\/es\/wp-json\/wp\/v2\/media\/247211"}],"wp:attachment":[{"href":"https:\/\/www.miomiorun.com\/es\/wp-json\/wp\/v2\/media?parent=293143"}],"wp:term":[{"taxonomy":"product_brand","embeddable":true,"href":"https:\/\/www.miomiorun.com\/es\/wp-json\/wp\/v2\/product_brand?post=293143"},{"taxonomy":"product_cat","embeddable":true,"href":"https:\/\/www.miomiorun.com\/es\/wp-json\/wp\/v2\/product_cat?post=293143"},{"taxonomy":"product_tag","embeddable":true,"href":"https:\/\/www.miomiorun.com\/es\/wp-json\/wp\/v2\/product_tag?post=293143"}],"curies":[{"name":"wp","href":"https:\/\/api.w.org\/{rel}","templated":true}]}}