{"id":293067,"date":"2024-06-08T10:36:56","date_gmt":"2024-06-08T08:36:56","guid":{"rendered":"https:\/\/miomiorun.com\/prodotto\/event-logo-performance-t-shirt\/"},"modified":"2026-05-07T17:59:38","modified_gmt":"2026-05-07T15:59:38","slug":"event-logo-performance-t-shirt","status":"publish","type":"product","link":"https:\/\/www.miomiorun.com\/es\/producto\/event-logo-performance-t-shirt\/","title":{"rendered":"Event Logo Performance T-Shirt"},"content":{"rendered":"<p>Una camiseta exclusiva y de edici\u00f3n limitada para la Eurocopa 2024. Tanto si eres un fan incondicional como si simplemente te encanta la emoci\u00f3n de la competici\u00f3n, esta camiseta es el complemento imprescindible para mostrar tu pasi\u00f3n por el torneo de este a\u00f1o en Roma.<\/p>\n<p>Con colores vivos y un dise\u00f1o din\u00e1mico, esta camiseta captura el esp\u00edritu electrizante de los Campeonatos de Europa 2024.<\/p>\n<h3>Material<\/h3>\n<p>&#8211; 100 % poli\u00e9ster<br \/>\n&#8211; Logotipo de los Campeonatos de Europa 2024<\/p>\n","protected":false},"excerpt":{"rendered":"<p>Una camiseta exclusiva y de edici\u00f3n limitada para la Eurocopa 2024. Tanto si eres un fan incondicional como si simplemente te encanta la emoci\u00f3n de la competici\u00f3n, esta camiseta es el complemento imprescindible para mostrar tu pasi\u00f3n por el torneo de este a\u00f1o en Roma. Con colores vivos y un dise\u00f1o din\u00e1mico, esta camiseta captura &hellip; <a href=\"https:\/\/www.miomiorun.com\/es\/producto\/event-logo-performance-t-shirt\/\">Continued<\/a><\/p>\n","protected":false},"featured_media":247287,"template":"","meta":{"_acf_changed":false,"inline_featured_image":false},"product_brand":[],"product_cat":[24226,24455,24463,24401],"product_tag":[23475,23603,23641,23501],"class_list":{"0":"post-293067","1":"product","2":"type-product","3":"status-publish","4":"has-post-thumbnail","6":"product_cat-camiseta","7":"product_cat-camiseta-es-2","8":"product_cat-ropa-de-hombre-es","9":"product_cat-ropa-de-mujer","10":"product_tag-karhu-es","11":"product_tag-karhu-hombre","12":"product_tag-karhu-mujer","13":"product_tag-roma-24-es","14":"pa_attivita-caminar","15":"pa_attivita-running-es","16":"pa_colore-t-shirt-european-athletics-roma-magenta-es","17":"pa_colore-t-shirt-european-athletics-roma-white-es","18":"pa_marca-karhu-es","19":"pa_sesso-hombre","20":"pa_sesso-mujer","21":"pa_size-extra-small-es","22":"pa_size-small-es","23":"pa_size-medium-es","24":"pa_size-large-es","25":"pa_size-extra-large-es","27":"first","28":"instock","29":"sale","30":"taxable","31":"shipping-taxable","32":"purchasable","33":"product-type-variable","34":"wvs-archive-product-wrapper"},"acf":[],"yoast_head":"<!-- This site is optimized with the Yoast SEO plugin v26.8 - https:\/\/yoast.com\/product\/yoast-seo-wordpress\/ -->\n<title>Karhu Event Logo Performance T-Shirt - Camiseta para correr - MioMioRun<\/title>\n<meta name=\"description\" content=\"Una camiseta exclusiva y de edici\u00f3n limitada para la Eurocopa 2024. Con colores vivos y un dise\u00f1o din\u00e1mico, captura el esp\u00edritu de la Eurocopa 2024.\" \/>\n<meta name=\"robots\" content=\"index, follow, max-snippet:-1, max-image-preview:large, max-video-preview:-1\" \/>\n<link rel=\"canonical\" href=\"https:\/\/www.miomiorun.com\/es\/producto\/event-logo-performance-t-shirt\/\" \/>\n<meta property=\"og:locale\" content=\"es_ES\" \/>\n<meta property=\"og:type\" content=\"article\" \/>\n<meta property=\"og:title\" content=\"Karhu Event Logo Performance T-Shirt - Camiseta para correr - MioMioRun\" \/>\n<meta property=\"og:description\" content=\"Una camiseta exclusiva y de edici\u00f3n limitada para la Eurocopa 2024. Con colores vivos y un dise\u00f1o din\u00e1mico, captura el esp\u00edritu de la Eurocopa 2024.\" \/>\n<meta property=\"og:url\" content=\"https:\/\/www.miomiorun.com\/es\/producto\/event-logo-performance-t-shirt\/\" \/>\n<meta property=\"og:site_name\" content=\"MioMioRun\" \/>\n<meta property=\"article:publisher\" content=\"https:\/\/www.facebook.com\/miomiorun\/\" \/>\n<meta property=\"article:modified_time\" content=\"2026-05-07T15:59:38+00:00\" \/>\n<meta property=\"og:image\" content=\"https:\/\/www.miomiorun.com\/app\/uploads\/2024\/06\/karhu-T-shirt-European-Athletics-Roma-white-KP00600.0024.webp\" \/>\n\t<meta property=\"og:image:width\" content=\"600\" \/>\n\t<meta property=\"og:image:height\" content=\"600\" \/>\n\t<meta property=\"og:image:type\" content=\"image\/webp\" \/>\n<meta name=\"twitter:card\" content=\"summary_large_image\" \/>\n<script type=\"application\/ld+json\" class=\"yoast-schema-graph\">{\"@context\":\"https:\/\/schema.org\",\"@graph\":[{\"@type\":\"WebPage\",\"@id\":\"https:\/\/www.miomiorun.com\/es\/producto\/event-logo-performance-t-shirt\/\",\"url\":\"https:\/\/www.miomiorun.com\/es\/producto\/event-logo-performance-t-shirt\/\",\"name\":\"Karhu Event Logo Performance T-Shirt - Camiseta para correr - MioMioRun\",\"isPartOf\":{\"@id\":\"https:\/\/www.miomiorun.com\/es\/#website\"},\"primaryImageOfPage\":{\"@id\":\"https:\/\/www.miomiorun.com\/es\/producto\/event-logo-performance-t-shirt\/#primaryimage\"},\"image\":{\"@id\":\"https:\/\/www.miomiorun.com\/es\/producto\/event-logo-performance-t-shirt\/#primaryimage\"},\"thumbnailUrl\":\"https:\/\/www.miomiorun.com\/app\/uploads\/2024\/06\/karhu-T-shirt-European-Athletics-Roma-white-KP00600.0024.webp\",\"datePublished\":\"2024-06-08T08:36:56+00:00\",\"dateModified\":\"2026-05-07T15:59:38+00:00\",\"description\":\"Una camiseta exclusiva y de edici\u00f3n limitada para la Eurocopa 2024. Con colores vivos y un dise\u00f1o din\u00e1mico, captura el esp\u00edritu de la Eurocopa 2024.\",\"breadcrumb\":{\"@id\":\"https:\/\/www.miomiorun.com\/es\/producto\/event-logo-performance-t-shirt\/#breadcrumb\"},\"inLanguage\":\"es-ES\",\"potentialAction\":[{\"@type\":\"ReadAction\",\"target\":[\"https:\/\/www.miomiorun.com\/es\/producto\/event-logo-performance-t-shirt\/\"]}]},{\"@type\":\"ImageObject\",\"inLanguage\":\"es-ES\",\"@id\":\"https:\/\/www.miomiorun.com\/es\/producto\/event-logo-performance-t-shirt\/#primaryimage\",\"url\":\"https:\/\/www.miomiorun.com\/app\/uploads\/2024\/06\/karhu-T-shirt-European-Athletics-Roma-white-KP00600.0024.webp\",\"contentUrl\":\"https:\/\/www.miomiorun.com\/app\/uploads\/2024\/06\/karhu-T-shirt-European-Athletics-Roma-white-KP00600.0024.webp\",\"width\":600,\"height\":600,\"caption\":\"karhu T-shirt European Athletics Roma white KP00600.0024\"},{\"@type\":\"BreadcrumbList\",\"@id\":\"https:\/\/www.miomiorun.com\/es\/producto\/event-logo-performance-t-shirt\/#breadcrumb\",\"itemListElement\":[{\"@type\":\"ListItem\",\"position\":1,\"name\":\"Home\",\"item\":\"https:\/\/www.miomiorun.com\/es\/\"},{\"@type\":\"ListItem\",\"position\":2,\"name\":\"Shop\",\"item\":\"https:\/\/www.miomiorun.com\/shop\/\"},{\"@type\":\"ListItem\",\"position\":3,\"name\":\"Event Logo Performance T-Shirt\"}]},{\"@type\":\"WebSite\",\"@id\":\"https:\/\/www.miomiorun.com\/es\/#website\",\"url\":\"https:\/\/www.miomiorun.com\/es\/\",\"name\":\"MioMioRun\",\"description\":\"Tienda 100% running y trail\",\"publisher\":{\"@id\":\"https:\/\/www.miomiorun.com\/es\/#organization\"},\"potentialAction\":[{\"@type\":\"SearchAction\",\"target\":{\"@type\":\"EntryPoint\",\"urlTemplate\":\"https:\/\/www.miomiorun.com\/es\/?s={search_term_string}\"},\"query-input\":{\"@type\":\"PropertyValueSpecification\",\"valueRequired\":true,\"valueName\":\"search_term_string\"}}],\"inLanguage\":\"es-ES\"},{\"@type\":\"Organization\",\"@id\":\"https:\/\/www.miomiorun.com\/es\/#organization\",\"name\":\"MioMio Run\",\"url\":\"https:\/\/www.miomiorun.com\/es\/\",\"logo\":{\"@type\":\"ImageObject\",\"inLanguage\":\"es-ES\",\"@id\":\"https:\/\/www.miomiorun.com\/es\/#\/schema\/logo\/image\/\",\"url\":\"https:\/\/www.miomiorun.com\/app\/uploads\/2019\/12\/logomio.png\",\"contentUrl\":\"https:\/\/www.miomiorun.com\/app\/uploads\/2019\/12\/logomio.png\",\"width\":115,\"height\":82,\"caption\":\"MioMio Run\"},\"image\":{\"@id\":\"https:\/\/www.miomiorun.com\/es\/#\/schema\/logo\/image\/\"},\"sameAs\":[\"https:\/\/www.facebook.com\/miomiorun\/\",\"https:\/\/www.instagram.com\/miomiorun\/\"]}]}<\/script>\n<!-- \/ Yoast SEO plugin. -->","yoast_head_json":{"title":"Karhu Event Logo Performance T-Shirt - Camiseta para correr - MioMioRun","description":"Una camiseta exclusiva y de edici\u00f3n limitada para la Eurocopa 2024. Con colores vivos y un dise\u00f1o din\u00e1mico, captura el esp\u00edritu de la Eurocopa 2024.","robots":{"index":"index","follow":"follow","max-snippet":"max-snippet:-1","max-image-preview":"max-image-preview:large","max-video-preview":"max-video-preview:-1"},"canonical":"https:\/\/www.miomiorun.com\/es\/producto\/event-logo-performance-t-shirt\/","og_locale":"es_ES","og_type":"article","og_title":"Karhu Event Logo Performance T-Shirt - Camiseta para correr - MioMioRun","og_description":"Una camiseta exclusiva y de edici\u00f3n limitada para la Eurocopa 2024. Con colores vivos y un dise\u00f1o din\u00e1mico, captura el esp\u00edritu de la Eurocopa 2024.","og_url":"https:\/\/www.miomiorun.com\/es\/producto\/event-logo-performance-t-shirt\/","og_site_name":"MioMioRun","article_publisher":"https:\/\/www.facebook.com\/miomiorun\/","article_modified_time":"2026-05-07T15:59:38+00:00","og_image":[{"width":600,"height":600,"url":"https:\/\/www.miomiorun.com\/app\/uploads\/2024\/06\/karhu-T-shirt-European-Athletics-Roma-white-KP00600.0024.webp","type":"image\/webp"}],"twitter_card":"summary_large_image","schema":{"@context":"https:\/\/schema.org","@graph":[{"@type":"WebPage","@id":"https:\/\/www.miomiorun.com\/es\/producto\/event-logo-performance-t-shirt\/","url":"https:\/\/www.miomiorun.com\/es\/producto\/event-logo-performance-t-shirt\/","name":"Karhu Event Logo Performance T-Shirt - Camiseta para correr - MioMioRun","isPartOf":{"@id":"https:\/\/www.miomiorun.com\/es\/#website"},"primaryImageOfPage":{"@id":"https:\/\/www.miomiorun.com\/es\/producto\/event-logo-performance-t-shirt\/#primaryimage"},"image":{"@id":"https:\/\/www.miomiorun.com\/es\/producto\/event-logo-performance-t-shirt\/#primaryimage"},"thumbnailUrl":"https:\/\/www.miomiorun.com\/app\/uploads\/2024\/06\/karhu-T-shirt-European-Athletics-Roma-white-KP00600.0024.webp","datePublished":"2024-06-08T08:36:56+00:00","dateModified":"2026-05-07T15:59:38+00:00","description":"Una camiseta exclusiva y de edici\u00f3n limitada para la Eurocopa 2024. Con colores vivos y un dise\u00f1o din\u00e1mico, captura el esp\u00edritu de la Eurocopa 2024.","breadcrumb":{"@id":"https:\/\/www.miomiorun.com\/es\/producto\/event-logo-performance-t-shirt\/#breadcrumb"},"inLanguage":"es-ES","potentialAction":[{"@type":"ReadAction","target":["https:\/\/www.miomiorun.com\/es\/producto\/event-logo-performance-t-shirt\/"]}]},{"@type":"ImageObject","inLanguage":"es-ES","@id":"https:\/\/www.miomiorun.com\/es\/producto\/event-logo-performance-t-shirt\/#primaryimage","url":"https:\/\/www.miomiorun.com\/app\/uploads\/2024\/06\/karhu-T-shirt-European-Athletics-Roma-white-KP00600.0024.webp","contentUrl":"https:\/\/www.miomiorun.com\/app\/uploads\/2024\/06\/karhu-T-shirt-European-Athletics-Roma-white-KP00600.0024.webp","width":600,"height":600,"caption":"karhu T-shirt European Athletics Roma white KP00600.0024"},{"@type":"BreadcrumbList","@id":"https:\/\/www.miomiorun.com\/es\/producto\/event-logo-performance-t-shirt\/#breadcrumb","itemListElement":[{"@type":"ListItem","position":1,"name":"Home","item":"https:\/\/www.miomiorun.com\/es\/"},{"@type":"ListItem","position":2,"name":"Shop","item":"https:\/\/www.miomiorun.com\/shop\/"},{"@type":"ListItem","position":3,"name":"Event Logo Performance T-Shirt"}]},{"@type":"WebSite","@id":"https:\/\/www.miomiorun.com\/es\/#website","url":"https:\/\/www.miomiorun.com\/es\/","name":"MioMioRun","description":"Tienda 100% running y trail","publisher":{"@id":"https:\/\/www.miomiorun.com\/es\/#organization"},"potentialAction":[{"@type":"SearchAction","target":{"@type":"EntryPoint","urlTemplate":"https:\/\/www.miomiorun.com\/es\/?s={search_term_string}"},"query-input":{"@type":"PropertyValueSpecification","valueRequired":true,"valueName":"search_term_string"}}],"inLanguage":"es-ES"},{"@type":"Organization","@id":"https:\/\/www.miomiorun.com\/es\/#organization","name":"MioMio Run","url":"https:\/\/www.miomiorun.com\/es\/","logo":{"@type":"ImageObject","inLanguage":"es-ES","@id":"https:\/\/www.miomiorun.com\/es\/#\/schema\/logo\/image\/","url":"https:\/\/www.miomiorun.com\/app\/uploads\/2019\/12\/logomio.png","contentUrl":"https:\/\/www.miomiorun.com\/app\/uploads\/2019\/12\/logomio.png","width":115,"height":82,"caption":"MioMio Run"},"image":{"@id":"https:\/\/www.miomiorun.com\/es\/#\/schema\/logo\/image\/"},"sameAs":["https:\/\/www.facebook.com\/miomiorun\/","https:\/\/www.instagram.com\/miomiorun\/"]}]}},"_links":{"self":[{"href":"https:\/\/www.miomiorun.com\/es\/wp-json\/wp\/v2\/product\/293067","targetHints":{"allow":["GET"]}}],"collection":[{"href":"https:\/\/www.miomiorun.com\/es\/wp-json\/wp\/v2\/product"}],"about":[{"href":"https:\/\/www.miomiorun.com\/es\/wp-json\/wp\/v2\/types\/product"}],"wp:featuredmedia":[{"embeddable":true,"href":"https:\/\/www.miomiorun.com\/es\/wp-json\/wp\/v2\/media\/247287"}],"wp:attachment":[{"href":"https:\/\/www.miomiorun.com\/es\/wp-json\/wp\/v2\/media?parent=293067"}],"wp:term":[{"taxonomy":"product_brand","embeddable":true,"href":"https:\/\/www.miomiorun.com\/es\/wp-json\/wp\/v2\/product_brand?post=293067"},{"taxonomy":"product_cat","embeddable":true,"href":"https:\/\/www.miomiorun.com\/es\/wp-json\/wp\/v2\/product_cat?post=293067"},{"taxonomy":"product_tag","embeddable":true,"href":"https:\/\/www.miomiorun.com\/es\/wp-json\/wp\/v2\/product_tag?post=293067"}],"curies":[{"name":"wp","href":"https:\/\/api.w.org\/{rel}","templated":true}]}}