{"id":292864,"date":"2024-07-03T17:05:02","date_gmt":"2024-07-03T15:05:02","guid":{"rendered":"https:\/\/miomiorun.com\/prodotto\/rincon-4-uomo\/"},"modified":"2026-03-06T10:03:49","modified_gmt":"2026-03-06T09:03:49","slug":"rincon-4-hermano","status":"publish","type":"product","link":"https:\/\/www.miomiorun.com\/es\/producto\/rincon-4-hermano\/","title":{"rendered":"Rincon 4 hombre"},"content":{"rendered":"<div class=\"vc-row container\"><div class=\"vc-column\"><div class=\"vc-column-text\"><\/p>\n<p><strong>Especificaciones t\u00e9cnicas<\/strong><\/p>\n<p>Categor\u00eda: Amortiguaci\u00f3n reactiva.<br \/>\nOffset: 5 mm.<br \/>\nPeso: 228 g<br \/>\nIdeal para: corredores que buscan un modelo ligero y vers\u00e1til, capaz de combinar reactividad con facilidad de carrera y suavidad en el apoyo, para actividades de media distancia y tambi\u00e9n para caminar.<br \/>\nPeso del atleta: 60-75 kg<br \/>\nRitmo de carrera: medio-r\u00e1pido (4,00-5,30 min\/km)<br \/>\n<a href=\"https:\/\/miomiorun.com\/es\/guia-especifica\/\">Gu\u00eda de especificaciones t\u00e9cnicas<\/a><\/p>\n<p><\/div><\/div><div class=\"vc-column\"><div class=\"vc-column-text\"><strong>Amortiguaci\u00f3n ligera dise\u00f1ada para un uso prolongado.<\/strong><\/p>\n<p>Conocida por su incre\u00edble relaci\u00f3n amortiguaci\u00f3n-peso, la versi\u00f3n para hombre de la <strong>Rincon 4<\/strong> ha sido renovada de arriba abajo para garantizar que su extrema ligereza y suavidad duren a\u00fan m\u00e1s kil\u00f3metros. La espuma avanzada presenta una mayor elasticidad, aumenta su longevidad y, junto con el EVA recubierto de goma, hace que cada pisada sea m\u00e1s suave que la anterior. La suela resistente con disposici\u00f3n modular de los elementos y el ajuste que envuelve perfectamente el pie permiten que esta zapatilla para uso diario dure m\u00e1s tiempo sin suponer un peso excesivo.<\/p>\n<p><strong>Caracter\u00edsticas:<\/strong><\/p>\n<ul class=\"features-container\">\n<li class=\"feature-item\">Doble jacquard t\u00e9cnico<\/li>\n<li class=\"feature-item\">Leng\u00fceta acolchada<\/li>\n<li class=\"feature-item\">Entresuela de doble capa<\/li>\n<li class=\"feature-item\">Active Foot Frame\u2122 concentrado en el tal\u00f3n<\/li>\n<li class=\"feature-item\">MetaRocker\u2122 fluido<\/li>\n<li class=\"feature-item\">Suela de EVA engomada<\/li>\n<li class=\"feature-item\">Disposici\u00f3n modular de los elementos de la suela<\/li>\n<\/ul>\n<div class=\"description-whatsnew\">\n<p><strong>NOVEDAD<\/strong><\/p>\n<p>Zapatilla de running superligera, caracterizada por espumas m\u00e1s amortiguadoras y resistentes. Se han a\u00f1adido 3 mm de altura a la suela y se ha ajustado el ajuste, para luego envolverlo todo en un doble jacquard t\u00e9cnico tricolor con un aspecto sofisticado.<\/p>\n<h2 class=\"card-title mb-3\"><span title=\"\" data-toggle=\"tooltip\" data-placement=\"bottom\" data-title=\"Alcune scarpe hanno un supporto integrato superiore, pensato per gli iperpronatori; altre sono in minima parte ortopediche, progettate per garantire ammortizzazione senza ostacolarti.\" data-original-title=\"\"> <span class=\"techspec-bar-title\">Estabilidad<\/span><\/span><\/h2>\n<p class=\"tech-spec-product-msg active\">Rincon 4 cuenta con una plantilla amortiguada sim\u00e9trica, sin tecnolog\u00edas ortop\u00e9dicas adicionales. Dise\u00f1ada para ofrecerte el apoyo que necesitas, sin caracter\u00edsticas superfluas. <\/p>\n<h2 class=\"card-title mb-3\"><span title=\"\" data-toggle=\"tooltip\" data-placement=\"bottom\" data-title=\"Tutte le nostre calzature presentano un\u2019intersuola ammortizzata, progettata per ridurre l\u2019impatto e garantire supporto. La quantit\u00e0 di ammortizzazione e quanto sia compatta o morbida varia da modello a modello.\" data-original-title=\"\"> <span class=\"techspec-bar-title\">Amortiguaci\u00f3n<\/span><\/span><\/h2>\n<p class=\"tech-spec-product-msg active\">Rincon 4 est\u00e1 dise\u00f1ado para ofrecer una amortiguaci\u00f3n protectora, al tiempo que mantiene un impulso reactivo cuando deseas aumentar la velocidad.<\/p>\n<p>&nbsp;<\/p>\n<\/div>\n<p><\/div><\/div><\/div>\n","protected":false},"excerpt":{"rendered":"<ul>\n<li>Zapatilla de running amortiguada y ligera.<\/li>\n<li>Renovada para ofrecer una mayor durabilidad.<\/li>\n<li>Ideal para correr por carretera.<\/li>\n<\/ul>\n","protected":false},"featured_media":411442,"template":"","meta":{"_acf_changed":false,"inline_featured_image":false},"product_brand":[],"product_cat":[24454,24453],"product_tag":[23479,23605],"class_list":{"0":"post-292864","1":"product","2":"type-product","3":"status-publish","4":"has-post-thumbnail","6":"product_cat-calzado-para-hombre","7":"product_cat-neutre-es-3","8":"product_tag-hoka-one-one-es","9":"product_tag-hoka-hombre","10":"pa_attivita-caminar","11":"pa_attivita-fitness-es","12":"pa_attivita-running-es","13":"pa_colore-rincon-4-frost-neon-yuzu","14":"pa_marca-hoka-es","15":"pa_sesso-hombre","16":"pa_size-42-es","18":"pa_size-43-es","19":"pa_size-44-es","21":"pa_size-45-es","22":"pa_size-46-es","25":"first","26":"instock","27":"sale","28":"taxable","29":"shipping-taxable","30":"purchasable","31":"product-type-variable","32":"wvs-archive-product-wrapper"},"acf":[],"yoast_head":"<!-- This site is optimized with the Yoast SEO plugin v26.8 - https:\/\/yoast.com\/product\/yoast-seo-wordpress\/ -->\n<title>Hoka Rincon 4 hombre -zapatillas de correr - MioMioRun .com<\/title>\n<meta name=\"description\" content=\"Conocida por su incre\u00edble relaci\u00f3n amortiguaci\u00f3n-peso, la Rincon 4 ha sido renovada de arriba abajo con una suela extremadamente ligera y suave.\" \/>\n<meta name=\"robots\" content=\"index, follow, max-snippet:-1, max-image-preview:large, max-video-preview:-1\" \/>\n<link rel=\"canonical\" href=\"https:\/\/www.miomiorun.com\/es\/producto\/rincon-4-hermano\/\" \/>\n<meta property=\"og:locale\" content=\"es_ES\" \/>\n<meta property=\"og:type\" content=\"article\" \/>\n<meta property=\"og:title\" content=\"Hoka Rincon 4 hombre -zapatillas de correr - MioMioRun .com\" \/>\n<meta property=\"og:description\" content=\"Conocida por su incre\u00edble relaci\u00f3n amortiguaci\u00f3n-peso, la Rincon 4 ha sido renovada de arriba abajo con una suela extremadamente ligera y suave.\" \/>\n<meta property=\"og:url\" content=\"https:\/\/www.miomiorun.com\/es\/producto\/rincon-4-hermano\/\" \/>\n<meta property=\"og:site_name\" content=\"MioMioRun\" \/>\n<meta property=\"article:publisher\" content=\"https:\/\/www.facebook.com\/miomiorun\/\" \/>\n<meta property=\"article:modified_time\" content=\"2026-03-06T09:03:49+00:00\" \/>\n<meta property=\"og:image\" content=\"https:\/\/www.miomiorun.com\/app\/uploads\/2026\/02\/hoka-Rincon-4-frost-neon-yuzu-1155130-FYZ.webp\" \/>\n\t<meta property=\"og:image:width\" content=\"720\" \/>\n\t<meta property=\"og:image:height\" content=\"720\" \/>\n\t<meta property=\"og:image:type\" content=\"image\/webp\" \/>\n<meta name=\"twitter:card\" content=\"summary_large_image\" \/>\n<meta name=\"twitter:label1\" content=\"Est. reading time\" \/>\n\t<meta name=\"twitter:data1\" content=\"2 minutes\" \/>\n<script type=\"application\/ld+json\" class=\"yoast-schema-graph\">{\"@context\":\"https:\/\/schema.org\",\"@graph\":[{\"@type\":\"WebPage\",\"@id\":\"https:\/\/www.miomiorun.com\/es\/producto\/rincon-4-hermano\/\",\"url\":\"https:\/\/www.miomiorun.com\/es\/producto\/rincon-4-hermano\/\",\"name\":\"Hoka Rincon 4 hombre -zapatillas de correr - MioMioRun .com\",\"isPartOf\":{\"@id\":\"https:\/\/www.miomiorun.com\/es\/#website\"},\"primaryImageOfPage\":{\"@id\":\"https:\/\/www.miomiorun.com\/es\/producto\/rincon-4-hermano\/#primaryimage\"},\"image\":{\"@id\":\"https:\/\/www.miomiorun.com\/es\/producto\/rincon-4-hermano\/#primaryimage\"},\"thumbnailUrl\":\"https:\/\/www.miomiorun.com\/app\/uploads\/2026\/02\/hoka-Rincon-4-frost-neon-yuzu-1155130-FYZ.webp\",\"datePublished\":\"2024-07-03T15:05:02+00:00\",\"dateModified\":\"2026-03-06T09:03:49+00:00\",\"description\":\"Conocida por su incre\u00edble relaci\u00f3n amortiguaci\u00f3n-peso, la Rincon 4 ha sido renovada de arriba abajo con una suela extremadamente ligera y suave.\",\"breadcrumb\":{\"@id\":\"https:\/\/www.miomiorun.com\/es\/producto\/rincon-4-hermano\/#breadcrumb\"},\"inLanguage\":\"es-ES\",\"potentialAction\":[{\"@type\":\"ReadAction\",\"target\":[\"https:\/\/www.miomiorun.com\/es\/producto\/rincon-4-hermano\/\"]}]},{\"@type\":\"ImageObject\",\"inLanguage\":\"es-ES\",\"@id\":\"https:\/\/www.miomiorun.com\/es\/producto\/rincon-4-hermano\/#primaryimage\",\"url\":\"https:\/\/www.miomiorun.com\/app\/uploads\/2026\/02\/hoka-Rincon-4-frost-neon-yuzu-1155130-FYZ.webp\",\"contentUrl\":\"https:\/\/www.miomiorun.com\/app\/uploads\/2026\/02\/hoka-Rincon-4-frost-neon-yuzu-1155130-FYZ.webp\",\"width\":720,\"height\":720,\"caption\":\"hoka Rincon 4 frost neon yuzu 1155130 FYZ\"},{\"@type\":\"BreadcrumbList\",\"@id\":\"https:\/\/www.miomiorun.com\/es\/producto\/rincon-4-hermano\/#breadcrumb\",\"itemListElement\":[{\"@type\":\"ListItem\",\"position\":1,\"name\":\"Home\",\"item\":\"https:\/\/www.miomiorun.com\/es\/\"},{\"@type\":\"ListItem\",\"position\":2,\"name\":\"Shop\",\"item\":\"https:\/\/www.miomiorun.com\/shop\/\"},{\"@type\":\"ListItem\",\"position\":3,\"name\":\"Rincon 4 hombre\"}]},{\"@type\":\"WebSite\",\"@id\":\"https:\/\/www.miomiorun.com\/es\/#website\",\"url\":\"https:\/\/www.miomiorun.com\/es\/\",\"name\":\"MioMioRun\",\"description\":\"Tienda 100% running y trail\",\"publisher\":{\"@id\":\"https:\/\/www.miomiorun.com\/es\/#organization\"},\"potentialAction\":[{\"@type\":\"SearchAction\",\"target\":{\"@type\":\"EntryPoint\",\"urlTemplate\":\"https:\/\/www.miomiorun.com\/es\/?s={search_term_string}\"},\"query-input\":{\"@type\":\"PropertyValueSpecification\",\"valueRequired\":true,\"valueName\":\"search_term_string\"}}],\"inLanguage\":\"es-ES\"},{\"@type\":\"Organization\",\"@id\":\"https:\/\/www.miomiorun.com\/es\/#organization\",\"name\":\"MioMio Run\",\"url\":\"https:\/\/www.miomiorun.com\/es\/\",\"logo\":{\"@type\":\"ImageObject\",\"inLanguage\":\"es-ES\",\"@id\":\"https:\/\/www.miomiorun.com\/es\/#\/schema\/logo\/image\/\",\"url\":\"https:\/\/www.miomiorun.com\/app\/uploads\/2019\/12\/logomio.png\",\"contentUrl\":\"https:\/\/www.miomiorun.com\/app\/uploads\/2019\/12\/logomio.png\",\"width\":115,\"height\":82,\"caption\":\"MioMio Run\"},\"image\":{\"@id\":\"https:\/\/www.miomiorun.com\/es\/#\/schema\/logo\/image\/\"},\"sameAs\":[\"https:\/\/www.facebook.com\/miomiorun\/\",\"https:\/\/www.instagram.com\/miomiorun\/\"]}]}<\/script>\n<!-- \/ Yoast SEO plugin. -->","yoast_head_json":{"title":"Hoka Rincon 4 hombre -zapatillas de correr - MioMioRun .com","description":"Conocida por su incre\u00edble relaci\u00f3n amortiguaci\u00f3n-peso, la Rincon 4 ha sido renovada de arriba abajo con una suela extremadamente ligera y suave.","robots":{"index":"index","follow":"follow","max-snippet":"max-snippet:-1","max-image-preview":"max-image-preview:large","max-video-preview":"max-video-preview:-1"},"canonical":"https:\/\/www.miomiorun.com\/es\/producto\/rincon-4-hermano\/","og_locale":"es_ES","og_type":"article","og_title":"Hoka Rincon 4 hombre -zapatillas de correr - MioMioRun .com","og_description":"Conocida por su incre\u00edble relaci\u00f3n amortiguaci\u00f3n-peso, la Rincon 4 ha sido renovada de arriba abajo con una suela extremadamente ligera y suave.","og_url":"https:\/\/www.miomiorun.com\/es\/producto\/rincon-4-hermano\/","og_site_name":"MioMioRun","article_publisher":"https:\/\/www.facebook.com\/miomiorun\/","article_modified_time":"2026-03-06T09:03:49+00:00","og_image":[{"width":720,"height":720,"url":"https:\/\/www.miomiorun.com\/app\/uploads\/2026\/02\/hoka-Rincon-4-frost-neon-yuzu-1155130-FYZ.webp","type":"image\/webp"}],"twitter_card":"summary_large_image","twitter_misc":{"Est. reading time":"2 minutes"},"schema":{"@context":"https:\/\/schema.org","@graph":[{"@type":"WebPage","@id":"https:\/\/www.miomiorun.com\/es\/producto\/rincon-4-hermano\/","url":"https:\/\/www.miomiorun.com\/es\/producto\/rincon-4-hermano\/","name":"Hoka Rincon 4 hombre -zapatillas de correr - MioMioRun .com","isPartOf":{"@id":"https:\/\/www.miomiorun.com\/es\/#website"},"primaryImageOfPage":{"@id":"https:\/\/www.miomiorun.com\/es\/producto\/rincon-4-hermano\/#primaryimage"},"image":{"@id":"https:\/\/www.miomiorun.com\/es\/producto\/rincon-4-hermano\/#primaryimage"},"thumbnailUrl":"https:\/\/www.miomiorun.com\/app\/uploads\/2026\/02\/hoka-Rincon-4-frost-neon-yuzu-1155130-FYZ.webp","datePublished":"2024-07-03T15:05:02+00:00","dateModified":"2026-03-06T09:03:49+00:00","description":"Conocida por su incre\u00edble relaci\u00f3n amortiguaci\u00f3n-peso, la Rincon 4 ha sido renovada de arriba abajo con una suela extremadamente ligera y suave.","breadcrumb":{"@id":"https:\/\/www.miomiorun.com\/es\/producto\/rincon-4-hermano\/#breadcrumb"},"inLanguage":"es-ES","potentialAction":[{"@type":"ReadAction","target":["https:\/\/www.miomiorun.com\/es\/producto\/rincon-4-hermano\/"]}]},{"@type":"ImageObject","inLanguage":"es-ES","@id":"https:\/\/www.miomiorun.com\/es\/producto\/rincon-4-hermano\/#primaryimage","url":"https:\/\/www.miomiorun.com\/app\/uploads\/2026\/02\/hoka-Rincon-4-frost-neon-yuzu-1155130-FYZ.webp","contentUrl":"https:\/\/www.miomiorun.com\/app\/uploads\/2026\/02\/hoka-Rincon-4-frost-neon-yuzu-1155130-FYZ.webp","width":720,"height":720,"caption":"hoka Rincon 4 frost neon yuzu 1155130 FYZ"},{"@type":"BreadcrumbList","@id":"https:\/\/www.miomiorun.com\/es\/producto\/rincon-4-hermano\/#breadcrumb","itemListElement":[{"@type":"ListItem","position":1,"name":"Home","item":"https:\/\/www.miomiorun.com\/es\/"},{"@type":"ListItem","position":2,"name":"Shop","item":"https:\/\/www.miomiorun.com\/shop\/"},{"@type":"ListItem","position":3,"name":"Rincon 4 hombre"}]},{"@type":"WebSite","@id":"https:\/\/www.miomiorun.com\/es\/#website","url":"https:\/\/www.miomiorun.com\/es\/","name":"MioMioRun","description":"Tienda 100% running y trail","publisher":{"@id":"https:\/\/www.miomiorun.com\/es\/#organization"},"potentialAction":[{"@type":"SearchAction","target":{"@type":"EntryPoint","urlTemplate":"https:\/\/www.miomiorun.com\/es\/?s={search_term_string}"},"query-input":{"@type":"PropertyValueSpecification","valueRequired":true,"valueName":"search_term_string"}}],"inLanguage":"es-ES"},{"@type":"Organization","@id":"https:\/\/www.miomiorun.com\/es\/#organization","name":"MioMio Run","url":"https:\/\/www.miomiorun.com\/es\/","logo":{"@type":"ImageObject","inLanguage":"es-ES","@id":"https:\/\/www.miomiorun.com\/es\/#\/schema\/logo\/image\/","url":"https:\/\/www.miomiorun.com\/app\/uploads\/2019\/12\/logomio.png","contentUrl":"https:\/\/www.miomiorun.com\/app\/uploads\/2019\/12\/logomio.png","width":115,"height":82,"caption":"MioMio Run"},"image":{"@id":"https:\/\/www.miomiorun.com\/es\/#\/schema\/logo\/image\/"},"sameAs":["https:\/\/www.facebook.com\/miomiorun\/","https:\/\/www.instagram.com\/miomiorun\/"]}]}},"_links":{"self":[{"href":"https:\/\/www.miomiorun.com\/es\/wp-json\/wp\/v2\/product\/292864","targetHints":{"allow":["GET"]}}],"collection":[{"href":"https:\/\/www.miomiorun.com\/es\/wp-json\/wp\/v2\/product"}],"about":[{"href":"https:\/\/www.miomiorun.com\/es\/wp-json\/wp\/v2\/types\/product"}],"wp:featuredmedia":[{"embeddable":true,"href":"https:\/\/www.miomiorun.com\/es\/wp-json\/wp\/v2\/media\/411442"}],"wp:attachment":[{"href":"https:\/\/www.miomiorun.com\/es\/wp-json\/wp\/v2\/media?parent=292864"}],"wp:term":[{"taxonomy":"product_brand","embeddable":true,"href":"https:\/\/www.miomiorun.com\/es\/wp-json\/wp\/v2\/product_brand?post=292864"},{"taxonomy":"product_cat","embeddable":true,"href":"https:\/\/www.miomiorun.com\/es\/wp-json\/wp\/v2\/product_cat?post=292864"},{"taxonomy":"product_tag","embeddable":true,"href":"https:\/\/www.miomiorun.com\/es\/wp-json\/wp\/v2\/product_tag?post=292864"}],"curies":[{"name":"wp","href":"https:\/\/api.w.org\/{rel}","templated":true}]}}