{"id":292772,"date":"2024-07-03T17:27:04","date_gmt":"2024-07-03T15:27:04","guid":{"rendered":"https:\/\/miomiorun.com\/prodotto\/skyflow-uomo\/"},"modified":"2026-03-04T16:04:10","modified_gmt":"2026-03-04T15:04:10","slug":"skyflow-hombre","status":"publish","type":"product","link":"https:\/\/www.miomiorun.com\/es\/producto\/skyflow-hombre\/","title":{"rendered":"Skyflow hombre"},"content":{"rendered":"<div class=\"vc-row container\"><div class=\"vc-column\"><div class=\"vc-column-text\"><\/p>\n<h4>Especificaciones t\u00e9cnicas<\/h4>\n<p>Categor\u00eda: Amortiguaci\u00f3n estructurada.<br \/>\nOffset: 5 mm.<br \/>\nPeso: 280 g<br \/>\nIdeal para: corredores y caminantes con pisada neutra que buscan un modelo con una amortiguaci\u00f3n \u00f3ptima y c\u00f3modo, capaz de neutralizar los impactos con el suelo, para carreras y caminatas de media y larga distancia.<br \/>\nPeso del atleta: 70-80 kg<br \/>\nRitmo de carrera: medio (5-6 min\/km)<br \/>\n<a href=\"https:\/\/miomiorun.com\/es\/guia-especifica\/\">Gu\u00eda de especificaciones t\u00e9cnicas<\/a><\/p>\n<p><\/div><\/div><div class=\"vc-column\"><div class=\"vc-column-text\"><strong>Carrera diaria de nivel superior<\/strong><\/p>\n<p>Dise\u00f1ado para elevar el nivel de la carrera diaria, <strong>Skyflow<\/strong> en su versi\u00f3n para hombre combina la excepcional forma inspirada en Skyward X y compuestos de espuma avanzados, garantizando un enfoque avanzado para los kil\u00f3metros que se recorren cada d\u00eda. El EVA aplicado mediante un proceso innovador ofrece una experiencia de uso extremadamente suave y reactiva, mientras que el soporte concentrado en el tal\u00f3n de Active Foot Frame\u2122 envuelve el pie y la fluidez de MetaRocker\u2122 en la parte delantera del pie facilita la zancada. Esta zapatilla, caracterizada por una parte superior estilizada y una suela extremadamente resistente, redefine el concepto de carrera diaria.<\/p>\n<p><strong>Caracter\u00edsticas:<\/strong><\/p>\n<ul class=\"features-container\">\n<li class=\"feature-item\">Cuello fino<\/li>\n<li class=\"feature-item\">Parte superior de creel jacquard<\/li>\n<li class=\"feature-item\">Leng\u00fceta con doble fuelle<\/li>\n<li class=\"feature-item\">Detalles reflectantes<\/li>\n<li class=\"feature-item\">Entresuela de EVA aplicada mediante un proceso innovador<\/li>\n<li class=\"feature-item\">Active Foot Frame\u2122 concentrado en el tal\u00f3n<\/li>\n<li class=\"feature-item\">MetaRocker\u2122 cerca del empeine<\/li>\n<li class=\"feature-item\">Elementos asim\u00e9tricos de la entresuela<\/li>\n<li class=\"feature-item\">Suela con disposici\u00f3n modular de elementos altamente resistentes a la abrasi\u00f3n<\/li>\n<\/ul>\n<p>&nbsp;<\/p>\n<h2 class=\"card-title mb-3\"><span title=\"\" data-toggle=\"tooltip\" data-placement=\"bottom\" data-title=\"Alcune scarpe hanno un supporto integrato superiore, pensato per gli iperpronatori; altre sono in minima parte ortopediche, progettate per garantire ammortizzazione senza ostacolarti.\" data-original-title=\"\"> <span class=\"techspec-bar-title\">Estabilidad<\/span><\/span><\/h2>\n<p class=\"card-title mb-3\"><span title=\"\" data-toggle=\"tooltip\" data-placement=\"bottom\" data-title=\"Alcune scarpe hanno un supporto integrato superiore, pensato per gli iperpronatori; altre sono in minima parte ortopediche, progettate per garantire ammortizzazione senza ostacolarti.\" data-original-title=\"\"><span class=\"techspec-bar-title\"><br \/>\nSkyflow cuenta con una cama amortiguada sim\u00e9trica, sin tecnolog\u00edas ortop\u00e9dicas adicionales. Dise\u00f1ada para ofrecerte el apoyo que necesitas, sin caracter\u00edsticas superfluas. <\/span><\/span><\/p>\n<p>&nbsp;<\/p>\n<h2 class=\"card-title mb-3\"><span title=\"\" data-toggle=\"tooltip\" data-placement=\"bottom\" data-title=\"Tutte le nostre calzature presentano un\u2019intersuola ammortizzata, progettata per ridurre l\u2019impatto e garantire supporto. La quantit\u00e0 di ammortizzazione e quanto sia compatta o morbida varia da modello a modello.\" data-original-title=\"\"> <span class=\"techspec-bar-title\">Amortiguaci\u00f3n<\/span><\/span><\/h2>\n<p class=\"tech-spec-product-msg active\">Skyflow est\u00e1 dise\u00f1ado para ofrecer una amortiguaci\u00f3n protectora, al tiempo que mantiene un impulso reactivo cuando deseas aumentar la velocidad.<\/p>\n<p><\/div><\/div><\/div>\n","protected":false},"excerpt":{"rendered":"<ul class=\"features-container\">\n<li class=\"feature-item\">Leng\u00fceta con fuelle.<\/li>\n<li class=\"feature-item\">Entresuela de espuma EVA aplicada mediante un proceso innovador.<\/li>\n<li class=\"feature-item\">Ideal para correr y caminar a diario.<\/li>\n<\/ul>\n","protected":false},"featured_media":394911,"template":"","meta":{"_acf_changed":false,"inline_featured_image":false},"product_brand":[],"product_cat":[24454,24453],"product_tag":[23479,23605],"class_list":{"0":"post-292772","1":"product","2":"type-product","3":"status-publish","4":"has-post-thumbnail","6":"product_cat-calzado-para-hombre","7":"product_cat-neutre-es-3","8":"product_tag-hoka-one-one-es","9":"product_tag-hoka-hombre","10":"pa_attivita-caminar","11":"pa_attivita-running-es","12":"pa_colore-skyflow-black-white-es","13":"pa_colore-skyflow-frost-cosmic-grey-es","14":"pa_colore-skyflow-midnight-blue-night-sky-es","15":"pa_colore-skyflow-midnight-blue-varsity-navy","16":"pa_colore-skyflow-sunlight-neon-yuzu","17":"pa_marca-hoka-es","18":"pa_sesso-hombre","19":"pa_size-41-es","20":"pa_size-42-es","21":"pa_size-43-es","22":"pa_size-44-es","24":"pa_size-45-es","25":"pa_size-46-es","28":"first","29":"instock","30":"sale","31":"taxable","32":"shipping-taxable","33":"purchasable","34":"product-type-variable","35":"wvs-archive-product-wrapper"},"acf":[],"yoast_head":"<!-- This site is optimized with the Yoast SEO plugin v26.8 - https:\/\/yoast.com\/product\/yoast-seo-wordpress\/ -->\n<title>Hoka Skyflow hombre - zapatillas de correr - MioMioRun.com<\/title>\n<meta name=\"description\" content=\"Skyflow est\u00e1 dise\u00f1ada para ofrecer una amortiguaci\u00f3n protectora, al tiempo que mantiene un impulso reactivo cuando deseas aumentar la velocidad.\" \/>\n<meta name=\"robots\" content=\"index, follow, max-snippet:-1, max-image-preview:large, max-video-preview:-1\" \/>\n<link rel=\"canonical\" href=\"https:\/\/www.miomiorun.com\/es\/producto\/skyflow-hombre\/\" \/>\n<meta property=\"og:locale\" content=\"es_ES\" \/>\n<meta property=\"og:type\" content=\"article\" \/>\n<meta property=\"og:title\" content=\"Hoka Skyflow hombre - zapatillas de correr - MioMioRun.com\" \/>\n<meta property=\"og:description\" content=\"Skyflow est\u00e1 dise\u00f1ada para ofrecer una amortiguaci\u00f3n protectora, al tiempo que mantiene un impulso reactivo cuando deseas aumentar la velocidad.\" \/>\n<meta property=\"og:url\" content=\"https:\/\/www.miomiorun.com\/es\/producto\/skyflow-hombre\/\" \/>\n<meta property=\"og:site_name\" content=\"MioMioRun\" \/>\n<meta property=\"article:publisher\" content=\"https:\/\/www.facebook.com\/miomiorun\/\" \/>\n<meta property=\"article:modified_time\" content=\"2026-03-04T15:04:10+00:00\" \/>\n<meta property=\"og:image\" content=\"https:\/\/www.miomiorun.com\/app\/uploads\/2026\/02\/hoka-Skyflow-sunlight-neon-yuzu-1155111-SYZ.webp\" \/>\n\t<meta property=\"og:image:width\" content=\"720\" \/>\n\t<meta property=\"og:image:height\" content=\"720\" \/>\n\t<meta property=\"og:image:type\" content=\"image\/webp\" \/>\n<meta name=\"twitter:card\" content=\"summary_large_image\" \/>\n<meta name=\"twitter:label1\" content=\"Est. reading time\" \/>\n\t<meta name=\"twitter:data1\" content=\"2 minutes\" \/>\n<script type=\"application\/ld+json\" class=\"yoast-schema-graph\">{\"@context\":\"https:\/\/schema.org\",\"@graph\":[{\"@type\":\"WebPage\",\"@id\":\"https:\/\/www.miomiorun.com\/es\/producto\/skyflow-hombre\/\",\"url\":\"https:\/\/www.miomiorun.com\/es\/producto\/skyflow-hombre\/\",\"name\":\"Hoka Skyflow hombre - zapatillas de correr - MioMioRun.com\",\"isPartOf\":{\"@id\":\"https:\/\/www.miomiorun.com\/es\/#website\"},\"primaryImageOfPage\":{\"@id\":\"https:\/\/www.miomiorun.com\/es\/producto\/skyflow-hombre\/#primaryimage\"},\"image\":{\"@id\":\"https:\/\/www.miomiorun.com\/es\/producto\/skyflow-hombre\/#primaryimage\"},\"thumbnailUrl\":\"https:\/\/www.miomiorun.com\/app\/uploads\/2026\/02\/hoka-Skyflow-sunlight-neon-yuzu-1155111-SYZ.webp\",\"datePublished\":\"2024-07-03T15:27:04+00:00\",\"dateModified\":\"2026-03-04T15:04:10+00:00\",\"description\":\"Skyflow est\u00e1 dise\u00f1ada para ofrecer una amortiguaci\u00f3n protectora, al tiempo que mantiene un impulso reactivo cuando deseas aumentar la velocidad.\",\"breadcrumb\":{\"@id\":\"https:\/\/www.miomiorun.com\/es\/producto\/skyflow-hombre\/#breadcrumb\"},\"inLanguage\":\"es-ES\",\"potentialAction\":[{\"@type\":\"ReadAction\",\"target\":[\"https:\/\/www.miomiorun.com\/es\/producto\/skyflow-hombre\/\"]}]},{\"@type\":\"ImageObject\",\"inLanguage\":\"es-ES\",\"@id\":\"https:\/\/www.miomiorun.com\/es\/producto\/skyflow-hombre\/#primaryimage\",\"url\":\"https:\/\/www.miomiorun.com\/app\/uploads\/2026\/02\/hoka-Skyflow-sunlight-neon-yuzu-1155111-SYZ.webp\",\"contentUrl\":\"https:\/\/www.miomiorun.com\/app\/uploads\/2026\/02\/hoka-Skyflow-sunlight-neon-yuzu-1155111-SYZ.webp\",\"width\":720,\"height\":720,\"caption\":\"hoka Skyflow sunlight neon yuzu 1155111 SYZ\"},{\"@type\":\"BreadcrumbList\",\"@id\":\"https:\/\/www.miomiorun.com\/es\/producto\/skyflow-hombre\/#breadcrumb\",\"itemListElement\":[{\"@type\":\"ListItem\",\"position\":1,\"name\":\"Home\",\"item\":\"https:\/\/www.miomiorun.com\/es\/\"},{\"@type\":\"ListItem\",\"position\":2,\"name\":\"Shop\",\"item\":\"https:\/\/www.miomiorun.com\/shop\/\"},{\"@type\":\"ListItem\",\"position\":3,\"name\":\"Skyflow hombre\"}]},{\"@type\":\"WebSite\",\"@id\":\"https:\/\/www.miomiorun.com\/es\/#website\",\"url\":\"https:\/\/www.miomiorun.com\/es\/\",\"name\":\"MioMioRun\",\"description\":\"Tienda 100% running y trail\",\"publisher\":{\"@id\":\"https:\/\/www.miomiorun.com\/es\/#organization\"},\"potentialAction\":[{\"@type\":\"SearchAction\",\"target\":{\"@type\":\"EntryPoint\",\"urlTemplate\":\"https:\/\/www.miomiorun.com\/es\/?s={search_term_string}\"},\"query-input\":{\"@type\":\"PropertyValueSpecification\",\"valueRequired\":true,\"valueName\":\"search_term_string\"}}],\"inLanguage\":\"es-ES\"},{\"@type\":\"Organization\",\"@id\":\"https:\/\/www.miomiorun.com\/es\/#organization\",\"name\":\"MioMio Run\",\"url\":\"https:\/\/www.miomiorun.com\/es\/\",\"logo\":{\"@type\":\"ImageObject\",\"inLanguage\":\"es-ES\",\"@id\":\"https:\/\/www.miomiorun.com\/es\/#\/schema\/logo\/image\/\",\"url\":\"https:\/\/www.miomiorun.com\/app\/uploads\/2019\/12\/logomio.png\",\"contentUrl\":\"https:\/\/www.miomiorun.com\/app\/uploads\/2019\/12\/logomio.png\",\"width\":115,\"height\":82,\"caption\":\"MioMio Run\"},\"image\":{\"@id\":\"https:\/\/www.miomiorun.com\/es\/#\/schema\/logo\/image\/\"},\"sameAs\":[\"https:\/\/www.facebook.com\/miomiorun\/\",\"https:\/\/www.instagram.com\/miomiorun\/\"]}]}<\/script>\n<!-- \/ Yoast SEO plugin. -->","yoast_head_json":{"title":"Hoka Skyflow hombre - zapatillas de correr - MioMioRun.com","description":"Skyflow est\u00e1 dise\u00f1ada para ofrecer una amortiguaci\u00f3n protectora, al tiempo que mantiene un impulso reactivo cuando deseas aumentar la velocidad.","robots":{"index":"index","follow":"follow","max-snippet":"max-snippet:-1","max-image-preview":"max-image-preview:large","max-video-preview":"max-video-preview:-1"},"canonical":"https:\/\/www.miomiorun.com\/es\/producto\/skyflow-hombre\/","og_locale":"es_ES","og_type":"article","og_title":"Hoka Skyflow hombre - zapatillas de correr - MioMioRun.com","og_description":"Skyflow est\u00e1 dise\u00f1ada para ofrecer una amortiguaci\u00f3n protectora, al tiempo que mantiene un impulso reactivo cuando deseas aumentar la velocidad.","og_url":"https:\/\/www.miomiorun.com\/es\/producto\/skyflow-hombre\/","og_site_name":"MioMioRun","article_publisher":"https:\/\/www.facebook.com\/miomiorun\/","article_modified_time":"2026-03-04T15:04:10+00:00","og_image":[{"width":720,"height":720,"url":"https:\/\/www.miomiorun.com\/app\/uploads\/2026\/02\/hoka-Skyflow-sunlight-neon-yuzu-1155111-SYZ.webp","type":"image\/webp"}],"twitter_card":"summary_large_image","twitter_misc":{"Est. reading time":"2 minutes"},"schema":{"@context":"https:\/\/schema.org","@graph":[{"@type":"WebPage","@id":"https:\/\/www.miomiorun.com\/es\/producto\/skyflow-hombre\/","url":"https:\/\/www.miomiorun.com\/es\/producto\/skyflow-hombre\/","name":"Hoka Skyflow hombre - zapatillas de correr - MioMioRun.com","isPartOf":{"@id":"https:\/\/www.miomiorun.com\/es\/#website"},"primaryImageOfPage":{"@id":"https:\/\/www.miomiorun.com\/es\/producto\/skyflow-hombre\/#primaryimage"},"image":{"@id":"https:\/\/www.miomiorun.com\/es\/producto\/skyflow-hombre\/#primaryimage"},"thumbnailUrl":"https:\/\/www.miomiorun.com\/app\/uploads\/2026\/02\/hoka-Skyflow-sunlight-neon-yuzu-1155111-SYZ.webp","datePublished":"2024-07-03T15:27:04+00:00","dateModified":"2026-03-04T15:04:10+00:00","description":"Skyflow est\u00e1 dise\u00f1ada para ofrecer una amortiguaci\u00f3n protectora, al tiempo que mantiene un impulso reactivo cuando deseas aumentar la velocidad.","breadcrumb":{"@id":"https:\/\/www.miomiorun.com\/es\/producto\/skyflow-hombre\/#breadcrumb"},"inLanguage":"es-ES","potentialAction":[{"@type":"ReadAction","target":["https:\/\/www.miomiorun.com\/es\/producto\/skyflow-hombre\/"]}]},{"@type":"ImageObject","inLanguage":"es-ES","@id":"https:\/\/www.miomiorun.com\/es\/producto\/skyflow-hombre\/#primaryimage","url":"https:\/\/www.miomiorun.com\/app\/uploads\/2026\/02\/hoka-Skyflow-sunlight-neon-yuzu-1155111-SYZ.webp","contentUrl":"https:\/\/www.miomiorun.com\/app\/uploads\/2026\/02\/hoka-Skyflow-sunlight-neon-yuzu-1155111-SYZ.webp","width":720,"height":720,"caption":"hoka Skyflow sunlight neon yuzu 1155111 SYZ"},{"@type":"BreadcrumbList","@id":"https:\/\/www.miomiorun.com\/es\/producto\/skyflow-hombre\/#breadcrumb","itemListElement":[{"@type":"ListItem","position":1,"name":"Home","item":"https:\/\/www.miomiorun.com\/es\/"},{"@type":"ListItem","position":2,"name":"Shop","item":"https:\/\/www.miomiorun.com\/shop\/"},{"@type":"ListItem","position":3,"name":"Skyflow hombre"}]},{"@type":"WebSite","@id":"https:\/\/www.miomiorun.com\/es\/#website","url":"https:\/\/www.miomiorun.com\/es\/","name":"MioMioRun","description":"Tienda 100% running y trail","publisher":{"@id":"https:\/\/www.miomiorun.com\/es\/#organization"},"potentialAction":[{"@type":"SearchAction","target":{"@type":"EntryPoint","urlTemplate":"https:\/\/www.miomiorun.com\/es\/?s={search_term_string}"},"query-input":{"@type":"PropertyValueSpecification","valueRequired":true,"valueName":"search_term_string"}}],"inLanguage":"es-ES"},{"@type":"Organization","@id":"https:\/\/www.miomiorun.com\/es\/#organization","name":"MioMio Run","url":"https:\/\/www.miomiorun.com\/es\/","logo":{"@type":"ImageObject","inLanguage":"es-ES","@id":"https:\/\/www.miomiorun.com\/es\/#\/schema\/logo\/image\/","url":"https:\/\/www.miomiorun.com\/app\/uploads\/2019\/12\/logomio.png","contentUrl":"https:\/\/www.miomiorun.com\/app\/uploads\/2019\/12\/logomio.png","width":115,"height":82,"caption":"MioMio Run"},"image":{"@id":"https:\/\/www.miomiorun.com\/es\/#\/schema\/logo\/image\/"},"sameAs":["https:\/\/www.facebook.com\/miomiorun\/","https:\/\/www.instagram.com\/miomiorun\/"]}]}},"_links":{"self":[{"href":"https:\/\/www.miomiorun.com\/es\/wp-json\/wp\/v2\/product\/292772","targetHints":{"allow":["GET"]}}],"collection":[{"href":"https:\/\/www.miomiorun.com\/es\/wp-json\/wp\/v2\/product"}],"about":[{"href":"https:\/\/www.miomiorun.com\/es\/wp-json\/wp\/v2\/types\/product"}],"wp:featuredmedia":[{"embeddable":true,"href":"https:\/\/www.miomiorun.com\/es\/wp-json\/wp\/v2\/media\/394911"}],"wp:attachment":[{"href":"https:\/\/www.miomiorun.com\/es\/wp-json\/wp\/v2\/media?parent=292772"}],"wp:term":[{"taxonomy":"product_brand","embeddable":true,"href":"https:\/\/www.miomiorun.com\/es\/wp-json\/wp\/v2\/product_brand?post=292772"},{"taxonomy":"product_cat","embeddable":true,"href":"https:\/\/www.miomiorun.com\/es\/wp-json\/wp\/v2\/product_cat?post=292772"},{"taxonomy":"product_tag","embeddable":true,"href":"https:\/\/www.miomiorun.com\/es\/wp-json\/wp\/v2\/product_tag?post=292772"}],"curies":[{"name":"wp","href":"https:\/\/api.w.org\/{rel}","templated":true}]}}