{"id":292736,"date":"2024-06-28T16:04:44","date_gmt":"2024-06-28T14:04:44","guid":{"rendered":"https:\/\/miomiorun.com\/prodotto\/cherry-blossom-maglietta-donna\/"},"modified":"2026-05-07T18:02:15","modified_gmt":"2026-05-07T16:02:15","slug":"cherry-blossom-maglietta-mujer","status":"publish","type":"product","link":"https:\/\/www.miomiorun.com\/es\/producto\/cherry-blossom-maglietta-mujer\/","title":{"rendered":"Cherry Blossom Maglietta mujer"},"content":{"rendered":"<h3 class=\"single-product-description\">Esta prenda deportiva rinde homenaje a la delicadeza y la belleza de la naturaleza con un estampado inspirado en los capullos de cerezo. El color azul claro de la camiseta evoca la serenidad de los cielos primaverales, mientras que el estampado floral le aporta un toque de elegancia. Al llevar esta camiseta, llevar\u00e1s contigo la esencia de la primavera y de la naturaleza a cada paso, envuelto en la belleza de los capullos de cerezo en flor.<\/h3>\n<h3 class=\"title-description\">Caracter\u00edsticas<\/h3>\n<div>\n<ul>\n<li dir=\"ltr\">Camiseta t\u00e9cnica, ligera y transpirable.<\/li>\n<li dir=\"ltr\">Confeccionada en tejido Micromesh suave como la seda.<\/li>\n<li dir=\"ltr\">Su gramaje la hace ideal para carreras de Trail y Ultra Trail: transpirable para los momentos m\u00e1s calurosos, con la cobertura suficiente cuando hace fresco, protege el hombro de posibles roces con la mochila.<\/li>\n<li dir=\"ltr\">Perfecta tambi\u00e9n para entrenamientos urbanos y de entretiempo*.<\/li>\n<li dir=\"ltr\">Corte femenino, talle europeo.<\/li>\n<li dir=\"ltr\">El estampado gr\u00e1fico se realiza mediante sublimaci\u00f3n: no se deteriora ni se decolora.<\/li>\n<\/ul>\n<div class=\"istruzioni\">\n<h3>Instrucciones de lavado<\/h3>\n<div>\n<p>Los productos Wild Tee est\u00e1n hechos para durar, su cuidado es muy sencillo: lavar del rev\u00e9s, en lavadora, con un programa para prendas deportivas, sin suavizante, a una temperatura m\u00e1xima de 40 \u00b0C, secar al aire.<\/p>\n<div class=\"tab-composizione \">\n<h3>Composici\u00f3n<\/h3>\n<div>100 % PES estampado por sublimaci\u00f3n total. 100 % reciclable.<\/div>\n<\/div>\n<\/div>\n<\/div>\n<\/div>\n","protected":false},"excerpt":{"rendered":"<ul>\n<li>Camiseta ligera y transpirable.<\/li>\n<li>Ideal para entrenar.<\/li>\n<\/ul>\n","protected":false},"featured_media":247433,"template":"","meta":{"_acf_changed":false,"inline_featured_image":false},"product_brand":[],"product_cat":[24226,24401,24402],"product_tag":[23527,23624],"class_list":{"0":"post-292736","1":"product","2":"type-product","3":"status-publish","4":"has-post-thumbnail","6":"product_cat-camiseta","7":"product_cat-ropa-de-mujer","8":"product_cat-mujer","9":"product_tag-wild-tee-es","10":"product_tag-wild-tee-mujer","11":"pa_attivita-caminar","12":"pa_attivita-fitness-es","13":"pa_attivita-running-es","14":"pa_attivita-trail-es","15":"pa_marca-wild-tee-es","16":"pa_sesso-mujer","17":"pa_size-extra-small-es","18":"pa_size-medium-es","19":"pa_size-large-es","21":"first","22":"instock","23":"sale","24":"taxable","25":"shipping-taxable","26":"purchasable","27":"product-type-variable","28":"wvs-archive-product-wrapper"},"acf":[],"yoast_head":"<!-- This site is optimized with the Yoast SEO plugin v26.8 - https:\/\/yoast.com\/product\/yoast-seo-wordpress\/ -->\n<title>Wild Tee Cherry Blossom Maglietta mujer - Camiseta para correr - MioMioRun<\/title>\n<meta name=\"description\" content=\"Camiseta t\u00e9cnica, ligera y transpirable. Confeccionada en tejido Micromesh, suave como la seda. Su gramaje la hace ideal para carreras de trail y ultratrail\" \/>\n<meta name=\"robots\" content=\"index, follow, max-snippet:-1, max-image-preview:large, max-video-preview:-1\" \/>\n<link rel=\"canonical\" href=\"https:\/\/www.miomiorun.com\/es\/producto\/cherry-blossom-maglietta-mujer\/\" \/>\n<meta property=\"og:locale\" content=\"es_ES\" \/>\n<meta property=\"og:type\" content=\"article\" \/>\n<meta property=\"og:title\" content=\"Wild Tee Cherry Blossom Maglietta mujer - Camiseta para correr - MioMioRun\" \/>\n<meta property=\"og:description\" content=\"Camiseta t\u00e9cnica, ligera y transpirable. Confeccionada en tejido Micromesh, suave como la seda. Su gramaje la hace ideal para carreras de trail y ultratrail\" \/>\n<meta property=\"og:url\" content=\"https:\/\/www.miomiorun.com\/es\/producto\/cherry-blossom-maglietta-mujer\/\" \/>\n<meta property=\"og:site_name\" content=\"MioMioRun\" \/>\n<meta property=\"article:publisher\" content=\"https:\/\/www.facebook.com\/miomiorun\/\" \/>\n<meta property=\"article:modified_time\" content=\"2026-05-07T16:02:15+00:00\" \/>\n<meta property=\"og:image\" content=\"https:\/\/www.miomiorun.com\/app\/uploads\/2024\/06\/wild-tee-Cherry-blossom-maglietta-W-WT020WT179.webp\" \/>\n\t<meta property=\"og:image:width\" content=\"600\" \/>\n\t<meta property=\"og:image:height\" content=\"600\" \/>\n\t<meta property=\"og:image:type\" content=\"image\/webp\" \/>\n<meta name=\"twitter:card\" content=\"summary_large_image\" \/>\n<meta name=\"twitter:label1\" content=\"Est. reading time\" \/>\n\t<meta name=\"twitter:data1\" content=\"1 minute\" \/>\n<script type=\"application\/ld+json\" class=\"yoast-schema-graph\">{\"@context\":\"https:\/\/schema.org\",\"@graph\":[{\"@type\":\"WebPage\",\"@id\":\"https:\/\/www.miomiorun.com\/es\/producto\/cherry-blossom-maglietta-mujer\/\",\"url\":\"https:\/\/www.miomiorun.com\/es\/producto\/cherry-blossom-maglietta-mujer\/\",\"name\":\"Wild Tee Cherry Blossom Maglietta mujer - Camiseta para correr - MioMioRun\",\"isPartOf\":{\"@id\":\"https:\/\/www.miomiorun.com\/es\/#website\"},\"primaryImageOfPage\":{\"@id\":\"https:\/\/www.miomiorun.com\/es\/producto\/cherry-blossom-maglietta-mujer\/#primaryimage\"},\"image\":{\"@id\":\"https:\/\/www.miomiorun.com\/es\/producto\/cherry-blossom-maglietta-mujer\/#primaryimage\"},\"thumbnailUrl\":\"https:\/\/www.miomiorun.com\/app\/uploads\/2024\/06\/wild-tee-Cherry-blossom-maglietta-W-WT020WT179.webp\",\"datePublished\":\"2024-06-28T14:04:44+00:00\",\"dateModified\":\"2026-05-07T16:02:15+00:00\",\"description\":\"Camiseta t\u00e9cnica, ligera y transpirable. Confeccionada en tejido Micromesh, suave como la seda. Su gramaje la hace ideal para carreras de trail y ultratrail\",\"breadcrumb\":{\"@id\":\"https:\/\/www.miomiorun.com\/es\/producto\/cherry-blossom-maglietta-mujer\/#breadcrumb\"},\"inLanguage\":\"es-ES\",\"potentialAction\":[{\"@type\":\"ReadAction\",\"target\":[\"https:\/\/www.miomiorun.com\/es\/producto\/cherry-blossom-maglietta-mujer\/\"]}]},{\"@type\":\"ImageObject\",\"inLanguage\":\"es-ES\",\"@id\":\"https:\/\/www.miomiorun.com\/es\/producto\/cherry-blossom-maglietta-mujer\/#primaryimage\",\"url\":\"https:\/\/www.miomiorun.com\/app\/uploads\/2024\/06\/wild-tee-Cherry-blossom-maglietta-W-WT020WT179.webp\",\"contentUrl\":\"https:\/\/www.miomiorun.com\/app\/uploads\/2024\/06\/wild-tee-Cherry-blossom-maglietta-W-WT020WT179.webp\",\"width\":600,\"height\":600,\"caption\":\"wild tee Cherry blossom maglietta W WT020WT179\"},{\"@type\":\"BreadcrumbList\",\"@id\":\"https:\/\/www.miomiorun.com\/es\/producto\/cherry-blossom-maglietta-mujer\/#breadcrumb\",\"itemListElement\":[{\"@type\":\"ListItem\",\"position\":1,\"name\":\"Home\",\"item\":\"https:\/\/www.miomiorun.com\/es\/\"},{\"@type\":\"ListItem\",\"position\":2,\"name\":\"Shop\",\"item\":\"https:\/\/www.miomiorun.com\/shop\/\"},{\"@type\":\"ListItem\",\"position\":3,\"name\":\"Cherry Blossom Maglietta mujer\"}]},{\"@type\":\"WebSite\",\"@id\":\"https:\/\/www.miomiorun.com\/es\/#website\",\"url\":\"https:\/\/www.miomiorun.com\/es\/\",\"name\":\"MioMioRun\",\"description\":\"Tienda 100% running y trail\",\"publisher\":{\"@id\":\"https:\/\/www.miomiorun.com\/es\/#organization\"},\"potentialAction\":[{\"@type\":\"SearchAction\",\"target\":{\"@type\":\"EntryPoint\",\"urlTemplate\":\"https:\/\/www.miomiorun.com\/es\/?s={search_term_string}\"},\"query-input\":{\"@type\":\"PropertyValueSpecification\",\"valueRequired\":true,\"valueName\":\"search_term_string\"}}],\"inLanguage\":\"es-ES\"},{\"@type\":\"Organization\",\"@id\":\"https:\/\/www.miomiorun.com\/es\/#organization\",\"name\":\"MioMio Run\",\"url\":\"https:\/\/www.miomiorun.com\/es\/\",\"logo\":{\"@type\":\"ImageObject\",\"inLanguage\":\"es-ES\",\"@id\":\"https:\/\/www.miomiorun.com\/es\/#\/schema\/logo\/image\/\",\"url\":\"https:\/\/www.miomiorun.com\/app\/uploads\/2019\/12\/logomio.png\",\"contentUrl\":\"https:\/\/www.miomiorun.com\/app\/uploads\/2019\/12\/logomio.png\",\"width\":115,\"height\":82,\"caption\":\"MioMio Run\"},\"image\":{\"@id\":\"https:\/\/www.miomiorun.com\/es\/#\/schema\/logo\/image\/\"},\"sameAs\":[\"https:\/\/www.facebook.com\/miomiorun\/\",\"https:\/\/www.instagram.com\/miomiorun\/\"]}]}<\/script>\n<!-- \/ Yoast SEO plugin. -->","yoast_head_json":{"title":"Wild Tee Cherry Blossom Maglietta mujer - Camiseta para correr - MioMioRun","description":"Camiseta t\u00e9cnica, ligera y transpirable. Confeccionada en tejido Micromesh, suave como la seda. Su gramaje la hace ideal para carreras de trail y ultratrail","robots":{"index":"index","follow":"follow","max-snippet":"max-snippet:-1","max-image-preview":"max-image-preview:large","max-video-preview":"max-video-preview:-1"},"canonical":"https:\/\/www.miomiorun.com\/es\/producto\/cherry-blossom-maglietta-mujer\/","og_locale":"es_ES","og_type":"article","og_title":"Wild Tee Cherry Blossom Maglietta mujer - Camiseta para correr - MioMioRun","og_description":"Camiseta t\u00e9cnica, ligera y transpirable. Confeccionada en tejido Micromesh, suave como la seda. Su gramaje la hace ideal para carreras de trail y ultratrail","og_url":"https:\/\/www.miomiorun.com\/es\/producto\/cherry-blossom-maglietta-mujer\/","og_site_name":"MioMioRun","article_publisher":"https:\/\/www.facebook.com\/miomiorun\/","article_modified_time":"2026-05-07T16:02:15+00:00","og_image":[{"width":600,"height":600,"url":"https:\/\/www.miomiorun.com\/app\/uploads\/2024\/06\/wild-tee-Cherry-blossom-maglietta-W-WT020WT179.webp","type":"image\/webp"}],"twitter_card":"summary_large_image","twitter_misc":{"Est. reading time":"1 minute"},"schema":{"@context":"https:\/\/schema.org","@graph":[{"@type":"WebPage","@id":"https:\/\/www.miomiorun.com\/es\/producto\/cherry-blossom-maglietta-mujer\/","url":"https:\/\/www.miomiorun.com\/es\/producto\/cherry-blossom-maglietta-mujer\/","name":"Wild Tee Cherry Blossom Maglietta mujer - Camiseta para correr - MioMioRun","isPartOf":{"@id":"https:\/\/www.miomiorun.com\/es\/#website"},"primaryImageOfPage":{"@id":"https:\/\/www.miomiorun.com\/es\/producto\/cherry-blossom-maglietta-mujer\/#primaryimage"},"image":{"@id":"https:\/\/www.miomiorun.com\/es\/producto\/cherry-blossom-maglietta-mujer\/#primaryimage"},"thumbnailUrl":"https:\/\/www.miomiorun.com\/app\/uploads\/2024\/06\/wild-tee-Cherry-blossom-maglietta-W-WT020WT179.webp","datePublished":"2024-06-28T14:04:44+00:00","dateModified":"2026-05-07T16:02:15+00:00","description":"Camiseta t\u00e9cnica, ligera y transpirable. Confeccionada en tejido Micromesh, suave como la seda. Su gramaje la hace ideal para carreras de trail y ultratrail","breadcrumb":{"@id":"https:\/\/www.miomiorun.com\/es\/producto\/cherry-blossom-maglietta-mujer\/#breadcrumb"},"inLanguage":"es-ES","potentialAction":[{"@type":"ReadAction","target":["https:\/\/www.miomiorun.com\/es\/producto\/cherry-blossom-maglietta-mujer\/"]}]},{"@type":"ImageObject","inLanguage":"es-ES","@id":"https:\/\/www.miomiorun.com\/es\/producto\/cherry-blossom-maglietta-mujer\/#primaryimage","url":"https:\/\/www.miomiorun.com\/app\/uploads\/2024\/06\/wild-tee-Cherry-blossom-maglietta-W-WT020WT179.webp","contentUrl":"https:\/\/www.miomiorun.com\/app\/uploads\/2024\/06\/wild-tee-Cherry-blossom-maglietta-W-WT020WT179.webp","width":600,"height":600,"caption":"wild tee Cherry blossom maglietta W WT020WT179"},{"@type":"BreadcrumbList","@id":"https:\/\/www.miomiorun.com\/es\/producto\/cherry-blossom-maglietta-mujer\/#breadcrumb","itemListElement":[{"@type":"ListItem","position":1,"name":"Home","item":"https:\/\/www.miomiorun.com\/es\/"},{"@type":"ListItem","position":2,"name":"Shop","item":"https:\/\/www.miomiorun.com\/shop\/"},{"@type":"ListItem","position":3,"name":"Cherry Blossom Maglietta mujer"}]},{"@type":"WebSite","@id":"https:\/\/www.miomiorun.com\/es\/#website","url":"https:\/\/www.miomiorun.com\/es\/","name":"MioMioRun","description":"Tienda 100% running y trail","publisher":{"@id":"https:\/\/www.miomiorun.com\/es\/#organization"},"potentialAction":[{"@type":"SearchAction","target":{"@type":"EntryPoint","urlTemplate":"https:\/\/www.miomiorun.com\/es\/?s={search_term_string}"},"query-input":{"@type":"PropertyValueSpecification","valueRequired":true,"valueName":"search_term_string"}}],"inLanguage":"es-ES"},{"@type":"Organization","@id":"https:\/\/www.miomiorun.com\/es\/#organization","name":"MioMio Run","url":"https:\/\/www.miomiorun.com\/es\/","logo":{"@type":"ImageObject","inLanguage":"es-ES","@id":"https:\/\/www.miomiorun.com\/es\/#\/schema\/logo\/image\/","url":"https:\/\/www.miomiorun.com\/app\/uploads\/2019\/12\/logomio.png","contentUrl":"https:\/\/www.miomiorun.com\/app\/uploads\/2019\/12\/logomio.png","width":115,"height":82,"caption":"MioMio Run"},"image":{"@id":"https:\/\/www.miomiorun.com\/es\/#\/schema\/logo\/image\/"},"sameAs":["https:\/\/www.facebook.com\/miomiorun\/","https:\/\/www.instagram.com\/miomiorun\/"]}]}},"_links":{"self":[{"href":"https:\/\/www.miomiorun.com\/es\/wp-json\/wp\/v2\/product\/292736","targetHints":{"allow":["GET"]}}],"collection":[{"href":"https:\/\/www.miomiorun.com\/es\/wp-json\/wp\/v2\/product"}],"about":[{"href":"https:\/\/www.miomiorun.com\/es\/wp-json\/wp\/v2\/types\/product"}],"wp:featuredmedia":[{"embeddable":true,"href":"https:\/\/www.miomiorun.com\/es\/wp-json\/wp\/v2\/media\/247433"}],"wp:attachment":[{"href":"https:\/\/www.miomiorun.com\/es\/wp-json\/wp\/v2\/media?parent=292736"}],"wp:term":[{"taxonomy":"product_brand","embeddable":true,"href":"https:\/\/www.miomiorun.com\/es\/wp-json\/wp\/v2\/product_brand?post=292736"},{"taxonomy":"product_cat","embeddable":true,"href":"https:\/\/www.miomiorun.com\/es\/wp-json\/wp\/v2\/product_cat?post=292736"},{"taxonomy":"product_tag","embeddable":true,"href":"https:\/\/www.miomiorun.com\/es\/wp-json\/wp\/v2\/product_tag?post=292736"}],"curies":[{"name":"wp","href":"https:\/\/api.w.org\/{rel}","templated":true}]}}