{"id":292528,"date":"2024-07-04T13:11:33","date_gmt":"2024-07-04T11:11:33","guid":{"rendered":"https:\/\/miomiorun.com\/prodotto\/ikoni-3-0-uomo\/"},"modified":"2026-05-08T22:07:16","modified_gmt":"2026-05-08T20:07:16","slug":"ikoni-3-0-hombre","status":"publish","type":"product","link":"https:\/\/www.miomiorun.com\/es\/producto\/ikoni-3-0-hombre\/","title":{"rendered":"Ikoni 3.0 hombre"},"content":{"rendered":"<div class=\"vc-row container\"><div class=\"vc-column\"><div class=\"vc-column-text\"><\/p>\n<h4>Especificaciones t\u00e9cnicas<\/h4>\n<p>Categor\u00eda: Amortiguaci\u00f3n media<br \/>\nDesnivel: 8 mm<br \/>\nPeso: 301 g<br \/>\nIdeal para: corredores que buscan una zapatilla con buena amortiguaci\u00f3n y una transici\u00f3n fluida, para carreras de media distancia.<br \/>\nPeso del atleta: 65-75 kg<br \/>\nRitmo de carrera: medio-r\u00e1pido (4,30-5,30 min\/km)<br \/>\n<a href=\"https:\/\/miomiorun.com\/es\/guia-especifica\/\">Gu\u00eda de especificaciones t\u00e9cnicas<\/a><\/p>\n<p><\/div><\/div><div class=\"vc-column\"><div class=\"vc-column-text\"><\/p>\n<h2 style=\"text-align: center\">Mejora tu experiencia de carrera con este excepcional modelo de KARHU.<\/h2>\n<p>&nbsp;<\/p>\n<h3 style=\"text-align: center\">Te presentamos las nuevas <strong>KARHU Ikoni 3.0<\/strong> para hombre, las zapatillas de running definitivas dise\u00f1adas para ofrecer comodidad, sujeci\u00f3n y amortiguaci\u00f3n sin igual.<\/h3>\n<p>Dise\u00f1ada tanto para corredores neutros como para aquellos con una ligera hiperpronaci\u00f3n, la <strong>Ikoni 3.0<\/strong> para hombre es la zapatilla perfecta para correr a diario. El moderno contrafuerte del tal\u00f3n acampanado y la parte superior de malla <strong>IdealKnit<\/strong> con dise\u00f1o atigrado mejoran la comodidad y la transpirabilidad.<\/p>\n<p>La mayor altura de la entresuela de <strong>AeroFoam<\/strong>, m\u00e1s blanda, garantiza una carrera amortiguada, mientras que el dise\u00f1o m\u00e1s ancho bajo el pie asegura un mejor equilibrio y un mejor ajuste. La suela cuenta con una capa adicional de goma para una tracci\u00f3n y estabilidad superiores, mientras que el nuevo canal de desviaci\u00f3n absorbe los impactos para una experiencia de carrera excelente.<\/p>\n<h3>Caracter\u00edsticas:<\/h3>\n<ul>\n<li>Talonera acampanada para una comodidad personalizada<\/li>\n<li>Un Fulcrum estable acuna el pie para una gu\u00eda y una transici\u00f3n fluidas<\/li>\n<li>La altura adicional de la entresuela y la unidad de propulsi\u00f3n se combinan para ofrecer una carrera fluida y guiada.<\/li>\n<li>AeroFoam m\u00e1s blando para una experiencia m\u00e1s amortiguada<\/li>\n<li>Construcci\u00f3n de malla IdealKnit con patr\u00f3n en espiral para garantizar transpirabilidad y sujeci\u00f3n.<\/li>\n<li>Sujeci\u00f3n M-lock para fijar el mediopi\u00e9<\/li>\n<\/ul>\n<p>&nbsp;<\/p>\n<p>Utiliza la <strong>tecnolog\u00eda<\/strong> <strong>Fulcrum:<\/strong><\/p>\n<p><img loading=\"lazy\" decoding=\"async\" class=\"\" src=\"https:\/\/cdn.shopify.com\/s\/files\/1\/0519\/4570\/1549\/files\/fulcrum_800x.png?v=1612961012\" width=\"122\" height=\"54\"><\/p>\n<p>La tecnolog\u00eda KARHU Fulcrum est\u00e1 dise\u00f1ada para mantener todas las fuerzas hacia delante, reduciendo las fuerzas de frenado y utilizando la energ\u00eda natural de tu cuerpo para crear una pisada m\u00e1s fluida. Es lo que llamamos Efecto Rolling. La tecnolog\u00eda Fulcrum proporciona: amortiguaci\u00f3n equilibrada, mayor sujeci\u00f3n y m\u00e1s energ\u00eda. Las Ikoni cuentan con un fulcro de media longitud para una mayor flexibilidad en la parte delantera del pie.<\/div><\/div><\/div>\n","protected":false},"excerpt":{"rendered":"<ul>\n<li>superligeras<\/li>\n<li>con una amortiguaci\u00f3n excelente<\/li>\n<li>ideales para corredores con pisada neutra e hiperpronadores<\/li>\n<\/ul>\n","protected":false},"featured_media":360935,"template":"","meta":{"_acf_changed":false,"inline_featured_image":false},"product_brand":[],"product_cat":[24454,24453],"product_tag":[23475,23603],"class_list":{"0":"post-292528","1":"product","2":"type-product","3":"status-publish","4":"has-post-thumbnail","6":"product_cat-calzado-para-hombre","7":"product_cat-neutre-es-3","8":"product_tag-karhu-es","9":"product_tag-karhu-hombre","10":"pa_attivita-caminar","11":"pa_attivita-fitness-es","12":"pa_attivita-running-es","13":"pa_colore-ikoni-3-0-glacier-gray-turmeric-es","14":"pa_colore-ikoni-3-0-lunar-rock-turtledove-es","15":"pa_colore-ikoni-3-0-m-white-mood-indigo-es","16":"pa_marca-karhu-es","17":"pa_sesso-hombre","18":"pa_size-41-5-es","19":"pa_size-42-es","20":"pa_size-42-5-es","21":"pa_size-46-5-es","23":"first","24":"instock","25":"sale","26":"taxable","27":"shipping-taxable","28":"purchasable","29":"product-type-variable","30":"wvs-archive-product-wrapper"},"acf":[],"yoast_head":"<!-- This site is optimized with the Yoast SEO plugin v26.8 - https:\/\/yoast.com\/product\/yoast-seo-wordpress\/ -->\n<title>Karhu Ikoni 3.0 hombre -zapatillas de running - MioMioRun .com<\/title>\n<meta name=\"description\" content=\"Dise\u00f1ada tanto para corredores con pisada neutra como para aquellos con una ligera hiperpronaci\u00f3n, la Ikoni 3.0 para hombre es la zapatilla perfecta para correr a diario.\" \/>\n<meta name=\"robots\" content=\"index, follow, max-snippet:-1, max-image-preview:large, max-video-preview:-1\" \/>\n<link rel=\"canonical\" href=\"https:\/\/www.miomiorun.com\/es\/producto\/ikoni-3-0-hombre\/\" \/>\n<meta property=\"og:locale\" content=\"es_ES\" \/>\n<meta property=\"og:type\" content=\"article\" \/>\n<meta property=\"og:title\" content=\"Karhu Ikoni 3.0 hombre -zapatillas de running - MioMioRun .com\" \/>\n<meta property=\"og:description\" content=\"Dise\u00f1ada tanto para corredores con pisada neutra como para aquellos con una ligera hiperpronaci\u00f3n, la Ikoni 3.0 para hombre es la zapatilla perfecta para correr a diario.\" \/>\n<meta property=\"og:url\" content=\"https:\/\/www.miomiorun.com\/es\/producto\/ikoni-3-0-hombre\/\" \/>\n<meta property=\"og:site_name\" content=\"MioMioRun\" \/>\n<meta property=\"article:publisher\" content=\"https:\/\/www.facebook.com\/miomiorun\/\" \/>\n<meta property=\"article:modified_time\" content=\"2026-05-08T20:07:16+00:00\" \/>\n<meta property=\"og:image\" content=\"https:\/\/www.miomiorun.com\/app\/uploads\/2025\/10\/karhu-Ikoni-3.0-titan-shocking-orange-F102020.webp\" \/>\n\t<meta property=\"og:image:width\" content=\"720\" \/>\n\t<meta property=\"og:image:height\" content=\"720\" \/>\n\t<meta property=\"og:image:type\" content=\"image\/webp\" \/>\n<meta name=\"twitter:card\" content=\"summary_large_image\" \/>\n<meta name=\"twitter:label1\" content=\"Est. reading time\" \/>\n\t<meta name=\"twitter:data1\" content=\"2 minutes\" \/>\n<script type=\"application\/ld+json\" class=\"yoast-schema-graph\">{\"@context\":\"https:\/\/schema.org\",\"@graph\":[{\"@type\":\"WebPage\",\"@id\":\"https:\/\/www.miomiorun.com\/es\/producto\/ikoni-3-0-hombre\/\",\"url\":\"https:\/\/www.miomiorun.com\/es\/producto\/ikoni-3-0-hombre\/\",\"name\":\"Karhu Ikoni 3.0 hombre -zapatillas de running - MioMioRun .com\",\"isPartOf\":{\"@id\":\"https:\/\/www.miomiorun.com\/es\/#website\"},\"primaryImageOfPage\":{\"@id\":\"https:\/\/www.miomiorun.com\/es\/producto\/ikoni-3-0-hombre\/#primaryimage\"},\"image\":{\"@id\":\"https:\/\/www.miomiorun.com\/es\/producto\/ikoni-3-0-hombre\/#primaryimage\"},\"thumbnailUrl\":\"https:\/\/www.miomiorun.com\/app\/uploads\/2025\/10\/karhu-Ikoni-3.0-titan-shocking-orange-F102020.webp\",\"datePublished\":\"2024-07-04T11:11:33+00:00\",\"dateModified\":\"2026-05-08T20:07:16+00:00\",\"description\":\"Dise\u00f1ada tanto para corredores con pisada neutra como para aquellos con una ligera hiperpronaci\u00f3n, la Ikoni 3.0 para hombre es la zapatilla perfecta para correr a diario.\",\"breadcrumb\":{\"@id\":\"https:\/\/www.miomiorun.com\/es\/producto\/ikoni-3-0-hombre\/#breadcrumb\"},\"inLanguage\":\"es-ES\",\"potentialAction\":[{\"@type\":\"ReadAction\",\"target\":[\"https:\/\/www.miomiorun.com\/es\/producto\/ikoni-3-0-hombre\/\"]}]},{\"@type\":\"ImageObject\",\"inLanguage\":\"es-ES\",\"@id\":\"https:\/\/www.miomiorun.com\/es\/producto\/ikoni-3-0-hombre\/#primaryimage\",\"url\":\"https:\/\/www.miomiorun.com\/app\/uploads\/2025\/10\/karhu-Ikoni-3.0-titan-shocking-orange-F102020.webp\",\"contentUrl\":\"https:\/\/www.miomiorun.com\/app\/uploads\/2025\/10\/karhu-Ikoni-3.0-titan-shocking-orange-F102020.webp\",\"width\":720,\"height\":720,\"caption\":\"karhu Ikoni 3.0 titan shocking orange F102020\"},{\"@type\":\"BreadcrumbList\",\"@id\":\"https:\/\/www.miomiorun.com\/es\/producto\/ikoni-3-0-hombre\/#breadcrumb\",\"itemListElement\":[{\"@type\":\"ListItem\",\"position\":1,\"name\":\"Home\",\"item\":\"https:\/\/www.miomiorun.com\/es\/\"},{\"@type\":\"ListItem\",\"position\":2,\"name\":\"Shop\",\"item\":\"https:\/\/www.miomiorun.com\/shop\/\"},{\"@type\":\"ListItem\",\"position\":3,\"name\":\"Ikoni 3.0 hombre\"}]},{\"@type\":\"WebSite\",\"@id\":\"https:\/\/www.miomiorun.com\/es\/#website\",\"url\":\"https:\/\/www.miomiorun.com\/es\/\",\"name\":\"MioMioRun\",\"description\":\"Tienda 100% running y trail\",\"publisher\":{\"@id\":\"https:\/\/www.miomiorun.com\/es\/#organization\"},\"potentialAction\":[{\"@type\":\"SearchAction\",\"target\":{\"@type\":\"EntryPoint\",\"urlTemplate\":\"https:\/\/www.miomiorun.com\/es\/?s={search_term_string}\"},\"query-input\":{\"@type\":\"PropertyValueSpecification\",\"valueRequired\":true,\"valueName\":\"search_term_string\"}}],\"inLanguage\":\"es-ES\"},{\"@type\":\"Organization\",\"@id\":\"https:\/\/www.miomiorun.com\/es\/#organization\",\"name\":\"MioMio Run\",\"url\":\"https:\/\/www.miomiorun.com\/es\/\",\"logo\":{\"@type\":\"ImageObject\",\"inLanguage\":\"es-ES\",\"@id\":\"https:\/\/www.miomiorun.com\/es\/#\/schema\/logo\/image\/\",\"url\":\"https:\/\/www.miomiorun.com\/app\/uploads\/2019\/12\/logomio.png\",\"contentUrl\":\"https:\/\/www.miomiorun.com\/app\/uploads\/2019\/12\/logomio.png\",\"width\":115,\"height\":82,\"caption\":\"MioMio Run\"},\"image\":{\"@id\":\"https:\/\/www.miomiorun.com\/es\/#\/schema\/logo\/image\/\"},\"sameAs\":[\"https:\/\/www.facebook.com\/miomiorun\/\",\"https:\/\/www.instagram.com\/miomiorun\/\"]}]}<\/script>\n<!-- \/ Yoast SEO plugin. -->","yoast_head_json":{"title":"Karhu Ikoni 3.0 hombre -zapatillas de running - MioMioRun .com","description":"Dise\u00f1ada tanto para corredores con pisada neutra como para aquellos con una ligera hiperpronaci\u00f3n, la Ikoni 3.0 para hombre es la zapatilla perfecta para correr a diario.","robots":{"index":"index","follow":"follow","max-snippet":"max-snippet:-1","max-image-preview":"max-image-preview:large","max-video-preview":"max-video-preview:-1"},"canonical":"https:\/\/www.miomiorun.com\/es\/producto\/ikoni-3-0-hombre\/","og_locale":"es_ES","og_type":"article","og_title":"Karhu Ikoni 3.0 hombre -zapatillas de running - MioMioRun .com","og_description":"Dise\u00f1ada tanto para corredores con pisada neutra como para aquellos con una ligera hiperpronaci\u00f3n, la Ikoni 3.0 para hombre es la zapatilla perfecta para correr a diario.","og_url":"https:\/\/www.miomiorun.com\/es\/producto\/ikoni-3-0-hombre\/","og_site_name":"MioMioRun","article_publisher":"https:\/\/www.facebook.com\/miomiorun\/","article_modified_time":"2026-05-08T20:07:16+00:00","og_image":[{"width":720,"height":720,"url":"https:\/\/www.miomiorun.com\/app\/uploads\/2025\/10\/karhu-Ikoni-3.0-titan-shocking-orange-F102020.webp","type":"image\/webp"}],"twitter_card":"summary_large_image","twitter_misc":{"Est. reading time":"2 minutes"},"schema":{"@context":"https:\/\/schema.org","@graph":[{"@type":"WebPage","@id":"https:\/\/www.miomiorun.com\/es\/producto\/ikoni-3-0-hombre\/","url":"https:\/\/www.miomiorun.com\/es\/producto\/ikoni-3-0-hombre\/","name":"Karhu Ikoni 3.0 hombre -zapatillas de running - MioMioRun .com","isPartOf":{"@id":"https:\/\/www.miomiorun.com\/es\/#website"},"primaryImageOfPage":{"@id":"https:\/\/www.miomiorun.com\/es\/producto\/ikoni-3-0-hombre\/#primaryimage"},"image":{"@id":"https:\/\/www.miomiorun.com\/es\/producto\/ikoni-3-0-hombre\/#primaryimage"},"thumbnailUrl":"https:\/\/www.miomiorun.com\/app\/uploads\/2025\/10\/karhu-Ikoni-3.0-titan-shocking-orange-F102020.webp","datePublished":"2024-07-04T11:11:33+00:00","dateModified":"2026-05-08T20:07:16+00:00","description":"Dise\u00f1ada tanto para corredores con pisada neutra como para aquellos con una ligera hiperpronaci\u00f3n, la Ikoni 3.0 para hombre es la zapatilla perfecta para correr a diario.","breadcrumb":{"@id":"https:\/\/www.miomiorun.com\/es\/producto\/ikoni-3-0-hombre\/#breadcrumb"},"inLanguage":"es-ES","potentialAction":[{"@type":"ReadAction","target":["https:\/\/www.miomiorun.com\/es\/producto\/ikoni-3-0-hombre\/"]}]},{"@type":"ImageObject","inLanguage":"es-ES","@id":"https:\/\/www.miomiorun.com\/es\/producto\/ikoni-3-0-hombre\/#primaryimage","url":"https:\/\/www.miomiorun.com\/app\/uploads\/2025\/10\/karhu-Ikoni-3.0-titan-shocking-orange-F102020.webp","contentUrl":"https:\/\/www.miomiorun.com\/app\/uploads\/2025\/10\/karhu-Ikoni-3.0-titan-shocking-orange-F102020.webp","width":720,"height":720,"caption":"karhu Ikoni 3.0 titan shocking orange F102020"},{"@type":"BreadcrumbList","@id":"https:\/\/www.miomiorun.com\/es\/producto\/ikoni-3-0-hombre\/#breadcrumb","itemListElement":[{"@type":"ListItem","position":1,"name":"Home","item":"https:\/\/www.miomiorun.com\/es\/"},{"@type":"ListItem","position":2,"name":"Shop","item":"https:\/\/www.miomiorun.com\/shop\/"},{"@type":"ListItem","position":3,"name":"Ikoni 3.0 hombre"}]},{"@type":"WebSite","@id":"https:\/\/www.miomiorun.com\/es\/#website","url":"https:\/\/www.miomiorun.com\/es\/","name":"MioMioRun","description":"Tienda 100% running y trail","publisher":{"@id":"https:\/\/www.miomiorun.com\/es\/#organization"},"potentialAction":[{"@type":"SearchAction","target":{"@type":"EntryPoint","urlTemplate":"https:\/\/www.miomiorun.com\/es\/?s={search_term_string}"},"query-input":{"@type":"PropertyValueSpecification","valueRequired":true,"valueName":"search_term_string"}}],"inLanguage":"es-ES"},{"@type":"Organization","@id":"https:\/\/www.miomiorun.com\/es\/#organization","name":"MioMio Run","url":"https:\/\/www.miomiorun.com\/es\/","logo":{"@type":"ImageObject","inLanguage":"es-ES","@id":"https:\/\/www.miomiorun.com\/es\/#\/schema\/logo\/image\/","url":"https:\/\/www.miomiorun.com\/app\/uploads\/2019\/12\/logomio.png","contentUrl":"https:\/\/www.miomiorun.com\/app\/uploads\/2019\/12\/logomio.png","width":115,"height":82,"caption":"MioMio Run"},"image":{"@id":"https:\/\/www.miomiorun.com\/es\/#\/schema\/logo\/image\/"},"sameAs":["https:\/\/www.facebook.com\/miomiorun\/","https:\/\/www.instagram.com\/miomiorun\/"]}]}},"_links":{"self":[{"href":"https:\/\/www.miomiorun.com\/es\/wp-json\/wp\/v2\/product\/292528","targetHints":{"allow":["GET"]}}],"collection":[{"href":"https:\/\/www.miomiorun.com\/es\/wp-json\/wp\/v2\/product"}],"about":[{"href":"https:\/\/www.miomiorun.com\/es\/wp-json\/wp\/v2\/types\/product"}],"wp:featuredmedia":[{"embeddable":true,"href":"https:\/\/www.miomiorun.com\/es\/wp-json\/wp\/v2\/media\/360935"}],"wp:attachment":[{"href":"https:\/\/www.miomiorun.com\/es\/wp-json\/wp\/v2\/media?parent=292528"}],"wp:term":[{"taxonomy":"product_brand","embeddable":true,"href":"https:\/\/www.miomiorun.com\/es\/wp-json\/wp\/v2\/product_brand?post=292528"},{"taxonomy":"product_cat","embeddable":true,"href":"https:\/\/www.miomiorun.com\/es\/wp-json\/wp\/v2\/product_cat?post=292528"},{"taxonomy":"product_tag","embeddable":true,"href":"https:\/\/www.miomiorun.com\/es\/wp-json\/wp\/v2\/product_tag?post=292528"}],"curies":[{"name":"wp","href":"https:\/\/api.w.org\/{rel}","templated":true}]}}