{"id":292291,"date":"2024-05-16T14:11:15","date_gmt":"2024-05-16T12:11:15","guid":{"rendered":"https:\/\/miomiorun.com\/prodotto\/double-gr\/"},"modified":"2026-05-07T17:54:53","modified_gmt":"2026-05-07T15:54:53","slug":"double-gr","status":"publish","type":"product","link":"https:\/\/www.miomiorun.com\/es\/producto\/double-gr\/","title":{"rendered":"Double Gr"},"content":{"rendered":"<p><div class=\"vc-row container\"><div class=\"vc-column\"><div class=\"vc-column-text\"><\/p>\n<div class=\"o-feature-callout__feature-copy\">\n<div class=\"o-feature-callout__feature-copy\">\n<div class=\"o-feature-callout__feature-copy\">\n<p>El calcet\u00edn <strong>DOUBLE GR&nbsp;<\/strong> est\u00e1 dise\u00f1ado espec\u00edficamente para el senderismo.<\/p>\n<p>Est\u00e1 compuesto por dos capas: la primera se adapta al pie y la segunda, al calzado.<\/p>\n<p><strong>Esta t\u00e9cnica de fabricaci\u00f3n reduce la acumulaci\u00f3n de calor y limita el riesgo de ampollas.<\/strong><\/p>\n<p>Ultraligero y muy transpirable, est\u00e1 fabricado con la microfibra de \u00faltima generaci\u00f3n SENSIL AQUARIUS. Esta microfibra tiene propiedades hidr\u00f3fobas y una estructura triple-T que favorece la r\u00e1pida evaporaci\u00f3n del sudor durante tus salidas.<\/p>\n<p><strong>Caracter\u00edsticas:<\/strong><\/p>\n<ul>\n<li>El SOPORTE Y ESTABILIZACI\u00d3N DEL PIE Y DEL TOBILLO A 360\u00b0 ayuda a sujetar el tobillo al tiempo que estabiliza el pie dentro del calzado.<\/li>\n<li>El DOUBLE GR&nbsp; cuenta con una MALLAS TRANSPIRABLE en toda la parte superior del calcet\u00edn para eliminar el sudor de forma m\u00e1s eficaz.<\/li>\n<li>El BORDE es ACANALADO Y ANCHO, sin costuras.<\/li>\n<li>Su TAL\u00d3N y su PUNTA est\u00e1n fabricados en CORDURA. Se trata de una fibra resistente y transpirable conocida por su resistencia al desgaste. Es f\u00e1cil de limpiar y se seca r\u00e1pidamente.<\/li>\n<\/ul>\n<\/div>\n<\/div>\n<\/div>\n<p><\/div><\/div><\/div><div class=\"vc-row container\"><div class=\"vc-column\"><div class=\"vc-column-text\"><a href=\"https:\/\/miomiorun.com\/wp-content\/uploads\/2024\/05\/Double-GR-haute-caratteristiche.webp\"><img loading=\"lazy\" decoding=\"async\" class=\"aligncenter wp-image-170417 size-full\" src=\"https:\/\/miomiorun.com\/wp-content\/uploads\/2024\/05\/Double-GR-haute-caratteristiche.webp\" alt=\"\" width=\"600\" height=\"600\" srcset=\"https:\/\/www.miomiorun.com\/app\/uploads\/2024\/05\/Double-GR-haute-caratteristiche.webp 600w, https:\/\/www.miomiorun.com\/app\/uploads\/2024\/05\/Double-GR-haute-caratteristiche-300x300.webp 300w, https:\/\/www.miomiorun.com\/app\/uploads\/2024\/05\/Double-GR-haute-caratteristiche-100x100.webp 100w, https:\/\/www.miomiorun.com\/app\/uploads\/2024\/05\/Double-GR-haute-caratteristiche-150x150.webp 150w, https:\/\/www.miomiorun.com\/app\/uploads\/2024\/05\/Double-GR-haute-caratteristiche-400x400.webp 400w, https:\/\/www.miomiorun.com\/app\/uploads\/2024\/05\/Double-GR-haute-caratteristiche-85x85.webp 85w, https:\/\/www.miomiorun.com\/app\/uploads\/2024\/05\/Double-GR-haute-caratteristiche-50x50.webp 50w, https:\/\/www.miomiorun.com\/app\/uploads\/2024\/05\/Double-GR-haute-caratteristiche-32x32.webp 32w, https:\/\/www.miomiorun.com\/app\/uploads\/2024\/05\/Double-GR-haute-caratteristiche-480x480.webp 480w\" sizes=\"auto, (max-width: 600px) 100vw, 600px\" \/><\/a><\/div><\/div><div class=\"vc-column\"><div class=\"vc-column-text\"><\/p>\n<h3>Tecnolog\u00edas:<\/h3>\n<div class=\"o-feature-callout__feature-copy\">\n<div class=\"o-feature-callout__feature-copy\">\n<div class=\"o-feature-callout__feature-copy\">\n<div class=\"col-sm-5 col-12\">\n<h3 class=\"title\">Calcet\u00edn doble<\/h3>\n<p><strong>T\u00e9cnica<\/strong>: Calcetines compuestos por 2 capas unidas entre s\u00ed. La primera capa se adhiere al pie y la segunda capa se adhiere al calzado.<\/p>\n<p><strong>Acci\u00f3n<\/strong>: Reduce el sobrecalentamiento.<\/p>\n<p><strong>Ventajas<\/strong>: Limita el riesgo de ampollas.<\/p>\n<h3><\/h3>\n<h3 class=\"title\">Soporte y estabilizaci\u00f3n del pie y el tobillo en 360\u00b0<\/h3>\n<p><strong>T\u00e9cnica<\/strong>: Tejido de punto el\u00e1stico situado en la articulaci\u00f3n del tobillo.<\/p>\n<p><strong>Acci\u00f3n<\/strong>: Sujeta y estabiliza el tobillo sin oprimir.<\/p>\n<p><strong>Ventajas<\/strong>: Sujeci\u00f3n \u00f3ptima del tobillo durante la carrera.<\/p>\n<h3><\/h3>\n<h3 class=\"title\">SENSIL AQUARIUS<\/h3>\n<p><strong>T\u00e9cnica<\/strong>: Microfibra con propiedades hidr\u00f3fobas y estructura de triple capa.<\/p>\n<p><strong>Acci\u00f3n<\/strong>: Elimina eficazmente el sudor y se seca r\u00e1pidamente.<\/p>\n<p><strong>Ventajas<\/strong>: Confort t\u00e9rmico en el calcet\u00edn.<\/p>\n<p>&nbsp;<\/p>\n<h3 class=\"title\">SEAMLESS<\/h3>\n<p><strong>T\u00e9cnica<\/strong>: Confecci\u00f3n sin costuras.<\/p>\n<p><strong>Acci\u00f3n<\/strong>: Reduce las zonas de sobrecalentamiento.<\/p>\n<p><strong>Ventajas<\/strong>: Comodidad \u00f3ptima.<\/p>\n<p>&nbsp;<\/p>\n<h3 class=\"title\">Malla transpirable<\/h3>\n<p><strong>T\u00e9cnica<\/strong>: Malla ligera y perforada en la parte superior del pie.<\/p>\n<p><strong>Acci\u00f3n<\/strong>: Acelera la regulaci\u00f3n t\u00e9rmica. Ventilaci\u00f3n \u00f3ptima.<\/p>\n<p><strong>Ventajas<\/strong>: Elimina eficazmente el sudor.<\/p>\n<p>&nbsp;<\/p>\n<h3 class=\"title\">Cordura<\/h3>\n<p><strong>T\u00e9cnica<\/strong>: Fibra sint\u00e9tica situada en el tal\u00f3n y la puntera.<\/p>\n<p><strong>Acci\u00f3n<\/strong>: Resistente y transpirable.<\/p>\n<p><strong>Ventajas<\/strong>: Resistente al desgaste, f\u00e1cil de lavar y de secado r\u00e1pido.<\/p>\n<\/div>\n<\/div>\n<\/div>\n<\/div>\n<p><\/div><\/div><\/div><\/p>\n","protected":false},"excerpt":{"rendered":"<ul>\n<li>Calcet\u00edn ideal para llevar en excursiones.<\/li>\n<li>Calcet\u00edn alto.<\/li>\n<li>Resistente al desgaste.<\/li>\n<\/ul>\n","protected":false},"featured_media":247231,"template":"","meta":{"_acf_changed":false,"inline_featured_image":false},"product_brand":[],"product_cat":[24400,24462,24463,24401],"product_tag":[23561,24176,23622],"class_list":{"0":"post-292291","1":"product","2":"type-product","3":"status-publish","4":"has-post-thumbnail","6":"product_cat-calcetines","7":"product_cat-calcetines-es-2","8":"product_cat-ropa-de-hombre-es","9":"product_cat-ropa-de-mujer","10":"product_tag-bv-sport-es","11":"product_tag-bv-sport-hombre","12":"product_tag-bv-sport-mujer","13":"pa_attivita-caminar","14":"pa_attivita-outdoor-es","15":"pa_attivita-running-es","16":"pa_attivita-trail-es","17":"pa_colore-double-gr-haute-bleu-navy-es","18":"pa_colore-double-gr-haute-noir-es","19":"pa_marca-bv-sport-es","20":"pa_sesso-hombre","21":"pa_sesso-mujer","22":"pa_size-36-38-es","23":"pa_size-39-41-es","24":"pa_size-42-44-es","25":"pa_size-45-47-es","27":"first","28":"instock","29":"sale","30":"taxable","31":"shipping-taxable","32":"purchasable","33":"product-type-variable","34":"wvs-archive-product-wrapper"},"acf":[],"yoast_head":"<!-- This site is optimized with the Yoast SEO plugin v26.8 - https:\/\/yoast.com\/product\/yoast-seo-wordpress\/ -->\n<title>BvsportDouble Gr - Calcetines para correr - MioMioRun<\/title>\n<meta name=\"description\" content=\"El calcet\u00edn DOUBLE GR est\u00e1 dise\u00f1ado espec\u00edficamente para el senderismo. Est\u00e1 compuesto por dos capas, y la primera se adapta perfectamente al pie.\" \/>\n<meta name=\"robots\" content=\"index, follow, max-snippet:-1, max-image-preview:large, max-video-preview:-1\" \/>\n<link rel=\"canonical\" href=\"https:\/\/www.miomiorun.com\/es\/producto\/double-gr\/\" \/>\n<meta property=\"og:locale\" content=\"es_ES\" \/>\n<meta property=\"og:type\" content=\"article\" \/>\n<meta property=\"og:title\" content=\"BvsportDouble Gr - Calcetines para correr - MioMioRun\" \/>\n<meta property=\"og:description\" content=\"El calcet\u00edn DOUBLE GR est\u00e1 dise\u00f1ado espec\u00edficamente para el senderismo. Est\u00e1 compuesto por dos capas, y la primera se adapta perfectamente al pie.\" \/>\n<meta property=\"og:url\" content=\"https:\/\/www.miomiorun.com\/es\/producto\/double-gr\/\" \/>\n<meta property=\"og:site_name\" content=\"MioMioRun\" \/>\n<meta property=\"article:publisher\" content=\"https:\/\/www.facebook.com\/miomiorun\/\" \/>\n<meta property=\"article:modified_time\" content=\"2026-05-07T15:54:53+00:00\" \/>\n<meta property=\"og:image\" content=\"https:\/\/www.miomiorun.com\/app\/uploads\/2024\/05\/bv-sport-Double-GR-haute-bleu-navy-197-002.webp\" \/>\n\t<meta property=\"og:image:width\" content=\"600\" \/>\n\t<meta property=\"og:image:height\" content=\"600\" \/>\n\t<meta property=\"og:image:type\" content=\"image\/webp\" \/>\n<meta name=\"twitter:card\" content=\"summary_large_image\" \/>\n<meta name=\"twitter:label1\" content=\"Est. reading time\" \/>\n\t<meta name=\"twitter:data1\" content=\"2 minutes\" \/>\n<script type=\"application\/ld+json\" class=\"yoast-schema-graph\">{\"@context\":\"https:\/\/schema.org\",\"@graph\":[{\"@type\":\"WebPage\",\"@id\":\"https:\/\/www.miomiorun.com\/es\/producto\/double-gr\/\",\"url\":\"https:\/\/www.miomiorun.com\/es\/producto\/double-gr\/\",\"name\":\"BvsportDouble Gr - Calcetines para correr - MioMioRun\",\"isPartOf\":{\"@id\":\"https:\/\/www.miomiorun.com\/es\/#website\"},\"primaryImageOfPage\":{\"@id\":\"https:\/\/www.miomiorun.com\/es\/producto\/double-gr\/#primaryimage\"},\"image\":{\"@id\":\"https:\/\/www.miomiorun.com\/es\/producto\/double-gr\/#primaryimage\"},\"thumbnailUrl\":\"https:\/\/www.miomiorun.com\/app\/uploads\/2024\/05\/bv-sport-Double-GR-haute-bleu-navy-197-002.webp\",\"datePublished\":\"2024-05-16T12:11:15+00:00\",\"dateModified\":\"2026-05-07T15:54:53+00:00\",\"description\":\"El calcet\u00edn DOUBLE GR est\u00e1 dise\u00f1ado espec\u00edficamente para el senderismo. Est\u00e1 compuesto por dos capas, y la primera se adapta perfectamente al pie.\",\"breadcrumb\":{\"@id\":\"https:\/\/www.miomiorun.com\/es\/producto\/double-gr\/#breadcrumb\"},\"inLanguage\":\"es-ES\",\"potentialAction\":[{\"@type\":\"ReadAction\",\"target\":[\"https:\/\/www.miomiorun.com\/es\/producto\/double-gr\/\"]}]},{\"@type\":\"ImageObject\",\"inLanguage\":\"es-ES\",\"@id\":\"https:\/\/www.miomiorun.com\/es\/producto\/double-gr\/#primaryimage\",\"url\":\"https:\/\/www.miomiorun.com\/app\/uploads\/2024\/05\/bv-sport-Double-GR-haute-bleu-navy-197-002.webp\",\"contentUrl\":\"https:\/\/www.miomiorun.com\/app\/uploads\/2024\/05\/bv-sport-Double-GR-haute-bleu-navy-197-002.webp\",\"width\":600,\"height\":600,\"caption\":\"bv sport Double GR haute bleu navy 197 002\"},{\"@type\":\"BreadcrumbList\",\"@id\":\"https:\/\/www.miomiorun.com\/es\/producto\/double-gr\/#breadcrumb\",\"itemListElement\":[{\"@type\":\"ListItem\",\"position\":1,\"name\":\"Home\",\"item\":\"https:\/\/www.miomiorun.com\/es\/\"},{\"@type\":\"ListItem\",\"position\":2,\"name\":\"Shop\",\"item\":\"https:\/\/www.miomiorun.com\/shop\/\"},{\"@type\":\"ListItem\",\"position\":3,\"name\":\"Double Gr\"}]},{\"@type\":\"WebSite\",\"@id\":\"https:\/\/www.miomiorun.com\/es\/#website\",\"url\":\"https:\/\/www.miomiorun.com\/es\/\",\"name\":\"MioMioRun\",\"description\":\"Tienda 100% running y trail\",\"publisher\":{\"@id\":\"https:\/\/www.miomiorun.com\/es\/#organization\"},\"potentialAction\":[{\"@type\":\"SearchAction\",\"target\":{\"@type\":\"EntryPoint\",\"urlTemplate\":\"https:\/\/www.miomiorun.com\/es\/?s={search_term_string}\"},\"query-input\":{\"@type\":\"PropertyValueSpecification\",\"valueRequired\":true,\"valueName\":\"search_term_string\"}}],\"inLanguage\":\"es-ES\"},{\"@type\":\"Organization\",\"@id\":\"https:\/\/www.miomiorun.com\/es\/#organization\",\"name\":\"MioMio Run\",\"url\":\"https:\/\/www.miomiorun.com\/es\/\",\"logo\":{\"@type\":\"ImageObject\",\"inLanguage\":\"es-ES\",\"@id\":\"https:\/\/www.miomiorun.com\/es\/#\/schema\/logo\/image\/\",\"url\":\"https:\/\/www.miomiorun.com\/app\/uploads\/2019\/12\/logomio.png\",\"contentUrl\":\"https:\/\/www.miomiorun.com\/app\/uploads\/2019\/12\/logomio.png\",\"width\":115,\"height\":82,\"caption\":\"MioMio Run\"},\"image\":{\"@id\":\"https:\/\/www.miomiorun.com\/es\/#\/schema\/logo\/image\/\"},\"sameAs\":[\"https:\/\/www.facebook.com\/miomiorun\/\",\"https:\/\/www.instagram.com\/miomiorun\/\"]}]}<\/script>\n<!-- \/ Yoast SEO plugin. -->","yoast_head_json":{"title":"BvsportDouble Gr - Calcetines para correr - MioMioRun","description":"El calcet\u00edn DOUBLE GR est\u00e1 dise\u00f1ado espec\u00edficamente para el senderismo. Est\u00e1 compuesto por dos capas, y la primera se adapta perfectamente al pie.","robots":{"index":"index","follow":"follow","max-snippet":"max-snippet:-1","max-image-preview":"max-image-preview:large","max-video-preview":"max-video-preview:-1"},"canonical":"https:\/\/www.miomiorun.com\/es\/producto\/double-gr\/","og_locale":"es_ES","og_type":"article","og_title":"BvsportDouble Gr - Calcetines para correr - MioMioRun","og_description":"El calcet\u00edn DOUBLE GR est\u00e1 dise\u00f1ado espec\u00edficamente para el senderismo. Est\u00e1 compuesto por dos capas, y la primera se adapta perfectamente al pie.","og_url":"https:\/\/www.miomiorun.com\/es\/producto\/double-gr\/","og_site_name":"MioMioRun","article_publisher":"https:\/\/www.facebook.com\/miomiorun\/","article_modified_time":"2026-05-07T15:54:53+00:00","og_image":[{"width":600,"height":600,"url":"https:\/\/www.miomiorun.com\/app\/uploads\/2024\/05\/bv-sport-Double-GR-haute-bleu-navy-197-002.webp","type":"image\/webp"}],"twitter_card":"summary_large_image","twitter_misc":{"Est. reading time":"2 minutes"},"schema":{"@context":"https:\/\/schema.org","@graph":[{"@type":"WebPage","@id":"https:\/\/www.miomiorun.com\/es\/producto\/double-gr\/","url":"https:\/\/www.miomiorun.com\/es\/producto\/double-gr\/","name":"BvsportDouble Gr - Calcetines para correr - MioMioRun","isPartOf":{"@id":"https:\/\/www.miomiorun.com\/es\/#website"},"primaryImageOfPage":{"@id":"https:\/\/www.miomiorun.com\/es\/producto\/double-gr\/#primaryimage"},"image":{"@id":"https:\/\/www.miomiorun.com\/es\/producto\/double-gr\/#primaryimage"},"thumbnailUrl":"https:\/\/www.miomiorun.com\/app\/uploads\/2024\/05\/bv-sport-Double-GR-haute-bleu-navy-197-002.webp","datePublished":"2024-05-16T12:11:15+00:00","dateModified":"2026-05-07T15:54:53+00:00","description":"El calcet\u00edn DOUBLE GR est\u00e1 dise\u00f1ado espec\u00edficamente para el senderismo. Est\u00e1 compuesto por dos capas, y la primera se adapta perfectamente al pie.","breadcrumb":{"@id":"https:\/\/www.miomiorun.com\/es\/producto\/double-gr\/#breadcrumb"},"inLanguage":"es-ES","potentialAction":[{"@type":"ReadAction","target":["https:\/\/www.miomiorun.com\/es\/producto\/double-gr\/"]}]},{"@type":"ImageObject","inLanguage":"es-ES","@id":"https:\/\/www.miomiorun.com\/es\/producto\/double-gr\/#primaryimage","url":"https:\/\/www.miomiorun.com\/app\/uploads\/2024\/05\/bv-sport-Double-GR-haute-bleu-navy-197-002.webp","contentUrl":"https:\/\/www.miomiorun.com\/app\/uploads\/2024\/05\/bv-sport-Double-GR-haute-bleu-navy-197-002.webp","width":600,"height":600,"caption":"bv sport Double GR haute bleu navy 197 002"},{"@type":"BreadcrumbList","@id":"https:\/\/www.miomiorun.com\/es\/producto\/double-gr\/#breadcrumb","itemListElement":[{"@type":"ListItem","position":1,"name":"Home","item":"https:\/\/www.miomiorun.com\/es\/"},{"@type":"ListItem","position":2,"name":"Shop","item":"https:\/\/www.miomiorun.com\/shop\/"},{"@type":"ListItem","position":3,"name":"Double Gr"}]},{"@type":"WebSite","@id":"https:\/\/www.miomiorun.com\/es\/#website","url":"https:\/\/www.miomiorun.com\/es\/","name":"MioMioRun","description":"Tienda 100% running y trail","publisher":{"@id":"https:\/\/www.miomiorun.com\/es\/#organization"},"potentialAction":[{"@type":"SearchAction","target":{"@type":"EntryPoint","urlTemplate":"https:\/\/www.miomiorun.com\/es\/?s={search_term_string}"},"query-input":{"@type":"PropertyValueSpecification","valueRequired":true,"valueName":"search_term_string"}}],"inLanguage":"es-ES"},{"@type":"Organization","@id":"https:\/\/www.miomiorun.com\/es\/#organization","name":"MioMio Run","url":"https:\/\/www.miomiorun.com\/es\/","logo":{"@type":"ImageObject","inLanguage":"es-ES","@id":"https:\/\/www.miomiorun.com\/es\/#\/schema\/logo\/image\/","url":"https:\/\/www.miomiorun.com\/app\/uploads\/2019\/12\/logomio.png","contentUrl":"https:\/\/www.miomiorun.com\/app\/uploads\/2019\/12\/logomio.png","width":115,"height":82,"caption":"MioMio Run"},"image":{"@id":"https:\/\/www.miomiorun.com\/es\/#\/schema\/logo\/image\/"},"sameAs":["https:\/\/www.facebook.com\/miomiorun\/","https:\/\/www.instagram.com\/miomiorun\/"]}]}},"_links":{"self":[{"href":"https:\/\/www.miomiorun.com\/es\/wp-json\/wp\/v2\/product\/292291","targetHints":{"allow":["GET"]}}],"collection":[{"href":"https:\/\/www.miomiorun.com\/es\/wp-json\/wp\/v2\/product"}],"about":[{"href":"https:\/\/www.miomiorun.com\/es\/wp-json\/wp\/v2\/types\/product"}],"wp:featuredmedia":[{"embeddable":true,"href":"https:\/\/www.miomiorun.com\/es\/wp-json\/wp\/v2\/media\/247231"}],"wp:attachment":[{"href":"https:\/\/www.miomiorun.com\/es\/wp-json\/wp\/v2\/media?parent=292291"}],"wp:term":[{"taxonomy":"product_brand","embeddable":true,"href":"https:\/\/www.miomiorun.com\/es\/wp-json\/wp\/v2\/product_brand?post=292291"},{"taxonomy":"product_cat","embeddable":true,"href":"https:\/\/www.miomiorun.com\/es\/wp-json\/wp\/v2\/product_cat?post=292291"},{"taxonomy":"product_tag","embeddable":true,"href":"https:\/\/www.miomiorun.com\/es\/wp-json\/wp\/v2\/product_tag?post=292291"}],"curies":[{"name":"wp","href":"https:\/\/api.w.org\/{rel}","templated":true}]}}