{"id":292154,"date":"2024-07-11T14:37:33","date_gmt":"2024-07-11T12:37:33","guid":{"rendered":"https:\/\/miomiorun.com\/prodotto\/experience-form-donna\/"},"modified":"2025-10-17T17:23:00","modified_gmt":"2025-10-17T15:23:00","slug":"experience-form-mujer","status":"publish","type":"product","link":"https:\/\/www.miomiorun.com\/es\/producto\/experience-form-mujer\/","title":{"rendered":"Experience Form mujer"},"content":{"rendered":"<div class=\"vc-row container\"><div class=\"vc-column\"><div class=\"vc-column-text\"><\/p>\n<p><strong>Especificaciones t\u00e9cnicas<\/strong><\/p>\n<p>Categor\u00eda: amortiguaci\u00f3n moderada<br \/>\nAltura de la pila: 28mm\/32mm<br \/>\nOffset: 4 mm<br \/>\nPeso: 221 g<br \/>\nIdeal para : corredores que buscan una zapatilla r\u00e1pida, ligera y amortiguada que ofrezca la sujeci\u00f3n adecuada durante las carreras largas.<br \/>\nPeso del atleta : 60-75 kg<br \/>\nRitmo de carrera : medio-r\u00e1pido (4.00-5.30 min\/km)<br \/>\n<a href=\"https:\/\/miomiorun.com\/es\/guia-especifica\/\">Gu\u00eda de especificaciones<\/a><\/p>\n<p>.<\/div><\/div><div class=\"vc-column\"><div class=\"vc-column-text\"><\/p>\n<h2>La Experience Form ofrece apoyo para correr kil\u00f3metros f\u00e1cilmente, con un drop de 4 mm, tecnolog\u00eda de apoyo y una entresuela ligera.<\/h2>\n<p>Las <strong>Experience<\/strong> Form de mujer ofrecen sujeci\u00f3n para correr kil\u00f3metros con facilidad, con una entresuela ligera, tecnolog\u00eda de sujeci\u00f3n y un drop de 4 mm.<\/p>\n<h2>Afronta los entrenamientos diarios y las carreras largas de entrenamiento con facilidad, y sonr\u00ede durante kil\u00f3metros con una zapatilla de apoyo que se adapta a cada movimiento.<\/h2>\n<p>La entresuela de espuma moldeada por compresi\u00f3n, ligera y con gran capacidad de respuesta, favorece una mayor eficiencia. Incorpora la tecnolog\u00eda GuideRail\u2122, que favorece la posici\u00f3n natural del pie con una sujeci\u00f3n suave para una pisada m\u00e1s estable. Combinado con el perfil de balanc\u00edn de la zapatilla, el bajo drop de 4 mm garantiza un despegue eficaz y un rodar suave a cada paso. Con la caracter\u00edstica de ajuste FootShape de Altra obtendr\u00e1s una puntera espaciosa y sujeci\u00f3n en el mediopi\u00e9 para un movimiento natural.<\/p>\n<h3>Siente la fluidez de tus pasos con la sujeci\u00f3n y el rendimiento que necesitas.<\/h3>\n<h3>Caracter\u00edsticas:<\/h3>\n<ul>\n<li>Suela intermedia: espuma EVA ligera moldeada por compresi\u00f3n<\/li>\n<li>Suela: caucho<\/li>\n<li>Altura de la pila: 28mm\/32mm<\/li>\n<li>Ca\u00edda: 4 mm<\/li>\n<li>Exterior: malla bicolor<\/li>\n<li>Forma del pie: Est\u00e1ndar<\/li>\n<li>Familia: Experiencia<\/li>\n<li>Amortiguaci\u00f3n: Moderada<\/li>\n<li>L\u00ednea: Carretera<\/li>\n<\/ul>\n<h2>Tecnolog\u00edas<\/h2>\n<h3>GUIDERAIL<\/h3>\n<p>Un soporte din\u00e1mico que act\u00faa como un quitamiedos en la autopista que puede guiarte s\u00f3lo cuando lo necesitas.<\/p>\n<h3>FORMA DE BALANC\u00cdN<\/h3>\n<p>La forma de balanc\u00edn est\u00e1 dise\u00f1ada para dar la sensaci\u00f3n de ser impulsado hacia adelante con cada paso y proporciona una distancia al suelo eficaz sin comprometer su zancada natural.<\/p>\n<h3>AJUSTE NATURAL<\/h3>\n<p>Con una amplia puntera, estas zapatillas est\u00e1n hechas para correr con comodidad y permitirte moverte con naturalidad.<\/p>\n<h3>ENTRESUELA DE ESPUMA EVA<\/h3>\n<p>Entresuela de espuma comprimida ligera y reactiva para una zancada m\u00e1s natural y un rendimiento m\u00e1s eficiente.<\/div><\/div><\/div>\n","protected":false},"excerpt":{"rendered":"<ul>\n<li>La zapatilla ideal para entrenamientos y carreras r\u00e1pidas.<\/li>\n<\/ul>\n<ul>\n<li style=\"list-style-type: none;\">\n<ul>\n<li>Zapatilla estable que proporciona sujeci\u00f3n durante la carrera en carretera<\/li>\n<\/ul>\n<\/li>\n<\/ul>\n<p>.<\/p>\n","protected":false},"featured_media":248037,"template":"","meta":{"_acf_changed":false,"inline_featured_image":false},"product_brand":[],"product_cat":[24415,24413],"product_tag":[23459,23674],"class_list":{"0":"post-292154","1":"product","2":"type-product","3":"status-publish","4":"has-post-thumbnail","6":"product_cat-calzado-de-mujer","7":"product_cat-establos-es","8":"product_tag-altra-es","9":"product_tag-altra-mujer","10":"pa_attivita-caminar","11":"pa_attivita-running-es","12":"pa_colore-experience-form-w-blue-gray-es","13":"pa_marca-altra-es","14":"pa_sesso-mujer","15":"pa_size-38-es","17":"first","18":"instock","19":"taxable","20":"shipping-taxable","21":"purchasable","22":"product-type-variable","23":"wvs-archive-product-wrapper"},"acf":[],"yoast_head":"<!-- This site is optimized with the Yoast SEO plugin v26.8 - https:\/\/yoast.com\/product\/yoast-seo-wordpress\/ -->\n<title>Altra Experience Form mujer - zapatillas para correr - MioMioRun.com<\/title>\n<meta name=\"description\" content=\"Experience Form ofrece sujeci\u00f3n para correr kil\u00f3metros con facilidad, con un drop de 4 mm, tecnolog\u00eda de sujeci\u00f3n y una entresuela ligera.\" \/>\n<meta name=\"robots\" content=\"index, follow, max-snippet:-1, max-image-preview:large, max-video-preview:-1\" \/>\n<link rel=\"canonical\" href=\"https:\/\/www.miomiorun.com\/es\/producto\/experience-form-mujer\/\" \/>\n<meta property=\"og:locale\" content=\"es_ES\" \/>\n<meta property=\"og:type\" content=\"article\" \/>\n<meta property=\"og:title\" content=\"Altra Experience Form mujer - zapatillas para correr - MioMioRun.com\" \/>\n<meta property=\"og:description\" content=\"Experience Form ofrece sujeci\u00f3n para correr kil\u00f3metros con facilidad, con un drop de 4 mm, tecnolog\u00eda de sujeci\u00f3n y una entresuela ligera.\" \/>\n<meta property=\"og:url\" content=\"https:\/\/www.miomiorun.com\/es\/producto\/experience-form-mujer\/\" \/>\n<meta property=\"og:site_name\" content=\"MioMioRun\" \/>\n<meta property=\"article:publisher\" content=\"https:\/\/www.facebook.com\/miomiorun\/\" \/>\n<meta property=\"article:modified_time\" content=\"2025-10-17T15:23:00+00:00\" \/>\n<meta property=\"og:image\" content=\"https:\/\/www.miomiorun.com\/app\/uploads\/2024\/08\/Altra-Experience-form-W-blue-gray-AL0A85NU4201.webp\" \/>\n\t<meta property=\"og:image:width\" content=\"600\" \/>\n\t<meta property=\"og:image:height\" content=\"600\" \/>\n\t<meta property=\"og:image:type\" content=\"image\/webp\" \/>\n<meta name=\"twitter:card\" content=\"summary_large_image\" \/>\n<meta name=\"twitter:label1\" content=\"Est. reading time\" \/>\n\t<meta name=\"twitter:data1\" content=\"2 minutes\" \/>\n<script type=\"application\/ld+json\" class=\"yoast-schema-graph\">{\"@context\":\"https:\/\/schema.org\",\"@graph\":[{\"@type\":\"WebPage\",\"@id\":\"https:\/\/www.miomiorun.com\/es\/producto\/experience-form-mujer\/\",\"url\":\"https:\/\/www.miomiorun.com\/es\/producto\/experience-form-mujer\/\",\"name\":\"Altra Experience Form mujer - zapatillas para correr - MioMioRun.com\",\"isPartOf\":{\"@id\":\"https:\/\/www.miomiorun.com\/es\/#website\"},\"primaryImageOfPage\":{\"@id\":\"https:\/\/www.miomiorun.com\/es\/producto\/experience-form-mujer\/#primaryimage\"},\"image\":{\"@id\":\"https:\/\/www.miomiorun.com\/es\/producto\/experience-form-mujer\/#primaryimage\"},\"thumbnailUrl\":\"https:\/\/www.miomiorun.com\/app\/uploads\/2024\/08\/Altra-Experience-form-W-blue-gray-AL0A85NU4201.webp\",\"datePublished\":\"2024-07-11T12:37:33+00:00\",\"dateModified\":\"2025-10-17T15:23:00+00:00\",\"description\":\"Experience Form ofrece sujeci\u00f3n para correr kil\u00f3metros con facilidad, con un drop de 4 mm, tecnolog\u00eda de sujeci\u00f3n y una entresuela ligera.\",\"breadcrumb\":{\"@id\":\"https:\/\/www.miomiorun.com\/es\/producto\/experience-form-mujer\/#breadcrumb\"},\"inLanguage\":\"es-ES\",\"potentialAction\":[{\"@type\":\"ReadAction\",\"target\":[\"https:\/\/www.miomiorun.com\/es\/producto\/experience-form-mujer\/\"]}]},{\"@type\":\"ImageObject\",\"inLanguage\":\"es-ES\",\"@id\":\"https:\/\/www.miomiorun.com\/es\/producto\/experience-form-mujer\/#primaryimage\",\"url\":\"https:\/\/www.miomiorun.com\/app\/uploads\/2024\/08\/Altra-Experience-form-W-blue-gray-AL0A85NU4201.webp\",\"contentUrl\":\"https:\/\/www.miomiorun.com\/app\/uploads\/2024\/08\/Altra-Experience-form-W-blue-gray-AL0A85NU4201.webp\",\"width\":600,\"height\":600,\"caption\":\"Altra Experience form W blue gray AL0A85NU4201\"},{\"@type\":\"BreadcrumbList\",\"@id\":\"https:\/\/www.miomiorun.com\/es\/producto\/experience-form-mujer\/#breadcrumb\",\"itemListElement\":[{\"@type\":\"ListItem\",\"position\":1,\"name\":\"Home\",\"item\":\"https:\/\/www.miomiorun.com\/es\/\"},{\"@type\":\"ListItem\",\"position\":2,\"name\":\"Shop\",\"item\":\"https:\/\/www.miomiorun.com\/shop\/\"},{\"@type\":\"ListItem\",\"position\":3,\"name\":\"Experience Form mujer\"}]},{\"@type\":\"WebSite\",\"@id\":\"https:\/\/www.miomiorun.com\/es\/#website\",\"url\":\"https:\/\/www.miomiorun.com\/es\/\",\"name\":\"MioMioRun\",\"description\":\"Tienda 100% running y trail\",\"publisher\":{\"@id\":\"https:\/\/www.miomiorun.com\/es\/#organization\"},\"potentialAction\":[{\"@type\":\"SearchAction\",\"target\":{\"@type\":\"EntryPoint\",\"urlTemplate\":\"https:\/\/www.miomiorun.com\/es\/?s={search_term_string}\"},\"query-input\":{\"@type\":\"PropertyValueSpecification\",\"valueRequired\":true,\"valueName\":\"search_term_string\"}}],\"inLanguage\":\"es-ES\"},{\"@type\":\"Organization\",\"@id\":\"https:\/\/www.miomiorun.com\/es\/#organization\",\"name\":\"MioMio Run\",\"url\":\"https:\/\/www.miomiorun.com\/es\/\",\"logo\":{\"@type\":\"ImageObject\",\"inLanguage\":\"es-ES\",\"@id\":\"https:\/\/www.miomiorun.com\/es\/#\/schema\/logo\/image\/\",\"url\":\"https:\/\/www.miomiorun.com\/app\/uploads\/2019\/12\/logomio.png\",\"contentUrl\":\"https:\/\/www.miomiorun.com\/app\/uploads\/2019\/12\/logomio.png\",\"width\":115,\"height\":82,\"caption\":\"MioMio Run\"},\"image\":{\"@id\":\"https:\/\/www.miomiorun.com\/es\/#\/schema\/logo\/image\/\"},\"sameAs\":[\"https:\/\/www.facebook.com\/miomiorun\/\",\"https:\/\/www.instagram.com\/miomiorun\/\"]}]}<\/script>\n<!-- \/ Yoast SEO plugin. -->","yoast_head_json":{"title":"Altra Experience Form mujer - zapatillas para correr - MioMioRun.com","description":"Experience Form ofrece sujeci\u00f3n para correr kil\u00f3metros con facilidad, con un drop de 4 mm, tecnolog\u00eda de sujeci\u00f3n y una entresuela ligera.","robots":{"index":"index","follow":"follow","max-snippet":"max-snippet:-1","max-image-preview":"max-image-preview:large","max-video-preview":"max-video-preview:-1"},"canonical":"https:\/\/www.miomiorun.com\/es\/producto\/experience-form-mujer\/","og_locale":"es_ES","og_type":"article","og_title":"Altra Experience Form mujer - zapatillas para correr - MioMioRun.com","og_description":"Experience Form ofrece sujeci\u00f3n para correr kil\u00f3metros con facilidad, con un drop de 4 mm, tecnolog\u00eda de sujeci\u00f3n y una entresuela ligera.","og_url":"https:\/\/www.miomiorun.com\/es\/producto\/experience-form-mujer\/","og_site_name":"MioMioRun","article_publisher":"https:\/\/www.facebook.com\/miomiorun\/","article_modified_time":"2025-10-17T15:23:00+00:00","og_image":[{"width":600,"height":600,"url":"https:\/\/www.miomiorun.com\/app\/uploads\/2024\/08\/Altra-Experience-form-W-blue-gray-AL0A85NU4201.webp","type":"image\/webp"}],"twitter_card":"summary_large_image","twitter_misc":{"Est. reading time":"2 minutes"},"schema":{"@context":"https:\/\/schema.org","@graph":[{"@type":"WebPage","@id":"https:\/\/www.miomiorun.com\/es\/producto\/experience-form-mujer\/","url":"https:\/\/www.miomiorun.com\/es\/producto\/experience-form-mujer\/","name":"Altra Experience Form mujer - zapatillas para correr - MioMioRun.com","isPartOf":{"@id":"https:\/\/www.miomiorun.com\/es\/#website"},"primaryImageOfPage":{"@id":"https:\/\/www.miomiorun.com\/es\/producto\/experience-form-mujer\/#primaryimage"},"image":{"@id":"https:\/\/www.miomiorun.com\/es\/producto\/experience-form-mujer\/#primaryimage"},"thumbnailUrl":"https:\/\/www.miomiorun.com\/app\/uploads\/2024\/08\/Altra-Experience-form-W-blue-gray-AL0A85NU4201.webp","datePublished":"2024-07-11T12:37:33+00:00","dateModified":"2025-10-17T15:23:00+00:00","description":"Experience Form ofrece sujeci\u00f3n para correr kil\u00f3metros con facilidad, con un drop de 4 mm, tecnolog\u00eda de sujeci\u00f3n y una entresuela ligera.","breadcrumb":{"@id":"https:\/\/www.miomiorun.com\/es\/producto\/experience-form-mujer\/#breadcrumb"},"inLanguage":"es-ES","potentialAction":[{"@type":"ReadAction","target":["https:\/\/www.miomiorun.com\/es\/producto\/experience-form-mujer\/"]}]},{"@type":"ImageObject","inLanguage":"es-ES","@id":"https:\/\/www.miomiorun.com\/es\/producto\/experience-form-mujer\/#primaryimage","url":"https:\/\/www.miomiorun.com\/app\/uploads\/2024\/08\/Altra-Experience-form-W-blue-gray-AL0A85NU4201.webp","contentUrl":"https:\/\/www.miomiorun.com\/app\/uploads\/2024\/08\/Altra-Experience-form-W-blue-gray-AL0A85NU4201.webp","width":600,"height":600,"caption":"Altra Experience form W blue gray AL0A85NU4201"},{"@type":"BreadcrumbList","@id":"https:\/\/www.miomiorun.com\/es\/producto\/experience-form-mujer\/#breadcrumb","itemListElement":[{"@type":"ListItem","position":1,"name":"Home","item":"https:\/\/www.miomiorun.com\/es\/"},{"@type":"ListItem","position":2,"name":"Shop","item":"https:\/\/www.miomiorun.com\/shop\/"},{"@type":"ListItem","position":3,"name":"Experience Form mujer"}]},{"@type":"WebSite","@id":"https:\/\/www.miomiorun.com\/es\/#website","url":"https:\/\/www.miomiorun.com\/es\/","name":"MioMioRun","description":"Tienda 100% running y trail","publisher":{"@id":"https:\/\/www.miomiorun.com\/es\/#organization"},"potentialAction":[{"@type":"SearchAction","target":{"@type":"EntryPoint","urlTemplate":"https:\/\/www.miomiorun.com\/es\/?s={search_term_string}"},"query-input":{"@type":"PropertyValueSpecification","valueRequired":true,"valueName":"search_term_string"}}],"inLanguage":"es-ES"},{"@type":"Organization","@id":"https:\/\/www.miomiorun.com\/es\/#organization","name":"MioMio Run","url":"https:\/\/www.miomiorun.com\/es\/","logo":{"@type":"ImageObject","inLanguage":"es-ES","@id":"https:\/\/www.miomiorun.com\/es\/#\/schema\/logo\/image\/","url":"https:\/\/www.miomiorun.com\/app\/uploads\/2019\/12\/logomio.png","contentUrl":"https:\/\/www.miomiorun.com\/app\/uploads\/2019\/12\/logomio.png","width":115,"height":82,"caption":"MioMio Run"},"image":{"@id":"https:\/\/www.miomiorun.com\/es\/#\/schema\/logo\/image\/"},"sameAs":["https:\/\/www.facebook.com\/miomiorun\/","https:\/\/www.instagram.com\/miomiorun\/"]}]}},"_links":{"self":[{"href":"https:\/\/www.miomiorun.com\/es\/wp-json\/wp\/v2\/product\/292154","targetHints":{"allow":["GET"]}}],"collection":[{"href":"https:\/\/www.miomiorun.com\/es\/wp-json\/wp\/v2\/product"}],"about":[{"href":"https:\/\/www.miomiorun.com\/es\/wp-json\/wp\/v2\/types\/product"}],"wp:featuredmedia":[{"embeddable":true,"href":"https:\/\/www.miomiorun.com\/es\/wp-json\/wp\/v2\/media\/248037"}],"wp:attachment":[{"href":"https:\/\/www.miomiorun.com\/es\/wp-json\/wp\/v2\/media?parent=292154"}],"wp:term":[{"taxonomy":"product_brand","embeddable":true,"href":"https:\/\/www.miomiorun.com\/es\/wp-json\/wp\/v2\/product_brand?post=292154"},{"taxonomy":"product_cat","embeddable":true,"href":"https:\/\/www.miomiorun.com\/es\/wp-json\/wp\/v2\/product_cat?post=292154"},{"taxonomy":"product_tag","embeddable":true,"href":"https:\/\/www.miomiorun.com\/es\/wp-json\/wp\/v2\/product_tag?post=292154"}],"curies":[{"name":"wp","href":"https:\/\/api.w.org\/{rel}","templated":true}]}}