{"id":292043,"date":"2024-07-11T14:42:44","date_gmt":"2024-07-11T12:42:44","guid":{"rendered":"https:\/\/miomiorun.com\/prodotto\/experience-flow-donna\/"},"modified":"2026-02-25T12:28:03","modified_gmt":"2026-02-25T11:28:03","slug":"experience-flow-mujer","status":"publish","type":"product","link":"https:\/\/www.miomiorun.com\/es\/producto\/experience-flow-mujer\/","title":{"rendered":"Experience Flow mujer"},"content":{"rendered":"<div class=\"vc-row container\"><div class=\"vc-column\"><div class=\"vc-column-text\"><\/p>\n<p><strong>Especificaciones t\u00e9cnicas<\/strong><\/p>\n<p>Categor\u00eda: amortiguaci\u00f3n moderada.<br \/>\nAltura de la suela: 28 mm\/32 mm.<br \/>\nDesviaci\u00f3n: 4 mm.<br \/>\nPeso: 204 g.<br \/>\nIdeal para: corredores aficionados al running en carretera que buscan una zapatilla con amortiguaci\u00f3n moderada para una carrera a\u00fan m\u00e1s \u00e1gil y eficaz, ideal para distancias largas y medias.<br \/>\nPeso del atleta: 50-70 kg<br \/>\nRitmo de carrera: medio (4,50 min\/km)<br \/>\n<a href=\"https:\/\/miomiorun.com\/es\/guia-especifica\/\">Gu\u00eda de especificaciones t\u00e9cnicas<\/a><\/p>\n<p><\/div><\/div><div class=\"vc-column\"><div class=\"vc-column-text\"><\/p>\n<div class=\"swiper-wrapper\">\n<div class=\"product-benefits swiper-slide swiper-slide-visible\">\n<div class=\"text-container\">\n<p><strong>Experience Flow<\/strong> para mujer (antes conocido como AltraFWD Experience) permite una carrera \u00e1gil, r\u00e1pida y eficiente.<\/p>\n<h3>Afront\u00e1 con facilidad los ejercicios diarios y las largas carreras de entrenamiento y sonre\u00ed durante kil\u00f3metros.<\/h3>\n<p>Presenta una malla t\u00e9cnica bicolor renovada para una mayor transpirabilidad. Junto con el perfil rocker de la zapatilla, el drop bajo de 4 mm garantiza un despegue eficaz y un balanceo fluido en cada paso. Cuenta con una entresuela de espuma moldeada por compresi\u00f3n, ligera y reactiva, para ofrecer el m\u00e1ximo rendimiento. Con el caracter\u00edstico ajuste FootShape de Altra, tendr\u00e1s una puntera espaciosa y un soporte para el mediopi\u00e9, para un movimiento natural.<\/p>\n<h2>\u00a1Sum\u00e9rgete en la experiencia y disfruta de una carrera sin estr\u00e9s!<\/h2>\n<h3>Caracter\u00edsticas:<\/h3>\n<ul>\n<li>Entresuela: espuma EVA ligera moldeada por compresi\u00f3n<\/li>\n<li>Suela: goma<\/li>\n<li>Altura de la suela: 28 mm\/32 mm<\/li>\n<li>Drop: 4 mm<\/li>\n<li>Parte superior: malla t\u00e9cnica bicolor<\/li>\n<li>Forma del pie: est\u00e1ndar<\/li>\n<li>Familia: Experience<\/li>\n<li>Amortiguaci\u00f3n: moderada<\/li>\n<li>L\u00ednea: carretera<\/li>\n<\/ul>\n<h2>Tecnolog\u00edas<\/h2>\n<div class=\"swiper-wrapper\">\n<div class=\"product-benefits swiper-slide swiper-slide-visible swiper-slide-active\">\n<div class=\"text-container\">\n<h3 class=\"title\">Rocker Shape<\/h3>\n<div id=\"ct-field-64\" class=\"ct-field ct-field-area \">\n<p>La forma rocker est\u00e1 dise\u00f1ada para dar la sensaci\u00f3n de empuje hacia delante en cada paso y garantiza un despegue eficaz del suelo sin afectar a tu zancada natural.<\/p>\n<\/div>\n<h3>Ajuste natural<\/h3>\n<\/div>\n<\/div>\n<div class=\"product-benefits swiper-slide swiper-slide-visible swiper-slide-next\">\n<div class=\"text-container\">\n<div id=\"ct-field-64\" class=\"ct-field ct-field-area \">\n<p><span data-sheets-value=\"{&quot;1&quot;:2,&quot;2&quot;:&quot;Con un puntale spazioso e un drop da zero a basso, le nostre scarpe sono realizzate per correre nel massimo comfort. Muoviti naturalmente.&quot;}\" data-sheets-userformat=\"{&quot;2&quot;:7043,&quot;3&quot;:{&quot;1&quot;:0},&quot;4&quot;:&#091;null,2,16777215&#093;,&quot;10&quot;:2,&quot;11&quot;:4,&quot;12&quot;:0,&quot;14&quot;:&#091;null,2,0&#093;,&quot;15&quot;:&quot;Arial, sans-serif&quot;}\">Con una puntera espaciosa y un drop de cero a bajo, estas zapatillas est\u00e1n dise\u00f1adas para correr con la m\u00e1xima comodidad y permitirte moverte con naturalidad.<\/span><\/p>\n<\/div>\n<h3>Entresuela con espuma EVA<\/h3>\n<\/div>\n<\/div>\n<div class=\"product-benefits swiper-slide swiper-slide-visible\">\n<div class=\"text-container\">\n<div id=\"ct-field-64\" class=\"ct-field ct-field-area \">\n<p><span data-sheets-value=\"{&quot;1&quot;:2,&quot;2&quot;:&quot;Allows your toes to relax and spread out naturally for more comfort and stability in uphill climbs and downhill descents.&quot;}\" data-sheets-userformat=\"{&quot;2&quot;:7041,&quot;3&quot;:{&quot;1&quot;:0},&quot;10&quot;:2,&quot;11&quot;:4,&quot;12&quot;:0,&quot;14&quot;:&#091;null,2,0&#093;,&quot;15&quot;:&quot;Arial, sans-serif&quot;}\">Una entresuela de espuma comprimida, ligera y reactiva, para una pisada m\u00e1s natural y un rendimiento m\u00e1s eficiente.<\/span><\/p>\n<\/div>\n<\/div>\n<\/div>\n<\/div>\n<\/div>\n<\/div>\n<\/div>\n<div class=\"swiper-button-container\">\n<div class=\"swiper-button-prev icon-left swiper-button-disabled\"><\/div>\n<div class=\"pagination-container swiper-pagination-clickable swiper-pagination-bullets\"><\/div>\n<\/div>\n<p><\/div><\/div><\/div>\n","protected":false},"excerpt":{"rendered":"<ul>\n<li>Zapatilla ideal para correr por carretera<\/li>\n<li>Ideal para distancias medias y largas<\/li>\n<\/ul>\n","protected":false},"featured_media":261270,"template":"","meta":{"_acf_changed":false,"inline_featured_image":false},"product_brand":[],"product_cat":[24415,24414],"product_tag":[23459,23674],"class_list":{"0":"post-292043","1":"product","2":"type-product","3":"status-publish","4":"has-post-thumbnail","6":"product_cat-calzado-de-mujer","7":"product_cat-neutre-es-2","8":"product_tag-altra-es","9":"product_tag-altra-mujer","10":"pa_attivita-caminar","11":"pa_attivita-running-es","12":"pa_colore-experience-flow-w-mint-es","13":"pa_colore-experience-flow-w-white-gray-es","14":"pa_marca-altra-es","15":"pa_sesso-mujer","16":"pa_size-38-es","18":"first","19":"instock","20":"sale","21":"taxable","22":"shipping-taxable","23":"purchasable","24":"product-type-variable","25":"wvs-archive-product-wrapper"},"acf":[],"yoast_head":"<!-- This site is optimized with the Yoast SEO plugin v26.8 - https:\/\/yoast.com\/product\/yoast-seo-wordpress\/ -->\n<title>Altra Experience Flow mujer -Zapatillas de correr - MioMioRun<\/title>\n<meta name=\"description\" content=\"Experience Flow para mujer (antes conocida como AltraFWD Experience) permite una carrera \u00e1gil, r\u00e1pida y eficiente con un drop de 4 mm.\" \/>\n<meta name=\"robots\" content=\"index, follow, max-snippet:-1, max-image-preview:large, max-video-preview:-1\" \/>\n<link rel=\"canonical\" href=\"https:\/\/www.miomiorun.com\/es\/producto\/experience-flow-mujer\/\" \/>\n<meta property=\"og:locale\" content=\"es_ES\" \/>\n<meta property=\"og:type\" content=\"article\" \/>\n<meta property=\"og:title\" content=\"Altra Experience Flow mujer -Zapatillas de correr - MioMioRun\" \/>\n<meta property=\"og:description\" content=\"Experience Flow para mujer (antes conocida como AltraFWD Experience) permite una carrera \u00e1gil, r\u00e1pida y eficiente con un drop de 4 mm.\" \/>\n<meta property=\"og:url\" content=\"https:\/\/www.miomiorun.com\/es\/producto\/experience-flow-mujer\/\" \/>\n<meta property=\"og:site_name\" content=\"MioMioRun\" \/>\n<meta property=\"article:publisher\" content=\"https:\/\/www.facebook.com\/miomiorun\/\" \/>\n<meta property=\"article:modified_time\" content=\"2026-02-25T11:28:03+00:00\" \/>\n<meta property=\"og:image\" content=\"https:\/\/www.miomiorun.com\/app\/uploads\/2025\/03\/altra-Experience-Flow-W-white-coral-AL0A85NW1611.webp\" \/>\n\t<meta property=\"og:image:width\" content=\"600\" \/>\n\t<meta property=\"og:image:height\" content=\"600\" \/>\n\t<meta property=\"og:image:type\" content=\"image\/webp\" \/>\n<meta name=\"twitter:card\" content=\"summary_large_image\" \/>\n<meta name=\"twitter:label1\" content=\"Est. reading time\" \/>\n\t<meta name=\"twitter:data1\" content=\"2 minutes\" \/>\n<script type=\"application\/ld+json\" class=\"yoast-schema-graph\">{\"@context\":\"https:\/\/schema.org\",\"@graph\":[{\"@type\":\"WebPage\",\"@id\":\"https:\/\/www.miomiorun.com\/es\/producto\/experience-flow-mujer\/\",\"url\":\"https:\/\/www.miomiorun.com\/es\/producto\/experience-flow-mujer\/\",\"name\":\"Altra Experience Flow mujer -Zapatillas de correr - MioMioRun\",\"isPartOf\":{\"@id\":\"https:\/\/www.miomiorun.com\/es\/#website\"},\"primaryImageOfPage\":{\"@id\":\"https:\/\/www.miomiorun.com\/es\/producto\/experience-flow-mujer\/#primaryimage\"},\"image\":{\"@id\":\"https:\/\/www.miomiorun.com\/es\/producto\/experience-flow-mujer\/#primaryimage\"},\"thumbnailUrl\":\"https:\/\/www.miomiorun.com\/app\/uploads\/2025\/03\/altra-Experience-Flow-W-white-coral-AL0A85NW1611.webp\",\"datePublished\":\"2024-07-11T12:42:44+00:00\",\"dateModified\":\"2026-02-25T11:28:03+00:00\",\"description\":\"Experience Flow para mujer (antes conocida como AltraFWD Experience) permite una carrera \u00e1gil, r\u00e1pida y eficiente con un drop de 4 mm.\",\"breadcrumb\":{\"@id\":\"https:\/\/www.miomiorun.com\/es\/producto\/experience-flow-mujer\/#breadcrumb\"},\"inLanguage\":\"es-ES\",\"potentialAction\":[{\"@type\":\"ReadAction\",\"target\":[\"https:\/\/www.miomiorun.com\/es\/producto\/experience-flow-mujer\/\"]}]},{\"@type\":\"ImageObject\",\"inLanguage\":\"es-ES\",\"@id\":\"https:\/\/www.miomiorun.com\/es\/producto\/experience-flow-mujer\/#primaryimage\",\"url\":\"https:\/\/www.miomiorun.com\/app\/uploads\/2025\/03\/altra-Experience-Flow-W-white-coral-AL0A85NW1611.webp\",\"contentUrl\":\"https:\/\/www.miomiorun.com\/app\/uploads\/2025\/03\/altra-Experience-Flow-W-white-coral-AL0A85NW1611.webp\",\"width\":600,\"height\":600,\"caption\":\"altra Experience Flow W white coral AL0A85NW1611\"},{\"@type\":\"BreadcrumbList\",\"@id\":\"https:\/\/www.miomiorun.com\/es\/producto\/experience-flow-mujer\/#breadcrumb\",\"itemListElement\":[{\"@type\":\"ListItem\",\"position\":1,\"name\":\"Home\",\"item\":\"https:\/\/www.miomiorun.com\/es\/\"},{\"@type\":\"ListItem\",\"position\":2,\"name\":\"Shop\",\"item\":\"https:\/\/www.miomiorun.com\/shop\/\"},{\"@type\":\"ListItem\",\"position\":3,\"name\":\"Experience Flow mujer\"}]},{\"@type\":\"WebSite\",\"@id\":\"https:\/\/www.miomiorun.com\/es\/#website\",\"url\":\"https:\/\/www.miomiorun.com\/es\/\",\"name\":\"MioMioRun\",\"description\":\"Tienda 100% running y trail\",\"publisher\":{\"@id\":\"https:\/\/www.miomiorun.com\/es\/#organization\"},\"potentialAction\":[{\"@type\":\"SearchAction\",\"target\":{\"@type\":\"EntryPoint\",\"urlTemplate\":\"https:\/\/www.miomiorun.com\/es\/?s={search_term_string}\"},\"query-input\":{\"@type\":\"PropertyValueSpecification\",\"valueRequired\":true,\"valueName\":\"search_term_string\"}}],\"inLanguage\":\"es-ES\"},{\"@type\":\"Organization\",\"@id\":\"https:\/\/www.miomiorun.com\/es\/#organization\",\"name\":\"MioMio Run\",\"url\":\"https:\/\/www.miomiorun.com\/es\/\",\"logo\":{\"@type\":\"ImageObject\",\"inLanguage\":\"es-ES\",\"@id\":\"https:\/\/www.miomiorun.com\/es\/#\/schema\/logo\/image\/\",\"url\":\"https:\/\/www.miomiorun.com\/app\/uploads\/2019\/12\/logomio.png\",\"contentUrl\":\"https:\/\/www.miomiorun.com\/app\/uploads\/2019\/12\/logomio.png\",\"width\":115,\"height\":82,\"caption\":\"MioMio Run\"},\"image\":{\"@id\":\"https:\/\/www.miomiorun.com\/es\/#\/schema\/logo\/image\/\"},\"sameAs\":[\"https:\/\/www.facebook.com\/miomiorun\/\",\"https:\/\/www.instagram.com\/miomiorun\/\"]}]}<\/script>\n<!-- \/ Yoast SEO plugin. -->","yoast_head_json":{"title":"Altra Experience Flow mujer -Zapatillas de correr - MioMioRun","description":"Experience Flow para mujer (antes conocida como AltraFWD Experience) permite una carrera \u00e1gil, r\u00e1pida y eficiente con un drop de 4 mm.","robots":{"index":"index","follow":"follow","max-snippet":"max-snippet:-1","max-image-preview":"max-image-preview:large","max-video-preview":"max-video-preview:-1"},"canonical":"https:\/\/www.miomiorun.com\/es\/producto\/experience-flow-mujer\/","og_locale":"es_ES","og_type":"article","og_title":"Altra Experience Flow mujer -Zapatillas de correr - MioMioRun","og_description":"Experience Flow para mujer (antes conocida como AltraFWD Experience) permite una carrera \u00e1gil, r\u00e1pida y eficiente con un drop de 4 mm.","og_url":"https:\/\/www.miomiorun.com\/es\/producto\/experience-flow-mujer\/","og_site_name":"MioMioRun","article_publisher":"https:\/\/www.facebook.com\/miomiorun\/","article_modified_time":"2026-02-25T11:28:03+00:00","og_image":[{"width":600,"height":600,"url":"https:\/\/www.miomiorun.com\/app\/uploads\/2025\/03\/altra-Experience-Flow-W-white-coral-AL0A85NW1611.webp","type":"image\/webp"}],"twitter_card":"summary_large_image","twitter_misc":{"Est. reading time":"2 minutes"},"schema":{"@context":"https:\/\/schema.org","@graph":[{"@type":"WebPage","@id":"https:\/\/www.miomiorun.com\/es\/producto\/experience-flow-mujer\/","url":"https:\/\/www.miomiorun.com\/es\/producto\/experience-flow-mujer\/","name":"Altra Experience Flow mujer -Zapatillas de correr - MioMioRun","isPartOf":{"@id":"https:\/\/www.miomiorun.com\/es\/#website"},"primaryImageOfPage":{"@id":"https:\/\/www.miomiorun.com\/es\/producto\/experience-flow-mujer\/#primaryimage"},"image":{"@id":"https:\/\/www.miomiorun.com\/es\/producto\/experience-flow-mujer\/#primaryimage"},"thumbnailUrl":"https:\/\/www.miomiorun.com\/app\/uploads\/2025\/03\/altra-Experience-Flow-W-white-coral-AL0A85NW1611.webp","datePublished":"2024-07-11T12:42:44+00:00","dateModified":"2026-02-25T11:28:03+00:00","description":"Experience Flow para mujer (antes conocida como AltraFWD Experience) permite una carrera \u00e1gil, r\u00e1pida y eficiente con un drop de 4 mm.","breadcrumb":{"@id":"https:\/\/www.miomiorun.com\/es\/producto\/experience-flow-mujer\/#breadcrumb"},"inLanguage":"es-ES","potentialAction":[{"@type":"ReadAction","target":["https:\/\/www.miomiorun.com\/es\/producto\/experience-flow-mujer\/"]}]},{"@type":"ImageObject","inLanguage":"es-ES","@id":"https:\/\/www.miomiorun.com\/es\/producto\/experience-flow-mujer\/#primaryimage","url":"https:\/\/www.miomiorun.com\/app\/uploads\/2025\/03\/altra-Experience-Flow-W-white-coral-AL0A85NW1611.webp","contentUrl":"https:\/\/www.miomiorun.com\/app\/uploads\/2025\/03\/altra-Experience-Flow-W-white-coral-AL0A85NW1611.webp","width":600,"height":600,"caption":"altra Experience Flow W white coral AL0A85NW1611"},{"@type":"BreadcrumbList","@id":"https:\/\/www.miomiorun.com\/es\/producto\/experience-flow-mujer\/#breadcrumb","itemListElement":[{"@type":"ListItem","position":1,"name":"Home","item":"https:\/\/www.miomiorun.com\/es\/"},{"@type":"ListItem","position":2,"name":"Shop","item":"https:\/\/www.miomiorun.com\/shop\/"},{"@type":"ListItem","position":3,"name":"Experience Flow mujer"}]},{"@type":"WebSite","@id":"https:\/\/www.miomiorun.com\/es\/#website","url":"https:\/\/www.miomiorun.com\/es\/","name":"MioMioRun","description":"Tienda 100% running y trail","publisher":{"@id":"https:\/\/www.miomiorun.com\/es\/#organization"},"potentialAction":[{"@type":"SearchAction","target":{"@type":"EntryPoint","urlTemplate":"https:\/\/www.miomiorun.com\/es\/?s={search_term_string}"},"query-input":{"@type":"PropertyValueSpecification","valueRequired":true,"valueName":"search_term_string"}}],"inLanguage":"es-ES"},{"@type":"Organization","@id":"https:\/\/www.miomiorun.com\/es\/#organization","name":"MioMio Run","url":"https:\/\/www.miomiorun.com\/es\/","logo":{"@type":"ImageObject","inLanguage":"es-ES","@id":"https:\/\/www.miomiorun.com\/es\/#\/schema\/logo\/image\/","url":"https:\/\/www.miomiorun.com\/app\/uploads\/2019\/12\/logomio.png","contentUrl":"https:\/\/www.miomiorun.com\/app\/uploads\/2019\/12\/logomio.png","width":115,"height":82,"caption":"MioMio Run"},"image":{"@id":"https:\/\/www.miomiorun.com\/es\/#\/schema\/logo\/image\/"},"sameAs":["https:\/\/www.facebook.com\/miomiorun\/","https:\/\/www.instagram.com\/miomiorun\/"]}]}},"_links":{"self":[{"href":"https:\/\/www.miomiorun.com\/es\/wp-json\/wp\/v2\/product\/292043","targetHints":{"allow":["GET"]}}],"collection":[{"href":"https:\/\/www.miomiorun.com\/es\/wp-json\/wp\/v2\/product"}],"about":[{"href":"https:\/\/www.miomiorun.com\/es\/wp-json\/wp\/v2\/types\/product"}],"wp:featuredmedia":[{"embeddable":true,"href":"https:\/\/www.miomiorun.com\/es\/wp-json\/wp\/v2\/media\/261270"}],"wp:attachment":[{"href":"https:\/\/www.miomiorun.com\/es\/wp-json\/wp\/v2\/media?parent=292043"}],"wp:term":[{"taxonomy":"product_brand","embeddable":true,"href":"https:\/\/www.miomiorun.com\/es\/wp-json\/wp\/v2\/product_brand?post=292043"},{"taxonomy":"product_cat","embeddable":true,"href":"https:\/\/www.miomiorun.com\/es\/wp-json\/wp\/v2\/product_cat?post=292043"},{"taxonomy":"product_tag","embeddable":true,"href":"https:\/\/www.miomiorun.com\/es\/wp-json\/wp\/v2\/product_tag?post=292043"}],"curies":[{"name":"wp","href":"https:\/\/api.w.org\/{rel}","templated":true}]}}