{"id":291847,"date":"2024-07-24T17:37:01","date_gmt":"2024-07-24T15:37:01","guid":{"rendered":"https:\/\/miomiorun.com\/prodotto\/hurricane-24-donna\/"},"modified":"2026-02-25T12:10:35","modified_gmt":"2026-02-25T11:10:35","slug":"hurricane-24-mujer","status":"publish","type":"product","link":"https:\/\/www.miomiorun.com\/es\/producto\/hurricane-24-mujer\/","title":{"rendered":"Hurricane 24 mujer"},"content":{"rendered":"<div class=\"vc-row container\"><div class=\"vc-column\"><div class=\"vc-column-text\"><\/p>\n<p><strong>Especificaciones t\u00e9cnicas<\/strong><\/p>\n<p>Categor\u00eda: Amortiguaci\u00f3n estructurada.<br \/>\nOffset: 6 mm (38\/32).<br \/>\nPeso: 279 g.<br \/>\nIdeal para: corredores con tendencia a la pronaci\u00f3n que buscan una zapatilla ligera, estructurada y, al mismo tiempo, con una gran amortiguaci\u00f3n para recorrer largas distancias.<br \/>\nPeso del atleta: &lt;80 kg<br \/>\nRitmo de carrera: medio (6 min\/km)<br \/>\n<a href=\"https:\/\/miomiorun.com\/es\/guia-especifica\/\">Gu\u00eda de especificaciones t\u00e9cnicas<\/a><\/p>\n<p><\/div><\/div><div class=\"vc-column\"><div class=\"vc-column-text\"><\/p>\n<h2 style=\"text-align: center\">M\u00e1xima amortiguaci\u00f3n<\/h2>\n<p>Doble dosis de comodidad con las nuevas <strong>Hurricane 24<\/strong> para mujer. El nuevo sistema de doble amortiguaci\u00f3n, con espuma PWRRUN PB para una respuesta energ\u00e9tica y espuma PWWRUN para ofrecer sujeci\u00f3n.<\/p>\n<p><strong>Tecnolog\u00eda CenterPath:<\/strong> Se caracteriza por una base m\u00e1s ancha y un perfil lateral m\u00e1s alto para una mayor protecci\u00f3n y sujeci\u00f3n.<\/p>\n<p><strong>Dise\u00f1o de alta calidad:<\/strong> Una malla t\u00e9cnica y transpirable con una estructura segura en el tal\u00f3n para envolver el pie en una comodidad que dura todo el d\u00eda.<\/p>\n<h3><\/h3>\n<h3>Caracter\u00edsticas:<\/h3>\n<ul>\n<li class=\"ep\">NIVEL DE SOPORTE: Estable<\/li>\n<li class=\"ep\">AMORTIGUACI\u00d3N: PWRRUNPB para una respuesta energ\u00e9tica y PWRRUN para ofrecer soporte.<\/li>\n<li class=\"ep\">Comodidad suave.<\/li>\n<li class=\"ep\">Vegano.<\/li>\n<li class=\"ep\">Materiales reciclados.<\/li>\n<\/ul>\n<p><\/div><\/div><\/div>\n","protected":false},"excerpt":{"rendered":"<ul>\n<li>Malla t\u00e9cnica transpirable.<\/li>\n<li>Zapatilla ideal para pronadores.<\/li>\n<li>Vegana.<\/li>\n<\/ul>\n","protected":false},"featured_media":247989,"template":"","meta":{"_acf_changed":false,"inline_featured_image":false},"product_brand":[],"product_cat":[24415,24413],"product_tag":[23578,23617],"class_list":{"0":"post-291847","1":"product","2":"type-product","3":"status-publish","4":"has-post-thumbnail","6":"product_cat-calzado-de-mujer","7":"product_cat-establos-es","8":"product_tag-saucony-es","9":"product_tag-saucony-mujer","10":"pa_attivita-caminar","11":"pa_attivita-lifestyle-es","12":"pa_attivita-running-es","13":"pa_colore-hurricane-24-w-black-carbon-es","14":"pa_marca-saucony-es","15":"pa_sesso-mujer","16":"pa_size-38-es","17":"pa_size-41-es","19":"first","20":"instock","21":"sale","22":"taxable","23":"shipping-taxable","24":"purchasable","25":"product-type-variable","26":"wvs-archive-product-wrapper"},"acf":[],"yoast_head":"<!-- This site is optimized with the Yoast SEO plugin v26.8 - https:\/\/yoast.com\/product\/yoast-seo-wordpress\/ -->\n<title>Saucony Hurricane 24 mujer - zapatos estables - MioMioRun .com<\/title>\n<meta name=\"description\" content=\"Una doble dosis de comodidad con las nuevas Hurricane 24 para mujer . El nuevo sistema de doble amortiguaci\u00f3n con espuma PWRRUN PB\" \/>\n<meta name=\"robots\" content=\"index, follow, max-snippet:-1, max-image-preview:large, max-video-preview:-1\" \/>\n<link rel=\"canonical\" href=\"https:\/\/www.miomiorun.com\/es\/producto\/hurricane-24-mujer\/\" \/>\n<meta property=\"og:locale\" content=\"es_ES\" \/>\n<meta property=\"og:type\" content=\"article\" \/>\n<meta property=\"og:title\" content=\"Saucony Hurricane 24 mujer - zapatos estables - MioMioRun .com\" \/>\n<meta property=\"og:description\" content=\"Una doble dosis de comodidad con las nuevas Hurricane 24 para mujer . El nuevo sistema de doble amortiguaci\u00f3n con espuma PWRRUN PB\" \/>\n<meta property=\"og:url\" content=\"https:\/\/www.miomiorun.com\/es\/producto\/hurricane-24-mujer\/\" \/>\n<meta property=\"og:site_name\" content=\"MioMioRun\" \/>\n<meta property=\"article:publisher\" content=\"https:\/\/www.facebook.com\/miomiorun\/\" \/>\n<meta property=\"article:modified_time\" content=\"2026-02-25T11:10:35+00:00\" \/>\n<meta property=\"og:image\" content=\"https:\/\/www.miomiorun.com\/app\/uploads\/2024\/07\/Saucony-Hurricane-24-W-white-foam-S10933-246.webp\" \/>\n\t<meta property=\"og:image:width\" content=\"600\" \/>\n\t<meta property=\"og:image:height\" content=\"600\" \/>\n\t<meta property=\"og:image:type\" content=\"image\/webp\" \/>\n<meta name=\"twitter:card\" content=\"summary_large_image\" \/>\n<meta name=\"twitter:label1\" content=\"Est. reading time\" \/>\n\t<meta name=\"twitter:data1\" content=\"1 minute\" \/>\n<script type=\"application\/ld+json\" class=\"yoast-schema-graph\">{\"@context\":\"https:\/\/schema.org\",\"@graph\":[{\"@type\":\"WebPage\",\"@id\":\"https:\/\/www.miomiorun.com\/es\/producto\/hurricane-24-mujer\/\",\"url\":\"https:\/\/www.miomiorun.com\/es\/producto\/hurricane-24-mujer\/\",\"name\":\"Saucony Hurricane 24 mujer - zapatos estables - MioMioRun .com\",\"isPartOf\":{\"@id\":\"https:\/\/www.miomiorun.com\/es\/#website\"},\"primaryImageOfPage\":{\"@id\":\"https:\/\/www.miomiorun.com\/es\/producto\/hurricane-24-mujer\/#primaryimage\"},\"image\":{\"@id\":\"https:\/\/www.miomiorun.com\/es\/producto\/hurricane-24-mujer\/#primaryimage\"},\"thumbnailUrl\":\"https:\/\/www.miomiorun.com\/app\/uploads\/2024\/07\/Saucony-Hurricane-24-W-white-foam-S10933-246.webp\",\"datePublished\":\"2024-07-24T15:37:01+00:00\",\"dateModified\":\"2026-02-25T11:10:35+00:00\",\"description\":\"Una doble dosis de comodidad con las nuevas Hurricane 24 para mujer . El nuevo sistema de doble amortiguaci\u00f3n con espuma PWRRUN PB\",\"breadcrumb\":{\"@id\":\"https:\/\/www.miomiorun.com\/es\/producto\/hurricane-24-mujer\/#breadcrumb\"},\"inLanguage\":\"es-ES\",\"potentialAction\":[{\"@type\":\"ReadAction\",\"target\":[\"https:\/\/www.miomiorun.com\/es\/producto\/hurricane-24-mujer\/\"]}]},{\"@type\":\"ImageObject\",\"inLanguage\":\"es-ES\",\"@id\":\"https:\/\/www.miomiorun.com\/es\/producto\/hurricane-24-mujer\/#primaryimage\",\"url\":\"https:\/\/www.miomiorun.com\/app\/uploads\/2024\/07\/Saucony-Hurricane-24-W-white-foam-S10933-246.webp\",\"contentUrl\":\"https:\/\/www.miomiorun.com\/app\/uploads\/2024\/07\/Saucony-Hurricane-24-W-white-foam-S10933-246.webp\",\"width\":600,\"height\":600,\"caption\":\"Saucony Hurricane 24 W white foam S10933-246\"},{\"@type\":\"BreadcrumbList\",\"@id\":\"https:\/\/www.miomiorun.com\/es\/producto\/hurricane-24-mujer\/#breadcrumb\",\"itemListElement\":[{\"@type\":\"ListItem\",\"position\":1,\"name\":\"Home\",\"item\":\"https:\/\/www.miomiorun.com\/es\/\"},{\"@type\":\"ListItem\",\"position\":2,\"name\":\"Shop\",\"item\":\"https:\/\/www.miomiorun.com\/shop\/\"},{\"@type\":\"ListItem\",\"position\":3,\"name\":\"Hurricane 24 mujer\"}]},{\"@type\":\"WebSite\",\"@id\":\"https:\/\/www.miomiorun.com\/es\/#website\",\"url\":\"https:\/\/www.miomiorun.com\/es\/\",\"name\":\"MioMioRun\",\"description\":\"Tienda 100% running y trail\",\"publisher\":{\"@id\":\"https:\/\/www.miomiorun.com\/es\/#organization\"},\"potentialAction\":[{\"@type\":\"SearchAction\",\"target\":{\"@type\":\"EntryPoint\",\"urlTemplate\":\"https:\/\/www.miomiorun.com\/es\/?s={search_term_string}\"},\"query-input\":{\"@type\":\"PropertyValueSpecification\",\"valueRequired\":true,\"valueName\":\"search_term_string\"}}],\"inLanguage\":\"es-ES\"},{\"@type\":\"Organization\",\"@id\":\"https:\/\/www.miomiorun.com\/es\/#organization\",\"name\":\"MioMio Run\",\"url\":\"https:\/\/www.miomiorun.com\/es\/\",\"logo\":{\"@type\":\"ImageObject\",\"inLanguage\":\"es-ES\",\"@id\":\"https:\/\/www.miomiorun.com\/es\/#\/schema\/logo\/image\/\",\"url\":\"https:\/\/www.miomiorun.com\/app\/uploads\/2019\/12\/logomio.png\",\"contentUrl\":\"https:\/\/www.miomiorun.com\/app\/uploads\/2019\/12\/logomio.png\",\"width\":115,\"height\":82,\"caption\":\"MioMio Run\"},\"image\":{\"@id\":\"https:\/\/www.miomiorun.com\/es\/#\/schema\/logo\/image\/\"},\"sameAs\":[\"https:\/\/www.facebook.com\/miomiorun\/\",\"https:\/\/www.instagram.com\/miomiorun\/\"]}]}<\/script>\n<!-- \/ Yoast SEO plugin. -->","yoast_head_json":{"title":"Saucony Hurricane 24 mujer - zapatos estables - MioMioRun .com","description":"Una doble dosis de comodidad con las nuevas Hurricane 24 para mujer . El nuevo sistema de doble amortiguaci\u00f3n con espuma PWRRUN PB","robots":{"index":"index","follow":"follow","max-snippet":"max-snippet:-1","max-image-preview":"max-image-preview:large","max-video-preview":"max-video-preview:-1"},"canonical":"https:\/\/www.miomiorun.com\/es\/producto\/hurricane-24-mujer\/","og_locale":"es_ES","og_type":"article","og_title":"Saucony Hurricane 24 mujer - zapatos estables - MioMioRun .com","og_description":"Una doble dosis de comodidad con las nuevas Hurricane 24 para mujer . El nuevo sistema de doble amortiguaci\u00f3n con espuma PWRRUN PB","og_url":"https:\/\/www.miomiorun.com\/es\/producto\/hurricane-24-mujer\/","og_site_name":"MioMioRun","article_publisher":"https:\/\/www.facebook.com\/miomiorun\/","article_modified_time":"2026-02-25T11:10:35+00:00","og_image":[{"width":600,"height":600,"url":"https:\/\/www.miomiorun.com\/app\/uploads\/2024\/07\/Saucony-Hurricane-24-W-white-foam-S10933-246.webp","type":"image\/webp"}],"twitter_card":"summary_large_image","twitter_misc":{"Est. reading time":"1 minute"},"schema":{"@context":"https:\/\/schema.org","@graph":[{"@type":"WebPage","@id":"https:\/\/www.miomiorun.com\/es\/producto\/hurricane-24-mujer\/","url":"https:\/\/www.miomiorun.com\/es\/producto\/hurricane-24-mujer\/","name":"Saucony Hurricane 24 mujer - zapatos estables - MioMioRun .com","isPartOf":{"@id":"https:\/\/www.miomiorun.com\/es\/#website"},"primaryImageOfPage":{"@id":"https:\/\/www.miomiorun.com\/es\/producto\/hurricane-24-mujer\/#primaryimage"},"image":{"@id":"https:\/\/www.miomiorun.com\/es\/producto\/hurricane-24-mujer\/#primaryimage"},"thumbnailUrl":"https:\/\/www.miomiorun.com\/app\/uploads\/2024\/07\/Saucony-Hurricane-24-W-white-foam-S10933-246.webp","datePublished":"2024-07-24T15:37:01+00:00","dateModified":"2026-02-25T11:10:35+00:00","description":"Una doble dosis de comodidad con las nuevas Hurricane 24 para mujer . El nuevo sistema de doble amortiguaci\u00f3n con espuma PWRRUN PB","breadcrumb":{"@id":"https:\/\/www.miomiorun.com\/es\/producto\/hurricane-24-mujer\/#breadcrumb"},"inLanguage":"es-ES","potentialAction":[{"@type":"ReadAction","target":["https:\/\/www.miomiorun.com\/es\/producto\/hurricane-24-mujer\/"]}]},{"@type":"ImageObject","inLanguage":"es-ES","@id":"https:\/\/www.miomiorun.com\/es\/producto\/hurricane-24-mujer\/#primaryimage","url":"https:\/\/www.miomiorun.com\/app\/uploads\/2024\/07\/Saucony-Hurricane-24-W-white-foam-S10933-246.webp","contentUrl":"https:\/\/www.miomiorun.com\/app\/uploads\/2024\/07\/Saucony-Hurricane-24-W-white-foam-S10933-246.webp","width":600,"height":600,"caption":"Saucony Hurricane 24 W white foam S10933-246"},{"@type":"BreadcrumbList","@id":"https:\/\/www.miomiorun.com\/es\/producto\/hurricane-24-mujer\/#breadcrumb","itemListElement":[{"@type":"ListItem","position":1,"name":"Home","item":"https:\/\/www.miomiorun.com\/es\/"},{"@type":"ListItem","position":2,"name":"Shop","item":"https:\/\/www.miomiorun.com\/shop\/"},{"@type":"ListItem","position":3,"name":"Hurricane 24 mujer"}]},{"@type":"WebSite","@id":"https:\/\/www.miomiorun.com\/es\/#website","url":"https:\/\/www.miomiorun.com\/es\/","name":"MioMioRun","description":"Tienda 100% running y trail","publisher":{"@id":"https:\/\/www.miomiorun.com\/es\/#organization"},"potentialAction":[{"@type":"SearchAction","target":{"@type":"EntryPoint","urlTemplate":"https:\/\/www.miomiorun.com\/es\/?s={search_term_string}"},"query-input":{"@type":"PropertyValueSpecification","valueRequired":true,"valueName":"search_term_string"}}],"inLanguage":"es-ES"},{"@type":"Organization","@id":"https:\/\/www.miomiorun.com\/es\/#organization","name":"MioMio Run","url":"https:\/\/www.miomiorun.com\/es\/","logo":{"@type":"ImageObject","inLanguage":"es-ES","@id":"https:\/\/www.miomiorun.com\/es\/#\/schema\/logo\/image\/","url":"https:\/\/www.miomiorun.com\/app\/uploads\/2019\/12\/logomio.png","contentUrl":"https:\/\/www.miomiorun.com\/app\/uploads\/2019\/12\/logomio.png","width":115,"height":82,"caption":"MioMio Run"},"image":{"@id":"https:\/\/www.miomiorun.com\/es\/#\/schema\/logo\/image\/"},"sameAs":["https:\/\/www.facebook.com\/miomiorun\/","https:\/\/www.instagram.com\/miomiorun\/"]}]}},"_links":{"self":[{"href":"https:\/\/www.miomiorun.com\/es\/wp-json\/wp\/v2\/product\/291847","targetHints":{"allow":["GET"]}}],"collection":[{"href":"https:\/\/www.miomiorun.com\/es\/wp-json\/wp\/v2\/product"}],"about":[{"href":"https:\/\/www.miomiorun.com\/es\/wp-json\/wp\/v2\/types\/product"}],"wp:featuredmedia":[{"embeddable":true,"href":"https:\/\/www.miomiorun.com\/es\/wp-json\/wp\/v2\/media\/247989"}],"wp:attachment":[{"href":"https:\/\/www.miomiorun.com\/es\/wp-json\/wp\/v2\/media?parent=291847"}],"wp:term":[{"taxonomy":"product_brand","embeddable":true,"href":"https:\/\/www.miomiorun.com\/es\/wp-json\/wp\/v2\/product_brand?post=291847"},{"taxonomy":"product_cat","embeddable":true,"href":"https:\/\/www.miomiorun.com\/es\/wp-json\/wp\/v2\/product_cat?post=291847"},{"taxonomy":"product_tag","embeddable":true,"href":"https:\/\/www.miomiorun.com\/es\/wp-json\/wp\/v2\/product_tag?post=291847"}],"curies":[{"name":"wp","href":"https:\/\/api.w.org\/{rel}","templated":true}]}}