{"id":291778,"date":"2024-07-24T17:09:19","date_gmt":"2024-07-24T15:09:19","guid":{"rendered":"https:\/\/miomiorun.com\/prodotto\/noosa-tri-16-uomo\/"},"modified":"2026-03-17T12:01:49","modified_gmt":"2026-03-17T11:01:49","slug":"noosa-tri-16-hombre","status":"publish","type":"product","link":"https:\/\/www.miomiorun.com\/es\/producto\/noosa-tri-16-hombre\/","title":{"rendered":"Noosa Tri 16 hombre"},"content":{"rendered":"<div class=\"vc-row container\"><div class=\"vc-column\"><div class=\"vc-column-text\"><\/p>\n<h4>Especificaciones t\u00e9cnicas<\/h4>\n<p>Categor\u00eda: Amortiguaci\u00f3n reactiva<br \/>\nDiferencial: 5 mm<br \/>\nPeso: 217 g<br \/>\nIdeal para: esta zapatilla, ideal para atletas r\u00e1pidos y para entrenamientos de competici\u00f3n, gracias a su amortiguaci\u00f3n suave y reactiva, tambi\u00e9n se adapta bien a atletas con caracter\u00edsticas menos exigentes que buscan una zapatilla reactiva para entrenamientos de media y corta distancia.<br \/>\nPeso del atleta: &lt; 70 kg<br \/>\nRitmo de carrera: &lt; 4,30 min\/km<br \/>\n<a href=\"https:\/\/miomiorun.com\/es\/guia-especifica\/\">Gu\u00eda de especificaciones t\u00e9cnicas<\/a><\/p>\n<p><\/div><\/div><div class=\"vc-column\"><div class=\"vc-column-text\">La <strong>NOOSA TRI 16<\/strong> para hombre est\u00e1 dise\u00f1ada para garantizar un despegue \u00e1gil y un ahorro de energ\u00eda avanzado. \u200b<\/p>\n<p>La parte superior, con colores vivos y dise\u00f1os \u00fanicos, est\u00e1 confeccionada en malla transpirable para mantener los pies frescos y garantizar la m\u00e1xima comodidad.<\/p>\n<p>La amortiguaci\u00f3n FF BLAST PLUS de la entresuela garantiza una absorci\u00f3n de impactos suave y ligera bajo el pie.<\/p>\n<h3><\/h3>\n<h3>Caracter\u00edsticas:<\/h3>\n<p>&nbsp;<\/p>\n<ul>\n<li class=\"small-reg\">\n<div class=\"small-bold\"><strong>Amortiguaci\u00f3n FF BLAST PLUS.<\/strong><\/div>\n<p>Nuestro material amortiguador m\u00e1s suave y ligero<\/li>\n<li class=\"small-reg\">\n<div class=\"small-bold\"><strong>SISTEMA DE GU\u00cdA 3D.<\/strong><\/div>\n<p>Garantiza una estabilidad adaptable a cada necesidad<\/li>\n<li class=\"small-reg\">\n<div class=\"small-bold\"><strong>Empeine reforzado de malla.<\/strong><\/div>\n<p>Mejora la transpirabilidad<\/li>\n<li class=\"small-reg\">\n<div class=\"small-bold\"><strong>Sal ASICSGRIP.<\/strong><\/div>\n<p>Ayuda a mejorar la resistencia<\/li>\n<li class=\"small-reg\">\n<div class=\"small-bold\"><strong>La suela se fabrica mediante un proceso de te\u00f1ido en soluci\u00f3n, que reduce el consumo de agua en aproximadamente un 33 % y las emisiones de carbono en aproximadamente un 45 % en comparaci\u00f3n con la tecnolog\u00eda de te\u00f1ido tradicional.<\/strong><\/div>\n<p>Dise\u00f1o que garantiza un contacto total con el suelo<\/li>\n<li class=\"small-reg\">\n<div class=\"small-bold\"><strong>Para una carrera m\u00e1s fluida y eficiente.<\/strong><\/div>\n<\/li>\n<\/ul>\n<h2>Dise\u00f1adas para&#8230;<\/h2>\n<h3 class=\"pdp-pronation__flexParent__child-header small-bold\">Neutra<\/h3>\n<ul class=\"pdp-pronation__flexParent__child-details\">\n<li class=\"pdp-pronation__flexParent__child-details-list\">\n<h4 class=\"pdp-pronation__flexParent__child-details-header small-bold\">Tipo de pie<\/h4>\n<div class=\"pdp-pronation__flexParent__child-details-inner small-reg\">Arcos normales<\/div>\n<\/li>\n<li class=\"pdp-pronation__flexParent__child-details-list\">\n<h4 class=\"pdp-pronation__flexParent__child-details-header small-bold\">Empuje<\/h4>\n<div class=\"pdp-pronation__flexParent__child-details-inner small-reg\">La distribuci\u00f3n del peso en la parte delantera del pie es equilibrada.<\/div>\n<\/li>\n<li class=\"pdp-pronation__flexParent__child-details-list\">\n<h4 class=\"pdp-pronation__flexParent__child-details-header small-bold\">\u00bfC\u00f3mo se apoya el pie en el suelo?<\/h4>\n<div class=\"pdp-pronation__flexParent__child-details-inner small-reg\">El pie se apoya en el exterior de la l\u00ednea del tal\u00f3n y, a continuaci\u00f3n, gira hacia dentro (pronaci\u00f3n) para amortiguar el impacto y soportar el peso del cuerpo.<\/div>\n<\/li>\n<\/ul>\n<p><\/div><\/div><\/div>\n","protected":false},"excerpt":{"rendered":"<ul class=\"m-long-description__features\">\n<li class=\"m-long-description__feature\">Ultraligera, reactiva y muy suave.<\/li>\n<li class=\"m-long-description__feature\">Transiciones r\u00e1pidas.<\/li>\n<\/ul>\n","protected":false},"featured_media":328689,"template":"","meta":{"_acf_changed":false,"inline_featured_image":false},"product_brand":[],"product_cat":[24454,24453],"product_tag":[23559,23669],"class_list":{"0":"post-291778","1":"product","2":"type-product","3":"status-publish","4":"has-post-thumbnail","6":"product_cat-calzado-para-hombre","7":"product_cat-neutre-es-3","8":"product_tag-asics-es","9":"product_tag-asics-hombre","10":"pa_attivita-lifestyle-es","11":"pa_attivita-running-es","12":"pa_colore-noosa-tri-16-orange-glow-flash-red-es","13":"pa_marca-asics-es","14":"pa_sesso-hombre","15":"pa_size-42-es","17":"first","18":"instock","19":"sale","20":"taxable","21":"shipping-taxable","22":"purchasable","23":"product-type-variable","24":"wvs-archive-product-wrapper"},"acf":[],"yoast_head":"<!-- This site is optimized with the Yoast SEO plugin v26.8 - https:\/\/yoast.com\/product\/yoast-seo-wordpress\/ -->\n<title>Asics Noosa Tri 16 hombre - zapatillas de running - MioMioRun.com<\/title>\n<meta name=\"description\" content=\"Las NOOSA TRI 16 para hombre est\u00e1n dise\u00f1adas para garantizar un despegue \u00e1gil y un ahorro de energ\u00eda avanzado. La parte superior, con colores vivos y motivos \u00fanicos\" \/>\n<meta name=\"robots\" content=\"index, follow, max-snippet:-1, max-image-preview:large, max-video-preview:-1\" \/>\n<link rel=\"canonical\" href=\"https:\/\/www.miomiorun.com\/es\/producto\/noosa-tri-16-hombre\/\" \/>\n<meta property=\"og:locale\" content=\"es_ES\" \/>\n<meta property=\"og:type\" content=\"article\" \/>\n<meta property=\"og:title\" content=\"Asics Noosa Tri 16 hombre - zapatillas de running - MioMioRun.com\" \/>\n<meta property=\"og:description\" content=\"Las NOOSA TRI 16 para hombre est\u00e1n dise\u00f1adas para garantizar un despegue \u00e1gil y un ahorro de energ\u00eda avanzado. La parte superior, con colores vivos y motivos \u00fanicos\" \/>\n<meta property=\"og:url\" content=\"https:\/\/www.miomiorun.com\/es\/producto\/noosa-tri-16-hombre\/\" \/>\n<meta property=\"og:site_name\" content=\"MioMioRun\" \/>\n<meta property=\"article:publisher\" content=\"https:\/\/www.facebook.com\/miomiorun\/\" \/>\n<meta property=\"article:modified_time\" content=\"2026-03-17T11:01:49+00:00\" \/>\n<meta property=\"og:image\" content=\"https:\/\/www.miomiorun.com\/app\/uploads\/2025\/07\/asics-Noosa-Tri-16-orange-glow-flash-red-1011B872-800.webp\" \/>\n\t<meta property=\"og:image:width\" content=\"600\" \/>\n\t<meta property=\"og:image:height\" content=\"600\" \/>\n\t<meta property=\"og:image:type\" content=\"image\/webp\" \/>\n<meta name=\"twitter:card\" content=\"summary_large_image\" \/>\n<meta name=\"twitter:label1\" content=\"Est. reading time\" \/>\n\t<meta name=\"twitter:data1\" content=\"2 minutes\" \/>\n<script type=\"application\/ld+json\" class=\"yoast-schema-graph\">{\"@context\":\"https:\/\/schema.org\",\"@graph\":[{\"@type\":\"WebPage\",\"@id\":\"https:\/\/www.miomiorun.com\/es\/producto\/noosa-tri-16-hombre\/\",\"url\":\"https:\/\/www.miomiorun.com\/es\/producto\/noosa-tri-16-hombre\/\",\"name\":\"Asics Noosa Tri 16 hombre - zapatillas de running - MioMioRun.com\",\"isPartOf\":{\"@id\":\"https:\/\/www.miomiorun.com\/es\/#website\"},\"primaryImageOfPage\":{\"@id\":\"https:\/\/www.miomiorun.com\/es\/producto\/noosa-tri-16-hombre\/#primaryimage\"},\"image\":{\"@id\":\"https:\/\/www.miomiorun.com\/es\/producto\/noosa-tri-16-hombre\/#primaryimage\"},\"thumbnailUrl\":\"https:\/\/www.miomiorun.com\/app\/uploads\/2025\/07\/asics-Noosa-Tri-16-orange-glow-flash-red-1011B872-800.webp\",\"datePublished\":\"2024-07-24T15:09:19+00:00\",\"dateModified\":\"2026-03-17T11:01:49+00:00\",\"description\":\"Las NOOSA TRI 16 para hombre est\u00e1n dise\u00f1adas para garantizar un despegue \u00e1gil y un ahorro de energ\u00eda avanzado. La parte superior, con colores vivos y motivos \u00fanicos\",\"breadcrumb\":{\"@id\":\"https:\/\/www.miomiorun.com\/es\/producto\/noosa-tri-16-hombre\/#breadcrumb\"},\"inLanguage\":\"es-ES\",\"potentialAction\":[{\"@type\":\"ReadAction\",\"target\":[\"https:\/\/www.miomiorun.com\/es\/producto\/noosa-tri-16-hombre\/\"]}]},{\"@type\":\"ImageObject\",\"inLanguage\":\"es-ES\",\"@id\":\"https:\/\/www.miomiorun.com\/es\/producto\/noosa-tri-16-hombre\/#primaryimage\",\"url\":\"https:\/\/www.miomiorun.com\/app\/uploads\/2025\/07\/asics-Noosa-Tri-16-orange-glow-flash-red-1011B872-800.webp\",\"contentUrl\":\"https:\/\/www.miomiorun.com\/app\/uploads\/2025\/07\/asics-Noosa-Tri-16-orange-glow-flash-red-1011B872-800.webp\",\"width\":600,\"height\":600,\"caption\":\"asics Noosa Tri 16 orange glow flash red 1011B872 800\"},{\"@type\":\"BreadcrumbList\",\"@id\":\"https:\/\/www.miomiorun.com\/es\/producto\/noosa-tri-16-hombre\/#breadcrumb\",\"itemListElement\":[{\"@type\":\"ListItem\",\"position\":1,\"name\":\"Home\",\"item\":\"https:\/\/www.miomiorun.com\/es\/\"},{\"@type\":\"ListItem\",\"position\":2,\"name\":\"Shop\",\"item\":\"https:\/\/www.miomiorun.com\/shop\/\"},{\"@type\":\"ListItem\",\"position\":3,\"name\":\"Noosa Tri 16 hombre\"}]},{\"@type\":\"WebSite\",\"@id\":\"https:\/\/www.miomiorun.com\/es\/#website\",\"url\":\"https:\/\/www.miomiorun.com\/es\/\",\"name\":\"MioMioRun\",\"description\":\"Tienda 100% running y trail\",\"publisher\":{\"@id\":\"https:\/\/www.miomiorun.com\/es\/#organization\"},\"potentialAction\":[{\"@type\":\"SearchAction\",\"target\":{\"@type\":\"EntryPoint\",\"urlTemplate\":\"https:\/\/www.miomiorun.com\/es\/?s={search_term_string}\"},\"query-input\":{\"@type\":\"PropertyValueSpecification\",\"valueRequired\":true,\"valueName\":\"search_term_string\"}}],\"inLanguage\":\"es-ES\"},{\"@type\":\"Organization\",\"@id\":\"https:\/\/www.miomiorun.com\/es\/#organization\",\"name\":\"MioMio Run\",\"url\":\"https:\/\/www.miomiorun.com\/es\/\",\"logo\":{\"@type\":\"ImageObject\",\"inLanguage\":\"es-ES\",\"@id\":\"https:\/\/www.miomiorun.com\/es\/#\/schema\/logo\/image\/\",\"url\":\"https:\/\/www.miomiorun.com\/app\/uploads\/2019\/12\/logomio.png\",\"contentUrl\":\"https:\/\/www.miomiorun.com\/app\/uploads\/2019\/12\/logomio.png\",\"width\":115,\"height\":82,\"caption\":\"MioMio Run\"},\"image\":{\"@id\":\"https:\/\/www.miomiorun.com\/es\/#\/schema\/logo\/image\/\"},\"sameAs\":[\"https:\/\/www.facebook.com\/miomiorun\/\",\"https:\/\/www.instagram.com\/miomiorun\/\"]}]}<\/script>\n<!-- \/ Yoast SEO plugin. -->","yoast_head_json":{"title":"Asics Noosa Tri 16 hombre - zapatillas de running - MioMioRun.com","description":"Las NOOSA TRI 16 para hombre est\u00e1n dise\u00f1adas para garantizar un despegue \u00e1gil y un ahorro de energ\u00eda avanzado. La parte superior, con colores vivos y motivos \u00fanicos","robots":{"index":"index","follow":"follow","max-snippet":"max-snippet:-1","max-image-preview":"max-image-preview:large","max-video-preview":"max-video-preview:-1"},"canonical":"https:\/\/www.miomiorun.com\/es\/producto\/noosa-tri-16-hombre\/","og_locale":"es_ES","og_type":"article","og_title":"Asics Noosa Tri 16 hombre - zapatillas de running - MioMioRun.com","og_description":"Las NOOSA TRI 16 para hombre est\u00e1n dise\u00f1adas para garantizar un despegue \u00e1gil y un ahorro de energ\u00eda avanzado. La parte superior, con colores vivos y motivos \u00fanicos","og_url":"https:\/\/www.miomiorun.com\/es\/producto\/noosa-tri-16-hombre\/","og_site_name":"MioMioRun","article_publisher":"https:\/\/www.facebook.com\/miomiorun\/","article_modified_time":"2026-03-17T11:01:49+00:00","og_image":[{"width":600,"height":600,"url":"https:\/\/www.miomiorun.com\/app\/uploads\/2025\/07\/asics-Noosa-Tri-16-orange-glow-flash-red-1011B872-800.webp","type":"image\/webp"}],"twitter_card":"summary_large_image","twitter_misc":{"Est. reading time":"2 minutes"},"schema":{"@context":"https:\/\/schema.org","@graph":[{"@type":"WebPage","@id":"https:\/\/www.miomiorun.com\/es\/producto\/noosa-tri-16-hombre\/","url":"https:\/\/www.miomiorun.com\/es\/producto\/noosa-tri-16-hombre\/","name":"Asics Noosa Tri 16 hombre - zapatillas de running - MioMioRun.com","isPartOf":{"@id":"https:\/\/www.miomiorun.com\/es\/#website"},"primaryImageOfPage":{"@id":"https:\/\/www.miomiorun.com\/es\/producto\/noosa-tri-16-hombre\/#primaryimage"},"image":{"@id":"https:\/\/www.miomiorun.com\/es\/producto\/noosa-tri-16-hombre\/#primaryimage"},"thumbnailUrl":"https:\/\/www.miomiorun.com\/app\/uploads\/2025\/07\/asics-Noosa-Tri-16-orange-glow-flash-red-1011B872-800.webp","datePublished":"2024-07-24T15:09:19+00:00","dateModified":"2026-03-17T11:01:49+00:00","description":"Las NOOSA TRI 16 para hombre est\u00e1n dise\u00f1adas para garantizar un despegue \u00e1gil y un ahorro de energ\u00eda avanzado. La parte superior, con colores vivos y motivos \u00fanicos","breadcrumb":{"@id":"https:\/\/www.miomiorun.com\/es\/producto\/noosa-tri-16-hombre\/#breadcrumb"},"inLanguage":"es-ES","potentialAction":[{"@type":"ReadAction","target":["https:\/\/www.miomiorun.com\/es\/producto\/noosa-tri-16-hombre\/"]}]},{"@type":"ImageObject","inLanguage":"es-ES","@id":"https:\/\/www.miomiorun.com\/es\/producto\/noosa-tri-16-hombre\/#primaryimage","url":"https:\/\/www.miomiorun.com\/app\/uploads\/2025\/07\/asics-Noosa-Tri-16-orange-glow-flash-red-1011B872-800.webp","contentUrl":"https:\/\/www.miomiorun.com\/app\/uploads\/2025\/07\/asics-Noosa-Tri-16-orange-glow-flash-red-1011B872-800.webp","width":600,"height":600,"caption":"asics Noosa Tri 16 orange glow flash red 1011B872 800"},{"@type":"BreadcrumbList","@id":"https:\/\/www.miomiorun.com\/es\/producto\/noosa-tri-16-hombre\/#breadcrumb","itemListElement":[{"@type":"ListItem","position":1,"name":"Home","item":"https:\/\/www.miomiorun.com\/es\/"},{"@type":"ListItem","position":2,"name":"Shop","item":"https:\/\/www.miomiorun.com\/shop\/"},{"@type":"ListItem","position":3,"name":"Noosa Tri 16 hombre"}]},{"@type":"WebSite","@id":"https:\/\/www.miomiorun.com\/es\/#website","url":"https:\/\/www.miomiorun.com\/es\/","name":"MioMioRun","description":"Tienda 100% running y trail","publisher":{"@id":"https:\/\/www.miomiorun.com\/es\/#organization"},"potentialAction":[{"@type":"SearchAction","target":{"@type":"EntryPoint","urlTemplate":"https:\/\/www.miomiorun.com\/es\/?s={search_term_string}"},"query-input":{"@type":"PropertyValueSpecification","valueRequired":true,"valueName":"search_term_string"}}],"inLanguage":"es-ES"},{"@type":"Organization","@id":"https:\/\/www.miomiorun.com\/es\/#organization","name":"MioMio Run","url":"https:\/\/www.miomiorun.com\/es\/","logo":{"@type":"ImageObject","inLanguage":"es-ES","@id":"https:\/\/www.miomiorun.com\/es\/#\/schema\/logo\/image\/","url":"https:\/\/www.miomiorun.com\/app\/uploads\/2019\/12\/logomio.png","contentUrl":"https:\/\/www.miomiorun.com\/app\/uploads\/2019\/12\/logomio.png","width":115,"height":82,"caption":"MioMio Run"},"image":{"@id":"https:\/\/www.miomiorun.com\/es\/#\/schema\/logo\/image\/"},"sameAs":["https:\/\/www.facebook.com\/miomiorun\/","https:\/\/www.instagram.com\/miomiorun\/"]}]}},"_links":{"self":[{"href":"https:\/\/www.miomiorun.com\/es\/wp-json\/wp\/v2\/product\/291778","targetHints":{"allow":["GET"]}}],"collection":[{"href":"https:\/\/www.miomiorun.com\/es\/wp-json\/wp\/v2\/product"}],"about":[{"href":"https:\/\/www.miomiorun.com\/es\/wp-json\/wp\/v2\/types\/product"}],"wp:featuredmedia":[{"embeddable":true,"href":"https:\/\/www.miomiorun.com\/es\/wp-json\/wp\/v2\/media\/328689"}],"wp:attachment":[{"href":"https:\/\/www.miomiorun.com\/es\/wp-json\/wp\/v2\/media?parent=291778"}],"wp:term":[{"taxonomy":"product_brand","embeddable":true,"href":"https:\/\/www.miomiorun.com\/es\/wp-json\/wp\/v2\/product_brand?post=291778"},{"taxonomy":"product_cat","embeddable":true,"href":"https:\/\/www.miomiorun.com\/es\/wp-json\/wp\/v2\/product_cat?post=291778"},{"taxonomy":"product_tag","embeddable":true,"href":"https:\/\/www.miomiorun.com\/es\/wp-json\/wp\/v2\/product_tag?post=291778"}],"curies":[{"name":"wp","href":"https:\/\/api.w.org\/{rel}","templated":true}]}}