{"id":291723,"date":"2024-04-17T16:50:57","date_gmt":"2024-04-17T14:50:57","guid":{"rendered":"https:\/\/miomiorun.com\/prodotto\/travel-2-bermuda-uomo\/"},"modified":"2026-05-08T18:33:35","modified_gmt":"2026-05-08T16:33:35","slug":"travel-2-bermuda-hombre","status":"publish","type":"product","link":"https:\/\/www.miomiorun.com\/es\/producto\/travel-2-bermuda-hombre\/","title":{"rendered":"Travel 2 bermuda hombre"},"content":{"rendered":"<p><strong>Bermudas Travel 2<\/strong> para hombre: funcionalidad y elegancia para tus excursiones de verano.<\/p>\n<p>El tejido de nailon el\u00e1stico en dos direcciones te ofrece la m\u00e1xima libertad de movimiento y absorbe el sudor para proporcionarte una sensaci\u00f3n de frescor constante. El bolsillo trasero con cremallera te permite guardar tus objetos esenciales de forma segura; para un acceso r\u00e1pido, puedes utilizar los bolsillos delanteros y los laterales. La c\u00f3moda banda el\u00e1stica en la cintura con presillas para el cintur\u00f3n te permite ajustar el ajuste sin renunciar a la comodidad.<\/p>\n<h3 style=\"text-align: center\">Funcionales pero elegantes, los pantalones cortos Travel 2 para hombre son ideales tanto para hacer excursiones por la monta\u00f1a como para pasear por la ciudad.<\/h3>\n<p><strong>Caracter\u00edsticas:<\/strong><\/p>\n<ul class=\"tw-list-disc\">\n<li class=\"tw-text-xs\">Bermudas de hombre<\/li>\n<li class=\"tw-text-xs\">Tejido de nailon el\u00e1stico<\/li>\n<li class=\"tw-text-xs\">Cintura con el\u00e1stico y presillas, cierre con bot\u00f3n y cremallera<\/li>\n<li class=\"tw-text-xs\">Bolsillos laterales abiertos, bolsillos laterales con cremallera, bolsillo trasero con cremallera<\/li>\n<li class=\"tw-text-xs\">Una prenda ideal para diversas actividades al aire libre<\/li>\n<li class=\"tw-text-xs\">Peso: 160,0 g<\/li>\n<\/ul>\n<h3><\/h3>\n<p>&nbsp;<\/p>\n<div class=\"content__image-wrapper tw-w-fit\">\n<div class=\"content__image tw-relative tw-w-[5rem]\"><img loading=\"lazy\" decoding=\"async\" class=\"tw-absolute tw-top-0 tw-left-0 tw-w-full tw-h-full\" src=\"https:\/\/www.montura.com\/cdn\/shop\/files\/004_Breathable_Black.svg?v=1709125473&amp;width=200\" alt=\"\" width=\"76\" height=\"76\" \/><\/div>\n<div>Gracias a sus tejidos transpirables, esta prenda favorece la transpiraci\u00f3n natural de la piel y mantiene el cuerpo siempre a la temperatura \u00f3ptima.<\/div>\n<\/div>\n<div><\/div>\n<h2>Ideal para:<\/h2>\n<p>&nbsp;<\/p>\n<div>\n<div class=\"content__image-wrapper tw-w-fit\">\n<div class=\"content__image tw-relative tw-w-[5rem]\"><img loading=\"lazy\" decoding=\"async\" class=\"tw-absolute tw-top-0 tw-left-0 tw-w-full tw-h-full\" src=\"https:\/\/www.montura.com\/cdn\/shop\/files\/017_TrekkingHiking_Black.svg?v=1709126467&amp;width=200\" alt=\"\" width=\"94\" height=\"94\" \/><\/div>\n<div>\n<h3 class=\"tw-text-s tw-pt-[1.2rem] tw-pb-[0.4rem] tw-font-medium\">Senderismo<\/h3>\n<\/div>\n<\/div>\n<\/div>\n","protected":false},"excerpt":{"rendered":"<ul>\n<li>Unos bermudas ideales tanto para hacer excursiones por la monta\u00f1a como para pasear por la ciudad.<\/li>\n<li>Excelente transpirabilidad para mantener la piel fresca y seca en todo momento.<\/li>\n<\/ul>\n","protected":false},"featured_media":246619,"template":"","meta":{"_acf_changed":false,"inline_featured_image":false},"product_brand":[],"product_cat":[24457,24463,24464],"product_tag":[23513,23592],"class_list":{"0":"post-291723","1":"product","2":"type-product","3":"status-publish","4":"has-post-thumbnail","6":"product_cat-pantalones-cortos-es-2","7":"product_cat-ropa-de-hombre-es","8":"product_cat-hombre","9":"product_tag-montura-es","10":"product_tag-montura-hombre","11":"pa_attivita-caminar","12":"pa_attivita-outdoor-es","13":"pa_colore-travel-2-bermuda-nero-es","14":"pa_colore-travel-2-bermuda-verde-salvia-es","15":"pa_marca-montura-es","16":"pa_sesso-hombre","17":"pa_size-medium-es","18":"pa_size-large-es","20":"first","21":"instock","22":"sale","23":"taxable","24":"shipping-taxable","25":"purchasable","26":"product-type-variable","27":"wvs-archive-product-wrapper"},"acf":[],"yoast_head":"<!-- This site is optimized with the Yoast SEO plugin v26.8 - https:\/\/yoast.com\/product\/yoast-seo-wordpress\/ -->\n<title>Montura Travel 2 bermuda hombre - Pantalones cortos para hombre - MioMioRun<\/title>\n<meta name=\"description\" content=\"funcionalidad y elegancia para tus excursiones de verano. El tejido de nailon el\u00e1stico en dos direcciones te ofrece la m\u00e1xima libertad de movimiento\" \/>\n<meta name=\"robots\" content=\"index, follow, max-snippet:-1, max-image-preview:large, max-video-preview:-1\" \/>\n<link rel=\"canonical\" href=\"https:\/\/www.miomiorun.com\/es\/producto\/travel-2-bermuda-hombre\/\" \/>\n<meta property=\"og:locale\" content=\"es_ES\" \/>\n<meta property=\"og:type\" content=\"article\" \/>\n<meta property=\"og:title\" content=\"Montura Travel 2 bermuda hombre - Pantalones cortos para hombre - MioMioRun\" \/>\n<meta property=\"og:description\" content=\"funcionalidad y elegancia para tus excursiones de verano. El tejido de nailon el\u00e1stico en dos direcciones te ofrece la m\u00e1xima libertad de movimiento\" \/>\n<meta property=\"og:url\" content=\"https:\/\/www.miomiorun.com\/es\/producto\/travel-2-bermuda-hombre\/\" \/>\n<meta property=\"og:site_name\" content=\"MioMioRun\" \/>\n<meta property=\"article:publisher\" content=\"https:\/\/www.facebook.com\/miomiorun\/\" \/>\n<meta property=\"article:modified_time\" content=\"2026-05-08T16:33:35+00:00\" \/>\n<meta property=\"og:image\" content=\"https:\/\/www.miomiorun.com\/app\/uploads\/2024\/04\/Montura-Travel-2-bermuda-nero-MPBG21X-90.webp\" \/>\n\t<meta property=\"og:image:width\" content=\"600\" \/>\n\t<meta property=\"og:image:height\" content=\"600\" \/>\n\t<meta property=\"og:image:type\" content=\"image\/webp\" \/>\n<meta name=\"twitter:card\" content=\"summary_large_image\" \/>\n<meta name=\"twitter:label1\" content=\"Est. reading time\" \/>\n\t<meta name=\"twitter:data1\" content=\"1 minute\" \/>\n<script type=\"application\/ld+json\" class=\"yoast-schema-graph\">{\"@context\":\"https:\/\/schema.org\",\"@graph\":[{\"@type\":\"WebPage\",\"@id\":\"https:\/\/www.miomiorun.com\/es\/producto\/travel-2-bermuda-hombre\/\",\"url\":\"https:\/\/www.miomiorun.com\/es\/producto\/travel-2-bermuda-hombre\/\",\"name\":\"Montura Travel 2 bermuda hombre - Pantalones cortos para hombre - MioMioRun\",\"isPartOf\":{\"@id\":\"https:\/\/www.miomiorun.com\/es\/#website\"},\"primaryImageOfPage\":{\"@id\":\"https:\/\/www.miomiorun.com\/es\/producto\/travel-2-bermuda-hombre\/#primaryimage\"},\"image\":{\"@id\":\"https:\/\/www.miomiorun.com\/es\/producto\/travel-2-bermuda-hombre\/#primaryimage\"},\"thumbnailUrl\":\"https:\/\/www.miomiorun.com\/app\/uploads\/2024\/04\/Montura-Travel-2-bermuda-nero-MPBG21X-90.webp\",\"datePublished\":\"2024-04-17T14:50:57+00:00\",\"dateModified\":\"2026-05-08T16:33:35+00:00\",\"description\":\"funcionalidad y elegancia para tus excursiones de verano. El tejido de nailon el\u00e1stico en dos direcciones te ofrece la m\u00e1xima libertad de movimiento\",\"breadcrumb\":{\"@id\":\"https:\/\/www.miomiorun.com\/es\/producto\/travel-2-bermuda-hombre\/#breadcrumb\"},\"inLanguage\":\"es-ES\",\"potentialAction\":[{\"@type\":\"ReadAction\",\"target\":[\"https:\/\/www.miomiorun.com\/es\/producto\/travel-2-bermuda-hombre\/\"]}]},{\"@type\":\"ImageObject\",\"inLanguage\":\"es-ES\",\"@id\":\"https:\/\/www.miomiorun.com\/es\/producto\/travel-2-bermuda-hombre\/#primaryimage\",\"url\":\"https:\/\/www.miomiorun.com\/app\/uploads\/2024\/04\/Montura-Travel-2-bermuda-nero-MPBG21X-90.webp\",\"contentUrl\":\"https:\/\/www.miomiorun.com\/app\/uploads\/2024\/04\/Montura-Travel-2-bermuda-nero-MPBG21X-90.webp\",\"width\":600,\"height\":600,\"caption\":\"Montura Travel 2 bermuda nero MPBG21X 90\"},{\"@type\":\"BreadcrumbList\",\"@id\":\"https:\/\/www.miomiorun.com\/es\/producto\/travel-2-bermuda-hombre\/#breadcrumb\",\"itemListElement\":[{\"@type\":\"ListItem\",\"position\":1,\"name\":\"Home\",\"item\":\"https:\/\/www.miomiorun.com\/es\/\"},{\"@type\":\"ListItem\",\"position\":2,\"name\":\"Shop\",\"item\":\"https:\/\/www.miomiorun.com\/shop\/\"},{\"@type\":\"ListItem\",\"position\":3,\"name\":\"Travel 2 bermuda hombre\"}]},{\"@type\":\"WebSite\",\"@id\":\"https:\/\/www.miomiorun.com\/es\/#website\",\"url\":\"https:\/\/www.miomiorun.com\/es\/\",\"name\":\"MioMioRun\",\"description\":\"Tienda 100% running y trail\",\"publisher\":{\"@id\":\"https:\/\/www.miomiorun.com\/es\/#organization\"},\"potentialAction\":[{\"@type\":\"SearchAction\",\"target\":{\"@type\":\"EntryPoint\",\"urlTemplate\":\"https:\/\/www.miomiorun.com\/es\/?s={search_term_string}\"},\"query-input\":{\"@type\":\"PropertyValueSpecification\",\"valueRequired\":true,\"valueName\":\"search_term_string\"}}],\"inLanguage\":\"es-ES\"},{\"@type\":\"Organization\",\"@id\":\"https:\/\/www.miomiorun.com\/es\/#organization\",\"name\":\"MioMio Run\",\"url\":\"https:\/\/www.miomiorun.com\/es\/\",\"logo\":{\"@type\":\"ImageObject\",\"inLanguage\":\"es-ES\",\"@id\":\"https:\/\/www.miomiorun.com\/es\/#\/schema\/logo\/image\/\",\"url\":\"https:\/\/www.miomiorun.com\/app\/uploads\/2019\/12\/logomio.png\",\"contentUrl\":\"https:\/\/www.miomiorun.com\/app\/uploads\/2019\/12\/logomio.png\",\"width\":115,\"height\":82,\"caption\":\"MioMio Run\"},\"image\":{\"@id\":\"https:\/\/www.miomiorun.com\/es\/#\/schema\/logo\/image\/\"},\"sameAs\":[\"https:\/\/www.facebook.com\/miomiorun\/\",\"https:\/\/www.instagram.com\/miomiorun\/\"]}]}<\/script>\n<!-- \/ Yoast SEO plugin. -->","yoast_head_json":{"title":"Montura Travel 2 bermuda hombre - Pantalones cortos para hombre - MioMioRun","description":"funcionalidad y elegancia para tus excursiones de verano. El tejido de nailon el\u00e1stico en dos direcciones te ofrece la m\u00e1xima libertad de movimiento","robots":{"index":"index","follow":"follow","max-snippet":"max-snippet:-1","max-image-preview":"max-image-preview:large","max-video-preview":"max-video-preview:-1"},"canonical":"https:\/\/www.miomiorun.com\/es\/producto\/travel-2-bermuda-hombre\/","og_locale":"es_ES","og_type":"article","og_title":"Montura Travel 2 bermuda hombre - Pantalones cortos para hombre - MioMioRun","og_description":"funcionalidad y elegancia para tus excursiones de verano. El tejido de nailon el\u00e1stico en dos direcciones te ofrece la m\u00e1xima libertad de movimiento","og_url":"https:\/\/www.miomiorun.com\/es\/producto\/travel-2-bermuda-hombre\/","og_site_name":"MioMioRun","article_publisher":"https:\/\/www.facebook.com\/miomiorun\/","article_modified_time":"2026-05-08T16:33:35+00:00","og_image":[{"width":600,"height":600,"url":"https:\/\/www.miomiorun.com\/app\/uploads\/2024\/04\/Montura-Travel-2-bermuda-nero-MPBG21X-90.webp","type":"image\/webp"}],"twitter_card":"summary_large_image","twitter_misc":{"Est. reading time":"1 minute"},"schema":{"@context":"https:\/\/schema.org","@graph":[{"@type":"WebPage","@id":"https:\/\/www.miomiorun.com\/es\/producto\/travel-2-bermuda-hombre\/","url":"https:\/\/www.miomiorun.com\/es\/producto\/travel-2-bermuda-hombre\/","name":"Montura Travel 2 bermuda hombre - Pantalones cortos para hombre - MioMioRun","isPartOf":{"@id":"https:\/\/www.miomiorun.com\/es\/#website"},"primaryImageOfPage":{"@id":"https:\/\/www.miomiorun.com\/es\/producto\/travel-2-bermuda-hombre\/#primaryimage"},"image":{"@id":"https:\/\/www.miomiorun.com\/es\/producto\/travel-2-bermuda-hombre\/#primaryimage"},"thumbnailUrl":"https:\/\/www.miomiorun.com\/app\/uploads\/2024\/04\/Montura-Travel-2-bermuda-nero-MPBG21X-90.webp","datePublished":"2024-04-17T14:50:57+00:00","dateModified":"2026-05-08T16:33:35+00:00","description":"funcionalidad y elegancia para tus excursiones de verano. El tejido de nailon el\u00e1stico en dos direcciones te ofrece la m\u00e1xima libertad de movimiento","breadcrumb":{"@id":"https:\/\/www.miomiorun.com\/es\/producto\/travel-2-bermuda-hombre\/#breadcrumb"},"inLanguage":"es-ES","potentialAction":[{"@type":"ReadAction","target":["https:\/\/www.miomiorun.com\/es\/producto\/travel-2-bermuda-hombre\/"]}]},{"@type":"ImageObject","inLanguage":"es-ES","@id":"https:\/\/www.miomiorun.com\/es\/producto\/travel-2-bermuda-hombre\/#primaryimage","url":"https:\/\/www.miomiorun.com\/app\/uploads\/2024\/04\/Montura-Travel-2-bermuda-nero-MPBG21X-90.webp","contentUrl":"https:\/\/www.miomiorun.com\/app\/uploads\/2024\/04\/Montura-Travel-2-bermuda-nero-MPBG21X-90.webp","width":600,"height":600,"caption":"Montura Travel 2 bermuda nero MPBG21X 90"},{"@type":"BreadcrumbList","@id":"https:\/\/www.miomiorun.com\/es\/producto\/travel-2-bermuda-hombre\/#breadcrumb","itemListElement":[{"@type":"ListItem","position":1,"name":"Home","item":"https:\/\/www.miomiorun.com\/es\/"},{"@type":"ListItem","position":2,"name":"Shop","item":"https:\/\/www.miomiorun.com\/shop\/"},{"@type":"ListItem","position":3,"name":"Travel 2 bermuda hombre"}]},{"@type":"WebSite","@id":"https:\/\/www.miomiorun.com\/es\/#website","url":"https:\/\/www.miomiorun.com\/es\/","name":"MioMioRun","description":"Tienda 100% running y trail","publisher":{"@id":"https:\/\/www.miomiorun.com\/es\/#organization"},"potentialAction":[{"@type":"SearchAction","target":{"@type":"EntryPoint","urlTemplate":"https:\/\/www.miomiorun.com\/es\/?s={search_term_string}"},"query-input":{"@type":"PropertyValueSpecification","valueRequired":true,"valueName":"search_term_string"}}],"inLanguage":"es-ES"},{"@type":"Organization","@id":"https:\/\/www.miomiorun.com\/es\/#organization","name":"MioMio Run","url":"https:\/\/www.miomiorun.com\/es\/","logo":{"@type":"ImageObject","inLanguage":"es-ES","@id":"https:\/\/www.miomiorun.com\/es\/#\/schema\/logo\/image\/","url":"https:\/\/www.miomiorun.com\/app\/uploads\/2019\/12\/logomio.png","contentUrl":"https:\/\/www.miomiorun.com\/app\/uploads\/2019\/12\/logomio.png","width":115,"height":82,"caption":"MioMio Run"},"image":{"@id":"https:\/\/www.miomiorun.com\/es\/#\/schema\/logo\/image\/"},"sameAs":["https:\/\/www.facebook.com\/miomiorun\/","https:\/\/www.instagram.com\/miomiorun\/"]}]}},"_links":{"self":[{"href":"https:\/\/www.miomiorun.com\/es\/wp-json\/wp\/v2\/product\/291723","targetHints":{"allow":["GET"]}}],"collection":[{"href":"https:\/\/www.miomiorun.com\/es\/wp-json\/wp\/v2\/product"}],"about":[{"href":"https:\/\/www.miomiorun.com\/es\/wp-json\/wp\/v2\/types\/product"}],"wp:featuredmedia":[{"embeddable":true,"href":"https:\/\/www.miomiorun.com\/es\/wp-json\/wp\/v2\/media\/246619"}],"wp:attachment":[{"href":"https:\/\/www.miomiorun.com\/es\/wp-json\/wp\/v2\/media?parent=291723"}],"wp:term":[{"taxonomy":"product_brand","embeddable":true,"href":"https:\/\/www.miomiorun.com\/es\/wp-json\/wp\/v2\/product_brand?post=291723"},{"taxonomy":"product_cat","embeddable":true,"href":"https:\/\/www.miomiorun.com\/es\/wp-json\/wp\/v2\/product_cat?post=291723"},{"taxonomy":"product_tag","embeddable":true,"href":"https:\/\/www.miomiorun.com\/es\/wp-json\/wp\/v2\/product_tag?post=291723"}],"curies":[{"name":"wp","href":"https:\/\/api.w.org\/{rel}","templated":true}]}}