{"id":291720,"date":"2024-04-17T17:34:27","date_gmt":"2024-04-17T15:34:27","guid":{"rendered":"https:\/\/miomiorun.com\/prodotto\/timeless-maglia-donna\/"},"modified":"2026-05-08T18:33:40","modified_gmt":"2026-05-08T16:33:40","slug":"timeless-maglia-mujer","status":"publish","type":"product","link":"https:\/\/www.miomiorun.com\/es\/producto\/timeless-maglia-mujer\/","title":{"rendered":"Timeless Maglia mujer"},"content":{"rendered":"<div class=\"product-attribute product-attribute-passion\">\n<p><strong>Sudadera Timeless<\/strong> para mujer: protecci\u00f3n, ligereza y transpirabilidad para escalar en verano con la m\u00e1xima comodidad.<\/p>\n<p>Confeccionada con tejido reciclado Deltapeak\u2122 de alta densidad, esta sudadera t\u00e9cnica con capucha es transpirable, ligera y resistente a los desgarros.<\/p>\n<p>El tejido ofrece protecci\u00f3n contra los rayos UV, lo que la hace perfecta para rutas largas o para practicar alpinismo bajo el sol. La c\u00f3moda cremallera central te permite refrescarte cuando sube la temperatura, mientras que la parte inferior el\u00e1stica del torso garantiza un ajuste siempre perfecto. Los bolsillos laterales para las manos son c\u00f3modos y vers\u00e1tiles.<\/p>\n<p style=\"text-align: center\"><strong>Con la sudadera Timeless para mujer, podr\u00e1s practicar escalada o senderismo con total seguridad y la m\u00e1xima comodidad.<\/strong><\/p>\n<h3><strong>Caracter\u00edsticas:<\/strong><\/h3>\n<ul class=\"tw-list-disc\">\n<li class=\"tw-text-xs\">Jersey de punto abierto con capucha para mujer<\/li>\n<li class=\"tw-text-xs\">Tejido Deltapeak\u2122 con estructura de alta densidad, excelentes propiedades de secado r\u00e1pido y protecci\u00f3n contra los rayos UV<\/li>\n<li class=\"tw-text-xs\">Cierre central con cremallera, bolsillos abiertos<\/li>\n<li class=\"tw-text-xs\">Parte inferior con el\u00e1stico<\/li>\n<li class=\"tw-text-xs\">Una prenda ideal para la escalada y diversas actividades al aire libre<\/li>\n<li>Peso: 230,0 g<\/li>\n<\/ul>\n<div class=\"content__image-wrapper tw-w-fit\">\n<div><\/div>\n<div><\/div>\n<div><\/div>\n<div class=\"content__image tw-relative tw-w-[5rem]\"><img loading=\"lazy\" decoding=\"async\" class=\"tw-absolute tw-top-0 tw-left-0 tw-w-full tw-h-full\" src=\"https:\/\/www.montura.com\/cdn\/shop\/files\/004_Breathable_Black.svg?v=1709125473&amp;width=200\" alt=\"\" width=\"103\" height=\"103\" \/><\/div>\n<div>\n<h3 class=\"tw-text-s tw-pt-[1.2rem] tw-pb-[0.4rem] tw-font-medium\">Transpirable<\/h3>\n<p>Gracias a sus tejidos transpirables, esta prenda favorece la transpiraci\u00f3n natural de la piel y mantiene el cuerpo siempre a la temperatura \u00f3ptima.<\/p>\n<h3>Ideal para:<\/h3>\n<\/div>\n<p>&nbsp;<\/p>\n<div>\n<div class=\"content__image-wrapper tw-w-fit\">\n<div class=\"content__image tw-relative tw-w-[5rem]\"><img loading=\"lazy\" decoding=\"async\" class=\"tw-absolute tw-top-0 tw-left-0 tw-w-full tw-h-full\" src=\"https:\/\/www.montura.com\/cdn\/shop\/files\/015_Everyday_Black.svg?v=1709126253&amp;width=200\" alt=\"\" width=\"93\" height=\"93\" \/><strong>Todos los d\u00edas<\/strong><\/div>\n<\/div>\n<\/div>\n<\/div>\n<\/div>\n<div><\/div>\n<div><\/div>\n<div>\n<div class=\"content__image-wrapper tw-w-fit\">\n<div class=\"content__image tw-relative tw-w-[5rem]\"><img loading=\"lazy\" decoding=\"async\" class=\"tw-absolute tw-top-0 tw-left-0 tw-w-full tw-h-full\" src=\"https:\/\/www.montura.com\/cdn\/shop\/files\/019_Climbing_Black.svg?v=1709126445&amp;width=200\" alt=\"\" width=\"72\" height=\"95\" \/>\u00a0 <strong>Escalada<\/strong><\/div>\n<\/div>\n<\/div>\n","protected":false},"excerpt":{"rendered":"<ul>\n<li>Sudadera ligera y transpirable<\/li>\n<li>Ideal para actividades al aire libre<\/li>\n<\/ul>\n","protected":false},"featured_media":265212,"template":"","meta":{"_acf_changed":false,"inline_featured_image":false},"product_brand":[],"product_cat":[24396,24401,24402],"product_tag":[23513,23631],"class_list":{"0":"post-291720","1":"product","2":"type-product","3":"status-publish","4":"has-post-thumbnail","6":"product_cat-camisetas","7":"product_cat-ropa-de-mujer","8":"product_cat-mujer","9":"product_tag-montura-es","10":"product_tag-montura-mujer","11":"pa_attivita-caminar","12":"pa_attivita-fitness-es","13":"pa_attivita-lifestyle-es","14":"pa_attivita-outdoor-es","15":"pa_colore-timeless-maglia-w-care-blue-es","16":"pa_colore-timeless-maglia-w-verde-salvia-es","17":"pa_marca-montura-es","18":"pa_sesso-mujer","19":"pa_size-medium-es","20":"pa_size-large-es","22":"first","23":"instock","24":"sale","25":"taxable","26":"shipping-taxable","27":"purchasable","28":"product-type-variable","29":"wvs-archive-product-wrapper"},"acf":[],"yoast_head":"<!-- This site is optimized with the Yoast SEO plugin v26.8 - https:\/\/yoast.com\/product\/yoast-seo-wordpress\/ -->\n<title>Montura Timeless Maglia mujer - Jersey de invierno - MioMioRun<\/title>\n<meta name=\"description\" content=\"protecci\u00f3n, ligereza y transpirabilidad para escalar en verano con la m\u00e1xima comodidad. Confeccionada con tejido reciclado Deltapeak\" \/>\n<meta name=\"robots\" content=\"index, follow, max-snippet:-1, max-image-preview:large, max-video-preview:-1\" \/>\n<link rel=\"canonical\" href=\"https:\/\/www.miomiorun.com\/es\/producto\/timeless-maglia-mujer\/\" \/>\n<meta property=\"og:locale\" content=\"es_ES\" \/>\n<meta property=\"og:type\" content=\"article\" \/>\n<meta property=\"og:title\" content=\"Montura Timeless Maglia mujer - Jersey de invierno - MioMioRun\" \/>\n<meta property=\"og:description\" content=\"protecci\u00f3n, ligereza y transpirabilidad para escalar en verano con la m\u00e1xima comodidad. Confeccionada con tejido reciclado Deltapeak\" \/>\n<meta property=\"og:url\" content=\"https:\/\/www.miomiorun.com\/es\/producto\/timeless-maglia-mujer\/\" \/>\n<meta property=\"og:site_name\" content=\"MioMioRun\" \/>\n<meta property=\"article:publisher\" content=\"https:\/\/www.facebook.com\/miomiorun\/\" \/>\n<meta property=\"article:modified_time\" content=\"2026-05-08T16:33:40+00:00\" \/>\n<meta property=\"og:image\" content=\"https:\/\/www.miomiorun.com\/app\/uploads\/2025\/03\/montura-TImeless-maglia-W-vinaccia-MMAP61W.14.webp\" \/>\n\t<meta property=\"og:image:width\" content=\"600\" \/>\n\t<meta property=\"og:image:height\" content=\"600\" \/>\n\t<meta property=\"og:image:type\" content=\"image\/webp\" \/>\n<meta name=\"twitter:card\" content=\"summary_large_image\" \/>\n<meta name=\"twitter:label1\" content=\"Est. reading time\" \/>\n\t<meta name=\"twitter:data1\" content=\"1 minute\" \/>\n<script type=\"application\/ld+json\" class=\"yoast-schema-graph\">{\"@context\":\"https:\/\/schema.org\",\"@graph\":[{\"@type\":\"WebPage\",\"@id\":\"https:\/\/www.miomiorun.com\/es\/producto\/timeless-maglia-mujer\/\",\"url\":\"https:\/\/www.miomiorun.com\/es\/producto\/timeless-maglia-mujer\/\",\"name\":\"Montura Timeless Maglia mujer - Jersey de invierno - MioMioRun\",\"isPartOf\":{\"@id\":\"https:\/\/www.miomiorun.com\/es\/#website\"},\"primaryImageOfPage\":{\"@id\":\"https:\/\/www.miomiorun.com\/es\/producto\/timeless-maglia-mujer\/#primaryimage\"},\"image\":{\"@id\":\"https:\/\/www.miomiorun.com\/es\/producto\/timeless-maglia-mujer\/#primaryimage\"},\"thumbnailUrl\":\"https:\/\/www.miomiorun.com\/app\/uploads\/2025\/03\/montura-TImeless-maglia-W-vinaccia-MMAP61W.14.webp\",\"datePublished\":\"2024-04-17T15:34:27+00:00\",\"dateModified\":\"2026-05-08T16:33:40+00:00\",\"description\":\"protecci\u00f3n, ligereza y transpirabilidad para escalar en verano con la m\u00e1xima comodidad. Confeccionada con tejido reciclado Deltapeak\",\"breadcrumb\":{\"@id\":\"https:\/\/www.miomiorun.com\/es\/producto\/timeless-maglia-mujer\/#breadcrumb\"},\"inLanguage\":\"es-ES\",\"potentialAction\":[{\"@type\":\"ReadAction\",\"target\":[\"https:\/\/www.miomiorun.com\/es\/producto\/timeless-maglia-mujer\/\"]}]},{\"@type\":\"ImageObject\",\"inLanguage\":\"es-ES\",\"@id\":\"https:\/\/www.miomiorun.com\/es\/producto\/timeless-maglia-mujer\/#primaryimage\",\"url\":\"https:\/\/www.miomiorun.com\/app\/uploads\/2025\/03\/montura-TImeless-maglia-W-vinaccia-MMAP61W.14.webp\",\"contentUrl\":\"https:\/\/www.miomiorun.com\/app\/uploads\/2025\/03\/montura-TImeless-maglia-W-vinaccia-MMAP61W.14.webp\",\"width\":600,\"height\":600,\"caption\":\"montura TImeless maglia W vinaccia MMAP61W.14\"},{\"@type\":\"BreadcrumbList\",\"@id\":\"https:\/\/www.miomiorun.com\/es\/producto\/timeless-maglia-mujer\/#breadcrumb\",\"itemListElement\":[{\"@type\":\"ListItem\",\"position\":1,\"name\":\"Home\",\"item\":\"https:\/\/www.miomiorun.com\/es\/\"},{\"@type\":\"ListItem\",\"position\":2,\"name\":\"Shop\",\"item\":\"https:\/\/www.miomiorun.com\/shop\/\"},{\"@type\":\"ListItem\",\"position\":3,\"name\":\"Timeless Maglia mujer\"}]},{\"@type\":\"WebSite\",\"@id\":\"https:\/\/www.miomiorun.com\/es\/#website\",\"url\":\"https:\/\/www.miomiorun.com\/es\/\",\"name\":\"MioMioRun\",\"description\":\"Tienda 100% running y trail\",\"publisher\":{\"@id\":\"https:\/\/www.miomiorun.com\/es\/#organization\"},\"potentialAction\":[{\"@type\":\"SearchAction\",\"target\":{\"@type\":\"EntryPoint\",\"urlTemplate\":\"https:\/\/www.miomiorun.com\/es\/?s={search_term_string}\"},\"query-input\":{\"@type\":\"PropertyValueSpecification\",\"valueRequired\":true,\"valueName\":\"search_term_string\"}}],\"inLanguage\":\"es-ES\"},{\"@type\":\"Organization\",\"@id\":\"https:\/\/www.miomiorun.com\/es\/#organization\",\"name\":\"MioMio Run\",\"url\":\"https:\/\/www.miomiorun.com\/es\/\",\"logo\":{\"@type\":\"ImageObject\",\"inLanguage\":\"es-ES\",\"@id\":\"https:\/\/www.miomiorun.com\/es\/#\/schema\/logo\/image\/\",\"url\":\"https:\/\/www.miomiorun.com\/app\/uploads\/2019\/12\/logomio.png\",\"contentUrl\":\"https:\/\/www.miomiorun.com\/app\/uploads\/2019\/12\/logomio.png\",\"width\":115,\"height\":82,\"caption\":\"MioMio Run\"},\"image\":{\"@id\":\"https:\/\/www.miomiorun.com\/es\/#\/schema\/logo\/image\/\"},\"sameAs\":[\"https:\/\/www.facebook.com\/miomiorun\/\",\"https:\/\/www.instagram.com\/miomiorun\/\"]}]}<\/script>\n<!-- \/ Yoast SEO plugin. -->","yoast_head_json":{"title":"Montura Timeless Maglia mujer - Jersey de invierno - MioMioRun","description":"protecci\u00f3n, ligereza y transpirabilidad para escalar en verano con la m\u00e1xima comodidad. Confeccionada con tejido reciclado Deltapeak","robots":{"index":"index","follow":"follow","max-snippet":"max-snippet:-1","max-image-preview":"max-image-preview:large","max-video-preview":"max-video-preview:-1"},"canonical":"https:\/\/www.miomiorun.com\/es\/producto\/timeless-maglia-mujer\/","og_locale":"es_ES","og_type":"article","og_title":"Montura Timeless Maglia mujer - Jersey de invierno - MioMioRun","og_description":"protecci\u00f3n, ligereza y transpirabilidad para escalar en verano con la m\u00e1xima comodidad. Confeccionada con tejido reciclado Deltapeak","og_url":"https:\/\/www.miomiorun.com\/es\/producto\/timeless-maglia-mujer\/","og_site_name":"MioMioRun","article_publisher":"https:\/\/www.facebook.com\/miomiorun\/","article_modified_time":"2026-05-08T16:33:40+00:00","og_image":[{"width":600,"height":600,"url":"https:\/\/www.miomiorun.com\/app\/uploads\/2025\/03\/montura-TImeless-maglia-W-vinaccia-MMAP61W.14.webp","type":"image\/webp"}],"twitter_card":"summary_large_image","twitter_misc":{"Est. reading time":"1 minute"},"schema":{"@context":"https:\/\/schema.org","@graph":[{"@type":"WebPage","@id":"https:\/\/www.miomiorun.com\/es\/producto\/timeless-maglia-mujer\/","url":"https:\/\/www.miomiorun.com\/es\/producto\/timeless-maglia-mujer\/","name":"Montura Timeless Maglia mujer - Jersey de invierno - MioMioRun","isPartOf":{"@id":"https:\/\/www.miomiorun.com\/es\/#website"},"primaryImageOfPage":{"@id":"https:\/\/www.miomiorun.com\/es\/producto\/timeless-maglia-mujer\/#primaryimage"},"image":{"@id":"https:\/\/www.miomiorun.com\/es\/producto\/timeless-maglia-mujer\/#primaryimage"},"thumbnailUrl":"https:\/\/www.miomiorun.com\/app\/uploads\/2025\/03\/montura-TImeless-maglia-W-vinaccia-MMAP61W.14.webp","datePublished":"2024-04-17T15:34:27+00:00","dateModified":"2026-05-08T16:33:40+00:00","description":"protecci\u00f3n, ligereza y transpirabilidad para escalar en verano con la m\u00e1xima comodidad. Confeccionada con tejido reciclado Deltapeak","breadcrumb":{"@id":"https:\/\/www.miomiorun.com\/es\/producto\/timeless-maglia-mujer\/#breadcrumb"},"inLanguage":"es-ES","potentialAction":[{"@type":"ReadAction","target":["https:\/\/www.miomiorun.com\/es\/producto\/timeless-maglia-mujer\/"]}]},{"@type":"ImageObject","inLanguage":"es-ES","@id":"https:\/\/www.miomiorun.com\/es\/producto\/timeless-maglia-mujer\/#primaryimage","url":"https:\/\/www.miomiorun.com\/app\/uploads\/2025\/03\/montura-TImeless-maglia-W-vinaccia-MMAP61W.14.webp","contentUrl":"https:\/\/www.miomiorun.com\/app\/uploads\/2025\/03\/montura-TImeless-maglia-W-vinaccia-MMAP61W.14.webp","width":600,"height":600,"caption":"montura TImeless maglia W vinaccia MMAP61W.14"},{"@type":"BreadcrumbList","@id":"https:\/\/www.miomiorun.com\/es\/producto\/timeless-maglia-mujer\/#breadcrumb","itemListElement":[{"@type":"ListItem","position":1,"name":"Home","item":"https:\/\/www.miomiorun.com\/es\/"},{"@type":"ListItem","position":2,"name":"Shop","item":"https:\/\/www.miomiorun.com\/shop\/"},{"@type":"ListItem","position":3,"name":"Timeless Maglia mujer"}]},{"@type":"WebSite","@id":"https:\/\/www.miomiorun.com\/es\/#website","url":"https:\/\/www.miomiorun.com\/es\/","name":"MioMioRun","description":"Tienda 100% running y trail","publisher":{"@id":"https:\/\/www.miomiorun.com\/es\/#organization"},"potentialAction":[{"@type":"SearchAction","target":{"@type":"EntryPoint","urlTemplate":"https:\/\/www.miomiorun.com\/es\/?s={search_term_string}"},"query-input":{"@type":"PropertyValueSpecification","valueRequired":true,"valueName":"search_term_string"}}],"inLanguage":"es-ES"},{"@type":"Organization","@id":"https:\/\/www.miomiorun.com\/es\/#organization","name":"MioMio Run","url":"https:\/\/www.miomiorun.com\/es\/","logo":{"@type":"ImageObject","inLanguage":"es-ES","@id":"https:\/\/www.miomiorun.com\/es\/#\/schema\/logo\/image\/","url":"https:\/\/www.miomiorun.com\/app\/uploads\/2019\/12\/logomio.png","contentUrl":"https:\/\/www.miomiorun.com\/app\/uploads\/2019\/12\/logomio.png","width":115,"height":82,"caption":"MioMio Run"},"image":{"@id":"https:\/\/www.miomiorun.com\/es\/#\/schema\/logo\/image\/"},"sameAs":["https:\/\/www.facebook.com\/miomiorun\/","https:\/\/www.instagram.com\/miomiorun\/"]}]}},"_links":{"self":[{"href":"https:\/\/www.miomiorun.com\/es\/wp-json\/wp\/v2\/product\/291720","targetHints":{"allow":["GET"]}}],"collection":[{"href":"https:\/\/www.miomiorun.com\/es\/wp-json\/wp\/v2\/product"}],"about":[{"href":"https:\/\/www.miomiorun.com\/es\/wp-json\/wp\/v2\/types\/product"}],"wp:featuredmedia":[{"embeddable":true,"href":"https:\/\/www.miomiorun.com\/es\/wp-json\/wp\/v2\/media\/265212"}],"wp:attachment":[{"href":"https:\/\/www.miomiorun.com\/es\/wp-json\/wp\/v2\/media?parent=291720"}],"wp:term":[{"taxonomy":"product_brand","embeddable":true,"href":"https:\/\/www.miomiorun.com\/es\/wp-json\/wp\/v2\/product_brand?post=291720"},{"taxonomy":"product_cat","embeddable":true,"href":"https:\/\/www.miomiorun.com\/es\/wp-json\/wp\/v2\/product_cat?post=291720"},{"taxonomy":"product_tag","embeddable":true,"href":"https:\/\/www.miomiorun.com\/es\/wp-json\/wp\/v2\/product_tag?post=291720"}],"curies":[{"name":"wp","href":"https:\/\/api.w.org\/{rel}","templated":true}]}}