{"id":291705,"date":"2024-04-17T18:08:19","date_gmt":"2024-04-17T16:08:19","guid":{"rendered":"https:\/\/miomiorun.com\/prodotto\/domino-trekking-pants-donna\/"},"modified":"2026-05-08T18:33:52","modified_gmt":"2026-05-08T16:33:52","slug":"domino-trekking-pants-mujer","status":"publish","type":"product","link":"https:\/\/www.miomiorun.com\/es\/producto\/domino-trekking-pants-mujer\/","title":{"rendered":"Domino Trekking Pants mujer"},"content":{"rendered":"<div class=\"product-attribute product-attribute-featured-materials\">\n<p>Pantalones <strong>Domino<\/strong> para mujer: transpirabilidad y libertad de movimiento para las excursiones.<\/p>\n<p>Gracias a la cintura el\u00e1stica con cord\u00f3n ajustable, estos pantalones se mantienen bien sujetos en cualquier situaci\u00f3n. El tejido ligero y transpirable evita que te acalores, incluso cuando caminas durante horas bajo el sol. Los refuerzos en las rodillas son ultrarresistentes a los desgarros y la abrasi\u00f3n y previenen el desgaste en caso de contacto con la roca, mientras que el tejido el\u00e1stico en dos direcciones te mantiene fresco en verano y te ofrece la m\u00e1xima comodidad.<\/p>\n<p>Cuentan con bolsillos delanteros con cremallera para guardar de forma segura objetos esenciales como el tel\u00e9fono o las llaves.<\/p>\n<p style=\"text-align: center\"><strong>Los pantalones Domino para mujer son c\u00f3modos y resistentes: los compa\u00f1eros ideales para tus paseos de verano. <\/strong><\/p>\n<p><strong>Caracter\u00edsticas:<\/strong><\/p>\n<ul class=\"tw-list-disc\">\n<li class=\"tw-text-xs\">Pantalones largos de mujer<\/li>\n<li class=\"tw-text-xs\">Tejido de nailon el\u00e1stico<\/li>\n<li class=\"tw-text-xs\">Rodillera de tejido de nailon el\u00e1stico resistente a los desgarros y a la abrasi\u00f3n<\/li>\n<li class=\"tw-text-xs\">Cierre con el\u00e1stico, ajuste mediante cord\u00f3n y solapa<\/li>\n<li class=\"tw-text-xs\">Bolsillos laterales con cremallera<\/li>\n<li class=\"tw-text-xs\">Base con ajuste<\/li>\n<li class=\"tw-text-xs\">Una prenda ideal para diversas actividades al aire libre<\/li>\n<li>Peso: 220,0 g<\/li>\n<\/ul>\n<\/div>\n<p>&nbsp;<\/p>\n<div class=\"product-attribute product-attribute-featured-materials\">\n<div id=\"materials\" class=\"data item content\" role=\"tabpanel\" data-role=\"content\" aria-labelledby=\"tab-label-materials\" aria-hidden=\"false\">\n<div class=\"product-materials-content\">\n<div class=\"texture-content secondary-texture\">\n<div class=\"content\">\n<div class=\"texture-text\">\n<div id=\"laundry\" class=\"data item content\" role=\"tabpanel\" data-role=\"content\" aria-labelledby=\"tab-label-laundry\" aria-hidden=\"false\">\n<div class=\"laundry-content\">\n<div class=\"laundry-sides-texture\">\n<div class=\"content__image-wrapper tw-w-fit\">\n<div><\/div>\n<div class=\"content__image tw-relative tw-w-[5rem]\"><img loading=\"lazy\" decoding=\"async\" class=\"tw-absolute tw-top-0 tw-left-0 tw-w-full tw-h-full\" src=\"https:\/\/www.montura.com\/cdn\/shop\/files\/004_Breathable_Black.svg?v=1709125473&amp;width=200\" alt=\"\" width=\"101\" height=\"101\" \/><\/div>\n<div>\n<h3 class=\"tw-text-s tw-pt-[1.2rem] tw-pb-[0.4rem] tw-font-medium\">Transpirable<\/h3>\n<p>Gracias a sus tejidos transpirables, esta prenda favorece la transpiraci\u00f3n natural de la piel y mantiene el cuerpo siempre a la temperatura \u00f3ptima.<\/p>\n<\/div>\n<h2>Ideal para:<\/h2>\n<div class=\"content__image-wrapper tw-w-fit\">\n<div class=\"content__image tw-relative tw-w-[5rem]\"><img loading=\"lazy\" decoding=\"async\" class=\"tw-absolute tw-top-0 tw-left-0 tw-w-full tw-h-full\" src=\"https:\/\/www.montura.com\/cdn\/shop\/files\/017_TrekkingHiking_Black.svg?v=1709126467&amp;width=200\" alt=\"\" width=\"102\" height=\"102\" \/><\/div>\n<div class=\"content__image tw-relative tw-w-[5rem]\"><strong>Senderismo<\/strong><\/div>\n<\/div>\n<\/div>\n<\/div>\n<\/div>\n<\/div>\n<\/div>\n<\/div>\n<\/div>\n<\/div>\n<\/div>\n<\/div>\n","protected":false},"excerpt":{"rendered":"<ul>\n<li>Pantalones perfectos para las excursiones de monta\u00f1a en verano<\/li>\n<li>Tejido transpirable y ligero para evitar que te d\u00e9 calor.<\/li>\n<\/ul>\n","protected":false},"featured_media":246631,"template":"","meta":{"_acf_changed":false,"inline_featured_image":false},"product_brand":[],"product_cat":[24225,24401,24402],"product_tag":[23513,23631],"class_list":{"0":"post-291705","1":"product","2":"type-product","3":"status-publish","4":"has-post-thumbnail","6":"product_cat-pantalones-largos","7":"product_cat-ropa-de-mujer","8":"product_cat-mujer","9":"product_tag-montura-es","10":"product_tag-montura-mujer","11":"pa_attivita-caminar","12":"pa_attivita-outdoor-es","13":"pa_colore-domino-trekking-pants-w-nero-care-blue-es","14":"pa_marca-montura-es","15":"pa_sesso-mujer","16":"pa_size-medium-es","18":"first","19":"instock","20":"sale","21":"taxable","22":"shipping-taxable","23":"purchasable","24":"product-type-variable","25":"wvs-archive-product-wrapper"},"acf":[],"yoast_head":"<!-- This site is optimized with the Yoast SEO plugin v26.8 - https:\/\/yoast.com\/product\/yoast-seo-wordpress\/ -->\n<title>Montura Domino Trekking Pants mujer - Pantalones largos - MioMioRun<\/title>\n<meta name=\"description\" content=\"Pantalones Domino para mujer: transpirabilidad y libertad de movimiento para las excursiones. Gracias a la cintura el\u00e1stica con cord\u00f3n ajustable\" \/>\n<meta name=\"robots\" content=\"index, follow, max-snippet:-1, max-image-preview:large, max-video-preview:-1\" \/>\n<link rel=\"canonical\" href=\"https:\/\/www.miomiorun.com\/es\/producto\/domino-trekking-pants-mujer\/\" \/>\n<meta property=\"og:locale\" content=\"es_ES\" \/>\n<meta property=\"og:type\" content=\"article\" \/>\n<meta property=\"og:title\" content=\"Montura Domino Trekking Pants mujer - Pantalones largos - MioMioRun\" \/>\n<meta property=\"og:description\" content=\"Pantalones Domino para mujer: transpirabilidad y libertad de movimiento para las excursiones. Gracias a la cintura el\u00e1stica con cord\u00f3n ajustable\" \/>\n<meta property=\"og:url\" content=\"https:\/\/www.miomiorun.com\/es\/producto\/domino-trekking-pants-mujer\/\" \/>\n<meta property=\"og:site_name\" content=\"MioMioRun\" \/>\n<meta property=\"article:publisher\" content=\"https:\/\/www.facebook.com\/miomiorun\/\" \/>\n<meta property=\"article:modified_time\" content=\"2026-05-08T16:33:52+00:00\" \/>\n<meta property=\"og:image\" content=\"https:\/\/www.miomiorun.com\/app\/uploads\/2024\/04\/Montura-Domino-trekking-pants-W-nero-care-blue-MPLA62W-9028.webp\" \/>\n\t<meta property=\"og:image:width\" content=\"600\" \/>\n\t<meta property=\"og:image:height\" content=\"600\" \/>\n\t<meta property=\"og:image:type\" content=\"image\/webp\" \/>\n<meta name=\"twitter:card\" content=\"summary_large_image\" \/>\n<meta name=\"twitter:label1\" content=\"Est. reading time\" \/>\n\t<meta name=\"twitter:data1\" content=\"1 minute\" \/>\n<script type=\"application\/ld+json\" class=\"yoast-schema-graph\">{\"@context\":\"https:\/\/schema.org\",\"@graph\":[{\"@type\":\"WebPage\",\"@id\":\"https:\/\/www.miomiorun.com\/es\/producto\/domino-trekking-pants-mujer\/\",\"url\":\"https:\/\/www.miomiorun.com\/es\/producto\/domino-trekking-pants-mujer\/\",\"name\":\"Montura Domino Trekking Pants mujer - Pantalones largos - MioMioRun\",\"isPartOf\":{\"@id\":\"https:\/\/www.miomiorun.com\/es\/#website\"},\"primaryImageOfPage\":{\"@id\":\"https:\/\/www.miomiorun.com\/es\/producto\/domino-trekking-pants-mujer\/#primaryimage\"},\"image\":{\"@id\":\"https:\/\/www.miomiorun.com\/es\/producto\/domino-trekking-pants-mujer\/#primaryimage\"},\"thumbnailUrl\":\"https:\/\/www.miomiorun.com\/app\/uploads\/2024\/04\/Montura-Domino-trekking-pants-W-nero-care-blue-MPLA62W-9028.webp\",\"datePublished\":\"2024-04-17T16:08:19+00:00\",\"dateModified\":\"2026-05-08T16:33:52+00:00\",\"description\":\"Pantalones Domino para mujer: transpirabilidad y libertad de movimiento para las excursiones. Gracias a la cintura el\u00e1stica con cord\u00f3n ajustable\",\"breadcrumb\":{\"@id\":\"https:\/\/www.miomiorun.com\/es\/producto\/domino-trekking-pants-mujer\/#breadcrumb\"},\"inLanguage\":\"es-ES\",\"potentialAction\":[{\"@type\":\"ReadAction\",\"target\":[\"https:\/\/www.miomiorun.com\/es\/producto\/domino-trekking-pants-mujer\/\"]}]},{\"@type\":\"ImageObject\",\"inLanguage\":\"es-ES\",\"@id\":\"https:\/\/www.miomiorun.com\/es\/producto\/domino-trekking-pants-mujer\/#primaryimage\",\"url\":\"https:\/\/www.miomiorun.com\/app\/uploads\/2024\/04\/Montura-Domino-trekking-pants-W-nero-care-blue-MPLA62W-9028.webp\",\"contentUrl\":\"https:\/\/www.miomiorun.com\/app\/uploads\/2024\/04\/Montura-Domino-trekking-pants-W-nero-care-blue-MPLA62W-9028.webp\",\"width\":600,\"height\":600,\"caption\":\"Montura Domino trekking pants W nero care blue MPLA62W 9028\"},{\"@type\":\"BreadcrumbList\",\"@id\":\"https:\/\/www.miomiorun.com\/es\/producto\/domino-trekking-pants-mujer\/#breadcrumb\",\"itemListElement\":[{\"@type\":\"ListItem\",\"position\":1,\"name\":\"Home\",\"item\":\"https:\/\/www.miomiorun.com\/es\/\"},{\"@type\":\"ListItem\",\"position\":2,\"name\":\"Shop\",\"item\":\"https:\/\/www.miomiorun.com\/shop\/\"},{\"@type\":\"ListItem\",\"position\":3,\"name\":\"Domino Trekking Pants mujer\"}]},{\"@type\":\"WebSite\",\"@id\":\"https:\/\/www.miomiorun.com\/es\/#website\",\"url\":\"https:\/\/www.miomiorun.com\/es\/\",\"name\":\"MioMioRun\",\"description\":\"Tienda 100% running y trail\",\"publisher\":{\"@id\":\"https:\/\/www.miomiorun.com\/es\/#organization\"},\"potentialAction\":[{\"@type\":\"SearchAction\",\"target\":{\"@type\":\"EntryPoint\",\"urlTemplate\":\"https:\/\/www.miomiorun.com\/es\/?s={search_term_string}\"},\"query-input\":{\"@type\":\"PropertyValueSpecification\",\"valueRequired\":true,\"valueName\":\"search_term_string\"}}],\"inLanguage\":\"es-ES\"},{\"@type\":\"Organization\",\"@id\":\"https:\/\/www.miomiorun.com\/es\/#organization\",\"name\":\"MioMio Run\",\"url\":\"https:\/\/www.miomiorun.com\/es\/\",\"logo\":{\"@type\":\"ImageObject\",\"inLanguage\":\"es-ES\",\"@id\":\"https:\/\/www.miomiorun.com\/es\/#\/schema\/logo\/image\/\",\"url\":\"https:\/\/www.miomiorun.com\/app\/uploads\/2019\/12\/logomio.png\",\"contentUrl\":\"https:\/\/www.miomiorun.com\/app\/uploads\/2019\/12\/logomio.png\",\"width\":115,\"height\":82,\"caption\":\"MioMio Run\"},\"image\":{\"@id\":\"https:\/\/www.miomiorun.com\/es\/#\/schema\/logo\/image\/\"},\"sameAs\":[\"https:\/\/www.facebook.com\/miomiorun\/\",\"https:\/\/www.instagram.com\/miomiorun\/\"]}]}<\/script>\n<!-- \/ Yoast SEO plugin. -->","yoast_head_json":{"title":"Montura Domino Trekking Pants mujer - Pantalones largos - MioMioRun","description":"Pantalones Domino para mujer: transpirabilidad y libertad de movimiento para las excursiones. Gracias a la cintura el\u00e1stica con cord\u00f3n ajustable","robots":{"index":"index","follow":"follow","max-snippet":"max-snippet:-1","max-image-preview":"max-image-preview:large","max-video-preview":"max-video-preview:-1"},"canonical":"https:\/\/www.miomiorun.com\/es\/producto\/domino-trekking-pants-mujer\/","og_locale":"es_ES","og_type":"article","og_title":"Montura Domino Trekking Pants mujer - Pantalones largos - MioMioRun","og_description":"Pantalones Domino para mujer: transpirabilidad y libertad de movimiento para las excursiones. Gracias a la cintura el\u00e1stica con cord\u00f3n ajustable","og_url":"https:\/\/www.miomiorun.com\/es\/producto\/domino-trekking-pants-mujer\/","og_site_name":"MioMioRun","article_publisher":"https:\/\/www.facebook.com\/miomiorun\/","article_modified_time":"2026-05-08T16:33:52+00:00","og_image":[{"width":600,"height":600,"url":"https:\/\/www.miomiorun.com\/app\/uploads\/2024\/04\/Montura-Domino-trekking-pants-W-nero-care-blue-MPLA62W-9028.webp","type":"image\/webp"}],"twitter_card":"summary_large_image","twitter_misc":{"Est. reading time":"1 minute"},"schema":{"@context":"https:\/\/schema.org","@graph":[{"@type":"WebPage","@id":"https:\/\/www.miomiorun.com\/es\/producto\/domino-trekking-pants-mujer\/","url":"https:\/\/www.miomiorun.com\/es\/producto\/domino-trekking-pants-mujer\/","name":"Montura Domino Trekking Pants mujer - Pantalones largos - MioMioRun","isPartOf":{"@id":"https:\/\/www.miomiorun.com\/es\/#website"},"primaryImageOfPage":{"@id":"https:\/\/www.miomiorun.com\/es\/producto\/domino-trekking-pants-mujer\/#primaryimage"},"image":{"@id":"https:\/\/www.miomiorun.com\/es\/producto\/domino-trekking-pants-mujer\/#primaryimage"},"thumbnailUrl":"https:\/\/www.miomiorun.com\/app\/uploads\/2024\/04\/Montura-Domino-trekking-pants-W-nero-care-blue-MPLA62W-9028.webp","datePublished":"2024-04-17T16:08:19+00:00","dateModified":"2026-05-08T16:33:52+00:00","description":"Pantalones Domino para mujer: transpirabilidad y libertad de movimiento para las excursiones. Gracias a la cintura el\u00e1stica con cord\u00f3n ajustable","breadcrumb":{"@id":"https:\/\/www.miomiorun.com\/es\/producto\/domino-trekking-pants-mujer\/#breadcrumb"},"inLanguage":"es-ES","potentialAction":[{"@type":"ReadAction","target":["https:\/\/www.miomiorun.com\/es\/producto\/domino-trekking-pants-mujer\/"]}]},{"@type":"ImageObject","inLanguage":"es-ES","@id":"https:\/\/www.miomiorun.com\/es\/producto\/domino-trekking-pants-mujer\/#primaryimage","url":"https:\/\/www.miomiorun.com\/app\/uploads\/2024\/04\/Montura-Domino-trekking-pants-W-nero-care-blue-MPLA62W-9028.webp","contentUrl":"https:\/\/www.miomiorun.com\/app\/uploads\/2024\/04\/Montura-Domino-trekking-pants-W-nero-care-blue-MPLA62W-9028.webp","width":600,"height":600,"caption":"Montura Domino trekking pants W nero care blue MPLA62W 9028"},{"@type":"BreadcrumbList","@id":"https:\/\/www.miomiorun.com\/es\/producto\/domino-trekking-pants-mujer\/#breadcrumb","itemListElement":[{"@type":"ListItem","position":1,"name":"Home","item":"https:\/\/www.miomiorun.com\/es\/"},{"@type":"ListItem","position":2,"name":"Shop","item":"https:\/\/www.miomiorun.com\/shop\/"},{"@type":"ListItem","position":3,"name":"Domino Trekking Pants mujer"}]},{"@type":"WebSite","@id":"https:\/\/www.miomiorun.com\/es\/#website","url":"https:\/\/www.miomiorun.com\/es\/","name":"MioMioRun","description":"Tienda 100% running y trail","publisher":{"@id":"https:\/\/www.miomiorun.com\/es\/#organization"},"potentialAction":[{"@type":"SearchAction","target":{"@type":"EntryPoint","urlTemplate":"https:\/\/www.miomiorun.com\/es\/?s={search_term_string}"},"query-input":{"@type":"PropertyValueSpecification","valueRequired":true,"valueName":"search_term_string"}}],"inLanguage":"es-ES"},{"@type":"Organization","@id":"https:\/\/www.miomiorun.com\/es\/#organization","name":"MioMio Run","url":"https:\/\/www.miomiorun.com\/es\/","logo":{"@type":"ImageObject","inLanguage":"es-ES","@id":"https:\/\/www.miomiorun.com\/es\/#\/schema\/logo\/image\/","url":"https:\/\/www.miomiorun.com\/app\/uploads\/2019\/12\/logomio.png","contentUrl":"https:\/\/www.miomiorun.com\/app\/uploads\/2019\/12\/logomio.png","width":115,"height":82,"caption":"MioMio Run"},"image":{"@id":"https:\/\/www.miomiorun.com\/es\/#\/schema\/logo\/image\/"},"sameAs":["https:\/\/www.facebook.com\/miomiorun\/","https:\/\/www.instagram.com\/miomiorun\/"]}]}},"_links":{"self":[{"href":"https:\/\/www.miomiorun.com\/es\/wp-json\/wp\/v2\/product\/291705","targetHints":{"allow":["GET"]}}],"collection":[{"href":"https:\/\/www.miomiorun.com\/es\/wp-json\/wp\/v2\/product"}],"about":[{"href":"https:\/\/www.miomiorun.com\/es\/wp-json\/wp\/v2\/types\/product"}],"wp:featuredmedia":[{"embeddable":true,"href":"https:\/\/www.miomiorun.com\/es\/wp-json\/wp\/v2\/media\/246631"}],"wp:attachment":[{"href":"https:\/\/www.miomiorun.com\/es\/wp-json\/wp\/v2\/media?parent=291705"}],"wp:term":[{"taxonomy":"product_brand","embeddable":true,"href":"https:\/\/www.miomiorun.com\/es\/wp-json\/wp\/v2\/product_brand?post=291705"},{"taxonomy":"product_cat","embeddable":true,"href":"https:\/\/www.miomiorun.com\/es\/wp-json\/wp\/v2\/product_cat?post=291705"},{"taxonomy":"product_tag","embeddable":true,"href":"https:\/\/www.miomiorun.com\/es\/wp-json\/wp\/v2\/product_tag?post=291705"}],"curies":[{"name":"wp","href":"https:\/\/api.w.org\/{rel}","templated":true}]}}