{"id":291694,"date":"2024-04-17T18:41:00","date_gmt":"2024-04-17T16:41:00","guid":{"rendered":"https:\/\/miomiorun.com\/prodotto\/felce-2-shirt-uomo\/"},"modified":"2026-05-08T18:33:55","modified_gmt":"2026-05-08T16:33:55","slug":"felce-2-shirt-hombre","status":"publish","type":"product","link":"https:\/\/www.miomiorun.com\/es\/producto\/felce-2-shirt-hombre\/","title":{"rendered":"Felce 2 Shirt hombre"},"content":{"rendered":"<p>Camisa<strong> Felce 2<\/strong> para hombre: ligera y vers\u00e1til, ideal para hacer senderismo en las estaciones c\u00e1lidas.<\/p>\n<p>Confeccionada en un tejido ultraligero y transpirable que absorbe y aleja el sudor de la piel, esta camiseta de manga corta est\u00e1 dise\u00f1ada para ofrecer la m\u00e1xima comodidad incluso cuando suben las temperaturas. El tejido de nailon el\u00e1stico en cuatro direcciones se adapta a cada movimiento, mientras que la parte superior de doble capa es resistente y aporta un toque de estilo.<\/p>\n<p>Con abertura frontal con botones, bolsillo abierto en el pecho y parte inferior del cuerpo entallada que se adapta a la silueta<\/p>\n<p style=\"text-align: center\"><strong>La Felce 2 para hombre es una camisa con un estilo inconfundible, ideal tanto para la monta\u00f1a como para la ciudad.<\/strong><\/p>\n<p>&nbsp;<\/p>\n<h3>Caracter\u00edsticas:<\/h3>\n<ul class=\"tw-list-disc\">\n<li class=\"tw-text-xs\">Camisa de hombre de manga corta<\/li>\n<li class=\"tw-text-xs\">Tejido de nailon ultraligero con elasticidad en las cuatro direcciones<\/li>\n<li class=\"tw-text-xs\">Cierre frontal con botones<\/li>\n<li class=\"tw-text-xs\">Bolsillo abierto en el pecho<\/li>\n<li class=\"tw-text-xs\">Parte superior de tejido doble para una mayor sujeci\u00f3n y un acabado impecable<\/li>\n<li class=\"tw-text-xs\">Fondo perfilado<\/li>\n<li class=\"tw-text-xs\">Una prenda ideal para diversas actividades al aire libre y de ocio<\/li>\n<\/ul>\n<p><strong>Peso<\/strong>: 140,0 g<\/p>\n<p>&nbsp;<\/p>\n<div class=\"content__image-wrapper tw-w-fit\">\n<div class=\"content__image tw-relative tw-w-[5rem]\"><img loading=\"lazy\" decoding=\"async\" class=\"tw-absolute tw-top-0 tw-left-0 tw-w-full tw-h-full\" src=\"https:\/\/www.montura.com\/cdn\/shop\/files\/004_Breathable_Black.svg?v=1709125473&amp;width=200\" alt=\"\" width=\"103\" height=\"103\" \/> \u00a0 <strong>TRANSPIRABLE: <\/strong>Gracias a sus tejidos transpirables, esta prenda favorece la transpiraci\u00f3n natural de la piel y mantiene el cuerpo siempre a la temperatura \u00f3ptima.<\/div>\n<\/div>\n<div><\/div>\n<div><\/div>\n<h3>Ideal para:<\/h3>\n<div class=\"content__image-wrapper tw-w-fit\">\n<div><\/div>\n<div><\/div>\n<div class=\"content__image tw-relative tw-w-[5rem]\"><img loading=\"lazy\" decoding=\"async\" class=\"tw-absolute tw-top-0 tw-left-0 tw-w-full tw-h-full\" src=\"https:\/\/www.montura.com\/cdn\/shop\/files\/017_TrekkingHiking_Black.svg?v=1709126467&amp;width=200\" alt=\"\" width=\"104\" height=\"104\" \/> \u00a0<strong> SENDERISMO<\/strong><\/div>\n<\/div>\n<div><\/div>\n<div><\/div>\n<div><\/div>\n<div><\/div>\n<div><\/div>\n<div>\n<div class=\"content__image-wrapper tw-w-fit\">\n<div class=\"content__image tw-relative tw-w-[5rem]\"><img loading=\"lazy\" decoding=\"async\" class=\"tw-absolute tw-top-0 tw-left-0 tw-w-full tw-h-full\" src=\"https:\/\/www.montura.com\/cdn\/shop\/files\/015_Everyday_Black.svg?v=1709126253&amp;width=200\" alt=\"\" width=\"104\" height=\"104\" \/><strong> \u00a0 TODOS LOS D\u00cdAS<\/strong><\/div>\n<\/div>\n<\/div>\n<div><\/div>\n<div><\/div>\n<div>\n<div class=\"content__image-wrapper tw-w-fit\">\n<div><\/div>\n<div class=\"content__image tw-relative tw-w-[5rem]\"><img loading=\"lazy\" decoding=\"async\" class=\"tw-absolute tw-top-0 tw-left-0 tw-w-full tw-h-full\" src=\"https:\/\/www.montura.com\/cdn\/shop\/files\/023_Sailing_Black.svg?v=1709126312&amp;width=200\" alt=\"\" width=\"95\" height=\"104\" \/> \u00a0 <strong>SAIL<\/strong><\/div>\n<\/div>\n<\/div>\n","protected":false},"excerpt":{"rendered":"<ul>\n<li>Camisa ligera y vers\u00e1til, ideal para las estaciones c\u00e1lidas.<\/li>\n<li>Prenda ideal para diversas actividades al aire libre, el tiempo libre y la navegaci\u00f3n.<\/li>\n<\/ul>\n","protected":false},"featured_media":246635,"template":"","meta":{"_acf_changed":false,"inline_featured_image":false},"product_brand":[],"product_cat":[24455,24463,24464],"product_tag":[23513,23592],"class_list":{"0":"post-291694","1":"product","2":"type-product","3":"status-publish","4":"has-post-thumbnail","6":"product_cat-camiseta-es-2","7":"product_cat-ropa-de-hombre-es","8":"product_cat-hombre","9":"product_tag-montura-es","10":"product_tag-montura-hombre","11":"pa_attivita-caminar","12":"pa_attivita-lifestyle-es","13":"pa_attivita-outdoor-es","14":"pa_colore-felce-2-shirt-deep-blue-es","15":"pa_marca-montura-es","16":"pa_sesso-hombre","17":"pa_size-small-es","19":"first","20":"instock","21":"sale","22":"taxable","23":"shipping-taxable","24":"purchasable","25":"product-type-variable","26":"wvs-archive-product-wrapper"},"acf":[],"yoast_head":"<!-- This site is optimized with the Yoast SEO plugin v26.8 - https:\/\/yoast.com\/product\/yoast-seo-wordpress\/ -->\n<title>Montura Felce 2 Shirt hombre - Camiseta para correr - MioMioRun.com<\/title>\n<meta name=\"description\" content=\"Camisa Felce 2 para hombre: ligera y vers\u00e1til, ideal para el senderismo en las estaciones c\u00e1lidas. Confeccionada en un tejido ultraligero y transpirable\" \/>\n<meta name=\"robots\" content=\"index, follow, max-snippet:-1, max-image-preview:large, max-video-preview:-1\" \/>\n<link rel=\"canonical\" href=\"https:\/\/www.miomiorun.com\/es\/producto\/felce-2-shirt-hombre\/\" \/>\n<meta property=\"og:locale\" content=\"es_ES\" \/>\n<meta property=\"og:type\" content=\"article\" \/>\n<meta property=\"og:title\" content=\"Montura Felce 2 Shirt hombre - Camiseta para correr - MioMioRun.com\" \/>\n<meta property=\"og:description\" content=\"Camisa Felce 2 para hombre: ligera y vers\u00e1til, ideal para el senderismo en las estaciones c\u00e1lidas. Confeccionada en un tejido ultraligero y transpirable\" \/>\n<meta property=\"og:url\" content=\"https:\/\/www.miomiorun.com\/es\/producto\/felce-2-shirt-hombre\/\" \/>\n<meta property=\"og:site_name\" content=\"MioMioRun\" \/>\n<meta property=\"article:publisher\" content=\"https:\/\/www.facebook.com\/miomiorun\/\" \/>\n<meta property=\"article:modified_time\" content=\"2026-05-08T16:33:55+00:00\" \/>\n<meta property=\"og:image\" content=\"https:\/\/www.miomiorun.com\/app\/uploads\/2024\/04\/Montura-Felce-2-shirt-deep-blue-MQCG49X-87.webp\" \/>\n\t<meta property=\"og:image:width\" content=\"600\" \/>\n\t<meta property=\"og:image:height\" content=\"600\" \/>\n\t<meta property=\"og:image:type\" content=\"image\/webp\" \/>\n<meta name=\"twitter:card\" content=\"summary_large_image\" \/>\n<meta name=\"twitter:label1\" content=\"Est. reading time\" \/>\n\t<meta name=\"twitter:data1\" content=\"1 minute\" \/>\n<script type=\"application\/ld+json\" class=\"yoast-schema-graph\">{\"@context\":\"https:\/\/schema.org\",\"@graph\":[{\"@type\":\"WebPage\",\"@id\":\"https:\/\/www.miomiorun.com\/es\/producto\/felce-2-shirt-hombre\/\",\"url\":\"https:\/\/www.miomiorun.com\/es\/producto\/felce-2-shirt-hombre\/\",\"name\":\"Montura Felce 2 Shirt hombre - Camiseta para correr - MioMioRun.com\",\"isPartOf\":{\"@id\":\"https:\/\/www.miomiorun.com\/es\/#website\"},\"primaryImageOfPage\":{\"@id\":\"https:\/\/www.miomiorun.com\/es\/producto\/felce-2-shirt-hombre\/#primaryimage\"},\"image\":{\"@id\":\"https:\/\/www.miomiorun.com\/es\/producto\/felce-2-shirt-hombre\/#primaryimage\"},\"thumbnailUrl\":\"https:\/\/www.miomiorun.com\/app\/uploads\/2024\/04\/Montura-Felce-2-shirt-deep-blue-MQCG49X-87.webp\",\"datePublished\":\"2024-04-17T16:41:00+00:00\",\"dateModified\":\"2026-05-08T16:33:55+00:00\",\"description\":\"Camisa Felce 2 para hombre: ligera y vers\u00e1til, ideal para el senderismo en las estaciones c\u00e1lidas. Confeccionada en un tejido ultraligero y transpirable\",\"breadcrumb\":{\"@id\":\"https:\/\/www.miomiorun.com\/es\/producto\/felce-2-shirt-hombre\/#breadcrumb\"},\"inLanguage\":\"es-ES\",\"potentialAction\":[{\"@type\":\"ReadAction\",\"target\":[\"https:\/\/www.miomiorun.com\/es\/producto\/felce-2-shirt-hombre\/\"]}]},{\"@type\":\"ImageObject\",\"inLanguage\":\"es-ES\",\"@id\":\"https:\/\/www.miomiorun.com\/es\/producto\/felce-2-shirt-hombre\/#primaryimage\",\"url\":\"https:\/\/www.miomiorun.com\/app\/uploads\/2024\/04\/Montura-Felce-2-shirt-deep-blue-MQCG49X-87.webp\",\"contentUrl\":\"https:\/\/www.miomiorun.com\/app\/uploads\/2024\/04\/Montura-Felce-2-shirt-deep-blue-MQCG49X-87.webp\",\"width\":600,\"height\":600,\"caption\":\"Montura Felce 2 shirt deep blue MQCG49X 87\"},{\"@type\":\"BreadcrumbList\",\"@id\":\"https:\/\/www.miomiorun.com\/es\/producto\/felce-2-shirt-hombre\/#breadcrumb\",\"itemListElement\":[{\"@type\":\"ListItem\",\"position\":1,\"name\":\"Home\",\"item\":\"https:\/\/www.miomiorun.com\/es\/\"},{\"@type\":\"ListItem\",\"position\":2,\"name\":\"Shop\",\"item\":\"https:\/\/www.miomiorun.com\/shop\/\"},{\"@type\":\"ListItem\",\"position\":3,\"name\":\"Felce 2 Shirt hombre\"}]},{\"@type\":\"WebSite\",\"@id\":\"https:\/\/www.miomiorun.com\/es\/#website\",\"url\":\"https:\/\/www.miomiorun.com\/es\/\",\"name\":\"MioMioRun\",\"description\":\"Tienda 100% running y trail\",\"publisher\":{\"@id\":\"https:\/\/www.miomiorun.com\/es\/#organization\"},\"potentialAction\":[{\"@type\":\"SearchAction\",\"target\":{\"@type\":\"EntryPoint\",\"urlTemplate\":\"https:\/\/www.miomiorun.com\/es\/?s={search_term_string}\"},\"query-input\":{\"@type\":\"PropertyValueSpecification\",\"valueRequired\":true,\"valueName\":\"search_term_string\"}}],\"inLanguage\":\"es-ES\"},{\"@type\":\"Organization\",\"@id\":\"https:\/\/www.miomiorun.com\/es\/#organization\",\"name\":\"MioMio Run\",\"url\":\"https:\/\/www.miomiorun.com\/es\/\",\"logo\":{\"@type\":\"ImageObject\",\"inLanguage\":\"es-ES\",\"@id\":\"https:\/\/www.miomiorun.com\/es\/#\/schema\/logo\/image\/\",\"url\":\"https:\/\/www.miomiorun.com\/app\/uploads\/2019\/12\/logomio.png\",\"contentUrl\":\"https:\/\/www.miomiorun.com\/app\/uploads\/2019\/12\/logomio.png\",\"width\":115,\"height\":82,\"caption\":\"MioMio Run\"},\"image\":{\"@id\":\"https:\/\/www.miomiorun.com\/es\/#\/schema\/logo\/image\/\"},\"sameAs\":[\"https:\/\/www.facebook.com\/miomiorun\/\",\"https:\/\/www.instagram.com\/miomiorun\/\"]}]}<\/script>\n<!-- \/ Yoast SEO plugin. -->","yoast_head_json":{"title":"Montura Felce 2 Shirt hombre - Camiseta para correr - MioMioRun.com","description":"Camisa Felce 2 para hombre: ligera y vers\u00e1til, ideal para el senderismo en las estaciones c\u00e1lidas. Confeccionada en un tejido ultraligero y transpirable","robots":{"index":"index","follow":"follow","max-snippet":"max-snippet:-1","max-image-preview":"max-image-preview:large","max-video-preview":"max-video-preview:-1"},"canonical":"https:\/\/www.miomiorun.com\/es\/producto\/felce-2-shirt-hombre\/","og_locale":"es_ES","og_type":"article","og_title":"Montura Felce 2 Shirt hombre - Camiseta para correr - MioMioRun.com","og_description":"Camisa Felce 2 para hombre: ligera y vers\u00e1til, ideal para el senderismo en las estaciones c\u00e1lidas. Confeccionada en un tejido ultraligero y transpirable","og_url":"https:\/\/www.miomiorun.com\/es\/producto\/felce-2-shirt-hombre\/","og_site_name":"MioMioRun","article_publisher":"https:\/\/www.facebook.com\/miomiorun\/","article_modified_time":"2026-05-08T16:33:55+00:00","og_image":[{"width":600,"height":600,"url":"https:\/\/www.miomiorun.com\/app\/uploads\/2024\/04\/Montura-Felce-2-shirt-deep-blue-MQCG49X-87.webp","type":"image\/webp"}],"twitter_card":"summary_large_image","twitter_misc":{"Est. reading time":"1 minute"},"schema":{"@context":"https:\/\/schema.org","@graph":[{"@type":"WebPage","@id":"https:\/\/www.miomiorun.com\/es\/producto\/felce-2-shirt-hombre\/","url":"https:\/\/www.miomiorun.com\/es\/producto\/felce-2-shirt-hombre\/","name":"Montura Felce 2 Shirt hombre - Camiseta para correr - MioMioRun.com","isPartOf":{"@id":"https:\/\/www.miomiorun.com\/es\/#website"},"primaryImageOfPage":{"@id":"https:\/\/www.miomiorun.com\/es\/producto\/felce-2-shirt-hombre\/#primaryimage"},"image":{"@id":"https:\/\/www.miomiorun.com\/es\/producto\/felce-2-shirt-hombre\/#primaryimage"},"thumbnailUrl":"https:\/\/www.miomiorun.com\/app\/uploads\/2024\/04\/Montura-Felce-2-shirt-deep-blue-MQCG49X-87.webp","datePublished":"2024-04-17T16:41:00+00:00","dateModified":"2026-05-08T16:33:55+00:00","description":"Camisa Felce 2 para hombre: ligera y vers\u00e1til, ideal para el senderismo en las estaciones c\u00e1lidas. Confeccionada en un tejido ultraligero y transpirable","breadcrumb":{"@id":"https:\/\/www.miomiorun.com\/es\/producto\/felce-2-shirt-hombre\/#breadcrumb"},"inLanguage":"es-ES","potentialAction":[{"@type":"ReadAction","target":["https:\/\/www.miomiorun.com\/es\/producto\/felce-2-shirt-hombre\/"]}]},{"@type":"ImageObject","inLanguage":"es-ES","@id":"https:\/\/www.miomiorun.com\/es\/producto\/felce-2-shirt-hombre\/#primaryimage","url":"https:\/\/www.miomiorun.com\/app\/uploads\/2024\/04\/Montura-Felce-2-shirt-deep-blue-MQCG49X-87.webp","contentUrl":"https:\/\/www.miomiorun.com\/app\/uploads\/2024\/04\/Montura-Felce-2-shirt-deep-blue-MQCG49X-87.webp","width":600,"height":600,"caption":"Montura Felce 2 shirt deep blue MQCG49X 87"},{"@type":"BreadcrumbList","@id":"https:\/\/www.miomiorun.com\/es\/producto\/felce-2-shirt-hombre\/#breadcrumb","itemListElement":[{"@type":"ListItem","position":1,"name":"Home","item":"https:\/\/www.miomiorun.com\/es\/"},{"@type":"ListItem","position":2,"name":"Shop","item":"https:\/\/www.miomiorun.com\/shop\/"},{"@type":"ListItem","position":3,"name":"Felce 2 Shirt hombre"}]},{"@type":"WebSite","@id":"https:\/\/www.miomiorun.com\/es\/#website","url":"https:\/\/www.miomiorun.com\/es\/","name":"MioMioRun","description":"Tienda 100% running y trail","publisher":{"@id":"https:\/\/www.miomiorun.com\/es\/#organization"},"potentialAction":[{"@type":"SearchAction","target":{"@type":"EntryPoint","urlTemplate":"https:\/\/www.miomiorun.com\/es\/?s={search_term_string}"},"query-input":{"@type":"PropertyValueSpecification","valueRequired":true,"valueName":"search_term_string"}}],"inLanguage":"es-ES"},{"@type":"Organization","@id":"https:\/\/www.miomiorun.com\/es\/#organization","name":"MioMio Run","url":"https:\/\/www.miomiorun.com\/es\/","logo":{"@type":"ImageObject","inLanguage":"es-ES","@id":"https:\/\/www.miomiorun.com\/es\/#\/schema\/logo\/image\/","url":"https:\/\/www.miomiorun.com\/app\/uploads\/2019\/12\/logomio.png","contentUrl":"https:\/\/www.miomiorun.com\/app\/uploads\/2019\/12\/logomio.png","width":115,"height":82,"caption":"MioMio Run"},"image":{"@id":"https:\/\/www.miomiorun.com\/es\/#\/schema\/logo\/image\/"},"sameAs":["https:\/\/www.facebook.com\/miomiorun\/","https:\/\/www.instagram.com\/miomiorun\/"]}]}},"_links":{"self":[{"href":"https:\/\/www.miomiorun.com\/es\/wp-json\/wp\/v2\/product\/291694","targetHints":{"allow":["GET"]}}],"collection":[{"href":"https:\/\/www.miomiorun.com\/es\/wp-json\/wp\/v2\/product"}],"about":[{"href":"https:\/\/www.miomiorun.com\/es\/wp-json\/wp\/v2\/types\/product"}],"wp:featuredmedia":[{"embeddable":true,"href":"https:\/\/www.miomiorun.com\/es\/wp-json\/wp\/v2\/media\/246635"}],"wp:attachment":[{"href":"https:\/\/www.miomiorun.com\/es\/wp-json\/wp\/v2\/media?parent=291694"}],"wp:term":[{"taxonomy":"product_brand","embeddable":true,"href":"https:\/\/www.miomiorun.com\/es\/wp-json\/wp\/v2\/product_brand?post=291694"},{"taxonomy":"product_cat","embeddable":true,"href":"https:\/\/www.miomiorun.com\/es\/wp-json\/wp\/v2\/product_cat?post=291694"},{"taxonomy":"product_tag","embeddable":true,"href":"https:\/\/www.miomiorun.com\/es\/wp-json\/wp\/v2\/product_tag?post=291694"}],"curies":[{"name":"wp","href":"https:\/\/api.w.org\/{rel}","templated":true}]}}