{"id":291689,"date":"2024-04-17T19:04:27","date_gmt":"2024-04-17T17:04:27","guid":{"rendered":"https:\/\/miomiorun.com\/prodotto\/calla-2-shirt-donna\/"},"modified":"2026-05-07T16:53:41","modified_gmt":"2026-05-07T14:53:41","slug":"calla-2-shirt-mujer","status":"publish","type":"product","link":"https:\/\/www.miomiorun.com\/es\/producto\/calla-2-shirt-mujer\/","title":{"rendered":"Calla 2 Shirt mujer"},"content":{"rendered":"<p>Camisa<strong> Calla 2<\/strong> para mujer: ligera y vers\u00e1til, ideal para el senderismo en las estaciones c\u00e1lidas.<\/p>\n<p>Confeccionada en un tejido ultraligero y transpirable que absorbe y aleja el sudor de la piel, esta camisa de manga corta est\u00e1 dise\u00f1ada para ofrecer la m\u00e1xima comodidad incluso cuando suben las temperaturas. El tejido de nailon el\u00e1stico en cuatro direcciones se adapta a cada movimiento, mientras que la parte superior de doble capa es resistente y aporta un toque de estilo.<\/p>\n<p>Con abertura frontal con botones.<\/p>\n<p><strong>La Calla 2 para mujer es una camisa con un estilo inconfundible, ideal tanto para la monta\u00f1a como para la ciudad.<\/strong><\/p>\n<h3>Caracter\u00edsticas:<\/h3>\n<ul class=\"tw-list-disc\">\n<li class=\"tw-text-xs\">Camisa de mujer de manga corta<\/li>\n<li class=\"tw-text-xs\">Tejido de nailon superligero el\u00e1stico en 4 direcciones<\/li>\n<li class=\"tw-text-xs\">Cierre frontal con botones<\/li>\n<li class=\"tw-text-xs\">Bajo entallado<\/li>\n<li class=\"tw-text-xs\">Prenda ideal para diversas actividades al aire libre y de ocio<\/li>\n<li class=\"tw-text-xs\">Peso: 80,0 g<\/li>\n<\/ul>\n<p>&nbsp;<\/p>\n<div class=\"content__image-wrapper tw-w-fit\">\n<div><\/div>\n<div class=\"content__image tw-relative tw-w-[5rem]\"><img loading=\"lazy\" decoding=\"async\" class=\"tw-absolute tw-top-0 tw-left-0 tw-w-full tw-h-full\" src=\"https:\/\/www.montura.com\/cdn\/shop\/files\/004_Breathable_Black.svg?v=1709125473&amp;width=200\" alt=\"\" width=\"103\" height=\"103\"> &nbsp; <strong>TRANSPIRABLE: <\/strong>Gracias a sus tejidos transpirables, esta prenda favorece la transpiraci\u00f3n natural de la piel, manteniendo el cuerpo siempre a la temperatura \u00f3ptima.<\/div>\n<\/div>\n<div><\/div>\n<div><\/div>\n<h3>Ideal para:<\/h3>\n<div class=\"content__image-wrapper tw-w-fit\">\n<div><\/div>\n<div><\/div>\n<div class=\"content__image tw-relative tw-w-[5rem]\"><img loading=\"lazy\" decoding=\"async\" class=\"tw-absolute tw-top-0 tw-left-0 tw-w-full tw-h-full\" src=\"https:\/\/www.montura.com\/cdn\/shop\/files\/017_TrekkingHiking_Black.svg?v=1709126467&amp;width=200\" alt=\"\" width=\"104\" height=\"104\"> &nbsp;<strong> SENDERISMO \/ EXCURSIONISMO<\/strong><\/div>\n<\/div>\n<div><\/div>\n<div><\/div>\n<div><\/div>\n<div><\/div>\n<div><\/div>\n<div>\n<div class=\"content__image-wrapper tw-w-fit\">\n<div class=\"content__image tw-relative tw-w-[5rem]\"><img loading=\"lazy\" decoding=\"async\" class=\"tw-absolute tw-top-0 tw-left-0 tw-w-full tw-h-full\" src=\"https:\/\/www.montura.com\/cdn\/shop\/files\/015_Everyday_Black.svg?v=1709126253&amp;width=200\" alt=\"\" width=\"104\" height=\"104\"><strong> &nbsp; USO DIARIO<\/strong><\/div>\n<\/div>\n<\/div>\n","protected":false},"excerpt":{"rendered":"<ul>\n<li>Camisa ligera y vers\u00e1til, ideal para las estaciones c\u00e1lidas.<\/li>\n<li>Prenda ideal para diversas actividades al aire libre y de ocio.<\/li>\n<\/ul>\n","protected":false},"featured_media":246647,"template":"","meta":{"_acf_changed":false,"inline_featured_image":false},"product_brand":[],"product_cat":[24226,24401,24402],"product_tag":[23513,23631],"class_list":{"0":"post-291689","1":"product","2":"type-product","3":"status-publish","4":"has-post-thumbnail","6":"product_cat-camiseta","7":"product_cat-ropa-de-mujer","8":"product_cat-mujer","9":"product_tag-montura-es","10":"product_tag-montura-mujer","11":"pa_attivita-caminar","12":"pa_attivita-lifestyle-es","13":"pa_attivita-outdoor-es","14":"pa_colore-calla-2-shirt-w-deep-blue-es","15":"pa_marca-montura-es","16":"pa_sesso-mujer","17":"pa_size-extra-small-es","18":"pa_size-small-es","20":"first","21":"instock","22":"sale","23":"taxable","24":"shipping-taxable","25":"purchasable","26":"product-type-variable","27":"wvs-archive-product-wrapper"},"acf":[],"yoast_head":"<!-- This site is optimized with the Yoast SEO plugin v26.8 - https:\/\/yoast.com\/product\/yoast-seo-wordpress\/ -->\n<title>Montura Calla 2 Shirt mujer - Camiseta para correr- MioMioRun<\/title>\n<meta name=\"description\" content=\"Camisa Calla 2 para mujer: ligera y vers\u00e1til, ideal para hacer senderismo en las estaciones c\u00e1lidas. Confeccionada en un tejido ultraligero y transpirable\" \/>\n<meta name=\"robots\" content=\"index, follow, max-snippet:-1, max-image-preview:large, max-video-preview:-1\" \/>\n<link rel=\"canonical\" href=\"https:\/\/www.miomiorun.com\/es\/producto\/calla-2-shirt-mujer\/\" \/>\n<meta property=\"og:locale\" content=\"es_ES\" \/>\n<meta property=\"og:type\" content=\"article\" \/>\n<meta property=\"og:title\" content=\"Montura Calla 2 Shirt mujer - Camiseta para correr- MioMioRun\" \/>\n<meta property=\"og:description\" content=\"Camisa Calla 2 para mujer: ligera y vers\u00e1til, ideal para hacer senderismo en las estaciones c\u00e1lidas. Confeccionada en un tejido ultraligero y transpirable\" \/>\n<meta property=\"og:url\" content=\"https:\/\/www.miomiorun.com\/es\/producto\/calla-2-shirt-mujer\/\" \/>\n<meta property=\"og:site_name\" content=\"MioMioRun\" \/>\n<meta property=\"article:publisher\" content=\"https:\/\/www.facebook.com\/miomiorun\/\" \/>\n<meta property=\"article:modified_time\" content=\"2026-05-07T14:53:41+00:00\" \/>\n<meta property=\"og:image\" content=\"https:\/\/www.miomiorun.com\/app\/uploads\/2024\/04\/Montura-Calla-2-shirt-W-deep-blue-MQCG49W-87.webp\" \/>\n\t<meta property=\"og:image:width\" content=\"600\" \/>\n\t<meta property=\"og:image:height\" content=\"600\" \/>\n\t<meta property=\"og:image:type\" content=\"image\/webp\" \/>\n<meta name=\"twitter:card\" content=\"summary_large_image\" \/>\n<meta name=\"twitter:label1\" content=\"Est. reading time\" \/>\n\t<meta name=\"twitter:data1\" content=\"1 minute\" \/>\n<script type=\"application\/ld+json\" class=\"yoast-schema-graph\">{\"@context\":\"https:\/\/schema.org\",\"@graph\":[{\"@type\":\"WebPage\",\"@id\":\"https:\/\/www.miomiorun.com\/es\/producto\/calla-2-shirt-mujer\/\",\"url\":\"https:\/\/www.miomiorun.com\/es\/producto\/calla-2-shirt-mujer\/\",\"name\":\"Montura Calla 2 Shirt mujer - Camiseta para correr- MioMioRun\",\"isPartOf\":{\"@id\":\"https:\/\/www.miomiorun.com\/es\/#website\"},\"primaryImageOfPage\":{\"@id\":\"https:\/\/www.miomiorun.com\/es\/producto\/calla-2-shirt-mujer\/#primaryimage\"},\"image\":{\"@id\":\"https:\/\/www.miomiorun.com\/es\/producto\/calla-2-shirt-mujer\/#primaryimage\"},\"thumbnailUrl\":\"https:\/\/www.miomiorun.com\/app\/uploads\/2024\/04\/Montura-Calla-2-shirt-W-deep-blue-MQCG49W-87.webp\",\"datePublished\":\"2024-04-17T17:04:27+00:00\",\"dateModified\":\"2026-05-07T14:53:41+00:00\",\"description\":\"Camisa Calla 2 para mujer: ligera y vers\u00e1til, ideal para hacer senderismo en las estaciones c\u00e1lidas. Confeccionada en un tejido ultraligero y transpirable\",\"breadcrumb\":{\"@id\":\"https:\/\/www.miomiorun.com\/es\/producto\/calla-2-shirt-mujer\/#breadcrumb\"},\"inLanguage\":\"es-ES\",\"potentialAction\":[{\"@type\":\"ReadAction\",\"target\":[\"https:\/\/www.miomiorun.com\/es\/producto\/calla-2-shirt-mujer\/\"]}]},{\"@type\":\"ImageObject\",\"inLanguage\":\"es-ES\",\"@id\":\"https:\/\/www.miomiorun.com\/es\/producto\/calla-2-shirt-mujer\/#primaryimage\",\"url\":\"https:\/\/www.miomiorun.com\/app\/uploads\/2024\/04\/Montura-Calla-2-shirt-W-deep-blue-MQCG49W-87.webp\",\"contentUrl\":\"https:\/\/www.miomiorun.com\/app\/uploads\/2024\/04\/Montura-Calla-2-shirt-W-deep-blue-MQCG49W-87.webp\",\"width\":600,\"height\":600,\"caption\":\"Montura Calla 2 shirt W deep blue MQCG49W 87\"},{\"@type\":\"BreadcrumbList\",\"@id\":\"https:\/\/www.miomiorun.com\/es\/producto\/calla-2-shirt-mujer\/#breadcrumb\",\"itemListElement\":[{\"@type\":\"ListItem\",\"position\":1,\"name\":\"Home\",\"item\":\"https:\/\/www.miomiorun.com\/es\/\"},{\"@type\":\"ListItem\",\"position\":2,\"name\":\"Shop\",\"item\":\"https:\/\/www.miomiorun.com\/shop\/\"},{\"@type\":\"ListItem\",\"position\":3,\"name\":\"Calla 2 Shirt mujer\"}]},{\"@type\":\"WebSite\",\"@id\":\"https:\/\/www.miomiorun.com\/es\/#website\",\"url\":\"https:\/\/www.miomiorun.com\/es\/\",\"name\":\"MioMioRun\",\"description\":\"Tienda 100% running y trail\",\"publisher\":{\"@id\":\"https:\/\/www.miomiorun.com\/es\/#organization\"},\"potentialAction\":[{\"@type\":\"SearchAction\",\"target\":{\"@type\":\"EntryPoint\",\"urlTemplate\":\"https:\/\/www.miomiorun.com\/es\/?s={search_term_string}\"},\"query-input\":{\"@type\":\"PropertyValueSpecification\",\"valueRequired\":true,\"valueName\":\"search_term_string\"}}],\"inLanguage\":\"es-ES\"},{\"@type\":\"Organization\",\"@id\":\"https:\/\/www.miomiorun.com\/es\/#organization\",\"name\":\"MioMio Run\",\"url\":\"https:\/\/www.miomiorun.com\/es\/\",\"logo\":{\"@type\":\"ImageObject\",\"inLanguage\":\"es-ES\",\"@id\":\"https:\/\/www.miomiorun.com\/es\/#\/schema\/logo\/image\/\",\"url\":\"https:\/\/www.miomiorun.com\/app\/uploads\/2019\/12\/logomio.png\",\"contentUrl\":\"https:\/\/www.miomiorun.com\/app\/uploads\/2019\/12\/logomio.png\",\"width\":115,\"height\":82,\"caption\":\"MioMio Run\"},\"image\":{\"@id\":\"https:\/\/www.miomiorun.com\/es\/#\/schema\/logo\/image\/\"},\"sameAs\":[\"https:\/\/www.facebook.com\/miomiorun\/\",\"https:\/\/www.instagram.com\/miomiorun\/\"]}]}<\/script>\n<!-- \/ Yoast SEO plugin. -->","yoast_head_json":{"title":"Montura Calla 2 Shirt mujer - Camiseta para correr- MioMioRun","description":"Camisa Calla 2 para mujer: ligera y vers\u00e1til, ideal para hacer senderismo en las estaciones c\u00e1lidas. Confeccionada en un tejido ultraligero y transpirable","robots":{"index":"index","follow":"follow","max-snippet":"max-snippet:-1","max-image-preview":"max-image-preview:large","max-video-preview":"max-video-preview:-1"},"canonical":"https:\/\/www.miomiorun.com\/es\/producto\/calla-2-shirt-mujer\/","og_locale":"es_ES","og_type":"article","og_title":"Montura Calla 2 Shirt mujer - Camiseta para correr- MioMioRun","og_description":"Camisa Calla 2 para mujer: ligera y vers\u00e1til, ideal para hacer senderismo en las estaciones c\u00e1lidas. Confeccionada en un tejido ultraligero y transpirable","og_url":"https:\/\/www.miomiorun.com\/es\/producto\/calla-2-shirt-mujer\/","og_site_name":"MioMioRun","article_publisher":"https:\/\/www.facebook.com\/miomiorun\/","article_modified_time":"2026-05-07T14:53:41+00:00","og_image":[{"width":600,"height":600,"url":"https:\/\/www.miomiorun.com\/app\/uploads\/2024\/04\/Montura-Calla-2-shirt-W-deep-blue-MQCG49W-87.webp","type":"image\/webp"}],"twitter_card":"summary_large_image","twitter_misc":{"Est. reading time":"1 minute"},"schema":{"@context":"https:\/\/schema.org","@graph":[{"@type":"WebPage","@id":"https:\/\/www.miomiorun.com\/es\/producto\/calla-2-shirt-mujer\/","url":"https:\/\/www.miomiorun.com\/es\/producto\/calla-2-shirt-mujer\/","name":"Montura Calla 2 Shirt mujer - Camiseta para correr- MioMioRun","isPartOf":{"@id":"https:\/\/www.miomiorun.com\/es\/#website"},"primaryImageOfPage":{"@id":"https:\/\/www.miomiorun.com\/es\/producto\/calla-2-shirt-mujer\/#primaryimage"},"image":{"@id":"https:\/\/www.miomiorun.com\/es\/producto\/calla-2-shirt-mujer\/#primaryimage"},"thumbnailUrl":"https:\/\/www.miomiorun.com\/app\/uploads\/2024\/04\/Montura-Calla-2-shirt-W-deep-blue-MQCG49W-87.webp","datePublished":"2024-04-17T17:04:27+00:00","dateModified":"2026-05-07T14:53:41+00:00","description":"Camisa Calla 2 para mujer: ligera y vers\u00e1til, ideal para hacer senderismo en las estaciones c\u00e1lidas. Confeccionada en un tejido ultraligero y transpirable","breadcrumb":{"@id":"https:\/\/www.miomiorun.com\/es\/producto\/calla-2-shirt-mujer\/#breadcrumb"},"inLanguage":"es-ES","potentialAction":[{"@type":"ReadAction","target":["https:\/\/www.miomiorun.com\/es\/producto\/calla-2-shirt-mujer\/"]}]},{"@type":"ImageObject","inLanguage":"es-ES","@id":"https:\/\/www.miomiorun.com\/es\/producto\/calla-2-shirt-mujer\/#primaryimage","url":"https:\/\/www.miomiorun.com\/app\/uploads\/2024\/04\/Montura-Calla-2-shirt-W-deep-blue-MQCG49W-87.webp","contentUrl":"https:\/\/www.miomiorun.com\/app\/uploads\/2024\/04\/Montura-Calla-2-shirt-W-deep-blue-MQCG49W-87.webp","width":600,"height":600,"caption":"Montura Calla 2 shirt W deep blue MQCG49W 87"},{"@type":"BreadcrumbList","@id":"https:\/\/www.miomiorun.com\/es\/producto\/calla-2-shirt-mujer\/#breadcrumb","itemListElement":[{"@type":"ListItem","position":1,"name":"Home","item":"https:\/\/www.miomiorun.com\/es\/"},{"@type":"ListItem","position":2,"name":"Shop","item":"https:\/\/www.miomiorun.com\/shop\/"},{"@type":"ListItem","position":3,"name":"Calla 2 Shirt mujer"}]},{"@type":"WebSite","@id":"https:\/\/www.miomiorun.com\/es\/#website","url":"https:\/\/www.miomiorun.com\/es\/","name":"MioMioRun","description":"Tienda 100% running y trail","publisher":{"@id":"https:\/\/www.miomiorun.com\/es\/#organization"},"potentialAction":[{"@type":"SearchAction","target":{"@type":"EntryPoint","urlTemplate":"https:\/\/www.miomiorun.com\/es\/?s={search_term_string}"},"query-input":{"@type":"PropertyValueSpecification","valueRequired":true,"valueName":"search_term_string"}}],"inLanguage":"es-ES"},{"@type":"Organization","@id":"https:\/\/www.miomiorun.com\/es\/#organization","name":"MioMio Run","url":"https:\/\/www.miomiorun.com\/es\/","logo":{"@type":"ImageObject","inLanguage":"es-ES","@id":"https:\/\/www.miomiorun.com\/es\/#\/schema\/logo\/image\/","url":"https:\/\/www.miomiorun.com\/app\/uploads\/2019\/12\/logomio.png","contentUrl":"https:\/\/www.miomiorun.com\/app\/uploads\/2019\/12\/logomio.png","width":115,"height":82,"caption":"MioMio Run"},"image":{"@id":"https:\/\/www.miomiorun.com\/es\/#\/schema\/logo\/image\/"},"sameAs":["https:\/\/www.facebook.com\/miomiorun\/","https:\/\/www.instagram.com\/miomiorun\/"]}]}},"_links":{"self":[{"href":"https:\/\/www.miomiorun.com\/es\/wp-json\/wp\/v2\/product\/291689","targetHints":{"allow":["GET"]}}],"collection":[{"href":"https:\/\/www.miomiorun.com\/es\/wp-json\/wp\/v2\/product"}],"about":[{"href":"https:\/\/www.miomiorun.com\/es\/wp-json\/wp\/v2\/types\/product"}],"wp:featuredmedia":[{"embeddable":true,"href":"https:\/\/www.miomiorun.com\/es\/wp-json\/wp\/v2\/media\/246647"}],"wp:attachment":[{"href":"https:\/\/www.miomiorun.com\/es\/wp-json\/wp\/v2\/media?parent=291689"}],"wp:term":[{"taxonomy":"product_brand","embeddable":true,"href":"https:\/\/www.miomiorun.com\/es\/wp-json\/wp\/v2\/product_brand?post=291689"},{"taxonomy":"product_cat","embeddable":true,"href":"https:\/\/www.miomiorun.com\/es\/wp-json\/wp\/v2\/product_cat?post=291689"},{"taxonomy":"product_tag","embeddable":true,"href":"https:\/\/www.miomiorun.com\/es\/wp-json\/wp\/v2\/product_tag?post=291689"}],"curies":[{"name":"wp","href":"https:\/\/api.w.org\/{rel}","templated":true}]}}