{"id":291658,"date":"2024-04-17T19:12:25","date_gmt":"2024-04-17T17:12:25","guid":{"rendered":"https:\/\/miomiorun.com\/prodotto\/spitze-maglia-uomo\/"},"modified":"2026-05-07T16:58:52","modified_gmt":"2026-05-07T14:58:52","slug":"spitze-maglia-hombre","status":"publish","type":"product","link":"https:\/\/www.miomiorun.com\/es\/producto\/spitze-maglia-hombre\/","title":{"rendered":"Spitze camiseta hombre"},"content":{"rendered":"<p>Forro polar <strong>Spitze<\/strong> para hombre: ligero, protector y transpirable, ideal para la escalada y el alpinismo. Confeccionado con un tejido de forro polar de poli\u00e9ster el\u00e1stico en dos direcciones, este forro polar de alpinismo es ideal para los d\u00edas en los que se necesita una prenda c\u00f3moda y transpirable, pero de peso reducido.<\/p>\n<p>El tejido ofrece protecci\u00f3n contra los rayos solares y cuenta con un tratamiento DWR para mantenerte seco, mientras que los insertos en contraste de nailon el\u00e1stico a\u00f1aden un toque de estilo adicional. La cremallera frontal de apertura total te permite pon\u00e9rtelo y quit\u00e1rtelo con facilidad durante los descansos o cuando aseguras, mientras que los bolsillos laterales y el bolsillo en el pecho con cremallera son ideales para guardar de forma segura peque\u00f1os objetos cuando est\u00e1s en movimiento.<\/p>\n<p style=\"text-align: center\"><strong>Con el forro polar Spitze para hombre, afrontar\u00e1s los d\u00edas de verano a gran altitud con total seguridad y el m\u00e1ximo confort.<\/strong><\/p>\n<p>&nbsp;<\/p>\n<p><strong>Caracter\u00edsticas:<\/strong><\/p>\n<ul class=\"tw-list-disc\">\n<li class=\"tw-text-xs\">Sudadera abierta con capucha para hombre<\/li>\n<li class=\"tw-text-xs\">Tejido polar de poli\u00e9ster bi-el\u00e1stico con alta protecci\u00f3n contra los rayos UV<\/li>\n<li class=\"tw-text-xs\">Inserto en contraste de tejido de nailon DWR el\u00e1stico<\/li>\n<li class=\"tw-text-xs\">Cremallera central de apertura total, bolsillos laterales con cremallera, bolsillo en el pecho con cremallera<\/li>\n<li class=\"tw-text-xs\">Capucha y bajo del cuerpo con ribete el\u00e1stico<\/li>\n<li class=\"tw-text-xs\">Prenda ideal para escalada, alpinismo y diversas actividades al aire libre<\/li>\n<li class=\"tw-text-xs\">Peso: 400,0 g<\/li>\n<\/ul>\n<p>&nbsp;<\/p>\n<p>&nbsp;<\/p>\n<div class=\"content__image-wrapper tw-w-fit\">\n<div class=\"content__image tw-relative tw-w-[5rem]\"><img loading=\"lazy\" decoding=\"async\" class=\"tw-absolute tw-top-0 tw-left-0 tw-w-full tw-h-full\" src=\"https:\/\/www.montura.com\/cdn\/shop\/files\/004_Breathable_Black.svg?v=1709125473&amp;width=200\" alt=\"\" width=\"102\" height=\"102\" \/> \u00a0 <strong>TRANSPIRABLE: <\/strong>Gracias a sus tejidos transpirables, esta prenda favorece la transpiraci\u00f3n natural de la piel, manteniendo el cuerpo siempre a la temperatura \u00f3ptima.<\/div>\n<\/div>\n<div><\/div>\n<div><\/div>\n<div><strong>Ideal para:<\/strong><\/div>\n<div><\/div>\n<div><\/div>\n<div>\n<div class=\"content__image-wrapper tw-w-fit\">\n<div class=\"content__image tw-relative tw-w-[5rem]\"><img loading=\"lazy\" decoding=\"async\" class=\"tw-absolute tw-top-0 tw-left-0 tw-w-full tw-h-full\" src=\"https:\/\/www.montura.com\/cdn\/shop\/files\/017_TrekkingHiking_Black.svg?v=1709126467&amp;width=200\" alt=\"\" width=\"102\" height=\"102\" \/>\u00a0 <strong>SENDERISMO \/ EXCURSIONISMO<\/strong><\/div>\n<\/div>\n<\/div>\n<div><\/div>\n<div><\/div>\n<div><\/div>\n<div>\n<div class=\"content__image-wrapper tw-w-fit\">\n<div class=\"content__image tw-relative tw-w-[5rem]\"><\/div>\n<div>\n<div class=\"content__image-wrapper tw-w-fit\">\n<div class=\"content__image tw-relative tw-w-[5rem]\"><img loading=\"lazy\" decoding=\"async\" class=\"tw-absolute tw-top-0 tw-left-0 tw-w-full tw-h-full\" src=\"https:\/\/www.montura.com\/cdn\/shop\/files\/019_Climbing_Black.svg?v=1709126445&amp;width=200\" alt=\"\" width=\"105\" height=\"139\" \/><strong>ESCALADA<\/strong><\/div>\n<\/div>\n<\/div>\n<\/div>\n<\/div>\n<div><\/div>\n<div><\/div>\n<div><\/div>\n<div>\n<div class=\"content__image-wrapper tw-w-fit\">\n<div class=\"content__image tw-relative tw-w-[5rem]\"><img loading=\"lazy\" decoding=\"async\" class=\"tw-absolute tw-top-0 tw-left-0 tw-w-full tw-h-full\" src=\"https:\/\/www.montura.com\/cdn\/shop\/files\/018_Mountaineering_Black.svg?v=1709126427&amp;width=200\" alt=\"\" width=\"104\" height=\"104\" \/> <strong>ALPINISMO<\/strong><\/div>\n<\/div>\n<\/div>\n","protected":false},"excerpt":{"rendered":"<ul>\n<li>Jersey de manga larga de tejido polar de secado r\u00e1pido.<\/li>\n<li>Ideal para llevar en cualquier actividad al aire libre en la monta\u00f1a.<\/li>\n<\/ul>\n","protected":false},"featured_media":246667,"template":"","meta":{"_acf_changed":false,"inline_featured_image":false},"product_brand":[],"product_cat":[24458,24463,24464],"product_tag":[23513,23592],"class_list":{"0":"post-291658","1":"product","2":"type-product","3":"status-publish","4":"has-post-thumbnail","6":"product_cat-camisetas-es-2","7":"product_cat-ropa-de-hombre-es","8":"product_cat-hombre","9":"product_tag-montura-es","10":"product_tag-montura-hombre","11":"pa_attivita-caminar","12":"pa_attivita-outdoor-es","13":"pa_colore-spitze-maglia-black-verde-salvia-es","14":"pa_colore-spitze-maglia-deep-blue-verde-lime-es","15":"pa_marca-montura-es","16":"pa_sesso-hombre","17":"pa_size-medium-es","18":"pa_size-large-es","19":"pa_size-extra-large-es","21":"first","22":"instock","23":"sale","24":"taxable","25":"shipping-taxable","26":"purchasable","27":"product-type-variable","28":"wvs-archive-product-wrapper"},"acf":[],"yoast_head":"<!-- This site is optimized with the Yoast SEO plugin v26.8 - https:\/\/yoast.com\/product\/yoast-seo-wordpress\/ -->\n<title>Montura Spitze camiseta hombre - Camiseta para correr - MioMioRun.com<\/title>\n<meta name=\"description\" content=\"Ligero, protector y transpirable, ideal para la escalada y el alpinismo. Confeccionado con un tejido de forro polar de poli\u00e9ster el\u00e1stico en dos direcciones\" \/>\n<meta name=\"robots\" content=\"index, follow, max-snippet:-1, max-image-preview:large, max-video-preview:-1\" \/>\n<link rel=\"canonical\" href=\"https:\/\/www.miomiorun.com\/es\/producto\/spitze-maglia-hombre\/\" \/>\n<meta property=\"og:locale\" content=\"es_ES\" \/>\n<meta property=\"og:type\" content=\"article\" \/>\n<meta property=\"og:title\" content=\"Montura Spitze camiseta hombre - Camiseta para correr - MioMioRun.com\" \/>\n<meta property=\"og:description\" content=\"Ligero, protector y transpirable, ideal para la escalada y el alpinismo. Confeccionado con un tejido de forro polar de poli\u00e9ster el\u00e1stico en dos direcciones\" \/>\n<meta property=\"og:url\" content=\"https:\/\/www.miomiorun.com\/es\/producto\/spitze-maglia-hombre\/\" \/>\n<meta property=\"og:site_name\" content=\"MioMioRun\" \/>\n<meta property=\"article:publisher\" content=\"https:\/\/www.facebook.com\/miomiorun\/\" \/>\n<meta property=\"article:modified_time\" content=\"2026-05-07T14:58:52+00:00\" \/>\n<meta property=\"og:image\" content=\"https:\/\/www.miomiorun.com\/app\/uploads\/2024\/04\/Montura-Spitze-maglia-deep-blue-verde-lime-MMAP53X-8747.webp\" \/>\n\t<meta property=\"og:image:width\" content=\"600\" \/>\n\t<meta property=\"og:image:height\" content=\"600\" \/>\n\t<meta property=\"og:image:type\" content=\"image\/webp\" \/>\n<meta name=\"twitter:card\" content=\"summary_large_image\" \/>\n<meta name=\"twitter:label1\" content=\"Est. reading time\" \/>\n\t<meta name=\"twitter:data1\" content=\"1 minute\" \/>\n<script type=\"application\/ld+json\" class=\"yoast-schema-graph\">{\"@context\":\"https:\/\/schema.org\",\"@graph\":[{\"@type\":\"WebPage\",\"@id\":\"https:\/\/www.miomiorun.com\/es\/producto\/spitze-maglia-hombre\/\",\"url\":\"https:\/\/www.miomiorun.com\/es\/producto\/spitze-maglia-hombre\/\",\"name\":\"Montura Spitze camiseta hombre - Camiseta para correr - MioMioRun.com\",\"isPartOf\":{\"@id\":\"https:\/\/www.miomiorun.com\/es\/#website\"},\"primaryImageOfPage\":{\"@id\":\"https:\/\/www.miomiorun.com\/es\/producto\/spitze-maglia-hombre\/#primaryimage\"},\"image\":{\"@id\":\"https:\/\/www.miomiorun.com\/es\/producto\/spitze-maglia-hombre\/#primaryimage\"},\"thumbnailUrl\":\"https:\/\/www.miomiorun.com\/app\/uploads\/2024\/04\/Montura-Spitze-maglia-deep-blue-verde-lime-MMAP53X-8747.webp\",\"datePublished\":\"2024-04-17T17:12:25+00:00\",\"dateModified\":\"2026-05-07T14:58:52+00:00\",\"description\":\"Ligero, protector y transpirable, ideal para la escalada y el alpinismo. Confeccionado con un tejido de forro polar de poli\u00e9ster el\u00e1stico en dos direcciones\",\"breadcrumb\":{\"@id\":\"https:\/\/www.miomiorun.com\/es\/producto\/spitze-maglia-hombre\/#breadcrumb\"},\"inLanguage\":\"es-ES\",\"potentialAction\":[{\"@type\":\"ReadAction\",\"target\":[\"https:\/\/www.miomiorun.com\/es\/producto\/spitze-maglia-hombre\/\"]}]},{\"@type\":\"ImageObject\",\"inLanguage\":\"es-ES\",\"@id\":\"https:\/\/www.miomiorun.com\/es\/producto\/spitze-maglia-hombre\/#primaryimage\",\"url\":\"https:\/\/www.miomiorun.com\/app\/uploads\/2024\/04\/Montura-Spitze-maglia-deep-blue-verde-lime-MMAP53X-8747.webp\",\"contentUrl\":\"https:\/\/www.miomiorun.com\/app\/uploads\/2024\/04\/Montura-Spitze-maglia-deep-blue-verde-lime-MMAP53X-8747.webp\",\"width\":600,\"height\":600,\"caption\":\"Montura Spitze maglia deep blue verde lime MMAP53X 8747\"},{\"@type\":\"BreadcrumbList\",\"@id\":\"https:\/\/www.miomiorun.com\/es\/producto\/spitze-maglia-hombre\/#breadcrumb\",\"itemListElement\":[{\"@type\":\"ListItem\",\"position\":1,\"name\":\"Home\",\"item\":\"https:\/\/www.miomiorun.com\/es\/\"},{\"@type\":\"ListItem\",\"position\":2,\"name\":\"Shop\",\"item\":\"https:\/\/www.miomiorun.com\/shop\/\"},{\"@type\":\"ListItem\",\"position\":3,\"name\":\"Spitze camiseta hombre\"}]},{\"@type\":\"WebSite\",\"@id\":\"https:\/\/www.miomiorun.com\/es\/#website\",\"url\":\"https:\/\/www.miomiorun.com\/es\/\",\"name\":\"MioMioRun\",\"description\":\"Tienda 100% running y trail\",\"publisher\":{\"@id\":\"https:\/\/www.miomiorun.com\/es\/#organization\"},\"potentialAction\":[{\"@type\":\"SearchAction\",\"target\":{\"@type\":\"EntryPoint\",\"urlTemplate\":\"https:\/\/www.miomiorun.com\/es\/?s={search_term_string}\"},\"query-input\":{\"@type\":\"PropertyValueSpecification\",\"valueRequired\":true,\"valueName\":\"search_term_string\"}}],\"inLanguage\":\"es-ES\"},{\"@type\":\"Organization\",\"@id\":\"https:\/\/www.miomiorun.com\/es\/#organization\",\"name\":\"MioMio Run\",\"url\":\"https:\/\/www.miomiorun.com\/es\/\",\"logo\":{\"@type\":\"ImageObject\",\"inLanguage\":\"es-ES\",\"@id\":\"https:\/\/www.miomiorun.com\/es\/#\/schema\/logo\/image\/\",\"url\":\"https:\/\/www.miomiorun.com\/app\/uploads\/2019\/12\/logomio.png\",\"contentUrl\":\"https:\/\/www.miomiorun.com\/app\/uploads\/2019\/12\/logomio.png\",\"width\":115,\"height\":82,\"caption\":\"MioMio Run\"},\"image\":{\"@id\":\"https:\/\/www.miomiorun.com\/es\/#\/schema\/logo\/image\/\"},\"sameAs\":[\"https:\/\/www.facebook.com\/miomiorun\/\",\"https:\/\/www.instagram.com\/miomiorun\/\"]}]}<\/script>\n<!-- \/ Yoast SEO plugin. -->","yoast_head_json":{"title":"Montura Spitze camiseta hombre - Camiseta para correr - MioMioRun.com","description":"Ligero, protector y transpirable, ideal para la escalada y el alpinismo. Confeccionado con un tejido de forro polar de poli\u00e9ster el\u00e1stico en dos direcciones","robots":{"index":"index","follow":"follow","max-snippet":"max-snippet:-1","max-image-preview":"max-image-preview:large","max-video-preview":"max-video-preview:-1"},"canonical":"https:\/\/www.miomiorun.com\/es\/producto\/spitze-maglia-hombre\/","og_locale":"es_ES","og_type":"article","og_title":"Montura Spitze camiseta hombre - Camiseta para correr - MioMioRun.com","og_description":"Ligero, protector y transpirable, ideal para la escalada y el alpinismo. Confeccionado con un tejido de forro polar de poli\u00e9ster el\u00e1stico en dos direcciones","og_url":"https:\/\/www.miomiorun.com\/es\/producto\/spitze-maglia-hombre\/","og_site_name":"MioMioRun","article_publisher":"https:\/\/www.facebook.com\/miomiorun\/","article_modified_time":"2026-05-07T14:58:52+00:00","og_image":[{"width":600,"height":600,"url":"https:\/\/www.miomiorun.com\/app\/uploads\/2024\/04\/Montura-Spitze-maglia-deep-blue-verde-lime-MMAP53X-8747.webp","type":"image\/webp"}],"twitter_card":"summary_large_image","twitter_misc":{"Est. reading time":"1 minute"},"schema":{"@context":"https:\/\/schema.org","@graph":[{"@type":"WebPage","@id":"https:\/\/www.miomiorun.com\/es\/producto\/spitze-maglia-hombre\/","url":"https:\/\/www.miomiorun.com\/es\/producto\/spitze-maglia-hombre\/","name":"Montura Spitze camiseta hombre - Camiseta para correr - MioMioRun.com","isPartOf":{"@id":"https:\/\/www.miomiorun.com\/es\/#website"},"primaryImageOfPage":{"@id":"https:\/\/www.miomiorun.com\/es\/producto\/spitze-maglia-hombre\/#primaryimage"},"image":{"@id":"https:\/\/www.miomiorun.com\/es\/producto\/spitze-maglia-hombre\/#primaryimage"},"thumbnailUrl":"https:\/\/www.miomiorun.com\/app\/uploads\/2024\/04\/Montura-Spitze-maglia-deep-blue-verde-lime-MMAP53X-8747.webp","datePublished":"2024-04-17T17:12:25+00:00","dateModified":"2026-05-07T14:58:52+00:00","description":"Ligero, protector y transpirable, ideal para la escalada y el alpinismo. Confeccionado con un tejido de forro polar de poli\u00e9ster el\u00e1stico en dos direcciones","breadcrumb":{"@id":"https:\/\/www.miomiorun.com\/es\/producto\/spitze-maglia-hombre\/#breadcrumb"},"inLanguage":"es-ES","potentialAction":[{"@type":"ReadAction","target":["https:\/\/www.miomiorun.com\/es\/producto\/spitze-maglia-hombre\/"]}]},{"@type":"ImageObject","inLanguage":"es-ES","@id":"https:\/\/www.miomiorun.com\/es\/producto\/spitze-maglia-hombre\/#primaryimage","url":"https:\/\/www.miomiorun.com\/app\/uploads\/2024\/04\/Montura-Spitze-maglia-deep-blue-verde-lime-MMAP53X-8747.webp","contentUrl":"https:\/\/www.miomiorun.com\/app\/uploads\/2024\/04\/Montura-Spitze-maglia-deep-blue-verde-lime-MMAP53X-8747.webp","width":600,"height":600,"caption":"Montura Spitze maglia deep blue verde lime MMAP53X 8747"},{"@type":"BreadcrumbList","@id":"https:\/\/www.miomiorun.com\/es\/producto\/spitze-maglia-hombre\/#breadcrumb","itemListElement":[{"@type":"ListItem","position":1,"name":"Home","item":"https:\/\/www.miomiorun.com\/es\/"},{"@type":"ListItem","position":2,"name":"Shop","item":"https:\/\/www.miomiorun.com\/shop\/"},{"@type":"ListItem","position":3,"name":"Spitze camiseta hombre"}]},{"@type":"WebSite","@id":"https:\/\/www.miomiorun.com\/es\/#website","url":"https:\/\/www.miomiorun.com\/es\/","name":"MioMioRun","description":"Tienda 100% running y trail","publisher":{"@id":"https:\/\/www.miomiorun.com\/es\/#organization"},"potentialAction":[{"@type":"SearchAction","target":{"@type":"EntryPoint","urlTemplate":"https:\/\/www.miomiorun.com\/es\/?s={search_term_string}"},"query-input":{"@type":"PropertyValueSpecification","valueRequired":true,"valueName":"search_term_string"}}],"inLanguage":"es-ES"},{"@type":"Organization","@id":"https:\/\/www.miomiorun.com\/es\/#organization","name":"MioMio Run","url":"https:\/\/www.miomiorun.com\/es\/","logo":{"@type":"ImageObject","inLanguage":"es-ES","@id":"https:\/\/www.miomiorun.com\/es\/#\/schema\/logo\/image\/","url":"https:\/\/www.miomiorun.com\/app\/uploads\/2019\/12\/logomio.png","contentUrl":"https:\/\/www.miomiorun.com\/app\/uploads\/2019\/12\/logomio.png","width":115,"height":82,"caption":"MioMio Run"},"image":{"@id":"https:\/\/www.miomiorun.com\/es\/#\/schema\/logo\/image\/"},"sameAs":["https:\/\/www.facebook.com\/miomiorun\/","https:\/\/www.instagram.com\/miomiorun\/"]}]}},"_links":{"self":[{"href":"https:\/\/www.miomiorun.com\/es\/wp-json\/wp\/v2\/product\/291658","targetHints":{"allow":["GET"]}}],"collection":[{"href":"https:\/\/www.miomiorun.com\/es\/wp-json\/wp\/v2\/product"}],"about":[{"href":"https:\/\/www.miomiorun.com\/es\/wp-json\/wp\/v2\/types\/product"}],"wp:featuredmedia":[{"embeddable":true,"href":"https:\/\/www.miomiorun.com\/es\/wp-json\/wp\/v2\/media\/246667"}],"wp:attachment":[{"href":"https:\/\/www.miomiorun.com\/es\/wp-json\/wp\/v2\/media?parent=291658"}],"wp:term":[{"taxonomy":"product_brand","embeddable":true,"href":"https:\/\/www.miomiorun.com\/es\/wp-json\/wp\/v2\/product_brand?post=291658"},{"taxonomy":"product_cat","embeddable":true,"href":"https:\/\/www.miomiorun.com\/es\/wp-json\/wp\/v2\/product_cat?post=291658"},{"taxonomy":"product_tag","embeddable":true,"href":"https:\/\/www.miomiorun.com\/es\/wp-json\/wp\/v2\/product_tag?post=291658"}],"curies":[{"name":"wp","href":"https:\/\/api.w.org\/{rel}","templated":true}]}}