{"id":291656,"date":"2024-04-18T12:57:58","date_gmt":"2024-04-18T10:57:58","guid":{"rendered":"https:\/\/miomiorun.com\/prodotto\/sensi-t-shirt-donna\/"},"modified":"2026-05-07T17:01:20","modified_gmt":"2026-05-07T15:01:20","slug":"sensi-t-shirt-mujer","status":"publish","type":"product","link":"https:\/\/www.miomiorun.com\/es\/producto\/sensi-t-shirt-mujer\/","title":{"rendered":"Sensi T-Shirt hombre"},"content":{"rendered":"<p>La <strong>camiseta Sensi<\/strong> para hombre de Montura es la opci\u00f3n ideal para quienes buscan frescura y comodidad durante los d\u00edas m\u00e1s calurosos, tanto para actividades al aire libre como para el tiempo libre. Confeccionada en <strong>jersey de nailon el\u00e1stico Sensitive\u00ae<\/strong> con <strong>Lycra Sport\u00ae<\/strong>, esta camiseta ofrece un tacto agradable y fresco sobre la piel, perfecta para hacer frente a las altas temperaturas del verano.<\/p>\n<p>El tejido, compacto y resistente, est\u00e1 dise\u00f1ado para gestionar eficazmente el sudor: absorbe y aleja r\u00e1pidamente la humedad de la piel, evitando que se acumule durante la actividad f\u00edsica y manteni\u00e9ndote seco y c\u00f3modo. Adem\u00e1s, gracias a la <strong>tecnolog\u00eda antipilling<\/strong>, la camiseta Sensi mantiene su forma y suavidad con el paso del tiempo, incluso tras numerosos lavados.<\/p>\n<p>Esta camiseta no solo es transpirable y de secado r\u00e1pido, sino que tambi\u00e9n est\u00e1 tratada con <strong>SUN-BLOCK<\/strong>, que ofrece una protecci\u00f3n avanzada contra los rayos UV (UPF50+), lo que la hace perfecta para tus excursiones al aire libre o para actividades de vela bajo el sol. Las <strong>mangas y el bajo con acabado encolado<\/strong> a\u00f1aden un toque de estilo y comodidad, mientras que su peso de tan solo <strong>110 g<\/strong> la hace extremadamente ligera y c\u00f3moda de llevar.<\/p>\n<p>Ideal para deportes al aire libre, la camiseta Sensi tambi\u00e9n es perfecta para relajarse tras un intenso d\u00eda de aventuras. Su confecci\u00f3n <strong>Run-resistant<\/strong> asegura una larga duraci\u00f3n, mientras que la <strong>composici\u00f3n<\/strong> en <strong>73 % poliamida y 27 % elastano<\/strong> garantiza una gran elasticidad para un ajuste perfecto.<\/p>\n<p>F\u00e1cil de cuidar, esta camiseta se lava delicadamente a 30 \u00b0C y debe secarse a la sombra para preservar sus caracter\u00edsticas. <strong>No planchar<\/strong> ni utilizar <strong>secadora<\/strong> para evitar da\u00f1os en el tejido.<\/p>\n<p>Perfecta para actividades al aire libre y para el tiempo libre, la <strong>camiseta Sensi<\/strong> es la prenda ideal para quienes buscan rendimiento, comodidad y protecci\u00f3n solar sin concesiones.<\/p>\n<p>&nbsp;<\/p>\n<p><strong>Caracter\u00edsticas:<\/strong><\/p>\n<ul class=\"tw-list-disc\">\n<li class=\"tw-text-xs\">Camiseta de mujer<\/li>\n<li class=\"tw-text-xs\">Tejido de jersey de nailon Sensitive\u00ae con Lycra Sport\u00ae de alta protecci\u00f3n contra los rayos UV y propiedades de secado r\u00e1pido<\/li>\n<li class=\"tw-text-xs\">Mangas y bajo con acabado encolado<\/li>\n<li class=\"tw-text-xs\">Prenda ideal para diversas actividades al aire libre y de ocio<\/li>\n<li>Peso: 90,0 g<\/li>\n<\/ul>\n<p>&nbsp;<\/p>\n<div class=\"content__image-wrapper tw-w-fit\">\n<div class=\"content__image tw-relative tw-w-[5rem]\"><img loading=\"lazy\" decoding=\"async\" class=\"tw-absolute tw-top-0 tw-left-0 tw-w-full tw-h-full\" src=\"https:\/\/www.montura.com\/cdn\/shop\/files\/004_Breathable_Black.svg?v=1709125473&amp;width=200\" alt=\"\" width=\"102\" height=\"102\"><\/div>\n<div>\n<h3 class=\"tw-text-s tw-pt-[1.2rem] tw-pb-[0.4rem] tw-font-medium\">Transpirable<\/h3>\n<p class=\"tw-text-greyish-brown tw-text-xs tw-pt-[0.4rem]\">Gracias a sus tejidos transpirables, esta prenda favorece la transpiraci\u00f3n natural de la piel, manteniendo el cuerpo siempre a la temperatura \u00f3ptima.<\/p>\n<\/div>\n<\/div>\n<h2>Ideal para:<\/h2>\n<div class=\"content__image-wrapper tw-w-fit\">\n<div><\/div>\n<div class=\"content__image tw-relative tw-w-[5rem]\"><img loading=\"lazy\" decoding=\"async\" class=\"tw-absolute tw-top-0 tw-left-0 tw-w-full tw-h-full\" src=\"https:\/\/www.montura.com\/cdn\/shop\/files\/015_Everyday_Black.svg?v=1709126253&amp;width=200\" alt=\"\" width=\"103\" height=\"103\">&nbsp;<strong> EVERYDAY<\/strong><\/div>\n<\/div>\n<div><\/div>\n","protected":false},"excerpt":{"rendered":"<ul>\n<li>Camiseta ideal para practicar deportes al aire libre y para el tiempo libre.<\/li>\n<li>Confeccionada con un tejido transpirable que mantiene la piel seca.<\/li>\n<\/ul>\n","protected":false},"featured_media":246687,"template":"","meta":{"_acf_changed":false,"inline_featured_image":false},"product_brand":[],"product_cat":[24226,24401,24402],"product_tag":[23513,23631],"class_list":{"0":"post-291656","1":"product","2":"type-product","3":"status-publish","4":"has-post-thumbnail","6":"product_cat-camiseta","7":"product_cat-ropa-de-mujer","8":"product_cat-mujer","9":"product_tag-montura-es","10":"product_tag-montura-mujer","11":"pa_attivita-caminar","12":"pa_attivita-lifestyle-es","13":"pa_colore-sensi-t-shirt-w-care-blue-es","14":"pa_colore-sensi-t-shirt-w-turquoise-es","15":"pa_marca-montura-es","16":"pa_sesso-mujer","17":"pa_size-small-es","18":"pa_size-medium-es","20":"first","21":"instock","22":"sale","23":"taxable","24":"shipping-taxable","25":"purchasable","26":"product-type-variable","27":"wvs-archive-product-wrapper"},"acf":[],"yoast_head":"<!-- This site is optimized with the Yoast SEO plugin v26.8 - https:\/\/yoast.com\/product\/yoast-seo-wordpress\/ -->\n<title>Montura Sensi T-Shirt hombre - Camiseta para correr - MioMioRun<\/title>\n<meta name=\"description\" content=\"es una prenda ligera y transpirable, confeccionada en tejido Sensitive\u00ae con Lycra Sport\u00ae, que garantiza frescor y protecci\u00f3n contra los rayos UV\" \/>\n<meta name=\"robots\" content=\"index, follow, max-snippet:-1, max-image-preview:large, max-video-preview:-1\" \/>\n<link rel=\"canonical\" href=\"https:\/\/www.miomiorun.com\/es\/producto\/sensi-t-shirt-mujer\/\" \/>\n<meta property=\"og:locale\" content=\"es_ES\" \/>\n<meta property=\"og:type\" content=\"article\" \/>\n<meta property=\"og:title\" content=\"Montura Sensi T-Shirt hombre - Camiseta para correr - MioMioRun\" \/>\n<meta property=\"og:description\" content=\"es una prenda ligera y transpirable, confeccionada en tejido Sensitive\u00ae con Lycra Sport\u00ae, que garantiza frescor y protecci\u00f3n contra los rayos UV\" \/>\n<meta property=\"og:url\" content=\"https:\/\/www.miomiorun.com\/es\/producto\/sensi-t-shirt-mujer\/\" \/>\n<meta property=\"og:site_name\" content=\"MioMioRun\" \/>\n<meta property=\"article:publisher\" content=\"https:\/\/www.facebook.com\/miomiorun\/\" \/>\n<meta property=\"article:modified_time\" content=\"2026-05-07T15:01:20+00:00\" \/>\n<meta property=\"og:image\" content=\"https:\/\/www.miomiorun.com\/app\/uploads\/2024\/04\/Montura-Sensi-t-shirt-W-care-blue-MTVNU8W-28.webp\" \/>\n\t<meta property=\"og:image:width\" content=\"600\" \/>\n\t<meta property=\"og:image:height\" content=\"600\" \/>\n\t<meta property=\"og:image:type\" content=\"image\/webp\" \/>\n<meta name=\"twitter:card\" content=\"summary_large_image\" \/>\n<meta name=\"twitter:label1\" content=\"Est. reading time\" \/>\n\t<meta name=\"twitter:data1\" content=\"2 minutes\" \/>\n<script type=\"application\/ld+json\" class=\"yoast-schema-graph\">{\"@context\":\"https:\/\/schema.org\",\"@graph\":[{\"@type\":\"WebPage\",\"@id\":\"https:\/\/www.miomiorun.com\/es\/producto\/sensi-t-shirt-mujer\/\",\"url\":\"https:\/\/www.miomiorun.com\/es\/producto\/sensi-t-shirt-mujer\/\",\"name\":\"Montura Sensi T-Shirt hombre - Camiseta para correr - MioMioRun\",\"isPartOf\":{\"@id\":\"https:\/\/www.miomiorun.com\/es\/#website\"},\"primaryImageOfPage\":{\"@id\":\"https:\/\/www.miomiorun.com\/es\/producto\/sensi-t-shirt-mujer\/#primaryimage\"},\"image\":{\"@id\":\"https:\/\/www.miomiorun.com\/es\/producto\/sensi-t-shirt-mujer\/#primaryimage\"},\"thumbnailUrl\":\"https:\/\/www.miomiorun.com\/app\/uploads\/2024\/04\/Montura-Sensi-t-shirt-W-care-blue-MTVNU8W-28.webp\",\"datePublished\":\"2024-04-18T10:57:58+00:00\",\"dateModified\":\"2026-05-07T15:01:20+00:00\",\"description\":\"es una prenda ligera y transpirable, confeccionada en tejido Sensitive\u00ae con Lycra Sport\u00ae, que garantiza frescor y protecci\u00f3n contra los rayos UV\",\"breadcrumb\":{\"@id\":\"https:\/\/www.miomiorun.com\/es\/producto\/sensi-t-shirt-mujer\/#breadcrumb\"},\"inLanguage\":\"es-ES\",\"potentialAction\":[{\"@type\":\"ReadAction\",\"target\":[\"https:\/\/www.miomiorun.com\/es\/producto\/sensi-t-shirt-mujer\/\"]}]},{\"@type\":\"ImageObject\",\"inLanguage\":\"es-ES\",\"@id\":\"https:\/\/www.miomiorun.com\/es\/producto\/sensi-t-shirt-mujer\/#primaryimage\",\"url\":\"https:\/\/www.miomiorun.com\/app\/uploads\/2024\/04\/Montura-Sensi-t-shirt-W-care-blue-MTVNU8W-28.webp\",\"contentUrl\":\"https:\/\/www.miomiorun.com\/app\/uploads\/2024\/04\/Montura-Sensi-t-shirt-W-care-blue-MTVNU8W-28.webp\",\"width\":600,\"height\":600,\"caption\":\"Montura Sensi t-shirt W care blue MTVNU8W 28\"},{\"@type\":\"BreadcrumbList\",\"@id\":\"https:\/\/www.miomiorun.com\/es\/producto\/sensi-t-shirt-mujer\/#breadcrumb\",\"itemListElement\":[{\"@type\":\"ListItem\",\"position\":1,\"name\":\"Home\",\"item\":\"https:\/\/www.miomiorun.com\/es\/\"},{\"@type\":\"ListItem\",\"position\":2,\"name\":\"Shop\",\"item\":\"https:\/\/www.miomiorun.com\/shop\/\"},{\"@type\":\"ListItem\",\"position\":3,\"name\":\"Sensi T-Shirt hombre\"}]},{\"@type\":\"WebSite\",\"@id\":\"https:\/\/www.miomiorun.com\/es\/#website\",\"url\":\"https:\/\/www.miomiorun.com\/es\/\",\"name\":\"MioMioRun\",\"description\":\"Tienda 100% running y trail\",\"publisher\":{\"@id\":\"https:\/\/www.miomiorun.com\/es\/#organization\"},\"potentialAction\":[{\"@type\":\"SearchAction\",\"target\":{\"@type\":\"EntryPoint\",\"urlTemplate\":\"https:\/\/www.miomiorun.com\/es\/?s={search_term_string}\"},\"query-input\":{\"@type\":\"PropertyValueSpecification\",\"valueRequired\":true,\"valueName\":\"search_term_string\"}}],\"inLanguage\":\"es-ES\"},{\"@type\":\"Organization\",\"@id\":\"https:\/\/www.miomiorun.com\/es\/#organization\",\"name\":\"MioMio Run\",\"url\":\"https:\/\/www.miomiorun.com\/es\/\",\"logo\":{\"@type\":\"ImageObject\",\"inLanguage\":\"es-ES\",\"@id\":\"https:\/\/www.miomiorun.com\/es\/#\/schema\/logo\/image\/\",\"url\":\"https:\/\/www.miomiorun.com\/app\/uploads\/2019\/12\/logomio.png\",\"contentUrl\":\"https:\/\/www.miomiorun.com\/app\/uploads\/2019\/12\/logomio.png\",\"width\":115,\"height\":82,\"caption\":\"MioMio Run\"},\"image\":{\"@id\":\"https:\/\/www.miomiorun.com\/es\/#\/schema\/logo\/image\/\"},\"sameAs\":[\"https:\/\/www.facebook.com\/miomiorun\/\",\"https:\/\/www.instagram.com\/miomiorun\/\"]}]}<\/script>\n<!-- \/ Yoast SEO plugin. -->","yoast_head_json":{"title":"Montura Sensi T-Shirt hombre - Camiseta para correr - MioMioRun","description":"es una prenda ligera y transpirable, confeccionada en tejido Sensitive\u00ae con Lycra Sport\u00ae, que garantiza frescor y protecci\u00f3n contra los rayos UV","robots":{"index":"index","follow":"follow","max-snippet":"max-snippet:-1","max-image-preview":"max-image-preview:large","max-video-preview":"max-video-preview:-1"},"canonical":"https:\/\/www.miomiorun.com\/es\/producto\/sensi-t-shirt-mujer\/","og_locale":"es_ES","og_type":"article","og_title":"Montura Sensi T-Shirt hombre - Camiseta para correr - MioMioRun","og_description":"es una prenda ligera y transpirable, confeccionada en tejido Sensitive\u00ae con Lycra Sport\u00ae, que garantiza frescor y protecci\u00f3n contra los rayos UV","og_url":"https:\/\/www.miomiorun.com\/es\/producto\/sensi-t-shirt-mujer\/","og_site_name":"MioMioRun","article_publisher":"https:\/\/www.facebook.com\/miomiorun\/","article_modified_time":"2026-05-07T15:01:20+00:00","og_image":[{"width":600,"height":600,"url":"https:\/\/www.miomiorun.com\/app\/uploads\/2024\/04\/Montura-Sensi-t-shirt-W-care-blue-MTVNU8W-28.webp","type":"image\/webp"}],"twitter_card":"summary_large_image","twitter_misc":{"Est. reading time":"2 minutes"},"schema":{"@context":"https:\/\/schema.org","@graph":[{"@type":"WebPage","@id":"https:\/\/www.miomiorun.com\/es\/producto\/sensi-t-shirt-mujer\/","url":"https:\/\/www.miomiorun.com\/es\/producto\/sensi-t-shirt-mujer\/","name":"Montura Sensi T-Shirt hombre - Camiseta para correr - MioMioRun","isPartOf":{"@id":"https:\/\/www.miomiorun.com\/es\/#website"},"primaryImageOfPage":{"@id":"https:\/\/www.miomiorun.com\/es\/producto\/sensi-t-shirt-mujer\/#primaryimage"},"image":{"@id":"https:\/\/www.miomiorun.com\/es\/producto\/sensi-t-shirt-mujer\/#primaryimage"},"thumbnailUrl":"https:\/\/www.miomiorun.com\/app\/uploads\/2024\/04\/Montura-Sensi-t-shirt-W-care-blue-MTVNU8W-28.webp","datePublished":"2024-04-18T10:57:58+00:00","dateModified":"2026-05-07T15:01:20+00:00","description":"es una prenda ligera y transpirable, confeccionada en tejido Sensitive\u00ae con Lycra Sport\u00ae, que garantiza frescor y protecci\u00f3n contra los rayos UV","breadcrumb":{"@id":"https:\/\/www.miomiorun.com\/es\/producto\/sensi-t-shirt-mujer\/#breadcrumb"},"inLanguage":"es-ES","potentialAction":[{"@type":"ReadAction","target":["https:\/\/www.miomiorun.com\/es\/producto\/sensi-t-shirt-mujer\/"]}]},{"@type":"ImageObject","inLanguage":"es-ES","@id":"https:\/\/www.miomiorun.com\/es\/producto\/sensi-t-shirt-mujer\/#primaryimage","url":"https:\/\/www.miomiorun.com\/app\/uploads\/2024\/04\/Montura-Sensi-t-shirt-W-care-blue-MTVNU8W-28.webp","contentUrl":"https:\/\/www.miomiorun.com\/app\/uploads\/2024\/04\/Montura-Sensi-t-shirt-W-care-blue-MTVNU8W-28.webp","width":600,"height":600,"caption":"Montura Sensi t-shirt W care blue MTVNU8W 28"},{"@type":"BreadcrumbList","@id":"https:\/\/www.miomiorun.com\/es\/producto\/sensi-t-shirt-mujer\/#breadcrumb","itemListElement":[{"@type":"ListItem","position":1,"name":"Home","item":"https:\/\/www.miomiorun.com\/es\/"},{"@type":"ListItem","position":2,"name":"Shop","item":"https:\/\/www.miomiorun.com\/shop\/"},{"@type":"ListItem","position":3,"name":"Sensi T-Shirt hombre"}]},{"@type":"WebSite","@id":"https:\/\/www.miomiorun.com\/es\/#website","url":"https:\/\/www.miomiorun.com\/es\/","name":"MioMioRun","description":"Tienda 100% running y trail","publisher":{"@id":"https:\/\/www.miomiorun.com\/es\/#organization"},"potentialAction":[{"@type":"SearchAction","target":{"@type":"EntryPoint","urlTemplate":"https:\/\/www.miomiorun.com\/es\/?s={search_term_string}"},"query-input":{"@type":"PropertyValueSpecification","valueRequired":true,"valueName":"search_term_string"}}],"inLanguage":"es-ES"},{"@type":"Organization","@id":"https:\/\/www.miomiorun.com\/es\/#organization","name":"MioMio Run","url":"https:\/\/www.miomiorun.com\/es\/","logo":{"@type":"ImageObject","inLanguage":"es-ES","@id":"https:\/\/www.miomiorun.com\/es\/#\/schema\/logo\/image\/","url":"https:\/\/www.miomiorun.com\/app\/uploads\/2019\/12\/logomio.png","contentUrl":"https:\/\/www.miomiorun.com\/app\/uploads\/2019\/12\/logomio.png","width":115,"height":82,"caption":"MioMio Run"},"image":{"@id":"https:\/\/www.miomiorun.com\/es\/#\/schema\/logo\/image\/"},"sameAs":["https:\/\/www.facebook.com\/miomiorun\/","https:\/\/www.instagram.com\/miomiorun\/"]}]}},"_links":{"self":[{"href":"https:\/\/www.miomiorun.com\/es\/wp-json\/wp\/v2\/product\/291656","targetHints":{"allow":["GET"]}}],"collection":[{"href":"https:\/\/www.miomiorun.com\/es\/wp-json\/wp\/v2\/product"}],"about":[{"href":"https:\/\/www.miomiorun.com\/es\/wp-json\/wp\/v2\/types\/product"}],"wp:featuredmedia":[{"embeddable":true,"href":"https:\/\/www.miomiorun.com\/es\/wp-json\/wp\/v2\/media\/246687"}],"wp:attachment":[{"href":"https:\/\/www.miomiorun.com\/es\/wp-json\/wp\/v2\/media?parent=291656"}],"wp:term":[{"taxonomy":"product_brand","embeddable":true,"href":"https:\/\/www.miomiorun.com\/es\/wp-json\/wp\/v2\/product_brand?post=291656"},{"taxonomy":"product_cat","embeddable":true,"href":"https:\/\/www.miomiorun.com\/es\/wp-json\/wp\/v2\/product_cat?post=291656"},{"taxonomy":"product_tag","embeddable":true,"href":"https:\/\/www.miomiorun.com\/es\/wp-json\/wp\/v2\/product_tag?post=291656"}],"curies":[{"name":"wp","href":"https:\/\/api.w.org\/{rel}","templated":true}]}}