{"id":291645,"date":"2024-04-18T13:06:40","date_gmt":"2024-04-18T11:06:40","guid":{"rendered":"https:\/\/miomiorun.com\/prodotto\/sarzana-short-donna\/"},"modified":"2026-05-08T18:58:43","modified_gmt":"2026-05-08T16:58:43","slug":"sarzana-short-mujer","status":"publish","type":"product","link":"https:\/\/www.miomiorun.com\/es\/producto\/sarzana-short-mujer\/","title":{"rendered":"Sarzana Short mujer"},"content":{"rendered":"<p>Pantalones cortos <strong>Sarzana<\/strong> para mujer: m\u00e1xima comodidad y piel siempre seca durante las excursiones de verano.<\/p>\n<p>Estos pantalones cortos de <strong>nylon el\u00e1stico en 4 direcciones<\/strong> se adaptan a cada movimiento. El tejido transpirable absorbe y aleja el sudor de la piel, para que esta se mantenga siempre fresca y seca. Su confecci\u00f3n de doble tejido es ultrarresistente a los desgarros y a la abrasi\u00f3n, ideal para caminar entre rocas o en la vegetaci\u00f3n m\u00e1s densa.<\/p>\n<p>El tratamiento hidrofugante <strong>DWR<\/strong> sin <strong>PFC<\/strong> repele la humedad, la suciedad y el polvo, mientras que el tejido tambi\u00e9n te protege de los rayos UV. La cintura con presillas permite ajustar el ajuste, mientras que los pr\u00e1cticos bolsillos de ojal para las manos ofrecen un amplio espacio para guardar objetos peque\u00f1os.<\/p>\n<p style=\"text-align: center\"><strong>Los pantalones cortos Sarzana para mujer son la elecci\u00f3n ideal para las aventuras de verano que requieren comodidad y protecci\u00f3n total.<\/strong><\/p>\n<p>&nbsp;<\/p>\n<p><strong>Caracter\u00edsticas:<\/strong><\/p>\n<ul class=\"tw-list-disc\">\n<li class=\"tw-text-xs\">Pantal\u00f3n corto de mujer<\/li>\n<li class=\"tw-text-xs\">Tejido de nailon el\u00e1stico DWR con estructura de doble tejido en relieve, resistente a desgarros y abrasiones<\/li>\n<li class=\"tw-text-xs\">Cintura con presillas, cierre con bot\u00f3n y cremallera<\/li>\n<li class=\"tw-text-xs\">Bolsillos abiertos para las manos<\/li>\n<li class=\"tw-text-xs\">Prenda ideal para diversas actividades al aire libre y de ocio<\/li>\n<li class=\"tw-text-xs\">130,0 g<\/li>\n<\/ul>\n<p>&nbsp;<\/p>\n<p>&nbsp;<\/p>\n<p>&nbsp;<\/p>\n<div class=\"content__image-wrapper tw-w-fit\">\n<div class=\"content__image tw-relative tw-w-[5rem]\"><img loading=\"lazy\" decoding=\"async\" class=\"tw-absolute tw-top-0 tw-left-0 tw-w-full tw-h-full\" src=\"https:\/\/www.montura.com\/cdn\/shop\/files\/004_Breathable_Black.svg?v=1709125473&amp;width=200\" alt=\"\" width=\"102\" height=\"102\"> &nbsp; <strong>TRANSPIRABLE:&nbsp;<\/strong>Gracias a sus tejidos transpirables, esta prenda favorece la transpiraci\u00f3n natural de la piel, manteniendo el cuerpo siempre a la temperatura \u00f3ptima.<\/div>\n<\/div>\n<div><\/div>\n<div><\/div>\n<div><\/div>\n<div>\n<div class=\"content__image-wrapper tw-w-fit\">\n<div class=\"content__image tw-relative tw-w-[5rem]\"><img loading=\"lazy\" decoding=\"async\" class=\"tw-absolute tw-top-0 tw-left-0 tw-w-full tw-h-full\" src=\"https:\/\/www.montura.com\/cdn\/shop\/files\/002_WaterResistantDWR_Black.svg?v=1709125500&amp;width=200\" alt=\"\" width=\"102\" height=\"102\"> &nbsp; <strong>HIDR\u00d3FUGOS:&nbsp;<\/strong>Una capa hidr\u00f3fuga aplicada al tejido garantiza una ligera protecci\u00f3n contra la humedad exterior.<\/div>\n<\/div>\n<\/div>\n<div><\/div>\n<div><\/div>\n<h3><strong>Ideal para:<\/strong><\/h3>\n<p>&nbsp;<\/p>\n<div class=\"content__image-wrapper tw-w-fit\">\n<div class=\"content__image tw-relative tw-w-[5rem]\">\n<div class=\"content__image-wrapper tw-w-fit\">\n<div class=\"content__image tw-relative tw-w-[5rem]\"><img loading=\"lazy\" decoding=\"async\" class=\"tw-absolute tw-top-0 tw-left-0 tw-w-full tw-h-full\" src=\"https:\/\/www.montura.com\/cdn\/shop\/files\/017_TrekkingHiking_Black.svg?v=1709126467&amp;width=200\" alt=\"\" width=\"101\" height=\"101\">&nbsp; <strong>SENDERISMO\/EXCURSIONISMO<\/strong><\/div>\n<\/div>\n<\/div>\n<\/div>\n","protected":false},"excerpt":{"rendered":"<ul>\n<li>Pantal\u00f3n corto ideal para practicar actividades al aire libre.<\/li>\n<li>Resistente al agua.<\/li>\n<\/ul>\n","protected":false},"featured_media":246691,"template":"","meta":{"_acf_changed":false,"inline_featured_image":false},"product_brand":[],"product_cat":[24395,24401,24402],"product_tag":[23513,23631],"class_list":{"0":"post-291645","1":"product","2":"type-product","3":"status-publish","4":"has-post-thumbnail","6":"product_cat-pantalones-cortos","7":"product_cat-ropa-de-mujer","8":"product_cat-mujer","9":"product_tag-montura-es","10":"product_tag-montura-mujer","11":"pa_attivita-caminar","12":"pa_attivita-running-es","13":"pa_colore-sarzana-short-w-ardesia-es","14":"pa_marca-montura-es","15":"pa_sesso-mujer","16":"pa_size-small-es","17":"pa_size-medium-es","18":"pa_size-large-es","20":"first","21":"instock","22":"sale","23":"taxable","24":"shipping-taxable","25":"purchasable","26":"product-type-variable","27":"wvs-archive-product-wrapper"},"acf":[],"yoast_head":"<!-- This site is optimized with the Yoast SEO plugin v26.8 - https:\/\/yoast.com\/product\/yoast-seo-wordpress\/ -->\n<title>Montura Sarzana Short mujer - Carrera corta MioMioRun<\/title>\n<meta name=\"description\" content=\"Piel siempre seca durante las excursiones de verano. Estos pantalones cortos est\u00e1n confeccionados en nailon el\u00e1stico en cuatro direcciones\" \/>\n<meta name=\"robots\" content=\"index, follow, max-snippet:-1, max-image-preview:large, max-video-preview:-1\" \/>\n<link rel=\"canonical\" href=\"https:\/\/www.miomiorun.com\/es\/producto\/sarzana-short-mujer\/\" \/>\n<meta property=\"og:locale\" content=\"es_ES\" \/>\n<meta property=\"og:type\" content=\"article\" \/>\n<meta property=\"og:title\" content=\"Montura Sarzana Short mujer - Carrera corta MioMioRun\" \/>\n<meta property=\"og:description\" content=\"Piel siempre seca durante las excursiones de verano. Estos pantalones cortos est\u00e1n confeccionados en nailon el\u00e1stico en cuatro direcciones\" \/>\n<meta property=\"og:url\" content=\"https:\/\/www.miomiorun.com\/es\/producto\/sarzana-short-mujer\/\" \/>\n<meta property=\"og:site_name\" content=\"MioMioRun\" \/>\n<meta property=\"article:publisher\" content=\"https:\/\/www.facebook.com\/miomiorun\/\" \/>\n<meta property=\"article:modified_time\" content=\"2026-05-08T16:58:43+00:00\" \/>\n<meta property=\"og:image\" content=\"https:\/\/www.miomiorun.com\/app\/uploads\/2024\/04\/Montura-Sarzana-short-W-ardesia-MPSG55W-91.webp\" \/>\n\t<meta property=\"og:image:width\" content=\"600\" \/>\n\t<meta property=\"og:image:height\" content=\"600\" \/>\n\t<meta property=\"og:image:type\" content=\"image\/webp\" \/>\n<meta name=\"twitter:card\" content=\"summary_large_image\" \/>\n<meta name=\"twitter:label1\" content=\"Est. reading time\" \/>\n\t<meta name=\"twitter:data1\" content=\"1 minute\" \/>\n<script type=\"application\/ld+json\" class=\"yoast-schema-graph\">{\"@context\":\"https:\/\/schema.org\",\"@graph\":[{\"@type\":\"WebPage\",\"@id\":\"https:\/\/www.miomiorun.com\/es\/producto\/sarzana-short-mujer\/\",\"url\":\"https:\/\/www.miomiorun.com\/es\/producto\/sarzana-short-mujer\/\",\"name\":\"Montura Sarzana Short mujer - Carrera corta MioMioRun\",\"isPartOf\":{\"@id\":\"https:\/\/www.miomiorun.com\/es\/#website\"},\"primaryImageOfPage\":{\"@id\":\"https:\/\/www.miomiorun.com\/es\/producto\/sarzana-short-mujer\/#primaryimage\"},\"image\":{\"@id\":\"https:\/\/www.miomiorun.com\/es\/producto\/sarzana-short-mujer\/#primaryimage\"},\"thumbnailUrl\":\"https:\/\/www.miomiorun.com\/app\/uploads\/2024\/04\/Montura-Sarzana-short-W-ardesia-MPSG55W-91.webp\",\"datePublished\":\"2024-04-18T11:06:40+00:00\",\"dateModified\":\"2026-05-08T16:58:43+00:00\",\"description\":\"Piel siempre seca durante las excursiones de verano. Estos pantalones cortos est\u00e1n confeccionados en nailon el\u00e1stico en cuatro direcciones\",\"breadcrumb\":{\"@id\":\"https:\/\/www.miomiorun.com\/es\/producto\/sarzana-short-mujer\/#breadcrumb\"},\"inLanguage\":\"es-ES\",\"potentialAction\":[{\"@type\":\"ReadAction\",\"target\":[\"https:\/\/www.miomiorun.com\/es\/producto\/sarzana-short-mujer\/\"]}]},{\"@type\":\"ImageObject\",\"inLanguage\":\"es-ES\",\"@id\":\"https:\/\/www.miomiorun.com\/es\/producto\/sarzana-short-mujer\/#primaryimage\",\"url\":\"https:\/\/www.miomiorun.com\/app\/uploads\/2024\/04\/Montura-Sarzana-short-W-ardesia-MPSG55W-91.webp\",\"contentUrl\":\"https:\/\/www.miomiorun.com\/app\/uploads\/2024\/04\/Montura-Sarzana-short-W-ardesia-MPSG55W-91.webp\",\"width\":600,\"height\":600,\"caption\":\"Montura Sarzana short W ardesia MPSG55W 91\"},{\"@type\":\"BreadcrumbList\",\"@id\":\"https:\/\/www.miomiorun.com\/es\/producto\/sarzana-short-mujer\/#breadcrumb\",\"itemListElement\":[{\"@type\":\"ListItem\",\"position\":1,\"name\":\"Home\",\"item\":\"https:\/\/www.miomiorun.com\/es\/\"},{\"@type\":\"ListItem\",\"position\":2,\"name\":\"Shop\",\"item\":\"https:\/\/www.miomiorun.com\/shop\/\"},{\"@type\":\"ListItem\",\"position\":3,\"name\":\"Sarzana Short mujer\"}]},{\"@type\":\"WebSite\",\"@id\":\"https:\/\/www.miomiorun.com\/es\/#website\",\"url\":\"https:\/\/www.miomiorun.com\/es\/\",\"name\":\"MioMioRun\",\"description\":\"Tienda 100% running y trail\",\"publisher\":{\"@id\":\"https:\/\/www.miomiorun.com\/es\/#organization\"},\"potentialAction\":[{\"@type\":\"SearchAction\",\"target\":{\"@type\":\"EntryPoint\",\"urlTemplate\":\"https:\/\/www.miomiorun.com\/es\/?s={search_term_string}\"},\"query-input\":{\"@type\":\"PropertyValueSpecification\",\"valueRequired\":true,\"valueName\":\"search_term_string\"}}],\"inLanguage\":\"es-ES\"},{\"@type\":\"Organization\",\"@id\":\"https:\/\/www.miomiorun.com\/es\/#organization\",\"name\":\"MioMio Run\",\"url\":\"https:\/\/www.miomiorun.com\/es\/\",\"logo\":{\"@type\":\"ImageObject\",\"inLanguage\":\"es-ES\",\"@id\":\"https:\/\/www.miomiorun.com\/es\/#\/schema\/logo\/image\/\",\"url\":\"https:\/\/www.miomiorun.com\/app\/uploads\/2019\/12\/logomio.png\",\"contentUrl\":\"https:\/\/www.miomiorun.com\/app\/uploads\/2019\/12\/logomio.png\",\"width\":115,\"height\":82,\"caption\":\"MioMio Run\"},\"image\":{\"@id\":\"https:\/\/www.miomiorun.com\/es\/#\/schema\/logo\/image\/\"},\"sameAs\":[\"https:\/\/www.facebook.com\/miomiorun\/\",\"https:\/\/www.instagram.com\/miomiorun\/\"]}]}<\/script>\n<!-- \/ Yoast SEO plugin. -->","yoast_head_json":{"title":"Montura Sarzana Short mujer - Carrera corta MioMioRun","description":"Piel siempre seca durante las excursiones de verano. Estos pantalones cortos est\u00e1n confeccionados en nailon el\u00e1stico en cuatro direcciones","robots":{"index":"index","follow":"follow","max-snippet":"max-snippet:-1","max-image-preview":"max-image-preview:large","max-video-preview":"max-video-preview:-1"},"canonical":"https:\/\/www.miomiorun.com\/es\/producto\/sarzana-short-mujer\/","og_locale":"es_ES","og_type":"article","og_title":"Montura Sarzana Short mujer - Carrera corta MioMioRun","og_description":"Piel siempre seca durante las excursiones de verano. Estos pantalones cortos est\u00e1n confeccionados en nailon el\u00e1stico en cuatro direcciones","og_url":"https:\/\/www.miomiorun.com\/es\/producto\/sarzana-short-mujer\/","og_site_name":"MioMioRun","article_publisher":"https:\/\/www.facebook.com\/miomiorun\/","article_modified_time":"2026-05-08T16:58:43+00:00","og_image":[{"width":600,"height":600,"url":"https:\/\/www.miomiorun.com\/app\/uploads\/2024\/04\/Montura-Sarzana-short-W-ardesia-MPSG55W-91.webp","type":"image\/webp"}],"twitter_card":"summary_large_image","twitter_misc":{"Est. reading time":"1 minute"},"schema":{"@context":"https:\/\/schema.org","@graph":[{"@type":"WebPage","@id":"https:\/\/www.miomiorun.com\/es\/producto\/sarzana-short-mujer\/","url":"https:\/\/www.miomiorun.com\/es\/producto\/sarzana-short-mujer\/","name":"Montura Sarzana Short mujer - Carrera corta MioMioRun","isPartOf":{"@id":"https:\/\/www.miomiorun.com\/es\/#website"},"primaryImageOfPage":{"@id":"https:\/\/www.miomiorun.com\/es\/producto\/sarzana-short-mujer\/#primaryimage"},"image":{"@id":"https:\/\/www.miomiorun.com\/es\/producto\/sarzana-short-mujer\/#primaryimage"},"thumbnailUrl":"https:\/\/www.miomiorun.com\/app\/uploads\/2024\/04\/Montura-Sarzana-short-W-ardesia-MPSG55W-91.webp","datePublished":"2024-04-18T11:06:40+00:00","dateModified":"2026-05-08T16:58:43+00:00","description":"Piel siempre seca durante las excursiones de verano. Estos pantalones cortos est\u00e1n confeccionados en nailon el\u00e1stico en cuatro direcciones","breadcrumb":{"@id":"https:\/\/www.miomiorun.com\/es\/producto\/sarzana-short-mujer\/#breadcrumb"},"inLanguage":"es-ES","potentialAction":[{"@type":"ReadAction","target":["https:\/\/www.miomiorun.com\/es\/producto\/sarzana-short-mujer\/"]}]},{"@type":"ImageObject","inLanguage":"es-ES","@id":"https:\/\/www.miomiorun.com\/es\/producto\/sarzana-short-mujer\/#primaryimage","url":"https:\/\/www.miomiorun.com\/app\/uploads\/2024\/04\/Montura-Sarzana-short-W-ardesia-MPSG55W-91.webp","contentUrl":"https:\/\/www.miomiorun.com\/app\/uploads\/2024\/04\/Montura-Sarzana-short-W-ardesia-MPSG55W-91.webp","width":600,"height":600,"caption":"Montura Sarzana short W ardesia MPSG55W 91"},{"@type":"BreadcrumbList","@id":"https:\/\/www.miomiorun.com\/es\/producto\/sarzana-short-mujer\/#breadcrumb","itemListElement":[{"@type":"ListItem","position":1,"name":"Home","item":"https:\/\/www.miomiorun.com\/es\/"},{"@type":"ListItem","position":2,"name":"Shop","item":"https:\/\/www.miomiorun.com\/shop\/"},{"@type":"ListItem","position":3,"name":"Sarzana Short mujer"}]},{"@type":"WebSite","@id":"https:\/\/www.miomiorun.com\/es\/#website","url":"https:\/\/www.miomiorun.com\/es\/","name":"MioMioRun","description":"Tienda 100% running y trail","publisher":{"@id":"https:\/\/www.miomiorun.com\/es\/#organization"},"potentialAction":[{"@type":"SearchAction","target":{"@type":"EntryPoint","urlTemplate":"https:\/\/www.miomiorun.com\/es\/?s={search_term_string}"},"query-input":{"@type":"PropertyValueSpecification","valueRequired":true,"valueName":"search_term_string"}}],"inLanguage":"es-ES"},{"@type":"Organization","@id":"https:\/\/www.miomiorun.com\/es\/#organization","name":"MioMio Run","url":"https:\/\/www.miomiorun.com\/es\/","logo":{"@type":"ImageObject","inLanguage":"es-ES","@id":"https:\/\/www.miomiorun.com\/es\/#\/schema\/logo\/image\/","url":"https:\/\/www.miomiorun.com\/app\/uploads\/2019\/12\/logomio.png","contentUrl":"https:\/\/www.miomiorun.com\/app\/uploads\/2019\/12\/logomio.png","width":115,"height":82,"caption":"MioMio Run"},"image":{"@id":"https:\/\/www.miomiorun.com\/es\/#\/schema\/logo\/image\/"},"sameAs":["https:\/\/www.facebook.com\/miomiorun\/","https:\/\/www.instagram.com\/miomiorun\/"]}]}},"_links":{"self":[{"href":"https:\/\/www.miomiorun.com\/es\/wp-json\/wp\/v2\/product\/291645","targetHints":{"allow":["GET"]}}],"collection":[{"href":"https:\/\/www.miomiorun.com\/es\/wp-json\/wp\/v2\/product"}],"about":[{"href":"https:\/\/www.miomiorun.com\/es\/wp-json\/wp\/v2\/types\/product"}],"wp:featuredmedia":[{"embeddable":true,"href":"https:\/\/www.miomiorun.com\/es\/wp-json\/wp\/v2\/media\/246691"}],"wp:attachment":[{"href":"https:\/\/www.miomiorun.com\/es\/wp-json\/wp\/v2\/media?parent=291645"}],"wp:term":[{"taxonomy":"product_brand","embeddable":true,"href":"https:\/\/www.miomiorun.com\/es\/wp-json\/wp\/v2\/product_brand?post=291645"},{"taxonomy":"product_cat","embeddable":true,"href":"https:\/\/www.miomiorun.com\/es\/wp-json\/wp\/v2\/product_cat?post=291645"},{"taxonomy":"product_tag","embeddable":true,"href":"https:\/\/www.miomiorun.com\/es\/wp-json\/wp\/v2\/product_tag?post=291645"}],"curies":[{"name":"wp","href":"https:\/\/api.w.org\/{rel}","templated":true}]}}