{"id":291602,"date":"2024-04-18T13:42:50","date_gmt":"2024-04-18T11:42:50","guid":{"rendered":"https:\/\/miomiorun.com\/prodotto\/sptize-hybrid-jacket-donna\/"},"modified":"2026-05-07T17:07:10","modified_gmt":"2026-05-07T15:07:10","slug":"sptize-hybrid-jacket-mujer","status":"publish","type":"product","link":"https:\/\/www.miomiorun.com\/es\/producto\/sptize-hybrid-jacket-mujer\/","title":{"rendered":"Sptize Hybrid Jacket mujer"},"content":{"rendered":"<div class=\"product-attribute product-attribute-passion\"><strong>Chaqueta Spitze Hybrid<\/strong> para mujer: c\u00e1lida y resistente, ideal para los deportes de monta\u00f1a. Cortavientos y transpirable, esta chaqueta con capucha de nailon el\u00e1stico en cuatro direcciones te ofrece la m\u00e1xima libertad de movimiento mientras esqu\u00edas y practicas deportes de monta\u00f1a.<\/div>\n<div><\/div>\n<div class=\"product-attribute product-attribute-passion\">El tratamiento <strong>DWR<\/strong> te protege de la lluvia ligera, el polvo y la suciedad. La parte superior de <strong>Cordura\u00ae<\/strong> de una sola capa con membrana Pro-Meteo resiste las abrasiones mientras exploras la naturaleza. Parcialmente forrada con tejido con tecnolog\u00eda <strong>OCTA\u00ae<\/strong>, esta chaqueta aislante de secado r\u00e1pido te mantiene abrigada sin a\u00f1adir peso. El forro polar el\u00e1stico en contraste a\u00f1ade un toque de estilo a tus aventuras, mientras que los bolsillos para las manos y en el pecho con cremallera te permiten llevar contigo objetos peque\u00f1os como el tel\u00e9fono y algo para picar.<\/div>\n<div><\/div>\n<div class=\"product-attribute product-attribute-passion\" style=\"text-align: center\">\n<p><strong>La chaqueta Spitze Hybrid para mujer es una prenda vers\u00e1til que puedes llevar todo el a\u00f1o, perfecta para escalar en d\u00edas fr\u00edos y para excursiones de verano a gran altitud.<\/strong><\/p>\n<h3 style=\"text-align: left\">Caracter\u00edsticas:<\/h3>\n<ul class=\"tw-list-disc\" style=\"text-align: left\">\n<li class=\"tw-text-xs\">Chaqueta de mujer con capucha<\/li>\n<li class=\"tw-text-xs\">Tejido de nailon el\u00e1stico DWR con estructura de doble tejido en relieve, resistente a desgarros y abrasiones<\/li>\n<li class=\"tw-text-xs\">Cuello y parte superior de las mangas en tejido de nailon DWR Cordura\u00ae con construcci\u00f3n double-ripstop<\/li>\n<li class=\"tw-text-xs\">Contraste en tejido polar el\u00e1stico<\/li>\n<li class=\"tw-text-xs\">Parcialmente forrada con tejido 100 % poli\u00e9ster OCTA\u00ae<\/li>\n<li class=\"tw-text-xs\">Cierre de cremallera en el centro delantero, bolsillos laterales con cremallera, bolsillos en el pecho con cremallera<\/li>\n<li class=\"tw-text-xs\">Pu\u00f1os y bajo con acabado el\u00e1stico<\/li>\n<li class=\"tw-text-xs\">Pu\u00f1os con orificio para el pulgar<\/li>\n<li class=\"tw-text-xs\">Prenda ideal para escalada y diversas actividades al aire libre<\/li>\n<li class=\"tw-text-xs\">Peso: 280,0 g<\/li>\n<\/ul>\n<p style=\"text-align: left\">\n<\/div>\n<p>&nbsp;<\/p>\n<div class=\"content__image-wrapper tw-w-fit\">\n<div class=\"content__image tw-relative tw-w-[5rem]\"><img loading=\"lazy\" decoding=\"async\" class=\"tw-absolute tw-top-0 tw-left-0 tw-w-full tw-h-full\" src=\"https:\/\/www.montura.com\/cdn\/shop\/files\/004_Breathable_Black.svg?v=1709125473&amp;width=200\" alt=\"\" width=\"102\" height=\"102\"><strong> &nbsp; TRANSPIRABLE :&nbsp;<\/strong>Esta prenda, gracias a sus tejidos transpirables, favorece la transpiraci\u00f3n natural de la piel, manteniendo el cuerpo siempre a la temperatura \u00f3ptima.<\/div>\n<\/div>\n<div><\/div>\n<div><\/div>\n<div><\/div>\n<div><\/div>\n<div><\/div>\n<div class=\"product-attribute product-attribute-passion\">\n<div class=\"product info detailed\">\n<div class=\"product data items\" role=\"tablist\">\n<div class=\"content__image-wrapper tw-w-fit\">\n<div class=\"content__image tw-relative tw-w-[5rem]\"><img loading=\"lazy\" decoding=\"async\" class=\"tw-absolute tw-top-0 tw-left-0 tw-w-full tw-h-full\" src=\"https:\/\/www.montura.com\/cdn\/shop\/files\/003_Windproof_Black.svg?v=1709125529&amp;width=200\" alt=\"\" width=\"102\" height=\"102\"> &nbsp; <strong>CORTAVIENTO :&nbsp;<\/strong>El tejido impide que penetre el viento, reduciendo el riesgo de enfriamiento.<\/div>\n<\/div>\n<\/div>\n<\/div>\n<\/div>\n<div><\/div>\n<div><\/div>\n<h3>Ideal para :<\/h3>\n<div class=\"content__image-wrapper tw-w-fit\">\n<div class=\"content__image tw-relative tw-w-[5rem]\"><\/div>\n<\/div>\n<div><\/div>\n<div><\/div>\n<div>\n<div class=\"content__image-wrapper tw-w-fit\">\n<div class=\"content__image tw-relative tw-w-[5rem]\"><img loading=\"lazy\" decoding=\"async\" class=\"tw-absolute tw-top-0 tw-left-0 tw-w-full tw-h-full\" src=\"https:\/\/www.montura.com\/cdn\/shop\/files\/019_Climbing_Black.svg?v=1709126445&amp;width=200\" alt=\"\" width=\"102\" height=\"135\">&nbsp; <strong>ESCALADA<\/strong><\/div>\n<\/div>\n<\/div>\n<div><\/div>\n<div><\/div>\n<div><\/div>\n<div>\n<div class=\"content__image-wrapper tw-w-fit\">\n<div class=\"content__image tw-relative tw-w-[5rem]\">\n<div class=\"content__image-wrapper tw-w-fit\">\n<div class=\"content__image tw-relative tw-w-[5rem]\"><img loading=\"lazy\" decoding=\"async\" class=\"tw-absolute tw-top-0 tw-left-0 tw-w-full tw-h-full\" src=\"https:\/\/www.montura.com\/cdn\/shop\/files\/018_Mountaineering_Black.svg?v=1709126427&amp;width=200\" alt=\"\" width=\"103\" height=\"103\"><strong>ALPINISMO<\/strong><\/div>\n<\/div>\n<\/div>\n<\/div>\n<\/div>\n","protected":false},"excerpt":{"rendered":"<ul>\n<li>Chaqueta ideal para tus excursiones por la monta\u00f1a.<\/li>\n<li>Ofrece una excelente protecci\u00f3n contra la lluvia ligera y el viento.<\/li>\n<\/ul>\n","protected":false},"featured_media":246699,"template":"","meta":{"_acf_changed":false,"inline_featured_image":false},"product_brand":[],"product_cat":[24398,24401,24402],"product_tag":[23513,23631],"class_list":{"0":"post-291602","1":"product","2":"type-product","3":"status-publish","4":"has-post-thumbnail","6":"product_cat-chaquetas","7":"product_cat-ropa-de-mujer","8":"product_cat-mujer","9":"product_tag-montura-es","10":"product_tag-montura-mujer","11":"pa_attivita-caminar","12":"pa_attivita-outdoor-es","13":"pa_colore-sptize-hybrid-jacket-w-vinaccia-light-ro-es","14":"pa_marca-montura-es","15":"pa_sesso-mujer","16":"pa_size-medium-es","17":"pa_size-large-es","19":"first","20":"instock","21":"sale","22":"taxable","23":"shipping-taxable","24":"purchasable","25":"product-type-variable","26":"wvs-archive-product-wrapper"},"acf":[],"yoast_head":"<!-- This site is optimized with the Yoast SEO plugin v26.8 - https:\/\/yoast.com\/product\/yoast-seo-wordpress\/ -->\n<title>Montura Sptize Hybrid Jacket mujer - chaqueta de verano - MioMioRun<\/title>\n<meta name=\"description\" content=\"c\u00e1lida y resistente, ideal para los deportes de monta\u00f1a. Cortavientos y transpirable, con capucha de nailon el\u00e1stico en cuatro direcciones\" \/>\n<meta name=\"robots\" content=\"index, follow, max-snippet:-1, max-image-preview:large, max-video-preview:-1\" \/>\n<link rel=\"canonical\" href=\"https:\/\/www.miomiorun.com\/es\/producto\/sptize-hybrid-jacket-mujer\/\" \/>\n<meta property=\"og:locale\" content=\"es_ES\" \/>\n<meta property=\"og:type\" content=\"article\" \/>\n<meta property=\"og:title\" content=\"Montura Sptize Hybrid Jacket mujer - chaqueta de verano - MioMioRun\" \/>\n<meta property=\"og:description\" content=\"c\u00e1lida y resistente, ideal para los deportes de monta\u00f1a. Cortavientos y transpirable, con capucha de nailon el\u00e1stico en cuatro direcciones\" \/>\n<meta property=\"og:url\" content=\"https:\/\/www.miomiorun.com\/es\/producto\/sptize-hybrid-jacket-mujer\/\" \/>\n<meta property=\"og:site_name\" content=\"MioMioRun\" \/>\n<meta property=\"article:publisher\" content=\"https:\/\/www.facebook.com\/miomiorun\/\" \/>\n<meta property=\"article:modified_time\" content=\"2026-05-07T15:07:10+00:00\" \/>\n<meta property=\"og:image\" content=\"https:\/\/www.miomiorun.com\/app\/uploads\/2024\/04\/Montura-Sptize-hybrid-jacket-W-vinaccia-light-ro-MJAF53W-1401.webp\" \/>\n\t<meta property=\"og:image:width\" content=\"600\" \/>\n\t<meta property=\"og:image:height\" content=\"600\" \/>\n\t<meta property=\"og:image:type\" content=\"image\/webp\" \/>\n<meta name=\"twitter:card\" content=\"summary_large_image\" \/>\n<meta name=\"twitter:label1\" content=\"Est. reading time\" \/>\n\t<meta name=\"twitter:data1\" content=\"2 minutes\" \/>\n<script type=\"application\/ld+json\" class=\"yoast-schema-graph\">{\"@context\":\"https:\/\/schema.org\",\"@graph\":[{\"@type\":\"WebPage\",\"@id\":\"https:\/\/www.miomiorun.com\/es\/producto\/sptize-hybrid-jacket-mujer\/\",\"url\":\"https:\/\/www.miomiorun.com\/es\/producto\/sptize-hybrid-jacket-mujer\/\",\"name\":\"Montura Sptize Hybrid Jacket mujer - chaqueta de verano - MioMioRun\",\"isPartOf\":{\"@id\":\"https:\/\/www.miomiorun.com\/es\/#website\"},\"primaryImageOfPage\":{\"@id\":\"https:\/\/www.miomiorun.com\/es\/producto\/sptize-hybrid-jacket-mujer\/#primaryimage\"},\"image\":{\"@id\":\"https:\/\/www.miomiorun.com\/es\/producto\/sptize-hybrid-jacket-mujer\/#primaryimage\"},\"thumbnailUrl\":\"https:\/\/www.miomiorun.com\/app\/uploads\/2024\/04\/Montura-Sptize-hybrid-jacket-W-vinaccia-light-ro-MJAF53W-1401.webp\",\"datePublished\":\"2024-04-18T11:42:50+00:00\",\"dateModified\":\"2026-05-07T15:07:10+00:00\",\"description\":\"c\u00e1lida y resistente, ideal para los deportes de monta\u00f1a. Cortavientos y transpirable, con capucha de nailon el\u00e1stico en cuatro direcciones\",\"breadcrumb\":{\"@id\":\"https:\/\/www.miomiorun.com\/es\/producto\/sptize-hybrid-jacket-mujer\/#breadcrumb\"},\"inLanguage\":\"es-ES\",\"potentialAction\":[{\"@type\":\"ReadAction\",\"target\":[\"https:\/\/www.miomiorun.com\/es\/producto\/sptize-hybrid-jacket-mujer\/\"]}]},{\"@type\":\"ImageObject\",\"inLanguage\":\"es-ES\",\"@id\":\"https:\/\/www.miomiorun.com\/es\/producto\/sptize-hybrid-jacket-mujer\/#primaryimage\",\"url\":\"https:\/\/www.miomiorun.com\/app\/uploads\/2024\/04\/Montura-Sptize-hybrid-jacket-W-vinaccia-light-ro-MJAF53W-1401.webp\",\"contentUrl\":\"https:\/\/www.miomiorun.com\/app\/uploads\/2024\/04\/Montura-Sptize-hybrid-jacket-W-vinaccia-light-ro-MJAF53W-1401.webp\",\"width\":600,\"height\":600,\"caption\":\"Montura Sptize hybrid jacket W vinaccia light ro MJAF53W 1401\"},{\"@type\":\"BreadcrumbList\",\"@id\":\"https:\/\/www.miomiorun.com\/es\/producto\/sptize-hybrid-jacket-mujer\/#breadcrumb\",\"itemListElement\":[{\"@type\":\"ListItem\",\"position\":1,\"name\":\"Home\",\"item\":\"https:\/\/www.miomiorun.com\/es\/\"},{\"@type\":\"ListItem\",\"position\":2,\"name\":\"Shop\",\"item\":\"https:\/\/www.miomiorun.com\/shop\/\"},{\"@type\":\"ListItem\",\"position\":3,\"name\":\"Sptize Hybrid Jacket mujer\"}]},{\"@type\":\"WebSite\",\"@id\":\"https:\/\/www.miomiorun.com\/es\/#website\",\"url\":\"https:\/\/www.miomiorun.com\/es\/\",\"name\":\"MioMioRun\",\"description\":\"Tienda 100% running y trail\",\"publisher\":{\"@id\":\"https:\/\/www.miomiorun.com\/es\/#organization\"},\"potentialAction\":[{\"@type\":\"SearchAction\",\"target\":{\"@type\":\"EntryPoint\",\"urlTemplate\":\"https:\/\/www.miomiorun.com\/es\/?s={search_term_string}\"},\"query-input\":{\"@type\":\"PropertyValueSpecification\",\"valueRequired\":true,\"valueName\":\"search_term_string\"}}],\"inLanguage\":\"es-ES\"},{\"@type\":\"Organization\",\"@id\":\"https:\/\/www.miomiorun.com\/es\/#organization\",\"name\":\"MioMio Run\",\"url\":\"https:\/\/www.miomiorun.com\/es\/\",\"logo\":{\"@type\":\"ImageObject\",\"inLanguage\":\"es-ES\",\"@id\":\"https:\/\/www.miomiorun.com\/es\/#\/schema\/logo\/image\/\",\"url\":\"https:\/\/www.miomiorun.com\/app\/uploads\/2019\/12\/logomio.png\",\"contentUrl\":\"https:\/\/www.miomiorun.com\/app\/uploads\/2019\/12\/logomio.png\",\"width\":115,\"height\":82,\"caption\":\"MioMio Run\"},\"image\":{\"@id\":\"https:\/\/www.miomiorun.com\/es\/#\/schema\/logo\/image\/\"},\"sameAs\":[\"https:\/\/www.facebook.com\/miomiorun\/\",\"https:\/\/www.instagram.com\/miomiorun\/\"]}]}<\/script>\n<!-- \/ Yoast SEO plugin. -->","yoast_head_json":{"title":"Montura Sptize Hybrid Jacket mujer - chaqueta de verano - MioMioRun","description":"c\u00e1lida y resistente, ideal para los deportes de monta\u00f1a. Cortavientos y transpirable, con capucha de nailon el\u00e1stico en cuatro direcciones","robots":{"index":"index","follow":"follow","max-snippet":"max-snippet:-1","max-image-preview":"max-image-preview:large","max-video-preview":"max-video-preview:-1"},"canonical":"https:\/\/www.miomiorun.com\/es\/producto\/sptize-hybrid-jacket-mujer\/","og_locale":"es_ES","og_type":"article","og_title":"Montura Sptize Hybrid Jacket mujer - chaqueta de verano - MioMioRun","og_description":"c\u00e1lida y resistente, ideal para los deportes de monta\u00f1a. Cortavientos y transpirable, con capucha de nailon el\u00e1stico en cuatro direcciones","og_url":"https:\/\/www.miomiorun.com\/es\/producto\/sptize-hybrid-jacket-mujer\/","og_site_name":"MioMioRun","article_publisher":"https:\/\/www.facebook.com\/miomiorun\/","article_modified_time":"2026-05-07T15:07:10+00:00","og_image":[{"width":600,"height":600,"url":"https:\/\/www.miomiorun.com\/app\/uploads\/2024\/04\/Montura-Sptize-hybrid-jacket-W-vinaccia-light-ro-MJAF53W-1401.webp","type":"image\/webp"}],"twitter_card":"summary_large_image","twitter_misc":{"Est. reading time":"2 minutes"},"schema":{"@context":"https:\/\/schema.org","@graph":[{"@type":"WebPage","@id":"https:\/\/www.miomiorun.com\/es\/producto\/sptize-hybrid-jacket-mujer\/","url":"https:\/\/www.miomiorun.com\/es\/producto\/sptize-hybrid-jacket-mujer\/","name":"Montura Sptize Hybrid Jacket mujer - chaqueta de verano - MioMioRun","isPartOf":{"@id":"https:\/\/www.miomiorun.com\/es\/#website"},"primaryImageOfPage":{"@id":"https:\/\/www.miomiorun.com\/es\/producto\/sptize-hybrid-jacket-mujer\/#primaryimage"},"image":{"@id":"https:\/\/www.miomiorun.com\/es\/producto\/sptize-hybrid-jacket-mujer\/#primaryimage"},"thumbnailUrl":"https:\/\/www.miomiorun.com\/app\/uploads\/2024\/04\/Montura-Sptize-hybrid-jacket-W-vinaccia-light-ro-MJAF53W-1401.webp","datePublished":"2024-04-18T11:42:50+00:00","dateModified":"2026-05-07T15:07:10+00:00","description":"c\u00e1lida y resistente, ideal para los deportes de monta\u00f1a. Cortavientos y transpirable, con capucha de nailon el\u00e1stico en cuatro direcciones","breadcrumb":{"@id":"https:\/\/www.miomiorun.com\/es\/producto\/sptize-hybrid-jacket-mujer\/#breadcrumb"},"inLanguage":"es-ES","potentialAction":[{"@type":"ReadAction","target":["https:\/\/www.miomiorun.com\/es\/producto\/sptize-hybrid-jacket-mujer\/"]}]},{"@type":"ImageObject","inLanguage":"es-ES","@id":"https:\/\/www.miomiorun.com\/es\/producto\/sptize-hybrid-jacket-mujer\/#primaryimage","url":"https:\/\/www.miomiorun.com\/app\/uploads\/2024\/04\/Montura-Sptize-hybrid-jacket-W-vinaccia-light-ro-MJAF53W-1401.webp","contentUrl":"https:\/\/www.miomiorun.com\/app\/uploads\/2024\/04\/Montura-Sptize-hybrid-jacket-W-vinaccia-light-ro-MJAF53W-1401.webp","width":600,"height":600,"caption":"Montura Sptize hybrid jacket W vinaccia light ro MJAF53W 1401"},{"@type":"BreadcrumbList","@id":"https:\/\/www.miomiorun.com\/es\/producto\/sptize-hybrid-jacket-mujer\/#breadcrumb","itemListElement":[{"@type":"ListItem","position":1,"name":"Home","item":"https:\/\/www.miomiorun.com\/es\/"},{"@type":"ListItem","position":2,"name":"Shop","item":"https:\/\/www.miomiorun.com\/shop\/"},{"@type":"ListItem","position":3,"name":"Sptize Hybrid Jacket mujer"}]},{"@type":"WebSite","@id":"https:\/\/www.miomiorun.com\/es\/#website","url":"https:\/\/www.miomiorun.com\/es\/","name":"MioMioRun","description":"Tienda 100% running y trail","publisher":{"@id":"https:\/\/www.miomiorun.com\/es\/#organization"},"potentialAction":[{"@type":"SearchAction","target":{"@type":"EntryPoint","urlTemplate":"https:\/\/www.miomiorun.com\/es\/?s={search_term_string}"},"query-input":{"@type":"PropertyValueSpecification","valueRequired":true,"valueName":"search_term_string"}}],"inLanguage":"es-ES"},{"@type":"Organization","@id":"https:\/\/www.miomiorun.com\/es\/#organization","name":"MioMio Run","url":"https:\/\/www.miomiorun.com\/es\/","logo":{"@type":"ImageObject","inLanguage":"es-ES","@id":"https:\/\/www.miomiorun.com\/es\/#\/schema\/logo\/image\/","url":"https:\/\/www.miomiorun.com\/app\/uploads\/2019\/12\/logomio.png","contentUrl":"https:\/\/www.miomiorun.com\/app\/uploads\/2019\/12\/logomio.png","width":115,"height":82,"caption":"MioMio Run"},"image":{"@id":"https:\/\/www.miomiorun.com\/es\/#\/schema\/logo\/image\/"},"sameAs":["https:\/\/www.facebook.com\/miomiorun\/","https:\/\/www.instagram.com\/miomiorun\/"]}]}},"_links":{"self":[{"href":"https:\/\/www.miomiorun.com\/es\/wp-json\/wp\/v2\/product\/291602","targetHints":{"allow":["GET"]}}],"collection":[{"href":"https:\/\/www.miomiorun.com\/es\/wp-json\/wp\/v2\/product"}],"about":[{"href":"https:\/\/www.miomiorun.com\/es\/wp-json\/wp\/v2\/types\/product"}],"wp:featuredmedia":[{"embeddable":true,"href":"https:\/\/www.miomiorun.com\/es\/wp-json\/wp\/v2\/media\/246699"}],"wp:attachment":[{"href":"https:\/\/www.miomiorun.com\/es\/wp-json\/wp\/v2\/media?parent=291602"}],"wp:term":[{"taxonomy":"product_brand","embeddable":true,"href":"https:\/\/www.miomiorun.com\/es\/wp-json\/wp\/v2\/product_brand?post=291602"},{"taxonomy":"product_cat","embeddable":true,"href":"https:\/\/www.miomiorun.com\/es\/wp-json\/wp\/v2\/product_cat?post=291602"},{"taxonomy":"product_tag","embeddable":true,"href":"https:\/\/www.miomiorun.com\/es\/wp-json\/wp\/v2\/product_tag?post=291602"}],"curies":[{"name":"wp","href":"https:\/\/api.w.org\/{rel}","templated":true}]}}