{"id":291597,"date":"2024-04-18T14:17:38","date_gmt":"2024-04-18T12:17:38","guid":{"rendered":"https:\/\/miomiorun.com\/prodotto\/mountain-trek-pants-uomo\/"},"modified":"2026-05-07T17:08:49","modified_gmt":"2026-05-07T15:08:49","slug":"mountain-trek-pants-hombre","status":"publish","type":"product","link":"https:\/\/www.miomiorun.com\/es\/producto\/mountain-trek-pants-hombre\/","title":{"rendered":"Mountain Trek Pants mujer"},"content":{"rendered":"<p>Pantalones <strong>Mountain Trek<\/strong> para hombre: c\u00f3modos y el\u00e1sticos, ideales para el senderismo. Gracias a la cintura el\u00e1stica con presillas que garantiza un ajuste siempre perfecto, con estos pantalones podr\u00e1s afrontar cualquier ruta con la m\u00e1xima comodidad.<\/p>\n<p>En los d\u00edas m\u00e1s calurosos, el tejido transpirable absorbe y aleja el sudor de la piel, ayud\u00e1ndote a mantener la temperatura corporal bajo control. Los dos bolsillos laterales abiertos y el bolsillo trasero con cremallera te ofrecen todo el espacio necesario para guardar tus objetos personales de forma segura.<\/p>\n<p style=\"text-align: center\"><strong>Tanto si te vas de excursi\u00f3n un fin de semana como si te embarcas en un trekking m\u00e1s largo, los pantalones Mountain Trek para hombre est\u00e1n listos para acompa\u00f1arte.&nbsp;<\/strong><\/p>\n<p>&nbsp;<\/p>\n<p><strong>Caracter\u00edsticas:<\/strong><\/p>\n<ul class=\"tw-list-disc\">\n<li class=\"tw-text-xs\">Pantal\u00f3n largo para hombre<\/li>\n<li class=\"tw-text-xs\">Tejido de nailon el\u00e1stico<\/li>\n<li class=\"tw-text-xs\">Cintura con el\u00e1stico y presillas, cierre con bot\u00f3n y cremallera<\/li>\n<li class=\"tw-text-xs\">Bolsillos laterales con cremallera, bolsillo trasero con cremallera<\/li>\n<li class=\"tw-text-xs\">Prenda ideal para diversas actividades al aire libre y de ocio<\/li>\n<li class=\"tw-text-xs\">Peso: 240,0 g<\/li>\n<\/ul>\n<p>&nbsp;<\/p>\n<div class=\"content__image-wrapper tw-w-fit\">\n<div class=\"content__image tw-relative tw-w-[5rem]\"><img loading=\"lazy\" decoding=\"async\" class=\"tw-absolute tw-top-0 tw-left-0 tw-w-full tw-h-full\" src=\"https:\/\/www.montura.com\/cdn\/shop\/files\/004_Breathable_Black.svg?v=1709125473&amp;width=200\" alt=\"\" width=\"102\" height=\"102\"> &nbsp; <strong>TRANSPIRABLE:&nbsp;<\/strong>Gracias a sus tejidos transpirables, esta prenda favorece la transpiraci\u00f3n natural de la piel, manteniendo el cuerpo siempre a la temperatura \u00f3ptima.<\/div>\n<\/div>\n<div><\/div>\n<div><\/div>\n<div><\/div>\n<div><\/div>\n<div><\/div>\n<h3>Ideal para:<\/h3>\n<p>&nbsp;<\/p>\n<div class=\"content__image-wrapper tw-w-fit\">\n<div class=\"content__image tw-relative tw-w-[5rem]\"><img loading=\"lazy\" decoding=\"async\" class=\"tw-absolute tw-top-0 tw-left-0 tw-w-full tw-h-full\" src=\"https:\/\/www.montura.com\/cdn\/shop\/files\/017_TrekkingHiking_Black.svg?v=1709126467&amp;width=200\" alt=\"\" width=\"102\" height=\"102\"> &nbsp; <strong>SENDERISMO \/ EXCURSIONISMO<\/strong><\/div>\n<\/div>\n","protected":false},"excerpt":{"rendered":"<ul>\n<li>Pantal\u00f3n largo de verano.<\/li>\n<li>Ideal para actividades al aire libre en la monta\u00f1a.<\/li>\n<\/ul>\n","protected":false},"featured_media":246703,"template":"","meta":{"_acf_changed":false,"inline_featured_image":false},"product_brand":[],"product_cat":[24456,24463],"product_tag":[23513,23592],"class_list":{"0":"post-291597","1":"product","2":"type-product","3":"status-publish","4":"has-post-thumbnail","6":"product_cat-pantalones-largos-es-2","7":"product_cat-ropa-de-hombre-es","8":"product_tag-montura-es","9":"product_tag-montura-hombre","10":"pa_attivita-caminar","11":"pa_attivita-outdoor-es","12":"pa_colore-mountain-trek-pants-nero-es","13":"pa_marca-montura-es","14":"pa_sesso-hombre","15":"pa_size-small-es","16":"pa_size-large-es","17":"pa_size-extra-large-es","19":"first","20":"instock","21":"sale","22":"taxable","23":"shipping-taxable","24":"purchasable","25":"product-type-variable","26":"wvs-archive-product-wrapper"},"acf":[],"yoast_head":"<!-- This site is optimized with the Yoast SEO plugin v26.8 - https:\/\/yoast.com\/product\/yoast-seo-wordpress\/ -->\n<title>Montura Mountain Trek Pants mujer - pantal\u00f3n de monta\u00f1a - MioMioRun<\/title>\n<meta name=\"description\" content=\"Pantalones Mountain Trek para hombre: c\u00f3modos y el\u00e1sticos, ideales para el senderismo. Gracias a su cintura el\u00e1stica, que garantiza un ajuste perfecto\" \/>\n<meta name=\"robots\" content=\"index, follow, max-snippet:-1, max-image-preview:large, max-video-preview:-1\" \/>\n<link rel=\"canonical\" href=\"https:\/\/www.miomiorun.com\/es\/producto\/mountain-trek-pants-hombre\/\" \/>\n<meta property=\"og:locale\" content=\"es_ES\" \/>\n<meta property=\"og:type\" content=\"article\" \/>\n<meta property=\"og:title\" content=\"Montura Mountain Trek Pants mujer - pantal\u00f3n de monta\u00f1a - MioMioRun\" \/>\n<meta property=\"og:description\" content=\"Pantalones Mountain Trek para hombre: c\u00f3modos y el\u00e1sticos, ideales para el senderismo. Gracias a su cintura el\u00e1stica, que garantiza un ajuste perfecto\" \/>\n<meta property=\"og:url\" content=\"https:\/\/www.miomiorun.com\/es\/producto\/mountain-trek-pants-hombre\/\" \/>\n<meta property=\"og:site_name\" content=\"MioMioRun\" \/>\n<meta property=\"article:publisher\" content=\"https:\/\/www.facebook.com\/miomiorun\/\" \/>\n<meta property=\"article:modified_time\" content=\"2026-05-07T15:08:49+00:00\" \/>\n<meta property=\"og:image\" content=\"https:\/\/www.miomiorun.com\/app\/uploads\/2024\/04\/Montura-Mountain-trek-pants-nero-MPLA64X-90.webp\" \/>\n\t<meta property=\"og:image:width\" content=\"600\" \/>\n\t<meta property=\"og:image:height\" content=\"600\" \/>\n\t<meta property=\"og:image:type\" content=\"image\/webp\" \/>\n<meta name=\"twitter:card\" content=\"summary_large_image\" \/>\n<meta name=\"twitter:label1\" content=\"Est. reading time\" \/>\n\t<meta name=\"twitter:data1\" content=\"1 minute\" \/>\n<script type=\"application\/ld+json\" class=\"yoast-schema-graph\">{\"@context\":\"https:\/\/schema.org\",\"@graph\":[{\"@type\":\"WebPage\",\"@id\":\"https:\/\/www.miomiorun.com\/es\/producto\/mountain-trek-pants-hombre\/\",\"url\":\"https:\/\/www.miomiorun.com\/es\/producto\/mountain-trek-pants-hombre\/\",\"name\":\"Montura Mountain Trek Pants mujer - pantal\u00f3n de monta\u00f1a - MioMioRun\",\"isPartOf\":{\"@id\":\"https:\/\/www.miomiorun.com\/es\/#website\"},\"primaryImageOfPage\":{\"@id\":\"https:\/\/www.miomiorun.com\/es\/producto\/mountain-trek-pants-hombre\/#primaryimage\"},\"image\":{\"@id\":\"https:\/\/www.miomiorun.com\/es\/producto\/mountain-trek-pants-hombre\/#primaryimage\"},\"thumbnailUrl\":\"https:\/\/www.miomiorun.com\/app\/uploads\/2024\/04\/Montura-Mountain-trek-pants-nero-MPLA64X-90.webp\",\"datePublished\":\"2024-04-18T12:17:38+00:00\",\"dateModified\":\"2026-05-07T15:08:49+00:00\",\"description\":\"Pantalones Mountain Trek para hombre: c\u00f3modos y el\u00e1sticos, ideales para el senderismo. Gracias a su cintura el\u00e1stica, que garantiza un ajuste perfecto\",\"breadcrumb\":{\"@id\":\"https:\/\/www.miomiorun.com\/es\/producto\/mountain-trek-pants-hombre\/#breadcrumb\"},\"inLanguage\":\"es-ES\",\"potentialAction\":[{\"@type\":\"ReadAction\",\"target\":[\"https:\/\/www.miomiorun.com\/es\/producto\/mountain-trek-pants-hombre\/\"]}]},{\"@type\":\"ImageObject\",\"inLanguage\":\"es-ES\",\"@id\":\"https:\/\/www.miomiorun.com\/es\/producto\/mountain-trek-pants-hombre\/#primaryimage\",\"url\":\"https:\/\/www.miomiorun.com\/app\/uploads\/2024\/04\/Montura-Mountain-trek-pants-nero-MPLA64X-90.webp\",\"contentUrl\":\"https:\/\/www.miomiorun.com\/app\/uploads\/2024\/04\/Montura-Mountain-trek-pants-nero-MPLA64X-90.webp\",\"width\":600,\"height\":600,\"caption\":\"Montura Mountain trek pants nero MPLA64X 90\"},{\"@type\":\"BreadcrumbList\",\"@id\":\"https:\/\/www.miomiorun.com\/es\/producto\/mountain-trek-pants-hombre\/#breadcrumb\",\"itemListElement\":[{\"@type\":\"ListItem\",\"position\":1,\"name\":\"Home\",\"item\":\"https:\/\/www.miomiorun.com\/es\/\"},{\"@type\":\"ListItem\",\"position\":2,\"name\":\"Shop\",\"item\":\"https:\/\/www.miomiorun.com\/shop\/\"},{\"@type\":\"ListItem\",\"position\":3,\"name\":\"Mountain Trek Pants mujer\"}]},{\"@type\":\"WebSite\",\"@id\":\"https:\/\/www.miomiorun.com\/es\/#website\",\"url\":\"https:\/\/www.miomiorun.com\/es\/\",\"name\":\"MioMioRun\",\"description\":\"Tienda 100% running y trail\",\"publisher\":{\"@id\":\"https:\/\/www.miomiorun.com\/es\/#organization\"},\"potentialAction\":[{\"@type\":\"SearchAction\",\"target\":{\"@type\":\"EntryPoint\",\"urlTemplate\":\"https:\/\/www.miomiorun.com\/es\/?s={search_term_string}\"},\"query-input\":{\"@type\":\"PropertyValueSpecification\",\"valueRequired\":true,\"valueName\":\"search_term_string\"}}],\"inLanguage\":\"es-ES\"},{\"@type\":\"Organization\",\"@id\":\"https:\/\/www.miomiorun.com\/es\/#organization\",\"name\":\"MioMio Run\",\"url\":\"https:\/\/www.miomiorun.com\/es\/\",\"logo\":{\"@type\":\"ImageObject\",\"inLanguage\":\"es-ES\",\"@id\":\"https:\/\/www.miomiorun.com\/es\/#\/schema\/logo\/image\/\",\"url\":\"https:\/\/www.miomiorun.com\/app\/uploads\/2019\/12\/logomio.png\",\"contentUrl\":\"https:\/\/www.miomiorun.com\/app\/uploads\/2019\/12\/logomio.png\",\"width\":115,\"height\":82,\"caption\":\"MioMio Run\"},\"image\":{\"@id\":\"https:\/\/www.miomiorun.com\/es\/#\/schema\/logo\/image\/\"},\"sameAs\":[\"https:\/\/www.facebook.com\/miomiorun\/\",\"https:\/\/www.instagram.com\/miomiorun\/\"]}]}<\/script>\n<!-- \/ Yoast SEO plugin. -->","yoast_head_json":{"title":"Montura Mountain Trek Pants mujer - pantal\u00f3n de monta\u00f1a - MioMioRun","description":"Pantalones Mountain Trek para hombre: c\u00f3modos y el\u00e1sticos, ideales para el senderismo. Gracias a su cintura el\u00e1stica, que garantiza un ajuste perfecto","robots":{"index":"index","follow":"follow","max-snippet":"max-snippet:-1","max-image-preview":"max-image-preview:large","max-video-preview":"max-video-preview:-1"},"canonical":"https:\/\/www.miomiorun.com\/es\/producto\/mountain-trek-pants-hombre\/","og_locale":"es_ES","og_type":"article","og_title":"Montura Mountain Trek Pants mujer - pantal\u00f3n de monta\u00f1a - MioMioRun","og_description":"Pantalones Mountain Trek para hombre: c\u00f3modos y el\u00e1sticos, ideales para el senderismo. Gracias a su cintura el\u00e1stica, que garantiza un ajuste perfecto","og_url":"https:\/\/www.miomiorun.com\/es\/producto\/mountain-trek-pants-hombre\/","og_site_name":"MioMioRun","article_publisher":"https:\/\/www.facebook.com\/miomiorun\/","article_modified_time":"2026-05-07T15:08:49+00:00","og_image":[{"width":600,"height":600,"url":"https:\/\/www.miomiorun.com\/app\/uploads\/2024\/04\/Montura-Mountain-trek-pants-nero-MPLA64X-90.webp","type":"image\/webp"}],"twitter_card":"summary_large_image","twitter_misc":{"Est. reading time":"1 minute"},"schema":{"@context":"https:\/\/schema.org","@graph":[{"@type":"WebPage","@id":"https:\/\/www.miomiorun.com\/es\/producto\/mountain-trek-pants-hombre\/","url":"https:\/\/www.miomiorun.com\/es\/producto\/mountain-trek-pants-hombre\/","name":"Montura Mountain Trek Pants mujer - pantal\u00f3n de monta\u00f1a - MioMioRun","isPartOf":{"@id":"https:\/\/www.miomiorun.com\/es\/#website"},"primaryImageOfPage":{"@id":"https:\/\/www.miomiorun.com\/es\/producto\/mountain-trek-pants-hombre\/#primaryimage"},"image":{"@id":"https:\/\/www.miomiorun.com\/es\/producto\/mountain-trek-pants-hombre\/#primaryimage"},"thumbnailUrl":"https:\/\/www.miomiorun.com\/app\/uploads\/2024\/04\/Montura-Mountain-trek-pants-nero-MPLA64X-90.webp","datePublished":"2024-04-18T12:17:38+00:00","dateModified":"2026-05-07T15:08:49+00:00","description":"Pantalones Mountain Trek para hombre: c\u00f3modos y el\u00e1sticos, ideales para el senderismo. Gracias a su cintura el\u00e1stica, que garantiza un ajuste perfecto","breadcrumb":{"@id":"https:\/\/www.miomiorun.com\/es\/producto\/mountain-trek-pants-hombre\/#breadcrumb"},"inLanguage":"es-ES","potentialAction":[{"@type":"ReadAction","target":["https:\/\/www.miomiorun.com\/es\/producto\/mountain-trek-pants-hombre\/"]}]},{"@type":"ImageObject","inLanguage":"es-ES","@id":"https:\/\/www.miomiorun.com\/es\/producto\/mountain-trek-pants-hombre\/#primaryimage","url":"https:\/\/www.miomiorun.com\/app\/uploads\/2024\/04\/Montura-Mountain-trek-pants-nero-MPLA64X-90.webp","contentUrl":"https:\/\/www.miomiorun.com\/app\/uploads\/2024\/04\/Montura-Mountain-trek-pants-nero-MPLA64X-90.webp","width":600,"height":600,"caption":"Montura Mountain trek pants nero MPLA64X 90"},{"@type":"BreadcrumbList","@id":"https:\/\/www.miomiorun.com\/es\/producto\/mountain-trek-pants-hombre\/#breadcrumb","itemListElement":[{"@type":"ListItem","position":1,"name":"Home","item":"https:\/\/www.miomiorun.com\/es\/"},{"@type":"ListItem","position":2,"name":"Shop","item":"https:\/\/www.miomiorun.com\/shop\/"},{"@type":"ListItem","position":3,"name":"Mountain Trek Pants mujer"}]},{"@type":"WebSite","@id":"https:\/\/www.miomiorun.com\/es\/#website","url":"https:\/\/www.miomiorun.com\/es\/","name":"MioMioRun","description":"Tienda 100% running y trail","publisher":{"@id":"https:\/\/www.miomiorun.com\/es\/#organization"},"potentialAction":[{"@type":"SearchAction","target":{"@type":"EntryPoint","urlTemplate":"https:\/\/www.miomiorun.com\/es\/?s={search_term_string}"},"query-input":{"@type":"PropertyValueSpecification","valueRequired":true,"valueName":"search_term_string"}}],"inLanguage":"es-ES"},{"@type":"Organization","@id":"https:\/\/www.miomiorun.com\/es\/#organization","name":"MioMio Run","url":"https:\/\/www.miomiorun.com\/es\/","logo":{"@type":"ImageObject","inLanguage":"es-ES","@id":"https:\/\/www.miomiorun.com\/es\/#\/schema\/logo\/image\/","url":"https:\/\/www.miomiorun.com\/app\/uploads\/2019\/12\/logomio.png","contentUrl":"https:\/\/www.miomiorun.com\/app\/uploads\/2019\/12\/logomio.png","width":115,"height":82,"caption":"MioMio Run"},"image":{"@id":"https:\/\/www.miomiorun.com\/es\/#\/schema\/logo\/image\/"},"sameAs":["https:\/\/www.facebook.com\/miomiorun\/","https:\/\/www.instagram.com\/miomiorun\/"]}]}},"_links":{"self":[{"href":"https:\/\/www.miomiorun.com\/es\/wp-json\/wp\/v2\/product\/291597","targetHints":{"allow":["GET"]}}],"collection":[{"href":"https:\/\/www.miomiorun.com\/es\/wp-json\/wp\/v2\/product"}],"about":[{"href":"https:\/\/www.miomiorun.com\/es\/wp-json\/wp\/v2\/types\/product"}],"wp:featuredmedia":[{"embeddable":true,"href":"https:\/\/www.miomiorun.com\/es\/wp-json\/wp\/v2\/media\/246703"}],"wp:attachment":[{"href":"https:\/\/www.miomiorun.com\/es\/wp-json\/wp\/v2\/media?parent=291597"}],"wp:term":[{"taxonomy":"product_brand","embeddable":true,"href":"https:\/\/www.miomiorun.com\/es\/wp-json\/wp\/v2\/product_brand?post=291597"},{"taxonomy":"product_cat","embeddable":true,"href":"https:\/\/www.miomiorun.com\/es\/wp-json\/wp\/v2\/product_cat?post=291597"},{"taxonomy":"product_tag","embeddable":true,"href":"https:\/\/www.miomiorun.com\/es\/wp-json\/wp\/v2\/product_tag?post=291597"}],"curies":[{"name":"wp","href":"https:\/\/api.w.org\/{rel}","templated":true}]}}