{"id":291540,"date":"2024-04-19T17:12:26","date_gmt":"2024-04-19T15:12:26","guid":{"rendered":"https:\/\/miomiorun.com\/prodotto\/t-shirt-legend-uomo\/"},"modified":"2026-05-07T17:32:47","modified_gmt":"2026-05-07T15:32:47","slug":"t-shirt-legend-hombre","status":"publish","type":"product","link":"https:\/\/www.miomiorun.com\/es\/producto\/t-shirt-legend-hombre\/","title":{"rendered":"T-Shirt Legend hombre"},"content":{"rendered":"<div class=\"single-product-description\">\n<div class=\"descProdotto\">\n<p>La <strong>camiseta Legend<\/strong> para hombre est\u00e1 totalmente estampada, fabricada en tejido de poli\u00e9ster y Tencel, y destaca por su ligereza, transpirabilidad, frescura y, por supuesto, sus propiedades antiolor.<\/p>\n<h3>Caracter\u00edsticas:<\/h3>\n<\/div>\n<div class=\"carProdotto\">\n<ul>\n<li>Tejido ultrafino<\/li>\n<li>Secado r\u00e1pido<\/li>\n<li>Confecci\u00f3n retorcida<\/li>\n<li>Costuras el\u00e1sticas<\/li>\n<li>Totalmente estampada<\/li>\n<\/ul>\n<\/div>\n<\/div>\n","protected":false},"excerpt":{"rendered":"<ul>\n<li>Camiseta con un dise\u00f1o alucinante, ideal para llevar durante tus actividades al aire libre.<\/li>\n<li>Una camiseta ligera, fresca y transpirable.<\/li>\n<\/ul>\n","protected":false},"featured_media":305742,"template":"","meta":{"_acf_changed":false,"inline_featured_image":false},"product_brand":[],"product_cat":[24455,24463],"product_tag":[23488,23611],"class_list":{"0":"post-291540","1":"product","2":"type-product","3":"status-publish","4":"has-post-thumbnail","6":"product_cat-camiseta-es-2","7":"product_cat-ropa-de-hombre-es","8":"product_tag-crazy-idea-es","9":"product_tag-crazy-idea-hombre","10":"pa_attivita-caminar","11":"pa_attivita-lifestyle-es","12":"pa_colore-shirt-legend-lost-in-paradise","13":"pa_colore-shirt-legend-magic-mountain","14":"pa_colore-shirt-legend-poster-es","15":"pa_colore-shirt-legend-print-patagonia","16":"pa_colore-shirt-legend-rainbow","17":"pa_colore-shirt-legend-watercolor-es","18":"pa_colore-t-shirt-legend-pine-tree-es","19":"pa_colore-t-shirt-legend-the-dot-es","20":"pa_marca-crazy-idea-es","21":"pa_sesso-hombre","22":"pa_size-small-es","23":"pa_size-medium-es","24":"pa_size-large-es","25":"pa_size-extra-large-es","27":"first","28":"instock","29":"sale","30":"taxable","31":"shipping-taxable","32":"purchasable","33":"product-type-variable","34":"wvs-archive-product-wrapper"},"acf":[],"yoast_head":"<!-- This site is optimized with the Yoast SEO plugin v26.8 - https:\/\/yoast.com\/product\/yoast-seo-wordpress\/ -->\n<title>Crazy Idea T-Shirt Legend hombre -camiseta para correr - MioMioRun.com<\/title>\n<meta name=\"description\" content=\"La camiseta Legend para hombre est\u00e1 totalmente estampada, est\u00e1 confeccionada en tejido de poli\u00e9ster y Tencel, y destaca por su ligereza y transpirabilidad\" \/>\n<meta name=\"robots\" content=\"index, follow, max-snippet:-1, max-image-preview:large, max-video-preview:-1\" \/>\n<link rel=\"canonical\" href=\"https:\/\/www.miomiorun.com\/es\/producto\/t-shirt-legend-hombre\/\" \/>\n<meta property=\"og:locale\" content=\"es_ES\" \/>\n<meta property=\"og:type\" content=\"article\" \/>\n<meta property=\"og:title\" content=\"Crazy Idea T-Shirt Legend hombre -camiseta para correr - MioMioRun.com\" \/>\n<meta property=\"og:description\" content=\"La camiseta Legend para hombre est\u00e1 totalmente estampada, est\u00e1 confeccionada en tejido de poli\u00e9ster y Tencel, y destaca por su ligereza y transpirabilidad\" \/>\n<meta property=\"og:url\" content=\"https:\/\/www.miomiorun.com\/es\/producto\/t-shirt-legend-hombre\/\" \/>\n<meta property=\"og:site_name\" content=\"MioMioRun\" \/>\n<meta property=\"article:publisher\" content=\"https:\/\/www.facebook.com\/miomiorun\/\" \/>\n<meta property=\"article:modified_time\" content=\"2026-05-07T15:32:47+00:00\" \/>\n<meta property=\"og:image\" content=\"https:\/\/www.miomiorun.com\/app\/uploads\/2025\/04\/crazy-Shirt-legend-print-patagonia-S25096018U-00X052.webp\" \/>\n\t<meta property=\"og:image:width\" content=\"600\" \/>\n\t<meta property=\"og:image:height\" content=\"600\" \/>\n\t<meta property=\"og:image:type\" content=\"image\/webp\" \/>\n<meta name=\"twitter:card\" content=\"summary_large_image\" \/>\n<script type=\"application\/ld+json\" class=\"yoast-schema-graph\">{\"@context\":\"https:\/\/schema.org\",\"@graph\":[{\"@type\":\"WebPage\",\"@id\":\"https:\/\/www.miomiorun.com\/es\/producto\/t-shirt-legend-hombre\/\",\"url\":\"https:\/\/www.miomiorun.com\/es\/producto\/t-shirt-legend-hombre\/\",\"name\":\"Crazy Idea T-Shirt Legend hombre -camiseta para correr - MioMioRun.com\",\"isPartOf\":{\"@id\":\"https:\/\/www.miomiorun.com\/es\/#website\"},\"primaryImageOfPage\":{\"@id\":\"https:\/\/www.miomiorun.com\/es\/producto\/t-shirt-legend-hombre\/#primaryimage\"},\"image\":{\"@id\":\"https:\/\/www.miomiorun.com\/es\/producto\/t-shirt-legend-hombre\/#primaryimage\"},\"thumbnailUrl\":\"https:\/\/www.miomiorun.com\/app\/uploads\/2025\/04\/crazy-Shirt-legend-print-patagonia-S25096018U-00X052.webp\",\"datePublished\":\"2024-04-19T15:12:26+00:00\",\"dateModified\":\"2026-05-07T15:32:47+00:00\",\"description\":\"La camiseta Legend para hombre est\u00e1 totalmente estampada, est\u00e1 confeccionada en tejido de poli\u00e9ster y Tencel, y destaca por su ligereza y transpirabilidad\",\"breadcrumb\":{\"@id\":\"https:\/\/www.miomiorun.com\/es\/producto\/t-shirt-legend-hombre\/#breadcrumb\"},\"inLanguage\":\"es-ES\",\"potentialAction\":[{\"@type\":\"ReadAction\",\"target\":[\"https:\/\/www.miomiorun.com\/es\/producto\/t-shirt-legend-hombre\/\"]}]},{\"@type\":\"ImageObject\",\"inLanguage\":\"es-ES\",\"@id\":\"https:\/\/www.miomiorun.com\/es\/producto\/t-shirt-legend-hombre\/#primaryimage\",\"url\":\"https:\/\/www.miomiorun.com\/app\/uploads\/2025\/04\/crazy-Shirt-legend-print-patagonia-S25096018U-00X052.webp\",\"contentUrl\":\"https:\/\/www.miomiorun.com\/app\/uploads\/2025\/04\/crazy-Shirt-legend-print-patagonia-S25096018U-00X052.webp\",\"width\":600,\"height\":600,\"caption\":\"crazy Shirt legend print patagonia S25096018U-00X052\"},{\"@type\":\"BreadcrumbList\",\"@id\":\"https:\/\/www.miomiorun.com\/es\/producto\/t-shirt-legend-hombre\/#breadcrumb\",\"itemListElement\":[{\"@type\":\"ListItem\",\"position\":1,\"name\":\"Home\",\"item\":\"https:\/\/www.miomiorun.com\/es\/\"},{\"@type\":\"ListItem\",\"position\":2,\"name\":\"Shop\",\"item\":\"https:\/\/www.miomiorun.com\/shop\/\"},{\"@type\":\"ListItem\",\"position\":3,\"name\":\"T-Shirt Legend hombre\"}]},{\"@type\":\"WebSite\",\"@id\":\"https:\/\/www.miomiorun.com\/es\/#website\",\"url\":\"https:\/\/www.miomiorun.com\/es\/\",\"name\":\"MioMioRun\",\"description\":\"Tienda 100% running y trail\",\"publisher\":{\"@id\":\"https:\/\/www.miomiorun.com\/es\/#organization\"},\"potentialAction\":[{\"@type\":\"SearchAction\",\"target\":{\"@type\":\"EntryPoint\",\"urlTemplate\":\"https:\/\/www.miomiorun.com\/es\/?s={search_term_string}\"},\"query-input\":{\"@type\":\"PropertyValueSpecification\",\"valueRequired\":true,\"valueName\":\"search_term_string\"}}],\"inLanguage\":\"es-ES\"},{\"@type\":\"Organization\",\"@id\":\"https:\/\/www.miomiorun.com\/es\/#organization\",\"name\":\"MioMio Run\",\"url\":\"https:\/\/www.miomiorun.com\/es\/\",\"logo\":{\"@type\":\"ImageObject\",\"inLanguage\":\"es-ES\",\"@id\":\"https:\/\/www.miomiorun.com\/es\/#\/schema\/logo\/image\/\",\"url\":\"https:\/\/www.miomiorun.com\/app\/uploads\/2019\/12\/logomio.png\",\"contentUrl\":\"https:\/\/www.miomiorun.com\/app\/uploads\/2019\/12\/logomio.png\",\"width\":115,\"height\":82,\"caption\":\"MioMio Run\"},\"image\":{\"@id\":\"https:\/\/www.miomiorun.com\/es\/#\/schema\/logo\/image\/\"},\"sameAs\":[\"https:\/\/www.facebook.com\/miomiorun\/\",\"https:\/\/www.instagram.com\/miomiorun\/\"]}]}<\/script>\n<!-- \/ Yoast SEO plugin. -->","yoast_head_json":{"title":"Crazy Idea T-Shirt Legend hombre -camiseta para correr - MioMioRun.com","description":"La camiseta Legend para hombre est\u00e1 totalmente estampada, est\u00e1 confeccionada en tejido de poli\u00e9ster y Tencel, y destaca por su ligereza y transpirabilidad","robots":{"index":"index","follow":"follow","max-snippet":"max-snippet:-1","max-image-preview":"max-image-preview:large","max-video-preview":"max-video-preview:-1"},"canonical":"https:\/\/www.miomiorun.com\/es\/producto\/t-shirt-legend-hombre\/","og_locale":"es_ES","og_type":"article","og_title":"Crazy Idea T-Shirt Legend hombre -camiseta para correr - MioMioRun.com","og_description":"La camiseta Legend para hombre est\u00e1 totalmente estampada, est\u00e1 confeccionada en tejido de poli\u00e9ster y Tencel, y destaca por su ligereza y transpirabilidad","og_url":"https:\/\/www.miomiorun.com\/es\/producto\/t-shirt-legend-hombre\/","og_site_name":"MioMioRun","article_publisher":"https:\/\/www.facebook.com\/miomiorun\/","article_modified_time":"2026-05-07T15:32:47+00:00","og_image":[{"width":600,"height":600,"url":"https:\/\/www.miomiorun.com\/app\/uploads\/2025\/04\/crazy-Shirt-legend-print-patagonia-S25096018U-00X052.webp","type":"image\/webp"}],"twitter_card":"summary_large_image","schema":{"@context":"https:\/\/schema.org","@graph":[{"@type":"WebPage","@id":"https:\/\/www.miomiorun.com\/es\/producto\/t-shirt-legend-hombre\/","url":"https:\/\/www.miomiorun.com\/es\/producto\/t-shirt-legend-hombre\/","name":"Crazy Idea T-Shirt Legend hombre -camiseta para correr - MioMioRun.com","isPartOf":{"@id":"https:\/\/www.miomiorun.com\/es\/#website"},"primaryImageOfPage":{"@id":"https:\/\/www.miomiorun.com\/es\/producto\/t-shirt-legend-hombre\/#primaryimage"},"image":{"@id":"https:\/\/www.miomiorun.com\/es\/producto\/t-shirt-legend-hombre\/#primaryimage"},"thumbnailUrl":"https:\/\/www.miomiorun.com\/app\/uploads\/2025\/04\/crazy-Shirt-legend-print-patagonia-S25096018U-00X052.webp","datePublished":"2024-04-19T15:12:26+00:00","dateModified":"2026-05-07T15:32:47+00:00","description":"La camiseta Legend para hombre est\u00e1 totalmente estampada, est\u00e1 confeccionada en tejido de poli\u00e9ster y Tencel, y destaca por su ligereza y transpirabilidad","breadcrumb":{"@id":"https:\/\/www.miomiorun.com\/es\/producto\/t-shirt-legend-hombre\/#breadcrumb"},"inLanguage":"es-ES","potentialAction":[{"@type":"ReadAction","target":["https:\/\/www.miomiorun.com\/es\/producto\/t-shirt-legend-hombre\/"]}]},{"@type":"ImageObject","inLanguage":"es-ES","@id":"https:\/\/www.miomiorun.com\/es\/producto\/t-shirt-legend-hombre\/#primaryimage","url":"https:\/\/www.miomiorun.com\/app\/uploads\/2025\/04\/crazy-Shirt-legend-print-patagonia-S25096018U-00X052.webp","contentUrl":"https:\/\/www.miomiorun.com\/app\/uploads\/2025\/04\/crazy-Shirt-legend-print-patagonia-S25096018U-00X052.webp","width":600,"height":600,"caption":"crazy Shirt legend print patagonia S25096018U-00X052"},{"@type":"BreadcrumbList","@id":"https:\/\/www.miomiorun.com\/es\/producto\/t-shirt-legend-hombre\/#breadcrumb","itemListElement":[{"@type":"ListItem","position":1,"name":"Home","item":"https:\/\/www.miomiorun.com\/es\/"},{"@type":"ListItem","position":2,"name":"Shop","item":"https:\/\/www.miomiorun.com\/shop\/"},{"@type":"ListItem","position":3,"name":"T-Shirt Legend hombre"}]},{"@type":"WebSite","@id":"https:\/\/www.miomiorun.com\/es\/#website","url":"https:\/\/www.miomiorun.com\/es\/","name":"MioMioRun","description":"Tienda 100% running y trail","publisher":{"@id":"https:\/\/www.miomiorun.com\/es\/#organization"},"potentialAction":[{"@type":"SearchAction","target":{"@type":"EntryPoint","urlTemplate":"https:\/\/www.miomiorun.com\/es\/?s={search_term_string}"},"query-input":{"@type":"PropertyValueSpecification","valueRequired":true,"valueName":"search_term_string"}}],"inLanguage":"es-ES"},{"@type":"Organization","@id":"https:\/\/www.miomiorun.com\/es\/#organization","name":"MioMio Run","url":"https:\/\/www.miomiorun.com\/es\/","logo":{"@type":"ImageObject","inLanguage":"es-ES","@id":"https:\/\/www.miomiorun.com\/es\/#\/schema\/logo\/image\/","url":"https:\/\/www.miomiorun.com\/app\/uploads\/2019\/12\/logomio.png","contentUrl":"https:\/\/www.miomiorun.com\/app\/uploads\/2019\/12\/logomio.png","width":115,"height":82,"caption":"MioMio Run"},"image":{"@id":"https:\/\/www.miomiorun.com\/es\/#\/schema\/logo\/image\/"},"sameAs":["https:\/\/www.facebook.com\/miomiorun\/","https:\/\/www.instagram.com\/miomiorun\/"]}]}},"_links":{"self":[{"href":"https:\/\/www.miomiorun.com\/es\/wp-json\/wp\/v2\/product\/291540","targetHints":{"allow":["GET"]}}],"collection":[{"href":"https:\/\/www.miomiorun.com\/es\/wp-json\/wp\/v2\/product"}],"about":[{"href":"https:\/\/www.miomiorun.com\/es\/wp-json\/wp\/v2\/types\/product"}],"wp:featuredmedia":[{"embeddable":true,"href":"https:\/\/www.miomiorun.com\/es\/wp-json\/wp\/v2\/media\/305742"}],"wp:attachment":[{"href":"https:\/\/www.miomiorun.com\/es\/wp-json\/wp\/v2\/media?parent=291540"}],"wp:term":[{"taxonomy":"product_brand","embeddable":true,"href":"https:\/\/www.miomiorun.com\/es\/wp-json\/wp\/v2\/product_brand?post=291540"},{"taxonomy":"product_cat","embeddable":true,"href":"https:\/\/www.miomiorun.com\/es\/wp-json\/wp\/v2\/product_cat?post=291540"},{"taxonomy":"product_tag","embeddable":true,"href":"https:\/\/www.miomiorun.com\/es\/wp-json\/wp\/v2\/product_tag?post=291540"}],"curies":[{"name":"wp","href":"https:\/\/api.w.org\/{rel}","templated":true}]}}