{"id":291532,"date":"2024-04-23T13:16:51","date_gmt":"2024-04-23T11:16:51","guid":{"rendered":"https:\/\/miomiorun.com\/prodotto\/neotrail-pro-fx-one-superlite\/"},"modified":"2026-05-07T17:37:16","modified_gmt":"2026-05-07T15:37:16","slug":"neotrail-pro-fx-one-superlite","status":"publish","type":"product","link":"https:\/\/www.miomiorun.com\/es\/producto\/neotrail-pro-fx-one-superlite\/","title":{"rendered":"Neotrail Pro Fx.One Superlite"},"content":{"rendered":"<p>El <strong>Neotrail Pro FX.One Superlite<\/strong>, con solo 120 g (120 cm), es el bast\u00f3n m\u00e1s ligero que LEKI ha desarrollado jam\u00e1s.<\/p>\n<p>Peso 100 % optimizado y perfecto para terrenos t\u00e9cnicos. El mango Spartan se ha dise\u00f1ado teniendo en cuenta las opiniones de los mejores deportistas y combina minimalismo y versatilidad.<\/p>\n<p>Cuenta con una correa <strong>D-Loop Mesh<\/strong> ultraligera y de secado r\u00e1pido; el nuevo material de las presillas garantiza la m\u00e1xima transpirabilidad y una r\u00e1pida sequedad. Gracias al bot\u00f3n situado en el mango, la correa se puede ajustar en pocos segundos para no perder tiempo durante la carrera.<\/p>\n<p>El pu\u00f1o de espuma ligera tiene los laterales aplanados para un uso a\u00fan m\u00e1s c\u00f3modo durante la carrera. El manillar ultraligero, con un di\u00e1metro reducido de 14 mm, est\u00e1 optimizado para lograr el menor peso posible gracias al carbono de alta calidad.<\/p>\n<h3>NOTA SOBRE EL PRODUCTO<\/h3>\n<p>El producto est\u00e1 optimizado en cuanto a peso y dise\u00f1ado para su uso en competiciones. Requiere un manejo especialmente experto y prudente, y no ha sido concebido como herramienta para el entrenamiento diario.<\/p>\n<div class=\"col-7 col-lg-6 product-highlight-content-container\">\n<div class=\"product-highlight-headline\">\n<div style=\"width: 1280px;\" class=\"wp-video\"><video class=\"wp-video-shortcode\" id=\"video-291532-1\" width=\"1280\" height=\"720\" loop autoplay preload=\"metadata\" controls=\"controls\"><source type=\"video\/mp4\" src=\"https:\/\/www.miomiorun.com\/app\/uploads\/2024\/04\/65425891new.mp4?_=1\" \/><a href=\"https:\/\/www.miomiorun.com\/app\/uploads\/2024\/04\/65425891new.mp4\">https:\/\/www.miomiorun.com\/app\/uploads\/2024\/04\/65425891new.mp4<\/a><\/video><\/div>\n<h2>Sistema de empu\u00f1adura<\/h2>\n<\/div>\n<\/div>\n<p><img loading=\"lazy\" decoding=\"async\" class=\"\" src=\"https:\/\/res.cloudinary.com\/leki-lenhart-gmbh\/iu\/c_fit,h_840,w_600\/f_auto\/q_auto\/media\/c8\/48\/eb\/1709634064\/poles_grips_pas%20system_Icon?_a=AAFIKBs\" width=\"153\" height=\"153\" data-src=\"https:\/\/res.cloudinary.com\/leki-lenhart-gmbh\/iu\/c_fit,h_840,w_600\/f_auto\/q_auto\/media\/c8\/48\/eb\/1709634064\/poles_grips_pas%20system_Icon?_a=AAFIKBs\" \/><\/p>\n<div class=\"col-7 col-lg-6 product-highlight-content-container\">\n<div class=\"product-highlight-headline\">\n<h3 class=\"product-headline\">Sistema PAS<\/h3>\n<\/div>\n<div class=\"product-highlight-content\">\n<p>Asa PAS con ojal sin sistema de guantes integrado<\/p>\n<\/div>\n<\/div>\n<p>&nbsp;<\/p>\n<h2><\/h2>\n<h2>Empu\u00f1adura<\/h2>\n<p><img loading=\"lazy\" decoding=\"async\" class=\"\" src=\"https:\/\/res.cloudinary.com\/leki-lenhart-gmbh\/iu\/c_fit,h_840,w_600\/f_auto\/q_auto\/media\/ca\/a2\/92\/1709624866\/poles_grip_spartan_Icon?_a=AAFIKBs\" width=\"153\" height=\"153\" data-src=\"https:\/\/res.cloudinary.com\/leki-lenhart-gmbh\/iu\/c_fit,h_840,w_600\/f_auto\/q_auto\/media\/ca\/a2\/92\/1709624866\/poles_grip_spartan_Icon?_a=AAFIKBs\" \/><\/p>\n<div class=\"col-7 col-lg-6 product-highlight-content-container\">\n<div class=\"product-highlight-headline\">\n<h3 class=\"product-headline\">Spartan Ultra<\/h3>\n<\/div>\n<div class=\"product-highlight-content\">\n<p>Empu\u00f1adura de espuma extremadamente ligera. Perfecta para terrenos t\u00e9cnicos, condiciones extremas y m\u00e1xima libertad.<\/p>\n<\/div>\n<\/div>\n<p>&nbsp;<\/p>\n<p>&nbsp;<\/p>\n<p>&nbsp;<\/p>\n<h2>Lacciolo<\/h2>\n<p><img loading=\"lazy\" decoding=\"async\" class=\"\" src=\"https:\/\/res.cloudinary.com\/leki-lenhart-gmbh\/iu\/c_fit,h_1050,w_750\/f_auto\/q_auto\/media\/e1\/72\/f1\/1643896000\/Lock%20Security%20Strap_Icon?_a=AAAH2AI\" width=\"151\" height=\"151\" \/><\/p>\n<div class=\"col-7 col-lg-6 product-highlight-content-container\">\n<div class=\"product-highlight-headline\">\n<h3 class=\"product-headline\">Correa de seguridad con cierre<\/h3>\n<\/div>\n<div class=\"product-highlight-content\">\n<p>Correa ajustable con cierre de seguridad. Resistente y transpirable, garantiza la m\u00e1xima comodidad.<\/p>\n<\/div>\n<\/div>\n<p>&nbsp;<\/p>\n<h3><\/h3>\n<h2>Sistema de plegado<\/h2>\n<p>&nbsp;<\/p>\n<div class=\"col-7 col-lg-6 product-highlight-content-container\">\n<div class=\"product-highlight-headline\"><\/div>\n<div class=\"product-highlight-content\">\n<p><img loading=\"lazy\" decoding=\"async\" class=\"\" src=\"https:\/\/res.cloudinary.com\/leki-lenhart-gmbh\/iu\/c_fit,h_840,w_600\/f_auto\/q_auto\/media\/07\/b5\/dc\/1642579033\/PB_Icon?_a=AAAH2AI\" width=\"152\" height=\"152\" data-src=\"https:\/\/res.cloudinary.com\/leki-lenhart-gmbh\/iu\/c_fit,h_840,w_600\/f_auto\/q_auto\/media\/07\/b5\/dc\/1642579033\/PB_Icon?_a=AAAH2AI\" \/><\/p>\n<div class=\"col-7 col-lg-6 product-highlight-content-container\">\n<div class=\"product-highlight-headline\">\n<h3 class=\"product-headline\">Bot\u00f3n<\/h3>\n<\/div>\n<div class=\"product-highlight-content\">\n<p>El sistema Push Button permite abrir y cerrar r\u00e1pidamente los bastones plegables con solo pulsar un bot\u00f3n.<\/p>\n<\/div>\n<\/div>\n<\/div>\n<\/div>\n<h3><\/h3>\n<h3><\/h3>\n<h2>Material del tubo<\/h2>\n<p><img loading=\"lazy\" decoding=\"async\" class=\"\" src=\"https:\/\/res.cloudinary.com\/leki-lenhart-gmbh\/iu\/c_fit,h_1050,w_750\/f_auto\/q_auto\/media\/cb\/91\/d1\/1642586379\/Material_Icon?_a=AAAH2AI\" width=\"151\" height=\"151\" \/><\/p>\n<div class=\"col-7 col-lg-6 product-highlight-content-container\">\n<div class=\"col-7 col-lg-6 product-highlight-content-container\">\n<div class=\"product-highlight-headline\">\n<h3 class=\"product-headline\">Carbono<\/h3>\n<\/div>\n<div class=\"product-highlight-content\">\n<p>Carbonio HRC (Highest Racing Carbon) Max<\/p>\n<\/div>\n<\/div>\n<h2><\/h2>\n<h2 class=\"product-highlight-content\">Arandela<\/h2>\n<p>&nbsp;<\/p>\n<div class=\"col-7 col-lg-6 product-highlight-content-container\">\n<div class=\"product-highlight-headline\">\n<h3><img loading=\"lazy\" decoding=\"async\" class=\"\" src=\"https:\/\/res.cloudinary.com\/leki-lenhart-gmbh\/iu\/c_fit,h_840,w_600\/f_auto\/q_auto\/media\/30\/f6\/c9\/1645612656\/Trail%20Running%20Teller_Icon?_a=AAAH2AI\" width=\"151\" height=\"151\" data-src=\"https:\/\/res.cloudinary.com\/leki-lenhart-gmbh\/iu\/c_fit,h_840,w_600\/f_auto\/q_auto\/media\/30\/f6\/c9\/1645612656\/Trail%20Running%20Teller_Icon?_a=AAAH2AI\" \/><\/h3>\n<div class=\"col-7 col-lg-6 product-highlight-content-container\">\n<div class=\"product-highlight-headline\">\n<h3 class=\"product-headline\">Rondella Trail Running<\/h3>\n<\/div>\n<div class=\"product-highlight-content\">\n<p>Plancha minimalista y muy ligera.<\/p>\n<\/div>\n<\/div>\n<\/div>\n<\/div>\n<\/div>\n<p>&nbsp;<\/p>\n<p>&nbsp;<\/p>\n<h2>Punta<\/h2>\n<p><img loading=\"lazy\" decoding=\"async\" class=\"\" src=\"https:\/\/res.cloudinary.com\/leki-lenhart-gmbh\/iu\/c_fit,h_840,w_600\/f_auto\/q_auto\/media\/20\/e1\/81\/1637918587\/Trail%20Tip_Icon?_a=AAAH2AI\" width=\"150\" height=\"150\" data-src=\"https:\/\/res.cloudinary.com\/leki-lenhart-gmbh\/iu\/c_fit,h_840,w_600\/f_auto\/q_auto\/media\/20\/e1\/81\/1637918587\/Trail%20Tip_Icon?_a=AAAH2AI\" \/><\/p>\n<div class=\"col-7 col-lg-6 product-highlight-content-container\">\n<div class=\"product-highlight-headline\">\n<h3 class=\"product-headline\">Consejo para la ruta<\/h3>\n<\/div>\n<div class=\"product-highlight-content\">\n<p>Una sencilla combinaci\u00f3n de punta y suela que garantiza un paso t\u00e9cnico \u00f3ptimo y un agarre m\u00e1ximo en cualquier terreno.<\/p>\n<\/div>\n<\/div>\n<p>&nbsp;<\/p>\n<p>&nbsp;<\/p>\n<p>&nbsp;<\/p>\n<h2 class=\"headline-beta\">Todas las caracter\u00edsticas<\/h2>\n<table class=\"table product-detail-properties-table\">\n<tbody>\n<tr class=\"properties-row\">\n<th class=\"properties-label\">Actividades:<\/th>\n<td class=\"properties-value\">Carrera de monta\u00f1a<\/td>\n<\/tr>\n<tr class=\"properties-row\">\n<th class=\"properties-label\">Edad recomendada:<\/th>\n<td class=\"properties-value\">Adultos<\/td>\n<\/tr>\n<tr class=\"properties-row\">\n<th class=\"properties-label\">G\u00e9nero:<\/th>\n<td class=\"properties-value\">Unisex<\/td>\n<\/tr>\n<tr class=\"properties-row\">\n<th class=\"properties-label\">Sizerun:<\/th>\n<td class=\"properties-value\">105 &#8211; 130 cm (en intervalos de 5 cm)<\/td>\n<\/tr>\n<tr class=\"properties-row\">\n<th class=\"properties-label\">Construcci\u00f3n:<\/th>\n<td class=\"properties-value\">Longitud fija | Plegable<\/td>\n<\/tr>\n<tr class=\"properties-row\">\n<th class=\"properties-label\">Dimensiones del embalaje:<\/th>\n<td class=\"properties-value\">35 cm<\/td>\n<\/tr>\n<tr class=\"properties-row\">\n<th class=\"properties-label\">Peso:<\/th>\n<td class=\"properties-value\">117 g<\/td>\n<\/tr>\n<tr class=\"properties-row\">\n<th class=\"properties-label\">Segmentos:<\/th>\n<td class=\"properties-value\">4<\/td>\n<\/tr>\n<tr class=\"properties-row\">\n<th class=\"properties-label\">Di\u00e1metro:<\/th>\n<td class=\"properties-value\">14 \u00d7 12 \u00d7 12 \u00d7 12 mm<\/td>\n<\/tr>\n<tr class=\"properties-row\">\n<th class=\"properties-label\">Geometr\u00eda del tubo:<\/th>\n<td class=\"properties-value\">Sin perfil<\/td>\n<\/tr>\n<tr class=\"properties-row\">\n<th class=\"properties-label\">Forma del tubo:<\/th>\n<td class=\"properties-value\">Cil\u00edndrica<\/td>\n<\/tr>\n<tr class=\"properties-row\">\n<th class=\"properties-label\">Empu\u00f1adura:<\/th>\n<td class=\"properties-value\">Spartan Ultra<\/td>\n<\/tr>\n<tr class=\"properties-row\">\n<th class=\"properties-label\">Lacciolo:<\/th>\n<td class=\"properties-value\">Correa de seguridad con cierre<\/td>\n<\/tr>\n<tr class=\"properties-row\">\n<th class=\"properties-label\">Alcance del recurso:<\/th>\n<td class=\"properties-value\">Espuma 1K<\/td>\n<\/tr>\n<tr class=\"properties-row\">\n<th class=\"properties-label\">Material del tubo:<\/th>\n<td class=\"properties-value\">Carbono (HRC m\u00e1x.)<\/td>\n<\/tr>\n<tr class=\"properties-row\">\n<th class=\"properties-label\">Parte superior del tubo:<\/th>\n<td class=\"properties-value\">Carbono<\/td>\n<\/tr>\n<tr class=\"properties-row\">\n<th class=\"properties-label\">Secci\u00f3n central del tubo (1):<\/th>\n<td class=\"properties-value\">Carbono<\/td>\n<\/tr>\n<tr class=\"properties-row\">\n<th class=\"properties-label\">Secci\u00f3n central del tubo (2):<\/th>\n<td class=\"properties-value\">Carbono<\/td>\n<\/tr>\n<tr class=\"properties-row\">\n<th class=\"properties-label\">Parte inferior del tubo:<\/th>\n<td class=\"properties-value\">Carbono<\/td>\n<\/tr>\n<tr class=\"properties-row\">\n<th class=\"properties-label\">Sistema de plegado:<\/th>\n<td class=\"properties-value\">Bot\u00f3n<\/td>\n<\/tr>\n<tr class=\"properties-row\">\n<th class=\"properties-label\">Arandela:<\/th>\n<td class=\"properties-value\">Teller de trail running<\/td>\n<\/tr>\n<tr class=\"properties-row\">\n<th class=\"properties-label\">Punta:<\/th>\n<td class=\"properties-value\">Consejo para correr por monta\u00f1a<\/td>\n<\/tr>\n<tr class=\"properties-row\">\n<th class=\"properties-label\">Dimensiones de la punta:<\/th>\n<td class=\"properties-value\">Talla \u00fanica<\/td>\n<\/tr>\n<\/tbody>\n<\/table>\n","protected":false},"excerpt":{"rendered":"<ul>\n<li>Bastones ideales para el deportista experimentado.<\/li>\n<li>Para usar en competici\u00f3n.<\/li>\n<li>Los m\u00e1s ligeros de Leki.<\/li>\n<\/ul>\n","protected":false},"featured_media":247105,"template":"","meta":{"_acf_changed":false,"inline_featured_image":false},"product_brand":[],"product_cat":[24205,24206],"product_tag":[23595],"class_list":{"0":"post-291532","1":"product","2":"type-product","3":"status-publish","4":"has-post-thumbnail","6":"product_cat-accesorios","7":"product_cat-bastones","8":"product_tag-leki-es","9":"pa_attivita-caminar","10":"pa_attivita-outdoor-es","11":"pa_attivita-trail-es","12":"pa_colore-neotrail-pro-fx-one-sl-bright-red-violet","13":"pa_colore-neotrail-pro-fx-one-sl-naturalcarbon","14":"pa_marca-leki-es","15":"pa_misura-110-cm-es","16":"pa_misura-115-cm-es","17":"pa_misura-120-cm-es","18":"pa_misura-125-cm-es","19":"pa_misura-130-cm-es","20":"pa_sesso-hombre","21":"pa_sesso-mujer","23":"first","24":"instock","25":"sale","26":"taxable","27":"shipping-taxable","28":"purchasable","29":"product-type-variable","30":"wvs-archive-product-wrapper"},"acf":[],"yoast_head":"<!-- This site is optimized with the Yoast SEO plugin v26.8 - https:\/\/yoast.com\/product\/yoast-seo-wordpress\/ -->\n<title>Leki Neotrail Pro Fx.One Superlite - bastones para correr - MioMioRun.com<\/title>\n<meta name=\"description\" content=\"El Neotrail Pro FX.One Superlite, con solo 120 g (120 cm), es el bast\u00f3n m\u00e1s ligero que LEKI ha desarrollado jam\u00e1s. Peso 100 % optimizado\" \/>\n<meta name=\"robots\" content=\"index, follow, max-snippet:-1, max-image-preview:large, max-video-preview:-1\" \/>\n<link rel=\"canonical\" href=\"https:\/\/www.miomiorun.com\/es\/producto\/neotrail-pro-fx-one-superlite\/\" \/>\n<meta property=\"og:locale\" content=\"es_ES\" \/>\n<meta property=\"og:type\" content=\"article\" \/>\n<meta property=\"og:title\" content=\"Leki Neotrail Pro Fx.One Superlite - bastones para correr - MioMioRun.com\" \/>\n<meta property=\"og:description\" content=\"El Neotrail Pro FX.One Superlite, con solo 120 g (120 cm), es el bast\u00f3n m\u00e1s ligero que LEKI ha desarrollado jam\u00e1s. Peso 100 % optimizado\" \/>\n<meta property=\"og:url\" content=\"https:\/\/www.miomiorun.com\/es\/producto\/neotrail-pro-fx-one-superlite\/\" \/>\n<meta property=\"og:site_name\" content=\"MioMioRun\" \/>\n<meta property=\"article:publisher\" content=\"https:\/\/www.facebook.com\/miomiorun\/\" \/>\n<meta property=\"article:modified_time\" content=\"2026-05-07T15:37:16+00:00\" \/>\n<meta property=\"og:image\" content=\"https:\/\/www.miomiorun.com\/app\/uploads\/2024\/04\/leki-Neotrail-Pro-FX-One-Superlite-naturalcarbon-65425891.webp\" \/>\n\t<meta property=\"og:image:width\" content=\"600\" \/>\n\t<meta property=\"og:image:height\" content=\"600\" \/>\n\t<meta property=\"og:image:type\" content=\"image\/webp\" \/>\n<meta name=\"twitter:card\" content=\"summary_large_image\" \/>\n<meta name=\"twitter:label1\" content=\"Est. reading time\" \/>\n\t<meta name=\"twitter:data1\" content=\"2 minutes\" \/>\n<script type=\"application\/ld+json\" class=\"yoast-schema-graph\">{\"@context\":\"https:\/\/schema.org\",\"@graph\":[{\"@type\":\"WebPage\",\"@id\":\"https:\/\/www.miomiorun.com\/es\/producto\/neotrail-pro-fx-one-superlite\/\",\"url\":\"https:\/\/www.miomiorun.com\/es\/producto\/neotrail-pro-fx-one-superlite\/\",\"name\":\"Leki Neotrail Pro Fx.One Superlite - bastones para correr - MioMioRun.com\",\"isPartOf\":{\"@id\":\"https:\/\/www.miomiorun.com\/es\/#website\"},\"primaryImageOfPage\":{\"@id\":\"https:\/\/www.miomiorun.com\/es\/producto\/neotrail-pro-fx-one-superlite\/#primaryimage\"},\"image\":{\"@id\":\"https:\/\/www.miomiorun.com\/es\/producto\/neotrail-pro-fx-one-superlite\/#primaryimage\"},\"thumbnailUrl\":\"https:\/\/www.miomiorun.com\/app\/uploads\/2024\/04\/leki-Neotrail-Pro-FX-One-Superlite-naturalcarbon-65425891.webp\",\"datePublished\":\"2024-04-23T11:16:51+00:00\",\"dateModified\":\"2026-05-07T15:37:16+00:00\",\"description\":\"El Neotrail Pro FX.One Superlite, con solo 120 g (120 cm), es el bast\u00f3n m\u00e1s ligero que LEKI ha desarrollado jam\u00e1s. Peso 100 % optimizado\",\"breadcrumb\":{\"@id\":\"https:\/\/www.miomiorun.com\/es\/producto\/neotrail-pro-fx-one-superlite\/#breadcrumb\"},\"inLanguage\":\"es-ES\",\"potentialAction\":[{\"@type\":\"ReadAction\",\"target\":[\"https:\/\/www.miomiorun.com\/es\/producto\/neotrail-pro-fx-one-superlite\/\"]}]},{\"@type\":\"ImageObject\",\"inLanguage\":\"es-ES\",\"@id\":\"https:\/\/www.miomiorun.com\/es\/producto\/neotrail-pro-fx-one-superlite\/#primaryimage\",\"url\":\"https:\/\/www.miomiorun.com\/app\/uploads\/2024\/04\/leki-Neotrail-Pro-FX-One-Superlite-naturalcarbon-65425891.webp\",\"contentUrl\":\"https:\/\/www.miomiorun.com\/app\/uploads\/2024\/04\/leki-Neotrail-Pro-FX-One-Superlite-naturalcarbon-65425891.webp\",\"width\":600,\"height\":600,\"caption\":\"leki Neotrail Pro FX One Superlite naturalcarbon 65425891\"},{\"@type\":\"BreadcrumbList\",\"@id\":\"https:\/\/www.miomiorun.com\/es\/producto\/neotrail-pro-fx-one-superlite\/#breadcrumb\",\"itemListElement\":[{\"@type\":\"ListItem\",\"position\":1,\"name\":\"Home\",\"item\":\"https:\/\/www.miomiorun.com\/es\/\"},{\"@type\":\"ListItem\",\"position\":2,\"name\":\"Shop\",\"item\":\"https:\/\/www.miomiorun.com\/shop\/\"},{\"@type\":\"ListItem\",\"position\":3,\"name\":\"Neotrail Pro Fx.One Superlite\"}]},{\"@type\":\"WebSite\",\"@id\":\"https:\/\/www.miomiorun.com\/es\/#website\",\"url\":\"https:\/\/www.miomiorun.com\/es\/\",\"name\":\"MioMioRun\",\"description\":\"Tienda 100% running y trail\",\"publisher\":{\"@id\":\"https:\/\/www.miomiorun.com\/es\/#organization\"},\"potentialAction\":[{\"@type\":\"SearchAction\",\"target\":{\"@type\":\"EntryPoint\",\"urlTemplate\":\"https:\/\/www.miomiorun.com\/es\/?s={search_term_string}\"},\"query-input\":{\"@type\":\"PropertyValueSpecification\",\"valueRequired\":true,\"valueName\":\"search_term_string\"}}],\"inLanguage\":\"es-ES\"},{\"@type\":\"Organization\",\"@id\":\"https:\/\/www.miomiorun.com\/es\/#organization\",\"name\":\"MioMio Run\",\"url\":\"https:\/\/www.miomiorun.com\/es\/\",\"logo\":{\"@type\":\"ImageObject\",\"inLanguage\":\"es-ES\",\"@id\":\"https:\/\/www.miomiorun.com\/es\/#\/schema\/logo\/image\/\",\"url\":\"https:\/\/www.miomiorun.com\/app\/uploads\/2019\/12\/logomio.png\",\"contentUrl\":\"https:\/\/www.miomiorun.com\/app\/uploads\/2019\/12\/logomio.png\",\"width\":115,\"height\":82,\"caption\":\"MioMio Run\"},\"image\":{\"@id\":\"https:\/\/www.miomiorun.com\/es\/#\/schema\/logo\/image\/\"},\"sameAs\":[\"https:\/\/www.facebook.com\/miomiorun\/\",\"https:\/\/www.instagram.com\/miomiorun\/\"]}]}<\/script>\n<!-- \/ Yoast SEO plugin. -->","yoast_head_json":{"title":"Leki Neotrail Pro Fx.One Superlite - bastones para correr - MioMioRun.com","description":"El Neotrail Pro FX.One Superlite, con solo 120 g (120 cm), es el bast\u00f3n m\u00e1s ligero que LEKI ha desarrollado jam\u00e1s. Peso 100 % optimizado","robots":{"index":"index","follow":"follow","max-snippet":"max-snippet:-1","max-image-preview":"max-image-preview:large","max-video-preview":"max-video-preview:-1"},"canonical":"https:\/\/www.miomiorun.com\/es\/producto\/neotrail-pro-fx-one-superlite\/","og_locale":"es_ES","og_type":"article","og_title":"Leki Neotrail Pro Fx.One Superlite - bastones para correr - MioMioRun.com","og_description":"El Neotrail Pro FX.One Superlite, con solo 120 g (120 cm), es el bast\u00f3n m\u00e1s ligero que LEKI ha desarrollado jam\u00e1s. Peso 100 % optimizado","og_url":"https:\/\/www.miomiorun.com\/es\/producto\/neotrail-pro-fx-one-superlite\/","og_site_name":"MioMioRun","article_publisher":"https:\/\/www.facebook.com\/miomiorun\/","article_modified_time":"2026-05-07T15:37:16+00:00","og_image":[{"width":600,"height":600,"url":"https:\/\/www.miomiorun.com\/app\/uploads\/2024\/04\/leki-Neotrail-Pro-FX-One-Superlite-naturalcarbon-65425891.webp","type":"image\/webp"}],"twitter_card":"summary_large_image","twitter_misc":{"Est. reading time":"2 minutes"},"schema":{"@context":"https:\/\/schema.org","@graph":[{"@type":"WebPage","@id":"https:\/\/www.miomiorun.com\/es\/producto\/neotrail-pro-fx-one-superlite\/","url":"https:\/\/www.miomiorun.com\/es\/producto\/neotrail-pro-fx-one-superlite\/","name":"Leki Neotrail Pro Fx.One Superlite - bastones para correr - MioMioRun.com","isPartOf":{"@id":"https:\/\/www.miomiorun.com\/es\/#website"},"primaryImageOfPage":{"@id":"https:\/\/www.miomiorun.com\/es\/producto\/neotrail-pro-fx-one-superlite\/#primaryimage"},"image":{"@id":"https:\/\/www.miomiorun.com\/es\/producto\/neotrail-pro-fx-one-superlite\/#primaryimage"},"thumbnailUrl":"https:\/\/www.miomiorun.com\/app\/uploads\/2024\/04\/leki-Neotrail-Pro-FX-One-Superlite-naturalcarbon-65425891.webp","datePublished":"2024-04-23T11:16:51+00:00","dateModified":"2026-05-07T15:37:16+00:00","description":"El Neotrail Pro FX.One Superlite, con solo 120 g (120 cm), es el bast\u00f3n m\u00e1s ligero que LEKI ha desarrollado jam\u00e1s. Peso 100 % optimizado","breadcrumb":{"@id":"https:\/\/www.miomiorun.com\/es\/producto\/neotrail-pro-fx-one-superlite\/#breadcrumb"},"inLanguage":"es-ES","potentialAction":[{"@type":"ReadAction","target":["https:\/\/www.miomiorun.com\/es\/producto\/neotrail-pro-fx-one-superlite\/"]}]},{"@type":"ImageObject","inLanguage":"es-ES","@id":"https:\/\/www.miomiorun.com\/es\/producto\/neotrail-pro-fx-one-superlite\/#primaryimage","url":"https:\/\/www.miomiorun.com\/app\/uploads\/2024\/04\/leki-Neotrail-Pro-FX-One-Superlite-naturalcarbon-65425891.webp","contentUrl":"https:\/\/www.miomiorun.com\/app\/uploads\/2024\/04\/leki-Neotrail-Pro-FX-One-Superlite-naturalcarbon-65425891.webp","width":600,"height":600,"caption":"leki Neotrail Pro FX One Superlite naturalcarbon 65425891"},{"@type":"BreadcrumbList","@id":"https:\/\/www.miomiorun.com\/es\/producto\/neotrail-pro-fx-one-superlite\/#breadcrumb","itemListElement":[{"@type":"ListItem","position":1,"name":"Home","item":"https:\/\/www.miomiorun.com\/es\/"},{"@type":"ListItem","position":2,"name":"Shop","item":"https:\/\/www.miomiorun.com\/shop\/"},{"@type":"ListItem","position":3,"name":"Neotrail Pro Fx.One Superlite"}]},{"@type":"WebSite","@id":"https:\/\/www.miomiorun.com\/es\/#website","url":"https:\/\/www.miomiorun.com\/es\/","name":"MioMioRun","description":"Tienda 100% running y trail","publisher":{"@id":"https:\/\/www.miomiorun.com\/es\/#organization"},"potentialAction":[{"@type":"SearchAction","target":{"@type":"EntryPoint","urlTemplate":"https:\/\/www.miomiorun.com\/es\/?s={search_term_string}"},"query-input":{"@type":"PropertyValueSpecification","valueRequired":true,"valueName":"search_term_string"}}],"inLanguage":"es-ES"},{"@type":"Organization","@id":"https:\/\/www.miomiorun.com\/es\/#organization","name":"MioMio Run","url":"https:\/\/www.miomiorun.com\/es\/","logo":{"@type":"ImageObject","inLanguage":"es-ES","@id":"https:\/\/www.miomiorun.com\/es\/#\/schema\/logo\/image\/","url":"https:\/\/www.miomiorun.com\/app\/uploads\/2019\/12\/logomio.png","contentUrl":"https:\/\/www.miomiorun.com\/app\/uploads\/2019\/12\/logomio.png","width":115,"height":82,"caption":"MioMio Run"},"image":{"@id":"https:\/\/www.miomiorun.com\/es\/#\/schema\/logo\/image\/"},"sameAs":["https:\/\/www.facebook.com\/miomiorun\/","https:\/\/www.instagram.com\/miomiorun\/"]}]}},"_links":{"self":[{"href":"https:\/\/www.miomiorun.com\/es\/wp-json\/wp\/v2\/product\/291532","targetHints":{"allow":["GET"]}}],"collection":[{"href":"https:\/\/www.miomiorun.com\/es\/wp-json\/wp\/v2\/product"}],"about":[{"href":"https:\/\/www.miomiorun.com\/es\/wp-json\/wp\/v2\/types\/product"}],"wp:featuredmedia":[{"embeddable":true,"href":"https:\/\/www.miomiorun.com\/es\/wp-json\/wp\/v2\/media\/247105"}],"wp:attachment":[{"href":"https:\/\/www.miomiorun.com\/es\/wp-json\/wp\/v2\/media?parent=291532"}],"wp:term":[{"taxonomy":"product_brand","embeddable":true,"href":"https:\/\/www.miomiorun.com\/es\/wp-json\/wp\/v2\/product_brand?post=291532"},{"taxonomy":"product_cat","embeddable":true,"href":"https:\/\/www.miomiorun.com\/es\/wp-json\/wp\/v2\/product_cat?post=291532"},{"taxonomy":"product_tag","embeddable":true,"href":"https:\/\/www.miomiorun.com\/es\/wp-json\/wp\/v2\/product_tag?post=291532"}],"curies":[{"name":"wp","href":"https:\/\/api.w.org\/{rel}","templated":true}]}}