{"id":291515,"date":"2024-04-23T14:32:15","date_gmt":"2024-04-23T12:32:15","guid":{"rendered":"https:\/\/miomiorun.com\/prodotto\/pinnacle-series-waistpack\/"},"modified":"2026-05-08T22:04:33","modified_gmt":"2026-05-08T20:04:33","slug":"pinnacle-series-waistpack","status":"publish","type":"product","link":"https:\/\/www.miomiorun.com\/es\/producto\/pinnacle-series-waistpack\/","title":{"rendered":"Pinnacle Series Waistpack"},"content":{"rendered":"<p>Dise\u00f1ado pensando en el corredor minimalista, el ri\u00f1onera <strong>Pinnacle Series Waistpack<\/strong> lo tiene todo. Elegante y c\u00f3modo, con un dise\u00f1o que permite pasar las piernas por delante, cuenta con cuatro bolsillos exteriores y un acceso r\u00e1pido y eficaz a la botella de agua. Ligero y sin rebotes, este ri\u00f1onera ofrece justo lo que necesitas sin comprometer el rendimiento.<\/p>\n<p>&nbsp;<\/p>\n<h3 dir=\"ltr\" data-placeholder=\"Traduzione\">Caracter\u00edsticas:<\/h3>\n<ul>\n<li dir=\"ltr\" data-placeholder=\"Traduzione\">\n<p id=\"tw-target-text\" class=\"tw-data-text tw-text-large XcVN5d tw-ta\" dir=\"ltr\" data-placeholder=\"Traduzione\"><span class=\"Y2IQFc\" lang=\"it\"><span class=\"metafield-multi_line_text_field\">Botella flexible de 591 ml con tap\u00f3n.<\/span><\/span><\/p>\n<\/li>\n<li dir=\"ltr\" data-placeholder=\"Traduzione\">\n<p id=\"tw-target-text\" class=\"tw-data-text tw-text-large XcVN5d tw-ta\" dir=\"ltr\" data-placeholder=\"Traduzione\"><span class=\"Y2IQFc\" lang=\"it\"><span class=\"metafield-multi_line_text_field\">Bolsillo delantero con cremallera para el tel\u00e9fono.<\/span><\/span><\/p>\n<\/li>\n<li dir=\"ltr\" data-placeholder=\"Traduzione\">\n<p id=\"tw-target-text\" class=\"tw-data-text tw-text-large XcVN5d tw-ta\" dir=\"ltr\" data-placeholder=\"Traduzione\"><span class=\"Y2IQFc\" lang=\"it\"><span class=\"metafield-multi_line_text_field\">Dos bolsillos laterales para las llaves o la comida.<br \/>\n<\/span><\/span><\/p>\n<\/li>\n<li dir=\"ltr\" data-placeholder=\"Traduzione\">\n<p id=\"tw-target-text\" class=\"tw-data-text tw-text-large XcVN5d tw-ta\" dir=\"ltr\" data-placeholder=\"Traduzione\"><span class=\"Y2IQFc\" lang=\"it\"><span class=\"metafield-multi_line_text_field\">Bolsillo para la hidrataci\u00f3n situado en el centro de la espalda, acolchado con espuma para mayor estabilidad, adem\u00e1s de una amplia abertura que facilita el acceso al contenido.<\/span><\/span><\/p>\n<\/li>\n<li dir=\"ltr\" data-placeholder=\"Traduzione\">\n<p id=\"tw-target-text\" class=\"tw-data-text tw-text-large XcVN5d tw-ta\" dir=\"ltr\" data-placeholder=\"Traduzione\"><span class=\"Y2IQFc\" lang=\"it\"><span class=\"metafield-multi_line_text_field\">Leng\u00fcetas de compresi\u00f3n a ambos lados de la ri\u00f1onera; al tirar de las leng\u00fcetas, se comprime la cantimplora blanda mientras bebes agua.<\/span><\/span><\/p>\n<\/li>\n<\/ul>\n<p><strong>Peso<\/strong>: 113,40 g<\/p>\n<p><strong>Capacidad de almacenamiento<\/strong>: 0,5 litros<\/p>\n<p>&nbsp;<\/p>\n<p dir=\"ltr\" data-placeholder=\"Traduzione\">\n","protected":false},"excerpt":{"rendered":"<ul>\n<li>Cintur\u00f3n ajustado para llevar durante la pr\u00e1ctica deportiva.<\/li>\n<li>Ideal para llevar las llaves, el tel\u00e9fono y la botella de agua.<\/li>\n<\/ul>\n","protected":false},"featured_media":247073,"template":"","meta":{"_acf_changed":false,"inline_featured_image":false},"product_brand":[],"product_cat":[24205,24409,24426],"product_tag":[23510],"class_list":{"0":"post-291515","1":"product","2":"type-product","3":"status-publish","4":"has-post-thumbnail","6":"product_cat-accesorios","7":"product_cat-cinturones-es","8":"product_cat-mochilas-y-cinturones-es","9":"product_tag-nathan-es","10":"pa_attivita-caminar","11":"pa_attivita-outdoor-es","12":"pa_attivita-running-es","13":"pa_attivita-trail-es","14":"pa_marca-nathan-es","15":"pa_sesso-hombre","16":"pa_sesso-mujer","17":"pa_size-s-m-es","18":"pa_size-l-xl-es","20":"first","21":"instock","22":"sale","23":"taxable","24":"shipping-taxable","25":"purchasable","26":"product-type-variable","27":"wvs-archive-product-wrapper"},"acf":[],"yoast_head":"<!-- This site is optimized with the Yoast SEO plugin v26.8 - https:\/\/yoast.com\/product\/yoast-seo-wordpress\/ -->\n<title>Nathan Pinnacle Series Waistpack - cintur\u00f3n para correr MioMioRun .com<\/title>\n<meta name=\"description\" content=\"El ri\u00f1onera Pinnacle Series Waistpack lo tiene todo. Elegante y c\u00f3moda, con un dise\u00f1o que permite pasar f\u00e1cilmente por encima, cuenta con bolsillos y un acceso r\u00e1pido a la botella de agua.\" \/>\n<meta name=\"robots\" content=\"index, follow, max-snippet:-1, max-image-preview:large, max-video-preview:-1\" \/>\n<link rel=\"canonical\" href=\"https:\/\/www.miomiorun.com\/es\/producto\/pinnacle-series-waistpack\/\" \/>\n<meta property=\"og:locale\" content=\"es_ES\" \/>\n<meta property=\"og:type\" content=\"article\" \/>\n<meta property=\"og:title\" content=\"Nathan Pinnacle Series Waistpack - cintur\u00f3n para correr MioMioRun .com\" \/>\n<meta property=\"og:description\" content=\"El ri\u00f1onera Pinnacle Series Waistpack lo tiene todo. Elegante y c\u00f3moda, con un dise\u00f1o que permite pasar f\u00e1cilmente por encima, cuenta con bolsillos y un acceso r\u00e1pido a la botella de agua.\" \/>\n<meta property=\"og:url\" content=\"https:\/\/www.miomiorun.com\/es\/producto\/pinnacle-series-waistpack\/\" \/>\n<meta property=\"og:site_name\" content=\"MioMioRun\" \/>\n<meta property=\"article:publisher\" content=\"https:\/\/www.facebook.com\/miomiorun\/\" \/>\n<meta property=\"article:modified_time\" content=\"2026-05-08T20:04:33+00:00\" \/>\n<meta property=\"og:image\" content=\"https:\/\/www.miomiorun.com\/app\/uploads\/2024\/04\/nathan-Pinnacle-series-waistback-40220.webp\" \/>\n\t<meta property=\"og:image:width\" content=\"600\" \/>\n\t<meta property=\"og:image:height\" content=\"600\" \/>\n\t<meta property=\"og:image:type\" content=\"image\/webp\" \/>\n<meta name=\"twitter:card\" content=\"summary_large_image\" \/>\n<meta name=\"twitter:label1\" content=\"Est. reading time\" \/>\n\t<meta name=\"twitter:data1\" content=\"1 minute\" \/>\n<script type=\"application\/ld+json\" class=\"yoast-schema-graph\">{\"@context\":\"https:\/\/schema.org\",\"@graph\":[{\"@type\":\"WebPage\",\"@id\":\"https:\/\/www.miomiorun.com\/es\/producto\/pinnacle-series-waistpack\/\",\"url\":\"https:\/\/www.miomiorun.com\/es\/producto\/pinnacle-series-waistpack\/\",\"name\":\"Nathan Pinnacle Series Waistpack - cintur\u00f3n para correr MioMioRun .com\",\"isPartOf\":{\"@id\":\"https:\/\/www.miomiorun.com\/es\/#website\"},\"primaryImageOfPage\":{\"@id\":\"https:\/\/www.miomiorun.com\/es\/producto\/pinnacle-series-waistpack\/#primaryimage\"},\"image\":{\"@id\":\"https:\/\/www.miomiorun.com\/es\/producto\/pinnacle-series-waistpack\/#primaryimage\"},\"thumbnailUrl\":\"https:\/\/www.miomiorun.com\/app\/uploads\/2024\/04\/nathan-Pinnacle-series-waistback-40220.webp\",\"datePublished\":\"2024-04-23T12:32:15+00:00\",\"dateModified\":\"2026-05-08T20:04:33+00:00\",\"description\":\"El ri\u00f1onera Pinnacle Series Waistpack lo tiene todo. Elegante y c\u00f3moda, con un dise\u00f1o que permite pasar f\u00e1cilmente por encima, cuenta con bolsillos y un acceso r\u00e1pido a la botella de agua.\",\"breadcrumb\":{\"@id\":\"https:\/\/www.miomiorun.com\/es\/producto\/pinnacle-series-waistpack\/#breadcrumb\"},\"inLanguage\":\"es-ES\",\"potentialAction\":[{\"@type\":\"ReadAction\",\"target\":[\"https:\/\/www.miomiorun.com\/es\/producto\/pinnacle-series-waistpack\/\"]}]},{\"@type\":\"ImageObject\",\"inLanguage\":\"es-ES\",\"@id\":\"https:\/\/www.miomiorun.com\/es\/producto\/pinnacle-series-waistpack\/#primaryimage\",\"url\":\"https:\/\/www.miomiorun.com\/app\/uploads\/2024\/04\/nathan-Pinnacle-series-waistback-40220.webp\",\"contentUrl\":\"https:\/\/www.miomiorun.com\/app\/uploads\/2024\/04\/nathan-Pinnacle-series-waistback-40220.webp\",\"width\":600,\"height\":600,\"caption\":\"nathan Pinnacle series waistback 40220\"},{\"@type\":\"BreadcrumbList\",\"@id\":\"https:\/\/www.miomiorun.com\/es\/producto\/pinnacle-series-waistpack\/#breadcrumb\",\"itemListElement\":[{\"@type\":\"ListItem\",\"position\":1,\"name\":\"Home\",\"item\":\"https:\/\/www.miomiorun.com\/es\/\"},{\"@type\":\"ListItem\",\"position\":2,\"name\":\"Shop\",\"item\":\"https:\/\/www.miomiorun.com\/shop\/\"},{\"@type\":\"ListItem\",\"position\":3,\"name\":\"Pinnacle Series Waistpack\"}]},{\"@type\":\"WebSite\",\"@id\":\"https:\/\/www.miomiorun.com\/es\/#website\",\"url\":\"https:\/\/www.miomiorun.com\/es\/\",\"name\":\"MioMioRun\",\"description\":\"Tienda 100% running y trail\",\"publisher\":{\"@id\":\"https:\/\/www.miomiorun.com\/es\/#organization\"},\"potentialAction\":[{\"@type\":\"SearchAction\",\"target\":{\"@type\":\"EntryPoint\",\"urlTemplate\":\"https:\/\/www.miomiorun.com\/es\/?s={search_term_string}\"},\"query-input\":{\"@type\":\"PropertyValueSpecification\",\"valueRequired\":true,\"valueName\":\"search_term_string\"}}],\"inLanguage\":\"es-ES\"},{\"@type\":\"Organization\",\"@id\":\"https:\/\/www.miomiorun.com\/es\/#organization\",\"name\":\"MioMio Run\",\"url\":\"https:\/\/www.miomiorun.com\/es\/\",\"logo\":{\"@type\":\"ImageObject\",\"inLanguage\":\"es-ES\",\"@id\":\"https:\/\/www.miomiorun.com\/es\/#\/schema\/logo\/image\/\",\"url\":\"https:\/\/www.miomiorun.com\/app\/uploads\/2019\/12\/logomio.png\",\"contentUrl\":\"https:\/\/www.miomiorun.com\/app\/uploads\/2019\/12\/logomio.png\",\"width\":115,\"height\":82,\"caption\":\"MioMio Run\"},\"image\":{\"@id\":\"https:\/\/www.miomiorun.com\/es\/#\/schema\/logo\/image\/\"},\"sameAs\":[\"https:\/\/www.facebook.com\/miomiorun\/\",\"https:\/\/www.instagram.com\/miomiorun\/\"]}]}<\/script>\n<!-- \/ Yoast SEO plugin. -->","yoast_head_json":{"title":"Nathan Pinnacle Series Waistpack - cintur\u00f3n para correr MioMioRun .com","description":"El ri\u00f1onera Pinnacle Series Waistpack lo tiene todo. Elegante y c\u00f3moda, con un dise\u00f1o que permite pasar f\u00e1cilmente por encima, cuenta con bolsillos y un acceso r\u00e1pido a la botella de agua.","robots":{"index":"index","follow":"follow","max-snippet":"max-snippet:-1","max-image-preview":"max-image-preview:large","max-video-preview":"max-video-preview:-1"},"canonical":"https:\/\/www.miomiorun.com\/es\/producto\/pinnacle-series-waistpack\/","og_locale":"es_ES","og_type":"article","og_title":"Nathan Pinnacle Series Waistpack - cintur\u00f3n para correr MioMioRun .com","og_description":"El ri\u00f1onera Pinnacle Series Waistpack lo tiene todo. Elegante y c\u00f3moda, con un dise\u00f1o que permite pasar f\u00e1cilmente por encima, cuenta con bolsillos y un acceso r\u00e1pido a la botella de agua.","og_url":"https:\/\/www.miomiorun.com\/es\/producto\/pinnacle-series-waistpack\/","og_site_name":"MioMioRun","article_publisher":"https:\/\/www.facebook.com\/miomiorun\/","article_modified_time":"2026-05-08T20:04:33+00:00","og_image":[{"width":600,"height":600,"url":"https:\/\/www.miomiorun.com\/app\/uploads\/2024\/04\/nathan-Pinnacle-series-waistback-40220.webp","type":"image\/webp"}],"twitter_card":"summary_large_image","twitter_misc":{"Est. reading time":"1 minute"},"schema":{"@context":"https:\/\/schema.org","@graph":[{"@type":"WebPage","@id":"https:\/\/www.miomiorun.com\/es\/producto\/pinnacle-series-waistpack\/","url":"https:\/\/www.miomiorun.com\/es\/producto\/pinnacle-series-waistpack\/","name":"Nathan Pinnacle Series Waistpack - cintur\u00f3n para correr MioMioRun .com","isPartOf":{"@id":"https:\/\/www.miomiorun.com\/es\/#website"},"primaryImageOfPage":{"@id":"https:\/\/www.miomiorun.com\/es\/producto\/pinnacle-series-waistpack\/#primaryimage"},"image":{"@id":"https:\/\/www.miomiorun.com\/es\/producto\/pinnacle-series-waistpack\/#primaryimage"},"thumbnailUrl":"https:\/\/www.miomiorun.com\/app\/uploads\/2024\/04\/nathan-Pinnacle-series-waistback-40220.webp","datePublished":"2024-04-23T12:32:15+00:00","dateModified":"2026-05-08T20:04:33+00:00","description":"El ri\u00f1onera Pinnacle Series Waistpack lo tiene todo. Elegante y c\u00f3moda, con un dise\u00f1o que permite pasar f\u00e1cilmente por encima, cuenta con bolsillos y un acceso r\u00e1pido a la botella de agua.","breadcrumb":{"@id":"https:\/\/www.miomiorun.com\/es\/producto\/pinnacle-series-waistpack\/#breadcrumb"},"inLanguage":"es-ES","potentialAction":[{"@type":"ReadAction","target":["https:\/\/www.miomiorun.com\/es\/producto\/pinnacle-series-waistpack\/"]}]},{"@type":"ImageObject","inLanguage":"es-ES","@id":"https:\/\/www.miomiorun.com\/es\/producto\/pinnacle-series-waistpack\/#primaryimage","url":"https:\/\/www.miomiorun.com\/app\/uploads\/2024\/04\/nathan-Pinnacle-series-waistback-40220.webp","contentUrl":"https:\/\/www.miomiorun.com\/app\/uploads\/2024\/04\/nathan-Pinnacle-series-waistback-40220.webp","width":600,"height":600,"caption":"nathan Pinnacle series waistback 40220"},{"@type":"BreadcrumbList","@id":"https:\/\/www.miomiorun.com\/es\/producto\/pinnacle-series-waistpack\/#breadcrumb","itemListElement":[{"@type":"ListItem","position":1,"name":"Home","item":"https:\/\/www.miomiorun.com\/es\/"},{"@type":"ListItem","position":2,"name":"Shop","item":"https:\/\/www.miomiorun.com\/shop\/"},{"@type":"ListItem","position":3,"name":"Pinnacle Series Waistpack"}]},{"@type":"WebSite","@id":"https:\/\/www.miomiorun.com\/es\/#website","url":"https:\/\/www.miomiorun.com\/es\/","name":"MioMioRun","description":"Tienda 100% running y trail","publisher":{"@id":"https:\/\/www.miomiorun.com\/es\/#organization"},"potentialAction":[{"@type":"SearchAction","target":{"@type":"EntryPoint","urlTemplate":"https:\/\/www.miomiorun.com\/es\/?s={search_term_string}"},"query-input":{"@type":"PropertyValueSpecification","valueRequired":true,"valueName":"search_term_string"}}],"inLanguage":"es-ES"},{"@type":"Organization","@id":"https:\/\/www.miomiorun.com\/es\/#organization","name":"MioMio Run","url":"https:\/\/www.miomiorun.com\/es\/","logo":{"@type":"ImageObject","inLanguage":"es-ES","@id":"https:\/\/www.miomiorun.com\/es\/#\/schema\/logo\/image\/","url":"https:\/\/www.miomiorun.com\/app\/uploads\/2019\/12\/logomio.png","contentUrl":"https:\/\/www.miomiorun.com\/app\/uploads\/2019\/12\/logomio.png","width":115,"height":82,"caption":"MioMio Run"},"image":{"@id":"https:\/\/www.miomiorun.com\/es\/#\/schema\/logo\/image\/"},"sameAs":["https:\/\/www.facebook.com\/miomiorun\/","https:\/\/www.instagram.com\/miomiorun\/"]}]}},"_links":{"self":[{"href":"https:\/\/www.miomiorun.com\/es\/wp-json\/wp\/v2\/product\/291515","targetHints":{"allow":["GET"]}}],"collection":[{"href":"https:\/\/www.miomiorun.com\/es\/wp-json\/wp\/v2\/product"}],"about":[{"href":"https:\/\/www.miomiorun.com\/es\/wp-json\/wp\/v2\/types\/product"}],"wp:featuredmedia":[{"embeddable":true,"href":"https:\/\/www.miomiorun.com\/es\/wp-json\/wp\/v2\/media\/247073"}],"wp:attachment":[{"href":"https:\/\/www.miomiorun.com\/es\/wp-json\/wp\/v2\/media?parent=291515"}],"wp:term":[{"taxonomy":"product_brand","embeddable":true,"href":"https:\/\/www.miomiorun.com\/es\/wp-json\/wp\/v2\/product_brand?post=291515"},{"taxonomy":"product_cat","embeddable":true,"href":"https:\/\/www.miomiorun.com\/es\/wp-json\/wp\/v2\/product_cat?post=291515"},{"taxonomy":"product_tag","embeddable":true,"href":"https:\/\/www.miomiorun.com\/es\/wp-json\/wp\/v2\/product_tag?post=291515"}],"curies":[{"name":"wp","href":"https:\/\/api.w.org\/{rel}","templated":true}]}}