{"id":291477,"date":"2024-04-24T17:35:09","date_gmt":"2024-04-24T15:35:09","guid":{"rendered":"https:\/\/miomiorun.com\/prodotto\/zipster-2-0-adjustable\/"},"modified":"2026-05-07T17:44:15","modified_gmt":"2026-05-07T15:44:15","slug":"zipster-2-0-adjustable","status":"publish","type":"product","link":"https:\/\/www.miomiorun.com\/es\/producto\/zipster-2-0-adjustable\/","title":{"rendered":"Zipster 2.0 adjustable"},"content":{"rendered":"<p><strong>El Adjustable Fit Zipster 2.0<\/strong> es el \u00fanico cintur\u00f3n para correr que necesitas. Lleva tus objetos esenciales cerca de la cintura de forma segura y sin que reboten. La hebilla ajustable permite un ajuste perfecto para cualquier tipo de complexi\u00f3n.<\/p>\n<p><strong>TALLA REAL + AJUSTE<\/strong><br \/>\nLa nueva hebilla ajustable de liberaci\u00f3n r\u00e1pida permite un ajuste perfecto para cualquier tipo de complexi\u00f3n. Apri\u00e9tala bien en los costados para correr y afloja para dar un paseo por el parque: ll\u00e9vala a tu manera, todos los d\u00edas.<\/p>\n<p><strong>ALMACENAMIENTO EN LA PARTE INFERIOR<\/strong><br \/>\nMant\u00e9n las manos libres mientras te estiras y sigues adelante con un bolsillo resistente a la intemperie con cremallera: tres bolsillos individuales en total. Lleva el tel\u00e9fono, las llaves, las tarjetas, el dinero en efectivo y cualquier otro peque\u00f1o objeto esencial de forma natural.<\/p>\n<p>&nbsp;<\/p>\n<p><strong>Caracter\u00edsticas:<\/strong><\/p>\n<p><span class=\"metafield-multi_line_text_field\">\u2022 El bolsillo con cremallera resistente a la intemperie y los dos bolsillos de acceso r\u00e1pido ofrecen una soluci\u00f3n c\u00f3moda para llevar tus objetos esenciales.<br \/>\n\u2022 El tejido el\u00e1stico ligero se adapta a la cintura.<br \/>\n\u2022 La hebilla ajustable de perfil bajo garantiza un ajuste seguro a tu cuerpo.<br \/>\n\u2022 Se adapta a la mayor\u00eda de los smartphones de gran formato.<br \/>\n\u2022 Material: 86 % nailon\/14 % spandex.<\/span><\/p>\n<p>&nbsp;<\/p>\n<p>&nbsp;<\/p>\n<p>&nbsp;<\/p>\n<p dir=\"ltr\" data-placeholder=\"Traduzione\">\n","protected":false},"excerpt":{"rendered":"<ul>\n<li>Cintur\u00f3n ajustado para llevar durante la pr\u00e1ctica deportiva.<\/li>\n<li>Ideal para llevar las llaves, el tel\u00e9fono y la botella de agua.<\/li>\n<\/ul>\n","protected":false},"featured_media":247091,"template":"","meta":{"_acf_changed":false,"inline_featured_image":false},"product_brand":[],"product_cat":[24205,24409,24426],"product_tag":[23510],"class_list":{"0":"post-291477","1":"product","2":"type-product","3":"status-publish","4":"has-post-thumbnail","6":"product_cat-accesorios","7":"product_cat-cinturones-es","8":"product_cat-mochilas-y-cinturones-es","9":"product_tag-nathan-es","10":"pa_attivita-caminar","11":"pa_attivita-outdoor-es","12":"pa_attivita-running-es","13":"pa_attivita-trail-es","14":"pa_colore-the-zipster-adjustable-black-es","15":"pa_colore-the-zipster-adjustable-blue-es","16":"pa_colore-the-zipster-adjustable-grey-es","17":"pa_marca-nathan-es","18":"pa_sesso-hombre","19":"pa_sesso-mujer","21":"first","22":"instock","23":"sale","24":"taxable","25":"shipping-taxable","26":"purchasable","27":"product-type-variable","28":"wvs-archive-product-wrapper"},"acf":[],"yoast_head":"<!-- This site is optimized with the Yoast SEO plugin v26.8 - https:\/\/yoast.com\/product\/yoast-seo-wordpress\/ -->\n<title>Nathan Zipster 2.0 adjustable - cintura da running MioMioRun .com<\/title>\n<meta name=\"description\" content=\"L&#039;Adjustable Fit Zipster 2.0 \u00e8 l&#039;unica cintura da corsa di cui hai bisogno. Tieni i tuoi oggetti essenziali vicino alla vita in modo sicuro.\" \/>\n<meta name=\"robots\" content=\"index, follow, max-snippet:-1, max-image-preview:large, max-video-preview:-1\" \/>\n<link rel=\"canonical\" href=\"https:\/\/www.miomiorun.com\/es\/producto\/zipster-2-0-adjustable\/\" \/>\n<meta property=\"og:locale\" content=\"es_ES\" \/>\n<meta property=\"og:type\" content=\"article\" \/>\n<meta property=\"og:title\" content=\"Nathan Zipster 2.0 adjustable - cintura da running MioMioRun .com\" \/>\n<meta property=\"og:description\" content=\"L&#039;Adjustable Fit Zipster 2.0 \u00e8 l&#039;unica cintura da corsa di cui hai bisogno. Tieni i tuoi oggetti essenziali vicino alla vita in modo sicuro.\" \/>\n<meta property=\"og:url\" content=\"https:\/\/www.miomiorun.com\/es\/producto\/zipster-2-0-adjustable\/\" \/>\n<meta property=\"og:site_name\" content=\"MioMioRun\" \/>\n<meta property=\"article:publisher\" content=\"https:\/\/www.facebook.com\/miomiorun\/\" \/>\n<meta property=\"article:modified_time\" content=\"2026-05-07T15:44:15+00:00\" \/>\n<meta property=\"og:image\" content=\"https:\/\/www.miomiorun.com\/app\/uploads\/2024\/05\/nathan-The-zipster-adjustable-black-30530.webp\" \/>\n\t<meta property=\"og:image:width\" content=\"600\" \/>\n\t<meta property=\"og:image:height\" content=\"600\" \/>\n\t<meta property=\"og:image:type\" content=\"image\/webp\" \/>\n<meta name=\"twitter:card\" content=\"summary_large_image\" \/>\n<meta name=\"twitter:label1\" content=\"Est. reading time\" \/>\n\t<meta name=\"twitter:data1\" content=\"1 minute\" \/>\n<script type=\"application\/ld+json\" class=\"yoast-schema-graph\">{\"@context\":\"https:\/\/schema.org\",\"@graph\":[{\"@type\":\"WebPage\",\"@id\":\"https:\/\/www.miomiorun.com\/es\/producto\/zipster-2-0-adjustable\/\",\"url\":\"https:\/\/www.miomiorun.com\/es\/producto\/zipster-2-0-adjustable\/\",\"name\":\"Nathan Zipster 2.0 adjustable - cintura da running MioMioRun .com\",\"isPartOf\":{\"@id\":\"https:\/\/www.miomiorun.com\/es\/#website\"},\"primaryImageOfPage\":{\"@id\":\"https:\/\/www.miomiorun.com\/es\/producto\/zipster-2-0-adjustable\/#primaryimage\"},\"image\":{\"@id\":\"https:\/\/www.miomiorun.com\/es\/producto\/zipster-2-0-adjustable\/#primaryimage\"},\"thumbnailUrl\":\"https:\/\/www.miomiorun.com\/app\/uploads\/2024\/05\/nathan-The-zipster-adjustable-black-30530.webp\",\"datePublished\":\"2024-04-24T15:35:09+00:00\",\"dateModified\":\"2026-05-07T15:44:15+00:00\",\"description\":\"L'Adjustable Fit Zipster 2.0 \u00e8 l'unica cintura da corsa di cui hai bisogno. Tieni i tuoi oggetti essenziali vicino alla vita in modo sicuro.\",\"breadcrumb\":{\"@id\":\"https:\/\/www.miomiorun.com\/es\/producto\/zipster-2-0-adjustable\/#breadcrumb\"},\"inLanguage\":\"es-ES\",\"potentialAction\":[{\"@type\":\"ReadAction\",\"target\":[\"https:\/\/www.miomiorun.com\/es\/producto\/zipster-2-0-adjustable\/\"]}]},{\"@type\":\"ImageObject\",\"inLanguage\":\"es-ES\",\"@id\":\"https:\/\/www.miomiorun.com\/es\/producto\/zipster-2-0-adjustable\/#primaryimage\",\"url\":\"https:\/\/www.miomiorun.com\/app\/uploads\/2024\/05\/nathan-The-zipster-adjustable-black-30530.webp\",\"contentUrl\":\"https:\/\/www.miomiorun.com\/app\/uploads\/2024\/05\/nathan-The-zipster-adjustable-black-30530.webp\",\"width\":600,\"height\":600,\"caption\":\"nathan The zipster adjustable black 30530\"},{\"@type\":\"BreadcrumbList\",\"@id\":\"https:\/\/www.miomiorun.com\/es\/producto\/zipster-2-0-adjustable\/#breadcrumb\",\"itemListElement\":[{\"@type\":\"ListItem\",\"position\":1,\"name\":\"Home\",\"item\":\"https:\/\/www.miomiorun.com\/es\/\"},{\"@type\":\"ListItem\",\"position\":2,\"name\":\"Shop\",\"item\":\"https:\/\/www.miomiorun.com\/shop\/\"},{\"@type\":\"ListItem\",\"position\":3,\"name\":\"Zipster 2.0 adjustable\"}]},{\"@type\":\"WebSite\",\"@id\":\"https:\/\/www.miomiorun.com\/es\/#website\",\"url\":\"https:\/\/www.miomiorun.com\/es\/\",\"name\":\"MioMioRun\",\"description\":\"Tienda 100% running y trail\",\"publisher\":{\"@id\":\"https:\/\/www.miomiorun.com\/es\/#organization\"},\"potentialAction\":[{\"@type\":\"SearchAction\",\"target\":{\"@type\":\"EntryPoint\",\"urlTemplate\":\"https:\/\/www.miomiorun.com\/es\/?s={search_term_string}\"},\"query-input\":{\"@type\":\"PropertyValueSpecification\",\"valueRequired\":true,\"valueName\":\"search_term_string\"}}],\"inLanguage\":\"es-ES\"},{\"@type\":\"Organization\",\"@id\":\"https:\/\/www.miomiorun.com\/es\/#organization\",\"name\":\"MioMio Run\",\"url\":\"https:\/\/www.miomiorun.com\/es\/\",\"logo\":{\"@type\":\"ImageObject\",\"inLanguage\":\"es-ES\",\"@id\":\"https:\/\/www.miomiorun.com\/es\/#\/schema\/logo\/image\/\",\"url\":\"https:\/\/www.miomiorun.com\/app\/uploads\/2019\/12\/logomio.png\",\"contentUrl\":\"https:\/\/www.miomiorun.com\/app\/uploads\/2019\/12\/logomio.png\",\"width\":115,\"height\":82,\"caption\":\"MioMio Run\"},\"image\":{\"@id\":\"https:\/\/www.miomiorun.com\/es\/#\/schema\/logo\/image\/\"},\"sameAs\":[\"https:\/\/www.facebook.com\/miomiorun\/\",\"https:\/\/www.instagram.com\/miomiorun\/\"]}]}<\/script>\n<!-- \/ Yoast SEO plugin. -->","yoast_head_json":{"title":"Nathan Zipster 2.0 adjustable - cintura da running MioMioRun .com","description":"L'Adjustable Fit Zipster 2.0 \u00e8 l'unica cintura da corsa di cui hai bisogno. Tieni i tuoi oggetti essenziali vicino alla vita in modo sicuro.","robots":{"index":"index","follow":"follow","max-snippet":"max-snippet:-1","max-image-preview":"max-image-preview:large","max-video-preview":"max-video-preview:-1"},"canonical":"https:\/\/www.miomiorun.com\/es\/producto\/zipster-2-0-adjustable\/","og_locale":"es_ES","og_type":"article","og_title":"Nathan Zipster 2.0 adjustable - cintura da running MioMioRun .com","og_description":"L'Adjustable Fit Zipster 2.0 \u00e8 l'unica cintura da corsa di cui hai bisogno. Tieni i tuoi oggetti essenziali vicino alla vita in modo sicuro.","og_url":"https:\/\/www.miomiorun.com\/es\/producto\/zipster-2-0-adjustable\/","og_site_name":"MioMioRun","article_publisher":"https:\/\/www.facebook.com\/miomiorun\/","article_modified_time":"2026-05-07T15:44:15+00:00","og_image":[{"width":600,"height":600,"url":"https:\/\/www.miomiorun.com\/app\/uploads\/2024\/05\/nathan-The-zipster-adjustable-black-30530.webp","type":"image\/webp"}],"twitter_card":"summary_large_image","twitter_misc":{"Est. reading time":"1 minute"},"schema":{"@context":"https:\/\/schema.org","@graph":[{"@type":"WebPage","@id":"https:\/\/www.miomiorun.com\/es\/producto\/zipster-2-0-adjustable\/","url":"https:\/\/www.miomiorun.com\/es\/producto\/zipster-2-0-adjustable\/","name":"Nathan Zipster 2.0 adjustable - cintura da running MioMioRun .com","isPartOf":{"@id":"https:\/\/www.miomiorun.com\/es\/#website"},"primaryImageOfPage":{"@id":"https:\/\/www.miomiorun.com\/es\/producto\/zipster-2-0-adjustable\/#primaryimage"},"image":{"@id":"https:\/\/www.miomiorun.com\/es\/producto\/zipster-2-0-adjustable\/#primaryimage"},"thumbnailUrl":"https:\/\/www.miomiorun.com\/app\/uploads\/2024\/05\/nathan-The-zipster-adjustable-black-30530.webp","datePublished":"2024-04-24T15:35:09+00:00","dateModified":"2026-05-07T15:44:15+00:00","description":"L'Adjustable Fit Zipster 2.0 \u00e8 l'unica cintura da corsa di cui hai bisogno. Tieni i tuoi oggetti essenziali vicino alla vita in modo sicuro.","breadcrumb":{"@id":"https:\/\/www.miomiorun.com\/es\/producto\/zipster-2-0-adjustable\/#breadcrumb"},"inLanguage":"es-ES","potentialAction":[{"@type":"ReadAction","target":["https:\/\/www.miomiorun.com\/es\/producto\/zipster-2-0-adjustable\/"]}]},{"@type":"ImageObject","inLanguage":"es-ES","@id":"https:\/\/www.miomiorun.com\/es\/producto\/zipster-2-0-adjustable\/#primaryimage","url":"https:\/\/www.miomiorun.com\/app\/uploads\/2024\/05\/nathan-The-zipster-adjustable-black-30530.webp","contentUrl":"https:\/\/www.miomiorun.com\/app\/uploads\/2024\/05\/nathan-The-zipster-adjustable-black-30530.webp","width":600,"height":600,"caption":"nathan The zipster adjustable black 30530"},{"@type":"BreadcrumbList","@id":"https:\/\/www.miomiorun.com\/es\/producto\/zipster-2-0-adjustable\/#breadcrumb","itemListElement":[{"@type":"ListItem","position":1,"name":"Home","item":"https:\/\/www.miomiorun.com\/es\/"},{"@type":"ListItem","position":2,"name":"Shop","item":"https:\/\/www.miomiorun.com\/shop\/"},{"@type":"ListItem","position":3,"name":"Zipster 2.0 adjustable"}]},{"@type":"WebSite","@id":"https:\/\/www.miomiorun.com\/es\/#website","url":"https:\/\/www.miomiorun.com\/es\/","name":"MioMioRun","description":"Tienda 100% running y trail","publisher":{"@id":"https:\/\/www.miomiorun.com\/es\/#organization"},"potentialAction":[{"@type":"SearchAction","target":{"@type":"EntryPoint","urlTemplate":"https:\/\/www.miomiorun.com\/es\/?s={search_term_string}"},"query-input":{"@type":"PropertyValueSpecification","valueRequired":true,"valueName":"search_term_string"}}],"inLanguage":"es-ES"},{"@type":"Organization","@id":"https:\/\/www.miomiorun.com\/es\/#organization","name":"MioMio Run","url":"https:\/\/www.miomiorun.com\/es\/","logo":{"@type":"ImageObject","inLanguage":"es-ES","@id":"https:\/\/www.miomiorun.com\/es\/#\/schema\/logo\/image\/","url":"https:\/\/www.miomiorun.com\/app\/uploads\/2019\/12\/logomio.png","contentUrl":"https:\/\/www.miomiorun.com\/app\/uploads\/2019\/12\/logomio.png","width":115,"height":82,"caption":"MioMio Run"},"image":{"@id":"https:\/\/www.miomiorun.com\/es\/#\/schema\/logo\/image\/"},"sameAs":["https:\/\/www.facebook.com\/miomiorun\/","https:\/\/www.instagram.com\/miomiorun\/"]}]}},"_links":{"self":[{"href":"https:\/\/www.miomiorun.com\/es\/wp-json\/wp\/v2\/product\/291477","targetHints":{"allow":["GET"]}}],"collection":[{"href":"https:\/\/www.miomiorun.com\/es\/wp-json\/wp\/v2\/product"}],"about":[{"href":"https:\/\/www.miomiorun.com\/es\/wp-json\/wp\/v2\/types\/product"}],"wp:featuredmedia":[{"embeddable":true,"href":"https:\/\/www.miomiorun.com\/es\/wp-json\/wp\/v2\/media\/247091"}],"wp:attachment":[{"href":"https:\/\/www.miomiorun.com\/es\/wp-json\/wp\/v2\/media?parent=291477"}],"wp:term":[{"taxonomy":"product_brand","embeddable":true,"href":"https:\/\/www.miomiorun.com\/es\/wp-json\/wp\/v2\/product_brand?post=291477"},{"taxonomy":"product_cat","embeddable":true,"href":"https:\/\/www.miomiorun.com\/es\/wp-json\/wp\/v2\/product_cat?post=291477"},{"taxonomy":"product_tag","embeddable":true,"href":"https:\/\/www.miomiorun.com\/es\/wp-json\/wp\/v2\/product_tag?post=291477"}],"curies":[{"name":"wp","href":"https:\/\/api.w.org\/{rel}","templated":true}]}}