{"id":291355,"date":"2024-05-07T16:35:11","date_gmt":"2024-05-07T14:35:11","guid":{"rendered":"https:\/\/miomiorun.com\/prodotto\/top-break-donna\/"},"modified":"2026-05-07T17:45:43","modified_gmt":"2026-05-07T15:45:43","slug":"top-break-mujer","status":"publish","type":"product","link":"https:\/\/www.miomiorun.com\/es\/producto\/top-break-mujer\/","title":{"rendered":"Top Break mujer"},"content":{"rendered":"<p>La \u00abTop Break mujer\u00bb de Crazy Idea es una prenda elegante y t\u00e9cnica, perfecta para cualquier ocasi\u00f3n, desde las actividades cotidianas hasta las al aire libre. Confeccionada con un tejido t\u00e9cnico de alta calidad, esta camiseta sin mangas presenta un dise\u00f1o moderno con una abertura en la espalda que la hace \u00fanica y a la \u00faltima. El tejido ligero y suave al tacto garantiza una comodidad excepcional, ideal para el senderismo y otras actividades al aire libre. Equipada con una doble capa de tejido superpuesta y un sujetador interior, ofrece un ajuste \u00f3ptimo y sujeci\u00f3n. La malla exterior transpirable con tratamiento Rapidry garantiza un secado r\u00e1pido, mientras que el dise\u00f1o de rayas finas realza la silueta femenina. Disponible en diferentes tallas y colores vivos y estampados, la \u00abTop Break mujer\u00bb es una opci\u00f3n vers\u00e1til y con estilo para tu armario. Perfecta para combinar tanto con pantalones como con faldas, te permite crear looks distintivos y a la moda. Descubre la combinaci\u00f3n de calidad, pasi\u00f3n y visi\u00f3n de futuro del estilo italiano en cada prenda, desarrollada gracias al asesoramiento de los mejores profesionales del deporte y la monta\u00f1a.<\/p>\n<p>&nbsp;<\/p>\n<p><strong>CARACTER\u00cdSTICAS:<\/strong><\/p>\n<ul>\n<li>Tejido: 88 % poli\u00e9ster, 12 % elastano.<\/li>\n<li>Tejido doble superpuesto altamente transpirable.<\/li>\n<li>Tirantes suaves<\/li>\n<li>Sujetador interior.<\/li>\n<\/ul>\n","protected":false},"excerpt":{"rendered":"<div class=\"flex flex-grow flex-col max-w-full\">\n<div class=\"min-h-[20px] text-message flex flex-col items-start whitespace-pre-wrap break-words [.text-message+&amp;]:mt-5 overflow-x-auto gap-3\" dir=\"auto\" data-message-author-role=\"assistant\" data-message-id=\"5c194ca5-da90-4871-9d49-f5f33601269a\">\n<div class=\"markdown prose w-full break-words dark:prose-invert light\">\n<ul>\n<li>Tejido t\u00e9cnico transpirable de secado r\u00e1pido.<\/li>\n<li>Dise\u00f1o elegante con sujetador incorporado para una sujeci\u00f3n \u00f3ptima.<\/li>\n<li>Vers\u00e1til para el deporte y el uso diario, disponible en varios colores.<\/li>\n<\/ul>\n<\/div>\n<\/div>\n<\/div>\n","protected":false},"featured_media":246967,"template":"","meta":{"_acf_changed":false,"inline_featured_image":false},"product_brand":[],"product_cat":[24399,24401,24402],"product_tag":[23488,23646],"class_list":{"0":"post-291355","1":"product","2":"type-product","3":"status-publish","4":"has-post-thumbnail","6":"product_cat-chalecos","7":"product_cat-ropa-de-mujer","8":"product_cat-mujer","9":"product_tag-crazy-idea-es","10":"product_tag-crazy-idea-mujer","11":"pa_attivita-caminar","12":"pa_attivita-trail-es","13":"pa_colore-top-break-mountain-flower-w-es","14":"pa_colore-top-break-w-falling-flower-es","15":"pa_marca-crazy-idea-es","16":"pa_sesso-mujer","17":"pa_size-extra-small-es","18":"pa_size-small-es","19":"pa_size-medium-es","21":"first","22":"instock","23":"sale","24":"taxable","25":"shipping-taxable","26":"purchasable","27":"product-type-variable","28":"wvs-archive-product-wrapper"},"acf":[],"yoast_head":"<!-- This site is optimized with the Yoast SEO plugin v26.8 - https:\/\/yoast.com\/product\/yoast-seo-wordpress\/ -->\n<title>Crazy Idea Top Break mujer - camiseta sin mangas para correr - MioMioRun<\/title>\n<meta name=\"description\" content=\"Descubre las \u00abTop Break para mujer\u00bb de Crazy Idea: elegantes, t\u00e9cnicas, perfectas para cualquier ocasi\u00f3n y actividad al aire libre. Comodidad y estilo italianos.\" \/>\n<meta name=\"robots\" content=\"index, follow, max-snippet:-1, max-image-preview:large, max-video-preview:-1\" \/>\n<link rel=\"canonical\" href=\"https:\/\/www.miomiorun.com\/es\/producto\/top-break-mujer\/\" \/>\n<meta property=\"og:locale\" content=\"es_ES\" \/>\n<meta property=\"og:type\" content=\"article\" \/>\n<meta property=\"og:title\" content=\"Crazy Idea Top Break mujer - camiseta sin mangas para correr - MioMioRun\" \/>\n<meta property=\"og:description\" content=\"Descubre las \u00abTop Break para mujer\u00bb de Crazy Idea: elegantes, t\u00e9cnicas, perfectas para cualquier ocasi\u00f3n y actividad al aire libre. Comodidad y estilo italianos.\" \/>\n<meta property=\"og:url\" content=\"https:\/\/www.miomiorun.com\/es\/producto\/top-break-mujer\/\" \/>\n<meta property=\"og:site_name\" content=\"MioMioRun\" \/>\n<meta property=\"article:publisher\" content=\"https:\/\/www.facebook.com\/miomiorun\/\" \/>\n<meta property=\"article:modified_time\" content=\"2026-05-07T15:45:43+00:00\" \/>\n<meta property=\"og:image\" content=\"https:\/\/www.miomiorun.com\/app\/uploads\/2024\/05\/crazy-Top-break-mountain-flower-W-S24196105D-00X191.webp\" \/>\n\t<meta property=\"og:image:width\" content=\"600\" \/>\n\t<meta property=\"og:image:height\" content=\"600\" \/>\n\t<meta property=\"og:image:type\" content=\"image\/webp\" \/>\n<meta name=\"twitter:card\" content=\"summary_large_image\" \/>\n<meta name=\"twitter:label1\" content=\"Est. reading time\" \/>\n\t<meta name=\"twitter:data1\" content=\"1 minute\" \/>\n<script type=\"application\/ld+json\" class=\"yoast-schema-graph\">{\"@context\":\"https:\/\/schema.org\",\"@graph\":[{\"@type\":\"WebPage\",\"@id\":\"https:\/\/www.miomiorun.com\/es\/producto\/top-break-mujer\/\",\"url\":\"https:\/\/www.miomiorun.com\/es\/producto\/top-break-mujer\/\",\"name\":\"Crazy Idea Top Break mujer - camiseta sin mangas para correr - MioMioRun\",\"isPartOf\":{\"@id\":\"https:\/\/www.miomiorun.com\/es\/#website\"},\"primaryImageOfPage\":{\"@id\":\"https:\/\/www.miomiorun.com\/es\/producto\/top-break-mujer\/#primaryimage\"},\"image\":{\"@id\":\"https:\/\/www.miomiorun.com\/es\/producto\/top-break-mujer\/#primaryimage\"},\"thumbnailUrl\":\"https:\/\/www.miomiorun.com\/app\/uploads\/2024\/05\/crazy-Top-break-mountain-flower-W-S24196105D-00X191.webp\",\"datePublished\":\"2024-05-07T14:35:11+00:00\",\"dateModified\":\"2026-05-07T15:45:43+00:00\",\"description\":\"Descubre las \u00abTop Break para mujer\u00bb de Crazy Idea: elegantes, t\u00e9cnicas, perfectas para cualquier ocasi\u00f3n y actividad al aire libre. Comodidad y estilo italianos.\",\"breadcrumb\":{\"@id\":\"https:\/\/www.miomiorun.com\/es\/producto\/top-break-mujer\/#breadcrumb\"},\"inLanguage\":\"es-ES\",\"potentialAction\":[{\"@type\":\"ReadAction\",\"target\":[\"https:\/\/www.miomiorun.com\/es\/producto\/top-break-mujer\/\"]}]},{\"@type\":\"ImageObject\",\"inLanguage\":\"es-ES\",\"@id\":\"https:\/\/www.miomiorun.com\/es\/producto\/top-break-mujer\/#primaryimage\",\"url\":\"https:\/\/www.miomiorun.com\/app\/uploads\/2024\/05\/crazy-Top-break-mountain-flower-W-S24196105D-00X191.webp\",\"contentUrl\":\"https:\/\/www.miomiorun.com\/app\/uploads\/2024\/05\/crazy-Top-break-mountain-flower-W-S24196105D-00X191.webp\",\"width\":600,\"height\":600,\"caption\":\"crazy Top break mountain flower W S24196105D-00X191\"},{\"@type\":\"BreadcrumbList\",\"@id\":\"https:\/\/www.miomiorun.com\/es\/producto\/top-break-mujer\/#breadcrumb\",\"itemListElement\":[{\"@type\":\"ListItem\",\"position\":1,\"name\":\"Home\",\"item\":\"https:\/\/www.miomiorun.com\/es\/\"},{\"@type\":\"ListItem\",\"position\":2,\"name\":\"Shop\",\"item\":\"https:\/\/www.miomiorun.com\/shop\/\"},{\"@type\":\"ListItem\",\"position\":3,\"name\":\"Top Break mujer\"}]},{\"@type\":\"WebSite\",\"@id\":\"https:\/\/www.miomiorun.com\/es\/#website\",\"url\":\"https:\/\/www.miomiorun.com\/es\/\",\"name\":\"MioMioRun\",\"description\":\"Tienda 100% running y trail\",\"publisher\":{\"@id\":\"https:\/\/www.miomiorun.com\/es\/#organization\"},\"potentialAction\":[{\"@type\":\"SearchAction\",\"target\":{\"@type\":\"EntryPoint\",\"urlTemplate\":\"https:\/\/www.miomiorun.com\/es\/?s={search_term_string}\"},\"query-input\":{\"@type\":\"PropertyValueSpecification\",\"valueRequired\":true,\"valueName\":\"search_term_string\"}}],\"inLanguage\":\"es-ES\"},{\"@type\":\"Organization\",\"@id\":\"https:\/\/www.miomiorun.com\/es\/#organization\",\"name\":\"MioMio Run\",\"url\":\"https:\/\/www.miomiorun.com\/es\/\",\"logo\":{\"@type\":\"ImageObject\",\"inLanguage\":\"es-ES\",\"@id\":\"https:\/\/www.miomiorun.com\/es\/#\/schema\/logo\/image\/\",\"url\":\"https:\/\/www.miomiorun.com\/app\/uploads\/2019\/12\/logomio.png\",\"contentUrl\":\"https:\/\/www.miomiorun.com\/app\/uploads\/2019\/12\/logomio.png\",\"width\":115,\"height\":82,\"caption\":\"MioMio Run\"},\"image\":{\"@id\":\"https:\/\/www.miomiorun.com\/es\/#\/schema\/logo\/image\/\"},\"sameAs\":[\"https:\/\/www.facebook.com\/miomiorun\/\",\"https:\/\/www.instagram.com\/miomiorun\/\"]}]}<\/script>\n<!-- \/ Yoast SEO plugin. -->","yoast_head_json":{"title":"Crazy Idea Top Break mujer - camiseta sin mangas para correr - MioMioRun","description":"Descubre las \u00abTop Break para mujer\u00bb de Crazy Idea: elegantes, t\u00e9cnicas, perfectas para cualquier ocasi\u00f3n y actividad al aire libre. Comodidad y estilo italianos.","robots":{"index":"index","follow":"follow","max-snippet":"max-snippet:-1","max-image-preview":"max-image-preview:large","max-video-preview":"max-video-preview:-1"},"canonical":"https:\/\/www.miomiorun.com\/es\/producto\/top-break-mujer\/","og_locale":"es_ES","og_type":"article","og_title":"Crazy Idea Top Break mujer - camiseta sin mangas para correr - MioMioRun","og_description":"Descubre las \u00abTop Break para mujer\u00bb de Crazy Idea: elegantes, t\u00e9cnicas, perfectas para cualquier ocasi\u00f3n y actividad al aire libre. Comodidad y estilo italianos.","og_url":"https:\/\/www.miomiorun.com\/es\/producto\/top-break-mujer\/","og_site_name":"MioMioRun","article_publisher":"https:\/\/www.facebook.com\/miomiorun\/","article_modified_time":"2026-05-07T15:45:43+00:00","og_image":[{"width":600,"height":600,"url":"https:\/\/www.miomiorun.com\/app\/uploads\/2024\/05\/crazy-Top-break-mountain-flower-W-S24196105D-00X191.webp","type":"image\/webp"}],"twitter_card":"summary_large_image","twitter_misc":{"Est. reading time":"1 minute"},"schema":{"@context":"https:\/\/schema.org","@graph":[{"@type":"WebPage","@id":"https:\/\/www.miomiorun.com\/es\/producto\/top-break-mujer\/","url":"https:\/\/www.miomiorun.com\/es\/producto\/top-break-mujer\/","name":"Crazy Idea Top Break mujer - camiseta sin mangas para correr - MioMioRun","isPartOf":{"@id":"https:\/\/www.miomiorun.com\/es\/#website"},"primaryImageOfPage":{"@id":"https:\/\/www.miomiorun.com\/es\/producto\/top-break-mujer\/#primaryimage"},"image":{"@id":"https:\/\/www.miomiorun.com\/es\/producto\/top-break-mujer\/#primaryimage"},"thumbnailUrl":"https:\/\/www.miomiorun.com\/app\/uploads\/2024\/05\/crazy-Top-break-mountain-flower-W-S24196105D-00X191.webp","datePublished":"2024-05-07T14:35:11+00:00","dateModified":"2026-05-07T15:45:43+00:00","description":"Descubre las \u00abTop Break para mujer\u00bb de Crazy Idea: elegantes, t\u00e9cnicas, perfectas para cualquier ocasi\u00f3n y actividad al aire libre. Comodidad y estilo italianos.","breadcrumb":{"@id":"https:\/\/www.miomiorun.com\/es\/producto\/top-break-mujer\/#breadcrumb"},"inLanguage":"es-ES","potentialAction":[{"@type":"ReadAction","target":["https:\/\/www.miomiorun.com\/es\/producto\/top-break-mujer\/"]}]},{"@type":"ImageObject","inLanguage":"es-ES","@id":"https:\/\/www.miomiorun.com\/es\/producto\/top-break-mujer\/#primaryimage","url":"https:\/\/www.miomiorun.com\/app\/uploads\/2024\/05\/crazy-Top-break-mountain-flower-W-S24196105D-00X191.webp","contentUrl":"https:\/\/www.miomiorun.com\/app\/uploads\/2024\/05\/crazy-Top-break-mountain-flower-W-S24196105D-00X191.webp","width":600,"height":600,"caption":"crazy Top break mountain flower W S24196105D-00X191"},{"@type":"BreadcrumbList","@id":"https:\/\/www.miomiorun.com\/es\/producto\/top-break-mujer\/#breadcrumb","itemListElement":[{"@type":"ListItem","position":1,"name":"Home","item":"https:\/\/www.miomiorun.com\/es\/"},{"@type":"ListItem","position":2,"name":"Shop","item":"https:\/\/www.miomiorun.com\/shop\/"},{"@type":"ListItem","position":3,"name":"Top Break mujer"}]},{"@type":"WebSite","@id":"https:\/\/www.miomiorun.com\/es\/#website","url":"https:\/\/www.miomiorun.com\/es\/","name":"MioMioRun","description":"Tienda 100% running y trail","publisher":{"@id":"https:\/\/www.miomiorun.com\/es\/#organization"},"potentialAction":[{"@type":"SearchAction","target":{"@type":"EntryPoint","urlTemplate":"https:\/\/www.miomiorun.com\/es\/?s={search_term_string}"},"query-input":{"@type":"PropertyValueSpecification","valueRequired":true,"valueName":"search_term_string"}}],"inLanguage":"es-ES"},{"@type":"Organization","@id":"https:\/\/www.miomiorun.com\/es\/#organization","name":"MioMio Run","url":"https:\/\/www.miomiorun.com\/es\/","logo":{"@type":"ImageObject","inLanguage":"es-ES","@id":"https:\/\/www.miomiorun.com\/es\/#\/schema\/logo\/image\/","url":"https:\/\/www.miomiorun.com\/app\/uploads\/2019\/12\/logomio.png","contentUrl":"https:\/\/www.miomiorun.com\/app\/uploads\/2019\/12\/logomio.png","width":115,"height":82,"caption":"MioMio Run"},"image":{"@id":"https:\/\/www.miomiorun.com\/es\/#\/schema\/logo\/image\/"},"sameAs":["https:\/\/www.facebook.com\/miomiorun\/","https:\/\/www.instagram.com\/miomiorun\/"]}]}},"_links":{"self":[{"href":"https:\/\/www.miomiorun.com\/es\/wp-json\/wp\/v2\/product\/291355","targetHints":{"allow":["GET"]}}],"collection":[{"href":"https:\/\/www.miomiorun.com\/es\/wp-json\/wp\/v2\/product"}],"about":[{"href":"https:\/\/www.miomiorun.com\/es\/wp-json\/wp\/v2\/types\/product"}],"wp:featuredmedia":[{"embeddable":true,"href":"https:\/\/www.miomiorun.com\/es\/wp-json\/wp\/v2\/media\/246967"}],"wp:attachment":[{"href":"https:\/\/www.miomiorun.com\/es\/wp-json\/wp\/v2\/media?parent=291355"}],"wp:term":[{"taxonomy":"product_brand","embeddable":true,"href":"https:\/\/www.miomiorun.com\/es\/wp-json\/wp\/v2\/product_brand?post=291355"},{"taxonomy":"product_cat","embeddable":true,"href":"https:\/\/www.miomiorun.com\/es\/wp-json\/wp\/v2\/product_cat?post=291355"},{"taxonomy":"product_tag","embeddable":true,"href":"https:\/\/www.miomiorun.com\/es\/wp-json\/wp\/v2\/product_tag?post=291355"}],"curies":[{"name":"wp","href":"https:\/\/api.w.org\/{rel}","templated":true}]}}