{"id":291110,"date":"2024-05-11T16:18:29","date_gmt":"2024-05-11T14:18:29","guid":{"rendered":"https:\/\/miomiorun.com\/prodotto\/jkt-fly-uomo\/"},"modified":"2026-05-07T17:50:59","modified_gmt":"2026-05-07T15:50:59","slug":"jkt-fly-hombre","status":"publish","type":"product","link":"https:\/\/www.miomiorun.com\/es\/producto\/jkt-fly-hombre\/","title":{"rendered":"Jkt Fly hombre"},"content":{"rendered":"<p>La \u00abJKT FLY MAN\u00bb es reconocida como la chaqueta de emergencia m\u00e1s ligera del mercado, con un peso de tan solo 53 gramos. Esta caracter\u00edstica la convierte en un accesorio indispensable para los amantes de las actividades al aire libre que necesitan una protecci\u00f3n fiable y ligera frente a los cambios meteorol\u00f3gicos.<\/p>\n<p>Caracter\u00edsticas principales:<\/p>\n<ul>\n<li>Est\u00e1 dise\u00f1ada con el m\u00ednimo de costuras para garantizar un ajuste elegante y c\u00f3modo.<\/li>\n<li>El tejido incluye un tratamiento interior antiadherente que reduce la sensaci\u00f3n de pegajosidad t\u00edpica de los materiales de nailon.<\/li>\n<li>Un ligero tratamiento exterior repelente al agua ayuda a mitigar los efectos de la humedad.<\/li>\n<li>La chaqueta es extremadamente compacta, ya que se puede plegar dentro de la capucha, reduci\u00e9ndose hasta el tama\u00f1o de media manzana, lo que facilita su transporte y almacenamiento.<\/li>\n<\/ul>\n<p>En cuanto a su confecci\u00f3n, la chaqueta utiliza un tejido de 7 deniers, lo que contribuye a su ligereza sin dejar de ser resistente y antidesgarro gracias a su tecnolog\u00eda de tejido rip-stop el\u00e1stico. Tambi\u00e9n est\u00e1 dise\u00f1ada para ser cortavientos, lo que mejora a\u00fan m\u00e1s su utilidad como prenda de emergencia o de repuesto en condiciones meteorol\u00f3gicas impredecibles.<\/p>\n","protected":false},"excerpt":{"rendered":"<p>La \u00abJKT FLY MAN\u00bb es reconocida como la chaqueta de emergencia m\u00e1s ligera del mercado, con un peso de tan solo 53 gramos. Esta caracter\u00edstica la convierte en un accesorio indispensable para los amantes de las actividades al aire libre que necesitan una protecci\u00f3n fiable y ligera frente a los cambios meteorol\u00f3gicos. Caracter\u00edsticas principales: Est\u00e1 &hellip; <a href=\"https:\/\/www.miomiorun.com\/es\/producto\/jkt-fly-hombre\/\">Continued<\/a><\/p>\n","protected":false},"featured_media":419356,"template":"","meta":{"_acf_changed":false,"inline_featured_image":false},"product_brand":[],"product_cat":[24460,24463],"product_tag":[23488,23611],"class_list":{"0":"post-291110","1":"product","2":"type-product","3":"status-publish","4":"has-post-thumbnail","6":"product_cat-chaquetas-es-2","7":"product_cat-ropa-de-hombre-es","8":"product_tag-crazy-idea-es","9":"product_tag-crazy-idea-hombre","10":"pa_attivita-caminar","11":"pa_attivita-outdoor-es","12":"pa_attivita-trail-es","13":"pa_colore-jkt-fly-m-zenith","14":"pa_colore-jkt-fly-suplhur","15":"pa_marca-crazy-idea-es","16":"pa_sesso-hombre","17":"pa_size-small-es","18":"pa_size-medium-es","19":"pa_size-large-es","21":"first","22":"instock","23":"sale","24":"taxable","25":"shipping-taxable","26":"purchasable","27":"product-type-variable","28":"wvs-archive-product-wrapper"},"acf":[],"yoast_head":"<!-- This site is optimized with the Yoast SEO plugin v26.8 - https:\/\/yoast.com\/product\/yoast-seo-wordpress\/ -->\n<title>Crazy Idea Jkt Fly hombre - Chaqueta de invierno - MioMioRun.com<\/title>\n<meta name=\"description\" content=\"Descubre la JKT FLY MAN: una chaqueta de emergencia ultraligera de 53 g, repelente al agua y antiadherente, perfecta para cualquier aventura.\" \/>\n<meta name=\"robots\" content=\"index, follow, max-snippet:-1, max-image-preview:large, max-video-preview:-1\" \/>\n<link rel=\"canonical\" href=\"https:\/\/www.miomiorun.com\/es\/producto\/jkt-fly-hombre\/\" \/>\n<meta property=\"og:locale\" content=\"es_ES\" \/>\n<meta property=\"og:type\" content=\"article\" \/>\n<meta property=\"og:title\" content=\"Crazy Idea Jkt Fly hombre - Chaqueta de invierno - MioMioRun.com\" \/>\n<meta property=\"og:description\" content=\"Descubre la JKT FLY MAN: una chaqueta de emergencia ultraligera de 53 g, repelente al agua y antiadherente, perfecta para cualquier aventura.\" \/>\n<meta property=\"og:url\" content=\"https:\/\/www.miomiorun.com\/es\/producto\/jkt-fly-hombre\/\" \/>\n<meta property=\"og:site_name\" content=\"MioMioRun\" \/>\n<meta property=\"article:publisher\" content=\"https:\/\/www.facebook.com\/miomiorun\/\" \/>\n<meta property=\"article:modified_time\" content=\"2026-05-07T15:50:59+00:00\" \/>\n<meta property=\"og:image\" content=\"https:\/\/www.miomiorun.com\/app\/uploads\/2026\/03\/crazy-JKT-Fly-M-zenith-S26055211U-53.webp\" \/>\n\t<meta property=\"og:image:width\" content=\"720\" \/>\n\t<meta property=\"og:image:height\" content=\"720\" \/>\n\t<meta property=\"og:image:type\" content=\"image\/webp\" \/>\n<meta name=\"twitter:card\" content=\"summary_large_image\" \/>\n<meta name=\"twitter:label1\" content=\"Est. reading time\" \/>\n\t<meta name=\"twitter:data1\" content=\"1 minute\" \/>\n<script type=\"application\/ld+json\" class=\"yoast-schema-graph\">{\"@context\":\"https:\/\/schema.org\",\"@graph\":[{\"@type\":\"WebPage\",\"@id\":\"https:\/\/www.miomiorun.com\/es\/producto\/jkt-fly-hombre\/\",\"url\":\"https:\/\/www.miomiorun.com\/es\/producto\/jkt-fly-hombre\/\",\"name\":\"Crazy Idea Jkt Fly hombre - Chaqueta de invierno - MioMioRun.com\",\"isPartOf\":{\"@id\":\"https:\/\/www.miomiorun.com\/es\/#website\"},\"primaryImageOfPage\":{\"@id\":\"https:\/\/www.miomiorun.com\/es\/producto\/jkt-fly-hombre\/#primaryimage\"},\"image\":{\"@id\":\"https:\/\/www.miomiorun.com\/es\/producto\/jkt-fly-hombre\/#primaryimage\"},\"thumbnailUrl\":\"https:\/\/www.miomiorun.com\/app\/uploads\/2026\/03\/crazy-JKT-Fly-M-zenith-S26055211U-53.webp\",\"datePublished\":\"2024-05-11T14:18:29+00:00\",\"dateModified\":\"2026-05-07T15:50:59+00:00\",\"description\":\"Descubre la JKT FLY MAN: una chaqueta de emergencia ultraligera de 53 g, repelente al agua y antiadherente, perfecta para cualquier aventura.\",\"breadcrumb\":{\"@id\":\"https:\/\/www.miomiorun.com\/es\/producto\/jkt-fly-hombre\/#breadcrumb\"},\"inLanguage\":\"es-ES\",\"potentialAction\":[{\"@type\":\"ReadAction\",\"target\":[\"https:\/\/www.miomiorun.com\/es\/producto\/jkt-fly-hombre\/\"]}]},{\"@type\":\"ImageObject\",\"inLanguage\":\"es-ES\",\"@id\":\"https:\/\/www.miomiorun.com\/es\/producto\/jkt-fly-hombre\/#primaryimage\",\"url\":\"https:\/\/www.miomiorun.com\/app\/uploads\/2026\/03\/crazy-JKT-Fly-M-zenith-S26055211U-53.webp\",\"contentUrl\":\"https:\/\/www.miomiorun.com\/app\/uploads\/2026\/03\/crazy-JKT-Fly-M-zenith-S26055211U-53.webp\",\"width\":720,\"height\":720,\"caption\":\"crazy JKT Fly M zenith S26055211U-53\"},{\"@type\":\"BreadcrumbList\",\"@id\":\"https:\/\/www.miomiorun.com\/es\/producto\/jkt-fly-hombre\/#breadcrumb\",\"itemListElement\":[{\"@type\":\"ListItem\",\"position\":1,\"name\":\"Home\",\"item\":\"https:\/\/www.miomiorun.com\/es\/\"},{\"@type\":\"ListItem\",\"position\":2,\"name\":\"Shop\",\"item\":\"https:\/\/www.miomiorun.com\/shop\/\"},{\"@type\":\"ListItem\",\"position\":3,\"name\":\"Jkt Fly hombre\"}]},{\"@type\":\"WebSite\",\"@id\":\"https:\/\/www.miomiorun.com\/es\/#website\",\"url\":\"https:\/\/www.miomiorun.com\/es\/\",\"name\":\"MioMioRun\",\"description\":\"Tienda 100% running y trail\",\"publisher\":{\"@id\":\"https:\/\/www.miomiorun.com\/es\/#organization\"},\"potentialAction\":[{\"@type\":\"SearchAction\",\"target\":{\"@type\":\"EntryPoint\",\"urlTemplate\":\"https:\/\/www.miomiorun.com\/es\/?s={search_term_string}\"},\"query-input\":{\"@type\":\"PropertyValueSpecification\",\"valueRequired\":true,\"valueName\":\"search_term_string\"}}],\"inLanguage\":\"es-ES\"},{\"@type\":\"Organization\",\"@id\":\"https:\/\/www.miomiorun.com\/es\/#organization\",\"name\":\"MioMio Run\",\"url\":\"https:\/\/www.miomiorun.com\/es\/\",\"logo\":{\"@type\":\"ImageObject\",\"inLanguage\":\"es-ES\",\"@id\":\"https:\/\/www.miomiorun.com\/es\/#\/schema\/logo\/image\/\",\"url\":\"https:\/\/www.miomiorun.com\/app\/uploads\/2019\/12\/logomio.png\",\"contentUrl\":\"https:\/\/www.miomiorun.com\/app\/uploads\/2019\/12\/logomio.png\",\"width\":115,\"height\":82,\"caption\":\"MioMio Run\"},\"image\":{\"@id\":\"https:\/\/www.miomiorun.com\/es\/#\/schema\/logo\/image\/\"},\"sameAs\":[\"https:\/\/www.facebook.com\/miomiorun\/\",\"https:\/\/www.instagram.com\/miomiorun\/\"]}]}<\/script>\n<!-- \/ Yoast SEO plugin. -->","yoast_head_json":{"title":"Crazy Idea Jkt Fly hombre - Chaqueta de invierno - MioMioRun.com","description":"Descubre la JKT FLY MAN: una chaqueta de emergencia ultraligera de 53 g, repelente al agua y antiadherente, perfecta para cualquier aventura.","robots":{"index":"index","follow":"follow","max-snippet":"max-snippet:-1","max-image-preview":"max-image-preview:large","max-video-preview":"max-video-preview:-1"},"canonical":"https:\/\/www.miomiorun.com\/es\/producto\/jkt-fly-hombre\/","og_locale":"es_ES","og_type":"article","og_title":"Crazy Idea Jkt Fly hombre - Chaqueta de invierno - MioMioRun.com","og_description":"Descubre la JKT FLY MAN: una chaqueta de emergencia ultraligera de 53 g, repelente al agua y antiadherente, perfecta para cualquier aventura.","og_url":"https:\/\/www.miomiorun.com\/es\/producto\/jkt-fly-hombre\/","og_site_name":"MioMioRun","article_publisher":"https:\/\/www.facebook.com\/miomiorun\/","article_modified_time":"2026-05-07T15:50:59+00:00","og_image":[{"width":720,"height":720,"url":"https:\/\/www.miomiorun.com\/app\/uploads\/2026\/03\/crazy-JKT-Fly-M-zenith-S26055211U-53.webp","type":"image\/webp"}],"twitter_card":"summary_large_image","twitter_misc":{"Est. reading time":"1 minute"},"schema":{"@context":"https:\/\/schema.org","@graph":[{"@type":"WebPage","@id":"https:\/\/www.miomiorun.com\/es\/producto\/jkt-fly-hombre\/","url":"https:\/\/www.miomiorun.com\/es\/producto\/jkt-fly-hombre\/","name":"Crazy Idea Jkt Fly hombre - Chaqueta de invierno - MioMioRun.com","isPartOf":{"@id":"https:\/\/www.miomiorun.com\/es\/#website"},"primaryImageOfPage":{"@id":"https:\/\/www.miomiorun.com\/es\/producto\/jkt-fly-hombre\/#primaryimage"},"image":{"@id":"https:\/\/www.miomiorun.com\/es\/producto\/jkt-fly-hombre\/#primaryimage"},"thumbnailUrl":"https:\/\/www.miomiorun.com\/app\/uploads\/2026\/03\/crazy-JKT-Fly-M-zenith-S26055211U-53.webp","datePublished":"2024-05-11T14:18:29+00:00","dateModified":"2026-05-07T15:50:59+00:00","description":"Descubre la JKT FLY MAN: una chaqueta de emergencia ultraligera de 53 g, repelente al agua y antiadherente, perfecta para cualquier aventura.","breadcrumb":{"@id":"https:\/\/www.miomiorun.com\/es\/producto\/jkt-fly-hombre\/#breadcrumb"},"inLanguage":"es-ES","potentialAction":[{"@type":"ReadAction","target":["https:\/\/www.miomiorun.com\/es\/producto\/jkt-fly-hombre\/"]}]},{"@type":"ImageObject","inLanguage":"es-ES","@id":"https:\/\/www.miomiorun.com\/es\/producto\/jkt-fly-hombre\/#primaryimage","url":"https:\/\/www.miomiorun.com\/app\/uploads\/2026\/03\/crazy-JKT-Fly-M-zenith-S26055211U-53.webp","contentUrl":"https:\/\/www.miomiorun.com\/app\/uploads\/2026\/03\/crazy-JKT-Fly-M-zenith-S26055211U-53.webp","width":720,"height":720,"caption":"crazy JKT Fly M zenith S26055211U-53"},{"@type":"BreadcrumbList","@id":"https:\/\/www.miomiorun.com\/es\/producto\/jkt-fly-hombre\/#breadcrumb","itemListElement":[{"@type":"ListItem","position":1,"name":"Home","item":"https:\/\/www.miomiorun.com\/es\/"},{"@type":"ListItem","position":2,"name":"Shop","item":"https:\/\/www.miomiorun.com\/shop\/"},{"@type":"ListItem","position":3,"name":"Jkt Fly hombre"}]},{"@type":"WebSite","@id":"https:\/\/www.miomiorun.com\/es\/#website","url":"https:\/\/www.miomiorun.com\/es\/","name":"MioMioRun","description":"Tienda 100% running y trail","publisher":{"@id":"https:\/\/www.miomiorun.com\/es\/#organization"},"potentialAction":[{"@type":"SearchAction","target":{"@type":"EntryPoint","urlTemplate":"https:\/\/www.miomiorun.com\/es\/?s={search_term_string}"},"query-input":{"@type":"PropertyValueSpecification","valueRequired":true,"valueName":"search_term_string"}}],"inLanguage":"es-ES"},{"@type":"Organization","@id":"https:\/\/www.miomiorun.com\/es\/#organization","name":"MioMio Run","url":"https:\/\/www.miomiorun.com\/es\/","logo":{"@type":"ImageObject","inLanguage":"es-ES","@id":"https:\/\/www.miomiorun.com\/es\/#\/schema\/logo\/image\/","url":"https:\/\/www.miomiorun.com\/app\/uploads\/2019\/12\/logomio.png","contentUrl":"https:\/\/www.miomiorun.com\/app\/uploads\/2019\/12\/logomio.png","width":115,"height":82,"caption":"MioMio Run"},"image":{"@id":"https:\/\/www.miomiorun.com\/es\/#\/schema\/logo\/image\/"},"sameAs":["https:\/\/www.facebook.com\/miomiorun\/","https:\/\/www.instagram.com\/miomiorun\/"]}]}},"_links":{"self":[{"href":"https:\/\/www.miomiorun.com\/es\/wp-json\/wp\/v2\/product\/291110","targetHints":{"allow":["GET"]}}],"collection":[{"href":"https:\/\/www.miomiorun.com\/es\/wp-json\/wp\/v2\/product"}],"about":[{"href":"https:\/\/www.miomiorun.com\/es\/wp-json\/wp\/v2\/types\/product"}],"wp:featuredmedia":[{"embeddable":true,"href":"https:\/\/www.miomiorun.com\/es\/wp-json\/wp\/v2\/media\/419356"}],"wp:attachment":[{"href":"https:\/\/www.miomiorun.com\/es\/wp-json\/wp\/v2\/media?parent=291110"}],"wp:term":[{"taxonomy":"product_brand","embeddable":true,"href":"https:\/\/www.miomiorun.com\/es\/wp-json\/wp\/v2\/product_brand?post=291110"},{"taxonomy":"product_cat","embeddable":true,"href":"https:\/\/www.miomiorun.com\/es\/wp-json\/wp\/v2\/product_cat?post=291110"},{"taxonomy":"product_tag","embeddable":true,"href":"https:\/\/www.miomiorun.com\/es\/wp-json\/wp\/v2\/product_tag?post=291110"}],"curies":[{"name":"wp","href":"https:\/\/api.w.org\/{rel}","templated":true}]}}