{"id":291109,"date":"2024-05-11T12:21:31","date_gmt":"2024-05-11T10:21:31","guid":{"rendered":"https:\/\/miomiorun.com\/prodotto\/t-shirt-thunder-uomo\/"},"modified":"2026-05-07T17:50:02","modified_gmt":"2026-05-07T15:50:02","slug":"t-shirt-thunder-hombre","status":"publish","type":"product","link":"https:\/\/www.miomiorun.com\/es\/producto\/t-shirt-thunder-hombre\/","title":{"rendered":"T-shirt Thunder hombre"},"content":{"rendered":"<div class=\"single-product-description\">\n<div class=\"single-product-description\">\n<p>Camiseta ligera de malla microperforada para optimizar la transpiraci\u00f3n durante la carrera. Totalmente estampada con t\u00e9cnica digital, se seca r\u00e1pidamente. Cuenta con un bolsillo en la espalda. Todos los dobladillos est\u00e1n sellados.<\/p>\n<p><strong>Caracter\u00edsticas:<\/strong><\/p>\n<ul>\n<li>Transpirable<\/li>\n<li>Secado r\u00e1pido<\/li>\n<li>Estampada digitalmente<\/li>\n<li>Peque\u00f1o bolsillo en la parte inferior de la espalda<\/li>\n<\/ul>\n<\/div>\n<\/div>\n","protected":false},"excerpt":{"rendered":"<p>Camiseta ligera de malla microperforada para optimizar la transpiraci\u00f3n durante la carrera. Totalmente estampada con t\u00e9cnica digital, se seca r\u00e1pidamente. Cuenta con un bolsillo en la espalda. Todos los dobladillos est\u00e1n sellados. Caracter\u00edsticas: Transpirable Secado r\u00e1pido Estampada digitalmente Peque\u00f1o bolsillo en la parte inferior de la espalda<\/p>\n","protected":false},"featured_media":306874,"template":"","meta":{"_acf_changed":false,"inline_featured_image":false},"product_brand":[],"product_cat":[24455,24463],"product_tag":[23488,23611],"class_list":{"0":"post-291109","1":"product","2":"type-product","3":"status-publish","4":"has-post-thumbnail","6":"product_cat-camiseta-es-2","7":"product_cat-ropa-de-hombre-es","8":"product_tag-crazy-idea-es","9":"product_tag-crazy-idea-hombre","10":"pa_attivita-caminar","11":"pa_attivita-trail-es","12":"pa_colore-shirt-thunder-pine-tree-es","13":"pa_colore-shirt-thunder-print-bluette-scottish-es","14":"pa_marca-crazy-idea-es","15":"pa_sesso-hombre","16":"pa_size-small-es","17":"pa_size-medium-es","18":"pa_size-large-es","19":"pa_size-extra-large-es","21":"first","22":"instock","23":"sale","24":"taxable","25":"shipping-taxable","26":"purchasable","27":"product-type-variable","28":"wvs-archive-product-wrapper"},"acf":[],"yoast_head":"<!-- This site is optimized with the Yoast SEO plugin v26.8 - https:\/\/yoast.com\/product\/yoast-seo-wordpress\/ -->\n<title>Crazy Idea T-shirt Thunder hombre - Camiseta sin mangas correr - MioMioRun<\/title>\n<meta name=\"description\" content=\"microperforada para optimizar la transpiraci\u00f3n durante la carrera. Se seca r\u00e1pidamente. Cuenta con un peque\u00f1o bolsillo en la espalda\" \/>\n<meta name=\"robots\" content=\"index, follow, max-snippet:-1, max-image-preview:large, max-video-preview:-1\" \/>\n<link rel=\"canonical\" href=\"https:\/\/www.miomiorun.com\/es\/producto\/t-shirt-thunder-hombre\/\" \/>\n<meta property=\"og:locale\" content=\"es_ES\" \/>\n<meta property=\"og:type\" content=\"article\" \/>\n<meta property=\"og:title\" content=\"Crazy Idea T-shirt Thunder hombre - Camiseta sin mangas correr - MioMioRun\" \/>\n<meta property=\"og:description\" content=\"microperforada para optimizar la transpiraci\u00f3n durante la carrera. Se seca r\u00e1pidamente. Cuenta con un peque\u00f1o bolsillo en la espalda\" \/>\n<meta property=\"og:url\" content=\"https:\/\/www.miomiorun.com\/es\/producto\/t-shirt-thunder-hombre\/\" \/>\n<meta property=\"og:site_name\" content=\"MioMioRun\" \/>\n<meta property=\"article:publisher\" content=\"https:\/\/www.facebook.com\/miomiorun\/\" \/>\n<meta property=\"article:modified_time\" content=\"2026-05-07T15:50:02+00:00\" \/>\n<meta property=\"og:image\" content=\"https:\/\/www.miomiorun.com\/app\/uploads\/2025\/04\/crazy-Shirt-thunder-pine-tree-S25095127U-00X121.webp\" \/>\n\t<meta property=\"og:image:width\" content=\"600\" \/>\n\t<meta property=\"og:image:height\" content=\"600\" \/>\n\t<meta property=\"og:image:type\" content=\"image\/webp\" \/>\n<meta name=\"twitter:card\" content=\"summary_large_image\" \/>\n<script type=\"application\/ld+json\" class=\"yoast-schema-graph\">{\"@context\":\"https:\/\/schema.org\",\"@graph\":[{\"@type\":\"WebPage\",\"@id\":\"https:\/\/www.miomiorun.com\/es\/producto\/t-shirt-thunder-hombre\/\",\"url\":\"https:\/\/www.miomiorun.com\/es\/producto\/t-shirt-thunder-hombre\/\",\"name\":\"Crazy Idea T-shirt Thunder hombre - Camiseta sin mangas correr - MioMioRun\",\"isPartOf\":{\"@id\":\"https:\/\/www.miomiorun.com\/es\/#website\"},\"primaryImageOfPage\":{\"@id\":\"https:\/\/www.miomiorun.com\/es\/producto\/t-shirt-thunder-hombre\/#primaryimage\"},\"image\":{\"@id\":\"https:\/\/www.miomiorun.com\/es\/producto\/t-shirt-thunder-hombre\/#primaryimage\"},\"thumbnailUrl\":\"https:\/\/www.miomiorun.com\/app\/uploads\/2025\/04\/crazy-Shirt-thunder-pine-tree-S25095127U-00X121.webp\",\"datePublished\":\"2024-05-11T10:21:31+00:00\",\"dateModified\":\"2026-05-07T15:50:02+00:00\",\"description\":\"microperforada para optimizar la transpiraci\u00f3n durante la carrera. Se seca r\u00e1pidamente. Cuenta con un peque\u00f1o bolsillo en la espalda\",\"breadcrumb\":{\"@id\":\"https:\/\/www.miomiorun.com\/es\/producto\/t-shirt-thunder-hombre\/#breadcrumb\"},\"inLanguage\":\"es-ES\",\"potentialAction\":[{\"@type\":\"ReadAction\",\"target\":[\"https:\/\/www.miomiorun.com\/es\/producto\/t-shirt-thunder-hombre\/\"]}]},{\"@type\":\"ImageObject\",\"inLanguage\":\"es-ES\",\"@id\":\"https:\/\/www.miomiorun.com\/es\/producto\/t-shirt-thunder-hombre\/#primaryimage\",\"url\":\"https:\/\/www.miomiorun.com\/app\/uploads\/2025\/04\/crazy-Shirt-thunder-pine-tree-S25095127U-00X121.webp\",\"contentUrl\":\"https:\/\/www.miomiorun.com\/app\/uploads\/2025\/04\/crazy-Shirt-thunder-pine-tree-S25095127U-00X121.webp\",\"width\":600,\"height\":600,\"caption\":\"crazy Shirt thunder pine tree S25095127U-00X121\"},{\"@type\":\"BreadcrumbList\",\"@id\":\"https:\/\/www.miomiorun.com\/es\/producto\/t-shirt-thunder-hombre\/#breadcrumb\",\"itemListElement\":[{\"@type\":\"ListItem\",\"position\":1,\"name\":\"Home\",\"item\":\"https:\/\/www.miomiorun.com\/es\/\"},{\"@type\":\"ListItem\",\"position\":2,\"name\":\"Shop\",\"item\":\"https:\/\/www.miomiorun.com\/shop\/\"},{\"@type\":\"ListItem\",\"position\":3,\"name\":\"T-shirt Thunder hombre\"}]},{\"@type\":\"WebSite\",\"@id\":\"https:\/\/www.miomiorun.com\/es\/#website\",\"url\":\"https:\/\/www.miomiorun.com\/es\/\",\"name\":\"MioMioRun\",\"description\":\"Tienda 100% running y trail\",\"publisher\":{\"@id\":\"https:\/\/www.miomiorun.com\/es\/#organization\"},\"potentialAction\":[{\"@type\":\"SearchAction\",\"target\":{\"@type\":\"EntryPoint\",\"urlTemplate\":\"https:\/\/www.miomiorun.com\/es\/?s={search_term_string}\"},\"query-input\":{\"@type\":\"PropertyValueSpecification\",\"valueRequired\":true,\"valueName\":\"search_term_string\"}}],\"inLanguage\":\"es-ES\"},{\"@type\":\"Organization\",\"@id\":\"https:\/\/www.miomiorun.com\/es\/#organization\",\"name\":\"MioMio Run\",\"url\":\"https:\/\/www.miomiorun.com\/es\/\",\"logo\":{\"@type\":\"ImageObject\",\"inLanguage\":\"es-ES\",\"@id\":\"https:\/\/www.miomiorun.com\/es\/#\/schema\/logo\/image\/\",\"url\":\"https:\/\/www.miomiorun.com\/app\/uploads\/2019\/12\/logomio.png\",\"contentUrl\":\"https:\/\/www.miomiorun.com\/app\/uploads\/2019\/12\/logomio.png\",\"width\":115,\"height\":82,\"caption\":\"MioMio Run\"},\"image\":{\"@id\":\"https:\/\/www.miomiorun.com\/es\/#\/schema\/logo\/image\/\"},\"sameAs\":[\"https:\/\/www.facebook.com\/miomiorun\/\",\"https:\/\/www.instagram.com\/miomiorun\/\"]}]}<\/script>\n<!-- \/ Yoast SEO plugin. -->","yoast_head_json":{"title":"Crazy Idea T-shirt Thunder hombre - Camiseta sin mangas correr - MioMioRun","description":"microperforada para optimizar la transpiraci\u00f3n durante la carrera. Se seca r\u00e1pidamente. Cuenta con un peque\u00f1o bolsillo en la espalda","robots":{"index":"index","follow":"follow","max-snippet":"max-snippet:-1","max-image-preview":"max-image-preview:large","max-video-preview":"max-video-preview:-1"},"canonical":"https:\/\/www.miomiorun.com\/es\/producto\/t-shirt-thunder-hombre\/","og_locale":"es_ES","og_type":"article","og_title":"Crazy Idea T-shirt Thunder hombre - Camiseta sin mangas correr - MioMioRun","og_description":"microperforada para optimizar la transpiraci\u00f3n durante la carrera. Se seca r\u00e1pidamente. Cuenta con un peque\u00f1o bolsillo en la espalda","og_url":"https:\/\/www.miomiorun.com\/es\/producto\/t-shirt-thunder-hombre\/","og_site_name":"MioMioRun","article_publisher":"https:\/\/www.facebook.com\/miomiorun\/","article_modified_time":"2026-05-07T15:50:02+00:00","og_image":[{"width":600,"height":600,"url":"https:\/\/www.miomiorun.com\/app\/uploads\/2025\/04\/crazy-Shirt-thunder-pine-tree-S25095127U-00X121.webp","type":"image\/webp"}],"twitter_card":"summary_large_image","schema":{"@context":"https:\/\/schema.org","@graph":[{"@type":"WebPage","@id":"https:\/\/www.miomiorun.com\/es\/producto\/t-shirt-thunder-hombre\/","url":"https:\/\/www.miomiorun.com\/es\/producto\/t-shirt-thunder-hombre\/","name":"Crazy Idea T-shirt Thunder hombre - Camiseta sin mangas correr - MioMioRun","isPartOf":{"@id":"https:\/\/www.miomiorun.com\/es\/#website"},"primaryImageOfPage":{"@id":"https:\/\/www.miomiorun.com\/es\/producto\/t-shirt-thunder-hombre\/#primaryimage"},"image":{"@id":"https:\/\/www.miomiorun.com\/es\/producto\/t-shirt-thunder-hombre\/#primaryimage"},"thumbnailUrl":"https:\/\/www.miomiorun.com\/app\/uploads\/2025\/04\/crazy-Shirt-thunder-pine-tree-S25095127U-00X121.webp","datePublished":"2024-05-11T10:21:31+00:00","dateModified":"2026-05-07T15:50:02+00:00","description":"microperforada para optimizar la transpiraci\u00f3n durante la carrera. Se seca r\u00e1pidamente. Cuenta con un peque\u00f1o bolsillo en la espalda","breadcrumb":{"@id":"https:\/\/www.miomiorun.com\/es\/producto\/t-shirt-thunder-hombre\/#breadcrumb"},"inLanguage":"es-ES","potentialAction":[{"@type":"ReadAction","target":["https:\/\/www.miomiorun.com\/es\/producto\/t-shirt-thunder-hombre\/"]}]},{"@type":"ImageObject","inLanguage":"es-ES","@id":"https:\/\/www.miomiorun.com\/es\/producto\/t-shirt-thunder-hombre\/#primaryimage","url":"https:\/\/www.miomiorun.com\/app\/uploads\/2025\/04\/crazy-Shirt-thunder-pine-tree-S25095127U-00X121.webp","contentUrl":"https:\/\/www.miomiorun.com\/app\/uploads\/2025\/04\/crazy-Shirt-thunder-pine-tree-S25095127U-00X121.webp","width":600,"height":600,"caption":"crazy Shirt thunder pine tree S25095127U-00X121"},{"@type":"BreadcrumbList","@id":"https:\/\/www.miomiorun.com\/es\/producto\/t-shirt-thunder-hombre\/#breadcrumb","itemListElement":[{"@type":"ListItem","position":1,"name":"Home","item":"https:\/\/www.miomiorun.com\/es\/"},{"@type":"ListItem","position":2,"name":"Shop","item":"https:\/\/www.miomiorun.com\/shop\/"},{"@type":"ListItem","position":3,"name":"T-shirt Thunder hombre"}]},{"@type":"WebSite","@id":"https:\/\/www.miomiorun.com\/es\/#website","url":"https:\/\/www.miomiorun.com\/es\/","name":"MioMioRun","description":"Tienda 100% running y trail","publisher":{"@id":"https:\/\/www.miomiorun.com\/es\/#organization"},"potentialAction":[{"@type":"SearchAction","target":{"@type":"EntryPoint","urlTemplate":"https:\/\/www.miomiorun.com\/es\/?s={search_term_string}"},"query-input":{"@type":"PropertyValueSpecification","valueRequired":true,"valueName":"search_term_string"}}],"inLanguage":"es-ES"},{"@type":"Organization","@id":"https:\/\/www.miomiorun.com\/es\/#organization","name":"MioMio Run","url":"https:\/\/www.miomiorun.com\/es\/","logo":{"@type":"ImageObject","inLanguage":"es-ES","@id":"https:\/\/www.miomiorun.com\/es\/#\/schema\/logo\/image\/","url":"https:\/\/www.miomiorun.com\/app\/uploads\/2019\/12\/logomio.png","contentUrl":"https:\/\/www.miomiorun.com\/app\/uploads\/2019\/12\/logomio.png","width":115,"height":82,"caption":"MioMio Run"},"image":{"@id":"https:\/\/www.miomiorun.com\/es\/#\/schema\/logo\/image\/"},"sameAs":["https:\/\/www.facebook.com\/miomiorun\/","https:\/\/www.instagram.com\/miomiorun\/"]}]}},"_links":{"self":[{"href":"https:\/\/www.miomiorun.com\/es\/wp-json\/wp\/v2\/product\/291109","targetHints":{"allow":["GET"]}}],"collection":[{"href":"https:\/\/www.miomiorun.com\/es\/wp-json\/wp\/v2\/product"}],"about":[{"href":"https:\/\/www.miomiorun.com\/es\/wp-json\/wp\/v2\/types\/product"}],"wp:featuredmedia":[{"embeddable":true,"href":"https:\/\/www.miomiorun.com\/es\/wp-json\/wp\/v2\/media\/306874"}],"wp:attachment":[{"href":"https:\/\/www.miomiorun.com\/es\/wp-json\/wp\/v2\/media?parent=291109"}],"wp:term":[{"taxonomy":"product_brand","embeddable":true,"href":"https:\/\/www.miomiorun.com\/es\/wp-json\/wp\/v2\/product_brand?post=291109"},{"taxonomy":"product_cat","embeddable":true,"href":"https:\/\/www.miomiorun.com\/es\/wp-json\/wp\/v2\/product_cat?post=291109"},{"taxonomy":"product_tag","embeddable":true,"href":"https:\/\/www.miomiorun.com\/es\/wp-json\/wp\/v2\/product_tag?post=291109"}],"curies":[{"name":"wp","href":"https:\/\/api.w.org\/{rel}","templated":true}]}}