{"id":291064,"date":"2024-04-03T17:01:49","date_gmt":"2024-04-03T15:01:49","guid":{"rendered":"https:\/\/miomiorun.com\/prodotto\/craft-cool-mesh-superlight-sl-donna\/"},"modified":"2026-05-07T15:56:08","modified_gmt":"2026-05-07T13:56:08","slug":"craft-cool-mesh-superlight-sl-mujer","status":"publish","type":"product","link":"https:\/\/www.miomiorun.com\/es\/producto\/craft-cool-mesh-superlight-sl-mujer\/","title":{"rendered":"Cool Mesh Superlight SL mujer"},"content":{"rendered":"<p>\u00bfEntrenas duro pero sientes que no rindes al m\u00e1ximo cuando llega el momento de correr y competir? Quiz\u00e1s te abrigas demasiado. La camiseta sin mangas Cool Mesh Superlight est\u00e1 confeccionada en malla funcional con grandes orificios que ofrece una ventilaci\u00f3n y una refrigeraci\u00f3n superiores, lo que te permite rendir al m\u00e1ximo incluso en condiciones de calor. Adem\u00e1s, esta prenda ultraligera cuenta con un dise\u00f1o ergon\u00f3mico en 3D que garantiza un ajuste perfecto y una libertad de movimiento \u00f3ptima. Una prenda ideal para llevar debajo del maillot de ciclismo y mejorar la refrigeraci\u00f3n y la evacuaci\u00f3n de la humedad.<\/p>\n<p>&#8211; Tejido 100 % malla superligera<br \/>\n&#8211; Extremadamente ligero<br \/>\n&#8211; Excelente evacuaci\u00f3n de la humedad y refrigeraci\u00f3n<br \/>\n&#8211; Dise\u00f1o ergon\u00f3mico en 3D<\/p>\n<h2>Materiales y lavado<\/h2>\n<p>95 % poli\u00e9ster reciclado, 5 % elastano<\/p>\n<p>Lavar a m\u00e1quina a 40 grados.<\/p>\n","protected":false},"excerpt":{"rendered":"<p>\u00bfEntrenas duro pero sientes que no rindes al m\u00e1ximo cuando llega el momento de correr y competir? Quiz\u00e1s te abrigas demasiado. La camiseta sin mangas Cool Mesh Superlight est\u00e1 confeccionada en malla funcional con grandes orificios que ofrece una ventilaci\u00f3n y una refrigeraci\u00f3n superiores, lo que te permite rendir al m\u00e1ximo incluso en condiciones de &hellip; <a href=\"https:\/\/www.miomiorun.com\/es\/producto\/craft-cool-mesh-superlight-sl-mujer\/\">Continued<\/a><\/p>\n","protected":false},"featured_media":246247,"template":"","meta":{"_acf_changed":false,"inline_featured_image":false},"product_brand":[],"product_cat":[24399,24401],"product_tag":[23553,23659],"class_list":{"0":"post-291064","1":"product","2":"type-product","3":"status-publish","4":"has-post-thumbnail","6":"product_cat-chalecos","7":"product_cat-ropa-de-mujer","8":"product_tag-craft-es","9":"product_tag-craft-mujer","10":"pa_attivita-caminar","11":"pa_attivita-fitness-es","12":"pa_attivita-outdoor-es","13":"pa_attivita-running-es","14":"pa_attivita-trail-es","15":"pa_colore-cool-mesh-superlight-sl-w-black-es","16":"pa_colore-cool-mesh-superlight-sl-w-twig-es","17":"pa_colore-cool-mesh-superlight-sl-w-white-es","18":"pa_marca-craft-es","19":"pa_sesso-mujer","20":"pa_size-extra-small-es","21":"pa_size-small-es","22":"pa_size-medium-es","23":"pa_size-large-es","25":"first","26":"instock","27":"sale","28":"taxable","29":"shipping-taxable","30":"purchasable","31":"product-type-variable","32":"wvs-archive-product-wrapper"},"acf":[],"yoast_head":"<!-- This site is optimized with the Yoast SEO plugin v26.8 - https:\/\/yoast.com\/product\/yoast-seo-wordpress\/ -->\n<title>Craft Cool Mesh Superlight SL mujer - ropa interior termica - MioMioRun.com<\/title>\n<meta name=\"description\" content=\"El Cool Mesh Superlight Sleeveless est\u00e1 confeccionado en una malla funcional con grandes orificios que ofrece una ventilaci\u00f3n y una refrigeraci\u00f3n superiores\" \/>\n<meta name=\"robots\" content=\"index, follow, max-snippet:-1, max-image-preview:large, max-video-preview:-1\" \/>\n<link rel=\"canonical\" href=\"https:\/\/www.miomiorun.com\/es\/producto\/craft-cool-mesh-superlight-sl-mujer\/\" \/>\n<meta property=\"og:locale\" content=\"es_ES\" \/>\n<meta property=\"og:type\" content=\"article\" \/>\n<meta property=\"og:title\" content=\"Craft Cool Mesh Superlight SL mujer - ropa interior termica - MioMioRun.com\" \/>\n<meta property=\"og:description\" content=\"El Cool Mesh Superlight Sleeveless est\u00e1 confeccionado en una malla funcional con grandes orificios que ofrece una ventilaci\u00f3n y una refrigeraci\u00f3n superiores\" \/>\n<meta property=\"og:url\" content=\"https:\/\/www.miomiorun.com\/es\/producto\/craft-cool-mesh-superlight-sl-mujer\/\" \/>\n<meta property=\"og:site_name\" content=\"MioMioRun\" \/>\n<meta property=\"article:publisher\" content=\"https:\/\/www.facebook.com\/miomiorun\/\" \/>\n<meta property=\"article:modified_time\" content=\"2026-05-07T13:56:08+00:00\" \/>\n<meta property=\"og:image\" content=\"https:\/\/www.miomiorun.com\/app\/uploads\/2024\/04\/craft-Cool-mesh-superlight-SL-W-twig-1903404-643000.webp\" \/>\n\t<meta property=\"og:image:width\" content=\"600\" \/>\n\t<meta property=\"og:image:height\" content=\"600\" \/>\n\t<meta property=\"og:image:type\" content=\"image\/webp\" \/>\n<meta name=\"twitter:card\" content=\"summary_large_image\" \/>\n<meta name=\"twitter:label1\" content=\"Est. reading time\" \/>\n\t<meta name=\"twitter:data1\" content=\"1 minute\" \/>\n<script type=\"application\/ld+json\" class=\"yoast-schema-graph\">{\"@context\":\"https:\/\/schema.org\",\"@graph\":[{\"@type\":\"WebPage\",\"@id\":\"https:\/\/www.miomiorun.com\/es\/producto\/craft-cool-mesh-superlight-sl-mujer\/\",\"url\":\"https:\/\/www.miomiorun.com\/es\/producto\/craft-cool-mesh-superlight-sl-mujer\/\",\"name\":\"Craft Cool Mesh Superlight SL mujer - ropa interior termica - MioMioRun.com\",\"isPartOf\":{\"@id\":\"https:\/\/www.miomiorun.com\/es\/#website\"},\"primaryImageOfPage\":{\"@id\":\"https:\/\/www.miomiorun.com\/es\/producto\/craft-cool-mesh-superlight-sl-mujer\/#primaryimage\"},\"image\":{\"@id\":\"https:\/\/www.miomiorun.com\/es\/producto\/craft-cool-mesh-superlight-sl-mujer\/#primaryimage\"},\"thumbnailUrl\":\"https:\/\/www.miomiorun.com\/app\/uploads\/2024\/04\/craft-Cool-mesh-superlight-SL-W-twig-1903404-643000.webp\",\"datePublished\":\"2024-04-03T15:01:49+00:00\",\"dateModified\":\"2026-05-07T13:56:08+00:00\",\"description\":\"El Cool Mesh Superlight Sleeveless est\u00e1 confeccionado en una malla funcional con grandes orificios que ofrece una ventilaci\u00f3n y una refrigeraci\u00f3n superiores\",\"breadcrumb\":{\"@id\":\"https:\/\/www.miomiorun.com\/es\/producto\/craft-cool-mesh-superlight-sl-mujer\/#breadcrumb\"},\"inLanguage\":\"es-ES\",\"potentialAction\":[{\"@type\":\"ReadAction\",\"target\":[\"https:\/\/www.miomiorun.com\/es\/producto\/craft-cool-mesh-superlight-sl-mujer\/\"]}]},{\"@type\":\"ImageObject\",\"inLanguage\":\"es-ES\",\"@id\":\"https:\/\/www.miomiorun.com\/es\/producto\/craft-cool-mesh-superlight-sl-mujer\/#primaryimage\",\"url\":\"https:\/\/www.miomiorun.com\/app\/uploads\/2024\/04\/craft-Cool-mesh-superlight-SL-W-twig-1903404-643000.webp\",\"contentUrl\":\"https:\/\/www.miomiorun.com\/app\/uploads\/2024\/04\/craft-Cool-mesh-superlight-SL-W-twig-1903404-643000.webp\",\"width\":600,\"height\":600,\"caption\":\"craft Cool mesh superlight SL W twig 1903404-643000\"},{\"@type\":\"BreadcrumbList\",\"@id\":\"https:\/\/www.miomiorun.com\/es\/producto\/craft-cool-mesh-superlight-sl-mujer\/#breadcrumb\",\"itemListElement\":[{\"@type\":\"ListItem\",\"position\":1,\"name\":\"Home\",\"item\":\"https:\/\/www.miomiorun.com\/es\/\"},{\"@type\":\"ListItem\",\"position\":2,\"name\":\"Shop\",\"item\":\"https:\/\/www.miomiorun.com\/shop\/\"},{\"@type\":\"ListItem\",\"position\":3,\"name\":\"Cool Mesh Superlight SL mujer\"}]},{\"@type\":\"WebSite\",\"@id\":\"https:\/\/www.miomiorun.com\/es\/#website\",\"url\":\"https:\/\/www.miomiorun.com\/es\/\",\"name\":\"MioMioRun\",\"description\":\"Tienda 100% running y trail\",\"publisher\":{\"@id\":\"https:\/\/www.miomiorun.com\/es\/#organization\"},\"potentialAction\":[{\"@type\":\"SearchAction\",\"target\":{\"@type\":\"EntryPoint\",\"urlTemplate\":\"https:\/\/www.miomiorun.com\/es\/?s={search_term_string}\"},\"query-input\":{\"@type\":\"PropertyValueSpecification\",\"valueRequired\":true,\"valueName\":\"search_term_string\"}}],\"inLanguage\":\"es-ES\"},{\"@type\":\"Organization\",\"@id\":\"https:\/\/www.miomiorun.com\/es\/#organization\",\"name\":\"MioMio Run\",\"url\":\"https:\/\/www.miomiorun.com\/es\/\",\"logo\":{\"@type\":\"ImageObject\",\"inLanguage\":\"es-ES\",\"@id\":\"https:\/\/www.miomiorun.com\/es\/#\/schema\/logo\/image\/\",\"url\":\"https:\/\/www.miomiorun.com\/app\/uploads\/2019\/12\/logomio.png\",\"contentUrl\":\"https:\/\/www.miomiorun.com\/app\/uploads\/2019\/12\/logomio.png\",\"width\":115,\"height\":82,\"caption\":\"MioMio Run\"},\"image\":{\"@id\":\"https:\/\/www.miomiorun.com\/es\/#\/schema\/logo\/image\/\"},\"sameAs\":[\"https:\/\/www.facebook.com\/miomiorun\/\",\"https:\/\/www.instagram.com\/miomiorun\/\"]}]}<\/script>\n<!-- \/ Yoast SEO plugin. -->","yoast_head_json":{"title":"Craft Cool Mesh Superlight SL mujer - ropa interior termica - MioMioRun.com","description":"El Cool Mesh Superlight Sleeveless est\u00e1 confeccionado en una malla funcional con grandes orificios que ofrece una ventilaci\u00f3n y una refrigeraci\u00f3n superiores","robots":{"index":"index","follow":"follow","max-snippet":"max-snippet:-1","max-image-preview":"max-image-preview:large","max-video-preview":"max-video-preview:-1"},"canonical":"https:\/\/www.miomiorun.com\/es\/producto\/craft-cool-mesh-superlight-sl-mujer\/","og_locale":"es_ES","og_type":"article","og_title":"Craft Cool Mesh Superlight SL mujer - ropa interior termica - MioMioRun.com","og_description":"El Cool Mesh Superlight Sleeveless est\u00e1 confeccionado en una malla funcional con grandes orificios que ofrece una ventilaci\u00f3n y una refrigeraci\u00f3n superiores","og_url":"https:\/\/www.miomiorun.com\/es\/producto\/craft-cool-mesh-superlight-sl-mujer\/","og_site_name":"MioMioRun","article_publisher":"https:\/\/www.facebook.com\/miomiorun\/","article_modified_time":"2026-05-07T13:56:08+00:00","og_image":[{"width":600,"height":600,"url":"https:\/\/www.miomiorun.com\/app\/uploads\/2024\/04\/craft-Cool-mesh-superlight-SL-W-twig-1903404-643000.webp","type":"image\/webp"}],"twitter_card":"summary_large_image","twitter_misc":{"Est. reading time":"1 minute"},"schema":{"@context":"https:\/\/schema.org","@graph":[{"@type":"WebPage","@id":"https:\/\/www.miomiorun.com\/es\/producto\/craft-cool-mesh-superlight-sl-mujer\/","url":"https:\/\/www.miomiorun.com\/es\/producto\/craft-cool-mesh-superlight-sl-mujer\/","name":"Craft Cool Mesh Superlight SL mujer - ropa interior termica - MioMioRun.com","isPartOf":{"@id":"https:\/\/www.miomiorun.com\/es\/#website"},"primaryImageOfPage":{"@id":"https:\/\/www.miomiorun.com\/es\/producto\/craft-cool-mesh-superlight-sl-mujer\/#primaryimage"},"image":{"@id":"https:\/\/www.miomiorun.com\/es\/producto\/craft-cool-mesh-superlight-sl-mujer\/#primaryimage"},"thumbnailUrl":"https:\/\/www.miomiorun.com\/app\/uploads\/2024\/04\/craft-Cool-mesh-superlight-SL-W-twig-1903404-643000.webp","datePublished":"2024-04-03T15:01:49+00:00","dateModified":"2026-05-07T13:56:08+00:00","description":"El Cool Mesh Superlight Sleeveless est\u00e1 confeccionado en una malla funcional con grandes orificios que ofrece una ventilaci\u00f3n y una refrigeraci\u00f3n superiores","breadcrumb":{"@id":"https:\/\/www.miomiorun.com\/es\/producto\/craft-cool-mesh-superlight-sl-mujer\/#breadcrumb"},"inLanguage":"es-ES","potentialAction":[{"@type":"ReadAction","target":["https:\/\/www.miomiorun.com\/es\/producto\/craft-cool-mesh-superlight-sl-mujer\/"]}]},{"@type":"ImageObject","inLanguage":"es-ES","@id":"https:\/\/www.miomiorun.com\/es\/producto\/craft-cool-mesh-superlight-sl-mujer\/#primaryimage","url":"https:\/\/www.miomiorun.com\/app\/uploads\/2024\/04\/craft-Cool-mesh-superlight-SL-W-twig-1903404-643000.webp","contentUrl":"https:\/\/www.miomiorun.com\/app\/uploads\/2024\/04\/craft-Cool-mesh-superlight-SL-W-twig-1903404-643000.webp","width":600,"height":600,"caption":"craft Cool mesh superlight SL W twig 1903404-643000"},{"@type":"BreadcrumbList","@id":"https:\/\/www.miomiorun.com\/es\/producto\/craft-cool-mesh-superlight-sl-mujer\/#breadcrumb","itemListElement":[{"@type":"ListItem","position":1,"name":"Home","item":"https:\/\/www.miomiorun.com\/es\/"},{"@type":"ListItem","position":2,"name":"Shop","item":"https:\/\/www.miomiorun.com\/shop\/"},{"@type":"ListItem","position":3,"name":"Cool Mesh Superlight SL mujer"}]},{"@type":"WebSite","@id":"https:\/\/www.miomiorun.com\/es\/#website","url":"https:\/\/www.miomiorun.com\/es\/","name":"MioMioRun","description":"Tienda 100% running y trail","publisher":{"@id":"https:\/\/www.miomiorun.com\/es\/#organization"},"potentialAction":[{"@type":"SearchAction","target":{"@type":"EntryPoint","urlTemplate":"https:\/\/www.miomiorun.com\/es\/?s={search_term_string}"},"query-input":{"@type":"PropertyValueSpecification","valueRequired":true,"valueName":"search_term_string"}}],"inLanguage":"es-ES"},{"@type":"Organization","@id":"https:\/\/www.miomiorun.com\/es\/#organization","name":"MioMio Run","url":"https:\/\/www.miomiorun.com\/es\/","logo":{"@type":"ImageObject","inLanguage":"es-ES","@id":"https:\/\/www.miomiorun.com\/es\/#\/schema\/logo\/image\/","url":"https:\/\/www.miomiorun.com\/app\/uploads\/2019\/12\/logomio.png","contentUrl":"https:\/\/www.miomiorun.com\/app\/uploads\/2019\/12\/logomio.png","width":115,"height":82,"caption":"MioMio Run"},"image":{"@id":"https:\/\/www.miomiorun.com\/es\/#\/schema\/logo\/image\/"},"sameAs":["https:\/\/www.facebook.com\/miomiorun\/","https:\/\/www.instagram.com\/miomiorun\/"]}]}},"_links":{"self":[{"href":"https:\/\/www.miomiorun.com\/es\/wp-json\/wp\/v2\/product\/291064","targetHints":{"allow":["GET"]}}],"collection":[{"href":"https:\/\/www.miomiorun.com\/es\/wp-json\/wp\/v2\/product"}],"about":[{"href":"https:\/\/www.miomiorun.com\/es\/wp-json\/wp\/v2\/types\/product"}],"wp:featuredmedia":[{"embeddable":true,"href":"https:\/\/www.miomiorun.com\/es\/wp-json\/wp\/v2\/media\/246247"}],"wp:attachment":[{"href":"https:\/\/www.miomiorun.com\/es\/wp-json\/wp\/v2\/media?parent=291064"}],"wp:term":[{"taxonomy":"product_brand","embeddable":true,"href":"https:\/\/www.miomiorun.com\/es\/wp-json\/wp\/v2\/product_brand?post=291064"},{"taxonomy":"product_cat","embeddable":true,"href":"https:\/\/www.miomiorun.com\/es\/wp-json\/wp\/v2\/product_cat?post=291064"},{"taxonomy":"product_tag","embeddable":true,"href":"https:\/\/www.miomiorun.com\/es\/wp-json\/wp\/v2\/product_tag?post=291064"}],"curies":[{"name":"wp","href":"https:\/\/api.w.org\/{rel}","templated":true}]}}