{"id":290994,"date":"2024-04-04T10:42:15","date_gmt":"2024-04-04T08:42:15","guid":{"rendered":"https:\/\/miomiorun.com\/prodotto\/adv-essence-singlet-donna\/"},"modified":"2026-05-08T22:02:49","modified_gmt":"2026-05-08T20:02:49","slug":"adv-essence-singlet-mujer","status":"publish","type":"product","link":"https:\/\/www.miomiorun.com\/es\/producto\/adv-essence-singlet-mujer\/","title":{"rendered":"ADV Essence singlet mujer"},"content":{"rendered":"<p>La camiseta sin mangas ADV Essence es una prenda suave y funcional confeccionada en poli\u00e9ster reciclado con una excelente evacuaci\u00f3n de la humedad, ideal para el entrenamiento diario. Adem\u00e1s, esta camiseta de entrenamiento avanzada cuenta con un dise\u00f1o escotado en la espalda que garantiza una comodidad y una libertad de movimiento \u00f3ptimas.<\/p>\n<p><strong>Caracter\u00edsticas:<\/strong><\/p>\n<div class=\"Accordion__AccordionContent-sc-9wckgl-3 ihrqnG\">\n<div>\n<ul>\n<li class=\"Text-sc-s31epd-0 iovWTc d-inline f3-700 mr-1\">Materiales: Tejido: 95 % poli\u00e9ster reciclado, 5 % elastano. Malla: 100 % poli\u00e9ster reciclado<\/li>\n<li class=\"Text-sc-s31epd-0 iovWTc d-inline f3-700 mr-1\">Escote: Redondo<\/li>\n<li>Manga: Sin mangas<\/li>\n<li>Poli\u00e9ster reciclado<\/li>\n<li>Detalles de malla para una mejor ventilaci\u00f3n<\/li>\n<li>Dise\u00f1o escotado en la espalda<\/li>\n<li>Bajo redondeado<\/li>\n<li>Corte recto<\/li>\n<\/ul>\n<\/div>\n<\/div>\n<p>&nbsp;<\/p>\n<p><img loading=\"lazy\" decoding=\"async\" class=\"css-1w257c5\" title=\"MoistureTransport\" src=\"https:\/\/www.craftsportswear.com\/static\/media\/moisture_transport.27f437d8.svg?q=70&amp;fit=clip&amp;w=72&amp;fm=jpg&amp;auto=format\" alt=\"MoistureTransport\" width=\"87\" height=\"87\"><\/p>\n<p>Transporte de la humedad.<\/p>\n<p><img loading=\"lazy\" decoding=\"async\" class=\"css-1w257c5\" title=\"Stretch\" src=\"https:\/\/www.craftsportswear.com\/static\/media\/stretch.b10adc40.svg?q=70&amp;fit=clip&amp;w=72&amp;fm=jpg&amp;auto=format\" alt=\"Stretch\" width=\"85\" height=\"85\"><\/p>\n<p>Tejido el\u00e1stico.<\/p>\n<p>&nbsp;<\/p>\n","protected":false},"excerpt":{"rendered":"<p>La camiseta sin mangas ADV Essence es una prenda suave y funcional confeccionada en poli\u00e9ster reciclado con una excelente evacuaci\u00f3n de la humedad, ideal para el entrenamiento diario. Adem\u00e1s, esta camiseta de entrenamiento avanzada cuenta con un dise\u00f1o escotado en la espalda que garantiza una comodidad y una libertad de movimiento \u00f3ptimas. Caracter\u00edsticas: Materiales: Tejido: &hellip; <a href=\"https:\/\/www.miomiorun.com\/es\/producto\/adv-essence-singlet-mujer\/\">Continued<\/a><\/p>\n","protected":false},"featured_media":246267,"template":"","meta":{"_acf_changed":false,"inline_featured_image":false},"product_brand":[],"product_cat":[24421,24420],"product_tag":[23553,23659],"class_list":{"0":"post-290994","1":"product","2":"type-product","3":"status-publish","4":"has-post-thumbnail","6":"product_cat-chalecos-es","7":"product_cat-ropa-de-mujer-es","8":"product_tag-craft-es","9":"product_tag-craft-mujer","10":"pa_attivita-caminar","11":"pa_attivita-fitness-es","12":"pa_attivita-running-es","13":"pa_colore-adv-essence-singlet-w-crush-es","14":"pa_colore-adv-essence-singlet-w-fuchsia-es","15":"pa_colore-adv-essence-singlet-w-jump-es","16":"pa_colore-adv-essence-singlet-w-white-es","17":"pa_marca-craft-es","18":"pa_sesso-mujer","19":"pa_size-extra-small-es","20":"pa_size-small-es","21":"pa_size-medium-es","22":"pa_size-large-es","24":"first","25":"instock","26":"sale","27":"taxable","28":"shipping-taxable","29":"purchasable","30":"product-type-variable","31":"wvs-archive-product-wrapper"},"acf":[],"yoast_head":"<!-- This site is optimized with the Yoast SEO plugin v26.8 - https:\/\/yoast.com\/product\/yoast-seo-wordpress\/ -->\n<title>Craft ADV Essence singlet mujer - camisetas correr - MioMioRun.com<\/title>\n<meta name=\"description\" content=\"Saca a relucir tu feminidad con la camiseta sin mangas ADV Essence, perfecta para cualquier ocasi\u00f3n. Descubre la comodidad\" \/>\n<meta name=\"robots\" content=\"index, follow, max-snippet:-1, max-image-preview:large, max-video-preview:-1\" \/>\n<link rel=\"canonical\" href=\"https:\/\/www.miomiorun.com\/es\/producto\/adv-essence-singlet-mujer\/\" \/>\n<meta property=\"og:locale\" content=\"es_ES\" \/>\n<meta property=\"og:type\" content=\"article\" \/>\n<meta property=\"og:title\" content=\"Craft ADV Essence singlet mujer - camisetas correr - MioMioRun.com\" \/>\n<meta property=\"og:description\" content=\"Saca a relucir tu feminidad con la camiseta sin mangas ADV Essence, perfecta para cualquier ocasi\u00f3n. Descubre la comodidad\" \/>\n<meta property=\"og:url\" content=\"https:\/\/www.miomiorun.com\/es\/producto\/adv-essence-singlet-mujer\/\" \/>\n<meta property=\"og:site_name\" content=\"MioMioRun\" \/>\n<meta property=\"article:publisher\" content=\"https:\/\/www.facebook.com\/miomiorun\/\" \/>\n<meta property=\"article:modified_time\" content=\"2026-05-08T20:02:49+00:00\" \/>\n<meta property=\"og:image\" content=\"https:\/\/www.miomiorun.com\/app\/uploads\/2024\/04\/craft-ADV-essence-singlet-W-jump-1908770-359000.webp\" \/>\n\t<meta property=\"og:image:width\" content=\"600\" \/>\n\t<meta property=\"og:image:height\" content=\"600\" \/>\n\t<meta property=\"og:image:type\" content=\"image\/webp\" \/>\n<meta name=\"twitter:card\" content=\"summary_large_image\" \/>\n<meta name=\"twitter:label1\" content=\"Est. reading time\" \/>\n\t<meta name=\"twitter:data1\" content=\"1 minute\" \/>\n<script type=\"application\/ld+json\" class=\"yoast-schema-graph\">{\"@context\":\"https:\/\/schema.org\",\"@graph\":[{\"@type\":\"WebPage\",\"@id\":\"https:\/\/www.miomiorun.com\/es\/producto\/adv-essence-singlet-mujer\/\",\"url\":\"https:\/\/www.miomiorun.com\/es\/producto\/adv-essence-singlet-mujer\/\",\"name\":\"Craft ADV Essence singlet mujer - camisetas correr - MioMioRun.com\",\"isPartOf\":{\"@id\":\"https:\/\/www.miomiorun.com\/es\/#website\"},\"primaryImageOfPage\":{\"@id\":\"https:\/\/www.miomiorun.com\/es\/producto\/adv-essence-singlet-mujer\/#primaryimage\"},\"image\":{\"@id\":\"https:\/\/www.miomiorun.com\/es\/producto\/adv-essence-singlet-mujer\/#primaryimage\"},\"thumbnailUrl\":\"https:\/\/www.miomiorun.com\/app\/uploads\/2024\/04\/craft-ADV-essence-singlet-W-jump-1908770-359000.webp\",\"datePublished\":\"2024-04-04T08:42:15+00:00\",\"dateModified\":\"2026-05-08T20:02:49+00:00\",\"description\":\"Saca a relucir tu feminidad con la camiseta sin mangas ADV Essence, perfecta para cualquier ocasi\u00f3n. Descubre la comodidad\",\"breadcrumb\":{\"@id\":\"https:\/\/www.miomiorun.com\/es\/producto\/adv-essence-singlet-mujer\/#breadcrumb\"},\"inLanguage\":\"es-ES\",\"potentialAction\":[{\"@type\":\"ReadAction\",\"target\":[\"https:\/\/www.miomiorun.com\/es\/producto\/adv-essence-singlet-mujer\/\"]}]},{\"@type\":\"ImageObject\",\"inLanguage\":\"es-ES\",\"@id\":\"https:\/\/www.miomiorun.com\/es\/producto\/adv-essence-singlet-mujer\/#primaryimage\",\"url\":\"https:\/\/www.miomiorun.com\/app\/uploads\/2024\/04\/craft-ADV-essence-singlet-W-jump-1908770-359000.webp\",\"contentUrl\":\"https:\/\/www.miomiorun.com\/app\/uploads\/2024\/04\/craft-ADV-essence-singlet-W-jump-1908770-359000.webp\",\"width\":600,\"height\":600,\"caption\":\"craft ADV essence singlet W jump 1908770-359000\"},{\"@type\":\"BreadcrumbList\",\"@id\":\"https:\/\/www.miomiorun.com\/es\/producto\/adv-essence-singlet-mujer\/#breadcrumb\",\"itemListElement\":[{\"@type\":\"ListItem\",\"position\":1,\"name\":\"Home\",\"item\":\"https:\/\/www.miomiorun.com\/es\/\"},{\"@type\":\"ListItem\",\"position\":2,\"name\":\"Shop\",\"item\":\"https:\/\/www.miomiorun.com\/shop\/\"},{\"@type\":\"ListItem\",\"position\":3,\"name\":\"ADV Essence singlet mujer\"}]},{\"@type\":\"WebSite\",\"@id\":\"https:\/\/www.miomiorun.com\/es\/#website\",\"url\":\"https:\/\/www.miomiorun.com\/es\/\",\"name\":\"MioMioRun\",\"description\":\"Tienda 100% running y trail\",\"publisher\":{\"@id\":\"https:\/\/www.miomiorun.com\/es\/#organization\"},\"potentialAction\":[{\"@type\":\"SearchAction\",\"target\":{\"@type\":\"EntryPoint\",\"urlTemplate\":\"https:\/\/www.miomiorun.com\/es\/?s={search_term_string}\"},\"query-input\":{\"@type\":\"PropertyValueSpecification\",\"valueRequired\":true,\"valueName\":\"search_term_string\"}}],\"inLanguage\":\"es-ES\"},{\"@type\":\"Organization\",\"@id\":\"https:\/\/www.miomiorun.com\/es\/#organization\",\"name\":\"MioMio Run\",\"url\":\"https:\/\/www.miomiorun.com\/es\/\",\"logo\":{\"@type\":\"ImageObject\",\"inLanguage\":\"es-ES\",\"@id\":\"https:\/\/www.miomiorun.com\/es\/#\/schema\/logo\/image\/\",\"url\":\"https:\/\/www.miomiorun.com\/app\/uploads\/2019\/12\/logomio.png\",\"contentUrl\":\"https:\/\/www.miomiorun.com\/app\/uploads\/2019\/12\/logomio.png\",\"width\":115,\"height\":82,\"caption\":\"MioMio Run\"},\"image\":{\"@id\":\"https:\/\/www.miomiorun.com\/es\/#\/schema\/logo\/image\/\"},\"sameAs\":[\"https:\/\/www.facebook.com\/miomiorun\/\",\"https:\/\/www.instagram.com\/miomiorun\/\"]}]}<\/script>\n<!-- \/ Yoast SEO plugin. -->","yoast_head_json":{"title":"Craft ADV Essence singlet mujer - camisetas correr - MioMioRun.com","description":"Saca a relucir tu feminidad con la camiseta sin mangas ADV Essence, perfecta para cualquier ocasi\u00f3n. Descubre la comodidad","robots":{"index":"index","follow":"follow","max-snippet":"max-snippet:-1","max-image-preview":"max-image-preview:large","max-video-preview":"max-video-preview:-1"},"canonical":"https:\/\/www.miomiorun.com\/es\/producto\/adv-essence-singlet-mujer\/","og_locale":"es_ES","og_type":"article","og_title":"Craft ADV Essence singlet mujer - camisetas correr - MioMioRun.com","og_description":"Saca a relucir tu feminidad con la camiseta sin mangas ADV Essence, perfecta para cualquier ocasi\u00f3n. Descubre la comodidad","og_url":"https:\/\/www.miomiorun.com\/es\/producto\/adv-essence-singlet-mujer\/","og_site_name":"MioMioRun","article_publisher":"https:\/\/www.facebook.com\/miomiorun\/","article_modified_time":"2026-05-08T20:02:49+00:00","og_image":[{"width":600,"height":600,"url":"https:\/\/www.miomiorun.com\/app\/uploads\/2024\/04\/craft-ADV-essence-singlet-W-jump-1908770-359000.webp","type":"image\/webp"}],"twitter_card":"summary_large_image","twitter_misc":{"Est. reading time":"1 minute"},"schema":{"@context":"https:\/\/schema.org","@graph":[{"@type":"WebPage","@id":"https:\/\/www.miomiorun.com\/es\/producto\/adv-essence-singlet-mujer\/","url":"https:\/\/www.miomiorun.com\/es\/producto\/adv-essence-singlet-mujer\/","name":"Craft ADV Essence singlet mujer - camisetas correr - MioMioRun.com","isPartOf":{"@id":"https:\/\/www.miomiorun.com\/es\/#website"},"primaryImageOfPage":{"@id":"https:\/\/www.miomiorun.com\/es\/producto\/adv-essence-singlet-mujer\/#primaryimage"},"image":{"@id":"https:\/\/www.miomiorun.com\/es\/producto\/adv-essence-singlet-mujer\/#primaryimage"},"thumbnailUrl":"https:\/\/www.miomiorun.com\/app\/uploads\/2024\/04\/craft-ADV-essence-singlet-W-jump-1908770-359000.webp","datePublished":"2024-04-04T08:42:15+00:00","dateModified":"2026-05-08T20:02:49+00:00","description":"Saca a relucir tu feminidad con la camiseta sin mangas ADV Essence, perfecta para cualquier ocasi\u00f3n. Descubre la comodidad","breadcrumb":{"@id":"https:\/\/www.miomiorun.com\/es\/producto\/adv-essence-singlet-mujer\/#breadcrumb"},"inLanguage":"es-ES","potentialAction":[{"@type":"ReadAction","target":["https:\/\/www.miomiorun.com\/es\/producto\/adv-essence-singlet-mujer\/"]}]},{"@type":"ImageObject","inLanguage":"es-ES","@id":"https:\/\/www.miomiorun.com\/es\/producto\/adv-essence-singlet-mujer\/#primaryimage","url":"https:\/\/www.miomiorun.com\/app\/uploads\/2024\/04\/craft-ADV-essence-singlet-W-jump-1908770-359000.webp","contentUrl":"https:\/\/www.miomiorun.com\/app\/uploads\/2024\/04\/craft-ADV-essence-singlet-W-jump-1908770-359000.webp","width":600,"height":600,"caption":"craft ADV essence singlet W jump 1908770-359000"},{"@type":"BreadcrumbList","@id":"https:\/\/www.miomiorun.com\/es\/producto\/adv-essence-singlet-mujer\/#breadcrumb","itemListElement":[{"@type":"ListItem","position":1,"name":"Home","item":"https:\/\/www.miomiorun.com\/es\/"},{"@type":"ListItem","position":2,"name":"Shop","item":"https:\/\/www.miomiorun.com\/shop\/"},{"@type":"ListItem","position":3,"name":"ADV Essence singlet mujer"}]},{"@type":"WebSite","@id":"https:\/\/www.miomiorun.com\/es\/#website","url":"https:\/\/www.miomiorun.com\/es\/","name":"MioMioRun","description":"Tienda 100% running y trail","publisher":{"@id":"https:\/\/www.miomiorun.com\/es\/#organization"},"potentialAction":[{"@type":"SearchAction","target":{"@type":"EntryPoint","urlTemplate":"https:\/\/www.miomiorun.com\/es\/?s={search_term_string}"},"query-input":{"@type":"PropertyValueSpecification","valueRequired":true,"valueName":"search_term_string"}}],"inLanguage":"es-ES"},{"@type":"Organization","@id":"https:\/\/www.miomiorun.com\/es\/#organization","name":"MioMio Run","url":"https:\/\/www.miomiorun.com\/es\/","logo":{"@type":"ImageObject","inLanguage":"es-ES","@id":"https:\/\/www.miomiorun.com\/es\/#\/schema\/logo\/image\/","url":"https:\/\/www.miomiorun.com\/app\/uploads\/2019\/12\/logomio.png","contentUrl":"https:\/\/www.miomiorun.com\/app\/uploads\/2019\/12\/logomio.png","width":115,"height":82,"caption":"MioMio Run"},"image":{"@id":"https:\/\/www.miomiorun.com\/es\/#\/schema\/logo\/image\/"},"sameAs":["https:\/\/www.facebook.com\/miomiorun\/","https:\/\/www.instagram.com\/miomiorun\/"]}]}},"_links":{"self":[{"href":"https:\/\/www.miomiorun.com\/es\/wp-json\/wp\/v2\/product\/290994","targetHints":{"allow":["GET"]}}],"collection":[{"href":"https:\/\/www.miomiorun.com\/es\/wp-json\/wp\/v2\/product"}],"about":[{"href":"https:\/\/www.miomiorun.com\/es\/wp-json\/wp\/v2\/types\/product"}],"wp:featuredmedia":[{"embeddable":true,"href":"https:\/\/www.miomiorun.com\/es\/wp-json\/wp\/v2\/media\/246267"}],"wp:attachment":[{"href":"https:\/\/www.miomiorun.com\/es\/wp-json\/wp\/v2\/media?parent=290994"}],"wp:term":[{"taxonomy":"product_brand","embeddable":true,"href":"https:\/\/www.miomiorun.com\/es\/wp-json\/wp\/v2\/product_brand?post=290994"},{"taxonomy":"product_cat","embeddable":true,"href":"https:\/\/www.miomiorun.com\/es\/wp-json\/wp\/v2\/product_cat?post=290994"},{"taxonomy":"product_tag","embeddable":true,"href":"https:\/\/www.miomiorun.com\/es\/wp-json\/wp\/v2\/product_tag?post=290994"}],"curies":[{"name":"wp","href":"https:\/\/api.w.org\/{rel}","templated":true}]}}